{"id":8828,"date":"2025-08-01T11:32:46","date_gmt":"2025-08-01T11:32:46","guid":{"rendered":"https:\/\/arben-vision.com\/?post_type=product&#038;p=8828"},"modified":"2025-08-01T11:33:00","modified_gmt":"2025-08-01T11:33:00","slug":"500x500-n-die-cast-aluminum-cabinet-indoor-cabinet","status":"publish","type":"product","link":"https:\/\/arben-vision.com\/pt\/produto\/500x500-n-die-cast-aluminum-cabinet-indoor-cabinet\/","title":{"rendered":"500X500-N Arm\u00e1rio interior em alum\u00ednio fundido sob press\u00e3o"},"content":{"rendered":"<p><img decoding=\"async\" class=\"alignnone size-full wp-image-8830\" src=\"https:\/\/arben-vision.com\/wp-content\/uploads\/2025\/08\/wechat_2025-08-01_192928_639.png\" alt=\"\" width=\"182\" height=\"206\" srcset=\"https:\/\/arben-vision.com\/wp-content\/uploads\/2025\/08\/wechat_2025-08-01_192928_639.png 182w, https:\/\/arben-vision.com\/wp-content\/uploads\/2025\/08\/wechat_2025-08-01_192928_639-11x12.png 11w\" sizes=\"(max-width: 182px) 100vw, 182px\" \/><\/p>\n<p><strong>Par\u00e2metro t\u00e9cnico<\/strong><\/p>\n<table style=\"border-collapse: collapse; width: 778px; height: 780px;\" border=\"0\" width=\"654\" cellspacing=\"0\" cellpadding=\"0\">\n<tbody>\n<tr style=\"height: 34.50pt;\">\n<td class=\"et2\" style=\"height: 34.50pt; width: 163.50pt;\" width=\"218\" height=\"46\">Especifica\u00e7\u00e3o<\/td>\n<td class=\"et3\" style=\"width: 163.50pt;\" width=\"218\">500X500-N Arm\u00e1rio interior em alum\u00ednio fundido sob press\u00e3o<\/td>\n<td class=\"et3\" style=\"width: 163.50pt;\" width=\"218\">500X500-N Arm\u00e1rio de interior \u00b130\u00b0<\/td>\n<\/tr>\n<tr style=\"height: 34.50pt;\">\n<td class=\"et4\" style=\"height: 34.50pt; width: 163.50pt;\" width=\"218\" height=\"46\">Nome do produto<\/td>\n<td class=\"et4\" style=\"width: 163.50pt;\" width=\"218\">500X500-N Arm\u00e1rio interior em alum\u00ednio fundido sob press\u00e3o<\/td>\n<td class=\"et4\" style=\"width: 163.50pt;\" width=\"218\">500X500-N Arm\u00e1rio de interior \u00b130\u00b0<\/td>\n<\/tr>\n<tr style=\"height: 34.50pt;\">\n<td class=\"et4\" style=\"height: 34.50pt; width: 163.50pt;\" width=\"218\" height=\"46\">Especifica\u00e7\u00e3o do m\u00f3dulo<\/td>\n<td class=\"et4\" style=\"width: 163.50pt;\" width=\"218\">125mm\u00d7500mm P3.91\/P4.81\/P2.976\/P2.604<\/td>\n<td class=\"et4\" style=\"width: 163.50pt;\" width=\"218\">125mm\u00d7500mm P3.91\/P4.81\/P2.976\/P2.604<\/td>\n<\/tr>\n<tr style=\"height: 17.25pt;\">\n<td class=\"et4\" style=\"height: 17.25pt; width: 163.50pt;\" width=\"218\" height=\"23\">Tamanho do arm\u00e1rio<\/td>\n<td class=\"et4\" style=\"width: 163.50pt;\" width=\"218\">500mm\u00d7500mm\u00d771,5mm<\/td>\n<td class=\"et4\" style=\"width: 163.50pt;\" width=\"218\">500mm\u00d7500mm\u00d771,5mm<\/td>\n<\/tr>\n<tr style=\"height: 17.25pt;\">\n<td class=\"et4\" style=\"height: 17.25pt; width: 163.50pt;\" width=\"218\" height=\"23\">Peso<\/td>\n<td class=\"et4\" style=\"width: 163.50pt;\" width=\"218\">2.5KG<\/td>\n<td class=\"et4\" style=\"width: 163.50pt;\" width=\"218\">2.5KG<\/td>\n<\/tr>\n<tr style=\"height: 17.25pt;\">\n<td class=\"et4\" style=\"height: 17.25pt; width: 163.50pt;\" width=\"218\" height=\"23\">Instala\u00e7\u00e3o<\/td>\n<td class=\"et4\" style=\"width: 163.50pt;\" width=\"218\">Eleva\u00e7\u00e3o e instala\u00e7\u00e3o fixa<\/td>\n<td class=\"et4\" style=\"width: 163.50pt;\" width=\"218\">Eleva\u00e7\u00e3o e instala\u00e7\u00e3o fixa<\/td>\n<\/tr>\n<tr style=\"height: 17.25pt;\">\n<td class=\"et4\" style=\"height: 17.25pt; width: 163.50pt;\" width=\"218\" height=\"23\">M\u00f3dulos por arm\u00e1rio<\/td>\n<td class=\"et4\" style=\"width: 163.50pt;\" width=\"218\">Quatro m\u00f3dulos por arm\u00e1rio<\/td>\n<td class=\"et4\" style=\"width: 163.50pt;\" width=\"218\">Quatro m\u00f3dulos por arm\u00e1rio<\/td>\n<\/tr>\n<tr style=\"height: 17.25pt;\">\n<td class=\"et4\" style=\"height: 17.25pt; width: 163.50pt;\" width=\"218\" height=\"23\">Ambiente<\/td>\n<td class=\"et4\" style=\"width: 163.50pt;\" width=\"218\">Interior (IP30)<\/td>\n<td class=\"et4\" style=\"width: 163.50pt;\" width=\"218\">Interior (IP30)<\/td>\n<\/tr>\n<tr style=\"height: 103.50pt;\">\n<td class=\"et4\" style=\"height: 103.50pt; width: 163.50pt;\" width=\"218\" height=\"138\">Acess\u00f3rios standard<\/td>\n<td class=\"et4\" style=\"width: 163.50pt;\" width=\"218\">2 PE\u00c7AS: Pinos de localiza\u00e7\u00e3o, 1PCS: Pega, 1PCS: Placa de porta, 2 unidades: Ma\u00e7anetas, 2 unidades: Fechaduras r\u00e1pidas, 4 unidades: Fechos curvos, 1unidade: Conector de placa plana<\/td>\n<td class=\"et4\" style=\"width: 163.50pt;\" width=\"218\">2 PE\u00c7AS: Pinos de localiza\u00e7\u00e3o, 1PCS: Pega,2PCS: Faixa de alimenta\u00e7\u00e3o, 2 unidades: Fechos r\u00e1pidos, 4 unidades: Fechos curvos, 1unidade: Conector de placa plana<\/td>\n<\/tr>\n<\/tbody>\n<\/table>","protected":false},"excerpt":{"rendered":"<p>O arm\u00e1rio interior em alum\u00ednio fundido 500X500-N, com as dimens\u00f5es de 500\u00d7500\u00d771,5 mm e um peso de 2,5 kg, adapta-se a m\u00f3dulos de 4\u00d7125 mm\u00d7500 mm (P2.604-P4.81). Com prote\u00e7\u00e3o IP30, suporta instala\u00e7\u00e3o fixa\/elevada. Os acess\u00f3rios padr\u00e3o incluem pinos de localiza\u00e7\u00e3o, pegas, fechos r\u00e1pidos e fechos curvos. A variante de \u00b130\u00b0 permite configura\u00e7\u00f5es angulares flex\u00edveis, ideais para sistemas de visualiza\u00e7\u00e3o interiores que requerem uma montagem segura e ajust\u00e1vel.<\/p>","protected":false},"featured_media":8829,"template":"","meta":[],"product_brand":[],"product_cat":[15],"product_tag":[],"class_list":{"0":"post-8828","1":"product","2":"type-product","3":"status-publish","4":"has-post-thumbnail","6":"product_cat-other","8":"first","9":"instock","10":"shipping-taxable","11":"product-type-simple"},"_links":{"self":[{"href":"https:\/\/arben-vision.com\/pt\/wp-json\/wp\/v2\/product\/8828","targetHints":{"allow":["GET"]}}],"collection":[{"href":"https:\/\/arben-vision.com\/pt\/wp-json\/wp\/v2\/product"}],"about":[{"href":"https:\/\/arben-vision.com\/pt\/wp-json\/wp\/v2\/types\/product"}],"version-history":[{"count":2,"href":"https:\/\/arben-vision.com\/pt\/wp-json\/wp\/v2\/product\/8828\/revisions"}],"predecessor-version":[{"id":8832,"href":"https:\/\/arben-vision.com\/pt\/wp-json\/wp\/v2\/product\/8828\/revisions\/8832"}],"wp:featuredmedia":[{"embeddable":true,"href":"https:\/\/arben-vision.com\/pt\/wp-json\/wp\/v2\/media\/8829"}],"wp:attachment":[{"href":"https:\/\/arben-vision.com\/pt\/wp-json\/wp\/v2\/media?parent=8828"}],"wp:term":[{"taxonomy":"product_brand","embeddable":true,"href":"https:\/\/arben-vision.com\/pt\/wp-json\/wp\/v2\/product_brand?post=8828"},{"taxonomy":"product_cat","embeddable":true,"href":"https:\/\/arben-vision.com\/pt\/wp-json\/wp\/v2\/product_cat?post=8828"},{"taxonomy":"product_tag","embeddable":true,"href":"https:\/\/arben-vision.com\/pt\/wp-json\/wp\/v2\/product_tag?post=8828"}],"curies":[{"name":"wp","href":"https:\/\/api.w.org\/{rel}","templated":true}]}}