{"id":8824,"date":"2025-08-01T11:27:40","date_gmt":"2025-08-01T11:27:40","guid":{"rendered":"https:\/\/arben-vision.com\/?post_type=product&#038;p=8824"},"modified":"2025-08-01T11:27:40","modified_gmt":"2025-08-01T11:27:40","slug":"500x500-1-die-cast-aluminum-cabinet-indoor-and-outdoor-cabinet-flat-curved","status":"publish","type":"product","link":"https:\/\/arben-vision.com\/pt\/produto\/500x500-1-die-cast-aluminum-cabinet-indoor-and-outdoor-cabinet-flat-curved\/","title":{"rendered":"Arm\u00e1rio de alum\u00ednio fundido sob press\u00e3o 500\u00d7500-1: Arm\u00e1rio para interior e exterior (plano\/curvo)"},"content":{"rendered":"<p><img decoding=\"async\" class=\"alignnone size-full wp-image-8825\" src=\"https:\/\/arben-vision.com\/wp-content\/uploads\/2025\/08\/wechat_2025-08-01_192249_678.png\" alt=\"\" width=\"209\" height=\"201\" srcset=\"https:\/\/arben-vision.com\/wp-content\/uploads\/2025\/08\/wechat_2025-08-01_192249_678.png 209w, https:\/\/arben-vision.com\/wp-content\/uploads\/2025\/08\/wechat_2025-08-01_192249_678-12x12.png 12w\" sizes=\"(max-width: 209px) 100vw, 209px\" \/><\/p>\n<p><strong> Par\u00e2metro t\u00e9cnico<\/strong><\/p>\n<table style=\"border-collapse: collapse; width: 648.02pt;\" border=\"0\" width=\"864\" cellspacing=\"0\" cellpadding=\"0\">\n<tbody>\n<tr style=\"height: 34.50pt;\">\n<td class=\"et2\" style=\"height: 34.50pt; width: 170.25pt;\" width=\"227\" height=\"46\">Especifica\u00e7\u00e3o<\/td>\n<td class=\"et3\" style=\"width: 285.00pt;\" width=\"380\">500X500-D Arm\u00e1rio de alum\u00ednio fundido sob press\u00e3o para interior e exterior<\/td>\n<td class=\"et3\" style=\"width: 192.75pt;\" width=\"257\">500X500-D Arm\u00e1rio para interior e exterior<\/td>\n<\/tr>\n<tr style=\"height: 34.50pt;\">\n<td class=\"et4\" style=\"height: 34.50pt; width: 170.25pt;\" width=\"227\" height=\"46\">Nome do produto<\/td>\n<td class=\"et4\" style=\"width: 285.00pt;\" width=\"380\">500X500-D Arm\u00e1rio de alum\u00ednio fundido sob press\u00e3o para interior e exterior<\/td>\n<td class=\"et4\" style=\"width: 192.75pt;\" width=\"257\">500X500-D Arm\u00e1rio para interior e exterior<\/td>\n<\/tr>\n<tr style=\"height: 51.75pt;\">\n<td class=\"et4\" style=\"height: 51.75pt; width: 170.25pt;\" width=\"227\" height=\"69\">Especifica\u00e7\u00e3o do m\u00f3dulo<\/td>\n<td class=\"et4\" style=\"width: 285.00pt;\" width=\"380\">250mm\u00d7250mm P3.91\/P4.81\/P2.976\/P2.604\/P2.5\/P2.0\/P1.95\/P1.5625<\/td>\n<td class=\"et4\" style=\"width: 192.75pt;\" width=\"257\">250mm\u00d7250mm P3.91\/P4.81\/P2.976\/P2.604\/P2.5\/P2.0\/P1.95\/P1.5625<\/td>\n<\/tr>\n<tr style=\"height: 17.25pt;\">\n<td class=\"et4\" style=\"height: 17.25pt; width: 170.25pt;\" width=\"227\" height=\"23\">Tamanho do arm\u00e1rio<\/td>\n<td class=\"et4\" style=\"width: 285.00pt;\" width=\"380\">500mm\u00d7500mm\u00d777,5mm<\/td>\n<td class=\"et4\" style=\"width: 192.75pt;\" width=\"257\">500mm\u00d7500mm\u00d777,5mm<\/td>\n<\/tr>\n<tr style=\"height: 17.25pt;\">\n<td class=\"et4\" style=\"height: 17.25pt; width: 170.25pt;\" width=\"227\" height=\"23\">Peso<\/td>\n<td class=\"et4\" style=\"width: 285.00pt;\" width=\"380\">3.92KG<\/td>\n<td class=\"et4\" style=\"width: 192.75pt;\" width=\"257\">3.92KG<\/td>\n<\/tr>\n<tr style=\"height: 17.25pt;\">\n<td class=\"et4\" style=\"height: 17.25pt; width: 170.25pt;\" width=\"227\" height=\"23\">Instala\u00e7\u00e3o<\/td>\n<td class=\"et4\" style=\"width: 285.00pt;\" width=\"380\">Eleva\u00e7\u00e3o e instala\u00e7\u00e3o fixa<\/td>\n<td class=\"et4\" style=\"width: 192.75pt;\" width=\"257\">Eleva\u00e7\u00e3o e instala\u00e7\u00e3o fixa<\/td>\n<\/tr>\n<tr style=\"height: 17.25pt;\">\n<td class=\"et4\" style=\"height: 17.25pt; width: 170.25pt;\" width=\"227\" height=\"23\">M\u00f3dulos por arm\u00e1rio<\/td>\n<td class=\"et4\" style=\"width: 285.00pt;\" width=\"380\">4 m\u00f3dulos por arm\u00e1rio<\/td>\n<td class=\"et4\" style=\"width: 192.75pt;\" width=\"257\">4 m\u00f3dulos por arm\u00e1rio<\/td>\n<\/tr>\n<tr style=\"height: 17.25pt;\">\n<td class=\"et4\" style=\"height: 17.25pt; width: 170.25pt;\" width=\"227\" height=\"23\">Ambiente<\/td>\n<td class=\"et4\" style=\"width: 285.00pt;\" width=\"380\">Interior (IP30) \/ Exterior (IP65)<\/td>\n<td class=\"et4\" style=\"width: 192.75pt;\" width=\"257\">Interior (IP30) \/ Exterior (IP65)<\/td>\n<\/tr>\n<tr style=\"height: 69.00pt;\">\n<td class=\"et4\" style=\"height: 69.00pt; width: 170.25pt;\" width=\"227\" height=\"92\">Acess\u00f3rios standard<\/td>\n<td class=\"et4\" style=\"width: 285.00pt;\" width=\"380\">2 PE\u00c7AS: Pinos de localiza\u00e7\u00e3o, 1PCS: Pega, 1PCS: Placa de porta,1PCS: Faixa de alimenta\u00e7\u00e3o, 2 unidades: Juntas,4PCS: Fechos r\u00e1pidos, 1PCS: Conector de placa plana<\/td>\n<td class=\"et4\" style=\"width: 192.75pt;\" width=\"257\">2 PE\u00c7AS: Pinos de localiza\u00e7\u00e3o, 1PCS: Pega,1PCS: Placa de porta, 2PCS: Faixa de alimenta\u00e7\u00e3o, 4 unidades: Fechos r\u00e1pidos, 1PCS: Conector de placa plana<\/td>\n<\/tr>\n<\/tbody>\n<\/table>","protected":false},"excerpt":{"rendered":"<p>O arm\u00e1rio de alum\u00ednio fundido 500X500-D suporta a utiliza\u00e7\u00e3o no interior\/exterior (IP30\/IP65) com m\u00f3dulos de 250 mm\u00d7250 mm (P1.5625-P4.81). Com dimens\u00f5es de 500\u00d7500\u00d777,5 mm e um peso de 3,92 kg, tem capacidade para 4 m\u00f3dulos por unidade. Com instala\u00e7\u00e3o suspensa\/fixa, os acess\u00f3rios padr\u00e3o incluem pinos de localiza\u00e7\u00e3o, bloqueios r\u00e1pidos, tiras de alimenta\u00e7\u00e3o e conectores de placa plana, garantindo configura\u00e7\u00f5es vers\u00e1teis e seguras para diversas aplica\u00e7\u00f5es de exibi\u00e7\u00e3o.<\/p>","protected":false},"featured_media":8826,"template":"","meta":[],"product_brand":[],"product_cat":[15],"product_tag":[],"class_list":{"0":"post-8824","1":"product","2":"type-product","3":"status-publish","4":"has-post-thumbnail","6":"product_cat-other","8":"first","9":"instock","10":"shipping-taxable","11":"product-type-simple"},"_links":{"self":[{"href":"https:\/\/arben-vision.com\/pt\/wp-json\/wp\/v2\/product\/8824","targetHints":{"allow":["GET"]}}],"collection":[{"href":"https:\/\/arben-vision.com\/pt\/wp-json\/wp\/v2\/product"}],"about":[{"href":"https:\/\/arben-vision.com\/pt\/wp-json\/wp\/v2\/types\/product"}],"version-history":[{"count":1,"href":"https:\/\/arben-vision.com\/pt\/wp-json\/wp\/v2\/product\/8824\/revisions"}],"predecessor-version":[{"id":8827,"href":"https:\/\/arben-vision.com\/pt\/wp-json\/wp\/v2\/product\/8824\/revisions\/8827"}],"wp:featuredmedia":[{"embeddable":true,"href":"https:\/\/arben-vision.com\/pt\/wp-json\/wp\/v2\/media\/8826"}],"wp:attachment":[{"href":"https:\/\/arben-vision.com\/pt\/wp-json\/wp\/v2\/media?parent=8824"}],"wp:term":[{"taxonomy":"product_brand","embeddable":true,"href":"https:\/\/arben-vision.com\/pt\/wp-json\/wp\/v2\/product_brand?post=8824"},{"taxonomy":"product_cat","embeddable":true,"href":"https:\/\/arben-vision.com\/pt\/wp-json\/wp\/v2\/product_cat?post=8824"},{"taxonomy":"product_tag","embeddable":true,"href":"https:\/\/arben-vision.com\/pt\/wp-json\/wp\/v2\/product_tag?post=8824"}],"curies":[{"name":"wp","href":"https:\/\/api.w.org\/{rel}","templated":true}]}}