{"id":8809,"date":"2025-08-01T11:00:17","date_gmt":"2025-08-01T11:00:17","guid":{"rendered":"https:\/\/arben-vision.com\/?post_type=product&#038;p=8809"},"modified":"2025-08-01T11:00:17","modified_gmt":"2025-08-01T11:00:17","slug":"floor-tile-display-series","status":"publish","type":"product","link":"https:\/\/arben-vision.com\/pt\/produto\/floor-tile-display-series\/","title":{"rendered":"S\u00e9rie de expositores de ladrilhos de pavimento"},"content":{"rendered":"<p><strong>Vantagem do produto<\/strong><\/p>\n<p>Elevada capacidade de carga, elevada prote\u00e7\u00e3o<br \/>\nO inv\u00f3lucro fundido sob press\u00e3o apresenta um design de suporte de carga esquel\u00e9tico e materiais resistentes \u00e0 press\u00e3o, com uma capacidade de carga de 2000-3000 kg\/m2 e uma classifica\u00e7\u00e3o IP65 \u00e0 prova de \u00e1gua.<br \/>\nM\u00faltiplas op\u00e7\u00f5es de montagem<br \/>\nPode ser montado verticalmente ou em forma de arco e pode ser montado numa mesa ou no teto, satisfazendo as necessidades dos cen\u00e1rios de filmagem de realidade virtual XR.<br \/>\nDete\u00e7\u00e3o interactiva inteligente<br \/>\nO nosso sistema de dete\u00e7\u00e3o interactiva patenteado utiliza um sensor laser incorporado e um chip de controlo MCU, permitindo uma intera\u00e7\u00e3o sem contacto e tempos de resposta mais r\u00e1pidos.<\/p>\n<p><strong>Cen\u00e1rio de aplica\u00e7\u00e3o<\/strong><\/p>\n<p><img fetchpriority=\"high\" decoding=\"async\" class=\"alignnone size-medium wp-image-8810\" src=\"https:\/\/arben-vision.com\/wp-content\/uploads\/2025\/08\/\u8d44\u6e90-53@4x-300x241.png\" alt=\"\" width=\"300\" height=\"241\" srcset=\"https:\/\/arben-vision.com\/wp-content\/uploads\/2025\/08\/\u8d44\u6e90-53@4x-300x241.png 300w, https:\/\/arben-vision.com\/wp-content\/uploads\/2025\/08\/\u8d44\u6e90-53@4x-15x12.png 15w, https:\/\/arben-vision.com\/wp-content\/uploads\/2025\/08\/\u8d44\u6e90-53@4x-370x297.png 370w, https:\/\/arben-vision.com\/wp-content\/uploads\/2025\/08\/\u8d44\u6e90-53@4x-410x329.png 410w, https:\/\/arben-vision.com\/wp-content\/uploads\/2025\/08\/\u8d44\u6e90-53@4x.png 481w\" sizes=\"(max-width: 300px) 100vw, 300px\" \/> <img decoding=\"async\" class=\"alignnone size-medium wp-image-8811\" src=\"https:\/\/arben-vision.com\/wp-content\/uploads\/2025\/08\/\u8d44\u6e90-54@4x-300x241.png\" alt=\"\" width=\"300\" height=\"241\" srcset=\"https:\/\/arben-vision.com\/wp-content\/uploads\/2025\/08\/\u8d44\u6e90-54@4x-300x241.png 300w, https:\/\/arben-vision.com\/wp-content\/uploads\/2025\/08\/\u8d44\u6e90-54@4x-15x12.png 15w, https:\/\/arben-vision.com\/wp-content\/uploads\/2025\/08\/\u8d44\u6e90-54@4x-370x298.png 370w, https:\/\/arben-vision.com\/wp-content\/uploads\/2025\/08\/\u8d44\u6e90-54@4x-410x330.png 410w, https:\/\/arben-vision.com\/wp-content\/uploads\/2025\/08\/\u8d44\u6e90-54@4x.png 480w\" sizes=\"(max-width: 300px) 100vw, 300px\" \/> <img decoding=\"async\" class=\"alignnone size-medium wp-image-8812\" src=\"https:\/\/arben-vision.com\/wp-content\/uploads\/2025\/08\/\u8d44\u6e90-55@4x-300x241.png\" alt=\"\" width=\"300\" height=\"241\" srcset=\"https:\/\/arben-vision.com\/wp-content\/uploads\/2025\/08\/\u8d44\u6e90-55@4x-300x241.png 300w, https:\/\/arben-vision.com\/wp-content\/uploads\/2025\/08\/\u8d44\u6e90-55@4x-15x12.png 15w, https:\/\/arben-vision.com\/wp-content\/uploads\/2025\/08\/\u8d44\u6e90-55@4x-370x297.png 370w, https:\/\/arben-vision.com\/wp-content\/uploads\/2025\/08\/\u8d44\u6e90-55@4x-410x329.png 410w, https:\/\/arben-vision.com\/wp-content\/uploads\/2025\/08\/\u8d44\u6e90-55@4x.png 481w\" sizes=\"(max-width: 300px) 100vw, 300px\" \/> <img loading=\"lazy\" decoding=\"async\" class=\"alignnone size-medium wp-image-8813\" src=\"https:\/\/arben-vision.com\/wp-content\/uploads\/2025\/08\/\u8d44\u6e90-56@4x-300x241.png\" alt=\"\" width=\"300\" height=\"241\" srcset=\"https:\/\/arben-vision.com\/wp-content\/uploads\/2025\/08\/\u8d44\u6e90-56@4x-300x241.png 300w, https:\/\/arben-vision.com\/wp-content\/uploads\/2025\/08\/\u8d44\u6e90-56@4x-15x12.png 15w, https:\/\/arben-vision.com\/wp-content\/uploads\/2025\/08\/\u8d44\u6e90-56@4x-370x298.png 370w, https:\/\/arben-vision.com\/wp-content\/uploads\/2025\/08\/\u8d44\u6e90-56@4x-410x330.png 410w, https:\/\/arben-vision.com\/wp-content\/uploads\/2025\/08\/\u8d44\u6e90-56@4x.png 480w\" sizes=\"(max-width: 300px) 100vw, 300px\" \/><\/p>\n<p><strong>Par\u00e2metro t\u00e9cnico<\/strong><\/p>\n<table style=\"border-collapse: collapse; width: 741px; height: 1935px;\" border=\"0\" width=\"685\" cellspacing=\"0\" cellpadding=\"0\">\n<tbody>\n<tr style=\"height: 33.00pt;\">\n<td class=\"et2\" style=\"height: 33.00pt; width: 117.75pt;\" width=\"157\" height=\"44\">Modelo do produto<\/td>\n<td class=\"et2\" style=\"width: 99.00pt;\" width=\"132\">P2.604<\/td>\n<td class=\"et2\" style=\"width: 99.00pt;\" width=\"132\">P2.976<\/td>\n<td class=\"et2\" style=\"width: 99.00pt;\" width=\"132\">P3.91<\/td>\n<td class=\"et2\" style=\"width: 99.00pt;\" width=\"132\">P4.81<\/td>\n<\/tr>\n<tr style=\"height: 26.00pt;\">\n<td class=\"et3\" style=\"height: 26.00pt; width: 117.75pt;\" width=\"157\" height=\"34\">Aplica\u00e7\u00e3o (573A\u21a9\u6240)<\/td>\n<td class=\"et3\" style=\"width: 99.00pt;\" width=\"132\">Interior\/Exterior<\/td>\n<td class=\"et3\" style=\"width: 99.00pt;\" width=\"132\">Interior\/Exterior<\/td>\n<td class=\"et3\" style=\"width: 99.00pt;\" width=\"132\">Interior\/Exterior<\/td>\n<td class=\"et3\" style=\"width: 99.00pt;\" width=\"132\">Interior\/Exterior<\/td>\n<\/tr>\n<tr style=\"height: 25.00pt;\">\n<td class=\"et3\" style=\"height: 25.00pt; width: 117.75pt;\" width=\"157\" height=\"33\">Tamanho do m\u00f3dulo<\/td>\n<td class=\"et3\" style=\"width: 99.00pt;\" width=\"132\">250\u00d7250 mm<\/td>\n<td class=\"et3\" style=\"width: 99.00pt;\" width=\"132\">250\u00d7250 mm<\/td>\n<td class=\"et3\" style=\"width: 99.00pt;\" width=\"132\">250\u00d7250 mm<\/td>\n<td class=\"et3\" style=\"width: 99.00pt;\" width=\"132\">250\u00d7250 mm<\/td>\n<\/tr>\n<tr style=\"height: 17.25pt;\">\n<td class=\"et3\" style=\"height: 17.25pt; width: 117.75pt;\" width=\"157\" height=\"23\">Resolu\u00e7\u00e3o do m\u00f3dulo<\/td>\n<td class=\"et3\" style=\"width: 99.00pt;\" width=\"132\">96\u00d796<\/td>\n<td class=\"et3\" style=\"width: 99.00pt;\" width=\"132\">84\u00d784<\/td>\n<td class=\"et3\" style=\"width: 99.00pt;\" width=\"132\">64\u00d764<\/td>\n<td class=\"et3\" style=\"width: 99.00pt;\" width=\"132\">52\u00d752<\/td>\n<\/tr>\n<tr style=\"height: 60.00pt;\">\n<td class=\"et3\" style=\"height: 60.00pt; width: 117.75pt;\" width=\"157\" height=\"80\">Tamanho do arm\u00e1rio<\/td>\n<td class=\"et3\" style=\"width: 99.00pt;\" width=\"132\">500\u00d7500 mm500\u00d71000 mm<\/td>\n<td class=\"et3\" style=\"width: 99.00pt;\" width=\"132\">500\u00d7500 mm500\u00d71000 mm<\/td>\n<td class=\"et3\" style=\"width: 99.00pt;\" width=\"132\">500\u00d7500 mm500\u00d71000 mm<\/td>\n<td class=\"et3\" style=\"width: 99.00pt;\" width=\"132\">500\u00d7500 mm500\u00d71000 mm<\/td>\n<\/tr>\n<tr style=\"height: 34.50pt;\">\n<td class=\"et3\" style=\"height: 34.50pt; width: 117.75pt;\" width=\"157\" height=\"46\">Resolu\u00e7\u00e3o do Conselho de Ministros<\/td>\n<td class=\"et3\" style=\"width: 99.00pt;\" width=\"132\">192\u00d7192192\u00d7384<\/td>\n<td class=\"et3\" style=\"width: 99.00pt;\" width=\"132\">168\u00d7168168\u00d7336<\/td>\n<td class=\"et3\" style=\"width: 99.00pt;\" width=\"132\">128\u00d7128128\u00d7256<\/td>\n<td class=\"et3\" style=\"width: 99.00pt;\" width=\"132\">104\u00d7104104\u00d7208<\/td>\n<\/tr>\n<tr style=\"height: 17.25pt;\">\n<td class=\"et3\" style=\"height: 17.25pt; width: 117.75pt;\" width=\"157\" height=\"23\">Densidade f\u00edsica de pixels<\/td>\n<td class=\"et3\" style=\"width: 99.00pt;\" width=\"132\">141744 pcs\/m\u00b2<\/td>\n<td class=\"et3\" style=\"width: 99.00pt;\" width=\"132\">12910 pcs\/m\u00b2<\/td>\n<td class=\"et3\" style=\"width: 99.00pt;\" width=\"132\">65410 pcs\/m\u00b2<\/td>\n<td class=\"et3\" style=\"width: 99.00pt;\" width=\"132\">43222 pcs\/m\u00b2<\/td>\n<\/tr>\n<tr style=\"height: 26.00pt;\">\n<td class=\"et3\" style=\"height: 26.00pt; width: 117.75pt;\" width=\"157\" height=\"34\">Tipo de embalagem LED<\/td>\n<td class=\"et3\" style=\"width: 99.00pt;\" width=\"132\">SMD1515\/1415<\/td>\n<td class=\"et3\" style=\"width: 99.00pt;\" width=\"132\">SMD1515\/1415<\/td>\n<td class=\"et3\" style=\"width: 99.00pt;\" width=\"132\">SMD1515\/1415<\/td>\n<td class=\"et3\" style=\"width: 99.00pt;\" width=\"132\">SMD2020\/1921<\/td>\n<\/tr>\n<tr style=\"height: 17.25pt;\">\n<td class=\"et3\" style=\"height: 17.25pt; width: 117.75pt;\" width=\"157\" height=\"23\">Cor do LED<\/td>\n<td class=\"et3\" style=\"width: 99.00pt;\" width=\"132\">1R1G1B<\/td>\n<td class=\"et3\" style=\"width: 99.00pt;\" width=\"132\">1R1G1B<\/td>\n<td class=\"et3\" style=\"width: 99.00pt;\" width=\"132\">1R1G1B<\/td>\n<td class=\"et3\" style=\"width: 99.00pt;\" width=\"132\">1R1G1B<\/td>\n<\/tr>\n<tr style=\"height: 34.50pt;\">\n<td class=\"et3\" style=\"height: 34.50pt; width: 117.75pt;\" width=\"157\" height=\"46\">Consumo m\u00e9dio de energia<\/td>\n<td class=\"et3\" style=\"width: 99.00pt;\" width=\"132\">400W\/m\u00b2<\/td>\n<td class=\"et3\" style=\"width: 99.00pt;\" width=\"132\">400W\/m\u00b2<\/td>\n<td class=\"et3\" style=\"width: 99.00pt;\" width=\"132\">400W\/m\u00b2<\/td>\n<td class=\"et3\" style=\"width: 99.00pt;\" width=\"132\">400W\/m\u00b2<\/td>\n<\/tr>\n<tr style=\"height: 34.50pt;\">\n<td class=\"et3\" style=\"height: 34.50pt; width: 117.75pt;\" width=\"157\" height=\"46\">Consumo m\u00e1ximo de energia<\/td>\n<td class=\"et3\" style=\"width: 99.00pt;\" width=\"132\">800W\/m\u00b2<\/td>\n<td class=\"et3\" style=\"width: 99.00pt;\" width=\"132\">800W\/m\u00b2<\/td>\n<td class=\"et3\" style=\"width: 99.00pt;\" width=\"132\">800W\/m\u00b2<\/td>\n<td class=\"et3\" style=\"width: 99.00pt;\" width=\"132\">800W\/m\u00b2<\/td>\n<\/tr>\n<tr style=\"height: 34.50pt;\">\n<td class=\"et3\" style=\"height: 34.50pt; width: 117.75pt;\" width=\"157\" height=\"46\">Peso<\/td>\n<td class=\"et3\" style=\"width: 99.00pt;\" width=\"132\">\u2265140kg (opcional)<\/td>\n<td class=\"et3\" style=\"width: 99.00pt;\" width=\"132\">\u2265140kg (opcional)<\/td>\n<td class=\"et3\" style=\"width: 99.00pt;\" width=\"132\">\u2265140kg (opcional)<\/td>\n<td class=\"et3\" style=\"width: 99.00pt;\" width=\"132\">\u2265140kg (opcional)<\/td>\n<\/tr>\n<tr style=\"height: 30.00pt;\">\n<td class=\"et3\" style=\"height: 30.00pt; width: 117.75pt;\" width=\"157\" height=\"40\">Material do arm\u00e1rio<\/td>\n<td class=\"et3\" style=\"width: 99.00pt;\" width=\"132\">Ferro<\/td>\n<td class=\"et3\" style=\"width: 99.00pt;\" width=\"132\">Ferro<\/td>\n<td class=\"et3\" style=\"width: 99.00pt;\" width=\"132\">Ferro<\/td>\n<td class=\"et3\" style=\"width: 99.00pt;\" width=\"132\">Ferro<\/td>\n<\/tr>\n<tr style=\"height: 34.50pt;\">\n<td class=\"et3\" style=\"height: 34.50pt; width: 117.75pt;\" width=\"157\" height=\"46\">Equil\u00edbrio de brancos Brilho - Interior<\/td>\n<td class=\"et3\" style=\"width: 99.00pt;\" width=\"132\">2500cd\/m\u00b2<\/td>\n<td class=\"et3\" style=\"width: 99.00pt;\" width=\"132\">2500cd\/m\u00b2<\/td>\n<td class=\"et3\" style=\"width: 99.00pt;\" width=\"132\">2500cd\/m\u00b2<\/td>\n<td class=\"et3\" style=\"width: 99.00pt;\" width=\"132\">2500cd\/m\u00b2<\/td>\n<\/tr>\n<tr style=\"height: 34.50pt;\">\n<td class=\"et3\" style=\"height: 34.50pt; width: 117.75pt;\" width=\"157\" height=\"46\">Equil\u00edbrio de brancos Brilho - Exterior<\/td>\n<td class=\"et3\" style=\"width: 99.00pt;\" width=\"132\">4000cd\/m\u00b2<\/td>\n<td class=\"et3\" style=\"width: 99.00pt;\" width=\"132\">4000cd\/m\u00b2<\/td>\n<td class=\"et3\" style=\"width: 99.00pt;\" width=\"132\">4000cd\/m\u00b2<\/td>\n<td class=\"et3\" style=\"width: 99.00pt;\" width=\"132\">4000cd\/m\u00b2<\/td>\n<\/tr>\n<tr style=\"height: 34.50pt;\">\n<td class=\"et3\" style=\"height: 34.50pt; width: 117.75pt;\" width=\"157\" height=\"46\">M\u00e9todo de condu\u00e7\u00e3o - Interior<\/td>\n<td class=\"et3\" style=\"width: 99.00pt;\" width=\"132\">1\/32 Digitaliza\u00e7\u00e3o<\/td>\n<td class=\"et3\" style=\"width: 99.00pt;\" width=\"132\">1\/28 Scan<\/td>\n<td class=\"et3\" style=\"width: 99.00pt;\" width=\"132\">1\/16 Digitaliza\u00e7\u00e3o<\/td>\n<td class=\"et3\" style=\"width: 99.00pt;\" width=\"132\">1\/13 An\u00e1lise<\/td>\n<\/tr>\n<tr style=\"height: 34.50pt;\">\n<td class=\"et3\" style=\"height: 34.50pt; width: 117.75pt;\" width=\"157\" height=\"46\">M\u00e9todo de condu\u00e7\u00e3o - Exterior<\/td>\n<td class=\"et3\" style=\"width: 99.00pt;\" width=\"132\">1\/16 Digitaliza\u00e7\u00e3o<\/td>\n<td class=\"et3\" style=\"width: 99.00pt;\" width=\"132\">1\/21 Scan<\/td>\n<td class=\"et3\" style=\"width: 99.00pt;\" width=\"132\">1\/16 Digitaliza\u00e7\u00e3o<\/td>\n<td class=\"et3\" style=\"width: 99.00pt;\" width=\"132\">1\/13 An\u00e1lise<\/td>\n<\/tr>\n<tr style=\"height: 17.25pt;\">\n<td class=\"et3\" style=\"height: 17.25pt; width: 117.75pt;\" width=\"157\" height=\"23\">Taxa de atualiza\u00e7\u00e3o<\/td>\n<td class=\"et3\" style=\"width: 99.00pt;\" width=\"132\">1920-3840Hz<\/td>\n<td class=\"et3\" style=\"width: 99.00pt;\" width=\"132\">1920-3840Hz<\/td>\n<td class=\"et3\" style=\"width: 99.00pt;\" width=\"132\">1920-3840Hz<\/td>\n<td class=\"et3\" style=\"width: 99.00pt;\" width=\"132\">1920-3840Hz<\/td>\n<\/tr>\n<tr style=\"height: 34.50pt;\">\n<td class=\"et3\" style=\"height: 34.50pt; width: 117.75pt;\" width=\"157\" height=\"46\">Frequ\u00eancia de convers\u00e3o<\/td>\n<td class=\"et3\" style=\"width: 99.00pt;\" width=\"132\">\u226550\/60Hz<\/td>\n<td class=\"et3\" style=\"width: 99.00pt;\" width=\"132\">\u226550\/60Hz<\/td>\n<td class=\"et3\" style=\"width: 99.00pt;\" width=\"132\">\u226550\/60Hz<\/td>\n<td class=\"et3\" style=\"width: 99.00pt;\" width=\"132\">\u226550\/60Hz<\/td>\n<\/tr>\n<tr style=\"height: 34.50pt;\">\n<td class=\"et3\" style=\"height: 34.50pt; width: 117.75pt;\" width=\"157\" height=\"46\">M\u00e9todo de controlo<\/td>\n<td class=\"et3\" style=\"width: 99.00pt;\" width=\"132\">Controlo s\u00edncrono<\/td>\n<td class=\"et3\" style=\"width: 99.00pt;\" width=\"132\">Controlo s\u00edncrono<\/td>\n<td class=\"et3\" style=\"width: 99.00pt;\" width=\"132\">Controlo s\u00edncrono<\/td>\n<td class=\"et3\" style=\"width: 99.00pt;\" width=\"132\">Controlo s\u00edncrono<\/td>\n<\/tr>\n<tr style=\"height: 17.25pt;\">\n<td class=\"et3\" style=\"height: 17.25pt; width: 117.75pt;\" width=\"157\" height=\"23\">Tens\u00e3o de funcionamento<\/td>\n<td class=\"et3\" style=\"width: 99.00pt;\" width=\"132\">AC110\/220V<\/td>\n<td class=\"et3\" style=\"width: 99.00pt;\" width=\"132\">AC110\/220V<\/td>\n<td class=\"et3\" style=\"width: 99.00pt;\" width=\"132\">AC110\/220V<\/td>\n<td class=\"et3\" style=\"width: 99.00pt;\" width=\"132\">AC110\/220V<\/td>\n<\/tr>\n<\/tbody>\n<\/table>","protected":false},"excerpt":{"rendered":"<p>A s\u00e9rie Floor Tile Display foi projetada para aplica\u00e7\u00f5es de LED montadas no solo, apresentando alta capacidade de carga (2000-3000kg \/ \u33a1), impermeabiliza\u00e7\u00e3o IP65 e montagem vers\u00e1til (vertical \/ arco, montagem em parede \/ teto). Equipado com dete\u00e7\u00e3o interactiva inteligente atrav\u00e9s de sensores laser e chips MCU, permite uma intera\u00e7\u00e3o r\u00e1pida sem contacto, ideal para filmagens XR, exposi\u00e7\u00f5es e espa\u00e7os comerciais.<\/p>","protected":false},"featured_media":8814,"template":"","meta":[],"product_brand":[],"product_cat":[147,121],"product_tag":[],"class_list":{"0":"post-8809","1":"product","2":"type-product","3":"status-publish","4":"has-post-thumbnail","6":"product_cat-led-floor-screens","7":"product_cat-outdoor-led-screens","9":"first","10":"instock","11":"shipping-taxable","12":"product-type-simple"},"_links":{"self":[{"href":"https:\/\/arben-vision.com\/pt\/wp-json\/wp\/v2\/product\/8809","targetHints":{"allow":["GET"]}}],"collection":[{"href":"https:\/\/arben-vision.com\/pt\/wp-json\/wp\/v2\/product"}],"about":[{"href":"https:\/\/arben-vision.com\/pt\/wp-json\/wp\/v2\/types\/product"}],"version-history":[{"count":1,"href":"https:\/\/arben-vision.com\/pt\/wp-json\/wp\/v2\/product\/8809\/revisions"}],"predecessor-version":[{"id":8815,"href":"https:\/\/arben-vision.com\/pt\/wp-json\/wp\/v2\/product\/8809\/revisions\/8815"}],"wp:featuredmedia":[{"embeddable":true,"href":"https:\/\/arben-vision.com\/pt\/wp-json\/wp\/v2\/media\/8814"}],"wp:attachment":[{"href":"https:\/\/arben-vision.com\/pt\/wp-json\/wp\/v2\/media?parent=8809"}],"wp:term":[{"taxonomy":"product_brand","embeddable":true,"href":"https:\/\/arben-vision.com\/pt\/wp-json\/wp\/v2\/product_brand?post=8809"},{"taxonomy":"product_cat","embeddable":true,"href":"https:\/\/arben-vision.com\/pt\/wp-json\/wp\/v2\/product_cat?post=8809"},{"taxonomy":"product_tag","embeddable":true,"href":"https:\/\/arben-vision.com\/pt\/wp-json\/wp\/v2\/product_tag?post=8809"}],"curies":[{"name":"wp","href":"https:\/\/api.w.org\/{rel}","templated":true}]}}