{"id":8801,"date":"2025-08-01T10:48:50","date_gmt":"2025-08-01T10:48:50","guid":{"rendered":"https:\/\/arben-vision.com\/?post_type=product&#038;p=8801"},"modified":"2025-08-01T11:03:48","modified_gmt":"2025-08-01T11:03:48","slug":"cob-series-display","status":"publish","type":"product","link":"https:\/\/arben-vision.com\/pt\/produto\/cob-series-display\/","title":{"rendered":"Ecr\u00e3 da s\u00e9rie COB"},"content":{"rendered":"<p><strong>Vantagem do produto<\/strong><\/p>\n<p>Qualidade de imagem Ultra-HD, alta resolu\u00e7\u00e3o<br \/>\nResolu\u00e7\u00e3o de alta defini\u00e7\u00e3o, cores vibrantes, reprodu\u00e7\u00e3o de cores reais, resposta r\u00e1pida, sem cintila\u00e7\u00e3o, sem atraso<br \/>\nCostura sem costuras, um festim visual de alta defini\u00e7\u00e3o<br \/>\nA estrutura de ecr\u00e3 unit\u00e1rio de alta precis\u00e3o garante uma densidade de p\u00edxeis consistente, uma costura perfeita e um brilho e cor consistentes<br \/>\nAmplo \u00e2ngulo de vis\u00e3o, sem desfocagem<br \/>\nEcr\u00e3 uniforme a partir de todos os \u00e2ngulos, n\u00edtido e natural, sem distor\u00e7\u00e3o ou difus\u00e3o de cor, proporcionando uma experi\u00eancia visual extraordin\u00e1ria<\/p>\n<p><strong>Cen\u00e1rio de aplica\u00e7\u00e3o<\/strong><\/p>\n<p><img fetchpriority=\"high\" decoding=\"async\" class=\"alignnone size-medium wp-image-8802\" src=\"https:\/\/arben-vision.com\/wp-content\/uploads\/2025\/08\/\u8d44\u6e90-49@4x-300x241.png\" alt=\"\" width=\"300\" height=\"241\" srcset=\"https:\/\/arben-vision.com\/wp-content\/uploads\/2025\/08\/\u8d44\u6e90-49@4x-300x241.png 300w, https:\/\/arben-vision.com\/wp-content\/uploads\/2025\/08\/\u8d44\u6e90-49@4x-15x12.png 15w, https:\/\/arben-vision.com\/wp-content\/uploads\/2025\/08\/\u8d44\u6e90-49@4x-370x297.png 370w, https:\/\/arben-vision.com\/wp-content\/uploads\/2025\/08\/\u8d44\u6e90-49@4x-410x329.png 410w, https:\/\/arben-vision.com\/wp-content\/uploads\/2025\/08\/\u8d44\u6e90-49@4x.png 481w\" sizes=\"(max-width: 300px) 100vw, 300px\" \/> <img decoding=\"async\" class=\"alignnone size-medium wp-image-8805\" src=\"https:\/\/arben-vision.com\/wp-content\/uploads\/2025\/08\/\u8d44\u6e90-52@4x-300x241.png\" alt=\"\" width=\"300\" height=\"241\" srcset=\"https:\/\/arben-vision.com\/wp-content\/uploads\/2025\/08\/\u8d44\u6e90-52@4x-300x241.png 300w, https:\/\/arben-vision.com\/wp-content\/uploads\/2025\/08\/\u8d44\u6e90-52@4x-15x12.png 15w, https:\/\/arben-vision.com\/wp-content\/uploads\/2025\/08\/\u8d44\u6e90-52@4x-370x298.png 370w, https:\/\/arben-vision.com\/wp-content\/uploads\/2025\/08\/\u8d44\u6e90-52@4x-410x330.png 410w, https:\/\/arben-vision.com\/wp-content\/uploads\/2025\/08\/\u8d44\u6e90-52@4x.png 480w\" sizes=\"(max-width: 300px) 100vw, 300px\" \/> <img decoding=\"async\" class=\"alignnone size-medium wp-image-8803\" src=\"https:\/\/arben-vision.com\/wp-content\/uploads\/2025\/08\/\u8d44\u6e90-50@4x-300x241.png\" alt=\"\" width=\"300\" height=\"241\" srcset=\"https:\/\/arben-vision.com\/wp-content\/uploads\/2025\/08\/\u8d44\u6e90-50@4x-300x241.png 300w, https:\/\/arben-vision.com\/wp-content\/uploads\/2025\/08\/\u8d44\u6e90-50@4x-15x12.png 15w, https:\/\/arben-vision.com\/wp-content\/uploads\/2025\/08\/\u8d44\u6e90-50@4x-370x298.png 370w, https:\/\/arben-vision.com\/wp-content\/uploads\/2025\/08\/\u8d44\u6e90-50@4x-410x330.png 410w, https:\/\/arben-vision.com\/wp-content\/uploads\/2025\/08\/\u8d44\u6e90-50@4x.png 480w\" sizes=\"(max-width: 300px) 100vw, 300px\" \/> <img loading=\"lazy\" decoding=\"async\" class=\"alignnone size-medium wp-image-8804\" src=\"https:\/\/arben-vision.com\/wp-content\/uploads\/2025\/08\/\u8d44\u6e90-51@4x-300x241.png\" alt=\"\" width=\"300\" height=\"241\" srcset=\"https:\/\/arben-vision.com\/wp-content\/uploads\/2025\/08\/\u8d44\u6e90-51@4x-300x241.png 300w, https:\/\/arben-vision.com\/wp-content\/uploads\/2025\/08\/\u8d44\u6e90-51@4x-15x12.png 15w, https:\/\/arben-vision.com\/wp-content\/uploads\/2025\/08\/\u8d44\u6e90-51@4x-370x297.png 370w, https:\/\/arben-vision.com\/wp-content\/uploads\/2025\/08\/\u8d44\u6e90-51@4x-410x329.png 410w, https:\/\/arben-vision.com\/wp-content\/uploads\/2025\/08\/\u8d44\u6e90-51@4x.png 481w\" sizes=\"(max-width: 300px) 100vw, 300px\" \/><\/p>\n<p><strong> Par\u00e2metro t\u00e9cnico<\/strong><\/p>\n<table style=\"border-collapse: collapse; width: 558.77pt;\" border=\"0\" width=\"745\" cellspacing=\"0\" cellpadding=\"0\">\n<tbody>\n<tr style=\"height: 28.00pt;\">\n<td class=\"et2\" style=\"height: 28.00pt; width: 105.00pt;\" width=\"140\" height=\"37\">Modelo do produto<\/td>\n<td class=\"et2\" style=\"width: 86.25pt;\" width=\"115\">P0.62<\/td>\n<td class=\"et2\" style=\"width: 73.50pt;\" width=\"98\">P0.78<\/td>\n<td class=\"et2\" style=\"width: 73.50pt;\" width=\"98\">P0.93<\/td>\n<td class=\"et2\" style=\"width: 73.50pt;\" width=\"98\">P1.25<\/td>\n<td class=\"et2\" style=\"width: 73.50pt;\" width=\"98\">P1.56<\/td>\n<td class=\"et2\" style=\"width: 73.50pt;\" width=\"98\">P1.87<\/td>\n<\/tr>\n<tr style=\"height: 40.50pt;\">\n<td class=\"et2\" style=\"height: 40.50pt; width: 105.00pt;\" width=\"140\" height=\"54\">Resolu\u00e7\u00e3o do m\u00f3dulo (L\u00d7A, pontos)<\/td>\n<td class=\"et3\" style=\"width: 86.25pt;\" width=\"115\">483.5\u00d7540<\/td>\n<td class=\"et3\" style=\"width: 73.50pt;\" width=\"98\">384\u00d7432<\/td>\n<td class=\"et3\" style=\"width: 73.50pt;\" width=\"98\">320\u00d7360<\/td>\n<td class=\"et3\" style=\"width: 73.50pt;\" width=\"98\">240\u00d7270<\/td>\n<td class=\"et3\" style=\"width: 73.50pt;\" width=\"98\">192\u00d7216<\/td>\n<td class=\"et3\" style=\"width: 73.50pt;\" width=\"98\">160\u00d7180<\/td>\n<\/tr>\n<tr style=\"height: 27.00pt;\">\n<td class=\"et2\" style=\"height: 27.00pt; width: 105.00pt;\" width=\"140\" height=\"36\">Tamanho do m\u00f3dulo (mm)<\/td>\n<td class=\"et3\" style=\"width: 86.25pt;\" width=\"115\">300\u00d7337.5<\/td>\n<td class=\"et3\" style=\"width: 73.50pt;\" width=\"98\">300\u00d7337.5<\/td>\n<td class=\"et3\" style=\"width: 73.50pt;\" width=\"98\">300\u00d7337.5<\/td>\n<td class=\"et3\" style=\"width: 73.50pt;\" width=\"98\">300\u00d7337.5<\/td>\n<td class=\"et3\" style=\"width: 73.50pt;\" width=\"98\">300\u00d7337.5<\/td>\n<td class=\"et3\" style=\"width: 73.50pt;\" width=\"98\">300\u00d7337.5<\/td>\n<\/tr>\n<tr style=\"height: 40.50pt;\">\n<td class=\"et2\" style=\"height: 40.50pt; width: 105.00pt;\" width=\"140\" height=\"54\">Unidade Composi\u00e7\u00e3o do m\u00f3dulo (L\u00d7A)<\/td>\n<td class=\"et3\" style=\"width: 86.25pt;\" width=\"115\">2\u00d71<\/td>\n<td class=\"et3\" style=\"width: 73.50pt;\" width=\"98\">2\u00d71<\/td>\n<td class=\"et3\" style=\"width: 73.50pt;\" width=\"98\">2\u00d71<\/td>\n<td class=\"et3\" style=\"width: 73.50pt;\" width=\"98\">2\u00d71<\/td>\n<td class=\"et3\" style=\"width: 73.50pt;\" width=\"98\">2\u00d71<\/td>\n<td class=\"et3\" style=\"width: 73.50pt;\" width=\"98\">2\u00d71<\/td>\n<\/tr>\n<tr style=\"height: 27.00pt;\">\n<td class=\"et2\" style=\"height: 27.00pt; width: 105.00pt;\" width=\"140\" height=\"36\">Tamanho do arm\u00e1rio (L\u00d7A\u00d7P, mm)<\/td>\n<td class=\"et3\" style=\"width: 86.25pt;\" width=\"115\">600\u00d7337.5\u00d760<\/td>\n<td class=\"et3\" style=\"width: 73.50pt;\" width=\"98\">600\u00d7337.5\u00d760<\/td>\n<td class=\"et3\" style=\"width: 73.50pt;\" width=\"98\">600\u00d7337.5\u00d760<\/td>\n<td class=\"et3\" style=\"width: 73.50pt;\" width=\"98\">600\u00d7337.5\u00d760<\/td>\n<td class=\"et3\" style=\"width: 73.50pt;\" width=\"98\">600\u00d7337.5\u00d760<\/td>\n<td class=\"et3\" style=\"width: 73.50pt;\" width=\"98\">600\u00d7337.5\u00d760<\/td>\n<\/tr>\n<tr style=\"height: 27.00pt;\">\n<td class=\"et2\" style=\"height: 27.00pt; width: 105.00pt;\" width=\"140\" height=\"36\">Peso do arm\u00e1rio (KG\/Unidade)<\/td>\n<td class=\"et3\" style=\"width: 86.25pt;\" width=\"115\">6<\/td>\n<td class=\"et3\" style=\"width: 73.50pt;\" width=\"98\">6<\/td>\n<td class=\"et3\" style=\"width: 73.50pt;\" width=\"98\">6<\/td>\n<td class=\"et3\" style=\"width: 73.50pt;\" width=\"98\">6<\/td>\n<td class=\"et3\" style=\"width: 73.50pt;\" width=\"98\">6<\/td>\n<td class=\"et3\" style=\"width: 73.50pt;\" width=\"98\">6<\/td>\n<\/tr>\n<tr style=\"height: 40.50pt;\">\n<td class=\"et2\" style=\"height: 40.50pt; width: 105.00pt;\" width=\"140\" height=\"54\">Resolu\u00e7\u00e3o do gabinete (pixels)<\/td>\n<td class=\"et3\" style=\"width: 86.25pt;\" width=\"115\">967\u00d7540<\/td>\n<td class=\"et3\" style=\"width: 73.50pt;\" width=\"98\">768\u00d7432<\/td>\n<td class=\"et3\" style=\"width: 73.50pt;\" width=\"98\">640\u00d7360<\/td>\n<td class=\"et3\" style=\"width: 73.50pt;\" width=\"98\">480\u00d7270<\/td>\n<td class=\"et3\" style=\"width: 73.50pt;\" width=\"98\">384\u00d7216<\/td>\n<td class=\"et3\" style=\"width: 73.50pt;\" width=\"98\">320\u00d7180<\/td>\n<\/tr>\n<tr style=\"height: 27.00pt;\">\n<td class=\"et2\" style=\"height: 27.00pt; width: 105.00pt;\" width=\"140\" height=\"36\">Densidade de pixels (pixels\/m\u00b2)<\/td>\n<td class=\"et4\" style=\"width: 86.25pt;\" width=\"115\">2,560,000<\/td>\n<td class=\"et4\" style=\"width: 73.50pt;\" width=\"98\">1,643,524<\/td>\n<td class=\"et4\" style=\"width: 73.50pt;\" width=\"98\">1,137,778<\/td>\n<td class=\"et4\" style=\"width: 73.50pt;\" width=\"98\">640,000<\/td>\n<td class=\"et4\" style=\"width: 73.50pt;\" width=\"98\">409,600<\/td>\n<td class=\"et4\" style=\"width: 73.50pt;\" width=\"98\">284,444<\/td>\n<\/tr>\n<tr style=\"height: 26.00pt;\">\n<td class=\"et2\" style=\"height: 26.00pt; width: 105.00pt;\" width=\"140\" height=\"34\">Escala de cinzentos<\/td>\n<td class=\"et3\" style=\"width: 86.25pt;\" width=\"115\">16 bits<\/td>\n<td class=\"et3\" style=\"width: 73.50pt;\" width=\"98\">16 bits<\/td>\n<td class=\"et3\" style=\"width: 73.50pt;\" width=\"98\">16 bits<\/td>\n<td class=\"et3\" style=\"width: 73.50pt;\" width=\"98\">16 bits<\/td>\n<td class=\"et3\" style=\"width: 73.50pt;\" width=\"98\">16 bits<\/td>\n<td class=\"et3\" style=\"width: 73.50pt;\" width=\"98\">16 bits<\/td>\n<\/tr>\n<tr style=\"height: 27.00pt;\">\n<td class=\"et2\" style=\"height: 27.00pt; width: 105.00pt;\" width=\"140\" height=\"36\">Taxa de atualiza\u00e7\u00e3o (Hz)<\/td>\n<td class=\"et3\" style=\"width: 86.25pt;\" width=\"115\">3840Hz<\/td>\n<td class=\"et3\" style=\"width: 73.50pt;\" width=\"98\">3840Hz<\/td>\n<td class=\"et3\" style=\"width: 73.50pt;\" width=\"98\">3840Hz<\/td>\n<td class=\"et3\" style=\"width: 73.50pt;\" width=\"98\">3840Hz<\/td>\n<td class=\"et3\" style=\"width: 73.50pt;\" width=\"98\">3840Hz<\/td>\n<td class=\"et3\" style=\"width: 73.50pt;\" width=\"98\">3840Hz<\/td>\n<\/tr>\n<tr style=\"height: 40.50pt;\">\n<td class=\"et2\" style=\"height: 40.50pt; width: 105.00pt;\" width=\"140\" height=\"54\">Armazenamento de dados de calibra\u00e7\u00e3o<\/td>\n<td class=\"et3\" style=\"width: 86.25pt;\" width=\"115\">Dados armazenados no grupo de m\u00f3dulos<\/td>\n<td class=\"et3\" style=\"width: 73.50pt;\" width=\"98\">O mesmo<\/td>\n<td class=\"et3\" style=\"width: 73.50pt;\" width=\"98\">O mesmo<\/td>\n<td class=\"et3\" style=\"width: 73.50pt;\" width=\"98\">O mesmo<\/td>\n<td class=\"et3\" style=\"width: 73.50pt;\" width=\"98\">O mesmo<\/td>\n<td class=\"et3\" style=\"width: 73.50pt;\" width=\"98\">O mesmo<\/td>\n<\/tr>\n<tr style=\"height: 40.50pt;\">\n<td class=\"et2\" style=\"height: 40.50pt; width: 105.00pt;\" width=\"140\" height=\"54\">Brilho<\/td>\n<td class=\"et3\" style=\"width: 86.25pt;\" width=\"115\">50-600cd\/m\u00b2 (ajuste cont\u00ednuo)<\/td>\n<td class=\"et3\" style=\"width: 73.50pt;\" width=\"98\">O mesmo<\/td>\n<td class=\"et3\" style=\"width: 73.50pt;\" width=\"98\">O mesmo<\/td>\n<td class=\"et3\" style=\"width: 73.50pt;\" width=\"98\">O mesmo<\/td>\n<td class=\"et3\" style=\"width: 73.50pt;\" width=\"98\">O mesmo<\/td>\n<td class=\"et3\" style=\"width: 73.50pt;\" width=\"98\">O mesmo<\/td>\n<\/tr>\n<tr style=\"height: 27.00pt;\">\n<td class=\"et2\" style=\"height: 27.00pt; width: 105.00pt;\" width=\"140\" height=\"36\">Temperatura de cor<\/td>\n<td class=\"et3\" style=\"width: 86.25pt;\" width=\"115\">3200-9300K (ajust\u00e1vel)<\/td>\n<td class=\"et3\" style=\"width: 73.50pt;\" width=\"98\">O mesmo<\/td>\n<td class=\"et3\" style=\"width: 73.50pt;\" width=\"98\">O mesmo<\/td>\n<td class=\"et3\" style=\"width: 73.50pt;\" width=\"98\">O mesmo<\/td>\n<td class=\"et3\" style=\"width: 73.50pt;\" width=\"98\">O mesmo<\/td>\n<td class=\"et3\" style=\"width: 73.50pt;\" width=\"98\">O mesmo<\/td>\n<\/tr>\n<tr style=\"height: 27.00pt;\">\n<td class=\"et2\" style=\"height: 27.00pt; width: 105.00pt;\" width=\"140\" height=\"36\">Uniformidade de brilho<\/td>\n<td class=\"et3\" style=\"width: 86.25pt;\" width=\"115\">\u226598%<\/td>\n<td class=\"et3\" style=\"width: 73.50pt;\" width=\"98\">\u226598%<\/td>\n<td class=\"et3\" style=\"width: 73.50pt;\" width=\"98\">\u226598%<\/td>\n<td class=\"et3\" style=\"width: 73.50pt;\" width=\"98\">\u226598%<\/td>\n<td class=\"et3\" style=\"width: 73.50pt;\" width=\"98\">\u226598%<\/td>\n<td class=\"et3\" style=\"width: 73.50pt;\" width=\"98\">\u226598%<\/td>\n<\/tr>\n<tr style=\"height: 40.50pt;\">\n<td class=\"et2\" style=\"height: 40.50pt; width: 105.00pt;\" width=\"140\" height=\"54\">\u00c2ngulo de visualiza\u00e7\u00e3o (horizontal\/vertical)<\/td>\n<td class=\"et3\" style=\"width: 86.25pt;\" width=\"115\">\u2265170\u00b0<\/td>\n<td class=\"et3\" style=\"width: 73.50pt;\" width=\"98\">\u2265170\u00b0<\/td>\n<td class=\"et3\" style=\"width: 73.50pt;\" width=\"98\">\u2265170\u00b0<\/td>\n<td class=\"et3\" style=\"width: 73.50pt;\" width=\"98\">\u2265170\u00b0<\/td>\n<td class=\"et3\" style=\"width: 73.50pt;\" width=\"98\">\u2265170\u00b0<\/td>\n<td class=\"et3\" style=\"width: 73.50pt;\" width=\"98\">\u2265170\u00b0<\/td>\n<\/tr>\n<tr style=\"height: 13.50pt;\">\n<td class=\"et2\" style=\"height: 13.50pt; width: 105.00pt;\" width=\"140\" height=\"18\">Rela\u00e7\u00e3o de contraste<\/td>\n<td class=\"et3\" style=\"width: 86.25pt;\" width=\"115\">\u22658500:1<\/td>\n<td class=\"et3\" style=\"width: 73.50pt;\" width=\"98\">O mesmo<\/td>\n<td class=\"et3\" style=\"width: 73.50pt;\" width=\"98\">O mesmo<\/td>\n<td class=\"et3\" style=\"width: 73.50pt;\" width=\"98\">O mesmo<\/td>\n<td class=\"et3\" style=\"width: 73.50pt;\" width=\"98\">O mesmo<\/td>\n<td class=\"et3\" style=\"width: 73.50pt;\" width=\"98\">O mesmo<\/td>\n<\/tr>\n<tr style=\"height: 40.50pt;\">\n<td class=\"et2\" style=\"height: 40.50pt; width: 105.00pt;\" width=\"140\" height=\"54\">Consumo de energia de pico (W\/m\u00b2)<\/td>\n<td class=\"et3\" style=\"width: 86.25pt;\" width=\"115\">\u2264650<\/td>\n<td class=\"et3\" style=\"width: 73.50pt;\" width=\"98\">\u2264650<\/td>\n<td class=\"et3\" style=\"width: 73.50pt;\" width=\"98\">\u2264650<\/td>\n<td class=\"et3\" style=\"width: 73.50pt;\" width=\"98\">\u2264650<\/td>\n<td class=\"et3\" style=\"width: 73.50pt;\" width=\"98\">\u2264650<\/td>\n<td class=\"et3\" style=\"width: 73.50pt;\" width=\"98\">\u2264650<\/td>\n<\/tr>\n<tr style=\"height: 40.50pt;\">\n<td class=\"et2\" style=\"height: 40.50pt; width: 105.00pt;\" width=\"140\" height=\"54\">Consumo m\u00e9dio de energia (W\/m\u00b2)<\/td>\n<td class=\"et3\" style=\"width: 86.25pt;\" width=\"115\">\u2264260<\/td>\n<td class=\"et3\" style=\"width: 73.50pt;\" width=\"98\">\u2264260<\/td>\n<td class=\"et3\" style=\"width: 73.50pt;\" width=\"98\">\u2264260<\/td>\n<td class=\"et3\" style=\"width: 73.50pt;\" width=\"98\">\u2264260<\/td>\n<td class=\"et3\" style=\"width: 73.50pt;\" width=\"98\">\u2264260<\/td>\n<td class=\"et3\" style=\"width: 73.50pt;\" width=\"98\">\u2264260<\/td>\n<\/tr>\n<tr style=\"height: 27.00pt;\">\n<td class=\"et2\" style=\"height: 27.00pt; width: 105.00pt;\" width=\"140\" height=\"36\">Requisitos de alimenta\u00e7\u00e3o el\u00e9ctrica<\/td>\n<td class=\"et3\" style=\"width: 86.25pt;\" width=\"115\">AC100-240V (50-60Hz)<\/td>\n<td class=\"et3\" style=\"width: 73.50pt;\" width=\"98\">O mesmo<\/td>\n<td class=\"et3\" style=\"width: 73.50pt;\" width=\"98\">O mesmo<\/td>\n<td class=\"et3\" style=\"width: 73.50pt;\" width=\"98\">O mesmo<\/td>\n<td class=\"et3\" style=\"width: 73.50pt;\" width=\"98\">O mesmo<\/td>\n<td class=\"et3\" style=\"width: 73.50pt;\" width=\"98\">O mesmo<\/td>\n<\/tr>\n<tr style=\"height: 27.00pt;\">\n<td class=\"et2\" style=\"height: 27.00pt; width: 105.00pt;\" width=\"140\" height=\"36\">Frequ\u00eancia de convers\u00e3o (Hz)<\/td>\n<td class=\"et3\" style=\"width: 86.25pt;\" width=\"115\">50 &amp; 60<\/td>\n<td class=\"et3\" style=\"width: 73.50pt;\" width=\"98\">O mesmo<\/td>\n<td class=\"et3\" style=\"width: 73.50pt;\" width=\"98\">O mesmo<\/td>\n<td class=\"et3\" style=\"width: 73.50pt;\" width=\"98\">O mesmo<\/td>\n<td class=\"et3\" style=\"width: 73.50pt;\" width=\"98\">O mesmo<\/td>\n<td class=\"et3\" style=\"width: 73.50pt;\" width=\"98\">O mesmo<\/td>\n<\/tr>\n<tr style=\"height: 13.50pt;\">\n<td class=\"et2\" style=\"height: 13.50pt; width: 105.00pt;\" width=\"140\" height=\"18\">M\u00f3dulo de costura<\/td>\n<td class=\"et3\" style=\"width: 86.25pt;\" width=\"115\">\u22640,1mm<\/td>\n<td class=\"et3\" style=\"width: 73.50pt;\" width=\"98\">\u22640,1mm<\/td>\n<td class=\"et3\" style=\"width: 73.50pt;\" width=\"98\">\u22640,1mm<\/td>\n<td class=\"et3\" style=\"width: 73.50pt;\" width=\"98\">\u22640,1mm<\/td>\n<td class=\"et3\" style=\"width: 73.50pt;\" width=\"98\">\u22640,1mm<\/td>\n<td class=\"et3\" style=\"width: 73.50pt;\" width=\"98\">\u22640,1mm<\/td>\n<\/tr>\n<tr style=\"height: 27.00pt;\">\n<td class=\"et2\" style=\"height: 27.00pt; width: 105.00pt;\" width=\"140\" height=\"36\">Material do arm\u00e1rio<\/td>\n<td class=\"et3\" style=\"width: 86.25pt;\" width=\"115\">Alum\u00ednio fundido sob press\u00e3o<\/td>\n<td class=\"et3\" style=\"width: 73.50pt;\" width=\"98\">O mesmo<\/td>\n<td class=\"et3\" style=\"width: 73.50pt;\" width=\"98\">O mesmo<\/td>\n<td class=\"et3\" style=\"width: 73.50pt;\" width=\"98\">O mesmo<\/td>\n<td class=\"et3\" style=\"width: 73.50pt;\" width=\"98\">O mesmo<\/td>\n<td class=\"et3\" style=\"width: 73.50pt;\" width=\"98\">O mesmo<\/td>\n<\/tr>\n<tr style=\"height: 54.00pt;\">\n<td class=\"et2\" style=\"height: 54.00pt; width: 105.00pt;\" width=\"140\" height=\"72\">Temperatura\/umidade de funcionamento<\/td>\n<td class=\"et3\" style=\"width: 86.25pt;\" width=\"115\">-20-60\u00b0C \/ 10%-85% HR (Sem condensa\u00e7\u00e3o)<\/td>\n<td class=\"et3\" style=\"width: 73.50pt;\" width=\"98\">O mesmo<\/td>\n<td class=\"et3\" style=\"width: 73.50pt;\" width=\"98\">O mesmo<\/td>\n<td class=\"et3\" style=\"width: 73.50pt;\" width=\"98\">O mesmo<\/td>\n<td class=\"et3\" style=\"width: 73.50pt;\" width=\"98\">O mesmo<\/td>\n<td class=\"et3\" style=\"width: 73.50pt;\" width=\"98\">O mesmo<\/td>\n<\/tr>\n<\/tbody>\n<\/table>","protected":false},"excerpt":{"rendered":"<p>Os ecr\u00e3s da s\u00e9rie COB (Chip on Board) representam um avan\u00e7o de vanguarda na tecnologia LED, oferecendo um desempenho visual superior, durabilidade e efici\u00eancia energ\u00e9tica. Estes ecr\u00e3s integram chips LED diretamente nos substratos, eliminando os m\u00e9todos de embalagem tradicionais para obter imagens perfeitas e de alta resolu\u00e7\u00e3o. Abaixo encontra-se uma vis\u00e3o geral abrangente dos ecr\u00e3s da s\u00e9rie COB, incluindo as suas carater\u00edsticas, vantagens e aplica\u00e7\u00f5es.<\/p>","protected":false},"featured_media":8808,"template":"","meta":[],"product_brand":[],"product_cat":[148,150,124],"product_tag":[],"class_list":{"0":"post-8801","1":"product","2":"type-product","3":"status-publish","4":"has-post-thumbnail","6":"product_cat-cob-led-series","7":"product_cat-flexible-leds","8":"product_cat-indoor-fine-pitch-leds","10":"first","11":"instock","12":"shipping-taxable","13":"product-type-simple"},"_links":{"self":[{"href":"https:\/\/arben-vision.com\/pt\/wp-json\/wp\/v2\/product\/8801","targetHints":{"allow":["GET"]}}],"collection":[{"href":"https:\/\/arben-vision.com\/pt\/wp-json\/wp\/v2\/product"}],"about":[{"href":"https:\/\/arben-vision.com\/pt\/wp-json\/wp\/v2\/types\/product"}],"version-history":[{"count":4,"href":"https:\/\/arben-vision.com\/pt\/wp-json\/wp\/v2\/product\/8801\/revisions"}],"predecessor-version":[{"id":8818,"href":"https:\/\/arben-vision.com\/pt\/wp-json\/wp\/v2\/product\/8801\/revisions\/8818"}],"wp:featuredmedia":[{"embeddable":true,"href":"https:\/\/arben-vision.com\/pt\/wp-json\/wp\/v2\/media\/8808"}],"wp:attachment":[{"href":"https:\/\/arben-vision.com\/pt\/wp-json\/wp\/v2\/media?parent=8801"}],"wp:term":[{"taxonomy":"product_brand","embeddable":true,"href":"https:\/\/arben-vision.com\/pt\/wp-json\/wp\/v2\/product_brand?post=8801"},{"taxonomy":"product_cat","embeddable":true,"href":"https:\/\/arben-vision.com\/pt\/wp-json\/wp\/v2\/product_cat?post=8801"},{"taxonomy":"product_tag","embeddable":true,"href":"https:\/\/arben-vision.com\/pt\/wp-json\/wp\/v2\/product_tag?post=8801"}],"curies":[{"name":"wp","href":"https:\/\/api.w.org\/{rel}","templated":true}]}}