{"id":8793,"date":"2025-07-28T14:49:13","date_gmt":"2025-07-28T14:49:13","guid":{"rendered":"https:\/\/arben-vision.com\/?post_type=product&#038;p=8793"},"modified":"2025-07-28T14:50:37","modified_gmt":"2025-07-28T14:50:37","slug":"outdoor-fixed-display-screen","status":"publish","type":"product","link":"https:\/\/arben-vision.com\/pt\/produto\/outdoor-fixed-display-screen\/","title":{"rendered":"Ecr\u00e3 fixo de exterior"},"content":{"rendered":"<p><strong>Vantagem do produto<\/strong><\/p>\n<p>1.Tipo de caixa: Standard\/Simples<br \/>\n2. ecr\u00e3 publicit\u00e1rio flex\u00edvel e pr\u00e1tico, que mostra a criatividade<br \/>\n3. est\u00e1vel e fi\u00e1vel, com excelente efeito de visualiza\u00e7\u00e3o<br \/>\n4. design profissional \u00e0 prova de \u00e1gua, n\u00edvel de prote\u00e7\u00e3o IP65, sem medo em condi\u00e7\u00f5es climat\u00e9ricas extremas.<\/p>\n<p><strong>Cen\u00e1rio de aplica\u00e7\u00e3o<\/strong><\/p>\n<p><img fetchpriority=\"high\" decoding=\"async\" class=\"alignnone size-medium wp-image-8795\" src=\"https:\/\/arben-vision.com\/wp-content\/uploads\/2025\/07\/\u8d44\u6e90-46@4x-300x241.png\" alt=\"\" width=\"300\" height=\"241\" srcset=\"https:\/\/arben-vision.com\/wp-content\/uploads\/2025\/07\/\u8d44\u6e90-46@4x-300x241.png 300w, https:\/\/arben-vision.com\/wp-content\/uploads\/2025\/07\/\u8d44\u6e90-46@4x-15x12.png 15w, https:\/\/arben-vision.com\/wp-content\/uploads\/2025\/07\/\u8d44\u6e90-46@4x-370x298.png 370w, https:\/\/arben-vision.com\/wp-content\/uploads\/2025\/07\/\u8d44\u6e90-46@4x-410x330.png 410w, https:\/\/arben-vision.com\/wp-content\/uploads\/2025\/07\/\u8d44\u6e90-46@4x-600x483.png 600w, https:\/\/arben-vision.com\/wp-content\/uploads\/2025\/07\/\u8d44\u6e90-46@4x.png 603w\" sizes=\"(max-width: 300px) 100vw, 300px\" \/> <img decoding=\"async\" class=\"alignnone size-medium wp-image-8796\" src=\"https:\/\/arben-vision.com\/wp-content\/uploads\/2025\/07\/\u8d44\u6e90-47@4x-300x241.png\" alt=\"\" width=\"300\" height=\"241\" srcset=\"https:\/\/arben-vision.com\/wp-content\/uploads\/2025\/07\/\u8d44\u6e90-47@4x-300x241.png 300w, https:\/\/arben-vision.com\/wp-content\/uploads\/2025\/07\/\u8d44\u6e90-47@4x-15x12.png 15w, https:\/\/arben-vision.com\/wp-content\/uploads\/2025\/07\/\u8d44\u6e90-47@4x-370x297.png 370w, https:\/\/arben-vision.com\/wp-content\/uploads\/2025\/07\/\u8d44\u6e90-47@4x-410x329.png 410w, https:\/\/arben-vision.com\/wp-content\/uploads\/2025\/07\/\u8d44\u6e90-47@4x-600x482.png 600w, https:\/\/arben-vision.com\/wp-content\/uploads\/2025\/07\/\u8d44\u6e90-47@4x.png 604w\" sizes=\"(max-width: 300px) 100vw, 300px\" \/> <img decoding=\"async\" class=\"alignnone size-medium wp-image-8797\" src=\"https:\/\/arben-vision.com\/wp-content\/uploads\/2025\/07\/\u8d44\u6e90-48@4x-300x241.png\" alt=\"\" width=\"300\" height=\"241\" srcset=\"https:\/\/arben-vision.com\/wp-content\/uploads\/2025\/07\/\u8d44\u6e90-48@4x-300x241.png 300w, https:\/\/arben-vision.com\/wp-content\/uploads\/2025\/07\/\u8d44\u6e90-48@4x-15x12.png 15w, https:\/\/arben-vision.com\/wp-content\/uploads\/2025\/07\/\u8d44\u6e90-48@4x-370x297.png 370w, https:\/\/arben-vision.com\/wp-content\/uploads\/2025\/07\/\u8d44\u6e90-48@4x-410x329.png 410w, https:\/\/arben-vision.com\/wp-content\/uploads\/2025\/07\/\u8d44\u6e90-48@4x-600x482.png 600w, https:\/\/arben-vision.com\/wp-content\/uploads\/2025\/07\/\u8d44\u6e90-48@4x.png 604w\" sizes=\"(max-width: 300px) 100vw, 300px\" \/><\/p>\n<p><strong>Par\u00e2metro t\u00e9cnico<\/strong><\/p>\n<table>\n<thead data-sentry-component=\"CustomThead\" data-sentry-source-file=\"index.tsx\">\n<tr data-sentry-component=\"CustomTr\" data-sentry-source-file=\"index.tsx\">\n<th data-sentry-component=\"CustomTh\" data-sentry-source-file=\"index.tsx\"><strong data-sourcepos=\"1:3-1:20\">Modelo do produto<\/strong><\/th>\n<th data-sentry-component=\"CustomTh\" data-sentry-source-file=\"index.tsx\">P2.5<\/th>\n<th data-sentry-component=\"CustomTh\" data-sentry-source-file=\"index.tsx\">P3<\/th>\n<th data-sentry-component=\"CustomTh\" data-sentry-source-file=\"index.tsx\">P3.076<\/th>\n<th data-sentry-component=\"CustomTh\" data-sentry-source-file=\"index.tsx\">P4<\/th>\n<th data-sentry-component=\"CustomTh\" data-sentry-source-file=\"index.tsx\">P5<\/th>\n<th data-sentry-component=\"CustomTh\" data-sentry-source-file=\"index.tsx\">P6<\/th>\n<th data-sentry-component=\"CustomTh\" data-sentry-source-file=\"index.tsx\">P6.67<\/th>\n<th data-sentry-component=\"CustomTh\" data-sentry-source-file=\"index.tsx\">P8<\/th>\n<th data-sentry-component=\"CustomTh\" data-sentry-source-file=\"index.tsx\">P10<\/th>\n<\/tr>\n<\/thead>\n<tbody data-sentry-component=\"CustomTbody\" data-sentry-source-file=\"index.tsx\">\n<tr data-sentry-component=\"CustomTr\" data-sentry-source-file=\"index.tsx\">\n<td data-sentry-component=\"CustomTd\" data-sentry-source-file=\"index.tsx\"><strong data-sourcepos=\"3:3-3:23\">Tamanho do m\u00f3dulo (mm)<\/strong><\/td>\n<td data-sentry-component=\"CustomTd\" data-sentry-source-file=\"index.tsx\">320\u00d7160<\/td>\n<td data-sentry-component=\"CustomTd\" data-sentry-source-file=\"index.tsx\">192\u00d7192<\/td>\n<td data-sentry-component=\"CustomTd\" data-sentry-source-file=\"index.tsx\">320\u00d7160<\/td>\n<td data-sentry-component=\"CustomTd\" data-sentry-source-file=\"index.tsx\">320\u00d7160\/256\u00d7128<\/td>\n<td data-sentry-component=\"CustomTd\" data-sentry-source-file=\"index.tsx\">320\u00d7160<\/td>\n<td data-sentry-component=\"CustomTd\" data-sentry-source-file=\"index.tsx\">192\u00d7192<\/td>\n<td data-sentry-component=\"CustomTd\" data-sentry-source-file=\"index.tsx\">320\u00d7160<\/td>\n<td data-sentry-component=\"CustomTd\" data-sentry-source-file=\"index.tsx\">320\u00d7160\/256\u00d7128<\/td>\n<td data-sentry-component=\"CustomTd\" data-sentry-source-file=\"index.tsx\">320\u00d7160<\/td>\n<\/tr>\n<tr data-sentry-component=\"CustomTr\" data-sentry-source-file=\"index.tsx\">\n<td data-sentry-component=\"CustomTd\" data-sentry-source-file=\"index.tsx\"><strong data-sourcepos=\"4:3-4:24\">Resolu\u00e7\u00e3o do m\u00f3dulo<\/strong><\/td>\n<td data-sentry-component=\"CustomTd\" data-sentry-source-file=\"index.tsx\">128\u00d764<\/td>\n<td data-sentry-component=\"CustomTd\" data-sentry-source-file=\"index.tsx\">64\u00d764<\/td>\n<td data-sentry-component=\"CustomTd\" data-sentry-source-file=\"index.tsx\">104\u00d752<\/td>\n<td data-sentry-component=\"CustomTd\" data-sentry-source-file=\"index.tsx\">80\u00d740\/64\u00d732<\/td>\n<td data-sentry-component=\"CustomTd\" data-sentry-source-file=\"index.tsx\">64\u00d732<\/td>\n<td data-sentry-component=\"CustomTd\" data-sentry-source-file=\"index.tsx\">32\u00d732<\/td>\n<td data-sentry-component=\"CustomTd\" data-sentry-source-file=\"index.tsx\">48\u00d724<\/td>\n<td data-sentry-component=\"CustomTd\" data-sentry-source-file=\"index.tsx\">40\u00d720\/32\u00d716<\/td>\n<td data-sentry-component=\"CustomTd\" data-sentry-source-file=\"index.tsx\">32\u00d716<\/td>\n<\/tr>\n<tr data-sentry-component=\"CustomTr\" data-sentry-source-file=\"index.tsx\">\n<td data-sentry-component=\"CustomTd\" data-sentry-source-file=\"index.tsx\"><strong data-sourcepos=\"5:3-5:24\">Tamanho do arm\u00e1rio (mm)<\/strong><\/td>\n<td data-sentry-component=\"CustomTd\" data-sentry-source-file=\"index.tsx\">960\u00d7960<\/td>\n<td data-sentry-component=\"CustomTd\" data-sentry-source-file=\"index.tsx\">960\u00d7960<\/td>\n<td data-sentry-component=\"CustomTd\" data-sentry-source-file=\"index.tsx\">960\u00d7960<\/td>\n<td data-sentry-component=\"CustomTd\" data-sentry-source-file=\"index.tsx\">960\u00d7960<\/td>\n<td data-sentry-component=\"CustomTd\" data-sentry-source-file=\"index.tsx\">960\u00d7960<\/td>\n<td data-sentry-component=\"CustomTd\" data-sentry-source-file=\"index.tsx\">960\u00d7960<\/td>\n<td data-sentry-component=\"CustomTd\" data-sentry-source-file=\"index.tsx\">960\u00d7960<\/td>\n<td data-sentry-component=\"CustomTd\" data-sentry-source-file=\"index.tsx\">960\u00d7960<\/td>\n<td data-sentry-component=\"CustomTd\" data-sentry-source-file=\"index.tsx\">960\u00d7960<\/td>\n<\/tr>\n<tr data-sentry-component=\"CustomTr\" data-sentry-source-file=\"index.tsx\">\n<td data-sentry-component=\"CustomTd\" data-sentry-source-file=\"index.tsx\"><strong data-sourcepos=\"6:3-6:25\">Resolu\u00e7\u00e3o do Conselho de Ministros<\/strong><\/td>\n<td data-sentry-component=\"CustomTd\" data-sentry-source-file=\"index.tsx\">384\u00d7384<\/td>\n<td data-sentry-component=\"CustomTd\" data-sentry-source-file=\"index.tsx\">320\u00d7320<\/td>\n<td data-sentry-component=\"CustomTd\" data-sentry-source-file=\"index.tsx\">312\u00d7312<\/td>\n<td data-sentry-component=\"CustomTd\" data-sentry-source-file=\"index.tsx\">240\u00d7240<\/td>\n<td data-sentry-component=\"CustomTd\" data-sentry-source-file=\"index.tsx\">192\u00d7192<\/td>\n<td data-sentry-component=\"CustomTd\" data-sentry-source-file=\"index.tsx\">160\u00d7160<\/td>\n<td data-sentry-component=\"CustomTd\" data-sentry-source-file=\"index.tsx\">144\u00d7144<\/td>\n<td data-sentry-component=\"CustomTd\" data-sentry-source-file=\"index.tsx\">120\u00d7120<\/td>\n<td data-sentry-component=\"CustomTd\" data-sentry-source-file=\"index.tsx\">96\u00d796<\/td>\n<\/tr>\n<tr data-sentry-component=\"CustomTr\" data-sentry-source-file=\"index.tsx\">\n<td data-sentry-component=\"CustomTd\" data-sentry-source-file=\"index.tsx\"><strong data-sourcepos=\"7:3-7:29\">Densidade f\u00edsica de pixels<\/strong><\/td>\n<td data-sentry-component=\"CustomTd\" data-sentry-source-file=\"index.tsx\">160000<\/td>\n<td data-sentry-component=\"CustomTd\" data-sentry-source-file=\"index.tsx\">111111<\/td>\n<td data-sentry-component=\"CustomTd\" data-sentry-source-file=\"index.tsx\">105688<\/td>\n<td data-sentry-component=\"CustomTd\" data-sentry-source-file=\"index.tsx\">62500<\/td>\n<td data-sentry-component=\"CustomTd\" data-sentry-source-file=\"index.tsx\">40000<\/td>\n<td data-sentry-component=\"CustomTd\" data-sentry-source-file=\"index.tsx\">27777<\/td>\n<td data-sentry-component=\"CustomTd\" data-sentry-source-file=\"index.tsx\">22500<\/td>\n<td data-sentry-component=\"CustomTd\" data-sentry-source-file=\"index.tsx\">15625<\/td>\n<td data-sentry-component=\"CustomTd\" data-sentry-source-file=\"index.tsx\">10000<\/td>\n<\/tr>\n<tr data-sentry-component=\"CustomTr\" data-sentry-source-file=\"index.tsx\">\n<td data-sentry-component=\"CustomTd\" data-sentry-source-file=\"index.tsx\"><strong data-sourcepos=\"8:3-8:23\">Tipo de embalagem LED<\/strong><\/td>\n<td data-sentry-component=\"CustomTd\" data-sentry-source-file=\"index.tsx\">SMD1415<\/td>\n<td data-sentry-component=\"CustomTd\" data-sentry-source-file=\"index.tsx\">SMD1415<\/td>\n<td data-sentry-component=\"CustomTd\" data-sentry-source-file=\"index.tsx\">SMD1415<\/td>\n<td data-sentry-component=\"CustomTd\" data-sentry-source-file=\"index.tsx\">SMD1921<\/td>\n<td data-sentry-component=\"CustomTd\" data-sentry-source-file=\"index.tsx\">SMD1921\/2727<\/td>\n<td data-sentry-component=\"CustomTd\" data-sentry-source-file=\"index.tsx\">SMD2727\/3535<\/td>\n<td data-sentry-component=\"CustomTd\" data-sentry-source-file=\"index.tsx\">SMD3535<\/td>\n<td data-sentry-component=\"CustomTd\" data-sentry-source-file=\"index.tsx\">SMD3535<\/td>\n<td data-sentry-component=\"CustomTd\" data-sentry-source-file=\"index.tsx\">SMD3535<\/td>\n<\/tr>\n<tr data-sentry-component=\"CustomTr\" data-sentry-source-file=\"index.tsx\">\n<td data-sentry-component=\"CustomTd\" data-sentry-source-file=\"index.tsx\"><strong data-sourcepos=\"9:3-9:27\">Pot\u00eancia m\u00e9dia (W\/m\u00b2)<\/strong><\/td>\n<td data-sentry-component=\"CustomTd\" data-sentry-source-file=\"index.tsx\">600<\/td>\n<td data-sentry-component=\"CustomTd\" data-sentry-source-file=\"index.tsx\">500<\/td>\n<td data-sentry-component=\"CustomTd\" data-sentry-source-file=\"index.tsx\">700<\/td>\n<td data-sentry-component=\"CustomTd\" data-sentry-source-file=\"index.tsx\">700<\/td>\n<td data-sentry-component=\"CustomTd\" data-sentry-source-file=\"index.tsx\">700<\/td>\n<td data-sentry-component=\"CustomTd\" data-sentry-source-file=\"index.tsx\">500<\/td>\n<td data-sentry-component=\"CustomTd\" data-sentry-source-file=\"index.tsx\">500<\/td>\n<td data-sentry-component=\"CustomTd\" data-sentry-source-file=\"index.tsx\">400<\/td>\n<td data-sentry-component=\"CustomTd\" data-sentry-source-file=\"index.tsx\">400<\/td>\n<\/tr>\n<tr data-sentry-component=\"CustomTr\" data-sentry-source-file=\"index.tsx\">\n<td data-sentry-component=\"CustomTd\" data-sentry-source-file=\"index.tsx\"><strong data-sourcepos=\"10:3-10:23\">Pot\u00eancia m\u00e1xima (W\/m\u00b2)<\/strong><\/td>\n<td data-sentry-component=\"CustomTd\" data-sentry-source-file=\"index.tsx\">1200<\/td>\n<td data-sentry-component=\"CustomTd\" data-sentry-source-file=\"index.tsx\">800<\/td>\n<td data-sentry-component=\"CustomTd\" data-sentry-source-file=\"index.tsx\">1400<\/td>\n<td data-sentry-component=\"CustomTd\" data-sentry-source-file=\"index.tsx\">1400<\/td>\n<td data-sentry-component=\"CustomTd\" data-sentry-source-file=\"index.tsx\">1400<\/td>\n<td data-sentry-component=\"CustomTd\" data-sentry-source-file=\"index.tsx\">900<\/td>\n<td data-sentry-component=\"CustomTd\" data-sentry-source-file=\"index.tsx\">900<\/td>\n<td data-sentry-component=\"CustomTd\" data-sentry-source-file=\"index.tsx\">800<\/td>\n<td data-sentry-component=\"CustomTd\" data-sentry-source-file=\"index.tsx\">800<\/td>\n<\/tr>\n<tr data-sentry-component=\"CustomTr\" data-sentry-source-file=\"index.tsx\">\n<td data-sentry-component=\"CustomTd\" data-sentry-source-file=\"index.tsx\"><strong data-sourcepos=\"11:3-11:17\">Modo de condu\u00e7\u00e3o<\/strong><\/td>\n<td data-sentry-component=\"CustomTd\" data-sentry-source-file=\"index.tsx\">1\/16<\/td>\n<td data-sentry-component=\"CustomTd\" data-sentry-source-file=\"index.tsx\">1\/16<\/td>\n<td data-sentry-component=\"CustomTd\" data-sentry-source-file=\"index.tsx\">1\/13<\/td>\n<td data-sentry-component=\"CustomTd\" data-sentry-source-file=\"index.tsx\">1\/10 1\/8<\/td>\n<td data-sentry-component=\"CustomTd\" data-sentry-source-file=\"index.tsx\">1\/8<\/td>\n<td data-sentry-component=\"CustomTd\" data-sentry-source-file=\"index.tsx\">1\/8<\/td>\n<td data-sentry-component=\"CustomTd\" data-sentry-source-file=\"index.tsx\">1\/6<\/td>\n<td data-sentry-component=\"CustomTd\" data-sentry-source-file=\"index.tsx\">1\/5 1\/4<\/td>\n<td data-sentry-component=\"CustomTd\" data-sentry-source-file=\"index.tsx\">1\/4<\/td>\n<\/tr>\n<tr data-sentry-component=\"CustomTr\" data-sentry-source-file=\"index.tsx\">\n<td data-sentry-component=\"CustomTd\" data-sentry-source-file=\"index.tsx\"><strong data-sourcepos=\"12:3-12:39\">Balan\u00e7o de brancos Brilho (cd\/m\u00b2)<\/strong><\/td>\n<td data-sentry-component=\"CustomTd\" data-sentry-source-file=\"index.tsx\">4000-5500<\/td>\n<td data-sentry-component=\"CustomTd\" data-sentry-source-file=\"index.tsx\">4000-5500<\/td>\n<td data-sentry-component=\"CustomTd\" data-sentry-source-file=\"index.tsx\">4000-5500<\/td>\n<td data-sentry-component=\"CustomTd\" data-sentry-source-file=\"index.tsx\">4000-5500<\/td>\n<td data-sentry-component=\"CustomTd\" data-sentry-source-file=\"index.tsx\">4000-5500<\/td>\n<td data-sentry-component=\"CustomTd\" data-sentry-source-file=\"index.tsx\">4000-5500<\/td>\n<td data-sentry-component=\"CustomTd\" data-sentry-source-file=\"index.tsx\">4000-5500<\/td>\n<td data-sentry-component=\"CustomTd\" data-sentry-source-file=\"index.tsx\">4000-5500<\/td>\n<td data-sentry-component=\"CustomTd\" data-sentry-source-file=\"index.tsx\">4000-5500<\/td>\n<\/tr>\n<tr data-sentry-component=\"CustomTr\" data-sentry-source-file=\"index.tsx\">\n<td data-sentry-component=\"CustomTd\" data-sentry-source-file=\"index.tsx\"><strong data-sourcepos=\"13:3-13:19\">Taxa de atualiza\u00e7\u00e3o<\/strong><\/td>\n<td data-sentry-component=\"CustomTd\" data-sentry-source-file=\"index.tsx\">1920-3840Hz<\/td>\n<td data-sentry-component=\"CustomTd\" data-sentry-source-file=\"index.tsx\">1920-3840Hz<\/td>\n<td data-sentry-component=\"CustomTd\" data-sentry-source-file=\"index.tsx\">1920-3840Hz<\/td>\n<td data-sentry-component=\"CustomTd\" data-sentry-source-file=\"index.tsx\">1920-3840Hz<\/td>\n<td data-sentry-component=\"CustomTd\" data-sentry-source-file=\"index.tsx\">1920-3840Hz<\/td>\n<td data-sentry-component=\"CustomTd\" data-sentry-source-file=\"index.tsx\">1920-3840Hz<\/td>\n<td data-sentry-component=\"CustomTd\" data-sentry-source-file=\"index.tsx\">1920-3840Hz<\/td>\n<td data-sentry-component=\"CustomTd\" data-sentry-source-file=\"index.tsx\">1920-3840Hz<\/td>\n<td data-sentry-component=\"CustomTd\" data-sentry-source-file=\"index.tsx\">1920-3840Hz<\/td>\n<\/tr>\n<tr data-sentry-component=\"CustomTr\" data-sentry-source-file=\"index.tsx\">\n<td data-sentry-component=\"CustomTd\" data-sentry-source-file=\"index.tsx\"><strong data-sourcepos=\"14:3-14:17\">Taxa de quadros<\/strong><\/td>\n<td data-sentry-component=\"CustomTd\" data-sentry-source-file=\"index.tsx\">\u226550\/60<\/td>\n<td data-sentry-component=\"CustomTd\" data-sentry-source-file=\"index.tsx\">\u226550\/60<\/td>\n<td data-sentry-component=\"CustomTd\" data-sentry-source-file=\"index.tsx\">\u226550\/60<\/td>\n<td data-sentry-component=\"CustomTd\" data-sentry-source-file=\"index.tsx\">\u226550\/60<\/td>\n<td data-sentry-component=\"CustomTd\" data-sentry-source-file=\"index.tsx\">\u226550\/60<\/td>\n<td data-sentry-component=\"CustomTd\" data-sentry-source-file=\"index.tsx\">\u226550\/60<\/td>\n<td data-sentry-component=\"CustomTd\" data-sentry-source-file=\"index.tsx\">\u226550\/60<\/td>\n<td data-sentry-component=\"CustomTd\" data-sentry-source-file=\"index.tsx\">\u226550\/60<\/td>\n<td data-sentry-component=\"CustomTd\" data-sentry-source-file=\"index.tsx\">\u226550\/60<\/td>\n<\/tr>\n<tr data-sentry-component=\"CustomTr\" data-sentry-source-file=\"index.tsx\">\n<td data-sentry-component=\"CustomTd\" data-sentry-source-file=\"index.tsx\"><strong data-sourcepos=\"15:3-15:19\">Modo de controlo<\/strong><\/td>\n<td data-sentry-component=\"CustomTd\" data-sentry-source-file=\"index.tsx\">Sincronizado\/Ass\u00edncrono<\/td>\n<td data-sentry-component=\"CustomTd\" data-sentry-source-file=\"index.tsx\">Sincronizado\/Ass\u00edncrono<\/td>\n<td data-sentry-component=\"CustomTd\" data-sentry-source-file=\"index.tsx\">S\u00edncrono<\/td>\n<td data-sentry-component=\"CustomTd\" data-sentry-source-file=\"index.tsx\">S\u00edncrono<\/td>\n<td data-sentry-component=\"CustomTd\" data-sentry-source-file=\"index.tsx\">S\u00edncrono<\/td>\n<td data-sentry-component=\"CustomTd\" data-sentry-source-file=\"index.tsx\">Sincronizado\/Ass\u00edncrono<\/td>\n<td data-sentry-component=\"CustomTd\" data-sentry-source-file=\"index.tsx\">S\u00edncrono<\/td>\n<td data-sentry-component=\"CustomTd\" data-sentry-source-file=\"index.tsx\">Sincronizado\/Ass\u00edncrono<\/td>\n<td data-sentry-component=\"CustomTd\" data-sentry-source-file=\"index.tsx\">Sincronizado\/Ass\u00edncrono<\/td>\n<\/tr>\n<tr data-sentry-component=\"CustomTr\" data-sentry-source-file=\"index.tsx\">\n<td data-sentry-component=\"CustomTd\" data-sentry-source-file=\"index.tsx\"><strong data-sourcepos=\"16:3-16:19\">Fonte de alimenta\u00e7\u00e3o<\/strong><\/td>\n<td data-sentry-component=\"CustomTd\" data-sentry-source-file=\"index.tsx\">AC110\/220V<\/td>\n<td data-sentry-component=\"CustomTd\" data-sentry-source-file=\"index.tsx\">AC110\/220V<\/td>\n<td data-sentry-component=\"CustomTd\" data-sentry-source-file=\"index.tsx\">AC110\/220V<\/td>\n<td data-sentry-component=\"CustomTd\" data-sentry-source-file=\"index.tsx\">AC110\/220V<\/td>\n<td data-sentry-component=\"CustomTd\" data-sentry-source-file=\"index.tsx\">AC110\/220V<\/td>\n<td data-sentry-component=\"CustomTd\" data-sentry-source-file=\"index.tsx\">AC110\/220V<\/td>\n<td data-sentry-component=\"CustomTd\" data-sentry-source-file=\"index.tsx\">AC110\/220V<\/td>\n<td data-sentry-component=\"CustomTd\" data-sentry-source-file=\"index.tsx\">AC110\/220V<\/td>\n<td data-sentry-component=\"CustomTd\" data-sentry-source-file=\"index.tsx\">AC110\/220V<\/td>\n<\/tr>\n<\/tbody>\n<\/table>\n<p>&nbsp;<\/p>","protected":false},"excerpt":{"rendered":"<p>Os ecr\u00e3s fixos para exterior destacam-se pelo seu elevado brilho (at\u00e9 5000+ nits) para uma visibilidade clara sob a luz solar. \u00c0 prova de \u00e1gua e de p\u00f3 IP65\/66, resistem a condi\u00e7\u00f5es climat\u00e9ricas adversas. O elevado contraste e os \u00e2ngulos de visualiza\u00e7\u00e3o alargados garantem imagens vivas. Eficientes em termos energ\u00e9ticos, dur\u00e1veis e de f\u00e1cil manuten\u00e7\u00e3o, s\u00e3o ideais para publicidade, apresenta\u00e7\u00e3o de informa\u00e7\u00f5es e \u00e1reas p\u00fablicas, oferecendo um desempenho fi\u00e1vel 24 horas por dia, 7 dias por semana.<\/p>","protected":false},"featured_media":8794,"template":"","meta":[],"product_brand":[],"product_cat":[149,121,123],"product_tag":[],"class_list":{"0":"post-8793","1":"product","2":"type-product","3":"status-publish","4":"has-post-thumbnail","6":"product_cat-direct-drive-leds","7":"product_cat-outdoor-led-screens","8":"product_cat-transparent-leds","10":"first","11":"instock","12":"shipping-taxable","13":"product-type-simple"},"_links":{"self":[{"href":"https:\/\/arben-vision.com\/pt\/wp-json\/wp\/v2\/product\/8793","targetHints":{"allow":["GET"]}}],"collection":[{"href":"https:\/\/arben-vision.com\/pt\/wp-json\/wp\/v2\/product"}],"about":[{"href":"https:\/\/arben-vision.com\/pt\/wp-json\/wp\/v2\/types\/product"}],"version-history":[{"count":2,"href":"https:\/\/arben-vision.com\/pt\/wp-json\/wp\/v2\/product\/8793\/revisions"}],"predecessor-version":[{"id":8799,"href":"https:\/\/arben-vision.com\/pt\/wp-json\/wp\/v2\/product\/8793\/revisions\/8799"}],"wp:featuredmedia":[{"embeddable":true,"href":"https:\/\/arben-vision.com\/pt\/wp-json\/wp\/v2\/media\/8794"}],"wp:attachment":[{"href":"https:\/\/arben-vision.com\/pt\/wp-json\/wp\/v2\/media?parent=8793"}],"wp:term":[{"taxonomy":"product_brand","embeddable":true,"href":"https:\/\/arben-vision.com\/pt\/wp-json\/wp\/v2\/product_brand?post=8793"},{"taxonomy":"product_cat","embeddable":true,"href":"https:\/\/arben-vision.com\/pt\/wp-json\/wp\/v2\/product_cat?post=8793"},{"taxonomy":"product_tag","embeddable":true,"href":"https:\/\/arben-vision.com\/pt\/wp-json\/wp\/v2\/product_tag?post=8793"}],"curies":[{"name":"wp","href":"https:\/\/api.w.org\/{rel}","templated":true}]}}