{"id":8763,"date":"2025-07-28T13:29:53","date_gmt":"2025-07-28T13:29:53","guid":{"rendered":"https:\/\/arben-vision.com\/?post_type=product&#038;p=8763"},"modified":"2025-07-28T13:39:34","modified_gmt":"2025-07-28T13:39:34","slug":"direct-drive-transparent-screen-series-rental","status":"publish","type":"product","link":"https:\/\/arben-vision.com\/pt\/produto\/direct-drive-transparent-screen-series-rental\/","title":{"rendered":"S\u00e9rie de ecr\u00e3s transparentes de acionamento direto - aluguer"},"content":{"rendered":"<p><strong>Vantagem do produto<\/strong><br \/>\n1. Primeiro da ind\u00fastria, com um ecr\u00e3 hologr\u00e1fico transparente com espa\u00e7amento igual entre p\u00edxeis, proporcionando o dobro da nitidez em compara\u00e7\u00e3o com os ecr\u00e3s transparentes em grelha.<br \/>\n2. Exclusivo na ind\u00fastria, chip de driver feito \u00e0 medida especificamente para ecr\u00e3s hologr\u00e1ficos transparentes, com uma fiabilidade extremamente elevada; com uma tecnologia de ponta de 7680Hz, satisfazendo os requisitos de filmagem virtual de n\u00edvel XR.<br \/>\n3. \u00danica na ind\u00fastria, cada caixa integra um sistema de controlo de um \u00fanico chip, executa o sistema operativo inteligente Linux e adopta uma substitui\u00e7\u00e3o de baixo custo da liga\u00e7\u00e3o por cabo de rede gigabit, satisfazendo elevados requisitos de personaliza\u00e7\u00e3o em v\u00e1rios cen\u00e1rios.<br \/>\n4. Equipado com um fecho r\u00e1pido curvo padr\u00e3o de 15\u00b0 e fechos r\u00e1pidos superiores e inferiores de tra\u00e7\u00e3o, permitindo a uni\u00e3o em \u00e2ngulo reto de 90\u00b0; f\u00e1cil de montar e r\u00e1pido de instalar.<\/p>\n<p><strong>Par\u00e2metro t\u00e9cnico<\/strong><\/p>\n<table width=\"731\">\n<tbody>\n<tr>\n<td width=\"72\">modelo<\/td>\n<td width=\"149\">Espa\u00e7amento entre pixels<\/td>\n<td width=\"72\">Tipo de l\u00e2mpada<\/td>\n<td width=\"112\">Tamanho da caixa (cm)<\/td>\n<td width=\"72\">Pix\u00e9is<\/td>\n<td width=\"110\">Brilho (nits\/m)<\/td>\n<td width=\"72\">Transpar\u00eancia<\/td>\n<td width=\"72\">N\u00famero de digitaliza\u00e7\u00e3o<\/td>\n<\/tr>\n<tr>\n<td>R2.6-W<\/td>\n<td>2.6<\/td>\n<td>1010<\/td>\n<td>100&#215;50<\/td>\n<td>384&#215;192<\/td>\n<td>4200<\/td>\n<td>36%<\/td>\n<td>24<\/td>\n<\/tr>\n<tr>\n<td>R3.91-W<\/td>\n<td>3.91<\/td>\n<td>1415<\/td>\n<td>100&#215;50<\/td>\n<td>256&#215;128<\/td>\n<td>4800<\/td>\n<td>50%<\/td>\n<td>16<\/td>\n<\/tr>\n<tr>\n<td>R4.81-W<\/td>\n<td>4.81<\/td>\n<td>1415<\/td>\n<td>100&#215;50<\/td>\n<td>208&#215;104<\/td>\n<td>4500<\/td>\n<td>50%<\/td>\n<td>13<\/td>\n<\/tr>\n<\/tbody>\n<\/table>","protected":false},"excerpt":{"rendered":"<p><strong data-sourcepos=\"3:1-3:35\">Ideal para configura\u00e7\u00f5es din\u00e2micas de eventos<\/strong>os ecr\u00e3s LED transparentes de acionamento direto oferecem <strong data-sourcepos=\"3:80-3:111\">elevada transpar\u00eancia (55%-80%)<\/strong> ao mesmo tempo que fornece <strong data-sourcepos=\"3:129-3:171\">imagens vibrantes \u22654.500 nits de brilho<\/strong>garantindo uma integra\u00e7\u00e3o perfeita com estruturas de vidro e elementos arquitect\u00f3nicos. Concebidos para a efici\u00eancia do aluguer, estes ecr\u00e3s incluem <strong data-sourcepos=\"3:307-3:337\">arm\u00e1rios ultra-leves<\/strong> (t\u00e3o baixo quanto 8,5 kg\/m\u00b2) e sem ferramentas <strong data-sourcepos=\"3:373-3:391\">fechaduras magn\u00e9ticas<\/strong> para uma instala\u00e7\u00e3o r\u00e1pida. Os seus <strong data-sourcepos=\"3:422-3:440\">conce\u00e7\u00e3o modular<\/strong> suporta configura\u00e7\u00f5es curvas (\u00b115\u00b0 de arco) ou angulares de 90\u00b0, permitindo apresenta\u00e7\u00f5es criativas em concertos, exposi\u00e7\u00f5es e espa\u00e7os comerciais. Com <strong data-sourcepos=\"3:575-3:602\">Impermeabiliza\u00e7\u00e3o IP65\/IP66<\/strong>, <strong data-sourcepos=\"3:604-3:637\">acesso para manuten\u00e7\u00e3o \u00e0 frente\/atr\u00e1s<\/strong>e um funcionamento energeticamente eficiente, combinam durabilidade com versatilidade plug-and-play para instala\u00e7\u00f5es tempor\u00e1rias de grande impacto.<\/p>","protected":false},"featured_media":8764,"template":"","meta":[],"product_brand":[],"product_cat":[149],"product_tag":[],"class_list":{"0":"post-8763","1":"product","2":"type-product","3":"status-publish","4":"has-post-thumbnail","6":"product_cat-direct-drive-leds","8":"first","9":"instock","10":"shipping-taxable","11":"product-type-simple"},"_links":{"self":[{"href":"https:\/\/arben-vision.com\/pt\/wp-json\/wp\/v2\/product\/8763","targetHints":{"allow":["GET"]}}],"collection":[{"href":"https:\/\/arben-vision.com\/pt\/wp-json\/wp\/v2\/product"}],"about":[{"href":"https:\/\/arben-vision.com\/pt\/wp-json\/wp\/v2\/types\/product"}],"version-history":[{"count":3,"href":"https:\/\/arben-vision.com\/pt\/wp-json\/wp\/v2\/product\/8763\/revisions"}],"predecessor-version":[{"id":8833,"href":"https:\/\/arben-vision.com\/pt\/wp-json\/wp\/v2\/product\/8763\/revisions\/8833"}],"wp:featuredmedia":[{"embeddable":true,"href":"https:\/\/arben-vision.com\/pt\/wp-json\/wp\/v2\/media\/8764"}],"wp:attachment":[{"href":"https:\/\/arben-vision.com\/pt\/wp-json\/wp\/v2\/media?parent=8763"}],"wp:term":[{"taxonomy":"product_brand","embeddable":true,"href":"https:\/\/arben-vision.com\/pt\/wp-json\/wp\/v2\/product_brand?post=8763"},{"taxonomy":"product_cat","embeddable":true,"href":"https:\/\/arben-vision.com\/pt\/wp-json\/wp\/v2\/product_cat?post=8763"},{"taxonomy":"product_tag","embeddable":true,"href":"https:\/\/arben-vision.com\/pt\/wp-json\/wp\/v2\/product_tag?post=8763"}],"curies":[{"name":"wp","href":"https:\/\/api.w.org\/{rel}","templated":true}]}}