{"id":8755,"date":"2025-07-28T12:43:32","date_gmt":"2025-07-28T12:43:32","guid":{"rendered":"https:\/\/arben-vision.com\/?post_type=product&#038;p=8755"},"modified":"2025-07-28T13:38:49","modified_gmt":"2025-07-28T13:38:49","slug":"direct-drive-transparent-screen-series-fixed-installation","status":"publish","type":"product","link":"https:\/\/arben-vision.com\/pt\/produto\/direct-drive-transparent-screen-series-fixed-installation\/","title":{"rendered":"S\u00e9rie de ecr\u00e3s transparentes de acionamento direto - instala\u00e7\u00e3o fixa"},"content":{"rendered":"<p>Vantagens do produto<br \/>\n1. Caixa de perfil refor\u00e7ado, mais forte do que a caixa de fundi\u00e7\u00e3o, anti-distor\u00e7\u00e3o, com 750 kg de resist\u00eancia \u00e0 tra\u00e7\u00e3o.<br \/>\n2. Ecr\u00e3 hologr\u00e1fico transparente com igual dist\u00e2ncia entre p\u00edxeis, duas vezes mais n\u00edtido do que o ecr\u00e3 transparente da grelha.<br \/>\n3. Chip de condutor personalizado para ecr\u00e3 hologr\u00e1fico transparente, com brilho superior a 4500 e taxa de atualiza\u00e7\u00e3o superior a 5760Hz.<br \/>\n4. Instala\u00e7\u00e3o r\u00e1pida, manuten\u00e7\u00e3o f\u00e1cil, desempenho de alto custo.<\/p>\n<pre id=\"tw-target-text\" class=\"tw-data-text tw-text-large tw-ta\" dir=\"ltr\" data-placeholder=\"\u7ffb\u8bd1\" data-ved=\"2ahUKEwi_rIWUyN-OAxVQcfUHHV91D_0Q3ewLegQIDRAV\" aria-label=\"\u8bd1\u6587\uff1aModelo Espa\u00e7amento entre pixels Tipo de l\u00e2mpada Tamanho da caixa (cm) Pixels Brilho (nits\/m) Transpar\u00eancia N\u00famero de digitaliza\u00e7\u00e3o Par\u00e2metros t\u00e9cnicos\"><strong><span class=\"Y2IQFc\" lang=\"en\">Par\u00e2metros t\u00e9cnicos<\/span><\/strong><\/pre>\n<table width=\"731\">\n<tbody>\n<tr>\n<td width=\"72\">modelo<\/td>\n<td width=\"149\">Espa\u00e7amento entre pixels<\/td>\n<td width=\"72\">Tipo de l\u00e2mpada<\/td>\n<td width=\"112\">Tamanho da caixa (cm)<\/td>\n<td width=\"72\">Pix\u00e9is<\/td>\n<td width=\"110\">Brilho (nits\/m)<\/td>\n<td width=\"72\">Transpar\u00eancia<\/td>\n<td width=\"72\">N\u00famero de digitaliza\u00e7\u00e3o<\/td>\n<\/tr>\n<tr>\n<td>G4.8IW<\/td>\n<td>4.81<\/td>\n<td>1921<\/td>\n<td>100X50<\/td>\n<td>208&#215;104<\/td>\n<td>4500<\/td>\n<td>40%<\/td>\n<td>13<\/td>\n<\/tr>\n<\/tbody>\n<\/table>","protected":false},"excerpt":{"rendered":"<p>O <strong data-start=\"71\" data-end=\"113\">S\u00e9rie de ecr\u00e3s transparentes de transmiss\u00e3o direta<\/strong> \u00e9 um produto avan\u00e7ado que integra a inovadora tecnologia de acionamento direto com uma solu\u00e7\u00e3o de visualiza\u00e7\u00e3o de elevada transpar\u00eancia. \u00c9 utilizado principalmente em ecr\u00e3s comerciais, publicidade em montras, montagens de exposi\u00e7\u00f5es e decora\u00e7\u00e3o de palcos. Esta s\u00e9rie abandona o layout tradicional do driver IC e adopta um design de acionamento direto, reduzindo eficazmente os caminhos de transmiss\u00e3o, melhorando a velocidade de resposta e aumentando a estabilidade do ecr\u00e3.<\/p>","protected":false},"featured_media":8756,"template":"","meta":[],"product_brand":[],"product_cat":[149],"product_tag":[],"class_list":{"0":"post-8755","1":"product","2":"type-product","3":"status-publish","4":"has-post-thumbnail","6":"product_cat-direct-drive-leds","8":"first","9":"instock","10":"shipping-taxable","11":"product-type-simple"},"_links":{"self":[{"href":"https:\/\/arben-vision.com\/pt\/wp-json\/wp\/v2\/product\/8755","targetHints":{"allow":["GET"]}}],"collection":[{"href":"https:\/\/arben-vision.com\/pt\/wp-json\/wp\/v2\/product"}],"about":[{"href":"https:\/\/arben-vision.com\/pt\/wp-json\/wp\/v2\/types\/product"}],"version-history":[{"count":8,"href":"https:\/\/arben-vision.com\/pt\/wp-json\/wp\/v2\/product\/8755\/revisions"}],"predecessor-version":[{"id":8758,"href":"https:\/\/arben-vision.com\/pt\/wp-json\/wp\/v2\/product\/8755\/revisions\/8758"}],"wp:featuredmedia":[{"embeddable":true,"href":"https:\/\/arben-vision.com\/pt\/wp-json\/wp\/v2\/media\/8756"}],"wp:attachment":[{"href":"https:\/\/arben-vision.com\/pt\/wp-json\/wp\/v2\/media?parent=8755"}],"wp:term":[{"taxonomy":"product_brand","embeddable":true,"href":"https:\/\/arben-vision.com\/pt\/wp-json\/wp\/v2\/product_brand?post=8755"},{"taxonomy":"product_cat","embeddable":true,"href":"https:\/\/arben-vision.com\/pt\/wp-json\/wp\/v2\/product_cat?post=8755"},{"taxonomy":"product_tag","embeddable":true,"href":"https:\/\/arben-vision.com\/pt\/wp-json\/wp\/v2\/product_tag?post=8755"}],"curies":[{"name":"wp","href":"https:\/\/api.w.org\/{rel}","templated":true}]}}