{"id":7300,"date":"2025-02-22T07:29:45","date_gmt":"2025-02-22T07:29:45","guid":{"rendered":"http:\/\/arben-vision.com\/?post_type=product&#038;p=7300"},"modified":"2025-07-01T15:12:49","modified_gmt":"2025-07-01T15:12:49","slug":"precise-temperature-controlled-type-heating-and-cooling-circulator","status":"publish","type":"product","link":"https:\/\/arben-vision.com\/pt\/produto\/precise-temperature-controlled-type-heating-and-cooling-circulator\/","title":{"rendered":"Ecr\u00e3 LED fixo de passo fino para interior - S\u00e9rie Jade"},"content":{"rendered":"<div data-elementor-type=\"product-post\" data-elementor-id=\"7300\" class=\"elementor elementor-7300\" data-elementor-settings=\"{&quot;element_pack_global_tooltip_width&quot;:{&quot;unit&quot;:&quot;px&quot;,&quot;size&quot;:&quot;&quot;,&quot;sizes&quot;:[]},&quot;element_pack_global_tooltip_width_tablet&quot;:{&quot;unit&quot;:&quot;px&quot;,&quot;size&quot;:&quot;&quot;,&quot;sizes&quot;:[]},&quot;element_pack_global_tooltip_width_mobile&quot;:{&quot;unit&quot;:&quot;px&quot;,&quot;size&quot;:&quot;&quot;,&quot;sizes&quot;:[]},&quot;element_pack_global_tooltip_padding&quot;:{&quot;unit&quot;:&quot;px&quot;,&quot;top&quot;:&quot;&quot;,&quot;right&quot;:&quot;&quot;,&quot;bottom&quot;:&quot;&quot;,&quot;left&quot;:&quot;&quot;,&quot;isLinked&quot;:true},&quot;element_pack_global_tooltip_padding_tablet&quot;:{&quot;unit&quot;:&quot;px&quot;,&quot;top&quot;:&quot;&quot;,&quot;right&quot;:&quot;&quot;,&quot;bottom&quot;:&quot;&quot;,&quot;left&quot;:&quot;&quot;,&quot;isLinked&quot;:true},&quot;element_pack_global_tooltip_padding_mobile&quot;:{&quot;unit&quot;:&quot;px&quot;,&quot;top&quot;:&quot;&quot;,&quot;right&quot;:&quot;&quot;,&quot;bottom&quot;:&quot;&quot;,&quot;left&quot;:&quot;&quot;,&quot;isLinked&quot;:true},&quot;element_pack_global_tooltip_border_radius&quot;:{&quot;unit&quot;:&quot;px&quot;,&quot;top&quot;:&quot;&quot;,&quot;right&quot;:&quot;&quot;,&quot;bottom&quot;:&quot;&quot;,&quot;left&quot;:&quot;&quot;,&quot;isLinked&quot;:true},&quot;element_pack_global_tooltip_border_radius_tablet&quot;:{&quot;unit&quot;:&quot;px&quot;,&quot;top&quot;:&quot;&quot;,&quot;right&quot;:&quot;&quot;,&quot;bottom&quot;:&quot;&quot;,&quot;left&quot;:&quot;&quot;,&quot;isLinked&quot;:true},&quot;element_pack_global_tooltip_border_radius_mobile&quot;:{&quot;unit&quot;:&quot;px&quot;,&quot;top&quot;:&quot;&quot;,&quot;right&quot;:&quot;&quot;,&quot;bottom&quot;:&quot;&quot;,&quot;left&quot;:&quot;&quot;,&quot;isLinked&quot;:true}}\" data-elementor-post-type=\"product\">\n\t\t\t\t\t\t<section class=\"elementor-section elementor-top-section elementor-element elementor-element-689cf8b4 elementor-section-boxed elementor-section-height-default elementor-section-height-default sc_fly_static\" data-id=\"689cf8b4\" data-element_type=\"section\">\n\t\t\t\t\t\t<div class=\"elementor-container elementor-column-gap-extended\">\n\t\t\t\t\t<div class=\"elementor-column elementor-col-100 elementor-top-column elementor-element elementor-element-3ad0909c sc_content_align_inherit sc_layouts_column_icons_position_left sc_fly_static\" data-id=\"3ad0909c\" data-element_type=\"column\">\n\t\t\t<div class=\"elementor-widget-wrap elementor-element-populated\">\n\t\t\t\t\t\t<div class=\"elementor-element elementor-element-174c875 sc_fly_static elementor-widget elementor-widget-text-editor\" data-id=\"174c875\" data-element_type=\"widget\" data-widget_type=\"text-editor.default\">\n\t\t\t\t<div class=\"elementor-widget-container\">\n\t\t\t\t\t\t\t\t\t<p>Vantagem do produto<\/p>\t\t\t\t\t\t\t\t<\/div>\n\t\t\t\t<\/div>\n\t\t\t\t<div class=\"elementor-element elementor-element-b4edabb elementor-widget-divider--view-line sc_fly_static elementor-widget elementor-widget-divider\" data-id=\"b4edabb\" data-element_type=\"widget\" data-widget_type=\"divider.default\">\n\t\t\t\t<div class=\"elementor-widget-container\">\n\t\t\t\t\t\t\t<div class=\"elementor-divider\">\n\t\t\t<span class=\"elementor-divider-separator\">\n\t\t\t\t\t\t<\/span>\n\t\t<\/div>\n\t\t\t\t\t\t<\/div>\n\t\t\t\t<\/div>\n\t\t\t\t<section class=\"elementor-section elementor-inner-section elementor-element elementor-element-4433ee6 elementor-section-boxed elementor-section-height-default elementor-section-height-default sc_fly_static\" data-id=\"4433ee6\" data-element_type=\"section\">\n\t\t\t\t\t\t<div class=\"elementor-container elementor-column-gap-narrow\">\n\t\t\t\t\t<div class=\"elementor-column elementor-col-50 elementor-inner-column elementor-element elementor-element-5321879 sc_content_align_inherit sc_layouts_column_icons_position_left sc_fly_static\" data-id=\"5321879\" data-element_type=\"column\">\n\t\t\t<div class=\"elementor-widget-wrap elementor-element-populated\">\n\t\t\t\t\t\t<div class=\"elementor-element elementor-element-12148f9 sc_fly_static elementor-widget elementor-widget-image\" data-id=\"12148f9\" data-element_type=\"widget\" data-widget_type=\"image.default\">\n\t\t\t\t<div class=\"elementor-widget-container\">\n\t\t\t\t\t\t\t\t\t\t\t\t\t\t\t<img fetchpriority=\"high\" decoding=\"async\" width=\"1000\" height=\"700\" src=\"https:\/\/arben-vision.com\/wp-content\/uploads\/2025\/02\/\u56fe\u7247-1.png\" class=\"attachment-large size-large wp-image-8336\" alt=\"\" srcset=\"https:\/\/arben-vision.com\/wp-content\/uploads\/2025\/02\/\u56fe\u7247-1.png 1000w, https:\/\/arben-vision.com\/wp-content\/uploads\/2025\/02\/\u56fe\u7247-1-300x210.png 300w, https:\/\/arben-vision.com\/wp-content\/uploads\/2025\/02\/\u56fe\u7247-1-768x538.png 768w, https:\/\/arben-vision.com\/wp-content\/uploads\/2025\/02\/\u56fe\u7247-1-18x12.png 18w, https:\/\/arben-vision.com\/wp-content\/uploads\/2025\/02\/\u56fe\u7247-1-370x259.png 370w, https:\/\/arben-vision.com\/wp-content\/uploads\/2025\/02\/\u56fe\u7247-1-840x588.png 840w, https:\/\/arben-vision.com\/wp-content\/uploads\/2025\/02\/\u56fe\u7247-1-410x287.png 410w, https:\/\/arben-vision.com\/wp-content\/uploads\/2025\/02\/\u56fe\u7247-1-600x420.png 600w\" sizes=\"(max-width: 1000px) 100vw, 1000px\" \/>\t\t\t\t\t\t\t\t\t\t\t\t\t\t\t<\/div>\n\t\t\t\t<\/div>\n\t\t\t\t<div class=\"elementor-element elementor-element-02a50b4 sc_fly_static elementor-widget elementor-widget-text-editor\" data-id=\"02a50b4\" data-element_type=\"widget\" data-widget_type=\"text-editor.default\">\n\t\t\t\t<div class=\"elementor-widget-container\">\n\t\t\t\t\t\t\t\t\tArm\u00e1rio ultrafino fundido sob press\u00e3o, apenas 4,2 kg por unidade e 29 mm de espessura\n\n\t\t\t\t\t\t\t\t<\/div>\n\t\t\t\t<\/div>\n\t\t\t\t\t<\/div>\n\t\t<\/div>\n\t\t\t\t<div class=\"elementor-column elementor-col-50 elementor-inner-column elementor-element elementor-element-4dc6ff6 sc_content_align_inherit sc_layouts_column_icons_position_left sc_fly_static\" data-id=\"4dc6ff6\" data-element_type=\"column\">\n\t\t\t<div class=\"elementor-widget-wrap elementor-element-populated\">\n\t\t\t\t\t\t<div class=\"elementor-element elementor-element-3ae707b sc_fly_static elementor-widget elementor-widget-image\" data-id=\"3ae707b\" data-element_type=\"widget\" data-widget_type=\"image.default\">\n\t\t\t\t<div class=\"elementor-widget-container\">\n\t\t\t\t\t\t\t\t\t\t\t\t\t\t\t<img decoding=\"async\" width=\"1000\" height=\"700\" src=\"https:\/\/arben-vision.com\/wp-content\/uploads\/2025\/02\/2-1.png\" class=\"attachment-2048x2048 size-2048x2048 wp-image-8337\" alt=\"\" srcset=\"https:\/\/arben-vision.com\/wp-content\/uploads\/2025\/02\/2-1.png 1000w, https:\/\/arben-vision.com\/wp-content\/uploads\/2025\/02\/2-1-300x210.png 300w, https:\/\/arben-vision.com\/wp-content\/uploads\/2025\/02\/2-1-768x538.png 768w, https:\/\/arben-vision.com\/wp-content\/uploads\/2025\/02\/2-1-18x12.png 18w, https:\/\/arben-vision.com\/wp-content\/uploads\/2025\/02\/2-1-370x259.png 370w, https:\/\/arben-vision.com\/wp-content\/uploads\/2025\/02\/2-1-840x588.png 840w, https:\/\/arben-vision.com\/wp-content\/uploads\/2025\/02\/2-1-410x287.png 410w, https:\/\/arben-vision.com\/wp-content\/uploads\/2025\/02\/2-1-600x420.png 600w\" sizes=\"(max-width: 1000px) 100vw, 1000px\" \/>\t\t\t\t\t\t\t\t\t\t\t\t\t\t\t<\/div>\n\t\t\t\t<\/div>\n\t\t\t\t<div class=\"elementor-element elementor-element-75a5e0a sc_fly_static elementor-widget elementor-widget-text-editor\" data-id=\"75a5e0a\" data-element_type=\"widget\" data-widget_type=\"text-editor.default\">\n\t\t\t\t<div class=\"elementor-widget-container\">\n\t\t\t\t\t\t\t\t\tO r\u00e1cio de cabina 16:9 permite uma jun\u00e7\u00e3o perfeita para ecr\u00e3s de grande formato 2K\/4K\/8K\n\n\t\t\t\t\t\t\t\t<\/div>\n\t\t\t\t<\/div>\n\t\t\t\t\t<\/div>\n\t\t<\/div>\n\t\t\t\t\t<\/div>\n\t\t<\/section>\n\t\t\t\t<section class=\"elementor-section elementor-inner-section elementor-element elementor-element-70e4b8e elementor-section-boxed elementor-section-height-default elementor-section-height-default sc_fly_static\" data-id=\"70e4b8e\" data-element_type=\"section\">\n\t\t\t\t\t\t<div class=\"elementor-container elementor-column-gap-extended\">\n\t\t\t\t\t<div class=\"elementor-column elementor-col-50 elementor-inner-column elementor-element elementor-element-38a8db0 sc_content_align_inherit sc_layouts_column_icons_position_left sc_fly_static\" data-id=\"38a8db0\" data-element_type=\"column\">\n\t\t\t<div class=\"elementor-widget-wrap elementor-element-populated\">\n\t\t\t\t\t\t<div class=\"elementor-element elementor-element-6db1b04 sc_fly_static elementor-widget elementor-widget-image\" data-id=\"6db1b04\" data-element_type=\"widget\" data-widget_type=\"image.default\">\n\t\t\t\t<div class=\"elementor-widget-container\">\n\t\t\t\t\t\t\t\t\t\t\t\t\t\t\t<img decoding=\"async\" width=\"1000\" height=\"700\" src=\"https:\/\/arben-vision.com\/wp-content\/uploads\/2025\/02\/3-2.png\" class=\"attachment-large size-large wp-image-8338\" alt=\"\" srcset=\"https:\/\/arben-vision.com\/wp-content\/uploads\/2025\/02\/3-2.png 1000w, https:\/\/arben-vision.com\/wp-content\/uploads\/2025\/02\/3-2-300x210.png 300w, https:\/\/arben-vision.com\/wp-content\/uploads\/2025\/02\/3-2-768x538.png 768w, https:\/\/arben-vision.com\/wp-content\/uploads\/2025\/02\/3-2-18x12.png 18w, https:\/\/arben-vision.com\/wp-content\/uploads\/2025\/02\/3-2-370x259.png 370w, https:\/\/arben-vision.com\/wp-content\/uploads\/2025\/02\/3-2-840x588.png 840w, https:\/\/arben-vision.com\/wp-content\/uploads\/2025\/02\/3-2-410x287.png 410w, https:\/\/arben-vision.com\/wp-content\/uploads\/2025\/02\/3-2-600x420.png 600w\" sizes=\"(max-width: 1000px) 100vw, 1000px\" \/>\t\t\t\t\t\t\t\t\t\t\t\t\t\t\t<\/div>\n\t\t\t\t<\/div>\n\t\t\t\t<div class=\"elementor-element elementor-element-e1c7831 sc_fly_static elementor-widget elementor-widget-text-editor\" data-id=\"e1c7831\" data-element_type=\"widget\" data-widget_type=\"text-editor.default\">\n\t\t\t\t<div class=\"elementor-widget-container\">\n\t\t\t\t\t\t\t\t\tA planura excecional proporciona imagens ultra n\u00edtidas com zero costuras vis\u00edveis\n\n\t\t\t\t\t\t\t\t<\/div>\n\t\t\t\t<\/div>\n\t\t\t\t\t<\/div>\n\t\t<\/div>\n\t\t\t\t<div class=\"elementor-column elementor-col-50 elementor-inner-column elementor-element elementor-element-46fdda2 sc_content_align_inherit sc_layouts_column_icons_position_left sc_fly_static\" data-id=\"46fdda2\" data-element_type=\"column\">\n\t\t\t<div class=\"elementor-widget-wrap elementor-element-populated\">\n\t\t\t\t\t\t<div class=\"elementor-element elementor-element-2a829e0 sc_fly_static elementor-widget elementor-widget-image\" data-id=\"2a829e0\" data-element_type=\"widget\" data-widget_type=\"image.default\">\n\t\t\t\t<div class=\"elementor-widget-container\">\n\t\t\t\t\t\t\t\t\t\t\t\t\t\t\t<img loading=\"lazy\" decoding=\"async\" width=\"1000\" height=\"700\" src=\"https:\/\/arben-vision.com\/wp-content\/uploads\/2025\/02\/4-3.png\" class=\"attachment-large size-large wp-image-8340\" alt=\"\" srcset=\"https:\/\/arben-vision.com\/wp-content\/uploads\/2025\/02\/4-3.png 1000w, https:\/\/arben-vision.com\/wp-content\/uploads\/2025\/02\/4-3-300x210.png 300w, https:\/\/arben-vision.com\/wp-content\/uploads\/2025\/02\/4-3-768x538.png 768w, https:\/\/arben-vision.com\/wp-content\/uploads\/2025\/02\/4-3-18x12.png 18w, https:\/\/arben-vision.com\/wp-content\/uploads\/2025\/02\/4-3-370x259.png 370w, https:\/\/arben-vision.com\/wp-content\/uploads\/2025\/02\/4-3-840x588.png 840w, https:\/\/arben-vision.com\/wp-content\/uploads\/2025\/02\/4-3-410x287.png 410w, https:\/\/arben-vision.com\/wp-content\/uploads\/2025\/02\/4-3-600x420.png 600w\" sizes=\"(max-width: 1000px) 100vw, 1000px\" \/>\t\t\t\t\t\t\t\t\t\t\t\t\t\t\t<\/div>\n\t\t\t\t<\/div>\n\t\t\t\t<div class=\"elementor-element elementor-element-55bb77e sc_fly_static elementor-widget elementor-widget-text-editor\" data-id=\"55bb77e\" data-element_type=\"widget\" data-widget_type=\"text-editor.default\">\n\t\t\t\t<div class=\"elementor-widget-container\">\n\t\t\t\t\t\t\t\t\tInstala\u00e7\u00e3o na parede com acesso frontal f\u00e1cil para uma manuten\u00e7\u00e3o c\u00f3moda\n\n\t\t\t\t\t\t\t\t<\/div>\n\t\t\t\t<\/div>\n\t\t\t\t\t<\/div>\n\t\t<\/div>\n\t\t\t\t\t<\/div>\n\t\t<\/section>\n\t\t\t\t\t<\/div>\n\t\t<\/div>\n\t\t\t\t\t<\/div>\n\t\t<\/section>\n\t\t\t\t<section class=\"elementor-section elementor-top-section elementor-element elementor-element-f9fc263 elementor-section-boxed elementor-section-height-default elementor-section-height-default sc_fly_static\" data-id=\"f9fc263\" data-element_type=\"section\">\n\t\t\t\t\t\t<div class=\"elementor-container elementor-column-gap-extended\">\n\t\t\t\t\t<div class=\"elementor-column elementor-col-100 elementor-top-column elementor-element elementor-element-33d9e21 sc_content_align_inherit sc_layouts_column_icons_position_left sc_fly_static\" data-id=\"33d9e21\" data-element_type=\"column\">\n\t\t\t<div class=\"elementor-widget-wrap elementor-element-populated\">\n\t\t\t\t\t\t<div class=\"elementor-element elementor-element-10d299b sc_fly_static elementor-widget elementor-widget-text-editor\" data-id=\"10d299b\" data-element_type=\"widget\" data-widget_type=\"text-editor.default\">\n\t\t\t\t<div class=\"elementor-widget-container\">\n\t\t\t\t\t\t\t\t\t<p>Cen\u00e1rio de aplica\u00e7\u00e3o<\/p>\t\t\t\t\t\t\t\t<\/div>\n\t\t\t\t<\/div>\n\t\t\t\t<div class=\"elementor-element elementor-element-15c33f7 elementor-widget-divider--view-line sc_fly_static elementor-widget elementor-widget-divider\" data-id=\"15c33f7\" data-element_type=\"widget\" data-widget_type=\"divider.default\">\n\t\t\t\t<div class=\"elementor-widget-container\">\n\t\t\t\t\t\t\t<div class=\"elementor-divider\">\n\t\t\t<span class=\"elementor-divider-separator\">\n\t\t\t\t\t\t<\/span>\n\t\t<\/div>\n\t\t\t\t\t\t<\/div>\n\t\t\t\t<\/div>\n\t\t\t\t<section class=\"elementor-section elementor-inner-section elementor-element elementor-element-05690a4 elementor-section-boxed elementor-section-height-default elementor-section-height-default sc_fly_static\" data-id=\"05690a4\" data-element_type=\"section\">\n\t\t\t\t\t\t<div class=\"elementor-container elementor-column-gap-narrow\">\n\t\t\t\t\t<div class=\"elementor-column elementor-col-50 elementor-inner-column elementor-element elementor-element-e68fa9e sc_content_align_inherit sc_layouts_column_icons_position_left sc_fly_static\" data-id=\"e68fa9e\" data-element_type=\"column\">\n\t\t\t<div class=\"elementor-widget-wrap elementor-element-populated\">\n\t\t\t\t\t\t<div class=\"elementor-element elementor-element-16fdefe sc_fly_static elementor-widget elementor-widget-image\" data-id=\"16fdefe\" data-element_type=\"widget\" data-widget_type=\"image.default\">\n\t\t\t\t<div class=\"elementor-widget-container\">\n\t\t\t\t\t\t\t\t\t\t\t\t\t\t\t<img loading=\"lazy\" decoding=\"async\" width=\"1000\" height=\"650\" src=\"https:\/\/arben-vision.com\/wp-content\/uploads\/2025\/02\/5-1.png\" class=\"attachment-large size-large wp-image-8341\" alt=\"\" srcset=\"https:\/\/arben-vision.com\/wp-content\/uploads\/2025\/02\/5-1.png 1000w, https:\/\/arben-vision.com\/wp-content\/uploads\/2025\/02\/5-1-300x195.png 300w, https:\/\/arben-vision.com\/wp-content\/uploads\/2025\/02\/5-1-768x499.png 768w, https:\/\/arben-vision.com\/wp-content\/uploads\/2025\/02\/5-1-18x12.png 18w, https:\/\/arben-vision.com\/wp-content\/uploads\/2025\/02\/5-1-370x241.png 370w, https:\/\/arben-vision.com\/wp-content\/uploads\/2025\/02\/5-1-840x546.png 840w, https:\/\/arben-vision.com\/wp-content\/uploads\/2025\/02\/5-1-410x267.png 410w, https:\/\/arben-vision.com\/wp-content\/uploads\/2025\/02\/5-1-600x390.png 600w\" sizes=\"(max-width: 1000px) 100vw, 1000px\" \/>\t\t\t\t\t\t\t\t\t\t\t\t\t\t\t<\/div>\n\t\t\t\t<\/div>\n\t\t\t\t\t<\/div>\n\t\t<\/div>\n\t\t\t\t<div class=\"elementor-column elementor-col-50 elementor-inner-column elementor-element elementor-element-ca27ace sc_content_align_inherit sc_layouts_column_icons_position_left sc_fly_static\" data-id=\"ca27ace\" data-element_type=\"column\">\n\t\t\t<div class=\"elementor-widget-wrap elementor-element-populated\">\n\t\t\t\t\t\t<div class=\"elementor-element elementor-element-158aa2e sc_fly_static elementor-widget elementor-widget-image\" data-id=\"158aa2e\" data-element_type=\"widget\" data-widget_type=\"image.default\">\n\t\t\t\t<div class=\"elementor-widget-container\">\n\t\t\t\t\t\t\t\t\t\t\t\t\t\t\t<img loading=\"lazy\" decoding=\"async\" width=\"1000\" height=\"650\" src=\"https:\/\/arben-vision.com\/wp-content\/uploads\/2025\/02\/6.png\" class=\"attachment-2048x2048 size-2048x2048 wp-image-8342\" alt=\"\" srcset=\"https:\/\/arben-vision.com\/wp-content\/uploads\/2025\/02\/6.png 1000w, https:\/\/arben-vision.com\/wp-content\/uploads\/2025\/02\/6-300x195.png 300w, https:\/\/arben-vision.com\/wp-content\/uploads\/2025\/02\/6-768x499.png 768w, https:\/\/arben-vision.com\/wp-content\/uploads\/2025\/02\/6-18x12.png 18w, https:\/\/arben-vision.com\/wp-content\/uploads\/2025\/02\/6-370x241.png 370w, https:\/\/arben-vision.com\/wp-content\/uploads\/2025\/02\/6-840x546.png 840w, https:\/\/arben-vision.com\/wp-content\/uploads\/2025\/02\/6-410x267.png 410w, https:\/\/arben-vision.com\/wp-content\/uploads\/2025\/02\/6-600x390.png 600w\" sizes=\"(max-width: 1000px) 100vw, 1000px\" \/>\t\t\t\t\t\t\t\t\t\t\t\t\t\t\t<\/div>\n\t\t\t\t<\/div>\n\t\t\t\t\t<\/div>\n\t\t<\/div>\n\t\t\t\t\t<\/div>\n\t\t<\/section>\n\t\t\t\t\t<\/div>\n\t\t<\/div>\n\t\t\t\t\t<\/div>\n\t\t<\/section>\n\t\t\t\t<section class=\"elementor-section elementor-top-section elementor-element elementor-element-4f3b67e elementor-section-boxed elementor-section-height-default elementor-section-height-default sc_fly_static\" data-id=\"4f3b67e\" data-element_type=\"section\">\n\t\t\t\t\t\t<div class=\"elementor-container elementor-column-gap-extended\">\n\t\t\t\t\t<div class=\"elementor-column elementor-col-100 elementor-top-column elementor-element elementor-element-aceab58 sc_content_align_inherit sc_layouts_column_icons_position_left sc_fly_static\" data-id=\"aceab58\" data-element_type=\"column\">\n\t\t\t<div class=\"elementor-widget-wrap elementor-element-populated\">\n\t\t\t\t\t\t<div class=\"elementor-element elementor-element-41f3c34 sc_fly_static elementor-widget elementor-widget-text-editor\" data-id=\"41f3c34\" data-element_type=\"widget\" data-widget_type=\"text-editor.default\">\n\t\t\t\t<div class=\"elementor-widget-container\">\n\t\t\t\t\t\t\t\t\tPar\u00e2metro t\u00e9cnico\t\t\t\t\t\t\t\t<\/div>\n\t\t\t\t<\/div>\n\t\t\t\t<div class=\"elementor-element elementor-element-ab6e808 elementor-widget-divider--view-line sc_fly_static elementor-widget elementor-widget-divider\" data-id=\"ab6e808\" data-element_type=\"widget\" data-widget_type=\"divider.default\">\n\t\t\t\t<div class=\"elementor-widget-container\">\n\t\t\t\t\t\t\t<div class=\"elementor-divider\">\n\t\t\t<span class=\"elementor-divider-separator\">\n\t\t\t\t\t\t<\/span>\n\t\t<\/div>\n\t\t\t\t\t\t<\/div>\n\t\t\t\t<\/div>\n\t\t\t\t<div class=\"elementor-element elementor-element-bc842d3 sc_fly_static elementor-widget elementor-widget-text-editor\" data-id=\"bc842d3\" data-element_type=\"widget\" data-widget_type=\"text-editor.default\">\n\t\t\t\t<div class=\"elementor-widget-container\">\n\t\t\t\t\t\t\t\t\t<table border=\"1\" cellpadding=\"8\" cellspacing=\"0\">\n  <thead>\n    <tr>\n      <th>Especifica\u00e7\u00e3o<\/th>\n      <th>P1.25<\/th>\n      <th>P1.5623<\/th>\n      <th>P1.875<\/th>\n      <th>P2.34<\/th>\n    <\/tr>\n  <\/thead>\n  <tbody>\n    <tr><td>Configura\u00e7\u00e3o de pixels<\/td><td>3 em 1<\/td><td>3 em 1<\/td><td>3 em 1<\/td><td>3 em 1<\/td><\/tr>\n    <tr><td>Tipo de LED<\/td><td>SMD 1212<\/td><td>SMD 1212<\/td><td>SMD 1515<\/td><td>SMD 1515<\/td><\/tr>\n    <tr><td>Brilho<\/td><td>\u2265 600 nit<\/td><td>\u2265 600 nit<\/td><td>\u2265 600 nit<\/td><td>\u2265 600 nit<\/td><\/tr>\n    <tr><td>Escala de cinzentos<\/td><td>14-16 bits<\/td><td>14-16 bits<\/td><td>14-16 bits<\/td><td>14-16 bits<\/td><\/tr>\n    <tr><td>Taxa de atualiza\u00e7\u00e3o<\/td><td>3840 Hz<\/td><td>3840 Hz<\/td><td>3840 Hz<\/td><td>3840 Hz<\/td><\/tr>\n    <tr><td>Pix\u00e9is\/m\u00b2<\/td><td>640000<\/td><td>409600<\/td><td>284440<\/td><td>182628<\/td><\/tr>\n    <tr><td>Rela\u00e7\u00e3o de contraste<\/td><td>5000:1<\/td><td>5000:1<\/td><td>5000:1<\/td><td>5000:1<\/td><\/tr>\n    <tr><td>Tamanho do arm\u00e1rio (mm)<\/td><td>600\u00d7337.5<\/td><td>600\u00d7337.5<\/td><td>600\u00d7337.5<\/td><td>600\u00d7337.5<\/td><\/tr>\n    <tr><td>Resolu\u00e7\u00e3o do Conselho de Ministros<\/td><td>480\u00d7270<\/td><td>384\u00d7216<\/td><td>320\u00d7180<\/td><td>256\u00d7144<\/td><\/tr>\n    <tr><td>Tamanho do m\u00f3dulo (mm)<\/td><td>300\u00d7168.75<\/td><td>300\u00d7168.75<\/td><td>300\u00d7168.75<\/td><td>300\u00d7168.75<\/td><\/tr>\n    <tr><td>Resolu\u00e7\u00e3o do m\u00f3dulo<\/td><td>240\u00d7135<\/td><td>192\u00d7108<\/td><td>160\u00d790<\/td><td>128\u00d772<\/td><\/tr>\n    <tr><td>Peso do arm\u00e1rio (kg)<\/td><td>4.2<\/td><td>4.2<\/td><td>4.2<\/td><td>4.2<\/td><\/tr>\n    <tr><td>Toler\u00e2ncia de planeza (mm)<\/td><td>&lt; 0.1<\/td><td>&lt; 0.1<\/td><td>&lt; 0.1<\/td><td>&lt; 0.1<\/td><\/tr>\n    <tr><td>Tempo de vida (horas)<\/td><td>\u2265100000<\/td><td>\u2265100000<\/td><td>\u2265100000<\/td><td>\u2265100000<\/td><\/tr>\n    <tr><td>\u00c2ngulo de visualiza\u00e7\u00e3o (H\u00b0\/V\u00b0)<\/td><td>160\/160<\/td><td>160\/160<\/td><td>160\/160<\/td><td>160\/160<\/td><\/tr>\n    <tr><td>Consumo m\u00e1ximo de energia<\/td><td>420 W\/m\u00b2<\/td><td>420 W\/m\u00b2<\/td><td>420 W\/m\u00b2<\/td><td>420 W\/m\u00b2<\/td><\/tr>\n    <tr><td>Consumo m\u00e9dio de energia<\/td><td>140 W\/m\u00b2<\/td><td>140 W\/m\u00b2<\/td><td>140 W\/m\u00b2<\/td><td>140 W\/m\u00b2<\/td><\/tr>\n    <tr><td>Temp. de funcionamento \/ humidade<\/td><td>0\u2103~+45\u2103 \/ 10-93%RH<\/td><td>0\u2103~+45\u2103 \/ 10-93%RH<\/td><td>0\u2103~+45\u2103 \/ 10-93%RH<\/td><td>0\u2103~+45\u2103 \/ 10-93%RH<\/td><\/tr>\n    <tr><td>Temp. de armazenamento\/umidade<\/td><td>-10\u2103~+55\u2103 \/ 10-93%RH<\/td><td>-10\u2103~+55\u2103 \/ 10-93%RH<\/td><td>-10\u2103~+55\u2103 \/ 10-93%RH<\/td><td>-10\u2103~+55\u2103 \/ 10-93%RH<\/td><\/tr>\n  <\/tbody>\n<\/table>\n\t\t\t\t\t\t\t\t<\/div>\n\t\t\t\t<\/div>\n\t\t\t\t\t<\/div>\n\t\t<\/div>\n\t\t\t\t\t<\/div>\n\t\t<\/section>\n\t\t\t\t<\/div>","protected":false},"excerpt":{"rendered":"<p>A s\u00e9rie Jade oferece pain\u00e9is LED ultrafinos e leves, concebidos para instala\u00e7\u00f5es interiores fixas. Com pixel pitches que variam de P1,25 a P2,34, oferece visuais impressionantes de 2K\/4K\/8K, alto contraste (5000:1) e uma taxa de atualiza\u00e7\u00e3o de 3840Hz. Com emenda perfeita, manuten\u00e7\u00e3o de acesso frontal e uma espessura compacta de 29 mm, \u00e9 ideal para salas de confer\u00eancia, centros de controlo, exposi\u00e7\u00f5es e ambientes de retalho topo de gama.<\/p>","protected":false},"featured_media":8325,"template":"","meta":[],"product_brand":[],"product_cat":[123],"product_tag":[],"class_list":{"0":"post-7300","1":"product","2":"type-product","3":"status-publish","4":"has-post-thumbnail","6":"product_cat-transparent-leds","8":"first","9":"instock","10":"shipping-taxable","11":"product-type-simple"},"_links":{"self":[{"href":"https:\/\/arben-vision.com\/pt\/wp-json\/wp\/v2\/product\/7300","targetHints":{"allow":["GET"]}}],"collection":[{"href":"https:\/\/arben-vision.com\/pt\/wp-json\/wp\/v2\/product"}],"about":[{"href":"https:\/\/arben-vision.com\/pt\/wp-json\/wp\/v2\/types\/product"}],"version-history":[{"count":9,"href":"https:\/\/arben-vision.com\/pt\/wp-json\/wp\/v2\/product\/7300\/revisions"}],"predecessor-version":[{"id":8345,"href":"https:\/\/arben-vision.com\/pt\/wp-json\/wp\/v2\/product\/7300\/revisions\/8345"}],"wp:featuredmedia":[{"embeddable":true,"href":"https:\/\/arben-vision.com\/pt\/wp-json\/wp\/v2\/media\/8325"}],"wp:attachment":[{"href":"https:\/\/arben-vision.com\/pt\/wp-json\/wp\/v2\/media?parent=7300"}],"wp:term":[{"taxonomy":"product_brand","embeddable":true,"href":"https:\/\/arben-vision.com\/pt\/wp-json\/wp\/v2\/product_brand?post=7300"},{"taxonomy":"product_cat","embeddable":true,"href":"https:\/\/arben-vision.com\/pt\/wp-json\/wp\/v2\/product_cat?post=7300"},{"taxonomy":"product_tag","embeddable":true,"href":"https:\/\/arben-vision.com\/pt\/wp-json\/wp\/v2\/product_tag?post=7300"}],"curies":[{"name":"wp","href":"https:\/\/api.w.org\/{rel}","templated":true}]}}