{"id":999,"date":"2022-09-08T19:30:15","date_gmt":"2022-09-08T19:30:15","guid":{"rendered":"http:\/\/arben-vision.com\/?page_id=999"},"modified":"2025-03-14T08:04:11","modified_gmt":"2025-03-14T08:04:11","slug":"privacy-policy","status":"publish","type":"page","link":"https:\/\/arben-vision.com\/pt\/privacy-policy\/","title":{"rendered":"Pol\u00edtica de privacidade"},"content":{"rendered":"<div data-elementor-type=\"wp-page\" data-elementor-id=\"999\" class=\"elementor elementor-999\" data-elementor-settings=\"{&quot;element_pack_global_tooltip_width&quot;:{&quot;unit&quot;:&quot;px&quot;,&quot;size&quot;:&quot;&quot;,&quot;sizes&quot;:[]},&quot;element_pack_global_tooltip_width_tablet&quot;:{&quot;unit&quot;:&quot;px&quot;,&quot;size&quot;:&quot;&quot;,&quot;sizes&quot;:[]},&quot;element_pack_global_tooltip_width_mobile&quot;:{&quot;unit&quot;:&quot;px&quot;,&quot;size&quot;:&quot;&quot;,&quot;sizes&quot;:[]},&quot;element_pack_global_tooltip_padding&quot;:{&quot;unit&quot;:&quot;px&quot;,&quot;top&quot;:&quot;&quot;,&quot;right&quot;:&quot;&quot;,&quot;bottom&quot;:&quot;&quot;,&quot;left&quot;:&quot;&quot;,&quot;isLinked&quot;:true},&quot;element_pack_global_tooltip_padding_tablet&quot;:{&quot;unit&quot;:&quot;px&quot;,&quot;top&quot;:&quot;&quot;,&quot;right&quot;:&quot;&quot;,&quot;bottom&quot;:&quot;&quot;,&quot;left&quot;:&quot;&quot;,&quot;isLinked&quot;:true},&quot;element_pack_global_tooltip_padding_mobile&quot;:{&quot;unit&quot;:&quot;px&quot;,&quot;top&quot;:&quot;&quot;,&quot;right&quot;:&quot;&quot;,&quot;bottom&quot;:&quot;&quot;,&quot;left&quot;:&quot;&quot;,&quot;isLinked&quot;:true},&quot;element_pack_global_tooltip_border_radius&quot;:{&quot;unit&quot;:&quot;px&quot;,&quot;top&quot;:&quot;&quot;,&quot;right&quot;:&quot;&quot;,&quot;bottom&quot;:&quot;&quot;,&quot;left&quot;:&quot;&quot;,&quot;isLinked&quot;:true},&quot;element_pack_global_tooltip_border_radius_tablet&quot;:{&quot;unit&quot;:&quot;px&quot;,&quot;top&quot;:&quot;&quot;,&quot;right&quot;:&quot;&quot;,&quot;bottom&quot;:&quot;&quot;,&quot;left&quot;:&quot;&quot;,&quot;isLinked&quot;:true},&quot;element_pack_global_tooltip_border_radius_mobile&quot;:{&quot;unit&quot;:&quot;px&quot;,&quot;top&quot;:&quot;&quot;,&quot;right&quot;:&quot;&quot;,&quot;bottom&quot;:&quot;&quot;,&quot;left&quot;:&quot;&quot;,&quot;isLinked&quot;:true}}\" data-elementor-post-type=\"page\">\n\t\t\t\t\t\t<section class=\"elementor-section elementor-top-section elementor-element elementor-element-59b9c442 elementor-section-boxed elementor-section-height-default elementor-section-height-default sc_fly_static\" data-id=\"59b9c442\" data-element_type=\"section\" data-settings=\"{&quot;background_background&quot;:&quot;classic&quot;}\">\n\t\t\t\t\t\t<div class=\"elementor-container elementor-column-gap-extended\">\n\t\t\t\t\t<div class=\"elementor-column elementor-col-100 elementor-top-column elementor-element elementor-element-7e7d2714 sc_content_align_inherit sc_layouts_column_icons_position_left sc_fly_static\" data-id=\"7e7d2714\" data-element_type=\"column\">\n\t\t\t<div class=\"elementor-widget-wrap elementor-element-populated\">\n\t\t\t\t\t\t<div class=\"elementor-element elementor-element-7437a8de sc_fly_static elementor-widget elementor-widget-text-editor\" data-id=\"7437a8de\" data-element_type=\"widget\" data-widget_type=\"text-editor.default\">\n\t\t\t\t<div class=\"elementor-widget-container\">\n\t\t\t\t\t\t\t\t\t<section id=\"sectionIdtk5i9cm\" class=\"section-container-wrap-block\" data-section=\"section\" data-screen=\"screen-large\"><div class=\"layout\"><p>Esta Pol\u00edtica de Privacidade descreve como as suas informa\u00e7\u00f5es pessoais s\u00e3o recolhidas, utilizadas e partilhadas quando visita ou efectua uma compra em http:\/\/arben-vision.com\/.<br \/>A http:\/\/arben-vision.com\/ est\u00e1 fortemente empenhada em proteger a sua privacidade e em proporcionar um ambiente seguro online a todos os utilizadores. Com esta pol\u00edtica, gostar\u00edamos de o informar sobre a forma como as suas informa\u00e7\u00f5es pessoais s\u00e3o recolhidas, utilizadas e partilhadas quando visita ou faz uma compra em http:\/\/arben-vision.com\/. \u00c9 nosso dever e obriga\u00e7\u00e3o proteger a privacidade de todos os utilizadores.<\/p><h1><b>1.\u00a0<\/b><strong><b>QUE DADOS PESSOAIS RECOLHEMOS?<\/b><\/strong><\/h1><p>Quando visita o Site, recolhemos automaticamente determinadas informa\u00e7\u00f5es sobre o seu dispositivo, incluindo informa\u00e7\u00f5es sobre o seu browser, endere\u00e7o IP, fuso hor\u00e1rio e alguns dos cookies que est\u00e3o instalados no seu dispositivo. Al\u00e9m disso, \u00e0 medida que o utilizador navega no S\u00edtio, recolhemos informa\u00e7\u00f5es sobre as p\u00e1ginas Web ou produtos individuais que visualiza, que s\u00edtios Web ou termos de pesquisa o encaminharam para o S\u00edtio e informa\u00e7\u00f5es sobre a forma como interage com o S\u00edtio. Referimo-nos a estas informa\u00e7\u00f5es recolhidas automaticamente como \"Informa\u00e7\u00f5es do dispositivo\".<br \/><br \/>Recolhemos Informa\u00e7\u00f5es do dispositivo utilizando as seguintes tecnologias:<br \/><br \/>- Os \"cookies\" s\u00e3o ficheiros de dados que s\u00e3o colocados no seu dispositivo ou computador e que incluem frequentemente um identificador \u00fanico an\u00f3nimo. Para mais informa\u00e7\u00f5es sobre cookies e sobre como desativar os cookies, visite http:\/\/www.allaboutcookies.org.<br \/><br \/>- Os \"ficheiros de registo\" acompanham as ac\u00e7\u00f5es que ocorrem no Site e recolhem dados, incluindo o seu endere\u00e7o IP, tipo de browser, fornecedor de servi\u00e7os Internet, p\u00e1ginas de refer\u00eancia\/sa\u00edda e carimbos de data\/hora.<br \/><br \/>- Os \"Web beacons\", \"tags\" e \"pixels\" s\u00e3o ficheiros electr\u00f3nicos utilizados para registar informa\u00e7\u00f5es sobre a forma como o utilizador navega no Site.<br \/><br \/>Al\u00e9m disso, quando o utilizador efectua uma compra ou tenta efetuar uma compra atrav\u00e9s do S\u00edtio, recolhemos determinadas informa\u00e7\u00f5es do utilizador, incluindo o seu nome, endere\u00e7o de fatura\u00e7\u00e3o, endere\u00e7o de envio, informa\u00e7\u00f5es de pagamento (incluindo n\u00fameros de cart\u00e3o de cr\u00e9dito), endere\u00e7o de correio eletr\u00f3nico e n\u00famero de telefone. Referimo-nos a estas informa\u00e7\u00f5es como \"Informa\u00e7\u00f5es da encomenda\".<br \/><br \/>Quando falamos de \"Informa\u00e7\u00f5es Pessoais\" nesta Pol\u00edtica de Privacidade, estamos a falar de Informa\u00e7\u00f5es do Dispositivo e de Informa\u00e7\u00f5es da Encomenda.<\/p><h1><b>2.\u00a0<\/b><strong><b>PARTILHAMOS DADOS PESSOAIS?<\/b><\/strong><\/h1><p>Utilizamos as Informa\u00e7\u00f5es de Encomenda que recolhemos geralmente para cumprir quaisquer encomendas efectuadas atrav\u00e9s do Site (incluindo o processamento das suas informa\u00e7\u00f5es de pagamento, a organiza\u00e7\u00e3o do envio e o fornecimento de facturas e\/ou confirma\u00e7\u00f5es de encomendas). Adicionalmente, utilizamos esta Informa\u00e7\u00e3o de Encomenda para:<br \/><br \/>- Comunicar consigo;<br \/><br \/>- Verificar se as nossas encomendas apresentam riscos ou fraudes potenciais;<br \/><br \/>- Quando estiver de acordo com as prefer\u00eancias que partilhou connosco, fornecer-lhe informa\u00e7\u00f5es ou publicidade relacionadas com os nossos produtos ou servi\u00e7os.<br \/><br \/>Utilizamos as Informa\u00e7\u00f5es do dispositivo que recolhemos para nos ajudar a detetar potenciais riscos e fraudes (em particular, o seu endere\u00e7o IP) e, de uma forma mais geral, para melhorar e otimizar o nosso Site (por exemplo, gerando an\u00e1lises sobre a forma como os nossos clientes navegam e interagem com o Site e para avaliar o sucesso das nossas campanhas de marketing e publicidade).<\/p><h1><b>3.\u00a0<\/b><strong><b>PARTILHAMOS DADOS PESSOAIS?<\/b><\/strong><\/h1><p>N\u00e3o vendemos, arrendamos, alugamos ou divulgamos os seus dados pessoais a terceiros.<\/p><h1><b>4.\u00a0<\/b><strong><b>ALTERA\u00c7\u00d5ES<\/b><\/strong><\/h1><p>Poderemos atualizar esta pol\u00edtica de privacidade periodicamente para refletir, por exemplo, altera\u00e7\u00f5es \u00e0s nossas pr\u00e1ticas ou por outras raz\u00f5es operacionais, legais ou regulamentares.<\/p><h1><b>5.\u00a0<\/b><strong><b>CONTACTE-NOS<\/b><\/strong><\/h1><p>Para obter mais informa\u00e7\u00f5es sobre as nossas pr\u00e1ticas de privacidade, se tiver d\u00favidas ou se pretender apresentar uma queixa, contacte-nos por correio eletr\u00f3nico para lynn.zhang@ntprkj.com<\/p><\/div><\/section>\t\t\t\t\t\t\t\t<\/div>\n\t\t\t\t<\/div>\n\t\t\t\t\t<\/div>\n\t\t<\/div>\n\t\t\t\t\t<\/div>\n\t\t<\/section>\n\t\t\t\t<\/div>","protected":false},"excerpt":{"rendered":"<p>A presente Pol\u00edtica de Privacidade descreve a forma como as suas informa\u00e7\u00f5es pessoais s\u00e3o recolhidas, utilizadas e partilhadas quando visita ou efectua uma compra em http:\/\/arben-vision.com\/.http:\/\/arben-vision.com\/. Estamos fortemente empenhados em proteger a sua privacidade e em fornecer...<\/p>","protected":false},"author":1,"featured_media":0,"parent":0,"menu_order":0,"comment_status":"closed","ping_status":"closed","template":"","meta":{"footnotes":""},"class_list":["post-999","page","type-page","status-publish","hentry"],"_links":{"self":[{"href":"https:\/\/arben-vision.com\/pt\/wp-json\/wp\/v2\/pages\/999","targetHints":{"allow":["GET"]}}],"collection":[{"href":"https:\/\/arben-vision.com\/pt\/wp-json\/wp\/v2\/pages"}],"about":[{"href":"https:\/\/arben-vision.com\/pt\/wp-json\/wp\/v2\/types\/page"}],"author":[{"embeddable":true,"href":"https:\/\/arben-vision.com\/pt\/wp-json\/wp\/v2\/users\/1"}],"replies":[{"embeddable":true,"href":"https:\/\/arben-vision.com\/pt\/wp-json\/wp\/v2\/comments?post=999"}],"version-history":[{"count":3,"href":"https:\/\/arben-vision.com\/pt\/wp-json\/wp\/v2\/pages\/999\/revisions"}],"predecessor-version":[{"id":7597,"href":"https:\/\/arben-vision.com\/pt\/wp-json\/wp\/v2\/pages\/999\/revisions\/7597"}],"wp:attachment":[{"href":"https:\/\/arben-vision.com\/pt\/wp-json\/wp\/v2\/media?parent=999"}],"curies":[{"name":"wp","href":"https:\/\/api.w.org\/{rel}","templated":true}]}}