{"id":8839,"date":"2025-08-01T12:01:30","date_gmt":"2025-08-01T12:01:30","guid":{"rendered":"https:\/\/arben-vision.com\/?post_type=product&#038;p=8839"},"modified":"2025-08-01T12:01:50","modified_gmt":"2025-08-01T12:01:50","slug":"500x1000-2-die-cast-aluminum-cabinet-with-transparent-screen-flat-curved-90","status":"publish","type":"product","link":"https:\/\/arben-vision.com\/fr\/produit\/500x1000-2-die-cast-aluminum-cabinet-with-transparent-screen-flat-curved-90\/","title":{"rendered":"500\u00d71000-2 Cabinet en aluminium moul\u00e9 sous pression avec \u00e9cran transparent (plat\/courb\u00e9\/90\u00b0)"},"content":{"rendered":"<p><img decoding=\"async\" class=\"alignnone size-full wp-image-8840\" src=\"https:\/\/arben-vision.com\/wp-content\/uploads\/2025\/08\/wechat_2025-08-01_195819_972.png\" alt=\"\" width=\"254\" height=\"137\" srcset=\"https:\/\/arben-vision.com\/wp-content\/uploads\/2025\/08\/wechat_2025-08-01_195819_972.png 254w, https:\/\/arben-vision.com\/wp-content\/uploads\/2025\/08\/wechat_2025-08-01_195819_972-18x10.png 18w\" sizes=\"(max-width: 254px) 100vw, 254px\" \/><\/p>\n<p><strong>Param\u00e8tres techniques<\/strong><\/p>\n<table style=\"border-collapse: collapse; width: 711.02pt;\" border=\"0\" width=\"948\" cellspacing=\"0\" cellpadding=\"0\">\n<tbody>\n<tr style=\"height: 34.50pt;\">\n<td class=\"et2\" style=\"height: 34.50pt; width: 237.00pt;\" width=\"316\" height=\"46\">Sp\u00e9cifications<\/td>\n<td class=\"et3\" style=\"width: 237.00pt;\" width=\"316\">500X1000-T2 Cabinet ext\u00e9rieur en aluminium moul\u00e9 sous pression<\/td>\n<td class=\"et3\" style=\"width: 237.00pt;\" width=\"316\">500X1000-T2 Armoire d'ext\u00e9rieur<\/td>\n<\/tr>\n<tr style=\"height: 34.50pt;\">\n<td class=\"et3\" style=\"height: 34.50pt; width: 237.00pt;\" width=\"316\" height=\"46\">Nom du produit<\/td>\n<td class=\"et3\" style=\"width: 237.00pt;\" width=\"316\">500X1000-T2 Cabinet ext\u00e9rieur en aluminium moul\u00e9 sous pression<\/td>\n<td class=\"et3\" style=\"width: 237.00pt;\" width=\"316\">500X1000-T2 Armoire d'ext\u00e9rieur<\/td>\n<\/tr>\n<tr style=\"height: 17.25pt;\">\n<td class=\"et3\" style=\"height: 17.25pt; width: 237.00pt;\" width=\"316\" height=\"23\">Sp\u00e9cification du module<\/td>\n<td class=\"et3\" style=\"width: 237.00pt;\" width=\"316\">250mmx250mm P3.917\/P2.93\/P1.91\/P3.91<\/td>\n<td class=\"et3\" style=\"width: 237.00pt;\" width=\"316\">250mm<span class=\"font2\">x<\/span><span class=\"font1\">250mm P3.917\/P2.93\/P1.91\/P3.91<\/span><\/td>\n<\/tr>\n<tr style=\"height: 17.25pt;\">\n<td class=\"et3\" style=\"height: 17.25pt; width: 237.00pt;\" width=\"316\" height=\"23\">Taille de l'armoire<\/td>\n<td class=\"et3\" style=\"width: 237.00pt;\" width=\"316\">500mm<span class=\"font2\">x<\/span><span class=\"font1\">1000mmx<\/span><span class=\"font1\">67mm<\/span><\/td>\n<td class=\"et3\" style=\"width: 237.00pt;\" width=\"316\">500mm<span class=\"font2\">x<\/span><span class=\"font1\">1000mm<\/span><span class=\"font2\">x<\/span><span class=\"font1\">67mm<\/span><\/td>\n<\/tr>\n<tr style=\"height: 17.25pt;\">\n<td class=\"et3\" style=\"height: 17.25pt; width: 237.00pt;\" width=\"316\" height=\"23\">Poids<\/td>\n<td class=\"et3\" style=\"width: 237.00pt;\" width=\"316\">3.8KG<\/td>\n<td class=\"et3\" style=\"width: 237.00pt;\" width=\"316\">3.8KG<\/td>\n<\/tr>\n<tr style=\"height: 17.25pt;\">\n<td class=\"et3\" style=\"height: 17.25pt; width: 237.00pt;\" width=\"316\" height=\"23\">Couleur de l'armoire<\/td>\n<td class=\"et3\" style=\"width: 237.00pt;\" width=\"316\">Noir<\/td>\n<td class=\"et3\" style=\"width: 237.00pt;\" width=\"316\">Noir<\/td>\n<\/tr>\n<tr style=\"height: 17.25pt;\">\n<td class=\"et3\" style=\"height: 17.25pt; width: 237.00pt;\" width=\"316\" height=\"23\">Couleur de la porte<\/td>\n<td class=\"et3\" style=\"width: 237.00pt;\" width=\"316\">Noir<\/td>\n<td class=\"et3\" style=\"width: 237.00pt;\" width=\"316\">Noir<\/td>\n<\/tr>\n<tr style=\"height: 17.25pt;\">\n<td class=\"et3\" style=\"height: 17.25pt; width: 237.00pt;\" width=\"316\" height=\"23\">Installation<\/td>\n<td class=\"et3\" style=\"width: 237.00pt;\" width=\"316\">Levage et installation fixe<\/td>\n<td class=\"et3\" style=\"width: 237.00pt;\" width=\"316\">Levage et installation fixe<\/td>\n<\/tr>\n<tr style=\"height: 17.25pt;\">\n<td class=\"et3\" style=\"height: 17.25pt; width: 237.00pt;\" width=\"316\" height=\"23\">Modules par armoire<\/td>\n<td class=\"et3\" style=\"width: 237.00pt;\" width=\"316\">Huit modules par armoire<\/td>\n<td class=\"et3\" style=\"width: 237.00pt;\" width=\"316\">Huit modules par armoire<\/td>\n<\/tr>\n<tr style=\"height: 17.25pt;\">\n<td class=\"et3\" style=\"height: 17.25pt; width: 237.00pt;\" width=\"316\" height=\"23\">Environnement<\/td>\n<td class=\"et3\" style=\"width: 237.00pt;\" width=\"316\">Int\u00e9rieur (IP30) \/ Ext\u00e9rieur (IP65)<\/td>\n<td class=\"et3\" style=\"width: 237.00pt;\" width=\"316\">Int\u00e9rieur (IP30)\/Ext\u00e9rieur (IP65)<\/td>\n<\/tr>\n<tr style=\"height: 51.75pt;\">\n<td class=\"et3\" style=\"height: 51.75pt; width: 237.00pt;\" width=\"316\" height=\"69\">Accessoires standard<\/td>\n<td class=\"et3\" style=\"width: 237.00pt;\" width=\"316\">2PCS : Goupilles de positionnement, 1PCS : Poign\u00e9e, 3PCS : Plaques de porte, 1PCS : barrette d'alimentation, 3PCS : Verrous rapides, 1PCS : Connecteur de plaque plate<\/td>\n<td class=\"et3\" style=\"width: 237.00pt;\" width=\"316\">2PCS : Goupilles de positionnement, 1PCS : Poign\u00e9e, 1PCS : Plaque de porte, 3PCS : Verrous rapides, 1PCS : Barrette d'alimentation, 1PCS : Connecteur plat<\/td>\n<\/tr>\n<\/tbody>\n<\/table>","protected":false},"excerpt":{"rendered":"<p>Param\u00e8tres techniques Sp\u00e9cification de l'armoire ext\u00e9rieure en aluminium moul\u00e9 500X1000-T2 Nom du produit Armoire ext\u00e9rieure en aluminium moul\u00e9 500X1000-T2 Sp\u00e9cification du module 250mmx250mm P3.917\/P2.93\/P1.91\/P3.91 250mmx250mm P3.917\/P2.93\/P1.91\/P3.91 Taille de l'armoire 500mmx1000mmx67mm...<\/p>","protected":false},"featured_media":8841,"template":"","meta":[],"product_brand":[],"product_cat":[15],"product_tag":[],"class_list":{"0":"post-8839","1":"product","2":"type-product","3":"status-publish","4":"has-post-thumbnail","6":"product_cat-other","8":"first","9":"instock","10":"shipping-taxable","11":"product-type-simple"},"_links":{"self":[{"href":"https:\/\/arben-vision.com\/fr\/wp-json\/wp\/v2\/product\/8839","targetHints":{"allow":["GET"]}}],"collection":[{"href":"https:\/\/arben-vision.com\/fr\/wp-json\/wp\/v2\/product"}],"about":[{"href":"https:\/\/arben-vision.com\/fr\/wp-json\/wp\/v2\/types\/product"}],"version-history":[{"count":2,"href":"https:\/\/arben-vision.com\/fr\/wp-json\/wp\/v2\/product\/8839\/revisions"}],"predecessor-version":[{"id":8843,"href":"https:\/\/arben-vision.com\/fr\/wp-json\/wp\/v2\/product\/8839\/revisions\/8843"}],"wp:featuredmedia":[{"embeddable":true,"href":"https:\/\/arben-vision.com\/fr\/wp-json\/wp\/v2\/media\/8841"}],"wp:attachment":[{"href":"https:\/\/arben-vision.com\/fr\/wp-json\/wp\/v2\/media?parent=8839"}],"wp:term":[{"taxonomy":"product_brand","embeddable":true,"href":"https:\/\/arben-vision.com\/fr\/wp-json\/wp\/v2\/product_brand?post=8839"},{"taxonomy":"product_cat","embeddable":true,"href":"https:\/\/arben-vision.com\/fr\/wp-json\/wp\/v2\/product_cat?post=8839"},{"taxonomy":"product_tag","embeddable":true,"href":"https:\/\/arben-vision.com\/fr\/wp-json\/wp\/v2\/product_tag?post=8839"}],"curies":[{"name":"wp","href":"https:\/\/api.w.org\/{rel}","templated":true}]}}