{"id":8835,"date":"2025-08-01T11:56:53","date_gmt":"2025-08-01T11:56:53","guid":{"rendered":"https:\/\/arben-vision.com\/?post_type=product&#038;p=8835"},"modified":"2025-08-01T11:56:53","modified_gmt":"2025-08-01T11:56:53","slug":"500x1000-v-indoor-cabinet-die-cast-aluminum","status":"publish","type":"product","link":"https:\/\/arben-vision.com\/fr\/produit\/500x1000-v-indoor-cabinet-die-cast-aluminum\/","title":{"rendered":"500X1000-V Armoire int\u00e9rieure Aluminium moul\u00e9 sous pression"},"content":{"rendered":"<p><img decoding=\"async\" class=\"alignnone size-medium wp-image-8837\" src=\"https:\/\/arben-vision.com\/wp-content\/uploads\/2025\/08\/wechat_2025-08-01_195249_205-300x164.png\" alt=\"\" width=\"300\" height=\"164\" srcset=\"https:\/\/arben-vision.com\/wp-content\/uploads\/2025\/08\/wechat_2025-08-01_195249_205-300x164.png 300w, https:\/\/arben-vision.com\/wp-content\/uploads\/2025\/08\/wechat_2025-08-01_195249_205-18x10.png 18w, https:\/\/arben-vision.com\/wp-content\/uploads\/2025\/08\/wechat_2025-08-01_195249_205.png 326w\" sizes=\"(max-width: 300px) 100vw, 300px\" \/><\/p>\n<p><strong>Param\u00e8tres techniques<\/strong><\/p>\n<table style=\"border-collapse: collapse; width: 526.52pt;\" border=\"0\" width=\"702\" cellspacing=\"0\" cellpadding=\"0\">\n<tbody>\n<tr style=\"height: 38.00pt;\">\n<td class=\"et2\" style=\"height: 38.00pt; width: 175.50pt;\" width=\"234\" height=\"50\">Sp\u00e9cifications<\/td>\n<td class=\"et2\" style=\"width: 175.50pt;\" width=\"234\">500X1000-V Cabinet en aluminium moul\u00e9 sous pression<\/td>\n<td class=\"et2\" style=\"width: 175.50pt;\" width=\"234\">500X1000-V Armoire int\u00e9rieure<\/td>\n<\/tr>\n<tr style=\"height: 34.50pt;\">\n<td class=\"et2\" style=\"height: 34.50pt; width: 175.50pt;\" width=\"234\" height=\"46\">Nom du produit<\/td>\n<td class=\"et2\" style=\"width: 175.50pt;\" width=\"234\">500X1000-V Cabinet en aluminium moul\u00e9 sous pression<\/td>\n<td class=\"et2\" style=\"width: 175.50pt;\" width=\"234\">500X1000-V Armoire int\u00e9rieure<\/td>\n<\/tr>\n<tr style=\"height: 51.75pt;\">\n<td class=\"et2\" style=\"height: 51.75pt; width: 175.50pt;\" width=\"234\" height=\"69\">Sp\u00e9cification du module<\/td>\n<td class=\"et2\" style=\"width: 175.50pt;\" width=\"234\">250mm\u00d7500mm P3.91\/P4.81\/P2.976\/P2.604\/P1.95<\/td>\n<td class=\"et2\" style=\"width: 175.50pt;\" width=\"234\">250mm\u00d7500mm P3.91\/P4.81\/P2.976\/P2.604\/P1.95<\/td>\n<\/tr>\n<tr style=\"height: 24.00pt;\">\n<td class=\"et2\" style=\"height: 24.00pt; width: 175.50pt;\" width=\"234\" height=\"32\">Taille de l'armoire<\/td>\n<td class=\"et2\" style=\"width: 175.50pt;\" width=\"234\">500mm\u00d71000mm\u00d749mm<\/td>\n<td class=\"et2\" style=\"width: 175.50pt;\" width=\"234\">500mm\u00d71000mm\u00d749mm<\/td>\n<\/tr>\n<tr style=\"height: 24.00pt;\">\n<td class=\"et2\" style=\"height: 24.00pt; width: 175.50pt;\" width=\"234\" height=\"32\">Poids<\/td>\n<td class=\"et2\" style=\"width: 175.50pt;\" width=\"234\">5.4KG<\/td>\n<td class=\"et2\" style=\"width: 175.50pt;\" width=\"234\">5.4KG<\/td>\n<\/tr>\n<tr style=\"height: 24.00pt;\">\n<td class=\"et2\" style=\"height: 24.00pt; width: 175.50pt;\" width=\"234\" height=\"32\">Installation<\/td>\n<td class=\"et2\" style=\"width: 175.50pt;\" width=\"234\">Levage et installation fixe<\/td>\n<td class=\"et2\" style=\"width: 175.50pt;\" width=\"234\">Levage et installation fixe<\/td>\n<\/tr>\n<tr style=\"height: 24.00pt;\">\n<td class=\"et2\" style=\"height: 24.00pt; width: 175.50pt;\" width=\"234\" height=\"32\">Modules par armoire<\/td>\n<td class=\"et2\" style=\"width: 175.50pt;\" width=\"234\">Huit modules par armoire<\/td>\n<td class=\"et2\" style=\"width: 175.50pt;\" width=\"234\">Huit modules par armoire<\/td>\n<\/tr>\n<tr style=\"height: 24.00pt;\">\n<td class=\"et2\" style=\"height: 24.00pt; width: 175.50pt;\" width=\"234\" height=\"32\">Environnement<\/td>\n<td class=\"et2\" style=\"width: 175.50pt;\" width=\"234\">Int\u00e9rieur (IP30) \/ Ext\u00e9rieur (IP65)<\/td>\n<td class=\"et2\" style=\"width: 175.50pt;\" width=\"234\">Int\u00e9rieur (IP30)\/Ext\u00e9rieur (IP65)<\/td>\n<\/tr>\n<tr style=\"height: 69.00pt;\">\n<td class=\"et2\" style=\"height: 69.00pt; width: 175.50pt;\" width=\"234\" height=\"92\">Accessoires standard<\/td>\n<td class=\"et2\" style=\"width: 175.50pt;\" width=\"234\">2PCS : Goupilles de positionnement, 1PCS : Plaque de porte, 1PCS : Bloc d'alimentation, 3PCS : Verrous \u00e0 vis, 1PCS : Connecteur plat<\/td>\n<td class=\"et2\" style=\"width: 175.50pt;\" width=\"234\">2PCS : Goupilles de positionnement, 3PCS : Plaque de porte, 1PCS : Bloc d'alimentation, 3PCS : Verrous \u00e0 vis, 1PCS : Connecteur plat<\/td>\n<\/tr>\n<\/tbody>\n<\/table>","protected":false},"excerpt":{"rendered":"<p>L'armoire 500X1000-V en aluminium moul\u00e9 sous pression, d'une taille de 500\u00d71000\u00d749 mm et d'un poids de 5,4 kg, peut accueillir des modules de 8\u00d7250 mm\u00d7500 mm (P1.95-P4.81). Adapt\u00e9e \u00e0 une utilisation int\u00e9rieure\/ext\u00e9rieure (IP30\/IP65), elle peut \u00eatre hiss\u00e9e\/fix\u00e9e. Les accessoires standard comprennent des goupilles de positionnement, des plaques de porte, des barrettes d'alimentation, des verrous \u00e0 vis et des connecteurs de plaque plate, garantissant un montage s\u00fbr et polyvalent pour les syst\u00e8mes d'affichage \u00e0 grande \u00e9chelle.<\/p>","protected":false},"featured_media":8836,"template":"","meta":[],"product_brand":[],"product_cat":[15],"product_tag":[],"class_list":{"0":"post-8835","1":"product","2":"type-product","3":"status-publish","4":"has-post-thumbnail","6":"product_cat-other","8":"first","9":"instock","10":"shipping-taxable","11":"product-type-simple"},"_links":{"self":[{"href":"https:\/\/arben-vision.com\/fr\/wp-json\/wp\/v2\/product\/8835","targetHints":{"allow":["GET"]}}],"collection":[{"href":"https:\/\/arben-vision.com\/fr\/wp-json\/wp\/v2\/product"}],"about":[{"href":"https:\/\/arben-vision.com\/fr\/wp-json\/wp\/v2\/types\/product"}],"version-history":[{"count":1,"href":"https:\/\/arben-vision.com\/fr\/wp-json\/wp\/v2\/product\/8835\/revisions"}],"predecessor-version":[{"id":8838,"href":"https:\/\/arben-vision.com\/fr\/wp-json\/wp\/v2\/product\/8835\/revisions\/8838"}],"wp:featuredmedia":[{"embeddable":true,"href":"https:\/\/arben-vision.com\/fr\/wp-json\/wp\/v2\/media\/8836"}],"wp:attachment":[{"href":"https:\/\/arben-vision.com\/fr\/wp-json\/wp\/v2\/media?parent=8835"}],"wp:term":[{"taxonomy":"product_brand","embeddable":true,"href":"https:\/\/arben-vision.com\/fr\/wp-json\/wp\/v2\/product_brand?post=8835"},{"taxonomy":"product_cat","embeddable":true,"href":"https:\/\/arben-vision.com\/fr\/wp-json\/wp\/v2\/product_cat?post=8835"},{"taxonomy":"product_tag","embeddable":true,"href":"https:\/\/arben-vision.com\/fr\/wp-json\/wp\/v2\/product_tag?post=8835"}],"curies":[{"name":"wp","href":"https:\/\/api.w.org\/{rel}","templated":true}]}}