{"id":8828,"date":"2025-08-01T11:32:46","date_gmt":"2025-08-01T11:32:46","guid":{"rendered":"https:\/\/arben-vision.com\/?post_type=product&#038;p=8828"},"modified":"2025-08-01T11:33:00","modified_gmt":"2025-08-01T11:33:00","slug":"500x500-n-die-cast-aluminum-cabinet-indoor-cabinet","status":"publish","type":"product","link":"https:\/\/arben-vision.com\/fr\/produit\/500x500-n-die-cast-aluminum-cabinet-indoor-cabinet\/","title":{"rendered":"500X500-N Armoire int\u00e9rieure en aluminium moul\u00e9 sous pression"},"content":{"rendered":"<p><img decoding=\"async\" class=\"alignnone size-full wp-image-8830\" src=\"https:\/\/arben-vision.com\/wp-content\/uploads\/2025\/08\/wechat_2025-08-01_192928_639.png\" alt=\"\" width=\"182\" height=\"206\" srcset=\"https:\/\/arben-vision.com\/wp-content\/uploads\/2025\/08\/wechat_2025-08-01_192928_639.png 182w, https:\/\/arben-vision.com\/wp-content\/uploads\/2025\/08\/wechat_2025-08-01_192928_639-11x12.png 11w\" sizes=\"(max-width: 182px) 100vw, 182px\" \/><\/p>\n<p><strong>Param\u00e8tres techniques<\/strong><\/p>\n<table style=\"border-collapse: collapse; width: 778px; height: 780px;\" border=\"0\" width=\"654\" cellspacing=\"0\" cellpadding=\"0\">\n<tbody>\n<tr style=\"height: 34.50pt;\">\n<td class=\"et2\" style=\"height: 34.50pt; width: 163.50pt;\" width=\"218\" height=\"46\">Sp\u00e9cifications<\/td>\n<td class=\"et3\" style=\"width: 163.50pt;\" width=\"218\">500X500-N Armoire int\u00e9rieure en aluminium moul\u00e9 sous pression<\/td>\n<td class=\"et3\" style=\"width: 163.50pt;\" width=\"218\">500X500-N Armoire int\u00e9rieure \u00b130\u00b0<\/td>\n<\/tr>\n<tr style=\"height: 34.50pt;\">\n<td class=\"et4\" style=\"height: 34.50pt; width: 163.50pt;\" width=\"218\" height=\"46\">Nom du produit<\/td>\n<td class=\"et4\" style=\"width: 163.50pt;\" width=\"218\">500X500-N Armoire int\u00e9rieure en aluminium moul\u00e9 sous pression<\/td>\n<td class=\"et4\" style=\"width: 163.50pt;\" width=\"218\">500X500-N Armoire int\u00e9rieure \u00b130\u00b0<\/td>\n<\/tr>\n<tr style=\"height: 34.50pt;\">\n<td class=\"et4\" style=\"height: 34.50pt; width: 163.50pt;\" width=\"218\" height=\"46\">Sp\u00e9cification du module<\/td>\n<td class=\"et4\" style=\"width: 163.50pt;\" width=\"218\">125mm\u00d7500mm P3.91\/P4.81\/P2.976\/P2.604<\/td>\n<td class=\"et4\" style=\"width: 163.50pt;\" width=\"218\">125mm\u00d7500mm P3.91\/P4.81\/P2.976\/P2.604<\/td>\n<\/tr>\n<tr style=\"height: 17.25pt;\">\n<td class=\"et4\" style=\"height: 17.25pt; width: 163.50pt;\" width=\"218\" height=\"23\">Taille de l'armoire<\/td>\n<td class=\"et4\" style=\"width: 163.50pt;\" width=\"218\">500mm\u00d7500mm\u00d771.5mm<\/td>\n<td class=\"et4\" style=\"width: 163.50pt;\" width=\"218\">500mm\u00d7500mm\u00d771.5mm<\/td>\n<\/tr>\n<tr style=\"height: 17.25pt;\">\n<td class=\"et4\" style=\"height: 17.25pt; width: 163.50pt;\" width=\"218\" height=\"23\">Poids<\/td>\n<td class=\"et4\" style=\"width: 163.50pt;\" width=\"218\">2.5KG<\/td>\n<td class=\"et4\" style=\"width: 163.50pt;\" width=\"218\">2.5KG<\/td>\n<\/tr>\n<tr style=\"height: 17.25pt;\">\n<td class=\"et4\" style=\"height: 17.25pt; width: 163.50pt;\" width=\"218\" height=\"23\">Installation<\/td>\n<td class=\"et4\" style=\"width: 163.50pt;\" width=\"218\">Levage et installation fixe<\/td>\n<td class=\"et4\" style=\"width: 163.50pt;\" width=\"218\">Levage et installation fixe<\/td>\n<\/tr>\n<tr style=\"height: 17.25pt;\">\n<td class=\"et4\" style=\"height: 17.25pt; width: 163.50pt;\" width=\"218\" height=\"23\">Modules par armoire<\/td>\n<td class=\"et4\" style=\"width: 163.50pt;\" width=\"218\">Quatre modules par armoire<\/td>\n<td class=\"et4\" style=\"width: 163.50pt;\" width=\"218\">Quatre modules par armoire<\/td>\n<\/tr>\n<tr style=\"height: 17.25pt;\">\n<td class=\"et4\" style=\"height: 17.25pt; width: 163.50pt;\" width=\"218\" height=\"23\">Environnement<\/td>\n<td class=\"et4\" style=\"width: 163.50pt;\" width=\"218\">Int\u00e9rieur (IP30)<\/td>\n<td class=\"et4\" style=\"width: 163.50pt;\" width=\"218\">Int\u00e9rieur (IP30)<\/td>\n<\/tr>\n<tr style=\"height: 103.50pt;\">\n<td class=\"et4\" style=\"height: 103.50pt; width: 163.50pt;\" width=\"218\" height=\"138\">Accessoires standard<\/td>\n<td class=\"et4\" style=\"width: 163.50pt;\" width=\"218\">2PCS : Goupilles de positionnement, 1PCS : Poign\u00e9e, 1PCS : Plaque de porte, 2PCS : Poign\u00e9es, 2PCS : Serrures rapides, 4PCS : Verrous courbes, 1PCS : Connecteur de plaque plate<\/td>\n<td class=\"et4\" style=\"width: 163.50pt;\" width=\"218\">2PCS : Goupilles de positionnement, 1PCS : Poign\u00e9e, 2PCS : Barrette d'alimentation, 2PCS : Verrous rapides, 4PCS : Verrous courbes, 1PCS : Connecteur plat<\/td>\n<\/tr>\n<\/tbody>\n<\/table>","protected":false},"excerpt":{"rendered":"<p>L'armoire 500X500-N en aluminium moul\u00e9 sous pression, d'une taille de 500\u00d7500\u00d771,5 mm et d'un poids de 2,5 kg, convient aux modules 4\u00d7125 mm\u00d7500 mm (P2.604-P4.81). Dot\u00e9 d'une protection IP30, il peut \u00eatre hiss\u00e9 ou install\u00e9 de mani\u00e8re fixe. Les accessoires standard comprennent des goupilles de positionnement, des poign\u00e9es, des verrous rapides et des verrous de courbure. La variante \u00b130\u00b0 permet des configurations angulaires flexibles, id\u00e9ales pour les syst\u00e8mes d'affichage en int\u00e9rieur n\u00e9cessitant un montage s\u00fbr et ajustable.<\/p>","protected":false},"featured_media":8829,"template":"","meta":[],"product_brand":[],"product_cat":[15],"product_tag":[],"class_list":{"0":"post-8828","1":"product","2":"type-product","3":"status-publish","4":"has-post-thumbnail","6":"product_cat-other","8":"first","9":"instock","10":"shipping-taxable","11":"product-type-simple"},"_links":{"self":[{"href":"https:\/\/arben-vision.com\/fr\/wp-json\/wp\/v2\/product\/8828","targetHints":{"allow":["GET"]}}],"collection":[{"href":"https:\/\/arben-vision.com\/fr\/wp-json\/wp\/v2\/product"}],"about":[{"href":"https:\/\/arben-vision.com\/fr\/wp-json\/wp\/v2\/types\/product"}],"version-history":[{"count":2,"href":"https:\/\/arben-vision.com\/fr\/wp-json\/wp\/v2\/product\/8828\/revisions"}],"predecessor-version":[{"id":8832,"href":"https:\/\/arben-vision.com\/fr\/wp-json\/wp\/v2\/product\/8828\/revisions\/8832"}],"wp:featuredmedia":[{"embeddable":true,"href":"https:\/\/arben-vision.com\/fr\/wp-json\/wp\/v2\/media\/8829"}],"wp:attachment":[{"href":"https:\/\/arben-vision.com\/fr\/wp-json\/wp\/v2\/media?parent=8828"}],"wp:term":[{"taxonomy":"product_brand","embeddable":true,"href":"https:\/\/arben-vision.com\/fr\/wp-json\/wp\/v2\/product_brand?post=8828"},{"taxonomy":"product_cat","embeddable":true,"href":"https:\/\/arben-vision.com\/fr\/wp-json\/wp\/v2\/product_cat?post=8828"},{"taxonomy":"product_tag","embeddable":true,"href":"https:\/\/arben-vision.com\/fr\/wp-json\/wp\/v2\/product_tag?post=8828"}],"curies":[{"name":"wp","href":"https:\/\/api.w.org\/{rel}","templated":true}]}}