{"id":8824,"date":"2025-08-01T11:27:40","date_gmt":"2025-08-01T11:27:40","guid":{"rendered":"https:\/\/arben-vision.com\/?post_type=product&#038;p=8824"},"modified":"2025-08-01T11:27:40","modified_gmt":"2025-08-01T11:27:40","slug":"500x500-1-die-cast-aluminum-cabinet-indoor-and-outdoor-cabinet-flat-curved","status":"publish","type":"product","link":"https:\/\/arben-vision.com\/fr\/produit\/500x500-1-die-cast-aluminum-cabinet-indoor-and-outdoor-cabinet-flat-curved\/","title":{"rendered":"500\u00d7500-1 Cabinet en aluminium moul\u00e9 sous pression : Cabinet d'int\u00e9rieur et d'ext\u00e9rieur (plat\/courb\u00e9)"},"content":{"rendered":"<p><img decoding=\"async\" class=\"alignnone size-full wp-image-8825\" src=\"https:\/\/arben-vision.com\/wp-content\/uploads\/2025\/08\/wechat_2025-08-01_192249_678.png\" alt=\"\" width=\"209\" height=\"201\" srcset=\"https:\/\/arben-vision.com\/wp-content\/uploads\/2025\/08\/wechat_2025-08-01_192249_678.png 209w, https:\/\/arben-vision.com\/wp-content\/uploads\/2025\/08\/wechat_2025-08-01_192249_678-12x12.png 12w\" sizes=\"(max-width: 209px) 100vw, 209px\" \/><\/p>\n<p><strong> Param\u00e8tres techniques<\/strong><\/p>\n<table style=\"border-collapse: collapse; width: 648.02pt;\" border=\"0\" width=\"864\" cellspacing=\"0\" cellpadding=\"0\">\n<tbody>\n<tr style=\"height: 34.50pt;\">\n<td class=\"et2\" style=\"height: 34.50pt; width: 170.25pt;\" width=\"227\" height=\"46\">Sp\u00e9cifications<\/td>\n<td class=\"et3\" style=\"width: 285.00pt;\" width=\"380\">500X500-D Armoire en aluminium moul\u00e9 pour l'int\u00e9rieur et l'ext\u00e9rieur<\/td>\n<td class=\"et3\" style=\"width: 192.75pt;\" width=\"257\">500X500-D Armoire int\u00e9rieure et ext\u00e9rieure<\/td>\n<\/tr>\n<tr style=\"height: 34.50pt;\">\n<td class=\"et4\" style=\"height: 34.50pt; width: 170.25pt;\" width=\"227\" height=\"46\">Nom du produit<\/td>\n<td class=\"et4\" style=\"width: 285.00pt;\" width=\"380\">500X500-D Armoire en aluminium moul\u00e9 pour l'int\u00e9rieur et l'ext\u00e9rieur<\/td>\n<td class=\"et4\" style=\"width: 192.75pt;\" width=\"257\">500X500-D Armoire int\u00e9rieure et ext\u00e9rieure<\/td>\n<\/tr>\n<tr style=\"height: 51.75pt;\">\n<td class=\"et4\" style=\"height: 51.75pt; width: 170.25pt;\" width=\"227\" height=\"69\">Sp\u00e9cification du module<\/td>\n<td class=\"et4\" style=\"width: 285.00pt;\" width=\"380\">250mm\u00d7250mm P3.91\/P4.81\/P2.976\/P2.604\/P2.5\/P2.0\/P1.95\/P1.5625<\/td>\n<td class=\"et4\" style=\"width: 192.75pt;\" width=\"257\">250mm\u00d7250mm P3.91\/P4.81\/P2.976\/P2.604\/P2.5\/P2.0\/P1.95\/P1.5625<\/td>\n<\/tr>\n<tr style=\"height: 17.25pt;\">\n<td class=\"et4\" style=\"height: 17.25pt; width: 170.25pt;\" width=\"227\" height=\"23\">Taille de l'armoire<\/td>\n<td class=\"et4\" style=\"width: 285.00pt;\" width=\"380\">500mm\u00d7500mm\u00d777.5mm<\/td>\n<td class=\"et4\" style=\"width: 192.75pt;\" width=\"257\">500mm\u00d7500mm\u00d777.5mm<\/td>\n<\/tr>\n<tr style=\"height: 17.25pt;\">\n<td class=\"et4\" style=\"height: 17.25pt; width: 170.25pt;\" width=\"227\" height=\"23\">Poids<\/td>\n<td class=\"et4\" style=\"width: 285.00pt;\" width=\"380\">3.92KG<\/td>\n<td class=\"et4\" style=\"width: 192.75pt;\" width=\"257\">3.92KG<\/td>\n<\/tr>\n<tr style=\"height: 17.25pt;\">\n<td class=\"et4\" style=\"height: 17.25pt; width: 170.25pt;\" width=\"227\" height=\"23\">Installation<\/td>\n<td class=\"et4\" style=\"width: 285.00pt;\" width=\"380\">Levage et installation fixe<\/td>\n<td class=\"et4\" style=\"width: 192.75pt;\" width=\"257\">Levage et installation fixe<\/td>\n<\/tr>\n<tr style=\"height: 17.25pt;\">\n<td class=\"et4\" style=\"height: 17.25pt; width: 170.25pt;\" width=\"227\" height=\"23\">Modules par armoire<\/td>\n<td class=\"et4\" style=\"width: 285.00pt;\" width=\"380\">4 modules par armoire<\/td>\n<td class=\"et4\" style=\"width: 192.75pt;\" width=\"257\">4 modules par armoire<\/td>\n<\/tr>\n<tr style=\"height: 17.25pt;\">\n<td class=\"et4\" style=\"height: 17.25pt; width: 170.25pt;\" width=\"227\" height=\"23\">Environnement<\/td>\n<td class=\"et4\" style=\"width: 285.00pt;\" width=\"380\">Int\u00e9rieur (IP30) \/ Ext\u00e9rieur (IP65)<\/td>\n<td class=\"et4\" style=\"width: 192.75pt;\" width=\"257\">Int\u00e9rieur (IP30) \/ Ext\u00e9rieur (IP65)<\/td>\n<\/tr>\n<tr style=\"height: 69.00pt;\">\n<td class=\"et4\" style=\"height: 69.00pt; width: 170.25pt;\" width=\"227\" height=\"92\">Accessoires standard<\/td>\n<td class=\"et4\" style=\"width: 285.00pt;\" width=\"380\">2PCS : Goupilles de positionnement, 1PCS : Poign\u00e9e, 1PCS : Plaque de porte, 1PCS : barrette d'alimentation, 2PCS : joints, 4PCS : Verrous rapides, 1PCS : Connecteur plat<\/td>\n<td class=\"et4\" style=\"width: 192.75pt;\" width=\"257\">2PCS : Goupilles de positionnement, 1PCS : Poign\u00e9e, 1PCS : Plaque de porte, 2PCS : Barrette d'alimentation, 4PCS : Verrous rapides, 1PCS : Connecteur plat<\/td>\n<\/tr>\n<\/tbody>\n<\/table>","protected":false},"excerpt":{"rendered":"<p>L'armoire 500X500-D en aluminium moul\u00e9 sous pression permet une utilisation int\u00e9rieure\/ext\u00e9rieure (IP30\/IP65) avec des modules de 250 mm x 250 mm (P1.5625-P4.81). Mesurant 500\u00d7500\u00d777,5 mm et pesant 3,92 kg, elle peut contenir 4 modules par unit\u00e9. Les accessoires standard comprennent des goupilles de positionnement, des serrures rapides, des barrettes d'alimentation et des connecteurs plats, garantissant des configurations polyvalentes et s\u00fbres pour diverses applications d'affichage.<\/p>","protected":false},"featured_media":8826,"template":"","meta":[],"product_brand":[],"product_cat":[15],"product_tag":[],"class_list":{"0":"post-8824","1":"product","2":"type-product","3":"status-publish","4":"has-post-thumbnail","6":"product_cat-other","8":"first","9":"instock","10":"shipping-taxable","11":"product-type-simple"},"_links":{"self":[{"href":"https:\/\/arben-vision.com\/fr\/wp-json\/wp\/v2\/product\/8824","targetHints":{"allow":["GET"]}}],"collection":[{"href":"https:\/\/arben-vision.com\/fr\/wp-json\/wp\/v2\/product"}],"about":[{"href":"https:\/\/arben-vision.com\/fr\/wp-json\/wp\/v2\/types\/product"}],"version-history":[{"count":1,"href":"https:\/\/arben-vision.com\/fr\/wp-json\/wp\/v2\/product\/8824\/revisions"}],"predecessor-version":[{"id":8827,"href":"https:\/\/arben-vision.com\/fr\/wp-json\/wp\/v2\/product\/8824\/revisions\/8827"}],"wp:featuredmedia":[{"embeddable":true,"href":"https:\/\/arben-vision.com\/fr\/wp-json\/wp\/v2\/media\/8826"}],"wp:attachment":[{"href":"https:\/\/arben-vision.com\/fr\/wp-json\/wp\/v2\/media?parent=8824"}],"wp:term":[{"taxonomy":"product_brand","embeddable":true,"href":"https:\/\/arben-vision.com\/fr\/wp-json\/wp\/v2\/product_brand?post=8824"},{"taxonomy":"product_cat","embeddable":true,"href":"https:\/\/arben-vision.com\/fr\/wp-json\/wp\/v2\/product_cat?post=8824"},{"taxonomy":"product_tag","embeddable":true,"href":"https:\/\/arben-vision.com\/fr\/wp-json\/wp\/v2\/product_tag?post=8824"}],"curies":[{"name":"wp","href":"https:\/\/api.w.org\/{rel}","templated":true}]}}