{"id":8819,"date":"2025-08-01T11:21:47","date_gmt":"2025-08-01T11:21:47","guid":{"rendered":"https:\/\/arben-vision.com\/?post_type=product&#038;p=8819"},"modified":"2025-08-01T11:34:38","modified_gmt":"2025-08-01T11:34:38","slug":"500x500-d-die-cast-aluminum-cabinet-indoor-and-outdoor-use-flat-curved","status":"publish","type":"product","link":"https:\/\/arben-vision.com\/fr\/produit\/500x500-d-die-cast-aluminum-cabinet-indoor-and-outdoor-use-flat-curved\/","title":{"rendered":"500X500-D Cabinet en aluminium moul\u00e9 sous pression :Utilisation int\u00e9rieure et ext\u00e9rieure, plat\/courb\u00e9"},"content":{"rendered":"<p><img fetchpriority=\"high\" decoding=\"async\" class=\"alignnone size-full wp-image-8821\" src=\"https:\/\/arben-vision.com\/wp-content\/uploads\/2025\/08\/2-1.png\" alt=\"\" width=\"277\" height=\"223\" srcset=\"https:\/\/arben-vision.com\/wp-content\/uploads\/2025\/08\/2-1.png 277w, https:\/\/arben-vision.com\/wp-content\/uploads\/2025\/08\/2-1-15x12.png 15w\" sizes=\"(max-width: 277px) 100vw, 277px\" \/><\/p>\n<pre class=\"Question_question_content_pre__Q3Q4I\"><strong>Param\u00e8tres techniques<\/strong><\/pre>\n<table style=\"border-collapse: collapse; width: 641.27pt;\" border=\"0\" width=\"855\" cellspacing=\"0\" cellpadding=\"0\">\n<tbody>\n<tr style=\"height: 33.00pt;\">\n<td class=\"et2\" style=\"height: 33.00pt; width: 96.00pt;\" width=\"128\" height=\"44\">Sp\u00e9cifications<\/td>\n<td class=\"et3\" style=\"width: 309.00pt;\" width=\"412\">500X500-D Armoire en aluminium moul\u00e9 pour l'int\u00e9rieur et l'ext\u00e9rieur<\/td>\n<td class=\"et2\" style=\"width: 236.25pt;\" width=\"315\">500X500-D Armoire int\u00e9rieure et ext\u00e9rieure<\/td>\n<\/tr>\n<tr style=\"height: 34.50pt;\">\n<td class=\"et4\" style=\"height: 34.50pt; width: 96.00pt;\" width=\"128\" height=\"46\">Sp\u00e9cification du module<\/td>\n<td class=\"et4\" style=\"width: 309.00pt;\" width=\"412\">250mmx250mm P1.5625\/P1.95\/P2.5\/P2.604\/P2.976\/P3.91<\/td>\n<td class=\"et4\" style=\"width: 236.25pt;\" width=\"315\">250mmx250mm P1.5625\/P1.95\/P2.5\/P2.604\/P2.976\/P3.91<\/td>\n<\/tr>\n<tr style=\"height: 17.25pt;\">\n<td class=\"et4\" style=\"height: 17.25pt; width: 96.00pt;\" width=\"128\" height=\"23\">Taille de l'armoire<\/td>\n<td class=\"et4\" style=\"width: 309.00pt;\" width=\"412\">500mmx500mmx65mm<\/td>\n<td class=\"et4\" style=\"width: 236.25pt;\" width=\"315\">500mmx500mmx65mm<\/td>\n<\/tr>\n<tr style=\"height: 17.25pt;\">\n<td class=\"et4\" style=\"height: 17.25pt; width: 96.00pt;\" width=\"128\" height=\"23\">Poids<\/td>\n<td class=\"et4\" style=\"width: 309.00pt;\" width=\"412\">3.5KG<\/td>\n<td class=\"et4\" style=\"width: 236.25pt;\" width=\"315\">3.5KG<\/td>\n<\/tr>\n<tr style=\"height: 17.25pt;\">\n<td class=\"et4\" style=\"height: 17.25pt; width: 96.00pt;\" width=\"128\" height=\"23\">Installation<\/td>\n<td class=\"et4\" style=\"width: 309.00pt;\" width=\"412\">Levage et installation fixe<\/td>\n<td class=\"et4\" style=\"width: 236.25pt;\" width=\"315\">Levage et installation fixe<\/td>\n<\/tr>\n<tr style=\"height: 34.50pt;\">\n<td class=\"et4\" style=\"height: 34.50pt; width: 96.00pt;\" width=\"128\" height=\"46\">Modules par armoire<\/td>\n<td class=\"et4\" style=\"width: 309.00pt;\" width=\"412\">4 modules par armoire<\/td>\n<td class=\"et4\" style=\"width: 236.25pt;\" width=\"315\">4 modules par armoire<\/td>\n<\/tr>\n<tr style=\"height: 17.25pt;\">\n<td class=\"et4\" style=\"height: 17.25pt; width: 96.00pt;\" width=\"128\" height=\"23\">Environnement<\/td>\n<td class=\"et4\" style=\"width: 309.00pt;\" width=\"412\">Int\u00e9rieur (IP30) \/ Ext\u00e9rieur (IP65)<\/td>\n<td class=\"et4\" style=\"width: 236.25pt;\" width=\"315\">Int\u00e9rieur (IP30) \/ Ext\u00e9rieur (IP65)<\/td>\n<\/tr>\n<tr style=\"height: 51.75pt;\">\n<td class=\"et4\" style=\"height: 51.75pt; width: 96.00pt;\" width=\"128\" height=\"69\">Accessoires standard<\/td>\n<td class=\"et4\" style=\"width: 309.00pt;\" width=\"412\">2PCS : Bande d'alimentation, 1PCS : Bande de presse pour module, 1PCS : Baffle, 2PCS : Goupille de positionnement, 2PCS : Verrouillage rapide, 2PCS : Verrouillage de courbe, 2PCS : Connecteur de plaque plate<\/td>\n<td class=\"et4\" style=\"width: 236.25pt;\" width=\"315\">2PCS : Barre d'alimentation, 2PCS : Verrouillage rapide, 2PCS : Verrouillage courbe, 2PCS : Connecteur plat<\/td>\n<\/tr>\n<\/tbody>\n<\/table>","protected":false},"excerpt":{"rendered":"<p>L'armoire 500X500-D en aluminium moul\u00e9 sous pression permet une utilisation int\u00e9rieure\/ext\u00e9rieure (IP30\/IP65), des modules de 250 mm x 250 mm (P1.5625-P3.91) et 4 modules par unit\u00e9. D'un poids de 3,5 kg, il peut \u00eatre hiss\u00e9 ou fix\u00e9 \u00e0 l'aide de verrous rapides et de verrous courbes pour des configurations polyvalentes.<\/p>","protected":false},"featured_media":8820,"template":"","meta":[],"product_brand":[],"product_cat":[15],"product_tag":[],"class_list":{"0":"post-8819","1":"product","2":"type-product","3":"status-publish","4":"has-post-thumbnail","6":"product_cat-other","8":"first","9":"instock","10":"shipping-taxable","11":"product-type-simple"},"_links":{"self":[{"href":"https:\/\/arben-vision.com\/fr\/wp-json\/wp\/v2\/product\/8819","targetHints":{"allow":["GET"]}}],"collection":[{"href":"https:\/\/arben-vision.com\/fr\/wp-json\/wp\/v2\/product"}],"about":[{"href":"https:\/\/arben-vision.com\/fr\/wp-json\/wp\/v2\/types\/product"}],"version-history":[{"count":1,"href":"https:\/\/arben-vision.com\/fr\/wp-json\/wp\/v2\/product\/8819\/revisions"}],"predecessor-version":[{"id":8823,"href":"https:\/\/arben-vision.com\/fr\/wp-json\/wp\/v2\/product\/8819\/revisions\/8823"}],"wp:featuredmedia":[{"embeddable":true,"href":"https:\/\/arben-vision.com\/fr\/wp-json\/wp\/v2\/media\/8820"}],"wp:attachment":[{"href":"https:\/\/arben-vision.com\/fr\/wp-json\/wp\/v2\/media?parent=8819"}],"wp:term":[{"taxonomy":"product_brand","embeddable":true,"href":"https:\/\/arben-vision.com\/fr\/wp-json\/wp\/v2\/product_brand?post=8819"},{"taxonomy":"product_cat","embeddable":true,"href":"https:\/\/arben-vision.com\/fr\/wp-json\/wp\/v2\/product_cat?post=8819"},{"taxonomy":"product_tag","embeddable":true,"href":"https:\/\/arben-vision.com\/fr\/wp-json\/wp\/v2\/product_tag?post=8819"}],"curies":[{"name":"wp","href":"https:\/\/api.w.org\/{rel}","templated":true}]}}