{"id":8809,"date":"2025-08-01T11:00:17","date_gmt":"2025-08-01T11:00:17","guid":{"rendered":"https:\/\/arben-vision.com\/?post_type=product&#038;p=8809"},"modified":"2025-08-01T11:00:17","modified_gmt":"2025-08-01T11:00:17","slug":"floor-tile-display-series","status":"publish","type":"product","link":"https:\/\/arben-vision.com\/fr\/produit\/floor-tile-display-series\/","title":{"rendered":"S\u00e9rie de pr\u00e9sentoirs pour carreaux de sol"},"content":{"rendered":"<p><strong>Avantages du produit<\/strong><\/p>\n<p>Capacit\u00e9 de charge \u00e9lev\u00e9e, haute protection<br \/>\nLe bo\u00eetier moul\u00e9 sous pression pr\u00e9sente une conception squelettique et des mat\u00e9riaux r\u00e9sistants \u00e0 la pression, avec une capacit\u00e9 de charge de 2000-3000 kg\/m2 et un indice d'\u00e9tanch\u00e9it\u00e9 IP65.<br \/>\nOptions d'assemblage multiples<br \/>\nIl peut \u00eatre assembl\u00e9 verticalement ou en arc de cercle, et peut \u00eatre mont\u00e9 sur une table ou au plafond, r\u00e9pondant ainsi aux besoins des sc\u00e9narios de tournage en r\u00e9alit\u00e9 virtuelle XR.<br \/>\nD\u00e9tection interactive intelligente<br \/>\nNotre syst\u00e8me de d\u00e9tection interactive exclusif utilise un capteur laser int\u00e9gr\u00e9 et une puce de contr\u00f4le MCU, ce qui permet une interaction sans contact et des temps de r\u00e9ponse plus rapides.<\/p>\n<p><strong>Sc\u00e9nario d'application<\/strong><\/p>\n<p><img fetchpriority=\"high\" decoding=\"async\" class=\"alignnone size-medium wp-image-8810\" src=\"https:\/\/arben-vision.com\/wp-content\/uploads\/2025\/08\/\u8d44\u6e90-53@4x-300x241.png\" alt=\"\" width=\"300\" height=\"241\" srcset=\"https:\/\/arben-vision.com\/wp-content\/uploads\/2025\/08\/\u8d44\u6e90-53@4x-300x241.png 300w, https:\/\/arben-vision.com\/wp-content\/uploads\/2025\/08\/\u8d44\u6e90-53@4x-15x12.png 15w, https:\/\/arben-vision.com\/wp-content\/uploads\/2025\/08\/\u8d44\u6e90-53@4x-370x297.png 370w, https:\/\/arben-vision.com\/wp-content\/uploads\/2025\/08\/\u8d44\u6e90-53@4x-410x329.png 410w, https:\/\/arben-vision.com\/wp-content\/uploads\/2025\/08\/\u8d44\u6e90-53@4x.png 481w\" sizes=\"(max-width: 300px) 100vw, 300px\" \/> <img decoding=\"async\" class=\"alignnone size-medium wp-image-8811\" src=\"https:\/\/arben-vision.com\/wp-content\/uploads\/2025\/08\/\u8d44\u6e90-54@4x-300x241.png\" alt=\"\" width=\"300\" height=\"241\" srcset=\"https:\/\/arben-vision.com\/wp-content\/uploads\/2025\/08\/\u8d44\u6e90-54@4x-300x241.png 300w, https:\/\/arben-vision.com\/wp-content\/uploads\/2025\/08\/\u8d44\u6e90-54@4x-15x12.png 15w, https:\/\/arben-vision.com\/wp-content\/uploads\/2025\/08\/\u8d44\u6e90-54@4x-370x298.png 370w, https:\/\/arben-vision.com\/wp-content\/uploads\/2025\/08\/\u8d44\u6e90-54@4x-410x330.png 410w, https:\/\/arben-vision.com\/wp-content\/uploads\/2025\/08\/\u8d44\u6e90-54@4x.png 480w\" sizes=\"(max-width: 300px) 100vw, 300px\" \/> <img decoding=\"async\" class=\"alignnone size-medium wp-image-8812\" src=\"https:\/\/arben-vision.com\/wp-content\/uploads\/2025\/08\/\u8d44\u6e90-55@4x-300x241.png\" alt=\"\" width=\"300\" height=\"241\" srcset=\"https:\/\/arben-vision.com\/wp-content\/uploads\/2025\/08\/\u8d44\u6e90-55@4x-300x241.png 300w, https:\/\/arben-vision.com\/wp-content\/uploads\/2025\/08\/\u8d44\u6e90-55@4x-15x12.png 15w, https:\/\/arben-vision.com\/wp-content\/uploads\/2025\/08\/\u8d44\u6e90-55@4x-370x297.png 370w, https:\/\/arben-vision.com\/wp-content\/uploads\/2025\/08\/\u8d44\u6e90-55@4x-410x329.png 410w, https:\/\/arben-vision.com\/wp-content\/uploads\/2025\/08\/\u8d44\u6e90-55@4x.png 481w\" sizes=\"(max-width: 300px) 100vw, 300px\" \/> <img loading=\"lazy\" decoding=\"async\" class=\"alignnone size-medium wp-image-8813\" src=\"https:\/\/arben-vision.com\/wp-content\/uploads\/2025\/08\/\u8d44\u6e90-56@4x-300x241.png\" alt=\"\" width=\"300\" height=\"241\" srcset=\"https:\/\/arben-vision.com\/wp-content\/uploads\/2025\/08\/\u8d44\u6e90-56@4x-300x241.png 300w, https:\/\/arben-vision.com\/wp-content\/uploads\/2025\/08\/\u8d44\u6e90-56@4x-15x12.png 15w, https:\/\/arben-vision.com\/wp-content\/uploads\/2025\/08\/\u8d44\u6e90-56@4x-370x298.png 370w, https:\/\/arben-vision.com\/wp-content\/uploads\/2025\/08\/\u8d44\u6e90-56@4x-410x330.png 410w, https:\/\/arben-vision.com\/wp-content\/uploads\/2025\/08\/\u8d44\u6e90-56@4x.png 480w\" sizes=\"(max-width: 300px) 100vw, 300px\" \/><\/p>\n<p><strong>Param\u00e8tres techniques<\/strong><\/p>\n<table style=\"border-collapse: collapse; width: 741px; height: 1935px;\" border=\"0\" width=\"685\" cellspacing=\"0\" cellpadding=\"0\">\n<tbody>\n<tr style=\"height: 33.00pt;\">\n<td class=\"et2\" style=\"height: 33.00pt; width: 117.75pt;\" width=\"157\" height=\"44\">Mod\u00e8le de produit<\/td>\n<td class=\"et2\" style=\"width: 99.00pt;\" width=\"132\">P2.604<\/td>\n<td class=\"et2\" style=\"width: 99.00pt;\" width=\"132\">P2.976<\/td>\n<td class=\"et2\" style=\"width: 99.00pt;\" width=\"132\">P3.91<\/td>\n<td class=\"et2\" style=\"width: 99.00pt;\" width=\"132\">P4.81<\/td>\n<\/tr>\n<tr style=\"height: 26.00pt;\">\n<td class=\"et3\" style=\"height: 26.00pt; width: 117.75pt;\" width=\"157\" height=\"34\">Application\u573a\u6240<\/td>\n<td class=\"et3\" style=\"width: 99.00pt;\" width=\"132\">Int\u00e9rieur\/ext\u00e9rieur<\/td>\n<td class=\"et3\" style=\"width: 99.00pt;\" width=\"132\">Int\u00e9rieur\/ext\u00e9rieur<\/td>\n<td class=\"et3\" style=\"width: 99.00pt;\" width=\"132\">Int\u00e9rieur\/ext\u00e9rieur<\/td>\n<td class=\"et3\" style=\"width: 99.00pt;\" width=\"132\">Int\u00e9rieur\/ext\u00e9rieur<\/td>\n<\/tr>\n<tr style=\"height: 25.00pt;\">\n<td class=\"et3\" style=\"height: 25.00pt; width: 117.75pt;\" width=\"157\" height=\"33\">Taille du module<\/td>\n<td class=\"et3\" style=\"width: 99.00pt;\" width=\"132\">250\u00d7250 mm<\/td>\n<td class=\"et3\" style=\"width: 99.00pt;\" width=\"132\">250\u00d7250 mm<\/td>\n<td class=\"et3\" style=\"width: 99.00pt;\" width=\"132\">250\u00d7250 mm<\/td>\n<td class=\"et3\" style=\"width: 99.00pt;\" width=\"132\">250\u00d7250 mm<\/td>\n<\/tr>\n<tr style=\"height: 17.25pt;\">\n<td class=\"et3\" style=\"height: 17.25pt; width: 117.75pt;\" width=\"157\" height=\"23\">R\u00e9solution du module<\/td>\n<td class=\"et3\" style=\"width: 99.00pt;\" width=\"132\">96\u00d796<\/td>\n<td class=\"et3\" style=\"width: 99.00pt;\" width=\"132\">84\u00d784<\/td>\n<td class=\"et3\" style=\"width: 99.00pt;\" width=\"132\">64\u00d764<\/td>\n<td class=\"et3\" style=\"width: 99.00pt;\" width=\"132\">52\u00d752<\/td>\n<\/tr>\n<tr style=\"height: 60.00pt;\">\n<td class=\"et3\" style=\"height: 60.00pt; width: 117.75pt;\" width=\"157\" height=\"80\">Taille de l'armoire<\/td>\n<td class=\"et3\" style=\"width: 99.00pt;\" width=\"132\">500\u00d7500 mm500\u00d71000 mm<\/td>\n<td class=\"et3\" style=\"width: 99.00pt;\" width=\"132\">500\u00d7500 mm500\u00d71000 mm<\/td>\n<td class=\"et3\" style=\"width: 99.00pt;\" width=\"132\">500\u00d7500 mm500\u00d71000 mm<\/td>\n<td class=\"et3\" style=\"width: 99.00pt;\" width=\"132\">500\u00d7500 mm500\u00d71000 mm<\/td>\n<\/tr>\n<tr style=\"height: 34.50pt;\">\n<td class=\"et3\" style=\"height: 34.50pt; width: 117.75pt;\" width=\"157\" height=\"46\">R\u00e9solution du Cabinet<\/td>\n<td class=\"et3\" style=\"width: 99.00pt;\" width=\"132\">192\u00d7192192\u00d7384<\/td>\n<td class=\"et3\" style=\"width: 99.00pt;\" width=\"132\">168\u00d7168168\u00d7336<\/td>\n<td class=\"et3\" style=\"width: 99.00pt;\" width=\"132\">128\u00d7128128\u00d7256<\/td>\n<td class=\"et3\" style=\"width: 99.00pt;\" width=\"132\">104\u00d7104104\u00d7208<\/td>\n<\/tr>\n<tr style=\"height: 17.25pt;\">\n<td class=\"et3\" style=\"height: 17.25pt; width: 117.75pt;\" width=\"157\" height=\"23\">Densit\u00e9 physique des pixels<\/td>\n<td class=\"et3\" style=\"width: 99.00pt;\" width=\"132\">141744 pcs\/m\u00b2<\/td>\n<td class=\"et3\" style=\"width: 99.00pt;\" width=\"132\">12910 pcs\/m\u00b2<\/td>\n<td class=\"et3\" style=\"width: 99.00pt;\" width=\"132\">65410 pcs\/m\u00b2<\/td>\n<td class=\"et3\" style=\"width: 99.00pt;\" width=\"132\">43222 pcs\/m\u00b2<\/td>\n<\/tr>\n<tr style=\"height: 26.00pt;\">\n<td class=\"et3\" style=\"height: 26.00pt; width: 117.75pt;\" width=\"157\" height=\"34\">Type de bo\u00eetier LED<\/td>\n<td class=\"et3\" style=\"width: 99.00pt;\" width=\"132\">SMD1515\/1415<\/td>\n<td class=\"et3\" style=\"width: 99.00pt;\" width=\"132\">SMD1515\/1415<\/td>\n<td class=\"et3\" style=\"width: 99.00pt;\" width=\"132\">SMD1515\/1415<\/td>\n<td class=\"et3\" style=\"width: 99.00pt;\" width=\"132\">SMD2020\/1921<\/td>\n<\/tr>\n<tr style=\"height: 17.25pt;\">\n<td class=\"et3\" style=\"height: 17.25pt; width: 117.75pt;\" width=\"157\" height=\"23\">Couleur de la LED<\/td>\n<td class=\"et3\" style=\"width: 99.00pt;\" width=\"132\">1R1G1B<\/td>\n<td class=\"et3\" style=\"width: 99.00pt;\" width=\"132\">1R1G1B<\/td>\n<td class=\"et3\" style=\"width: 99.00pt;\" width=\"132\">1R1G1B<\/td>\n<td class=\"et3\" style=\"width: 99.00pt;\" width=\"132\">1R1G1B<\/td>\n<\/tr>\n<tr style=\"height: 34.50pt;\">\n<td class=\"et3\" style=\"height: 34.50pt; width: 117.75pt;\" width=\"157\" height=\"46\">Consommation \u00e9lectrique moyenne<\/td>\n<td class=\"et3\" style=\"width: 99.00pt;\" width=\"132\">400W\/m\u00b2<\/td>\n<td class=\"et3\" style=\"width: 99.00pt;\" width=\"132\">400W\/m\u00b2<\/td>\n<td class=\"et3\" style=\"width: 99.00pt;\" width=\"132\">400W\/m\u00b2<\/td>\n<td class=\"et3\" style=\"width: 99.00pt;\" width=\"132\">400W\/m\u00b2<\/td>\n<\/tr>\n<tr style=\"height: 34.50pt;\">\n<td class=\"et3\" style=\"height: 34.50pt; width: 117.75pt;\" width=\"157\" height=\"46\">Consommation \u00e9lectrique maximale<\/td>\n<td class=\"et3\" style=\"width: 99.00pt;\" width=\"132\">800W\/m\u00b2<\/td>\n<td class=\"et3\" style=\"width: 99.00pt;\" width=\"132\">800W\/m\u00b2<\/td>\n<td class=\"et3\" style=\"width: 99.00pt;\" width=\"132\">800W\/m\u00b2<\/td>\n<td class=\"et3\" style=\"width: 99.00pt;\" width=\"132\">800W\/m\u00b2<\/td>\n<\/tr>\n<tr style=\"height: 34.50pt;\">\n<td class=\"et3\" style=\"height: 34.50pt; width: 117.75pt;\" width=\"157\" height=\"46\">Poids<\/td>\n<td class=\"et3\" style=\"width: 99.00pt;\" width=\"132\">\u2265140kg (en option)<\/td>\n<td class=\"et3\" style=\"width: 99.00pt;\" width=\"132\">\u2265140kg (en option)<\/td>\n<td class=\"et3\" style=\"width: 99.00pt;\" width=\"132\">\u2265140kg (en option)<\/td>\n<td class=\"et3\" style=\"width: 99.00pt;\" width=\"132\">\u2265140kg (en option)<\/td>\n<\/tr>\n<tr style=\"height: 30.00pt;\">\n<td class=\"et3\" style=\"height: 30.00pt; width: 117.75pt;\" width=\"157\" height=\"40\">Mat\u00e9riau de l'armoire<\/td>\n<td class=\"et3\" style=\"width: 99.00pt;\" width=\"132\">Le fer<\/td>\n<td class=\"et3\" style=\"width: 99.00pt;\" width=\"132\">Le fer<\/td>\n<td class=\"et3\" style=\"width: 99.00pt;\" width=\"132\">Le fer<\/td>\n<td class=\"et3\" style=\"width: 99.00pt;\" width=\"132\">Le fer<\/td>\n<\/tr>\n<tr style=\"height: 34.50pt;\">\n<td class=\"et3\" style=\"height: 34.50pt; width: 117.75pt;\" width=\"157\" height=\"46\">Balance des blancs Luminosit\u00e9 - Int\u00e9rieur<\/td>\n<td class=\"et3\" style=\"width: 99.00pt;\" width=\"132\">2500cd\/m\u00b2<\/td>\n<td class=\"et3\" style=\"width: 99.00pt;\" width=\"132\">2500cd\/m\u00b2<\/td>\n<td class=\"et3\" style=\"width: 99.00pt;\" width=\"132\">2500cd\/m\u00b2<\/td>\n<td class=\"et3\" style=\"width: 99.00pt;\" width=\"132\">2500cd\/m\u00b2<\/td>\n<\/tr>\n<tr style=\"height: 34.50pt;\">\n<td class=\"et3\" style=\"height: 34.50pt; width: 117.75pt;\" width=\"157\" height=\"46\">Balance des blancs Luminosit\u00e9 - Ext\u00e9rieur<\/td>\n<td class=\"et3\" style=\"width: 99.00pt;\" width=\"132\">4000cd\/m\u00b2<\/td>\n<td class=\"et3\" style=\"width: 99.00pt;\" width=\"132\">4000cd\/m\u00b2<\/td>\n<td class=\"et3\" style=\"width: 99.00pt;\" width=\"132\">4000cd\/m\u00b2<\/td>\n<td class=\"et3\" style=\"width: 99.00pt;\" width=\"132\">4000cd\/m\u00b2<\/td>\n<\/tr>\n<tr style=\"height: 34.50pt;\">\n<td class=\"et3\" style=\"height: 34.50pt; width: 117.75pt;\" width=\"157\" height=\"46\">M\u00e9thode de conduite - Int\u00e9rieur<\/td>\n<td class=\"et3\" style=\"width: 99.00pt;\" width=\"132\">1\/32 Scan<\/td>\n<td class=\"et3\" style=\"width: 99.00pt;\" width=\"132\">1\/28 Scan<\/td>\n<td class=\"et3\" style=\"width: 99.00pt;\" width=\"132\">1\/16 Scan<\/td>\n<td class=\"et3\" style=\"width: 99.00pt;\" width=\"132\">1\/13 Scan<\/td>\n<\/tr>\n<tr style=\"height: 34.50pt;\">\n<td class=\"et3\" style=\"height: 34.50pt; width: 117.75pt;\" width=\"157\" height=\"46\">M\u00e9thode de conduite - Ext\u00e9rieur<\/td>\n<td class=\"et3\" style=\"width: 99.00pt;\" width=\"132\">1\/16 Scan<\/td>\n<td class=\"et3\" style=\"width: 99.00pt;\" width=\"132\">1\/21 Scan<\/td>\n<td class=\"et3\" style=\"width: 99.00pt;\" width=\"132\">1\/16 Scan<\/td>\n<td class=\"et3\" style=\"width: 99.00pt;\" width=\"132\">1\/13 Scan<\/td>\n<\/tr>\n<tr style=\"height: 17.25pt;\">\n<td class=\"et3\" style=\"height: 17.25pt; width: 117.75pt;\" width=\"157\" height=\"23\">Taux de rafra\u00eechissement<\/td>\n<td class=\"et3\" style=\"width: 99.00pt;\" width=\"132\">1920-3840Hz<\/td>\n<td class=\"et3\" style=\"width: 99.00pt;\" width=\"132\">1920-3840Hz<\/td>\n<td class=\"et3\" style=\"width: 99.00pt;\" width=\"132\">1920-3840Hz<\/td>\n<td class=\"et3\" style=\"width: 99.00pt;\" width=\"132\">1920-3840Hz<\/td>\n<\/tr>\n<tr style=\"height: 34.50pt;\">\n<td class=\"et3\" style=\"height: 34.50pt; width: 117.75pt;\" width=\"157\" height=\"46\">Fr\u00e9quence de conversion<\/td>\n<td class=\"et3\" style=\"width: 99.00pt;\" width=\"132\">\u226550\/60Hz<\/td>\n<td class=\"et3\" style=\"width: 99.00pt;\" width=\"132\">\u226550\/60Hz<\/td>\n<td class=\"et3\" style=\"width: 99.00pt;\" width=\"132\">\u226550\/60Hz<\/td>\n<td class=\"et3\" style=\"width: 99.00pt;\" width=\"132\">\u226550\/60Hz<\/td>\n<\/tr>\n<tr style=\"height: 34.50pt;\">\n<td class=\"et3\" style=\"height: 34.50pt; width: 117.75pt;\" width=\"157\" height=\"46\">M\u00e9thode de contr\u00f4le<\/td>\n<td class=\"et3\" style=\"width: 99.00pt;\" width=\"132\">Contr\u00f4le synchrone<\/td>\n<td class=\"et3\" style=\"width: 99.00pt;\" width=\"132\">Contr\u00f4le synchrone<\/td>\n<td class=\"et3\" style=\"width: 99.00pt;\" width=\"132\">Contr\u00f4le synchrone<\/td>\n<td class=\"et3\" style=\"width: 99.00pt;\" width=\"132\">Contr\u00f4le synchrone<\/td>\n<\/tr>\n<tr style=\"height: 17.25pt;\">\n<td class=\"et3\" style=\"height: 17.25pt; width: 117.75pt;\" width=\"157\" height=\"23\">Tension de fonctionnement<\/td>\n<td class=\"et3\" style=\"width: 99.00pt;\" width=\"132\">AC110\/220V<\/td>\n<td class=\"et3\" style=\"width: 99.00pt;\" width=\"132\">AC110\/220V<\/td>\n<td class=\"et3\" style=\"width: 99.00pt;\" width=\"132\">AC110\/220V<\/td>\n<td class=\"et3\" style=\"width: 99.00pt;\" width=\"132\">AC110\/220V<\/td>\n<\/tr>\n<\/tbody>\n<\/table>","protected":false},"excerpt":{"rendered":"<p>La s\u00e9rie Floor Tile Display est con\u00e7ue pour les applications LED mont\u00e9es au sol, avec une capacit\u00e9 de charge \u00e9lev\u00e9e (2000-3000kg\/\u33a1), une \u00e9tanch\u00e9it\u00e9 IP65 et un assemblage polyvalent (vertical\/arc, montage mural\/plafond). \u00c9quip\u00e9 d'une d\u00e9tection interactive intelligente via des capteurs laser et des puces MCU, il permet une interaction sans contact rapide, id\u00e9ale pour les tournages XR, les expositions et les espaces commerciaux.<\/p>","protected":false},"featured_media":8814,"template":"","meta":[],"product_brand":[],"product_cat":[147,121],"product_tag":[],"class_list":{"0":"post-8809","1":"product","2":"type-product","3":"status-publish","4":"has-post-thumbnail","6":"product_cat-led-floor-screens","7":"product_cat-outdoor-led-screens","9":"first","10":"instock","11":"shipping-taxable","12":"product-type-simple"},"_links":{"self":[{"href":"https:\/\/arben-vision.com\/fr\/wp-json\/wp\/v2\/product\/8809","targetHints":{"allow":["GET"]}}],"collection":[{"href":"https:\/\/arben-vision.com\/fr\/wp-json\/wp\/v2\/product"}],"about":[{"href":"https:\/\/arben-vision.com\/fr\/wp-json\/wp\/v2\/types\/product"}],"version-history":[{"count":1,"href":"https:\/\/arben-vision.com\/fr\/wp-json\/wp\/v2\/product\/8809\/revisions"}],"predecessor-version":[{"id":8815,"href":"https:\/\/arben-vision.com\/fr\/wp-json\/wp\/v2\/product\/8809\/revisions\/8815"}],"wp:featuredmedia":[{"embeddable":true,"href":"https:\/\/arben-vision.com\/fr\/wp-json\/wp\/v2\/media\/8814"}],"wp:attachment":[{"href":"https:\/\/arben-vision.com\/fr\/wp-json\/wp\/v2\/media?parent=8809"}],"wp:term":[{"taxonomy":"product_brand","embeddable":true,"href":"https:\/\/arben-vision.com\/fr\/wp-json\/wp\/v2\/product_brand?post=8809"},{"taxonomy":"product_cat","embeddable":true,"href":"https:\/\/arben-vision.com\/fr\/wp-json\/wp\/v2\/product_cat?post=8809"},{"taxonomy":"product_tag","embeddable":true,"href":"https:\/\/arben-vision.com\/fr\/wp-json\/wp\/v2\/product_tag?post=8809"}],"curies":[{"name":"wp","href":"https:\/\/api.w.org\/{rel}","templated":true}]}}