{"id":8801,"date":"2025-08-01T10:48:50","date_gmt":"2025-08-01T10:48:50","guid":{"rendered":"https:\/\/arben-vision.com\/?post_type=product&#038;p=8801"},"modified":"2025-08-01T11:03:48","modified_gmt":"2025-08-01T11:03:48","slug":"cob-series-display","status":"publish","type":"product","link":"https:\/\/arben-vision.com\/fr\/produit\/cob-series-display\/","title":{"rendered":"Afficheur de la s\u00e9rie COB"},"content":{"rendered":"<p><strong>Avantages du produit<\/strong><\/p>\n<p>Qualit\u00e9 d'image ultra HD, haute r\u00e9solution<br \/>\nR\u00e9solution haute d\u00e9finition, couleurs \u00e9clatantes, reproduction fid\u00e8le des couleurs, r\u00e9ponse rapide, pas de scintillement, pas de d\u00e9calage<br \/>\nCoutures sans couture, un r\u00e9gal visuel en haute d\u00e9finition<br \/>\nLa structure d'affichage de l'unit\u00e9 de haute pr\u00e9cision garantit un pas de pixel constant, une couture sans faille, ainsi qu'une luminosit\u00e9 et des couleurs constantes.<br \/>\nGrand angle de vision, pas de flou<br \/>\nAffichage uniforme sous tous les angles, clair et naturel, sans distorsion des couleurs, offrant une exp\u00e9rience visuelle extraordinaire.<\/p>\n<p><strong>Sc\u00e9nario d'application<\/strong><\/p>\n<p><img fetchpriority=\"high\" decoding=\"async\" class=\"alignnone size-medium wp-image-8802\" src=\"https:\/\/arben-vision.com\/wp-content\/uploads\/2025\/08\/\u8d44\u6e90-49@4x-300x241.png\" alt=\"\" width=\"300\" height=\"241\" srcset=\"https:\/\/arben-vision.com\/wp-content\/uploads\/2025\/08\/\u8d44\u6e90-49@4x-300x241.png 300w, https:\/\/arben-vision.com\/wp-content\/uploads\/2025\/08\/\u8d44\u6e90-49@4x-15x12.png 15w, https:\/\/arben-vision.com\/wp-content\/uploads\/2025\/08\/\u8d44\u6e90-49@4x-370x297.png 370w, https:\/\/arben-vision.com\/wp-content\/uploads\/2025\/08\/\u8d44\u6e90-49@4x-410x329.png 410w, https:\/\/arben-vision.com\/wp-content\/uploads\/2025\/08\/\u8d44\u6e90-49@4x.png 481w\" sizes=\"(max-width: 300px) 100vw, 300px\" \/> <img decoding=\"async\" class=\"alignnone size-medium wp-image-8805\" src=\"https:\/\/arben-vision.com\/wp-content\/uploads\/2025\/08\/\u8d44\u6e90-52@4x-300x241.png\" alt=\"\" width=\"300\" height=\"241\" srcset=\"https:\/\/arben-vision.com\/wp-content\/uploads\/2025\/08\/\u8d44\u6e90-52@4x-300x241.png 300w, https:\/\/arben-vision.com\/wp-content\/uploads\/2025\/08\/\u8d44\u6e90-52@4x-15x12.png 15w, https:\/\/arben-vision.com\/wp-content\/uploads\/2025\/08\/\u8d44\u6e90-52@4x-370x298.png 370w, https:\/\/arben-vision.com\/wp-content\/uploads\/2025\/08\/\u8d44\u6e90-52@4x-410x330.png 410w, https:\/\/arben-vision.com\/wp-content\/uploads\/2025\/08\/\u8d44\u6e90-52@4x.png 480w\" sizes=\"(max-width: 300px) 100vw, 300px\" \/> <img decoding=\"async\" class=\"alignnone size-medium wp-image-8803\" src=\"https:\/\/arben-vision.com\/wp-content\/uploads\/2025\/08\/\u8d44\u6e90-50@4x-300x241.png\" alt=\"\" width=\"300\" height=\"241\" srcset=\"https:\/\/arben-vision.com\/wp-content\/uploads\/2025\/08\/\u8d44\u6e90-50@4x-300x241.png 300w, https:\/\/arben-vision.com\/wp-content\/uploads\/2025\/08\/\u8d44\u6e90-50@4x-15x12.png 15w, https:\/\/arben-vision.com\/wp-content\/uploads\/2025\/08\/\u8d44\u6e90-50@4x-370x298.png 370w, https:\/\/arben-vision.com\/wp-content\/uploads\/2025\/08\/\u8d44\u6e90-50@4x-410x330.png 410w, https:\/\/arben-vision.com\/wp-content\/uploads\/2025\/08\/\u8d44\u6e90-50@4x.png 480w\" sizes=\"(max-width: 300px) 100vw, 300px\" \/> <img loading=\"lazy\" decoding=\"async\" class=\"alignnone size-medium wp-image-8804\" src=\"https:\/\/arben-vision.com\/wp-content\/uploads\/2025\/08\/\u8d44\u6e90-51@4x-300x241.png\" alt=\"\" width=\"300\" height=\"241\" srcset=\"https:\/\/arben-vision.com\/wp-content\/uploads\/2025\/08\/\u8d44\u6e90-51@4x-300x241.png 300w, https:\/\/arben-vision.com\/wp-content\/uploads\/2025\/08\/\u8d44\u6e90-51@4x-15x12.png 15w, https:\/\/arben-vision.com\/wp-content\/uploads\/2025\/08\/\u8d44\u6e90-51@4x-370x297.png 370w, https:\/\/arben-vision.com\/wp-content\/uploads\/2025\/08\/\u8d44\u6e90-51@4x-410x329.png 410w, https:\/\/arben-vision.com\/wp-content\/uploads\/2025\/08\/\u8d44\u6e90-51@4x.png 481w\" sizes=\"(max-width: 300px) 100vw, 300px\" \/><\/p>\n<p><strong> Param\u00e8tres techniques<\/strong><\/p>\n<table style=\"border-collapse: collapse; width: 558.77pt;\" border=\"0\" width=\"745\" cellspacing=\"0\" cellpadding=\"0\">\n<tbody>\n<tr style=\"height: 28.00pt;\">\n<td class=\"et2\" style=\"height: 28.00pt; width: 105.00pt;\" width=\"140\" height=\"37\">Mod\u00e8le de produit<\/td>\n<td class=\"et2\" style=\"width: 86.25pt;\" width=\"115\">P0.62<\/td>\n<td class=\"et2\" style=\"width: 73.50pt;\" width=\"98\">P0.78<\/td>\n<td class=\"et2\" style=\"width: 73.50pt;\" width=\"98\">P0.93<\/td>\n<td class=\"et2\" style=\"width: 73.50pt;\" width=\"98\">P1.25<\/td>\n<td class=\"et2\" style=\"width: 73.50pt;\" width=\"98\">P1.56<\/td>\n<td class=\"et2\" style=\"width: 73.50pt;\" width=\"98\">P1.87<\/td>\n<\/tr>\n<tr style=\"height: 40.50pt;\">\n<td class=\"et2\" style=\"height: 40.50pt; width: 105.00pt;\" width=\"140\" height=\"54\">R\u00e9solution du module (L\u00d7H, points)<\/td>\n<td class=\"et3\" style=\"width: 86.25pt;\" width=\"115\">483.5\u00d7540<\/td>\n<td class=\"et3\" style=\"width: 73.50pt;\" width=\"98\">384\u00d7432<\/td>\n<td class=\"et3\" style=\"width: 73.50pt;\" width=\"98\">320\u00d7360<\/td>\n<td class=\"et3\" style=\"width: 73.50pt;\" width=\"98\">240\u00d7270<\/td>\n<td class=\"et3\" style=\"width: 73.50pt;\" width=\"98\">192\u00d7216<\/td>\n<td class=\"et3\" style=\"width: 73.50pt;\" width=\"98\">160\u00d7180<\/td>\n<\/tr>\n<tr style=\"height: 27.00pt;\">\n<td class=\"et2\" style=\"height: 27.00pt; width: 105.00pt;\" width=\"140\" height=\"36\">Taille du module (mm)<\/td>\n<td class=\"et3\" style=\"width: 86.25pt;\" width=\"115\">300\u00d7337.5<\/td>\n<td class=\"et3\" style=\"width: 73.50pt;\" width=\"98\">300\u00d7337.5<\/td>\n<td class=\"et3\" style=\"width: 73.50pt;\" width=\"98\">300\u00d7337.5<\/td>\n<td class=\"et3\" style=\"width: 73.50pt;\" width=\"98\">300\u00d7337.5<\/td>\n<td class=\"et3\" style=\"width: 73.50pt;\" width=\"98\">300\u00d7337.5<\/td>\n<td class=\"et3\" style=\"width: 73.50pt;\" width=\"98\">300\u00d7337.5<\/td>\n<\/tr>\n<tr style=\"height: 40.50pt;\">\n<td class=\"et2\" style=\"height: 40.50pt; width: 105.00pt;\" width=\"140\" height=\"54\">Unit\u00e9 Module Composition (L\u00d7H)<\/td>\n<td class=\"et3\" style=\"width: 86.25pt;\" width=\"115\">2\u00d71<\/td>\n<td class=\"et3\" style=\"width: 73.50pt;\" width=\"98\">2\u00d71<\/td>\n<td class=\"et3\" style=\"width: 73.50pt;\" width=\"98\">2\u00d71<\/td>\n<td class=\"et3\" style=\"width: 73.50pt;\" width=\"98\">2\u00d71<\/td>\n<td class=\"et3\" style=\"width: 73.50pt;\" width=\"98\">2\u00d71<\/td>\n<td class=\"et3\" style=\"width: 73.50pt;\" width=\"98\">2\u00d71<\/td>\n<\/tr>\n<tr style=\"height: 27.00pt;\">\n<td class=\"et2\" style=\"height: 27.00pt; width: 105.00pt;\" width=\"140\" height=\"36\">Taille de l'armoire (L\u00d7H\u00d7P, mm)<\/td>\n<td class=\"et3\" style=\"width: 86.25pt;\" width=\"115\">600\u00d7337.5\u00d760<\/td>\n<td class=\"et3\" style=\"width: 73.50pt;\" width=\"98\">600\u00d7337.5\u00d760<\/td>\n<td class=\"et3\" style=\"width: 73.50pt;\" width=\"98\">600\u00d7337.5\u00d760<\/td>\n<td class=\"et3\" style=\"width: 73.50pt;\" width=\"98\">600\u00d7337.5\u00d760<\/td>\n<td class=\"et3\" style=\"width: 73.50pt;\" width=\"98\">600\u00d7337.5\u00d760<\/td>\n<td class=\"et3\" style=\"width: 73.50pt;\" width=\"98\">600\u00d7337.5\u00d760<\/td>\n<\/tr>\n<tr style=\"height: 27.00pt;\">\n<td class=\"et2\" style=\"height: 27.00pt; width: 105.00pt;\" width=\"140\" height=\"36\">Poids de l'armoire (KG\/unit\u00e9)<\/td>\n<td class=\"et3\" style=\"width: 86.25pt;\" width=\"115\">6<\/td>\n<td class=\"et3\" style=\"width: 73.50pt;\" width=\"98\">6<\/td>\n<td class=\"et3\" style=\"width: 73.50pt;\" width=\"98\">6<\/td>\n<td class=\"et3\" style=\"width: 73.50pt;\" width=\"98\">6<\/td>\n<td class=\"et3\" style=\"width: 73.50pt;\" width=\"98\">6<\/td>\n<td class=\"et3\" style=\"width: 73.50pt;\" width=\"98\">6<\/td>\n<\/tr>\n<tr style=\"height: 40.50pt;\">\n<td class=\"et2\" style=\"height: 40.50pt; width: 105.00pt;\" width=\"140\" height=\"54\">R\u00e9solution du cabinet (pixels)<\/td>\n<td class=\"et3\" style=\"width: 86.25pt;\" width=\"115\">967\u00d7540<\/td>\n<td class=\"et3\" style=\"width: 73.50pt;\" width=\"98\">768\u00d7432<\/td>\n<td class=\"et3\" style=\"width: 73.50pt;\" width=\"98\">640\u00d7360<\/td>\n<td class=\"et3\" style=\"width: 73.50pt;\" width=\"98\">480\u00d7270<\/td>\n<td class=\"et3\" style=\"width: 73.50pt;\" width=\"98\">384\u00d7216<\/td>\n<td class=\"et3\" style=\"width: 73.50pt;\" width=\"98\">320\u00d7180<\/td>\n<\/tr>\n<tr style=\"height: 27.00pt;\">\n<td class=\"et2\" style=\"height: 27.00pt; width: 105.00pt;\" width=\"140\" height=\"36\">Densit\u00e9 de pixels (pixels\/m\u00b2)<\/td>\n<td class=\"et4\" style=\"width: 86.25pt;\" width=\"115\">2,560,000<\/td>\n<td class=\"et4\" style=\"width: 73.50pt;\" width=\"98\">1,643,524<\/td>\n<td class=\"et4\" style=\"width: 73.50pt;\" width=\"98\">1,137,778<\/td>\n<td class=\"et4\" style=\"width: 73.50pt;\" width=\"98\">640,000<\/td>\n<td class=\"et4\" style=\"width: 73.50pt;\" width=\"98\">409,600<\/td>\n<td class=\"et4\" style=\"width: 73.50pt;\" width=\"98\">284,444<\/td>\n<\/tr>\n<tr style=\"height: 26.00pt;\">\n<td class=\"et2\" style=\"height: 26.00pt; width: 105.00pt;\" width=\"140\" height=\"34\">Niveaux de gris<\/td>\n<td class=\"et3\" style=\"width: 86.25pt;\" width=\"115\">16bit<\/td>\n<td class=\"et3\" style=\"width: 73.50pt;\" width=\"98\">16bit<\/td>\n<td class=\"et3\" style=\"width: 73.50pt;\" width=\"98\">16bit<\/td>\n<td class=\"et3\" style=\"width: 73.50pt;\" width=\"98\">16bit<\/td>\n<td class=\"et3\" style=\"width: 73.50pt;\" width=\"98\">16bit<\/td>\n<td class=\"et3\" style=\"width: 73.50pt;\" width=\"98\">16bit<\/td>\n<\/tr>\n<tr style=\"height: 27.00pt;\">\n<td class=\"et2\" style=\"height: 27.00pt; width: 105.00pt;\" width=\"140\" height=\"36\">Taux de rafra\u00eechissement (Hz)<\/td>\n<td class=\"et3\" style=\"width: 86.25pt;\" width=\"115\">3840Hz<\/td>\n<td class=\"et3\" style=\"width: 73.50pt;\" width=\"98\">3840Hz<\/td>\n<td class=\"et3\" style=\"width: 73.50pt;\" width=\"98\">3840Hz<\/td>\n<td class=\"et3\" style=\"width: 73.50pt;\" width=\"98\">3840Hz<\/td>\n<td class=\"et3\" style=\"width: 73.50pt;\" width=\"98\">3840Hz<\/td>\n<td class=\"et3\" style=\"width: 73.50pt;\" width=\"98\">3840Hz<\/td>\n<\/tr>\n<tr style=\"height: 40.50pt;\">\n<td class=\"et2\" style=\"height: 40.50pt; width: 105.00pt;\" width=\"140\" height=\"54\">Stockage des donn\u00e9es d'\u00e9talonnage<\/td>\n<td class=\"et3\" style=\"width: 86.25pt;\" width=\"115\">Donn\u00e9es stock\u00e9es sur le groupe de modules<\/td>\n<td class=\"et3\" style=\"width: 73.50pt;\" width=\"98\">Idem<\/td>\n<td class=\"et3\" style=\"width: 73.50pt;\" width=\"98\">Idem<\/td>\n<td class=\"et3\" style=\"width: 73.50pt;\" width=\"98\">Idem<\/td>\n<td class=\"et3\" style=\"width: 73.50pt;\" width=\"98\">Idem<\/td>\n<td class=\"et3\" style=\"width: 73.50pt;\" width=\"98\">Idem<\/td>\n<\/tr>\n<tr style=\"height: 40.50pt;\">\n<td class=\"et2\" style=\"height: 40.50pt; width: 105.00pt;\" width=\"140\" height=\"54\">Luminosit\u00e9<\/td>\n<td class=\"et3\" style=\"width: 86.25pt;\" width=\"115\">50-600cd\/m\u00b2 (r\u00e9glage progressif)<\/td>\n<td class=\"et3\" style=\"width: 73.50pt;\" width=\"98\">Idem<\/td>\n<td class=\"et3\" style=\"width: 73.50pt;\" width=\"98\">Idem<\/td>\n<td class=\"et3\" style=\"width: 73.50pt;\" width=\"98\">Idem<\/td>\n<td class=\"et3\" style=\"width: 73.50pt;\" width=\"98\">Idem<\/td>\n<td class=\"et3\" style=\"width: 73.50pt;\" width=\"98\">Idem<\/td>\n<\/tr>\n<tr style=\"height: 27.00pt;\">\n<td class=\"et2\" style=\"height: 27.00pt; width: 105.00pt;\" width=\"140\" height=\"36\">Temp\u00e9rature de couleur<\/td>\n<td class=\"et3\" style=\"width: 86.25pt;\" width=\"115\">3200-9300K (r\u00e9glable)<\/td>\n<td class=\"et3\" style=\"width: 73.50pt;\" width=\"98\">Idem<\/td>\n<td class=\"et3\" style=\"width: 73.50pt;\" width=\"98\">Idem<\/td>\n<td class=\"et3\" style=\"width: 73.50pt;\" width=\"98\">Idem<\/td>\n<td class=\"et3\" style=\"width: 73.50pt;\" width=\"98\">Idem<\/td>\n<td class=\"et3\" style=\"width: 73.50pt;\" width=\"98\">Idem<\/td>\n<\/tr>\n<tr style=\"height: 27.00pt;\">\n<td class=\"et2\" style=\"height: 27.00pt; width: 105.00pt;\" width=\"140\" height=\"36\">Luminosit\u00e9 Uniformit\u00e9<\/td>\n<td class=\"et3\" style=\"width: 86.25pt;\" width=\"115\">\u226598%<\/td>\n<td class=\"et3\" style=\"width: 73.50pt;\" width=\"98\">\u226598%<\/td>\n<td class=\"et3\" style=\"width: 73.50pt;\" width=\"98\">\u226598%<\/td>\n<td class=\"et3\" style=\"width: 73.50pt;\" width=\"98\">\u226598%<\/td>\n<td class=\"et3\" style=\"width: 73.50pt;\" width=\"98\">\u226598%<\/td>\n<td class=\"et3\" style=\"width: 73.50pt;\" width=\"98\">\u226598%<\/td>\n<\/tr>\n<tr style=\"height: 40.50pt;\">\n<td class=\"et2\" style=\"height: 40.50pt; width: 105.00pt;\" width=\"140\" height=\"54\">Angle de vision (horizontal\/vertical)<\/td>\n<td class=\"et3\" style=\"width: 86.25pt;\" width=\"115\">\u2265170\u00b0<\/td>\n<td class=\"et3\" style=\"width: 73.50pt;\" width=\"98\">\u2265170\u00b0<\/td>\n<td class=\"et3\" style=\"width: 73.50pt;\" width=\"98\">\u2265170\u00b0<\/td>\n<td class=\"et3\" style=\"width: 73.50pt;\" width=\"98\">\u2265170\u00b0<\/td>\n<td class=\"et3\" style=\"width: 73.50pt;\" width=\"98\">\u2265170\u00b0<\/td>\n<td class=\"et3\" style=\"width: 73.50pt;\" width=\"98\">\u2265170\u00b0<\/td>\n<\/tr>\n<tr style=\"height: 13.50pt;\">\n<td class=\"et2\" style=\"height: 13.50pt; width: 105.00pt;\" width=\"140\" height=\"18\">Rapport de contraste<\/td>\n<td class=\"et3\" style=\"width: 86.25pt;\" width=\"115\">\u22658500:1<\/td>\n<td class=\"et3\" style=\"width: 73.50pt;\" width=\"98\">Idem<\/td>\n<td class=\"et3\" style=\"width: 73.50pt;\" width=\"98\">Idem<\/td>\n<td class=\"et3\" style=\"width: 73.50pt;\" width=\"98\">Idem<\/td>\n<td class=\"et3\" style=\"width: 73.50pt;\" width=\"98\">Idem<\/td>\n<td class=\"et3\" style=\"width: 73.50pt;\" width=\"98\">Idem<\/td>\n<\/tr>\n<tr style=\"height: 40.50pt;\">\n<td class=\"et2\" style=\"height: 40.50pt; width: 105.00pt;\" width=\"140\" height=\"54\">Consommation \u00e9lectrique de pointe (W\/m\u00b2)<\/td>\n<td class=\"et3\" style=\"width: 86.25pt;\" width=\"115\">\u2264650<\/td>\n<td class=\"et3\" style=\"width: 73.50pt;\" width=\"98\">\u2264650<\/td>\n<td class=\"et3\" style=\"width: 73.50pt;\" width=\"98\">\u2264650<\/td>\n<td class=\"et3\" style=\"width: 73.50pt;\" width=\"98\">\u2264650<\/td>\n<td class=\"et3\" style=\"width: 73.50pt;\" width=\"98\">\u2264650<\/td>\n<td class=\"et3\" style=\"width: 73.50pt;\" width=\"98\">\u2264650<\/td>\n<\/tr>\n<tr style=\"height: 40.50pt;\">\n<td class=\"et2\" style=\"height: 40.50pt; width: 105.00pt;\" width=\"140\" height=\"54\">Consommation \u00e9lectrique moyenne (W\/m\u00b2)<\/td>\n<td class=\"et3\" style=\"width: 86.25pt;\" width=\"115\">\u2264260<\/td>\n<td class=\"et3\" style=\"width: 73.50pt;\" width=\"98\">\u2264260<\/td>\n<td class=\"et3\" style=\"width: 73.50pt;\" width=\"98\">\u2264260<\/td>\n<td class=\"et3\" style=\"width: 73.50pt;\" width=\"98\">\u2264260<\/td>\n<td class=\"et3\" style=\"width: 73.50pt;\" width=\"98\">\u2264260<\/td>\n<td class=\"et3\" style=\"width: 73.50pt;\" width=\"98\">\u2264260<\/td>\n<\/tr>\n<tr style=\"height: 27.00pt;\">\n<td class=\"et2\" style=\"height: 27.00pt; width: 105.00pt;\" width=\"140\" height=\"36\">Exigences en mati\u00e8re d'alimentation \u00e9lectrique<\/td>\n<td class=\"et3\" style=\"width: 86.25pt;\" width=\"115\">AC100-240V (50-60Hz)<\/td>\n<td class=\"et3\" style=\"width: 73.50pt;\" width=\"98\">Idem<\/td>\n<td class=\"et3\" style=\"width: 73.50pt;\" width=\"98\">Idem<\/td>\n<td class=\"et3\" style=\"width: 73.50pt;\" width=\"98\">Idem<\/td>\n<td class=\"et3\" style=\"width: 73.50pt;\" width=\"98\">Idem<\/td>\n<td class=\"et3\" style=\"width: 73.50pt;\" width=\"98\">Idem<\/td>\n<\/tr>\n<tr style=\"height: 27.00pt;\">\n<td class=\"et2\" style=\"height: 27.00pt; width: 105.00pt;\" width=\"140\" height=\"36\">Fr\u00e9quence de conversion (Hz)<\/td>\n<td class=\"et3\" style=\"width: 86.25pt;\" width=\"115\">50 &amp; 60<\/td>\n<td class=\"et3\" style=\"width: 73.50pt;\" width=\"98\">Idem<\/td>\n<td class=\"et3\" style=\"width: 73.50pt;\" width=\"98\">Idem<\/td>\n<td class=\"et3\" style=\"width: 73.50pt;\" width=\"98\">Idem<\/td>\n<td class=\"et3\" style=\"width: 73.50pt;\" width=\"98\">Idem<\/td>\n<td class=\"et3\" style=\"width: 73.50pt;\" width=\"98\">Idem<\/td>\n<\/tr>\n<tr style=\"height: 13.50pt;\">\n<td class=\"et2\" style=\"height: 13.50pt; width: 105.00pt;\" width=\"140\" height=\"18\">Joint de module<\/td>\n<td class=\"et3\" style=\"width: 86.25pt;\" width=\"115\">\u22640.1mm<\/td>\n<td class=\"et3\" style=\"width: 73.50pt;\" width=\"98\">\u22640.1mm<\/td>\n<td class=\"et3\" style=\"width: 73.50pt;\" width=\"98\">\u22640.1mm<\/td>\n<td class=\"et3\" style=\"width: 73.50pt;\" width=\"98\">\u22640.1mm<\/td>\n<td class=\"et3\" style=\"width: 73.50pt;\" width=\"98\">\u22640.1mm<\/td>\n<td class=\"et3\" style=\"width: 73.50pt;\" width=\"98\">\u22640.1mm<\/td>\n<\/tr>\n<tr style=\"height: 27.00pt;\">\n<td class=\"et2\" style=\"height: 27.00pt; width: 105.00pt;\" width=\"140\" height=\"36\">Mat\u00e9riau de l'armoire<\/td>\n<td class=\"et3\" style=\"width: 86.25pt;\" width=\"115\">Aluminium moul\u00e9 sous pression<\/td>\n<td class=\"et3\" style=\"width: 73.50pt;\" width=\"98\">Idem<\/td>\n<td class=\"et3\" style=\"width: 73.50pt;\" width=\"98\">Idem<\/td>\n<td class=\"et3\" style=\"width: 73.50pt;\" width=\"98\">Idem<\/td>\n<td class=\"et3\" style=\"width: 73.50pt;\" width=\"98\">Idem<\/td>\n<td class=\"et3\" style=\"width: 73.50pt;\" width=\"98\">Idem<\/td>\n<\/tr>\n<tr style=\"height: 54.00pt;\">\n<td class=\"et2\" style=\"height: 54.00pt; width: 105.00pt;\" width=\"140\" height=\"72\">Temp\u00e9rature de fonctionnement\/humidit\u00e9<\/td>\n<td class=\"et3\" style=\"width: 86.25pt;\" width=\"115\">-20-60\u00b0C \/ 10%-85% RH (sans condensation)<\/td>\n<td class=\"et3\" style=\"width: 73.50pt;\" width=\"98\">Idem<\/td>\n<td class=\"et3\" style=\"width: 73.50pt;\" width=\"98\">Idem<\/td>\n<td class=\"et3\" style=\"width: 73.50pt;\" width=\"98\">Idem<\/td>\n<td class=\"et3\" style=\"width: 73.50pt;\" width=\"98\">Idem<\/td>\n<td class=\"et3\" style=\"width: 73.50pt;\" width=\"98\">Idem<\/td>\n<\/tr>\n<\/tbody>\n<\/table>","protected":false},"excerpt":{"rendered":"<p>Les \u00e9crans de la s\u00e9rie COB (Chip on Board) repr\u00e9sentent une avanc\u00e9e de pointe dans la technologie LED, offrant des performances visuelles, une durabilit\u00e9 et une efficacit\u00e9 \u00e9nerg\u00e9tique sup\u00e9rieures. Ces \u00e9crans int\u00e8grent les puces LED directement sur les substrats, \u00e9liminant ainsi les m\u00e9thodes d'emballage traditionnelles pour obtenir des visuels haute r\u00e9solution sans faille. Vous trouverez ci-dessous un aper\u00e7u complet des \u00e9crans de la s\u00e9rie COB, y compris leurs caract\u00e9ristiques, leurs avantages et leurs applications.<\/p>","protected":false},"featured_media":8808,"template":"","meta":[],"product_brand":[],"product_cat":[148,150,124],"product_tag":[],"class_list":{"0":"post-8801","1":"product","2":"type-product","3":"status-publish","4":"has-post-thumbnail","6":"product_cat-cob-led-series","7":"product_cat-flexible-leds","8":"product_cat-indoor-fine-pitch-leds","10":"first","11":"instock","12":"shipping-taxable","13":"product-type-simple"},"_links":{"self":[{"href":"https:\/\/arben-vision.com\/fr\/wp-json\/wp\/v2\/product\/8801","targetHints":{"allow":["GET"]}}],"collection":[{"href":"https:\/\/arben-vision.com\/fr\/wp-json\/wp\/v2\/product"}],"about":[{"href":"https:\/\/arben-vision.com\/fr\/wp-json\/wp\/v2\/types\/product"}],"version-history":[{"count":4,"href":"https:\/\/arben-vision.com\/fr\/wp-json\/wp\/v2\/product\/8801\/revisions"}],"predecessor-version":[{"id":8818,"href":"https:\/\/arben-vision.com\/fr\/wp-json\/wp\/v2\/product\/8801\/revisions\/8818"}],"wp:featuredmedia":[{"embeddable":true,"href":"https:\/\/arben-vision.com\/fr\/wp-json\/wp\/v2\/media\/8808"}],"wp:attachment":[{"href":"https:\/\/arben-vision.com\/fr\/wp-json\/wp\/v2\/media?parent=8801"}],"wp:term":[{"taxonomy":"product_brand","embeddable":true,"href":"https:\/\/arben-vision.com\/fr\/wp-json\/wp\/v2\/product_brand?post=8801"},{"taxonomy":"product_cat","embeddable":true,"href":"https:\/\/arben-vision.com\/fr\/wp-json\/wp\/v2\/product_cat?post=8801"},{"taxonomy":"product_tag","embeddable":true,"href":"https:\/\/arben-vision.com\/fr\/wp-json\/wp\/v2\/product_tag?post=8801"}],"curies":[{"name":"wp","href":"https:\/\/api.w.org\/{rel}","templated":true}]}}