{"id":8781,"date":"2025-07-28T14:14:27","date_gmt":"2025-07-28T14:14:27","guid":{"rendered":"https:\/\/arben-vision.com\/?post_type=product&#038;p=8781"},"modified":"2025-07-28T14:37:59","modified_gmt":"2025-07-28T14:37:59","slug":"flexible-rental-display-screen","status":"publish","type":"product","link":"https:\/\/arben-vision.com\/fr\/produit\/flexible-rental-display-screen\/","title":{"rendered":"\u00c9cran de location flexible"},"content":{"rendered":"<p><strong>Avantages du produit<\/strong><br \/>\n1. tr\u00e8s cr\u00e9atif, capable de former des formes telles que des cercles, des arcs, des arbres et des lignes verticales<br \/>\n2. peut \u00eatre con\u00e7u pour la rotation, le balancement, le roulement, etc. en fonction des besoins sp\u00e9cifiques<br \/>\n3. l'adoption d'une technologie de num\u00e9risation distribu\u00e9e et d'une conception modulaire lui conf\u00e8re une fiabilit\u00e9 et une stabilit\u00e9 accrues\".<br \/>\n4. forte adsorption magn\u00e9tique, facile \u00e0 installer, pratique \u00e0 entretenir\".<br \/>\n5. utilisant des mat\u00e9riaux sp\u00e9ciaux et une technologie avanc\u00e9e, il est ultra-mince et ultra-l\u00e9ger, avec un seul module pesant seulement 100 grammes\".<\/p>\n<p><strong> Sc\u00e9nario d'application<\/strong><\/p>\n<p><img fetchpriority=\"high\" decoding=\"async\" class=\"alignnone size-medium wp-image-8782\" src=\"https:\/\/arben-vision.com\/wp-content\/uploads\/2025\/07\/\u8d44\u6e90-43@4x-300x241.png\" alt=\"\" width=\"300\" height=\"241\" srcset=\"https:\/\/arben-vision.com\/wp-content\/uploads\/2025\/07\/\u8d44\u6e90-43@4x-300x241.png 300w, https:\/\/arben-vision.com\/wp-content\/uploads\/2025\/07\/\u8d44\u6e90-43@4x-15x12.png 15w, https:\/\/arben-vision.com\/wp-content\/uploads\/2025\/07\/\u8d44\u6e90-43@4x-370x298.png 370w, https:\/\/arben-vision.com\/wp-content\/uploads\/2025\/07\/\u8d44\u6e90-43@4x-410x330.png 410w, https:\/\/arben-vision.com\/wp-content\/uploads\/2025\/07\/\u8d44\u6e90-43@4x.png 557w\" sizes=\"(max-width: 300px) 100vw, 300px\" \/> <img decoding=\"async\" class=\"alignnone size-medium wp-image-8783\" src=\"https:\/\/arben-vision.com\/wp-content\/uploads\/2025\/07\/\u8d44\u6e90-44@4x-300x241.png\" alt=\"\" width=\"300\" height=\"241\" srcset=\"https:\/\/arben-vision.com\/wp-content\/uploads\/2025\/07\/\u8d44\u6e90-44@4x-300x241.png 300w, https:\/\/arben-vision.com\/wp-content\/uploads\/2025\/07\/\u8d44\u6e90-44@4x-15x12.png 15w, https:\/\/arben-vision.com\/wp-content\/uploads\/2025\/07\/\u8d44\u6e90-44@4x-370x298.png 370w, https:\/\/arben-vision.com\/wp-content\/uploads\/2025\/07\/\u8d44\u6e90-44@4x-410x330.png 410w, https:\/\/arben-vision.com\/wp-content\/uploads\/2025\/07\/\u8d44\u6e90-44@4x.png 557w\" sizes=\"(max-width: 300px) 100vw, 300px\" \/> <img decoding=\"async\" class=\"alignnone size-medium wp-image-8784\" src=\"https:\/\/arben-vision.com\/wp-content\/uploads\/2025\/07\/\u8d44\u6e90-45@4x-300x241.png\" alt=\"\" width=\"300\" height=\"241\" srcset=\"https:\/\/arben-vision.com\/wp-content\/uploads\/2025\/07\/\u8d44\u6e90-45@4x-300x241.png 300w, https:\/\/arben-vision.com\/wp-content\/uploads\/2025\/07\/\u8d44\u6e90-45@4x-15x12.png 15w, https:\/\/arben-vision.com\/wp-content\/uploads\/2025\/07\/\u8d44\u6e90-45@4x-370x298.png 370w, https:\/\/arben-vision.com\/wp-content\/uploads\/2025\/07\/\u8d44\u6e90-45@4x-410x330.png 410w, https:\/\/arben-vision.com\/wp-content\/uploads\/2025\/07\/\u8d44\u6e90-45@4x.png 557w\" sizes=\"(max-width: 300px) 100vw, 300px\" \/><\/p>\n<p><strong>Param\u00e8tres techniques<\/strong><\/p>\n<table style=\"height:auto;width:100%\">\n<thead data-sentry-component=\"CustomThead\" data-sentry-source-file=\"index.tsx\">\n<tr data-sentry-component=\"CustomTr\" data-sentry-source-file=\"index.tsx\">\n<th data-sentry-component=\"CustomTh\" data-sentry-source-file=\"index.tsx\"><strong data-sourcepos=\"1:3-1:20\">Mod\u00e8le de produit<\/strong><\/th>\n<th data-sentry-component=\"CustomTh\" data-sentry-source-file=\"index.tsx\">P2.6<\/th>\n<th data-sentry-component=\"CustomTh\" data-sentry-source-file=\"index.tsx\">P2.976<\/th>\n<th data-sentry-component=\"CustomTh\" data-sentry-source-file=\"index.tsx\">P3.91<\/th>\n<th data-sentry-component=\"CustomTh\" data-sentry-source-file=\"index.tsx\">P4.81<\/th>\n<th data-sentry-component=\"CustomTh\" data-sentry-source-file=\"index.tsx\">P3.91<\/th>\n<th data-sentry-component=\"CustomTh\" data-sentry-source-file=\"index.tsx\">P4.81<\/th>\n<\/tr>\n<\/thead>\n<tbody data-sentry-component=\"CustomTbody\" data-sentry-source-file=\"index.tsx\">\n<tr data-sentry-component=\"CustomTr\" data-sentry-source-file=\"index.tsx\">\n<td data-sentry-component=\"CustomTd\" data-sentry-source-file=\"index.tsx\"><strong data-sourcepos=\"3:3-3:18\">Application<\/strong><\/td>\n<td data-sentry-component=\"CustomTd\" data-sentry-source-file=\"index.tsx\">Int\u00e9rieur<\/td>\n<td data-sentry-component=\"CustomTd\" data-sentry-source-file=\"index.tsx\">Int\u00e9rieur<\/td>\n<td data-sentry-component=\"CustomTd\" data-sentry-source-file=\"index.tsx\">Int\u00e9rieur<\/td>\n<td data-sentry-component=\"CustomTd\" data-sentry-source-file=\"index.tsx\">Int\u00e9rieur<\/td>\n<td data-sentry-component=\"CustomTd\" data-sentry-source-file=\"index.tsx\">Ext\u00e9rieur<\/td>\n<td data-sentry-component=\"CustomTd\" data-sentry-source-file=\"index.tsx\">Ext\u00e9rieur<\/td>\n<\/tr>\n<tr data-sentry-component=\"CustomTr\" data-sentry-source-file=\"index.tsx\">\n<td data-sentry-component=\"CustomTd\" data-sentry-source-file=\"index.tsx\"><strong data-sourcepos=\"4:3-4:23\">Type de bo\u00eetier LED<\/strong><\/td>\n<td data-sentry-component=\"CustomTd\" data-sentry-source-file=\"index.tsx\">SMD 1515<\/td>\n<td data-sentry-component=\"CustomTd\" data-sentry-source-file=\"index.tsx\">SMD 1515<\/td>\n<td data-sentry-component=\"CustomTd\" data-sentry-source-file=\"index.tsx\">SMD 2020<\/td>\n<td data-sentry-component=\"CustomTd\" data-sentry-source-file=\"index.tsx\">SMD 2020<\/td>\n<td data-sentry-component=\"CustomTd\" data-sentry-source-file=\"index.tsx\">SMD 1921<\/td>\n<td data-sentry-component=\"CustomTd\" data-sentry-source-file=\"index.tsx\">SMD 1921<\/td>\n<\/tr>\n<tr data-sentry-component=\"CustomTr\" data-sentry-source-file=\"index.tsx\">\n<td data-sentry-component=\"CustomTd\" data-sentry-source-file=\"index.tsx\"><strong data-sourcepos=\"5:3-5:16\">Couleur de la LED<\/strong><\/td>\n<td data-sentry-component=\"CustomTd\" data-sentry-source-file=\"index.tsx\">IRIGIB<\/td>\n<td data-sentry-component=\"CustomTd\" data-sentry-source-file=\"index.tsx\">IRIGIB<\/td>\n<td data-sentry-component=\"CustomTd\" data-sentry-source-file=\"index.tsx\">IRIGIB<\/td>\n<td data-sentry-component=\"CustomTd\" data-sentry-source-file=\"index.tsx\">IRIGIB<\/td>\n<td data-sentry-component=\"CustomTd\" data-sentry-source-file=\"index.tsx\">IRIGIB<\/td>\n<td data-sentry-component=\"CustomTd\" data-sentry-source-file=\"index.tsx\">IRIGIB<\/td>\n<\/tr>\n<tr data-sentry-component=\"CustomTr\" data-sentry-source-file=\"index.tsx\">\n<td data-sentry-component=\"CustomTd\" data-sentry-source-file=\"index.tsx\"><strong data-sourcepos=\"6:3-6:23\">Pas du pixel (mm)<\/strong><\/td>\n<td data-sentry-component=\"CustomTd\" data-sentry-source-file=\"index.tsx\">2.6<\/td>\n<td data-sentry-component=\"CustomTd\" data-sentry-source-file=\"index.tsx\">2.976<\/td>\n<td data-sentry-component=\"CustomTd\" data-sentry-source-file=\"index.tsx\">3.91<\/td>\n<td data-sentry-component=\"CustomTd\" data-sentry-source-file=\"index.tsx\">4.81<\/td>\n<td data-sentry-component=\"CustomTd\" data-sentry-source-file=\"index.tsx\">3.91<\/td>\n<td data-sentry-component=\"CustomTd\" data-sentry-source-file=\"index.tsx\">4.81<\/td>\n<\/tr>\n<tr data-sentry-component=\"CustomTr\" data-sentry-source-file=\"index.tsx\">\n<td data-sentry-component=\"CustomTd\" data-sentry-source-file=\"index.tsx\"><strong data-sourcepos=\"7:3-7:23\">Taille du module (mm)<\/strong><\/td>\n<td data-sentry-component=\"CustomTd\" data-sentry-source-file=\"index.tsx\">250\u00d7250<\/td>\n<td data-sentry-component=\"CustomTd\" data-sentry-source-file=\"index.tsx\">250\u00d7250<\/td>\n<td data-sentry-component=\"CustomTd\" data-sentry-source-file=\"index.tsx\">250\u00d7250<\/td>\n<td data-sentry-component=\"CustomTd\" data-sentry-source-file=\"index.tsx\">250\u00d7250<\/td>\n<td data-sentry-component=\"CustomTd\" data-sentry-source-file=\"index.tsx\">250\u00d7250<\/td>\n<td data-sentry-component=\"CustomTd\" data-sentry-source-file=\"index.tsx\">250\u00d7250<\/td>\n<\/tr>\n<tr data-sentry-component=\"CustomTr\" data-sentry-source-file=\"index.tsx\">\n<td data-sentry-component=\"CustomTd\" data-sentry-source-file=\"index.tsx\"><strong data-sourcepos=\"8:3-8:25\">R\u00e9solution du Cabinet<\/strong><\/td>\n<td data-sentry-component=\"CustomTd\" data-sentry-source-file=\"index.tsx\">96\u00d796<\/td>\n<td data-sentry-component=\"CustomTd\" data-sentry-source-file=\"index.tsx\">84\u00d784<\/td>\n<td data-sentry-component=\"CustomTd\" data-sentry-source-file=\"index.tsx\">64\u00d764<\/td>\n<td data-sentry-component=\"CustomTd\" data-sentry-source-file=\"index.tsx\">52\u00d752<\/td>\n<td data-sentry-component=\"CustomTd\" data-sentry-source-file=\"index.tsx\">64\u00d764<\/td>\n<td data-sentry-component=\"CustomTd\" data-sentry-source-file=\"index.tsx\">52\u00d752<\/td>\n<\/tr>\n<tr data-sentry-component=\"CustomTr\" data-sentry-source-file=\"index.tsx\">\n<td data-sentry-component=\"CustomTd\" data-sentry-source-file=\"index.tsx\"><strong data-sourcepos=\"9:3-9:24\">Taille de l'armoire (mm)<\/strong><\/td>\n<td data-sentry-component=\"CustomTd\" data-sentry-source-file=\"index.tsx\">500(W)\u00d71000(H)\/500(W)\u00d7500(H)<\/td>\n<td data-sentry-component=\"CustomTd\" data-sentry-source-file=\"index.tsx\">500(W)\u00d71000(H)\/500(W)\u00d7500(H)<\/td>\n<td data-sentry-component=\"CustomTd\" data-sentry-source-file=\"index.tsx\">500(W)\u00d71000(H)\/500(W)\u00d7500(H)<\/td>\n<td data-sentry-component=\"CustomTd\" data-sentry-source-file=\"index.tsx\">500(W)\u00d71000(H)\/500(W)\u00d7500(H)<\/td>\n<td data-sentry-component=\"CustomTd\" data-sentry-source-file=\"index.tsx\">500(W)\u00d71000(H)\/500(W)\u00d7500(H)<\/td>\n<td data-sentry-component=\"CustomTd\" data-sentry-source-file=\"index.tsx\">500(W)\u00d71000(H)\/500(W)\u00d7500(H)<\/td>\n<\/tr>\n<tr data-sentry-component=\"CustomTr\" data-sentry-source-file=\"index.tsx\">\n<td data-sentry-component=\"CustomTd\" data-sentry-source-file=\"index.tsx\"><strong data-sourcepos=\"10:3-10:29\">Poids de l'armoire (kg\/m\u00b2)<\/strong><\/td>\n<td data-sentry-component=\"CustomTd\" data-sentry-source-file=\"index.tsx\">15<\/td>\n<td data-sentry-component=\"CustomTd\" data-sentry-source-file=\"index.tsx\">15<\/td>\n<td data-sentry-component=\"CustomTd\" data-sentry-source-file=\"index.tsx\">15<\/td>\n<td data-sentry-component=\"CustomTd\" data-sentry-source-file=\"index.tsx\">15<\/td>\n<td data-sentry-component=\"CustomTd\" data-sentry-source-file=\"index.tsx\">17<\/td>\n<td data-sentry-component=\"CustomTd\" data-sentry-source-file=\"index.tsx\">17<\/td>\n<\/tr>\n<tr data-sentry-component=\"CustomTr\" data-sentry-source-file=\"index.tsx\">\n<td data-sentry-component=\"CustomTd\" data-sentry-source-file=\"index.tsx\"><strong data-sourcepos=\"11:3-11:20\">Densit\u00e9 de pixels<\/strong><\/td>\n<td data-sentry-component=\"CustomTd\" data-sentry-source-file=\"index.tsx\">147456<\/td>\n<td data-sentry-component=\"CustomTd\" data-sentry-source-file=\"index.tsx\">112896<\/td>\n<td data-sentry-component=\"CustomTd\" data-sentry-source-file=\"index.tsx\">65536<\/td>\n<td data-sentry-component=\"CustomTd\" data-sentry-source-file=\"index.tsx\">43264<\/td>\n<td data-sentry-component=\"CustomTd\" data-sentry-source-file=\"index.tsx\">65536<\/td>\n<td data-sentry-component=\"CustomTd\" data-sentry-source-file=\"index.tsx\">43264<\/td>\n<\/tr>\n<tr data-sentry-component=\"CustomTr\" data-sentry-source-file=\"index.tsx\">\n<td data-sentry-component=\"CustomTd\" data-sentry-source-file=\"index.tsx\"><strong data-sourcepos=\"12:3-12:23\">Mat\u00e9riau de l'armoire<\/strong><\/td>\n<td data-sentry-component=\"CustomTd\" data-sentry-source-file=\"index.tsx\">Aluminium moul\u00e9 sous pression<\/td>\n<td data-sentry-component=\"CustomTd\" data-sentry-source-file=\"index.tsx\">Aluminium moul\u00e9 sous pression<\/td>\n<td data-sentry-component=\"CustomTd\" data-sentry-source-file=\"index.tsx\">Aluminium moul\u00e9 sous pression<\/td>\n<td data-sentry-component=\"CustomTd\" data-sentry-source-file=\"index.tsx\">Aluminium moul\u00e9 sous pression<\/td>\n<td data-sentry-component=\"CustomTd\" data-sentry-source-file=\"index.tsx\">Aluminium moul\u00e9 sous pression<\/td>\n<td data-sentry-component=\"CustomTd\" data-sentry-source-file=\"index.tsx\">Aluminium moul\u00e9 sous pression<\/td>\n<\/tr>\n<tr data-sentry-component=\"CustomTr\" data-sentry-source-file=\"index.tsx\">\n<td data-sentry-component=\"CustomTd\" data-sentry-source-file=\"index.tsx\"><strong data-sourcepos=\"13:3-13:28\">Temp\u00e9rature de fonctionnement<\/strong><\/td>\n<td data-sentry-component=\"CustomTd\" data-sentry-source-file=\"index.tsx\">-10\u00b0C~60\u00b0C<\/td>\n<td data-sentry-component=\"CustomTd\" data-sentry-source-file=\"index.tsx\">-10\u00b0C~60\u00b0C<\/td>\n<td data-sentry-component=\"CustomTd\" data-sentry-source-file=\"index.tsx\">-10\u00b0C~60\u00b0C<\/td>\n<td data-sentry-component=\"CustomTd\" data-sentry-source-file=\"index.tsx\">-10\u00b0C~60\u00b0C<\/td>\n<td data-sentry-component=\"CustomTd\" data-sentry-source-file=\"index.tsx\">-10\u00b0C~60\u00b0C<\/td>\n<td data-sentry-component=\"CustomTd\" data-sentry-source-file=\"index.tsx\">-10\u00b0C~60\u00b0C<\/td>\n<\/tr>\n<tr data-sentry-component=\"CustomTr\" data-sentry-source-file=\"index.tsx\">\n<td data-sentry-component=\"CustomTd\" data-sentry-source-file=\"index.tsx\"><strong data-sourcepos=\"14:3-14:25\">Humidit\u00e9 de fonctionnement<\/strong><\/td>\n<td data-sentry-component=\"CustomTd\" data-sentry-source-file=\"index.tsx\">10%~90%<\/td>\n<td data-sentry-component=\"CustomTd\" data-sentry-source-file=\"index.tsx\">10%~90%<\/td>\n<td data-sentry-component=\"CustomTd\" data-sentry-source-file=\"index.tsx\">10%~90%<\/td>\n<td data-sentry-component=\"CustomTd\" data-sentry-source-file=\"index.tsx\">10%~90%<\/td>\n<td data-sentry-component=\"CustomTd\" data-sentry-source-file=\"index.tsx\">10%~90%<\/td>\n<td data-sentry-component=\"CustomTd\" data-sentry-source-file=\"index.tsx\">10%~90%<\/td>\n<\/tr>\n<tr data-sentry-component=\"CustomTr\" data-sentry-source-file=\"index.tsx\">\n<td data-sentry-component=\"CustomTd\" data-sentry-source-file=\"index.tsx\"><strong data-sourcepos=\"15:3-15:19\">Taux de rafra\u00eechissement<\/strong><\/td>\n<td data-sentry-component=\"CustomTd\" data-sentry-source-file=\"index.tsx\">3840Hz<\/td>\n<td data-sentry-component=\"CustomTd\" data-sentry-source-file=\"index.tsx\">3840Hz<\/td>\n<td data-sentry-component=\"CustomTd\" data-sentry-source-file=\"index.tsx\">3840Hz<\/td>\n<td data-sentry-component=\"CustomTd\" data-sentry-source-file=\"index.tsx\">3840Hz<\/td>\n<td data-sentry-component=\"CustomTd\" data-sentry-source-file=\"index.tsx\">3840Hz<\/td>\n<td data-sentry-component=\"CustomTd\" data-sentry-source-file=\"index.tsx\">3840Hz<\/td>\n<\/tr>\n<tr data-sentry-component=\"CustomTr\" data-sentry-source-file=\"index.tsx\">\n<td data-sentry-component=\"CustomTd\" data-sentry-source-file=\"index.tsx\"><strong data-sourcepos=\"16:3-16:24\">Luminosit\u00e9 (nits)<\/strong><\/td>\n<td data-sentry-component=\"CustomTd\" data-sentry-source-file=\"index.tsx\">\u2265800<\/td>\n<td data-sentry-component=\"CustomTd\" data-sentry-source-file=\"index.tsx\">\u2265800<\/td>\n<td data-sentry-component=\"CustomTd\" data-sentry-source-file=\"index.tsx\">\u22651000<\/td>\n<td data-sentry-component=\"CustomTd\" data-sentry-source-file=\"index.tsx\">\u22651000<\/td>\n<td data-sentry-component=\"CustomTd\" data-sentry-source-file=\"index.tsx\">\u22655500<\/td>\n<td data-sentry-component=\"CustomTd\" data-sentry-source-file=\"index.tsx\">\u22655500<\/td>\n<\/tr>\n<tr data-sentry-component=\"CustomTr\" data-sentry-source-file=\"index.tsx\">\n<td data-sentry-component=\"CustomTd\" data-sentry-source-file=\"index.tsx\"><strong data-sourcepos=\"17:3-17:26\">Angle de vision (H\/V)<\/strong><\/td>\n<td data-sentry-component=\"CustomTd\" data-sentry-source-file=\"index.tsx\">160\u00b0\/160\u00b0<\/td>\n<td data-sentry-component=\"CustomTd\" data-sentry-source-file=\"index.tsx\">160\u00b0\/160\u00b0<\/td>\n<td data-sentry-component=\"CustomTd\" data-sentry-source-file=\"index.tsx\">160\u00b0\/160\u00b0<\/td>\n<td data-sentry-component=\"CustomTd\" data-sentry-source-file=\"index.tsx\">160\u00b0\/160\u00b0<\/td>\n<td data-sentry-component=\"CustomTd\" data-sentry-source-file=\"index.tsx\">160\u00b0\/160\u00b0<\/td>\n<td data-sentry-component=\"CustomTd\" data-sentry-source-file=\"index.tsx\">160\u00b0\/160\u00b0<\/td>\n<\/tr>\n<tr data-sentry-component=\"CustomTr\" data-sentry-source-file=\"index.tsx\">\n<td data-sentry-component=\"CustomTd\" data-sentry-source-file=\"index.tsx\"><strong data-sourcepos=\"18:3-18:17\">Taux de rafra\u00eechissement<\/strong><\/td>\n<td data-sentry-component=\"CustomTd\" data-sentry-source-file=\"index.tsx\">\u226550\/60<\/td>\n<td data-sentry-component=\"CustomTd\" data-sentry-source-file=\"index.tsx\">\u226550\/60<\/td>\n<td data-sentry-component=\"CustomTd\" data-sentry-source-file=\"index.tsx\">\u226550\/60<\/td>\n<td data-sentry-component=\"CustomTd\" data-sentry-source-file=\"index.tsx\">\u226550\/60<\/td>\n<td data-sentry-component=\"CustomTd\" data-sentry-source-file=\"index.tsx\">\u226550\/60<\/td>\n<td data-sentry-component=\"CustomTd\" data-sentry-source-file=\"index.tsx\">\u226550\/60<\/td>\n<\/tr>\n<tr data-sentry-component=\"CustomTr\" data-sentry-source-file=\"index.tsx\">\n<td data-sentry-component=\"CustomTd\" data-sentry-source-file=\"index.tsx\"><strong data-sourcepos=\"19:3-19:19\">Mode de contr\u00f4le<\/strong><\/td>\n<td data-sentry-component=\"CustomTd\" data-sentry-source-file=\"index.tsx\">Syn\/Asynchrone<\/td>\n<td data-sentry-component=\"CustomTd\" data-sentry-source-file=\"index.tsx\">Syn\/Asynchrone<\/td>\n<td data-sentry-component=\"CustomTd\" data-sentry-source-file=\"index.tsx\">Synchrone<\/td>\n<td data-sentry-component=\"CustomTd\" data-sentry-source-file=\"index.tsx\">Synchrone<\/td>\n<td data-sentry-component=\"CustomTd\" data-sentry-source-file=\"index.tsx\">Syn\/Asynchrone<\/td>\n<td data-sentry-component=\"CustomTd\" data-sentry-source-file=\"index.tsx\">Synchrone<\/td>\n<\/tr>\n<tr data-sentry-component=\"CustomTr\" data-sentry-source-file=\"index.tsx\">\n<td data-sentry-component=\"CustomTd\" data-sentry-source-file=\"index.tsx\"><strong data-sourcepos=\"20:3-20:19\">Alimentation \u00e9lectrique<\/strong><\/td>\n<td data-sentry-component=\"CustomTd\" data-sentry-source-file=\"index.tsx\">AC110\/220V<\/td>\n<td data-sentry-component=\"CustomTd\" data-sentry-source-file=\"index.tsx\">AC110\/220V<\/td>\n<td data-sentry-component=\"CustomTd\" data-sentry-source-file=\"index.tsx\">AC110\/220V<\/td>\n<td data-sentry-component=\"CustomTd\" data-sentry-source-file=\"index.tsx\">AC110\/220V<\/td>\n<td data-sentry-component=\"CustomTd\" data-sentry-source-file=\"index.tsx\">AC110\/220V<\/td>\n<td data-sentry-component=\"CustomTd\" data-sentry-source-file=\"index.tsx\">AC110\/220V<\/td>\n<\/tr>\n<tr data-sentry-component=\"CustomTr\" data-sentry-source-file=\"index.tsx\">\n<td data-sentry-component=\"CustomTd\" data-sentry-source-file=\"index.tsx\"><strong data-sourcepos=\"21:3-21:23\">Puissance maximale (W\/m\u00b2)<\/strong><\/td>\n<td data-sentry-component=\"CustomTd\" data-sentry-source-file=\"index.tsx\">&lt;800<\/td>\n<td data-sentry-component=\"CustomTd\" data-sentry-source-file=\"index.tsx\">&lt;800<\/td>\n<td data-sentry-component=\"CustomTd\" data-sentry-source-file=\"index.tsx\">&lt;800<\/td>\n<td data-sentry-component=\"CustomTd\" data-sentry-source-file=\"index.tsx\">&lt;800<\/td>\n<td data-sentry-component=\"CustomTd\" data-sentry-source-file=\"index.tsx\">&lt;800<\/td>\n<td data-sentry-component=\"CustomTd\" data-sentry-source-file=\"index.tsx\">&lt;800<\/td>\n<\/tr>\n<tr data-sentry-component=\"CustomTr\" data-sentry-source-file=\"index.tsx\">\n<td data-sentry-component=\"CustomTd\" data-sentry-source-file=\"index.tsx\"><strong data-sourcepos=\"22:3-22:27\">Puissance moyenne (W\/m\u00b2)<\/strong><\/td>\n<td data-sentry-component=\"CustomTd\" data-sentry-source-file=\"index.tsx\">&lt;180<\/td>\n<td data-sentry-component=\"CustomTd\" data-sentry-source-file=\"index.tsx\">&lt;180<\/td>\n<td data-sentry-component=\"CustomTd\" data-sentry-source-file=\"index.tsx\">&lt;180<\/td>\n<td data-sentry-component=\"CustomTd\" data-sentry-source-file=\"index.tsx\">&lt;180<\/td>\n<td data-sentry-component=\"CustomTd\" data-sentry-source-file=\"index.tsx\">&lt;250<\/td>\n<td data-sentry-component=\"CustomTd\" data-sentry-source-file=\"index.tsx\">&lt;180<\/td>\n<\/tr>\n<tr data-sentry-component=\"CustomTr\" data-sentry-source-file=\"index.tsx\">\n<td data-sentry-component=\"CustomTd\" data-sentry-source-file=\"index.tsx\"><strong data-sourcepos=\"23:3-23:15\">Dur\u00e9e de vie<\/strong><\/td>\n<td data-sentry-component=\"CustomTd\" data-sentry-source-file=\"index.tsx\">&gt;100000h<\/td>\n<td data-sentry-component=\"CustomTd\" data-sentry-source-file=\"index.tsx\">&gt;100000h<\/td>\n<td data-sentry-component=\"CustomTd\" data-sentry-source-file=\"index.tsx\">&gt;100000h<\/td>\n<td data-sentry-component=\"CustomTd\" data-sentry-source-file=\"index.tsx\">&gt;100000h<\/td>\n<td data-sentry-component=\"CustomTd\" data-sentry-source-file=\"index.tsx\">&gt;100000h<\/td>\n<td data-sentry-component=\"CustomTd\" data-sentry-source-file=\"index.tsx\">&gt;100000h<\/td>\n<\/tr>\n<\/tbody>\n<\/table>","protected":false},"excerpt":{"rendered":"<p>Les \u00e9crans d'affichage flexibles en location offrent des solutions pliables et l\u00e9g\u00e8res pour les \u00e9v\u00e9nements. Faciles \u00e0 installer et \u00e0 transporter, ils s'adaptent aux surfaces incurv\u00e9es et offrent des images \u00e9clatantes. R\u00e9utilisables et durables, ils sont id\u00e9aux pour les concerts, les expositions et les installations temporaires, alliant flexibilit\u00e9 et haute performance.<\/p>","protected":false},"featured_media":8785,"template":"","meta":[],"product_brand":[],"product_cat":[150,124,121,122],"product_tag":[],"class_list":{"0":"post-8781","1":"product","2":"type-product","3":"status-publish","4":"has-post-thumbnail","6":"product_cat-flexible-leds","7":"product_cat-indoor-fine-pitch-leds","8":"product_cat-outdoor-led-screens","9":"product_cat-rental-leds","11":"first","12":"instock","13":"shipping-taxable","14":"product-type-simple"},"_links":{"self":[{"href":"https:\/\/arben-vision.com\/fr\/wp-json\/wp\/v2\/product\/8781","targetHints":{"allow":["GET"]}}],"collection":[{"href":"https:\/\/arben-vision.com\/fr\/wp-json\/wp\/v2\/product"}],"about":[{"href":"https:\/\/arben-vision.com\/fr\/wp-json\/wp\/v2\/types\/product"}],"version-history":[{"count":5,"href":"https:\/\/arben-vision.com\/fr\/wp-json\/wp\/v2\/product\/8781\/revisions"}],"predecessor-version":[{"id":8789,"href":"https:\/\/arben-vision.com\/fr\/wp-json\/wp\/v2\/product\/8781\/revisions\/8789"}],"wp:featuredmedia":[{"embeddable":true,"href":"https:\/\/arben-vision.com\/fr\/wp-json\/wp\/v2\/media\/8785"}],"wp:attachment":[{"href":"https:\/\/arben-vision.com\/fr\/wp-json\/wp\/v2\/media?parent=8781"}],"wp:term":[{"taxonomy":"product_brand","embeddable":true,"href":"https:\/\/arben-vision.com\/fr\/wp-json\/wp\/v2\/product_brand?post=8781"},{"taxonomy":"product_cat","embeddable":true,"href":"https:\/\/arben-vision.com\/fr\/wp-json\/wp\/v2\/product_cat?post=8781"},{"taxonomy":"product_tag","embeddable":true,"href":"https:\/\/arben-vision.com\/fr\/wp-json\/wp\/v2\/product_tag?post=8781"}],"curies":[{"name":"wp","href":"https:\/\/api.w.org\/{rel}","templated":true}]}}