{"id":8763,"date":"2025-07-28T13:29:53","date_gmt":"2025-07-28T13:29:53","guid":{"rendered":"https:\/\/arben-vision.com\/?post_type=product&#038;p=8763"},"modified":"2025-07-28T13:39:34","modified_gmt":"2025-07-28T13:39:34","slug":"direct-drive-transparent-screen-series-rental","status":"publish","type":"product","link":"https:\/\/arben-vision.com\/fr\/produit\/direct-drive-transparent-screen-series-rental\/","title":{"rendered":"S\u00e9rie d'\u00e9crans transparents \u00e0 entra\u00eenement direct - location"},"content":{"rendered":"<p><strong>Avantages du produit<\/strong><br \/>\n1. Premi\u00e8re dans l'industrie, l'\u00e9cran holographique transparent \u00e0 espacement \u00e9gal des pixels offre une clart\u00e9 deux fois sup\u00e9rieure \u00e0 celle des \u00e9crans transparents \u00e0 grille.<br \/>\n2. Exclusivit\u00e9 dans l'industrie, puce de pilote sp\u00e9cialement con\u00e7ue pour les \u00e9crans holographiques transparents, avec une fiabilit\u00e9 extr\u00eamement \u00e9lev\u00e9e ; technologie de pointe 7680Hz, r\u00e9pondant aux exigences de la prise de vue virtuelle de niveau XR.<br \/>\n3. Unique dans l'industrie, chaque bo\u00eetier int\u00e8gre un syst\u00e8me de contr\u00f4le \u00e0 puce unique, ex\u00e9cute le syst\u00e8me d'exploitation intelligent Linux et adopte un remplacement peu co\u00fbteux de la connexion par c\u00e2ble r\u00e9seau gigabit, r\u00e9pondant ainsi aux exigences \u00e9lev\u00e9es de personnalisation dans divers sc\u00e9narios.<br \/>\n4. \u00c9quip\u00e9 d'une fermeture rapide standard \u00e0 15\u00b0 et de fermetures rapides sup\u00e9rieures et inf\u00e9rieures \u00e0 traction, permettant de r\u00e9aliser des \u00e9pissures \u00e0 angle droit \u00e0 90\u00b0 ; facile \u00e0 assembler et rapide \u00e0 installer.<\/p>\n<p><strong>Param\u00e8tres techniques<\/strong><\/p>\n<table width=\"731\">\n<tbody>\n<tr>\n<td width=\"72\">mod\u00e8le<\/td>\n<td width=\"149\">Espacement des pixels<\/td>\n<td width=\"72\">Type de lampe<\/td>\n<td width=\"112\">Taille de la bo\u00eete (cm)<\/td>\n<td width=\"72\">Pixels<\/td>\n<td width=\"110\">Luminosit\u00e9 (nits\/m)<\/td>\n<td width=\"72\">Transparence<\/td>\n<td width=\"72\">Num\u00e9ro de balayage<\/td>\n<\/tr>\n<tr>\n<td>R2.6-W<\/td>\n<td>2.6<\/td>\n<td>1010<\/td>\n<td>100&#215;50<\/td>\n<td>384&#215;192<\/td>\n<td>4200<\/td>\n<td>36%<\/td>\n<td>24<\/td>\n<\/tr>\n<tr>\n<td>R3.91-W<\/td>\n<td>3.91<\/td>\n<td>1415<\/td>\n<td>100&#215;50<\/td>\n<td>256&#215;128<\/td>\n<td>4800<\/td>\n<td>50%<\/td>\n<td>16<\/td>\n<\/tr>\n<tr>\n<td>R4.81-W<\/td>\n<td>4.81<\/td>\n<td>1415<\/td>\n<td>100&#215;50<\/td>\n<td>208&#215;104<\/td>\n<td>4500<\/td>\n<td>50%<\/td>\n<td>13<\/td>\n<\/tr>\n<\/tbody>\n<\/table>","protected":false},"excerpt":{"rendered":"<p><strong data-sourcepos=\"3:1-3:35\">Id\u00e9al pour les \u00e9v\u00e9nements dynamiques<\/strong>Les \u00e9crans LED transparents \u00e0 entra\u00eenement direct offrent <strong data-sourcepos=\"3:80-3:111\">haute transparence (55%-80%)<\/strong> tout en fournissant <strong data-sourcepos=\"3:129-3:171\">Des images \u00e9clatantes \u22654 500 nits de luminosit\u00e9<\/strong>Ces \u00e9crans s'int\u00e8grent parfaitement aux structures en verre et aux \u00e9l\u00e9ments architecturaux. Con\u00e7us pour une location efficace, ces \u00e9crans pr\u00e9sentent les caract\u00e9ristiques suivantes <strong data-sourcepos=\"3:307-3:337\">armoires ultra-l\u00e9g\u00e8res<\/strong> (\u00e0 partir de 8,5 kg\/m\u00b2) et sans outils. <strong data-sourcepos=\"3:373-3:391\">serrures magn\u00e9tiques<\/strong> pour une installation rapide. Leur <strong data-sourcepos=\"3:422-3:440\">conception modulaire<\/strong> prend en charge les configurations incurv\u00e9es (\u00b115\u00b0 d'arc) ou inclin\u00e9es \u00e0 90\u00b0, ce qui permet des pr\u00e9sentations cr\u00e9atives lors de concerts, d'expositions et dans les espaces commerciaux. Avec <strong data-sourcepos=\"3:575-3:602\">\u00c9tanch\u00e9it\u00e9 IP65\/IP66<\/strong>, <strong data-sourcepos=\"3:604-3:637\">acc\u00e8s \u00e0 l'entretien avant\/arri\u00e8re<\/strong>Gr\u00e2ce \u00e0 leur conception robuste et \u00e0 leur fonctionnement \u00e9conome en \u00e9nergie, ils allient durabilit\u00e9 et polyvalence pour les installations temporaires \u00e0 fort impact.<\/p>","protected":false},"featured_media":8764,"template":"","meta":[],"product_brand":[],"product_cat":[149],"product_tag":[],"class_list":{"0":"post-8763","1":"product","2":"type-product","3":"status-publish","4":"has-post-thumbnail","6":"product_cat-direct-drive-leds","8":"first","9":"instock","10":"shipping-taxable","11":"product-type-simple"},"_links":{"self":[{"href":"https:\/\/arben-vision.com\/fr\/wp-json\/wp\/v2\/product\/8763","targetHints":{"allow":["GET"]}}],"collection":[{"href":"https:\/\/arben-vision.com\/fr\/wp-json\/wp\/v2\/product"}],"about":[{"href":"https:\/\/arben-vision.com\/fr\/wp-json\/wp\/v2\/types\/product"}],"version-history":[{"count":3,"href":"https:\/\/arben-vision.com\/fr\/wp-json\/wp\/v2\/product\/8763\/revisions"}],"predecessor-version":[{"id":8833,"href":"https:\/\/arben-vision.com\/fr\/wp-json\/wp\/v2\/product\/8763\/revisions\/8833"}],"wp:featuredmedia":[{"embeddable":true,"href":"https:\/\/arben-vision.com\/fr\/wp-json\/wp\/v2\/media\/8764"}],"wp:attachment":[{"href":"https:\/\/arben-vision.com\/fr\/wp-json\/wp\/v2\/media?parent=8763"}],"wp:term":[{"taxonomy":"product_brand","embeddable":true,"href":"https:\/\/arben-vision.com\/fr\/wp-json\/wp\/v2\/product_brand?post=8763"},{"taxonomy":"product_cat","embeddable":true,"href":"https:\/\/arben-vision.com\/fr\/wp-json\/wp\/v2\/product_cat?post=8763"},{"taxonomy":"product_tag","embeddable":true,"href":"https:\/\/arben-vision.com\/fr\/wp-json\/wp\/v2\/product_tag?post=8763"}],"curies":[{"name":"wp","href":"https:\/\/api.w.org\/{rel}","templated":true}]}}