{"id":8755,"date":"2025-07-28T12:43:32","date_gmt":"2025-07-28T12:43:32","guid":{"rendered":"https:\/\/arben-vision.com\/?post_type=product&#038;p=8755"},"modified":"2025-07-28T13:38:49","modified_gmt":"2025-07-28T13:38:49","slug":"direct-drive-transparent-screen-series-fixed-installation","status":"publish","type":"product","link":"https:\/\/arben-vision.com\/fr\/produit\/direct-drive-transparent-screen-series-fixed-installation\/","title":{"rendered":"S\u00e9rie d'\u00e9crans transparents \u00e0 entra\u00eenement direct - installation fixe"},"content":{"rendered":"<p>Avantages du produit<br \/>\n1. Bo\u00eetier profil\u00e9 renforc\u00e9, plus solide que le bo\u00eetier moul\u00e9 sous pression, anti-distorsion, supportant une r\u00e9sistance \u00e0 la traction de 750 kg.<br \/>\n2. \u00c9cran transparent holographique avec un pas de pixel \u00e9gal, deux fois plus clair que l'\u00e9cran transparent de la grille.<br \/>\n3. Puce pilote personnalis\u00e9e pour \u00e9cran holographique transparent, avec une luminosit\u00e9 sup\u00e9rieure \u00e0 4500 et un taux de rafra\u00eechissement sup\u00e9rieur \u00e0 5760Hz.<br \/>\n4. Installation rapide, entretien facile, co\u00fbt \u00e9lev\u00e9.<\/p>\n<pre id=\"tw-target-text\" class=\"tw-data-text tw-text-large tw-ta\" dir=\"ltr\" data-placeholder=\"\u7ffb\u8bd1\" data-ved=\"2ahUKEwi_rIWUyN-OAxVQcfUHHV91D_0Q3ewLegQIDRAV\" aria-label=\"\u8bd1\u6587\uff1aMod\u00e8le Espacement des pixels Type de lampe Taille du bo\u00eetier (cm) Pixels Luminosit\u00e9 (nits\/m) Transparence Num\u00e9ro de balayage Param\u00e8tres techniques\"><strong><span class=\"Y2IQFc\" lang=\"en\">Param\u00e8tres techniques<\/span><\/strong><\/pre>\n<table width=\"731\">\n<tbody>\n<tr>\n<td width=\"72\">mod\u00e8le<\/td>\n<td width=\"149\">Espacement des pixels<\/td>\n<td width=\"72\">Type de lampe<\/td>\n<td width=\"112\">Taille de la bo\u00eete (cm)<\/td>\n<td width=\"72\">Pixels<\/td>\n<td width=\"110\">Luminosit\u00e9 (nits\/m)<\/td>\n<td width=\"72\">Transparence<\/td>\n<td width=\"72\">Num\u00e9ro de balayage<\/td>\n<\/tr>\n<tr>\n<td>G4.8IW<\/td>\n<td>4.81<\/td>\n<td>1921<\/td>\n<td>100X50<\/td>\n<td>208&#215;104<\/td>\n<td>4500<\/td>\n<td>40%<\/td>\n<td>13<\/td>\n<\/tr>\n<\/tbody>\n<\/table>","protected":false},"excerpt":{"rendered":"<p>Le <strong data-start=\"71\" data-end=\"113\">S\u00e9rie d'\u00e9crans transparents \u00e0 entra\u00eenement direct<\/strong> est un produit avanc\u00e9 qui int\u00e8gre une technologie innovante d'entra\u00eenement direct avec une solution d'affichage \u00e0 haute transparence. Il est principalement utilis\u00e9 dans les affichages commerciaux, les vitrines publicitaires, les expositions et la d\u00e9coration de sc\u00e8ne. Cette s\u00e9rie abandonne la configuration traditionnelle du circuit int\u00e9gr\u00e9 du pilote et adopte une conception \u00e0 entra\u00eenement direct, r\u00e9duisant efficacement les voies de transmission, am\u00e9liorant la vitesse de r\u00e9ponse et renfor\u00e7ant la stabilit\u00e9 de l'affichage.<\/p>","protected":false},"featured_media":8756,"template":"","meta":[],"product_brand":[],"product_cat":[149],"product_tag":[],"class_list":{"0":"post-8755","1":"product","2":"type-product","3":"status-publish","4":"has-post-thumbnail","6":"product_cat-direct-drive-leds","8":"first","9":"instock","10":"shipping-taxable","11":"product-type-simple"},"_links":{"self":[{"href":"https:\/\/arben-vision.com\/fr\/wp-json\/wp\/v2\/product\/8755","targetHints":{"allow":["GET"]}}],"collection":[{"href":"https:\/\/arben-vision.com\/fr\/wp-json\/wp\/v2\/product"}],"about":[{"href":"https:\/\/arben-vision.com\/fr\/wp-json\/wp\/v2\/types\/product"}],"version-history":[{"count":8,"href":"https:\/\/arben-vision.com\/fr\/wp-json\/wp\/v2\/product\/8755\/revisions"}],"predecessor-version":[{"id":8758,"href":"https:\/\/arben-vision.com\/fr\/wp-json\/wp\/v2\/product\/8755\/revisions\/8758"}],"wp:featuredmedia":[{"embeddable":true,"href":"https:\/\/arben-vision.com\/fr\/wp-json\/wp\/v2\/media\/8756"}],"wp:attachment":[{"href":"https:\/\/arben-vision.com\/fr\/wp-json\/wp\/v2\/media?parent=8755"}],"wp:term":[{"taxonomy":"product_brand","embeddable":true,"href":"https:\/\/arben-vision.com\/fr\/wp-json\/wp\/v2\/product_brand?post=8755"},{"taxonomy":"product_cat","embeddable":true,"href":"https:\/\/arben-vision.com\/fr\/wp-json\/wp\/v2\/product_cat?post=8755"},{"taxonomy":"product_tag","embeddable":true,"href":"https:\/\/arben-vision.com\/fr\/wp-json\/wp\/v2\/product_tag?post=8755"}],"curies":[{"name":"wp","href":"https:\/\/api.w.org\/{rel}","templated":true}]}}