{"id":8684,"date":"2025-07-01T16:27:50","date_gmt":"2025-07-01T16:27:50","guid":{"rendered":"https:\/\/arben-vision.com\/?post_type=product&#038;p=8684"},"modified":"2025-07-01T16:32:54","modified_gmt":"2025-07-01T16:32:54","slug":"indoor-and-outdoor-rental-display","status":"publish","type":"product","link":"https:\/\/arben-vision.com\/fr\/produit\/indoor-and-outdoor-rental-display\/","title":{"rendered":"Location de pr\u00e9sentoirs \u00e0 l'int\u00e9rieur et \u00e0 l'ext\u00e9rieur"},"content":{"rendered":"<div data-elementor-type=\"product-post\" data-elementor-id=\"8684\" class=\"elementor elementor-8684\" data-elementor-settings=\"{&quot;element_pack_global_tooltip_width&quot;:{&quot;unit&quot;:&quot;px&quot;,&quot;size&quot;:&quot;&quot;,&quot;sizes&quot;:[]},&quot;element_pack_global_tooltip_width_tablet&quot;:{&quot;unit&quot;:&quot;px&quot;,&quot;size&quot;:&quot;&quot;,&quot;sizes&quot;:[]},&quot;element_pack_global_tooltip_width_mobile&quot;:{&quot;unit&quot;:&quot;px&quot;,&quot;size&quot;:&quot;&quot;,&quot;sizes&quot;:[]},&quot;element_pack_global_tooltip_padding&quot;:{&quot;unit&quot;:&quot;px&quot;,&quot;top&quot;:&quot;&quot;,&quot;right&quot;:&quot;&quot;,&quot;bottom&quot;:&quot;&quot;,&quot;left&quot;:&quot;&quot;,&quot;isLinked&quot;:true},&quot;element_pack_global_tooltip_padding_tablet&quot;:{&quot;unit&quot;:&quot;px&quot;,&quot;top&quot;:&quot;&quot;,&quot;right&quot;:&quot;&quot;,&quot;bottom&quot;:&quot;&quot;,&quot;left&quot;:&quot;&quot;,&quot;isLinked&quot;:true},&quot;element_pack_global_tooltip_padding_mobile&quot;:{&quot;unit&quot;:&quot;px&quot;,&quot;top&quot;:&quot;&quot;,&quot;right&quot;:&quot;&quot;,&quot;bottom&quot;:&quot;&quot;,&quot;left&quot;:&quot;&quot;,&quot;isLinked&quot;:true},&quot;element_pack_global_tooltip_border_radius&quot;:{&quot;unit&quot;:&quot;px&quot;,&quot;top&quot;:&quot;&quot;,&quot;right&quot;:&quot;&quot;,&quot;bottom&quot;:&quot;&quot;,&quot;left&quot;:&quot;&quot;,&quot;isLinked&quot;:true},&quot;element_pack_global_tooltip_border_radius_tablet&quot;:{&quot;unit&quot;:&quot;px&quot;,&quot;top&quot;:&quot;&quot;,&quot;right&quot;:&quot;&quot;,&quot;bottom&quot;:&quot;&quot;,&quot;left&quot;:&quot;&quot;,&quot;isLinked&quot;:true},&quot;element_pack_global_tooltip_border_radius_mobile&quot;:{&quot;unit&quot;:&quot;px&quot;,&quot;top&quot;:&quot;&quot;,&quot;right&quot;:&quot;&quot;,&quot;bottom&quot;:&quot;&quot;,&quot;left&quot;:&quot;&quot;,&quot;isLinked&quot;:true}}\" data-elementor-post-type=\"product\">\n\t\t\t\t\t\t<section class=\"elementor-section elementor-top-section elementor-element elementor-element-62c89c8 elementor-section-boxed elementor-section-height-default elementor-section-height-default sc_fly_static\" data-id=\"62c89c8\" data-element_type=\"section\">\n\t\t\t\t\t\t<div class=\"elementor-container elementor-column-gap-extended\">\n\t\t\t\t\t<div class=\"elementor-column elementor-col-100 elementor-top-column elementor-element elementor-element-ef28e7c sc_content_align_inherit sc_layouts_column_icons_position_left sc_fly_static\" data-id=\"ef28e7c\" data-element_type=\"column\">\n\t\t\t<div class=\"elementor-widget-wrap elementor-element-populated\">\n\t\t\t\t\t\t<div class=\"elementor-element elementor-element-65caa5d sc_fly_static elementor-widget elementor-widget-text-editor\" data-id=\"65caa5d\" data-element_type=\"widget\" data-widget_type=\"text-editor.default\">\n\t\t\t\t<div class=\"elementor-widget-container\">\n\t\t\t\t\t\t\t\t\tSc\u00e9nario d'application\t\t\t\t\t\t\t\t<\/div>\n\t\t\t\t<\/div>\n\t\t\t\t<div class=\"elementor-element elementor-element-c6ea909 elementor-widget-divider--view-line sc_fly_static elementor-widget elementor-widget-divider\" data-id=\"c6ea909\" data-element_type=\"widget\" data-widget_type=\"divider.default\">\n\t\t\t\t<div class=\"elementor-widget-container\">\n\t\t\t\t\t\t\t<div class=\"elementor-divider\">\n\t\t\t<span class=\"elementor-divider-separator\">\n\t\t\t\t\t\t<\/span>\n\t\t<\/div>\n\t\t\t\t\t\t<\/div>\n\t\t\t\t<\/div>\n\t\t\t\t<section class=\"elementor-section elementor-inner-section elementor-element elementor-element-2e41a60 elementor-section-boxed elementor-section-height-default elementor-section-height-default sc_fly_static\" data-id=\"2e41a60\" data-element_type=\"section\">\n\t\t\t\t\t\t<div class=\"elementor-container elementor-column-gap-extended\">\n\t\t\t\t\t<div class=\"elementor-column elementor-col-25 elementor-inner-column elementor-element elementor-element-45ed27c sc_content_align_inherit sc_layouts_column_icons_position_left sc_fly_static\" data-id=\"45ed27c\" data-element_type=\"column\">\n\t\t\t<div class=\"elementor-widget-wrap elementor-element-populated\">\n\t\t\t\t\t\t<div class=\"elementor-element elementor-element-ef94890 sc_fly_static elementor-widget elementor-widget-image\" data-id=\"ef94890\" data-element_type=\"widget\" data-widget_type=\"image.default\">\n\t\t\t\t<div class=\"elementor-widget-container\">\n\t\t\t\t\t\t\t\t\t\t\t\t\t\t\t<img fetchpriority=\"high\" decoding=\"async\" width=\"307\" height=\"205\" src=\"https:\/\/arben-vision.com\/wp-content\/uploads\/2025\/07\/2.png\" class=\"attachment-large size-large wp-image-8687\" alt=\"\" srcset=\"https:\/\/arben-vision.com\/wp-content\/uploads\/2025\/07\/2.png 307w, https:\/\/arben-vision.com\/wp-content\/uploads\/2025\/07\/2-300x200.png 300w, https:\/\/arben-vision.com\/wp-content\/uploads\/2025\/07\/2-18x12.png 18w\" sizes=\"(max-width: 600px) 100vw, 307px\" \/>\t\t\t\t\t\t\t\t\t\t\t\t\t\t\t<\/div>\n\t\t\t\t<\/div>\n\t\t\t\t<div class=\"elementor-element elementor-element-5c719a3 sc_fly_static elementor-widget elementor-widget-text-editor\" data-id=\"5c719a3\" data-element_type=\"widget\" data-widget_type=\"text-editor.default\">\n\t\t\t\t<div class=\"elementor-widget-container\">\n\t\t\t\t\t\t\t\t\t\u00c9v\u00e9nements sc\u00e9niques\t\t\t\t\t\t\t\t<\/div>\n\t\t\t\t<\/div>\n\t\t\t\t\t<\/div>\n\t\t<\/div>\n\t\t\t\t<div class=\"elementor-column elementor-col-25 elementor-inner-column elementor-element elementor-element-d943f4c sc_content_align_inherit sc_layouts_column_icons_position_left sc_fly_static\" data-id=\"d943f4c\" data-element_type=\"column\">\n\t\t\t<div class=\"elementor-widget-wrap elementor-element-populated\">\n\t\t\t\t\t\t<div class=\"elementor-element elementor-element-acaca19 sc_fly_static elementor-widget elementor-widget-image\" data-id=\"acaca19\" data-element_type=\"widget\" data-widget_type=\"image.default\">\n\t\t\t\t<div class=\"elementor-widget-container\">\n\t\t\t\t\t\t\t\t\t\t\t\t\t\t\t<img decoding=\"async\" width=\"307\" height=\"205\" src=\"https:\/\/arben-vision.com\/wp-content\/uploads\/2025\/07\/3.png\" class=\"attachment-large size-large wp-image-8688\" alt=\"\" srcset=\"https:\/\/arben-vision.com\/wp-content\/uploads\/2025\/07\/3.png 307w, https:\/\/arben-vision.com\/wp-content\/uploads\/2025\/07\/3-300x200.png 300w, https:\/\/arben-vision.com\/wp-content\/uploads\/2025\/07\/3-18x12.png 18w\" sizes=\"(max-width: 600px) 100vw, 307px\" \/>\t\t\t\t\t\t\t\t\t\t\t\t\t\t\t<\/div>\n\t\t\t\t<\/div>\n\t\t\t\t<div class=\"elementor-element elementor-element-81c63e3 sc_fly_static elementor-widget elementor-widget-text-editor\" data-id=\"81c63e3\" data-element_type=\"widget\" data-widget_type=\"text-editor.default\">\n\t\t\t\t<div class=\"elementor-widget-container\">\n\t\t\t\t\t\t\t\t\t Salons professionnels\t\t\t\t\t\t\t\t<\/div>\n\t\t\t\t<\/div>\n\t\t\t\t\t<\/div>\n\t\t<\/div>\n\t\t\t\t<div class=\"elementor-column elementor-col-25 elementor-inner-column elementor-element elementor-element-c823a44 sc_content_align_inherit sc_layouts_column_icons_position_left sc_fly_static\" data-id=\"c823a44\" data-element_type=\"column\">\n\t\t\t<div class=\"elementor-widget-wrap elementor-element-populated\">\n\t\t\t\t\t\t<div class=\"elementor-element elementor-element-d757278 sc_fly_static elementor-widget elementor-widget-image\" data-id=\"d757278\" data-element_type=\"widget\" data-widget_type=\"image.default\">\n\t\t\t\t<div class=\"elementor-widget-container\">\n\t\t\t\t\t\t\t\t\t\t\t\t\t\t\t<img decoding=\"async\" width=\"307\" height=\"205\" src=\"https:\/\/arben-vision.com\/wp-content\/uploads\/2025\/07\/4.png\" class=\"attachment-large size-large wp-image-8689\" alt=\"\" srcset=\"https:\/\/arben-vision.com\/wp-content\/uploads\/2025\/07\/4.png 307w, https:\/\/arben-vision.com\/wp-content\/uploads\/2025\/07\/4-300x200.png 300w, https:\/\/arben-vision.com\/wp-content\/uploads\/2025\/07\/4-18x12.png 18w\" sizes=\"(max-width: 600px) 100vw, 307px\" \/>\t\t\t\t\t\t\t\t\t\t\t\t\t\t\t<\/div>\n\t\t\t\t<\/div>\n\t\t\t\t<div class=\"elementor-element elementor-element-7c9d737 sc_fly_static elementor-widget elementor-widget-text-editor\" data-id=\"7c9d737\" data-element_type=\"widget\" data-widget_type=\"text-editor.default\">\n\t\t\t\t<div class=\"elementor-widget-container\">\n\t\t\t\t\t\t\t\t\tMariages et banquets\t\t\t\t\t\t\t\t<\/div>\n\t\t\t\t<\/div>\n\t\t\t\t\t<\/div>\n\t\t<\/div>\n\t\t\t\t<div class=\"elementor-column elementor-col-25 elementor-inner-column elementor-element elementor-element-72b2242 sc_content_align_inherit sc_layouts_column_icons_position_left sc_fly_static\" data-id=\"72b2242\" data-element_type=\"column\">\n\t\t\t<div class=\"elementor-widget-wrap elementor-element-populated\">\n\t\t\t\t\t\t<div class=\"elementor-element elementor-element-79aedf8 sc_fly_static elementor-widget elementor-widget-image\" data-id=\"79aedf8\" data-element_type=\"widget\" data-widget_type=\"image.default\">\n\t\t\t\t<div class=\"elementor-widget-container\">\n\t\t\t\t\t\t\t\t\t\t\t\t\t\t\t<img loading=\"lazy\" decoding=\"async\" width=\"307\" height=\"205\" src=\"https:\/\/arben-vision.com\/wp-content\/uploads\/2025\/07\/5.png\" class=\"attachment-large size-large wp-image-8690\" alt=\"\" srcset=\"https:\/\/arben-vision.com\/wp-content\/uploads\/2025\/07\/5.png 307w, https:\/\/arben-vision.com\/wp-content\/uploads\/2025\/07\/5-300x200.png 300w, https:\/\/arben-vision.com\/wp-content\/uploads\/2025\/07\/5-18x12.png 18w\" sizes=\"(max-width: 600px) 100vw, 307px\" \/>\t\t\t\t\t\t\t\t\t\t\t\t\t\t\t<\/div>\n\t\t\t\t<\/div>\n\t\t\t\t<div class=\"elementor-element elementor-element-73dcf00 sc_fly_static elementor-widget elementor-widget-text-editor\" data-id=\"73dcf00\" data-element_type=\"widget\" data-widget_type=\"text-editor.default\">\n\t\t\t\t<div class=\"elementor-widget-container\">\n\t\t\t\t\t\t\t\t\tConcerts\t\t\t\t\t\t\t\t<\/div>\n\t\t\t\t<\/div>\n\t\t\t\t\t<\/div>\n\t\t<\/div>\n\t\t\t\t\t<\/div>\n\t\t<\/section>\n\t\t\t\t\t<\/div>\n\t\t<\/div>\n\t\t\t\t\t<\/div>\n\t\t<\/section>\n\t\t\t\t<section class=\"elementor-section elementor-top-section elementor-element elementor-element-4f4916c elementor-section-boxed elementor-section-height-default elementor-section-height-default sc_fly_static\" data-id=\"4f4916c\" data-element_type=\"section\">\n\t\t\t\t\t\t<div class=\"elementor-container elementor-column-gap-extended\">\n\t\t\t\t\t<div class=\"elementor-column elementor-col-100 elementor-top-column elementor-element elementor-element-6caaa84 sc_content_align_inherit sc_layouts_column_icons_position_left sc_fly_static\" data-id=\"6caaa84\" data-element_type=\"column\">\n\t\t\t<div class=\"elementor-widget-wrap elementor-element-populated\">\n\t\t\t\t\t\t<div class=\"elementor-element elementor-element-6bd18a9 sc_fly_static elementor-widget elementor-widget-text-editor\" data-id=\"6bd18a9\" data-element_type=\"widget\" data-widget_type=\"text-editor.default\">\n\t\t\t\t<div class=\"elementor-widget-container\">\n\t\t\t\t\t\t\t\t\tParam\u00e8tres techniques\t\t\t\t\t\t\t\t<\/div>\n\t\t\t\t<\/div>\n\t\t\t\t<div class=\"elementor-element elementor-element-15ca582 elementor-widget-divider--view-line sc_fly_static elementor-widget elementor-widget-divider\" data-id=\"15ca582\" data-element_type=\"widget\" data-widget_type=\"divider.default\">\n\t\t\t\t<div class=\"elementor-widget-container\">\n\t\t\t\t\t\t\t<div class=\"elementor-divider\">\n\t\t\t<span class=\"elementor-divider-separator\">\n\t\t\t\t\t\t<\/span>\n\t\t<\/div>\n\t\t\t\t\t\t<\/div>\n\t\t\t\t<\/div>\n\t\t\t\t<div class=\"elementor-element elementor-element-c42fd57 sc_fly_static elementor-widget elementor-widget-text-editor\" data-id=\"c42fd57\" data-element_type=\"widget\" data-widget_type=\"text-editor.default\">\n\t\t\t\t<div class=\"elementor-widget-container\">\n\t\t\t\t\t\t\t\t\t<table>\n  <tr>\n    <th>Param\u00e8tres<\/th>\n    <th>P1.5625<\/th>\n    <th>P1.953<\/th>\n    <th>P2.5<\/th>\n    <th>P2.604<\/th>\n    <th>P2.976<\/th>\n    <th>P3.91<\/th>\n    <th>P4.81<\/th>\n  <\/tr>\n  <tr>\n    <td>Application<\/td>\n    <td>Int\u00e9rieur<\/td>\n    <td>Int\u00e9rieur<\/td>\n    <td>Int\u00e9rieur<\/td>\n    <td>Int\u00e9rieur\/ext\u00e9rieur<\/td>\n    <td>Int\u00e9rieur\/ext\u00e9rieur<\/td>\n    <td>Int\u00e9rieur\/ext\u00e9rieur<\/td>\n    <td>Int\u00e9rieur\/ext\u00e9rieur<\/td>\n  <\/tr>\n  <tr>\n    <td>Taille du module (mm)<\/td>\n    <td>250\u00d7250<\/td>\n    <td>250\u00d7250<\/td>\n    <td>250\u00d7250<\/td>\n    <td>250\u00d7250<\/td>\n    <td>250\u00d7250<\/td>\n    <td>250\u00d7250<\/td>\n    <td>250\u00d7250<\/td>\n  <\/tr>\n  <tr>\n    <td>R\u00e9solution du module<\/td>\n    <td>160\u00d7160<\/td>\n    <td>128\u00d7128<\/td>\n    <td>100\u00d7100<\/td>\n    <td>96\u00d796<\/td>\n    <td>84\u00d784<\/td>\n    <td>64\u00d764<\/td>\n    <td>52\u00d752<\/td>\n  <\/tr>\n  <tr>\n    <td>Taille de l'armoire (mm)<\/td>\n    <td>500\u00d7500<br>500\u00d71000<\/td>\n    <td>500\u00d7500<br>500\u00d71000<\/td>\n    <td>500\u00d7500<br>500\u00d71000<\/td>\n    <td>500\u00d7500<br>500\u00d71000<\/td>\n    <td>500\u00d7500<br>500\u00d71000<\/td>\n    <td>500\u00d7500<br>500\u00d71000<\/td>\n    <td>500\u00d7500<br>500\u00d71000<\/td>\n  <\/tr>\n  <tr>\n    <td>R\u00e9solution du Cabinet<\/td>\n    <td>320\u00d7320<br>320\u00d7640<\/td>\n    <td>256\u00d7256<br>256\u00d7512<\/td>\n    <td>200\u00d7200<br>200\u00d7400<\/td>\n    <td>192\u00d7192<br>192\u00d7384<\/td>\n    <td>168\u00d7168<br>168\u00d7336<\/td>\n    <td>128\u00d7128<br>128\u00d7256<\/td>\n    <td>104\u00d7104<br>104\u00d7208<\/td>\n  <\/tr>\n  <tr>\n    <td>Densit\u00e9 de pixels physiques (pixels\/m\u00b2)<\/td>\n    <td>409,600<\/td>\n    <td>262,177<\/td>\n    <td>160,000<\/td>\n    <td>141,744<\/td>\n    <td>129,100*<\/td>\n    <td>65,410<\/td>\n    <td>43,222<\/td>\n  <\/tr>\n  <tr>\n    <td>Type de bo\u00eetier LED<\/td>\n    <td>SMD1212<\/td>\n    <td>SMD1515<\/td>\n    <td>SMD2020<\/td>\n    <td>SMD1515\/1415<\/td>\n    <td>SMD2020\/1921<\/td>\n    <td>SMD2020\/1921<\/td>\n    <td>SMD2020\/1921<\/td>\n  <\/tr>\n  <tr>\n    <td>Couleur de la LED<\/td>\n    <td>1R1G1B<\/td>\n    <td>1R1G1B<\/td>\n    <td>1R1G1B<\/td>\n    <td>1R1G1B<\/td>\n    <td>1R1G1B<\/td>\n    <td>1R1G1B<\/td>\n    <td>1R1G1B<\/td>\n  <\/tr>\n  <tr>\n    <td>Consommation \u00e9lectrique moyenne (W\/m\u00b2)<\/td>\n    <td>400<\/td>\n    <td>400<\/td>\n    <td>400<\/td>\n    <td>400<\/td>\n    <td>400<\/td>\n    <td>400<\/td>\n    <td>400<\/td>\n  <\/tr>\n  <tr>\n    <td>Consommation \u00e9lectrique maximale (W\/m\u00b2)<\/td>\n    <td>800<\/td>\n    <td>800<\/td>\n    <td>800<\/td>\n    <td>800<\/td>\n    <td>800<\/td>\n    <td>800<\/td>\n    <td>800<\/td>\n  <\/tr>\n  <tr>\n    <td>Angle de vision (H\u00b0\/V\u00b0)<\/td>\n    <td>160\u00b0\/160\u00b0<\/td>\n    <td>160\u00b0\/160\u00b0<\/td>\n    <td>160\u00b0\/160\u00b0<\/td>\n    <td>160\u00b0\/160\u00b0<\/td>\n    <td>160\u00b0\/160\u00b0<\/td>\n    <td>160\u00b0\/160\u00b0<\/td>\n    <td>160\u00b0\/160\u00b0<\/td>\n  <\/tr>\n  <tr>\n    <td>Mat\u00e9riau de l'armoire<\/td>\n    <td>Aluminium moul\u00e9 sous pression<\/td>\n    <td>Aluminium moul\u00e9 sous pression<\/td>\n    <td>Aluminium moul\u00e9 sous pression<\/td>\n    <td>Aluminium moul\u00e9 sous pression<\/td>\n    <td>Aluminium moul\u00e9 sous pression<\/td>\n    <td>Aluminium moul\u00e9 sous pression<\/td>\n    <td>Aluminium moul\u00e9 sous pression<\/td>\n  <\/tr>\n  <tr>\n    <td>Balance des blancs Luminosit\u00e9 - Int\u00e9rieur (cd\/m\u00b2)<\/td>\n    <td>800<\/td>\n    <td>800<\/td>\n    <td>800<\/td>\n    <td>800<\/td>\n    <td>1,000<\/td>\n    <td>1,000<\/td>\n    <td>1,000<\/td>\n  <\/tr>\n  <tr>\n    <td>Balance des blancs Luminosit\u00e9 - Ext\u00e9rieur (cd\/m\u00b2)<\/td>\n    <td>&#8211;<\/td>\n    <td>&#8211;<\/td>\n    <td>&#8211;<\/td>\n    <td>4,500-5,500<\/td>\n    <td>4,000-5,500<\/td>\n    <td>4,000-5,500<\/td>\n    <td>4,000-5,500<\/td>\n  <\/tr>\n  <tr>\n    <td>M\u00e9thode de conduite en int\u00e9rieur<\/td>\n    <td>1\/40<\/td>\n    <td>1\/32<\/td>\n    <td>1\/25<\/td>\n    <td>1\/32<\/td>\n    <td>1\/28<\/td>\n    <td>1\/16<\/td>\n    <td>1\/13<\/td>\n  <\/tr>\n  <tr>\n    <td>M\u00e9thode de conduite en ext\u00e9rieur<\/td>\n    <td>&#8211;<\/td>\n    <td>&#8211;<\/td>\n    <td>&#8211;<\/td>\n    <td>1\/24<\/td>\n    <td>1\/21<\/td>\n    <td>1\/16<\/td>\n    <td>1\/13<\/td>\n  <\/tr>\n  <tr>\n    <td>Taux de rafra\u00eechissement (Hz)<\/td>\n    <td>7,680<\/td>\n    <td>7,680<\/td>\n    <td>7,680<\/td>\n    <td>7,680<\/td>\n    <td>7,680<\/td>\n    <td>7,680<\/td>\n    <td>7,680<\/td>\n  <\/tr>\n  <tr>\n    <td>Taux de rafra\u00eechissement (Hz)<\/td>\n    <td>\u226550\/60<\/td>\n    <td>\u226550\/60<\/td>\n    <td>\u226550\/60<\/td>\n    <td>\u226550\/60<\/td>\n    <td>\u226550\/60<\/td>\n    <td>\u226550\/60<\/td>\n    <td>\u226550\/60<\/td>\n  <\/tr>\n  <tr>\n    <td>M\u00e9thode de contr\u00f4le<\/td>\n    <td>Contr\u00f4le synchrone<\/td>\n    <td>Contr\u00f4le synchrone<\/td>\n    <td>Contr\u00f4le synchrone<\/td>\n    <td>Contr\u00f4le synchrone<\/td>\n    <td>Contr\u00f4le synchrone<\/td>\n    <td>Contr\u00f4le synchrone<\/td>\n    <td>Contr\u00f4le synchrone<\/td>\n  <\/tr>\n  <tr>\n    <td>Tension de fonctionnement<\/td>\n    <td>AC110\/220V<\/td>\n    <td>AC110\/220V<\/td>\n    <td>AC110\/220V<\/td>\n    <td>AC110\/220V<\/td>\n    <td>AC110\/220V<\/td>\n    <td>AC110\/220V<\/td>\n    <td>AC110\/220V<\/td>\n  <\/tr>\n<\/table>\n\t\t\t\t\t\t\t\t<\/div>\n\t\t\t\t<\/div>\n\t\t\t\t\t<\/div>\n\t\t<\/div>\n\t\t\t\t\t<\/div>\n\t\t<\/section>\n\t\t\t\t<\/div>","protected":false},"excerpt":{"rendered":"<p>Les \u00e9crans LED de location sont dot\u00e9s d'un bo\u00eetier l\u00e9ger et mince en aluminium moul\u00e9 sous pression, con\u00e7u pour une installation, un retrait et un transport rapides. Adapt\u00e9s \u00e0 la location \u00e0 grande \u00e9chelle et aux installations fixes, ils utilisent un syst\u00e8me de contr\u00f4le synchrone prenant en charge les entr\u00e9es DVI, VGA, HDMI, S-Vid\u00e9o, composite et YUV. Ils peuvent lire des vid\u00e9os et des graphiques en temps r\u00e9el avec des couleurs vives et une grande adaptabilit\u00e9.<\/p>","protected":false},"featured_media":8685,"template":"","meta":[],"product_brand":[],"product_cat":[121],"product_tag":[],"class_list":{"0":"post-8684","1":"product","2":"type-product","3":"status-publish","4":"has-post-thumbnail","6":"product_cat-outdoor-led-screens","8":"first","9":"instock","10":"shipping-taxable","11":"product-type-simple"},"_links":{"self":[{"href":"https:\/\/arben-vision.com\/fr\/wp-json\/wp\/v2\/product\/8684","targetHints":{"allow":["GET"]}}],"collection":[{"href":"https:\/\/arben-vision.com\/fr\/wp-json\/wp\/v2\/product"}],"about":[{"href":"https:\/\/arben-vision.com\/fr\/wp-json\/wp\/v2\/types\/product"}],"version-history":[{"count":4,"href":"https:\/\/arben-vision.com\/fr\/wp-json\/wp\/v2\/product\/8684\/revisions"}],"predecessor-version":[{"id":8694,"href":"https:\/\/arben-vision.com\/fr\/wp-json\/wp\/v2\/product\/8684\/revisions\/8694"}],"wp:featuredmedia":[{"embeddable":true,"href":"https:\/\/arben-vision.com\/fr\/wp-json\/wp\/v2\/media\/8685"}],"wp:attachment":[{"href":"https:\/\/arben-vision.com\/fr\/wp-json\/wp\/v2\/media?parent=8684"}],"wp:term":[{"taxonomy":"product_brand","embeddable":true,"href":"https:\/\/arben-vision.com\/fr\/wp-json\/wp\/v2\/product_brand?post=8684"},{"taxonomy":"product_cat","embeddable":true,"href":"https:\/\/arben-vision.com\/fr\/wp-json\/wp\/v2\/product_cat?post=8684"},{"taxonomy":"product_tag","embeddable":true,"href":"https:\/\/arben-vision.com\/fr\/wp-json\/wp\/v2\/product_tag?post=8684"}],"curies":[{"name":"wp","href":"https:\/\/api.w.org\/{rel}","templated":true}]}}