{"id":8540,"date":"2025-06-18T02:34:51","date_gmt":"2025-06-18T02:34:51","guid":{"rendered":"https:\/\/arben-vision.com\/?post_type=product&#038;p=8540"},"modified":"2025-07-01T16:16:14","modified_gmt":"2025-07-01T16:16:14","slug":"indoor-fixed-fine-pitch-led-display-jade-series-3","status":"publish","type":"product","link":"https:\/\/arben-vision.com\/fr\/produit\/indoor-fixed-fine-pitch-led-display-jade-series-3\/","title":{"rendered":"S\u00e9rie d'\u00e9crans transparents \u00e0 entra\u00eenement direct - Montage par suspension"},"content":{"rendered":"<div data-elementor-type=\"product-post\" data-elementor-id=\"8540\" class=\"elementor elementor-8540\" data-elementor-settings=\"{&quot;element_pack_global_tooltip_width&quot;:{&quot;unit&quot;:&quot;px&quot;,&quot;size&quot;:&quot;&quot;,&quot;sizes&quot;:[]},&quot;element_pack_global_tooltip_width_tablet&quot;:{&quot;unit&quot;:&quot;px&quot;,&quot;size&quot;:&quot;&quot;,&quot;sizes&quot;:[]},&quot;element_pack_global_tooltip_width_mobile&quot;:{&quot;unit&quot;:&quot;px&quot;,&quot;size&quot;:&quot;&quot;,&quot;sizes&quot;:[]},&quot;element_pack_global_tooltip_padding&quot;:{&quot;unit&quot;:&quot;px&quot;,&quot;top&quot;:&quot;&quot;,&quot;right&quot;:&quot;&quot;,&quot;bottom&quot;:&quot;&quot;,&quot;left&quot;:&quot;&quot;,&quot;isLinked&quot;:true},&quot;element_pack_global_tooltip_padding_tablet&quot;:{&quot;unit&quot;:&quot;px&quot;,&quot;top&quot;:&quot;&quot;,&quot;right&quot;:&quot;&quot;,&quot;bottom&quot;:&quot;&quot;,&quot;left&quot;:&quot;&quot;,&quot;isLinked&quot;:true},&quot;element_pack_global_tooltip_padding_mobile&quot;:{&quot;unit&quot;:&quot;px&quot;,&quot;top&quot;:&quot;&quot;,&quot;right&quot;:&quot;&quot;,&quot;bottom&quot;:&quot;&quot;,&quot;left&quot;:&quot;&quot;,&quot;isLinked&quot;:true},&quot;element_pack_global_tooltip_border_radius&quot;:{&quot;unit&quot;:&quot;px&quot;,&quot;top&quot;:&quot;&quot;,&quot;right&quot;:&quot;&quot;,&quot;bottom&quot;:&quot;&quot;,&quot;left&quot;:&quot;&quot;,&quot;isLinked&quot;:true},&quot;element_pack_global_tooltip_border_radius_tablet&quot;:{&quot;unit&quot;:&quot;px&quot;,&quot;top&quot;:&quot;&quot;,&quot;right&quot;:&quot;&quot;,&quot;bottom&quot;:&quot;&quot;,&quot;left&quot;:&quot;&quot;,&quot;isLinked&quot;:true},&quot;element_pack_global_tooltip_border_radius_mobile&quot;:{&quot;unit&quot;:&quot;px&quot;,&quot;top&quot;:&quot;&quot;,&quot;right&quot;:&quot;&quot;,&quot;bottom&quot;:&quot;&quot;,&quot;left&quot;:&quot;&quot;,&quot;isLinked&quot;:true}}\" data-elementor-post-type=\"product\">\n\t\t\t\t\t\t<section class=\"elementor-section elementor-top-section elementor-element elementor-element-4f3b67e elementor-section-boxed elementor-section-height-default elementor-section-height-default sc_fly_static\" data-id=\"4f3b67e\" data-element_type=\"section\">\n\t\t\t\t\t\t<div class=\"elementor-container elementor-column-gap-extended\">\n\t\t\t\t\t<div class=\"elementor-column elementor-col-100 elementor-top-column elementor-element elementor-element-aceab58 sc_content_align_inherit sc_layouts_column_icons_position_left sc_fly_static\" data-id=\"aceab58\" data-element_type=\"column\">\n\t\t\t<div class=\"elementor-widget-wrap elementor-element-populated\">\n\t\t\t\t\t\t<div class=\"elementor-element elementor-element-41f3c34 sc_fly_static elementor-widget elementor-widget-text-editor\" data-id=\"41f3c34\" data-element_type=\"widget\" data-widget_type=\"text-editor.default\">\n\t\t\t\t<div class=\"elementor-widget-container\">\n\t\t\t\t\t\t\t\t\tParam\u00e8tres techniques\t\t\t\t\t\t\t\t<\/div>\n\t\t\t\t<\/div>\n\t\t\t\t<div class=\"elementor-element elementor-element-ab6e808 elementor-widget-divider--view-line sc_fly_static elementor-widget elementor-widget-divider\" data-id=\"ab6e808\" data-element_type=\"widget\" data-widget_type=\"divider.default\">\n\t\t\t\t<div class=\"elementor-widget-container\">\n\t\t\t\t\t\t\t<div class=\"elementor-divider\">\n\t\t\t<span class=\"elementor-divider-separator\">\n\t\t\t\t\t\t<\/span>\n\t\t<\/div>\n\t\t\t\t\t\t<\/div>\n\t\t\t\t<\/div>\n\t\t\t\t<div class=\"elementor-element elementor-element-bc842d3 sc_fly_static elementor-widget elementor-widget-text-editor\" data-id=\"bc842d3\" data-element_type=\"widget\" data-widget_type=\"text-editor.default\">\n\t\t\t\t<div class=\"elementor-widget-container\">\n\t\t\t\t\t\t\t\t\t<table>\n  <tr>\n    <th>Mod\u00e8le<\/th>\n    <th>H4.81-120B<\/th>\n    <th>H4.81-120W<\/th>\n    <th>H6.41-150B<\/th>\n    <th>H6.41-150W<\/th>\n  <\/tr>\n  <tr>\n    <td>Hauteur du pixel<\/td>\n    <td>4.81<\/td>\n    <td>4.81<\/td>\n    <td>6.41<\/td>\n    <td>6.41<\/td>\n  <\/tr>\n  <tr>\n    <td>Type de LED<\/td>\n    <td>2020 Lampe noire d'int\u00e9rieur<\/td>\n    <td>1921 Lampe d'ext\u00e9rieur blanche<\/td>\n    <td>2020 Lampe noire d'int\u00e9rieur<\/td>\n    <td>1921 Lampe d'ext\u00e9rieur blanche<\/td>\n  <\/tr>\n  <tr>\n    <td>Taille du module (cm)<\/td>\n    <td>Longueur 120 x Largeur 25<\/td>\n    <td>Longueur 120 x Largeur 25<\/td>\n    <td>Longueur 120 x Largeur 25<\/td>\n    <td>Longueur 120 x Largeur 25<\/td>\n  <\/tr>\n  <tr>\n    <td>Matrice de pixels<\/td>\n    <td>52 x 240<\/td>\n    <td>52 x 240<\/td>\n    <td>39 x 232<\/td>\n    <td>39 x 232<\/td>\n  <\/tr>\n  <tr>\n    <td>Luminosit\u00e9 (Nits\/\u33a1)<\/td>\n    <td>1000<\/td>\n    <td>4500<\/td>\n    <td>800<\/td>\n    <td>4200<\/td>\n  <\/tr>\n  <tr>\n    <td>Transparence<\/td>\n    <td>33%<\/td>\n    <td>33%<\/td>\n    <td>55%<\/td>\n    <td>55%<\/td>\n  <\/tr>\n  <tr>\n    <td>Num\u00e9ro de balayage<\/td>\n    <td>13<\/td>\n    <td>13<\/td>\n    <td>13<\/td>\n    <td>13<\/td>\n  <\/tr>\n<\/table>\n\t\t\t\t\t\t\t\t<\/div>\n\t\t\t\t<\/div>\n\t\t\t\t\t<\/div>\n\t\t<\/div>\n\t\t\t\t\t<\/div>\n\t\t<\/section>\n\t\t\t\t<\/div>","protected":false},"excerpt":{"rendered":"<ul>\n<li>1. Utilise une m\u00e9thode de connexion rigide ; la carte de r\u00e9ception est directement mont\u00e9e sur le module sans n\u00e9cessiter de c\u00e2bles plats. Cela permet de r\u00e9duire les c\u00e2bles de signaux et le nombre de connexions de signaux de plus de 10 fois par rapport \u00e0 des produits similaires sur le march\u00e9, ce qui garantit une grande fiabilit\u00e9.<\/li>\n<li>2. Utilise une carte \u00e0 6 couches avec une conception de sauvegarde \u00e0 3 couches \u00e0 courant \u00e9lev\u00e9, une alimentation \u00e0 distance \u00e9quilibr\u00e9e, une couche d'isolation thermique ind\u00e9pendante, une bonne compatibilit\u00e9 \u00e9lectromagn\u00e9tique avec un faible rayonnement, une dissipation thermique \u00e9quilibr\u00e9e, une luminosit\u00e9 sup\u00e9rieure \u00e0 4 500 nits, une faible temp\u00e9rature et aucune distorsion des couleurs.<\/li>\n<li>3. Le mat\u00e9riel et le logiciel de la carte syst\u00e8me sont d\u00e9velopp\u00e9s de mani\u00e8re ind\u00e9pendante, ils sont intrins\u00e8quement compatibles avec l'internet et peuvent coop\u00e9rer \u00e9troitement avec des fournisseurs de solutions tiers pour d\u00e9velopper divers dispositifs et fonctions p\u00e9riph\u00e9riques de soutien.<\/li>\n<\/ul>","protected":false},"featured_media":8679,"template":"","meta":[],"product_brand":[],"product_cat":[123],"product_tag":[],"class_list":{"0":"post-8540","1":"product","2":"type-product","3":"status-publish","4":"has-post-thumbnail","6":"product_cat-transparent-leds","8":"first","9":"instock","10":"shipping-taxable","11":"product-type-simple"},"_links":{"self":[{"href":"https:\/\/arben-vision.com\/fr\/wp-json\/wp\/v2\/product\/8540","targetHints":{"allow":["GET"]}}],"collection":[{"href":"https:\/\/arben-vision.com\/fr\/wp-json\/wp\/v2\/product"}],"about":[{"href":"https:\/\/arben-vision.com\/fr\/wp-json\/wp\/v2\/types\/product"}],"version-history":[{"count":6,"href":"https:\/\/arben-vision.com\/fr\/wp-json\/wp\/v2\/product\/8540\/revisions"}],"predecessor-version":[{"id":8683,"href":"https:\/\/arben-vision.com\/fr\/wp-json\/wp\/v2\/product\/8540\/revisions\/8683"}],"wp:featuredmedia":[{"embeddable":true,"href":"https:\/\/arben-vision.com\/fr\/wp-json\/wp\/v2\/media\/8679"}],"wp:attachment":[{"href":"https:\/\/arben-vision.com\/fr\/wp-json\/wp\/v2\/media?parent=8540"}],"wp:term":[{"taxonomy":"product_brand","embeddable":true,"href":"https:\/\/arben-vision.com\/fr\/wp-json\/wp\/v2\/product_brand?post=8540"},{"taxonomy":"product_cat","embeddable":true,"href":"https:\/\/arben-vision.com\/fr\/wp-json\/wp\/v2\/product_cat?post=8540"},{"taxonomy":"product_tag","embeddable":true,"href":"https:\/\/arben-vision.com\/fr\/wp-json\/wp\/v2\/product_tag?post=8540"}],"curies":[{"name":"wp","href":"https:\/\/api.w.org\/{rel}","templated":true}]}}