{"id":8539,"date":"2025-06-18T02:34:50","date_gmt":"2025-06-18T02:34:50","guid":{"rendered":"https:\/\/arben-vision.com\/?post_type=product&#038;p=8539"},"modified":"2025-07-01T16:09:03","modified_gmt":"2025-07-01T16:09:03","slug":"direct-drive-transparent-led-display-series-surface-mounted","status":"publish","type":"product","link":"https:\/\/arben-vision.com\/fr\/produit\/direct-drive-transparent-led-display-series-surface-mounted\/","title":{"rendered":"S\u00e9rie d'\u00e9crans LED transparents \u00e0 entra\u00eenement direct - Montage en surface"},"content":{"rendered":"<div data-elementor-type=\"product-post\" data-elementor-id=\"8539\" class=\"elementor elementor-8539\" data-elementor-settings=\"{&quot;element_pack_global_tooltip_width&quot;:{&quot;unit&quot;:&quot;px&quot;,&quot;size&quot;:&quot;&quot;,&quot;sizes&quot;:[]},&quot;element_pack_global_tooltip_width_tablet&quot;:{&quot;unit&quot;:&quot;px&quot;,&quot;size&quot;:&quot;&quot;,&quot;sizes&quot;:[]},&quot;element_pack_global_tooltip_width_mobile&quot;:{&quot;unit&quot;:&quot;px&quot;,&quot;size&quot;:&quot;&quot;,&quot;sizes&quot;:[]},&quot;element_pack_global_tooltip_padding&quot;:{&quot;unit&quot;:&quot;px&quot;,&quot;top&quot;:&quot;&quot;,&quot;right&quot;:&quot;&quot;,&quot;bottom&quot;:&quot;&quot;,&quot;left&quot;:&quot;&quot;,&quot;isLinked&quot;:true},&quot;element_pack_global_tooltip_padding_tablet&quot;:{&quot;unit&quot;:&quot;px&quot;,&quot;top&quot;:&quot;&quot;,&quot;right&quot;:&quot;&quot;,&quot;bottom&quot;:&quot;&quot;,&quot;left&quot;:&quot;&quot;,&quot;isLinked&quot;:true},&quot;element_pack_global_tooltip_padding_mobile&quot;:{&quot;unit&quot;:&quot;px&quot;,&quot;top&quot;:&quot;&quot;,&quot;right&quot;:&quot;&quot;,&quot;bottom&quot;:&quot;&quot;,&quot;left&quot;:&quot;&quot;,&quot;isLinked&quot;:true},&quot;element_pack_global_tooltip_border_radius&quot;:{&quot;unit&quot;:&quot;px&quot;,&quot;top&quot;:&quot;&quot;,&quot;right&quot;:&quot;&quot;,&quot;bottom&quot;:&quot;&quot;,&quot;left&quot;:&quot;&quot;,&quot;isLinked&quot;:true},&quot;element_pack_global_tooltip_border_radius_tablet&quot;:{&quot;unit&quot;:&quot;px&quot;,&quot;top&quot;:&quot;&quot;,&quot;right&quot;:&quot;&quot;,&quot;bottom&quot;:&quot;&quot;,&quot;left&quot;:&quot;&quot;,&quot;isLinked&quot;:true},&quot;element_pack_global_tooltip_border_radius_mobile&quot;:{&quot;unit&quot;:&quot;px&quot;,&quot;top&quot;:&quot;&quot;,&quot;right&quot;:&quot;&quot;,&quot;bottom&quot;:&quot;&quot;,&quot;left&quot;:&quot;&quot;,&quot;isLinked&quot;:true}}\" data-elementor-post-type=\"product\">\n\t\t\t\t\t\t<section class=\"elementor-section elementor-top-section elementor-element elementor-element-4f3b67e elementor-section-boxed elementor-section-height-default elementor-section-height-default sc_fly_static\" data-id=\"4f3b67e\" data-element_type=\"section\">\n\t\t\t\t\t\t<div class=\"elementor-container elementor-column-gap-extended\">\n\t\t\t\t\t<div class=\"elementor-column elementor-col-100 elementor-top-column elementor-element elementor-element-aceab58 sc_content_align_inherit sc_layouts_column_icons_position_left sc_fly_static\" data-id=\"aceab58\" data-element_type=\"column\">\n\t\t\t<div class=\"elementor-widget-wrap elementor-element-populated\">\n\t\t\t\t\t\t<div class=\"elementor-element elementor-element-41f3c34 sc_fly_static elementor-widget elementor-widget-text-editor\" data-id=\"41f3c34\" data-element_type=\"widget\" data-widget_type=\"text-editor.default\">\n\t\t\t\t<div class=\"elementor-widget-container\">\n\t\t\t\t\t\t\t\t\tParam\u00e8tres techniques\t\t\t\t\t\t\t\t<\/div>\n\t\t\t\t<\/div>\n\t\t\t\t<div class=\"elementor-element elementor-element-ab6e808 elementor-widget-divider--view-line sc_fly_static elementor-widget elementor-widget-divider\" data-id=\"ab6e808\" data-element_type=\"widget\" data-widget_type=\"divider.default\">\n\t\t\t\t<div class=\"elementor-widget-container\">\n\t\t\t\t\t\t\t<div class=\"elementor-divider\">\n\t\t\t<span class=\"elementor-divider-separator\">\n\t\t\t\t\t\t<\/span>\n\t\t<\/div>\n\t\t\t\t\t\t<\/div>\n\t\t\t\t<\/div>\n\t\t\t\t<div class=\"elementor-element elementor-element-bc842d3 sc_fly_static elementor-widget elementor-widget-text-editor\" data-id=\"bc842d3\" data-element_type=\"widget\" data-widget_type=\"text-editor.default\">\n\t\t\t\t<div class=\"elementor-widget-container\">\n\t\t\t\t\t\t\t\t\t<table>\n  <tr>\n    <th>Mod\u00e8le<\/th>\n    <th>T4.81-120B<\/th>\n    <th>T4.81-120W<\/th>\n    <th>T6.41-150B<\/th>\n    <th>T6.41-150W<\/th>\n  <\/tr>\n  <tr>\n    <td>Hauteur du pixel<\/td>\n    <td>4.81<\/td>\n    <td>4.81<\/td>\n    <td>6.41<\/td>\n    <td>6.41<\/td>\n  <\/tr>\n  <tr>\n    <td>Type de LED<\/td>\n    <td>2020 Lampe noire d'int\u00e9rieur<\/td>\n    <td>1921 Lampe d'ext\u00e9rieur blanche<\/td>\n    <td>2020 Lampe noire d'int\u00e9rieur<\/td>\n    <td>1921 Lampe d'ext\u00e9rieur blanche<\/td>\n  <\/tr>\n  <tr>\n    <td>Taille du module (cm)<\/td>\n    <td>Longueur 120 x Largeur 25<\/td>\n    <td>Longueur 120 x Largeur 25<\/td>\n    <td>Longueur 150 x Largeur 25<\/td>\n    <td>Longueur 150 x Largeur 25<\/td>\n  <\/tr>\n  <tr>\n    <td>Matrice de pixels<\/td>\n    <td>52 x 240<\/td>\n    <td>52 x 240<\/td>\n    <td>39 x 232<\/td>\n    <td>39 x 232<\/td>\n  <\/tr>\n  <tr>\n    <td>Luminosit\u00e9 (Nits\/\u33a1)<\/td>\n    <td>1000<\/td>\n    <td>4500<\/td>\n    <td>800<\/td>\n    <td>4200<\/td>\n  <\/tr>\n  <tr>\n    <td>Transparence<\/td>\n    <td>33%<\/td>\n    <td>33%<\/td>\n    <td>55%<\/td>\n    <td>55%<\/td>\n  <\/tr>\n  <tr>\n    <td>Num\u00e9ro de balayage<\/td>\n    <td>13<\/td>\n    <td>13<\/td>\n    <td>13<\/td>\n    <td>13<\/td>\n  <\/tr>\n<\/table>\n\t\t\t\t\t\t\t\t<\/div>\n\t\t\t\t<\/div>\n\t\t\t\t\t<\/div>\n\t\t<\/div>\n\t\t\t\t\t<\/div>\n\t\t<\/section>\n\t\t\t\t<\/div>","protected":false},"excerpt":{"rendered":"<ul>\n<li>1. Une puce de pilotage d\u00e9di\u00e9e, con\u00e7ue pour les \u00e9crans transparents, enti\u00e8rement cach\u00e9e derri\u00e8re les perles LED, permettant une grande transparence, l'absence de points noirs et un taux de rafra\u00eechissement \u00e9lev\u00e9 avec un affichage \u00e0 haute luminosit\u00e9.<\/li>\n<li>2. S\u00e9paration optimis\u00e9e de la lampe et du pilote ; la puce est plac\u00e9e \u00e0 l'ext\u00e9rieur avec une distribution uniforme, une bonne dissipation de la chaleur et un affichage pr\u00e9cis des couleurs.<\/li>\n<li>3. Les modules peuvent \u00eatre d\u00e9coup\u00e9s arbitrairement dans le sens de la longueur, et la d\u00e9coupe des formes peut \u00eatre maximis\u00e9e dans le sens de la largeur.<\/li>\n<li>4. Augmentation de la pouss\u00e9e sur les perles LED pour \u00e9viter la chute et la rupture des fils ; r\u00e9sistance aux chocs, \u00e0 l'\u00e9lectricit\u00e9 statique et au jaunissement ; facilit\u00e9 du service apr\u00e8s-vente.<\/li>\n<li>5. Peut \u00eatre mont\u00e9 sur la face avant ou arri\u00e8re du verre, et peut \u00e9galement \u00eatre suspendu.<\/li>\n<\/ul>","protected":false},"featured_media":8674,"template":"","meta":[],"product_brand":[],"product_cat":[123],"product_tag":[],"class_list":{"0":"post-8539","1":"product","2":"type-product","3":"status-publish","4":"has-post-thumbnail","6":"product_cat-transparent-leds","8":"first","9":"instock","10":"shipping-taxable","11":"product-type-simple"},"_links":{"self":[{"href":"https:\/\/arben-vision.com\/fr\/wp-json\/wp\/v2\/product\/8539","targetHints":{"allow":["GET"]}}],"collection":[{"href":"https:\/\/arben-vision.com\/fr\/wp-json\/wp\/v2\/product"}],"about":[{"href":"https:\/\/arben-vision.com\/fr\/wp-json\/wp\/v2\/types\/product"}],"version-history":[{"count":5,"href":"https:\/\/arben-vision.com\/fr\/wp-json\/wp\/v2\/product\/8539\/revisions"}],"predecessor-version":[{"id":8678,"href":"https:\/\/arben-vision.com\/fr\/wp-json\/wp\/v2\/product\/8539\/revisions\/8678"}],"wp:featuredmedia":[{"embeddable":true,"href":"https:\/\/arben-vision.com\/fr\/wp-json\/wp\/v2\/media\/8674"}],"wp:attachment":[{"href":"https:\/\/arben-vision.com\/fr\/wp-json\/wp\/v2\/media?parent=8539"}],"wp:term":[{"taxonomy":"product_brand","embeddable":true,"href":"https:\/\/arben-vision.com\/fr\/wp-json\/wp\/v2\/product_brand?post=8539"},{"taxonomy":"product_cat","embeddable":true,"href":"https:\/\/arben-vision.com\/fr\/wp-json\/wp\/v2\/product_cat?post=8539"},{"taxonomy":"product_tag","embeddable":true,"href":"https:\/\/arben-vision.com\/fr\/wp-json\/wp\/v2\/product_tag?post=8539"}],"curies":[{"name":"wp","href":"https:\/\/api.w.org\/{rel}","templated":true}]}}