{"id":8537,"date":"2025-06-18T02:34:34","date_gmt":"2025-06-18T02:34:34","guid":{"rendered":"https:\/\/arben-vision.com\/?post_type=product&#038;p=8537"},"modified":"2025-07-28T12:25:55","modified_gmt":"2025-07-28T12:25:55","slug":"indoor-creative-led-display-black-diamond-series","status":"publish","type":"product","link":"https:\/\/arben-vision.com\/fr\/produit\/indoor-creative-led-display-black-diamond-series\/","title":{"rendered":"Ecran LED cr\u00e9atif d'int\u00e9rieur \/ S\u00e9rie Black Diamond"},"content":{"rendered":"<div data-elementor-type=\"product-post\" data-elementor-id=\"8537\" class=\"elementor elementor-8537\" data-elementor-settings=\"{&quot;element_pack_global_tooltip_width&quot;:{&quot;unit&quot;:&quot;px&quot;,&quot;size&quot;:&quot;&quot;,&quot;sizes&quot;:[]},&quot;element_pack_global_tooltip_width_tablet&quot;:{&quot;unit&quot;:&quot;px&quot;,&quot;size&quot;:&quot;&quot;,&quot;sizes&quot;:[]},&quot;element_pack_global_tooltip_width_mobile&quot;:{&quot;unit&quot;:&quot;px&quot;,&quot;size&quot;:&quot;&quot;,&quot;sizes&quot;:[]},&quot;element_pack_global_tooltip_padding&quot;:{&quot;unit&quot;:&quot;px&quot;,&quot;top&quot;:&quot;&quot;,&quot;right&quot;:&quot;&quot;,&quot;bottom&quot;:&quot;&quot;,&quot;left&quot;:&quot;&quot;,&quot;isLinked&quot;:true},&quot;element_pack_global_tooltip_padding_tablet&quot;:{&quot;unit&quot;:&quot;px&quot;,&quot;top&quot;:&quot;&quot;,&quot;right&quot;:&quot;&quot;,&quot;bottom&quot;:&quot;&quot;,&quot;left&quot;:&quot;&quot;,&quot;isLinked&quot;:true},&quot;element_pack_global_tooltip_padding_mobile&quot;:{&quot;unit&quot;:&quot;px&quot;,&quot;top&quot;:&quot;&quot;,&quot;right&quot;:&quot;&quot;,&quot;bottom&quot;:&quot;&quot;,&quot;left&quot;:&quot;&quot;,&quot;isLinked&quot;:true},&quot;element_pack_global_tooltip_border_radius&quot;:{&quot;unit&quot;:&quot;px&quot;,&quot;top&quot;:&quot;&quot;,&quot;right&quot;:&quot;&quot;,&quot;bottom&quot;:&quot;&quot;,&quot;left&quot;:&quot;&quot;,&quot;isLinked&quot;:true},&quot;element_pack_global_tooltip_border_radius_tablet&quot;:{&quot;unit&quot;:&quot;px&quot;,&quot;top&quot;:&quot;&quot;,&quot;right&quot;:&quot;&quot;,&quot;bottom&quot;:&quot;&quot;,&quot;left&quot;:&quot;&quot;,&quot;isLinked&quot;:true},&quot;element_pack_global_tooltip_border_radius_mobile&quot;:{&quot;unit&quot;:&quot;px&quot;,&quot;top&quot;:&quot;&quot;,&quot;right&quot;:&quot;&quot;,&quot;bottom&quot;:&quot;&quot;,&quot;left&quot;:&quot;&quot;,&quot;isLinked&quot;:true}}\" data-elementor-post-type=\"product\">\n\t\t\t\t\t\t<section class=\"elementor-section elementor-top-section elementor-element elementor-element-689cf8b4 elementor-section-boxed elementor-section-height-default elementor-section-height-default sc_fly_static\" data-id=\"689cf8b4\" data-element_type=\"section\">\n\t\t\t\t\t\t<div class=\"elementor-container elementor-column-gap-extended\">\n\t\t\t\t\t<div class=\"elementor-column elementor-col-100 elementor-top-column elementor-element elementor-element-3ad0909c sc_content_align_inherit sc_layouts_column_icons_position_left sc_fly_static\" data-id=\"3ad0909c\" data-element_type=\"column\">\n\t\t\t<div class=\"elementor-widget-wrap elementor-element-populated\">\n\t\t\t\t\t\t<div class=\"elementor-element elementor-element-174c875 sc_fly_static elementor-widget elementor-widget-text-editor\" data-id=\"174c875\" data-element_type=\"widget\" data-widget_type=\"text-editor.default\">\n\t\t\t\t<div class=\"elementor-widget-container\">\n\t\t\t\t\t\t\t\t\t<p>Avantages du produit<\/p>\t\t\t\t\t\t\t\t<\/div>\n\t\t\t\t<\/div>\n\t\t\t\t<div class=\"elementor-element elementor-element-b4edabb elementor-widget-divider--view-line sc_fly_static elementor-widget elementor-widget-divider\" data-id=\"b4edabb\" data-element_type=\"widget\" data-widget_type=\"divider.default\">\n\t\t\t\t<div class=\"elementor-widget-container\">\n\t\t\t\t\t\t\t<div class=\"elementor-divider\">\n\t\t\t<span class=\"elementor-divider-separator\">\n\t\t\t\t\t\t<\/span>\n\t\t<\/div>\n\t\t\t\t\t\t<\/div>\n\t\t\t\t<\/div>\n\t\t\t\t<section class=\"elementor-section elementor-inner-section elementor-element elementor-element-4433ee6 elementor-section-boxed elementor-section-height-default elementor-section-height-default sc_fly_static\" data-id=\"4433ee6\" data-element_type=\"section\">\n\t\t\t\t\t\t<div class=\"elementor-container elementor-column-gap-narrow\">\n\t\t\t\t\t<div class=\"elementor-column elementor-col-50 elementor-inner-column elementor-element elementor-element-5321879 sc_content_align_inherit sc_layouts_column_icons_position_left sc_fly_static\" data-id=\"5321879\" data-element_type=\"column\">\n\t\t\t<div class=\"elementor-widget-wrap elementor-element-populated\">\n\t\t\t\t\t\t<div class=\"elementor-element elementor-element-12148f9 sc_fly_static elementor-widget elementor-widget-image\" data-id=\"12148f9\" data-element_type=\"widget\" data-widget_type=\"image.default\">\n\t\t\t\t<div class=\"elementor-widget-container\">\n\t\t\t\t\t\t\t\t\t\t\t\t\t\t\t<img fetchpriority=\"high\" decoding=\"async\" width=\"1024\" height=\"509\" src=\"https:\/\/arben-vision.com\/wp-content\/uploads\/2025\/06\/2-1024x509.jpg\" class=\"attachment-large size-large wp-image-8664\" alt=\"\" srcset=\"https:\/\/arben-vision.com\/wp-content\/uploads\/2025\/06\/2-1024x509.jpg 1024w, https:\/\/arben-vision.com\/wp-content\/uploads\/2025\/06\/2-300x149.jpg 300w, https:\/\/arben-vision.com\/wp-content\/uploads\/2025\/06\/2-768x382.jpg 768w, https:\/\/arben-vision.com\/wp-content\/uploads\/2025\/06\/2-1536x764.jpg 1536w, https:\/\/arben-vision.com\/wp-content\/uploads\/2025\/06\/2-18x9.jpg 18w, https:\/\/arben-vision.com\/wp-content\/uploads\/2025\/06\/2-370x184.jpg 370w, https:\/\/arben-vision.com\/wp-content\/uploads\/2025\/06\/2-840x418.jpg 840w, https:\/\/arben-vision.com\/wp-content\/uploads\/2025\/06\/2-410x204.jpg 410w, https:\/\/arben-vision.com\/wp-content\/uploads\/2025\/06\/2-600x298.jpg 600w, https:\/\/arben-vision.com\/wp-content\/uploads\/2025\/06\/2.jpg 1738w\" sizes=\"(max-width: 1024px) 100vw, 1024px\" \/>\t\t\t\t\t\t\t\t\t\t\t\t\t\t\t<\/div>\n\t\t\t\t<\/div>\n\t\t\t\t<div class=\"elementor-element elementor-element-02a50b4 sc_fly_static elementor-widget elementor-widget-text-editor\" data-id=\"02a50b4\" data-element_type=\"widget\" data-widget_type=\"text-editor.default\">\n\t\t\t\t<div class=\"elementor-widget-container\">\n\t\t\t\t\t\t\t\t\tBo\u00eetier ultra-mince : Poids de 4,8 kg, \u00e9paisseur de 40 mm.\t\t\t\t\t\t\t\t<\/div>\n\t\t\t\t<\/div>\n\t\t\t\t\t<\/div>\n\t\t<\/div>\n\t\t\t\t<div class=\"elementor-column elementor-col-50 elementor-inner-column elementor-element elementor-element-4dc6ff6 sc_content_align_inherit sc_layouts_column_icons_position_left sc_fly_static\" data-id=\"4dc6ff6\" data-element_type=\"column\">\n\t\t\t<div class=\"elementor-widget-wrap elementor-element-populated\">\n\t\t\t\t\t\t<div class=\"elementor-element elementor-element-3ae707b sc_fly_static elementor-widget elementor-widget-image\" data-id=\"3ae707b\" data-element_type=\"widget\" data-widget_type=\"image.default\">\n\t\t\t\t<div class=\"elementor-widget-container\">\n\t\t\t\t\t\t\t\t\t\t\t\t\t\t\t<img decoding=\"async\" width=\"1681\" height=\"864\" src=\"https:\/\/arben-vision.com\/wp-content\/uploads\/2025\/06\/3.jpg\" class=\"attachment-2048x2048 size-2048x2048 wp-image-8665\" alt=\"\" srcset=\"https:\/\/arben-vision.com\/wp-content\/uploads\/2025\/06\/3.jpg 1681w, https:\/\/arben-vision.com\/wp-content\/uploads\/2025\/06\/3-300x154.jpg 300w, https:\/\/arben-vision.com\/wp-content\/uploads\/2025\/06\/3-1024x526.jpg 1024w, https:\/\/arben-vision.com\/wp-content\/uploads\/2025\/06\/3-768x395.jpg 768w, https:\/\/arben-vision.com\/wp-content\/uploads\/2025\/06\/3-1536x789.jpg 1536w, https:\/\/arben-vision.com\/wp-content\/uploads\/2025\/06\/3-18x9.jpg 18w, https:\/\/arben-vision.com\/wp-content\/uploads\/2025\/06\/3-370x190.jpg 370w, https:\/\/arben-vision.com\/wp-content\/uploads\/2025\/06\/3-840x432.jpg 840w, https:\/\/arben-vision.com\/wp-content\/uploads\/2025\/06\/3-410x211.jpg 410w, https:\/\/arben-vision.com\/wp-content\/uploads\/2025\/06\/3-600x308.jpg 600w\" sizes=\"(max-width: 1681px) 100vw, 1681px\" \/>\t\t\t\t\t\t\t\t\t\t\t\t\t\t\t<\/div>\n\t\t\t\t<\/div>\n\t\t\t\t<div class=\"elementor-element elementor-element-75a5e0a sc_fly_static elementor-widget elementor-widget-text-editor\" data-id=\"75a5e0a\" data-element_type=\"widget\" data-widget_type=\"text-editor.default\">\n\t\t\t\t<div class=\"elementor-widget-container\">\n\t\t\t\t\t\t\t\t\tBords biseaut\u00e9s \u00e0 45\u00b0 pour une jonction \u00e0 angle droit sans soudure.\n\n\t\t\t\t\t\t\t\t<\/div>\n\t\t\t\t<\/div>\n\t\t\t\t\t<\/div>\n\t\t<\/div>\n\t\t\t\t\t<\/div>\n\t\t<\/section>\n\t\t\t\t<section class=\"elementor-section elementor-inner-section elementor-element elementor-element-70e4b8e elementor-section-boxed elementor-section-height-default elementor-section-height-default sc_fly_static\" data-id=\"70e4b8e\" data-element_type=\"section\">\n\t\t\t\t\t\t<div class=\"elementor-container elementor-column-gap-extended\">\n\t\t\t\t\t<div class=\"elementor-column elementor-col-50 elementor-inner-column elementor-element elementor-element-38a8db0 sc_content_align_inherit sc_layouts_column_icons_position_left sc_fly_static\" data-id=\"38a8db0\" data-element_type=\"column\">\n\t\t\t<div class=\"elementor-widget-wrap elementor-element-populated\">\n\t\t\t\t\t\t<div class=\"elementor-element elementor-element-6db1b04 sc_fly_static elementor-widget elementor-widget-image\" data-id=\"6db1b04\" data-element_type=\"widget\" data-widget_type=\"image.default\">\n\t\t\t\t<div class=\"elementor-widget-container\">\n\t\t\t\t\t\t\t\t\t\t\t\t\t\t\t<img decoding=\"async\" width=\"1024\" height=\"510\" src=\"https:\/\/arben-vision.com\/wp-content\/uploads\/2025\/06\/4-1024x510.jpg\" class=\"attachment-large size-large wp-image-8666\" alt=\"\" srcset=\"https:\/\/arben-vision.com\/wp-content\/uploads\/2025\/06\/4-1024x510.jpg 1024w, https:\/\/arben-vision.com\/wp-content\/uploads\/2025\/06\/4-300x149.jpg 300w, https:\/\/arben-vision.com\/wp-content\/uploads\/2025\/06\/4-768x382.jpg 768w, https:\/\/arben-vision.com\/wp-content\/uploads\/2025\/06\/4-1536x764.jpg 1536w, https:\/\/arben-vision.com\/wp-content\/uploads\/2025\/06\/4-18x9.jpg 18w, https:\/\/arben-vision.com\/wp-content\/uploads\/2025\/06\/4-370x184.jpg 370w, https:\/\/arben-vision.com\/wp-content\/uploads\/2025\/06\/4-840x418.jpg 840w, https:\/\/arben-vision.com\/wp-content\/uploads\/2025\/06\/4-410x204.jpg 410w, https:\/\/arben-vision.com\/wp-content\/uploads\/2025\/06\/4-600x299.jpg 600w, https:\/\/arben-vision.com\/wp-content\/uploads\/2025\/06\/4.jpg 1738w\" sizes=\"(max-width: 1024px) 100vw, 1024px\" \/>\t\t\t\t\t\t\t\t\t\t\t\t\t\t\t<\/div>\n\t\t\t\t<\/div>\n\t\t\t\t<div class=\"elementor-element elementor-element-e1c7831 sc_fly_static elementor-widget elementor-widget-text-editor\" data-id=\"e1c7831\" data-element_type=\"widget\" data-widget_type=\"text-editor.default\">\n\t\t\t\t<div class=\"elementor-widget-container\">\n\t\t\t\t\t\t\t\t\tAluminium moul\u00e9 sous pression + extrud\u00e9, dimensions flexibles.\n\n\t\t\t\t\t\t\t\t<\/div>\n\t\t\t\t<\/div>\n\t\t\t\t\t<\/div>\n\t\t<\/div>\n\t\t\t\t<div class=\"elementor-column elementor-col-50 elementor-inner-column elementor-element elementor-element-46fdda2 sc_content_align_inherit sc_layouts_column_icons_position_left sc_fly_static\" data-id=\"46fdda2\" data-element_type=\"column\">\n\t\t\t<div class=\"elementor-widget-wrap elementor-element-populated\">\n\t\t\t\t\t\t<div class=\"elementor-element elementor-element-2a829e0 sc_fly_static elementor-widget elementor-widget-image\" data-id=\"2a829e0\" data-element_type=\"widget\" data-widget_type=\"image.default\">\n\t\t\t\t<div class=\"elementor-widget-container\">\n\t\t\t\t\t\t\t\t\t\t\t\t\t\t\t<img loading=\"lazy\" decoding=\"async\" width=\"1024\" height=\"526\" src=\"https:\/\/arben-vision.com\/wp-content\/uploads\/2025\/06\/5-1024x526.jpg\" class=\"attachment-large size-large wp-image-8667\" alt=\"\" srcset=\"https:\/\/arben-vision.com\/wp-content\/uploads\/2025\/06\/5-1024x526.jpg 1024w, https:\/\/arben-vision.com\/wp-content\/uploads\/2025\/06\/5-300x154.jpg 300w, https:\/\/arben-vision.com\/wp-content\/uploads\/2025\/06\/5-768x395.jpg 768w, https:\/\/arben-vision.com\/wp-content\/uploads\/2025\/06\/5-1536x789.jpg 1536w, https:\/\/arben-vision.com\/wp-content\/uploads\/2025\/06\/5-18x9.jpg 18w, https:\/\/arben-vision.com\/wp-content\/uploads\/2025\/06\/5-370x190.jpg 370w, https:\/\/arben-vision.com\/wp-content\/uploads\/2025\/06\/5-840x432.jpg 840w, https:\/\/arben-vision.com\/wp-content\/uploads\/2025\/06\/5-410x211.jpg 410w, https:\/\/arben-vision.com\/wp-content\/uploads\/2025\/06\/5-600x308.jpg 600w, https:\/\/arben-vision.com\/wp-content\/uploads\/2025\/06\/5.jpg 1683w\" sizes=\"(max-width: 1024px) 100vw, 1024px\" \/>\t\t\t\t\t\t\t\t\t\t\t\t\t\t\t<\/div>\n\t\t\t\t<\/div>\n\t\t\t\t<div class=\"elementor-element elementor-element-55bb77e sc_fly_static elementor-widget elementor-widget-text-editor\" data-id=\"55bb77e\" data-element_type=\"widget\" data-widget_type=\"text-editor.default\">\n\t\t\t\t<div class=\"elementor-widget-container\">\n\t\t\t\t\t\t\t\t\tFacile \u00e0 installer et \u00e0 entretenir.\n\n\t\t\t\t\t\t\t\t<\/div>\n\t\t\t\t<\/div>\n\t\t\t\t\t<\/div>\n\t\t<\/div>\n\t\t\t\t\t<\/div>\n\t\t<\/section>\n\t\t\t\t\t<\/div>\n\t\t<\/div>\n\t\t\t\t\t<\/div>\n\t\t<\/section>\n\t\t\t\t<section class=\"elementor-section elementor-top-section elementor-element elementor-element-f9fc263 elementor-section-boxed elementor-section-height-default elementor-section-height-default sc_fly_static\" data-id=\"f9fc263\" data-element_type=\"section\">\n\t\t\t\t\t\t<div class=\"elementor-container elementor-column-gap-extended\">\n\t\t\t\t\t<div class=\"elementor-column elementor-col-100 elementor-top-column elementor-element elementor-element-33d9e21 sc_content_align_inherit sc_layouts_column_icons_position_left sc_fly_static\" data-id=\"33d9e21\" data-element_type=\"column\">\n\t\t\t<div class=\"elementor-widget-wrap elementor-element-populated\">\n\t\t\t\t\t\t<div class=\"elementor-element elementor-element-10d299b sc_fly_static elementor-widget elementor-widget-text-editor\" data-id=\"10d299b\" data-element_type=\"widget\" data-widget_type=\"text-editor.default\">\n\t\t\t\t<div class=\"elementor-widget-container\">\n\t\t\t\t\t\t\t\t\t<p>Sc\u00e9nario d'application<\/p>\t\t\t\t\t\t\t\t<\/div>\n\t\t\t\t<\/div>\n\t\t\t\t<div class=\"elementor-element elementor-element-15c33f7 elementor-widget-divider--view-line sc_fly_static elementor-widget elementor-widget-divider\" data-id=\"15c33f7\" data-element_type=\"widget\" data-widget_type=\"divider.default\">\n\t\t\t\t<div class=\"elementor-widget-container\">\n\t\t\t\t\t\t\t<div class=\"elementor-divider\">\n\t\t\t<span class=\"elementor-divider-separator\">\n\t\t\t\t\t\t<\/span>\n\t\t<\/div>\n\t\t\t\t\t\t<\/div>\n\t\t\t\t<\/div>\n\t\t\t\t<section class=\"elementor-section elementor-inner-section elementor-element elementor-element-05690a4 elementor-section-boxed elementor-section-height-default elementor-section-height-default sc_fly_static\" data-id=\"05690a4\" data-element_type=\"section\">\n\t\t\t\t\t\t<div class=\"elementor-container elementor-column-gap-narrow\">\n\t\t\t\t\t<div class=\"elementor-column elementor-col-50 elementor-inner-column elementor-element elementor-element-e68fa9e sc_content_align_inherit sc_layouts_column_icons_position_left sc_fly_static\" data-id=\"e68fa9e\" data-element_type=\"column\">\n\t\t\t<div class=\"elementor-widget-wrap elementor-element-populated\">\n\t\t\t\t\t\t<div class=\"elementor-element elementor-element-16fdefe sc_fly_static elementor-widget elementor-widget-image\" data-id=\"16fdefe\" data-element_type=\"widget\" data-widget_type=\"image.default\">\n\t\t\t\t<div class=\"elementor-widget-container\">\n\t\t\t\t\t\t\t\t\t\t\t\t\t\t\t<img loading=\"lazy\" decoding=\"async\" width=\"1024\" height=\"612\" src=\"https:\/\/arben-vision.com\/wp-content\/uploads\/2025\/06\/6-1024x612.jpg\" class=\"attachment-large size-large wp-image-8668\" alt=\"\" srcset=\"https:\/\/arben-vision.com\/wp-content\/uploads\/2025\/06\/6-1024x612.jpg 1024w, https:\/\/arben-vision.com\/wp-content\/uploads\/2025\/06\/6-300x179.jpg 300w, https:\/\/arben-vision.com\/wp-content\/uploads\/2025\/06\/6-768x459.jpg 768w, https:\/\/arben-vision.com\/wp-content\/uploads\/2025\/06\/6-18x12.jpg 18w, https:\/\/arben-vision.com\/wp-content\/uploads\/2025\/06\/6-370x221.jpg 370w, https:\/\/arben-vision.com\/wp-content\/uploads\/2025\/06\/6-840x502.jpg 840w, https:\/\/arben-vision.com\/wp-content\/uploads\/2025\/06\/6-410x245.jpg 410w, https:\/\/arben-vision.com\/wp-content\/uploads\/2025\/06\/6-600x359.jpg 600w, https:\/\/arben-vision.com\/wp-content\/uploads\/2025\/06\/6.jpg 1422w\" sizes=\"(max-width: 1024px) 100vw, 1024px\" \/>\t\t\t\t\t\t\t\t\t\t\t\t\t\t\t<\/div>\n\t\t\t\t<\/div>\n\t\t\t\t\t<\/div>\n\t\t<\/div>\n\t\t\t\t<div class=\"elementor-column elementor-col-50 elementor-inner-column elementor-element elementor-element-ca27ace sc_content_align_inherit sc_layouts_column_icons_position_left sc_fly_static\" data-id=\"ca27ace\" data-element_type=\"column\">\n\t\t\t<div class=\"elementor-widget-wrap elementor-element-populated\">\n\t\t\t\t\t\t<div class=\"elementor-element elementor-element-158aa2e sc_fly_static elementor-widget elementor-widget-image\" data-id=\"158aa2e\" data-element_type=\"widget\" data-widget_type=\"image.default\">\n\t\t\t\t<div class=\"elementor-widget-container\">\n\t\t\t\t\t\t\t\t\t\t\t\t\t\t\t<img loading=\"lazy\" decoding=\"async\" width=\"1425\" height=\"852\" src=\"https:\/\/arben-vision.com\/wp-content\/uploads\/2025\/06\/7.jpg\" class=\"attachment-2048x2048 size-2048x2048 wp-image-8669\" alt=\"\" srcset=\"https:\/\/arben-vision.com\/wp-content\/uploads\/2025\/06\/7.jpg 1425w, https:\/\/arben-vision.com\/wp-content\/uploads\/2025\/06\/7-300x179.jpg 300w, https:\/\/arben-vision.com\/wp-content\/uploads\/2025\/06\/7-1024x612.jpg 1024w, https:\/\/arben-vision.com\/wp-content\/uploads\/2025\/06\/7-768x459.jpg 768w, https:\/\/arben-vision.com\/wp-content\/uploads\/2025\/06\/7-18x12.jpg 18w, https:\/\/arben-vision.com\/wp-content\/uploads\/2025\/06\/7-370x221.jpg 370w, https:\/\/arben-vision.com\/wp-content\/uploads\/2025\/06\/7-840x502.jpg 840w, https:\/\/arben-vision.com\/wp-content\/uploads\/2025\/06\/7-410x245.jpg 410w, https:\/\/arben-vision.com\/wp-content\/uploads\/2025\/06\/7-600x359.jpg 600w\" sizes=\"(max-width: 1425px) 100vw, 1425px\" \/>\t\t\t\t\t\t\t\t\t\t\t\t\t\t\t<\/div>\n\t\t\t\t<\/div>\n\t\t\t\t\t<\/div>\n\t\t<\/div>\n\t\t\t\t\t<\/div>\n\t\t<\/section>\n\t\t\t\t\t<\/div>\n\t\t<\/div>\n\t\t\t\t\t<\/div>\n\t\t<\/section>\n\t\t\t\t<section class=\"elementor-section elementor-top-section elementor-element elementor-element-4f3b67e elementor-section-boxed elementor-section-height-default elementor-section-height-default sc_fly_static\" data-id=\"4f3b67e\" data-element_type=\"section\">\n\t\t\t\t\t\t<div class=\"elementor-container elementor-column-gap-extended\">\n\t\t\t\t\t<div class=\"elementor-column elementor-col-100 elementor-top-column elementor-element elementor-element-aceab58 sc_content_align_inherit sc_layouts_column_icons_position_left sc_fly_static\" data-id=\"aceab58\" data-element_type=\"column\">\n\t\t\t<div class=\"elementor-widget-wrap elementor-element-populated\">\n\t\t\t\t\t\t<div class=\"elementor-element elementor-element-41f3c34 sc_fly_static elementor-widget elementor-widget-text-editor\" data-id=\"41f3c34\" data-element_type=\"widget\" data-widget_type=\"text-editor.default\">\n\t\t\t\t<div class=\"elementor-widget-container\">\n\t\t\t\t\t\t\t\t\tParam\u00e8tres techniques\t\t\t\t\t\t\t\t<\/div>\n\t\t\t\t<\/div>\n\t\t\t\t<div class=\"elementor-element elementor-element-ab6e808 elementor-widget-divider--view-line sc_fly_static elementor-widget elementor-widget-divider\" data-id=\"ab6e808\" data-element_type=\"widget\" data-widget_type=\"divider.default\">\n\t\t\t\t<div class=\"elementor-widget-container\">\n\t\t\t\t\t\t\t<div class=\"elementor-divider\">\n\t\t\t<span class=\"elementor-divider-separator\">\n\t\t\t\t\t\t<\/span>\n\t\t<\/div>\n\t\t\t\t\t\t<\/div>\n\t\t\t\t<\/div>\n\t\t\t\t<div class=\"elementor-element elementor-element-bc842d3 sc_fly_static elementor-widget elementor-widget-text-editor\" data-id=\"bc842d3\" data-element_type=\"widget\" data-widget_type=\"text-editor.default\">\n\t\t\t\t<div class=\"elementor-widget-container\">\n\t\t\t\t\t\t\t\t\t<table><tbody><tr><th>Sp\u00e9cifications<\/th><th>P1.953<\/th><th>P2.5<\/th><\/tr><tr><td>Configuration des LED<\/td><td>3 en 1<\/td><td>3 en 1<\/td><\/tr><tr><td>Type de LED<\/td><td>SMD 1515<\/td><td>SMD 1515<\/td><\/tr><tr><td>Luminosit\u00e9<\/td><td>\u2265800 nit<\/td><td>\u22651000 nit<\/td><\/tr><tr><td>Niveaux de gris<\/td><td>14-16 bits<\/td><td>14-16 bits<\/td><\/tr><tr><td>Taux de rafra\u00eechissement<\/td><td>3840 Hz<\/td><td>3840 Hz<\/td><\/tr><tr><td>Densit\u00e9 de pixels (points\/m\u00b2)<\/td><td>262,144<\/td><td>160,000<\/td><\/tr><tr><td>Rapport de contraste<\/td><td>5000:1<\/td><td>5000:1<\/td><\/tr><tr><td>Taille de l'armoire (mm)<\/td><td>1000\/750\/500 \u00d7 250<\/td><td>1000\/750\/500 \u00d7 250<\/td><\/tr><tr><td>Taille du module (mm)<\/td><td>250 \u00d7 250<\/td><td>250 \u00d7 250<\/td><\/tr><tr><td>Poids par armoire (kg)<\/td><td>4.8<\/td><td>4.8<\/td><\/tr><tr><td>Tol\u00e9rance de plan\u00e9it\u00e9 (mm)<\/td><td>&lt;0.1<\/td><td>&lt;0.1<\/td><\/tr><tr><td>Dur\u00e9e de vie (heures)<\/td><td>\u2265100,000<\/td><td>\u2265100,000<\/td><\/tr><tr><td>Angle de vision (H\u00b0\/V\u00b0)<\/td><td>160 \/ 160<\/td><td>160 \/ 160<\/td><\/tr><tr><td>Consommation \u00e9lectrique de pointe<\/td><td>550 W\/m\u00b2<\/td><td>478 W\/m\u00b2<\/td><\/tr><tr><td>Consommation \u00e9lectrique moyenne<\/td><td>182 W\/m\u00b2<\/td><td>158 W\/m\u00b2<\/td><\/tr><tr><td>\u00a0<\/td><\/tr><\/tbody><\/table>\t\t\t\t\t\t\t\t<\/div>\n\t\t\t\t<\/div>\n\t\t\t\t\t<\/div>\n\t\t<\/div>\n\t\t\t\t\t<\/div>\n\t\t<\/section>\n\t\t\t\t<\/div>","protected":false},"excerpt":{"rendered":"<p>La s\u00e9rie Black Diamond est une solution d'affichage LED cr\u00e9ative d'int\u00e9rieur haut de gamme con\u00e7ue pour des sc\u00e9narios d'installation flexibles, une qualit\u00e9 d'image sup\u00e9rieure et une conception structurelle l\u00e9g\u00e8re. Id\u00e9ale pour les affichages commerciaux, les espaces d'exposition et les environnements visuels immersifs, cette s\u00e9rie allie une esth\u00e9tique \u00e9l\u00e9gante \u00e0 des performances robustes.<\/p>","protected":false},"featured_media":8662,"template":"","meta":[],"product_brand":[],"product_cat":[124],"product_tag":[],"class_list":{"0":"post-8537","1":"product","2":"type-product","3":"status-publish","4":"has-post-thumbnail","6":"product_cat-indoor-fine-pitch-leds","8":"first","9":"instock","10":"shipping-taxable","11":"product-type-simple"},"_links":{"self":[{"href":"https:\/\/arben-vision.com\/fr\/wp-json\/wp\/v2\/product\/8537","targetHints":{"allow":["GET"]}}],"collection":[{"href":"https:\/\/arben-vision.com\/fr\/wp-json\/wp\/v2\/product"}],"about":[{"href":"https:\/\/arben-vision.com\/fr\/wp-json\/wp\/v2\/types\/product"}],"version-history":[{"count":10,"href":"https:\/\/arben-vision.com\/fr\/wp-json\/wp\/v2\/product\/8537\/revisions"}],"predecessor-version":[{"id":8752,"href":"https:\/\/arben-vision.com\/fr\/wp-json\/wp\/v2\/product\/8537\/revisions\/8752"}],"wp:featuredmedia":[{"embeddable":true,"href":"https:\/\/arben-vision.com\/fr\/wp-json\/wp\/v2\/media\/8662"}],"wp:attachment":[{"href":"https:\/\/arben-vision.com\/fr\/wp-json\/wp\/v2\/media?parent=8537"}],"wp:term":[{"taxonomy":"product_brand","embeddable":true,"href":"https:\/\/arben-vision.com\/fr\/wp-json\/wp\/v2\/product_brand?post=8537"},{"taxonomy":"product_cat","embeddable":true,"href":"https:\/\/arben-vision.com\/fr\/wp-json\/wp\/v2\/product_cat?post=8537"},{"taxonomy":"product_tag","embeddable":true,"href":"https:\/\/arben-vision.com\/fr\/wp-json\/wp\/v2\/product_tag?post=8537"}],"curies":[{"name":"wp","href":"https:\/\/api.w.org\/{rel}","templated":true}]}}