{"id":8839,"date":"2025-08-01T12:01:30","date_gmt":"2025-08-01T12:01:30","guid":{"rendered":"https:\/\/arben-vision.com\/?post_type=product&#038;p=8839"},"modified":"2025-08-01T12:01:50","modified_gmt":"2025-08-01T12:01:50","slug":"500x1000-2-die-cast-aluminum-cabinet-with-transparent-screen-flat-curved-90","status":"publish","type":"product","link":"https:\/\/arben-vision.com\/es\/producto\/500x1000-2-die-cast-aluminum-cabinet-with-transparent-screen-flat-curved-90\/","title":{"rendered":"500\u00d71000-2 Carcasa de aluminio fundido a presi\u00f3n con pantalla transparente (plana\/curvada\/90\u00b0)"},"content":{"rendered":"<p><img decoding=\"async\" class=\"alignnone size-full wp-image-8840\" src=\"https:\/\/arben-vision.com\/wp-content\/uploads\/2025\/08\/wechat_2025-08-01_195819_972.png\" alt=\"\" width=\"254\" height=\"137\" srcset=\"https:\/\/arben-vision.com\/wp-content\/uploads\/2025\/08\/wechat_2025-08-01_195819_972.png 254w, https:\/\/arben-vision.com\/wp-content\/uploads\/2025\/08\/wechat_2025-08-01_195819_972-18x10.png 18w\" sizes=\"(max-width: 254px) 100vw, 254px\" \/><\/p>\n<p><strong>Par\u00e1metros t\u00e9cnicos<\/strong><\/p>\n<table style=\"border-collapse: collapse; width: 711.02pt;\" border=\"0\" width=\"948\" cellspacing=\"0\" cellpadding=\"0\">\n<tbody>\n<tr style=\"height: 34.50pt;\">\n<td class=\"et2\" style=\"height: 34.50pt; width: 237.00pt;\" width=\"316\" height=\"46\">Especificaci\u00f3n<\/td>\n<td class=\"et3\" style=\"width: 237.00pt;\" width=\"316\">500X1000-T2 Armario exterior de aluminio fundido a presi\u00f3n<\/td>\n<td class=\"et3\" style=\"width: 237.00pt;\" width=\"316\">Armario exterior 500X1000-T2<\/td>\n<\/tr>\n<tr style=\"height: 34.50pt;\">\n<td class=\"et3\" style=\"height: 34.50pt; width: 237.00pt;\" width=\"316\" height=\"46\">Nombre del producto<\/td>\n<td class=\"et3\" style=\"width: 237.00pt;\" width=\"316\">500X1000-T2 Armario exterior de aluminio fundido a presi\u00f3n<\/td>\n<td class=\"et3\" style=\"width: 237.00pt;\" width=\"316\">Armario exterior 500X1000-T2<\/td>\n<\/tr>\n<tr style=\"height: 17.25pt;\">\n<td class=\"et3\" style=\"height: 17.25pt; width: 237.00pt;\" width=\"316\" height=\"23\">Especificaci\u00f3n del m\u00f3dulo<\/td>\n<td class=\"et3\" style=\"width: 237.00pt;\" width=\"316\">250mmx250mm P3.917\/P2.93\/P1.91\/P3.91<\/td>\n<td class=\"et3\" style=\"width: 237.00pt;\" width=\"316\">250 mm<span class=\"font2\">x<\/span><span class=\"font1\">250mm P3.917\/P2.93\/P1.91\/P3.91<\/span><\/td>\n<\/tr>\n<tr style=\"height: 17.25pt;\">\n<td class=\"et3\" style=\"height: 17.25pt; width: 237.00pt;\" width=\"316\" height=\"23\">Tama\u00f1o del armario<\/td>\n<td class=\"et3\" style=\"width: 237.00pt;\" width=\"316\">500 mm<span class=\"font2\">x<\/span><span class=\"font1\">1000mmx<\/span><span class=\"font1\">67 mm<\/span><\/td>\n<td class=\"et3\" style=\"width: 237.00pt;\" width=\"316\">500 mm<span class=\"font2\">x<\/span><span class=\"font1\">1000 mm<\/span><span class=\"font2\">x<\/span><span class=\"font1\">67 mm<\/span><\/td>\n<\/tr>\n<tr style=\"height: 17.25pt;\">\n<td class=\"et3\" style=\"height: 17.25pt; width: 237.00pt;\" width=\"316\" height=\"23\">Peso<\/td>\n<td class=\"et3\" style=\"width: 237.00pt;\" width=\"316\">3.8KG<\/td>\n<td class=\"et3\" style=\"width: 237.00pt;\" width=\"316\">3.8KG<\/td>\n<\/tr>\n<tr style=\"height: 17.25pt;\">\n<td class=\"et3\" style=\"height: 17.25pt; width: 237.00pt;\" width=\"316\" height=\"23\">Color del armario<\/td>\n<td class=\"et3\" style=\"width: 237.00pt;\" width=\"316\">Negro<\/td>\n<td class=\"et3\" style=\"width: 237.00pt;\" width=\"316\">Negro<\/td>\n<\/tr>\n<tr style=\"height: 17.25pt;\">\n<td class=\"et3\" style=\"height: 17.25pt; width: 237.00pt;\" width=\"316\" height=\"23\">Color de la puerta<\/td>\n<td class=\"et3\" style=\"width: 237.00pt;\" width=\"316\">Negro<\/td>\n<td class=\"et3\" style=\"width: 237.00pt;\" width=\"316\">Negro<\/td>\n<\/tr>\n<tr style=\"height: 17.25pt;\">\n<td class=\"et3\" style=\"height: 17.25pt; width: 237.00pt;\" width=\"316\" height=\"23\">Instalaci\u00f3n<\/td>\n<td class=\"et3\" style=\"width: 237.00pt;\" width=\"316\">Elevaci\u00f3n e instalaci\u00f3n fija<\/td>\n<td class=\"et3\" style=\"width: 237.00pt;\" width=\"316\">Elevaci\u00f3n e instalaci\u00f3n fija<\/td>\n<\/tr>\n<tr style=\"height: 17.25pt;\">\n<td class=\"et3\" style=\"height: 17.25pt; width: 237.00pt;\" width=\"316\" height=\"23\">M\u00f3dulos por armario<\/td>\n<td class=\"et3\" style=\"width: 237.00pt;\" width=\"316\">Ocho m\u00f3dulos por armario<\/td>\n<td class=\"et3\" style=\"width: 237.00pt;\" width=\"316\">Ocho m\u00f3dulos por armario<\/td>\n<\/tr>\n<tr style=\"height: 17.25pt;\">\n<td class=\"et3\" style=\"height: 17.25pt; width: 237.00pt;\" width=\"316\" height=\"23\">Medio ambiente<\/td>\n<td class=\"et3\" style=\"width: 237.00pt;\" width=\"316\">Interior (IP30) \/ Exterior (IP65)<\/td>\n<td class=\"et3\" style=\"width: 237.00pt;\" width=\"316\">Interior (IP30)\/Exterior (IP65)<\/td>\n<\/tr>\n<tr style=\"height: 51.75pt;\">\n<td class=\"et3\" style=\"height: 51.75pt; width: 237.00pt;\" width=\"316\" height=\"69\">Accesorios est\u00e1ndar<\/td>\n<td class=\"et3\" style=\"width: 237.00pt;\" width=\"316\">2PCS: Pasadores de localizaci\u00f3n, 1PCS: Asa,3PCS: Placas de puerta, 1PCS: Regleta,3PCS: Cierres r\u00e1pidos, 1PCS: Conector de placa plana<\/td>\n<td class=\"et3\" style=\"width: 237.00pt;\" width=\"316\">2PCS: Pasadores de localizaci\u00f3n, 1PCS: Manija,1PCS: Placa de puerta, 3PCS: Cerraduras r\u00e1pidas, 1PCS: Regleta, 1PCS: Conector de placa plana<\/td>\n<\/tr>\n<\/tbody>\n<\/table>","protected":false},"excerpt":{"rendered":"<p>Par\u00e1metros t\u00e9cnicos Especificaci\u00f3n del gabinete de aluminio fundido a presi\u00f3n para exteriores 500X1000-T2 Gabinete para exteriores 500X1000-T2 Nombre del producto Gabinete de aluminio fundido a presi\u00f3n para exteriores 500X1000-T2 Especificaci\u00f3n del m\u00f3dulo 250mmx250mm P3.917\/P2.93\/P1.91\/P3.91 250mmx250mm P3.917\/P2.93\/P1.91\/P3.91 Tama\u00f1o del gabinete 500mmx1000mmx67mm ...<\/p>","protected":false},"featured_media":8841,"template":"","meta":[],"product_brand":[],"product_cat":[15],"product_tag":[],"class_list":{"0":"post-8839","1":"product","2":"type-product","3":"status-publish","4":"has-post-thumbnail","6":"product_cat-other","8":"first","9":"instock","10":"shipping-taxable","11":"product-type-simple"},"_links":{"self":[{"href":"https:\/\/arben-vision.com\/es\/wp-json\/wp\/v2\/product\/8839","targetHints":{"allow":["GET"]}}],"collection":[{"href":"https:\/\/arben-vision.com\/es\/wp-json\/wp\/v2\/product"}],"about":[{"href":"https:\/\/arben-vision.com\/es\/wp-json\/wp\/v2\/types\/product"}],"version-history":[{"count":2,"href":"https:\/\/arben-vision.com\/es\/wp-json\/wp\/v2\/product\/8839\/revisions"}],"predecessor-version":[{"id":8843,"href":"https:\/\/arben-vision.com\/es\/wp-json\/wp\/v2\/product\/8839\/revisions\/8843"}],"wp:featuredmedia":[{"embeddable":true,"href":"https:\/\/arben-vision.com\/es\/wp-json\/wp\/v2\/media\/8841"}],"wp:attachment":[{"href":"https:\/\/arben-vision.com\/es\/wp-json\/wp\/v2\/media?parent=8839"}],"wp:term":[{"taxonomy":"product_brand","embeddable":true,"href":"https:\/\/arben-vision.com\/es\/wp-json\/wp\/v2\/product_brand?post=8839"},{"taxonomy":"product_cat","embeddable":true,"href":"https:\/\/arben-vision.com\/es\/wp-json\/wp\/v2\/product_cat?post=8839"},{"taxonomy":"product_tag","embeddable":true,"href":"https:\/\/arben-vision.com\/es\/wp-json\/wp\/v2\/product_tag?post=8839"}],"curies":[{"name":"wp","href":"https:\/\/api.w.org\/{rel}","templated":true}]}}