{"id":8835,"date":"2025-08-01T11:56:53","date_gmt":"2025-08-01T11:56:53","guid":{"rendered":"https:\/\/arben-vision.com\/?post_type=product&#038;p=8835"},"modified":"2025-08-01T11:56:53","modified_gmt":"2025-08-01T11:56:53","slug":"500x1000-v-indoor-cabinet-die-cast-aluminum","status":"publish","type":"product","link":"https:\/\/arben-vision.com\/es\/producto\/500x1000-v-indoor-cabinet-die-cast-aluminum\/","title":{"rendered":"500X1000-V Armario interior Aluminio fundido a presi\u00f3n"},"content":{"rendered":"<p><img decoding=\"async\" class=\"alignnone size-medium wp-image-8837\" src=\"https:\/\/arben-vision.com\/wp-content\/uploads\/2025\/08\/wechat_2025-08-01_195249_205-300x164.png\" alt=\"\" width=\"300\" height=\"164\" srcset=\"https:\/\/arben-vision.com\/wp-content\/uploads\/2025\/08\/wechat_2025-08-01_195249_205-300x164.png 300w, https:\/\/arben-vision.com\/wp-content\/uploads\/2025\/08\/wechat_2025-08-01_195249_205-18x10.png 18w, https:\/\/arben-vision.com\/wp-content\/uploads\/2025\/08\/wechat_2025-08-01_195249_205.png 326w\" sizes=\"(max-width: 300px) 100vw, 300px\" \/><\/p>\n<p><strong>Par\u00e1metros t\u00e9cnicos<\/strong><\/p>\n<table style=\"border-collapse: collapse; width: 526.52pt;\" border=\"0\" width=\"702\" cellspacing=\"0\" cellpadding=\"0\">\n<tbody>\n<tr style=\"height: 38.00pt;\">\n<td class=\"et2\" style=\"height: 38.00pt; width: 175.50pt;\" width=\"234\" height=\"50\">Especificaci\u00f3n<\/td>\n<td class=\"et2\" style=\"width: 175.50pt;\" width=\"234\">500X1000-V Carcasa de aluminio fundido a presi\u00f3n<\/td>\n<td class=\"et2\" style=\"width: 175.50pt;\" width=\"234\">500X1000-V Armario interior<\/td>\n<\/tr>\n<tr style=\"height: 34.50pt;\">\n<td class=\"et2\" style=\"height: 34.50pt; width: 175.50pt;\" width=\"234\" height=\"46\">Nombre del producto<\/td>\n<td class=\"et2\" style=\"width: 175.50pt;\" width=\"234\">500X1000-V Carcasa de aluminio fundido a presi\u00f3n<\/td>\n<td class=\"et2\" style=\"width: 175.50pt;\" width=\"234\">500X1000-V Armario interior<\/td>\n<\/tr>\n<tr style=\"height: 51.75pt;\">\n<td class=\"et2\" style=\"height: 51.75pt; width: 175.50pt;\" width=\"234\" height=\"69\">Especificaci\u00f3n del m\u00f3dulo<\/td>\n<td class=\"et2\" style=\"width: 175.50pt;\" width=\"234\">250mm\u00d7500mm P3.91\/P4.81\/P2.976\/P2.604\/P1.95<\/td>\n<td class=\"et2\" style=\"width: 175.50pt;\" width=\"234\">250mm\u00d7500mm P3.91\/P4.81\/P2.976\/P2.604\/P1.95<\/td>\n<\/tr>\n<tr style=\"height: 24.00pt;\">\n<td class=\"et2\" style=\"height: 24.00pt; width: 175.50pt;\" width=\"234\" height=\"32\">Tama\u00f1o del armario<\/td>\n<td class=\"et2\" style=\"width: 175.50pt;\" width=\"234\">500mm\u00d71000mm\u00d749mm<\/td>\n<td class=\"et2\" style=\"width: 175.50pt;\" width=\"234\">500mm\u00d71000mm\u00d749mm<\/td>\n<\/tr>\n<tr style=\"height: 24.00pt;\">\n<td class=\"et2\" style=\"height: 24.00pt; width: 175.50pt;\" width=\"234\" height=\"32\">Peso<\/td>\n<td class=\"et2\" style=\"width: 175.50pt;\" width=\"234\">5.4KG<\/td>\n<td class=\"et2\" style=\"width: 175.50pt;\" width=\"234\">5.4KG<\/td>\n<\/tr>\n<tr style=\"height: 24.00pt;\">\n<td class=\"et2\" style=\"height: 24.00pt; width: 175.50pt;\" width=\"234\" height=\"32\">Instalaci\u00f3n<\/td>\n<td class=\"et2\" style=\"width: 175.50pt;\" width=\"234\">Elevaci\u00f3n e instalaci\u00f3n fija<\/td>\n<td class=\"et2\" style=\"width: 175.50pt;\" width=\"234\">Elevaci\u00f3n e instalaci\u00f3n fija<\/td>\n<\/tr>\n<tr style=\"height: 24.00pt;\">\n<td class=\"et2\" style=\"height: 24.00pt; width: 175.50pt;\" width=\"234\" height=\"32\">M\u00f3dulos por armario<\/td>\n<td class=\"et2\" style=\"width: 175.50pt;\" width=\"234\">Ocho m\u00f3dulos por armario<\/td>\n<td class=\"et2\" style=\"width: 175.50pt;\" width=\"234\">Ocho m\u00f3dulos por armario<\/td>\n<\/tr>\n<tr style=\"height: 24.00pt;\">\n<td class=\"et2\" style=\"height: 24.00pt; width: 175.50pt;\" width=\"234\" height=\"32\">Medio ambiente<\/td>\n<td class=\"et2\" style=\"width: 175.50pt;\" width=\"234\">Interior (IP30) \/ Exterior (IP65)<\/td>\n<td class=\"et2\" style=\"width: 175.50pt;\" width=\"234\">Interior (IP30)\/Exterior (IP65)<\/td>\n<\/tr>\n<tr style=\"height: 69.00pt;\">\n<td class=\"et2\" style=\"height: 69.00pt; width: 175.50pt;\" width=\"234\" height=\"92\">Accesorios est\u00e1ndar<\/td>\n<td class=\"et2\" style=\"width: 175.50pt;\" width=\"234\">2PCS: Pasadores de localizaci\u00f3n, 1PCS: Placa de puerta,1PCS: Regleta, 3PCS: Cerraduras de tornillo, 1PCS: Conector de placa plana<\/td>\n<td class=\"et2\" style=\"width: 175.50pt;\" width=\"234\">2PCS: Pasadores de localizaci\u00f3n, 3PCS: Placa de puerta,1PCS: Regleta, 3PCS: Cerraduras de tornillo,1PCS: Conector de placa plana<\/td>\n<\/tr>\n<\/tbody>\n<\/table>","protected":false},"excerpt":{"rendered":"<p>El armario 500X1000-V de aluminio fundido a presi\u00f3n, con unas dimensiones de 500\u00d71000\u00d749 mm y un peso de 5,4KG, aloja m\u00f3dulos de 8\u00d7250 mm\u00d7500 mm (P1,95-P4,81). Adecuado para uso interior\/exterior (IP30\/IP65), admite instalaci\u00f3n elevadora\/fija. Entre los accesorios est\u00e1ndar se incluyen pasadores de fijaci\u00f3n, placas de puerta, regletas de alimentaci\u00f3n, cierres de rosca y conectores de placa plana, que garantizan un montaje seguro y vers\u00e1til para sistemas de visualizaci\u00f3n a gran escala.<\/p>","protected":false},"featured_media":8836,"template":"","meta":[],"product_brand":[],"product_cat":[15],"product_tag":[],"class_list":{"0":"post-8835","1":"product","2":"type-product","3":"status-publish","4":"has-post-thumbnail","6":"product_cat-other","8":"first","9":"instock","10":"shipping-taxable","11":"product-type-simple"},"_links":{"self":[{"href":"https:\/\/arben-vision.com\/es\/wp-json\/wp\/v2\/product\/8835","targetHints":{"allow":["GET"]}}],"collection":[{"href":"https:\/\/arben-vision.com\/es\/wp-json\/wp\/v2\/product"}],"about":[{"href":"https:\/\/arben-vision.com\/es\/wp-json\/wp\/v2\/types\/product"}],"version-history":[{"count":1,"href":"https:\/\/arben-vision.com\/es\/wp-json\/wp\/v2\/product\/8835\/revisions"}],"predecessor-version":[{"id":8838,"href":"https:\/\/arben-vision.com\/es\/wp-json\/wp\/v2\/product\/8835\/revisions\/8838"}],"wp:featuredmedia":[{"embeddable":true,"href":"https:\/\/arben-vision.com\/es\/wp-json\/wp\/v2\/media\/8836"}],"wp:attachment":[{"href":"https:\/\/arben-vision.com\/es\/wp-json\/wp\/v2\/media?parent=8835"}],"wp:term":[{"taxonomy":"product_brand","embeddable":true,"href":"https:\/\/arben-vision.com\/es\/wp-json\/wp\/v2\/product_brand?post=8835"},{"taxonomy":"product_cat","embeddable":true,"href":"https:\/\/arben-vision.com\/es\/wp-json\/wp\/v2\/product_cat?post=8835"},{"taxonomy":"product_tag","embeddable":true,"href":"https:\/\/arben-vision.com\/es\/wp-json\/wp\/v2\/product_tag?post=8835"}],"curies":[{"name":"wp","href":"https:\/\/api.w.org\/{rel}","templated":true}]}}