{"id":8828,"date":"2025-08-01T11:32:46","date_gmt":"2025-08-01T11:32:46","guid":{"rendered":"https:\/\/arben-vision.com\/?post_type=product&#038;p=8828"},"modified":"2025-08-01T11:33:00","modified_gmt":"2025-08-01T11:33:00","slug":"500x500-n-die-cast-aluminum-cabinet-indoor-cabinet","status":"publish","type":"product","link":"https:\/\/arben-vision.com\/es\/producto\/500x500-n-die-cast-aluminum-cabinet-indoor-cabinet\/","title":{"rendered":"500X500-N Armario interior de aluminio fundido a presi\u00f3n"},"content":{"rendered":"<p><img decoding=\"async\" class=\"alignnone size-full wp-image-8830\" src=\"https:\/\/arben-vision.com\/wp-content\/uploads\/2025\/08\/wechat_2025-08-01_192928_639.png\" alt=\"\" width=\"182\" height=\"206\" srcset=\"https:\/\/arben-vision.com\/wp-content\/uploads\/2025\/08\/wechat_2025-08-01_192928_639.png 182w, https:\/\/arben-vision.com\/wp-content\/uploads\/2025\/08\/wechat_2025-08-01_192928_639-11x12.png 11w\" sizes=\"(max-width: 182px) 100vw, 182px\" \/><\/p>\n<p><strong>Par\u00e1metros t\u00e9cnicos<\/strong><\/p>\n<table style=\"border-collapse: collapse; width: 778px; height: 780px;\" border=\"0\" width=\"654\" cellspacing=\"0\" cellpadding=\"0\">\n<tbody>\n<tr style=\"height: 34.50pt;\">\n<td class=\"et2\" style=\"height: 34.50pt; width: 163.50pt;\" width=\"218\" height=\"46\">Especificaci\u00f3n<\/td>\n<td class=\"et3\" style=\"width: 163.50pt;\" width=\"218\">500X500-N Armario interior de aluminio fundido a presi\u00f3n<\/td>\n<td class=\"et3\" style=\"width: 163.50pt;\" width=\"218\">500X500-N Armario interior \u00b130<\/td>\n<\/tr>\n<tr style=\"height: 34.50pt;\">\n<td class=\"et4\" style=\"height: 34.50pt; width: 163.50pt;\" width=\"218\" height=\"46\">Nombre del producto<\/td>\n<td class=\"et4\" style=\"width: 163.50pt;\" width=\"218\">500X500-N Armario interior de aluminio fundido a presi\u00f3n<\/td>\n<td class=\"et4\" style=\"width: 163.50pt;\" width=\"218\">500X500-N Armario interior \u00b130<\/td>\n<\/tr>\n<tr style=\"height: 34.50pt;\">\n<td class=\"et4\" style=\"height: 34.50pt; width: 163.50pt;\" width=\"218\" height=\"46\">Especificaci\u00f3n del m\u00f3dulo<\/td>\n<td class=\"et4\" style=\"width: 163.50pt;\" width=\"218\">125mm\u00d7500mm P3.91\/P4.81\/P2.976\/P2.604<\/td>\n<td class=\"et4\" style=\"width: 163.50pt;\" width=\"218\">125mm\u00d7500mm P3.91\/P4.81\/P2.976\/P2.604<\/td>\n<\/tr>\n<tr style=\"height: 17.25pt;\">\n<td class=\"et4\" style=\"height: 17.25pt; width: 163.50pt;\" width=\"218\" height=\"23\">Tama\u00f1o del armario<\/td>\n<td class=\"et4\" style=\"width: 163.50pt;\" width=\"218\">500mm\u00d7500mm\u00d771.5mm<\/td>\n<td class=\"et4\" style=\"width: 163.50pt;\" width=\"218\">500mm\u00d7500mm\u00d771.5mm<\/td>\n<\/tr>\n<tr style=\"height: 17.25pt;\">\n<td class=\"et4\" style=\"height: 17.25pt; width: 163.50pt;\" width=\"218\" height=\"23\">Peso<\/td>\n<td class=\"et4\" style=\"width: 163.50pt;\" width=\"218\">2,5KG<\/td>\n<td class=\"et4\" style=\"width: 163.50pt;\" width=\"218\">2,5KG<\/td>\n<\/tr>\n<tr style=\"height: 17.25pt;\">\n<td class=\"et4\" style=\"height: 17.25pt; width: 163.50pt;\" width=\"218\" height=\"23\">Instalaci\u00f3n<\/td>\n<td class=\"et4\" style=\"width: 163.50pt;\" width=\"218\">Elevaci\u00f3n e instalaci\u00f3n fija<\/td>\n<td class=\"et4\" style=\"width: 163.50pt;\" width=\"218\">Elevaci\u00f3n e instalaci\u00f3n fija<\/td>\n<\/tr>\n<tr style=\"height: 17.25pt;\">\n<td class=\"et4\" style=\"height: 17.25pt; width: 163.50pt;\" width=\"218\" height=\"23\">M\u00f3dulos por armario<\/td>\n<td class=\"et4\" style=\"width: 163.50pt;\" width=\"218\">Cuatro m\u00f3dulos por armario<\/td>\n<td class=\"et4\" style=\"width: 163.50pt;\" width=\"218\">Cuatro m\u00f3dulos por armario<\/td>\n<\/tr>\n<tr style=\"height: 17.25pt;\">\n<td class=\"et4\" style=\"height: 17.25pt; width: 163.50pt;\" width=\"218\" height=\"23\">Medio ambiente<\/td>\n<td class=\"et4\" style=\"width: 163.50pt;\" width=\"218\">Interior (IP30)<\/td>\n<td class=\"et4\" style=\"width: 163.50pt;\" width=\"218\">Interior (IP30)<\/td>\n<\/tr>\n<tr style=\"height: 103.50pt;\">\n<td class=\"et4\" style=\"height: 103.50pt; width: 163.50pt;\" width=\"218\" height=\"138\">Accesorios est\u00e1ndar<\/td>\n<td class=\"et4\" style=\"width: 163.50pt;\" width=\"218\">2PCS: Pasadores de localizaci\u00f3n, 1PCS: Manija, 1PCS: Placa de puerta,2PCS: Tiradores, 2PCS: Cerraduras r\u00e1pidas,4PCS: Cerraduras curvas, 1PCS: Conector de placa plana<\/td>\n<td class=\"et4\" style=\"width: 163.50pt;\" width=\"218\">2PCS: Pasadores de localizaci\u00f3n, 1PCS: Mango,2PCS: Regleta, 2PCS: Cierres r\u00e1pidos,4PCS: Cerraduras curvas, 1PCS: Conector de placa plana<\/td>\n<\/tr>\n<\/tbody>\n<\/table>","protected":false},"excerpt":{"rendered":"<p>El armario 500X500-N de aluminio fundido a presi\u00f3n para interiores, con unas dimensiones de 500\u00d7500\u00d771,5 mm y un peso de 2,5 kg, se adapta a m\u00f3dulos de 4\u00d7125 mm\u00d7500 mm (P2.604-P4.81). Con protecci\u00f3n IP30, admite instalaci\u00f3n elevadora\/fija. Los accesorios est\u00e1ndar incluyen pasadores de fijaci\u00f3n, asas, cierres r\u00e1pidos y cierres curvos. La variante \u00b130\u00b0 permite configuraciones angulares flexibles, ideales para sistemas de visualizaci\u00f3n en interiores que requieren un montaje seguro y ajustable.<\/p>","protected":false},"featured_media":8829,"template":"","meta":[],"product_brand":[],"product_cat":[15],"product_tag":[],"class_list":{"0":"post-8828","1":"product","2":"type-product","3":"status-publish","4":"has-post-thumbnail","6":"product_cat-other","8":"first","9":"instock","10":"shipping-taxable","11":"product-type-simple"},"_links":{"self":[{"href":"https:\/\/arben-vision.com\/es\/wp-json\/wp\/v2\/product\/8828","targetHints":{"allow":["GET"]}}],"collection":[{"href":"https:\/\/arben-vision.com\/es\/wp-json\/wp\/v2\/product"}],"about":[{"href":"https:\/\/arben-vision.com\/es\/wp-json\/wp\/v2\/types\/product"}],"version-history":[{"count":2,"href":"https:\/\/arben-vision.com\/es\/wp-json\/wp\/v2\/product\/8828\/revisions"}],"predecessor-version":[{"id":8832,"href":"https:\/\/arben-vision.com\/es\/wp-json\/wp\/v2\/product\/8828\/revisions\/8832"}],"wp:featuredmedia":[{"embeddable":true,"href":"https:\/\/arben-vision.com\/es\/wp-json\/wp\/v2\/media\/8829"}],"wp:attachment":[{"href":"https:\/\/arben-vision.com\/es\/wp-json\/wp\/v2\/media?parent=8828"}],"wp:term":[{"taxonomy":"product_brand","embeddable":true,"href":"https:\/\/arben-vision.com\/es\/wp-json\/wp\/v2\/product_brand?post=8828"},{"taxonomy":"product_cat","embeddable":true,"href":"https:\/\/arben-vision.com\/es\/wp-json\/wp\/v2\/product_cat?post=8828"},{"taxonomy":"product_tag","embeddable":true,"href":"https:\/\/arben-vision.com\/es\/wp-json\/wp\/v2\/product_tag?post=8828"}],"curies":[{"name":"wp","href":"https:\/\/api.w.org\/{rel}","templated":true}]}}