{"id":8824,"date":"2025-08-01T11:27:40","date_gmt":"2025-08-01T11:27:40","guid":{"rendered":"https:\/\/arben-vision.com\/?post_type=product&#038;p=8824"},"modified":"2025-08-01T11:27:40","modified_gmt":"2025-08-01T11:27:40","slug":"500x500-1-die-cast-aluminum-cabinet-indoor-and-outdoor-cabinet-flat-curved","status":"publish","type":"product","link":"https:\/\/arben-vision.com\/es\/producto\/500x500-1-die-cast-aluminum-cabinet-indoor-and-outdoor-cabinet-flat-curved\/","title":{"rendered":"Armario de aluminio fundido a presi\u00f3n 500\u00d7500-1 : Armario para interior y exterior (plano\/curvo)"},"content":{"rendered":"<p><img decoding=\"async\" class=\"alignnone size-full wp-image-8825\" src=\"https:\/\/arben-vision.com\/wp-content\/uploads\/2025\/08\/wechat_2025-08-01_192249_678.png\" alt=\"\" width=\"209\" height=\"201\" srcset=\"https:\/\/arben-vision.com\/wp-content\/uploads\/2025\/08\/wechat_2025-08-01_192249_678.png 209w, https:\/\/arben-vision.com\/wp-content\/uploads\/2025\/08\/wechat_2025-08-01_192249_678-12x12.png 12w\" sizes=\"(max-width: 209px) 100vw, 209px\" \/><\/p>\n<p><strong> Par\u00e1metros t\u00e9cnicos<\/strong><\/p>\n<table style=\"border-collapse: collapse; width: 648.02pt;\" border=\"0\" width=\"864\" cellspacing=\"0\" cellpadding=\"0\">\n<tbody>\n<tr style=\"height: 34.50pt;\">\n<td class=\"et2\" style=\"height: 34.50pt; width: 170.25pt;\" width=\"227\" height=\"46\">Especificaci\u00f3n<\/td>\n<td class=\"et3\" style=\"width: 285.00pt;\" width=\"380\">500X500-D Armario de aluminio fundido a presi\u00f3n para interior y exterior<\/td>\n<td class=\"et3\" style=\"width: 192.75pt;\" width=\"257\">500X500-D Armario interior y exterior<\/td>\n<\/tr>\n<tr style=\"height: 34.50pt;\">\n<td class=\"et4\" style=\"height: 34.50pt; width: 170.25pt;\" width=\"227\" height=\"46\">Nombre del producto<\/td>\n<td class=\"et4\" style=\"width: 285.00pt;\" width=\"380\">500X500-D Armario de aluminio fundido a presi\u00f3n para interior y exterior<\/td>\n<td class=\"et4\" style=\"width: 192.75pt;\" width=\"257\">500X500-D Armario interior y exterior<\/td>\n<\/tr>\n<tr style=\"height: 51.75pt;\">\n<td class=\"et4\" style=\"height: 51.75pt; width: 170.25pt;\" width=\"227\" height=\"69\">Especificaci\u00f3n del m\u00f3dulo<\/td>\n<td class=\"et4\" style=\"width: 285.00pt;\" width=\"380\">250mm\u00d7250mm P3.91\/P4.81\/P2.976\/P2.604\/P2.5\/P2.0\/P1.95\/P1.5625<\/td>\n<td class=\"et4\" style=\"width: 192.75pt;\" width=\"257\">250mm\u00d7250mm P3.91\/P4.81\/P2.976\/P2.604\/P2.5\/P2.0\/P1.95\/P1.5625<\/td>\n<\/tr>\n<tr style=\"height: 17.25pt;\">\n<td class=\"et4\" style=\"height: 17.25pt; width: 170.25pt;\" width=\"227\" height=\"23\">Tama\u00f1o del armario<\/td>\n<td class=\"et4\" style=\"width: 285.00pt;\" width=\"380\">500mm\u00d7500mm\u00d777,5mm<\/td>\n<td class=\"et4\" style=\"width: 192.75pt;\" width=\"257\">500mm\u00d7500mm\u00d777,5mm<\/td>\n<\/tr>\n<tr style=\"height: 17.25pt;\">\n<td class=\"et4\" style=\"height: 17.25pt; width: 170.25pt;\" width=\"227\" height=\"23\">Peso<\/td>\n<td class=\"et4\" style=\"width: 285.00pt;\" width=\"380\">3.92KG<\/td>\n<td class=\"et4\" style=\"width: 192.75pt;\" width=\"257\">3.92KG<\/td>\n<\/tr>\n<tr style=\"height: 17.25pt;\">\n<td class=\"et4\" style=\"height: 17.25pt; width: 170.25pt;\" width=\"227\" height=\"23\">Instalaci\u00f3n<\/td>\n<td class=\"et4\" style=\"width: 285.00pt;\" width=\"380\">Elevaci\u00f3n e instalaci\u00f3n fija<\/td>\n<td class=\"et4\" style=\"width: 192.75pt;\" width=\"257\">Elevaci\u00f3n e instalaci\u00f3n fija<\/td>\n<\/tr>\n<tr style=\"height: 17.25pt;\">\n<td class=\"et4\" style=\"height: 17.25pt; width: 170.25pt;\" width=\"227\" height=\"23\">M\u00f3dulos por armario<\/td>\n<td class=\"et4\" style=\"width: 285.00pt;\" width=\"380\">4 m\u00f3dulos por armario<\/td>\n<td class=\"et4\" style=\"width: 192.75pt;\" width=\"257\">4 m\u00f3dulos por armario<\/td>\n<\/tr>\n<tr style=\"height: 17.25pt;\">\n<td class=\"et4\" style=\"height: 17.25pt; width: 170.25pt;\" width=\"227\" height=\"23\">Medio ambiente<\/td>\n<td class=\"et4\" style=\"width: 285.00pt;\" width=\"380\">Interior (IP30) \/ Exterior (IP65)<\/td>\n<td class=\"et4\" style=\"width: 192.75pt;\" width=\"257\">Interior (IP30) \/ Exterior (IP65)<\/td>\n<\/tr>\n<tr style=\"height: 69.00pt;\">\n<td class=\"et4\" style=\"height: 69.00pt; width: 170.25pt;\" width=\"227\" height=\"92\">Accesorios est\u00e1ndar<\/td>\n<td class=\"et4\" style=\"width: 285.00pt;\" width=\"380\">2PCS: Pasadores de localizaci\u00f3n, 1PCS: Manija, 1PCS: Placa de puerta,1PCS: Regleta, 2PCS: Juntas,4PCS: Cierres r\u00e1pidos, 1PCS: Conector de placa plana<\/td>\n<td class=\"et4\" style=\"width: 192.75pt;\" width=\"257\">2PCS: Pasadores de localizaci\u00f3n, 1PCS: Asa,1PCS: Placa de puerta, 2PCS: Regleta,4PCS: Cierres r\u00e1pidos, 1PCS: Conector de placa plana<\/td>\n<\/tr>\n<\/tbody>\n<\/table>","protected":false},"excerpt":{"rendered":"<p>El armario de aluminio fundido 500X500-D admite uso en interiores\/exteriores (IP30\/IP65) con m\u00f3dulos de 250 mm\u00d7250 mm (P1.5625-P4.81). Con unas dimensiones de 500\u00d7500\u00d777,5 mm y un peso de 3,92 kg, admite 4 m\u00f3dulos por unidad. Los accesorios est\u00e1ndar incluyen pasadores de fijaci\u00f3n, cierres r\u00e1pidos, regletas de alimentaci\u00f3n y conectores de placa plana, lo que garantiza una configuraci\u00f3n vers\u00e1til y segura para diversas aplicaciones de visualizaci\u00f3n.<\/p>","protected":false},"featured_media":8826,"template":"","meta":[],"product_brand":[],"product_cat":[15],"product_tag":[],"class_list":{"0":"post-8824","1":"product","2":"type-product","3":"status-publish","4":"has-post-thumbnail","6":"product_cat-other","8":"first","9":"instock","10":"shipping-taxable","11":"product-type-simple"},"_links":{"self":[{"href":"https:\/\/arben-vision.com\/es\/wp-json\/wp\/v2\/product\/8824","targetHints":{"allow":["GET"]}}],"collection":[{"href":"https:\/\/arben-vision.com\/es\/wp-json\/wp\/v2\/product"}],"about":[{"href":"https:\/\/arben-vision.com\/es\/wp-json\/wp\/v2\/types\/product"}],"version-history":[{"count":1,"href":"https:\/\/arben-vision.com\/es\/wp-json\/wp\/v2\/product\/8824\/revisions"}],"predecessor-version":[{"id":8827,"href":"https:\/\/arben-vision.com\/es\/wp-json\/wp\/v2\/product\/8824\/revisions\/8827"}],"wp:featuredmedia":[{"embeddable":true,"href":"https:\/\/arben-vision.com\/es\/wp-json\/wp\/v2\/media\/8826"}],"wp:attachment":[{"href":"https:\/\/arben-vision.com\/es\/wp-json\/wp\/v2\/media?parent=8824"}],"wp:term":[{"taxonomy":"product_brand","embeddable":true,"href":"https:\/\/arben-vision.com\/es\/wp-json\/wp\/v2\/product_brand?post=8824"},{"taxonomy":"product_cat","embeddable":true,"href":"https:\/\/arben-vision.com\/es\/wp-json\/wp\/v2\/product_cat?post=8824"},{"taxonomy":"product_tag","embeddable":true,"href":"https:\/\/arben-vision.com\/es\/wp-json\/wp\/v2\/product_tag?post=8824"}],"curies":[{"name":"wp","href":"https:\/\/api.w.org\/{rel}","templated":true}]}}