{"id":8819,"date":"2025-08-01T11:21:47","date_gmt":"2025-08-01T11:21:47","guid":{"rendered":"https:\/\/arben-vision.com\/?post_type=product&#038;p=8819"},"modified":"2025-08-01T11:34:38","modified_gmt":"2025-08-01T11:34:38","slug":"500x500-d-die-cast-aluminum-cabinet-indoor-and-outdoor-use-flat-curved","status":"publish","type":"product","link":"https:\/\/arben-vision.com\/es\/producto\/500x500-d-die-cast-aluminum-cabinet-indoor-and-outdoor-use-flat-curved\/","title":{"rendered":"500X500-D Armario de aluminio fundido a presi\u00f3n :Uso interior y exterior, Plano\/Curvo"},"content":{"rendered":"<p><img fetchpriority=\"high\" decoding=\"async\" class=\"alignnone size-full wp-image-8821\" src=\"https:\/\/arben-vision.com\/wp-content\/uploads\/2025\/08\/2-1.png\" alt=\"\" width=\"277\" height=\"223\" srcset=\"https:\/\/arben-vision.com\/wp-content\/uploads\/2025\/08\/2-1.png 277w, https:\/\/arben-vision.com\/wp-content\/uploads\/2025\/08\/2-1-15x12.png 15w\" sizes=\"(max-width: 277px) 100vw, 277px\" \/><\/p>\n<pre class=\"Question_question_content_pre__Q3Q4I\"><strong>Par\u00e1metros t\u00e9cnicos<\/strong><\/pre>\n<table style=\"border-collapse: collapse; width: 641.27pt;\" border=\"0\" width=\"855\" cellspacing=\"0\" cellpadding=\"0\">\n<tbody>\n<tr style=\"height: 33.00pt;\">\n<td class=\"et2\" style=\"height: 33.00pt; width: 96.00pt;\" width=\"128\" height=\"44\">Especificaci\u00f3n<\/td>\n<td class=\"et3\" style=\"width: 309.00pt;\" width=\"412\">500X500-D Armario de aluminio fundido a presi\u00f3n para interior y exterior<\/td>\n<td class=\"et2\" style=\"width: 236.25pt;\" width=\"315\">500X500-D Armario interior y exterior<\/td>\n<\/tr>\n<tr style=\"height: 34.50pt;\">\n<td class=\"et4\" style=\"height: 34.50pt; width: 96.00pt;\" width=\"128\" height=\"46\">Especificaci\u00f3n del m\u00f3dulo<\/td>\n<td class=\"et4\" style=\"width: 309.00pt;\" width=\"412\">250mmx250mm P1.5625\/P1.95\/P2.5\/P2.604\/P2.976\/P3.91<\/td>\n<td class=\"et4\" style=\"width: 236.25pt;\" width=\"315\">250mmx250mm P1.5625\/P1.95\/P2.5\/P2.604\/P2.976\/P3.91<\/td>\n<\/tr>\n<tr style=\"height: 17.25pt;\">\n<td class=\"et4\" style=\"height: 17.25pt; width: 96.00pt;\" width=\"128\" height=\"23\">Tama\u00f1o del armario<\/td>\n<td class=\"et4\" style=\"width: 309.00pt;\" width=\"412\">500mmx500mmx65mm<\/td>\n<td class=\"et4\" style=\"width: 236.25pt;\" width=\"315\">500mmx500mmx65mm<\/td>\n<\/tr>\n<tr style=\"height: 17.25pt;\">\n<td class=\"et4\" style=\"height: 17.25pt; width: 96.00pt;\" width=\"128\" height=\"23\">Peso<\/td>\n<td class=\"et4\" style=\"width: 309.00pt;\" width=\"412\">3.5KG<\/td>\n<td class=\"et4\" style=\"width: 236.25pt;\" width=\"315\">3.5KG<\/td>\n<\/tr>\n<tr style=\"height: 17.25pt;\">\n<td class=\"et4\" style=\"height: 17.25pt; width: 96.00pt;\" width=\"128\" height=\"23\">Instalaci\u00f3n<\/td>\n<td class=\"et4\" style=\"width: 309.00pt;\" width=\"412\">Elevaci\u00f3n e instalaci\u00f3n fija<\/td>\n<td class=\"et4\" style=\"width: 236.25pt;\" width=\"315\">Elevaci\u00f3n e instalaci\u00f3n fija<\/td>\n<\/tr>\n<tr style=\"height: 34.50pt;\">\n<td class=\"et4\" style=\"height: 34.50pt; width: 96.00pt;\" width=\"128\" height=\"46\">M\u00f3dulos por armario<\/td>\n<td class=\"et4\" style=\"width: 309.00pt;\" width=\"412\">4 m\u00f3dulos por armario<\/td>\n<td class=\"et4\" style=\"width: 236.25pt;\" width=\"315\">4 m\u00f3dulos por armario<\/td>\n<\/tr>\n<tr style=\"height: 17.25pt;\">\n<td class=\"et4\" style=\"height: 17.25pt; width: 96.00pt;\" width=\"128\" height=\"23\">Medio ambiente<\/td>\n<td class=\"et4\" style=\"width: 309.00pt;\" width=\"412\">Interior (IP30) \/ Exterior (IP65)<\/td>\n<td class=\"et4\" style=\"width: 236.25pt;\" width=\"315\">Interior (IP30) \/ Exterior (IP65)<\/td>\n<\/tr>\n<tr style=\"height: 51.75pt;\">\n<td class=\"et4\" style=\"height: 51.75pt; width: 96.00pt;\" width=\"128\" height=\"69\">Accesorios est\u00e1ndar<\/td>\n<td class=\"et4\" style=\"width: 309.00pt;\" width=\"412\">2PCS: Regleta de alimentaci\u00f3n, 1PCS: M\u00f3dulo Press Strip, 1PCS: Baffle,2PCS: Pasador de localizaci\u00f3n, 2PCS: Cierre r\u00e1pido,2PCS: Curva de bloqueo, 2PCS: Conector de placa plana<\/td>\n<td class=\"et4\" style=\"width: 236.25pt;\" width=\"315\">2PCS: Regleta, 2PCS: Cierre r\u00e1pido,2PCS: Cierre Curvo, 2PCS: Conector Plano<\/td>\n<\/tr>\n<\/tbody>\n<\/table>","protected":false},"excerpt":{"rendered":"<p>El armario de aluminio fundido 500X500-D admite uso en interiores\/exteriores (IP30\/IP65), m\u00f3dulos de 250 mm\u00d7250 mm (P1.5625-P3.91) y 4 m\u00f3dulos por unidad. Con un peso de 3,5KG, permite la instalaci\u00f3n elevadora\/fija con cierres r\u00e1pidos y cierres curvos para configuraciones vers\u00e1tiles.<\/p>","protected":false},"featured_media":8820,"template":"","meta":[],"product_brand":[],"product_cat":[15],"product_tag":[],"class_list":{"0":"post-8819","1":"product","2":"type-product","3":"status-publish","4":"has-post-thumbnail","6":"product_cat-other","8":"first","9":"instock","10":"shipping-taxable","11":"product-type-simple"},"_links":{"self":[{"href":"https:\/\/arben-vision.com\/es\/wp-json\/wp\/v2\/product\/8819","targetHints":{"allow":["GET"]}}],"collection":[{"href":"https:\/\/arben-vision.com\/es\/wp-json\/wp\/v2\/product"}],"about":[{"href":"https:\/\/arben-vision.com\/es\/wp-json\/wp\/v2\/types\/product"}],"version-history":[{"count":1,"href":"https:\/\/arben-vision.com\/es\/wp-json\/wp\/v2\/product\/8819\/revisions"}],"predecessor-version":[{"id":8823,"href":"https:\/\/arben-vision.com\/es\/wp-json\/wp\/v2\/product\/8819\/revisions\/8823"}],"wp:featuredmedia":[{"embeddable":true,"href":"https:\/\/arben-vision.com\/es\/wp-json\/wp\/v2\/media\/8820"}],"wp:attachment":[{"href":"https:\/\/arben-vision.com\/es\/wp-json\/wp\/v2\/media?parent=8819"}],"wp:term":[{"taxonomy":"product_brand","embeddable":true,"href":"https:\/\/arben-vision.com\/es\/wp-json\/wp\/v2\/product_brand?post=8819"},{"taxonomy":"product_cat","embeddable":true,"href":"https:\/\/arben-vision.com\/es\/wp-json\/wp\/v2\/product_cat?post=8819"},{"taxonomy":"product_tag","embeddable":true,"href":"https:\/\/arben-vision.com\/es\/wp-json\/wp\/v2\/product_tag?post=8819"}],"curies":[{"name":"wp","href":"https:\/\/api.w.org\/{rel}","templated":true}]}}