{"id":8809,"date":"2025-08-01T11:00:17","date_gmt":"2025-08-01T11:00:17","guid":{"rendered":"https:\/\/arben-vision.com\/?post_type=product&#038;p=8809"},"modified":"2025-08-01T11:00:17","modified_gmt":"2025-08-01T11:00:17","slug":"floor-tile-display-series","status":"publish","type":"product","link":"https:\/\/arben-vision.com\/es\/producto\/floor-tile-display-series\/","title":{"rendered":"Serie de expositores de baldosas"},"content":{"rendered":"<p><strong>Ventajas del producto<\/strong><\/p>\n<p>Alta capacidad de carga, alta protecci\u00f3n<br \/>\nLa carcasa de fundici\u00f3n a presi\u00f3n presenta un dise\u00f1o de soporte de carga esquel\u00e9tico y materiales resistentes a la presi\u00f3n, con una capacidad de carga de 2000-3000 kg\/m2 y un grado de impermeabilidad IP65.<br \/>\nM\u00faltiples opciones de montaje<br \/>\nPuede montarse en vertical o en forma de arco, y puede instalarse en una mesa o en el techo, satisfaciendo las necesidades de los escenarios de rodaje de realidad virtual XR.<br \/>\nDetecci\u00f3n interactiva inteligente<br \/>\nNuestro sistema patentado de detecci\u00f3n interactiva utiliza un sensor l\u00e1ser integrado y un chip de control MCU, lo que permite una interacci\u00f3n sin contacto y tiempos de respuesta m\u00e1s r\u00e1pidos.<\/p>\n<p><strong>Escenario de aplicaci\u00f3n<\/strong><\/p>\n<p><img fetchpriority=\"high\" decoding=\"async\" class=\"alignnone size-medium wp-image-8810\" src=\"https:\/\/arben-vision.com\/wp-content\/uploads\/2025\/08\/\u8d44\u6e90-53@4x-300x241.png\" alt=\"\" width=\"300\" height=\"241\" srcset=\"https:\/\/arben-vision.com\/wp-content\/uploads\/2025\/08\/\u8d44\u6e90-53@4x-300x241.png 300w, https:\/\/arben-vision.com\/wp-content\/uploads\/2025\/08\/\u8d44\u6e90-53@4x-15x12.png 15w, https:\/\/arben-vision.com\/wp-content\/uploads\/2025\/08\/\u8d44\u6e90-53@4x-370x297.png 370w, https:\/\/arben-vision.com\/wp-content\/uploads\/2025\/08\/\u8d44\u6e90-53@4x-410x329.png 410w, https:\/\/arben-vision.com\/wp-content\/uploads\/2025\/08\/\u8d44\u6e90-53@4x.png 481w\" sizes=\"(max-width: 300px) 100vw, 300px\" \/> <img decoding=\"async\" class=\"alignnone size-medium wp-image-8811\" src=\"https:\/\/arben-vision.com\/wp-content\/uploads\/2025\/08\/\u8d44\u6e90-54@4x-300x241.png\" alt=\"\" width=\"300\" height=\"241\" srcset=\"https:\/\/arben-vision.com\/wp-content\/uploads\/2025\/08\/\u8d44\u6e90-54@4x-300x241.png 300w, https:\/\/arben-vision.com\/wp-content\/uploads\/2025\/08\/\u8d44\u6e90-54@4x-15x12.png 15w, https:\/\/arben-vision.com\/wp-content\/uploads\/2025\/08\/\u8d44\u6e90-54@4x-370x298.png 370w, https:\/\/arben-vision.com\/wp-content\/uploads\/2025\/08\/\u8d44\u6e90-54@4x-410x330.png 410w, https:\/\/arben-vision.com\/wp-content\/uploads\/2025\/08\/\u8d44\u6e90-54@4x.png 480w\" sizes=\"(max-width: 300px) 100vw, 300px\" \/> <img decoding=\"async\" class=\"alignnone size-medium wp-image-8812\" src=\"https:\/\/arben-vision.com\/wp-content\/uploads\/2025\/08\/\u8d44\u6e90-55@4x-300x241.png\" alt=\"\" width=\"300\" height=\"241\" srcset=\"https:\/\/arben-vision.com\/wp-content\/uploads\/2025\/08\/\u8d44\u6e90-55@4x-300x241.png 300w, https:\/\/arben-vision.com\/wp-content\/uploads\/2025\/08\/\u8d44\u6e90-55@4x-15x12.png 15w, https:\/\/arben-vision.com\/wp-content\/uploads\/2025\/08\/\u8d44\u6e90-55@4x-370x297.png 370w, https:\/\/arben-vision.com\/wp-content\/uploads\/2025\/08\/\u8d44\u6e90-55@4x-410x329.png 410w, https:\/\/arben-vision.com\/wp-content\/uploads\/2025\/08\/\u8d44\u6e90-55@4x.png 481w\" sizes=\"(max-width: 300px) 100vw, 300px\" \/> <img loading=\"lazy\" decoding=\"async\" class=\"alignnone size-medium wp-image-8813\" src=\"https:\/\/arben-vision.com\/wp-content\/uploads\/2025\/08\/\u8d44\u6e90-56@4x-300x241.png\" alt=\"\" width=\"300\" height=\"241\" srcset=\"https:\/\/arben-vision.com\/wp-content\/uploads\/2025\/08\/\u8d44\u6e90-56@4x-300x241.png 300w, https:\/\/arben-vision.com\/wp-content\/uploads\/2025\/08\/\u8d44\u6e90-56@4x-15x12.png 15w, https:\/\/arben-vision.com\/wp-content\/uploads\/2025\/08\/\u8d44\u6e90-56@4x-370x298.png 370w, https:\/\/arben-vision.com\/wp-content\/uploads\/2025\/08\/\u8d44\u6e90-56@4x-410x330.png 410w, https:\/\/arben-vision.com\/wp-content\/uploads\/2025\/08\/\u8d44\u6e90-56@4x.png 480w\" sizes=\"(max-width: 300px) 100vw, 300px\" \/><\/p>\n<p><strong>Par\u00e1metros t\u00e9cnicos<\/strong><\/p>\n<table style=\"border-collapse: collapse; width: 741px; height: 1935px;\" border=\"0\" width=\"685\" cellspacing=\"0\" cellpadding=\"0\">\n<tbody>\n<tr style=\"height: 33.00pt;\">\n<td class=\"et2\" style=\"height: 33.00pt; width: 117.75pt;\" width=\"157\" height=\"44\">Modelo de producto<\/td>\n<td class=\"et2\" style=\"width: 99.00pt;\" width=\"132\">P2.604<\/td>\n<td class=\"et2\" style=\"width: 99.00pt;\" width=\"132\">P2.976<\/td>\n<td class=\"et2\" style=\"width: 99.00pt;\" width=\"132\">P3.91<\/td>\n<td class=\"et2\" style=\"width: 99.00pt;\" width=\"132\">P4.81<\/td>\n<\/tr>\n<tr style=\"height: 26.00pt;\">\n<td class=\"et3\" style=\"height: 26.00pt; width: 117.75pt;\" width=\"157\" height=\"34\">Solicitud\u573a\u6240<\/td>\n<td class=\"et3\" style=\"width: 99.00pt;\" width=\"132\">Interior\/exterior<\/td>\n<td class=\"et3\" style=\"width: 99.00pt;\" width=\"132\">Interior\/exterior<\/td>\n<td class=\"et3\" style=\"width: 99.00pt;\" width=\"132\">Interior\/exterior<\/td>\n<td class=\"et3\" style=\"width: 99.00pt;\" width=\"132\">Interior\/exterior<\/td>\n<\/tr>\n<tr style=\"height: 25.00pt;\">\n<td class=\"et3\" style=\"height: 25.00pt; width: 117.75pt;\" width=\"157\" height=\"33\">Tama\u00f1o del m\u00f3dulo<\/td>\n<td class=\"et3\" style=\"width: 99.00pt;\" width=\"132\">250\u00d7250 mm<\/td>\n<td class=\"et3\" style=\"width: 99.00pt;\" width=\"132\">250\u00d7250 mm<\/td>\n<td class=\"et3\" style=\"width: 99.00pt;\" width=\"132\">250\u00d7250 mm<\/td>\n<td class=\"et3\" style=\"width: 99.00pt;\" width=\"132\">250\u00d7250 mm<\/td>\n<\/tr>\n<tr style=\"height: 17.25pt;\">\n<td class=\"et3\" style=\"height: 17.25pt; width: 117.75pt;\" width=\"157\" height=\"23\">Resoluci\u00f3n del m\u00f3dulo<\/td>\n<td class=\"et3\" style=\"width: 99.00pt;\" width=\"132\">96\u00d796<\/td>\n<td class=\"et3\" style=\"width: 99.00pt;\" width=\"132\">84\u00d784<\/td>\n<td class=\"et3\" style=\"width: 99.00pt;\" width=\"132\">64\u00d764<\/td>\n<td class=\"et3\" style=\"width: 99.00pt;\" width=\"132\">52\u00d752<\/td>\n<\/tr>\n<tr style=\"height: 60.00pt;\">\n<td class=\"et3\" style=\"height: 60.00pt; width: 117.75pt;\" width=\"157\" height=\"80\">Tama\u00f1o del armario<\/td>\n<td class=\"et3\" style=\"width: 99.00pt;\" width=\"132\">500\u00d7500 mm500\u00d71000 mm<\/td>\n<td class=\"et3\" style=\"width: 99.00pt;\" width=\"132\">500\u00d7500 mm500\u00d71000 mm<\/td>\n<td class=\"et3\" style=\"width: 99.00pt;\" width=\"132\">500\u00d7500 mm500\u00d71000 mm<\/td>\n<td class=\"et3\" style=\"width: 99.00pt;\" width=\"132\">500\u00d7500 mm500\u00d71000 mm<\/td>\n<\/tr>\n<tr style=\"height: 34.50pt;\">\n<td class=\"et3\" style=\"height: 34.50pt; width: 117.75pt;\" width=\"157\" height=\"46\">Resoluci\u00f3n del Consejo de Ministros<\/td>\n<td class=\"et3\" style=\"width: 99.00pt;\" width=\"132\">192\u00d7192192\u00d7384<\/td>\n<td class=\"et3\" style=\"width: 99.00pt;\" width=\"132\">168\u00d7168168\u00d7336<\/td>\n<td class=\"et3\" style=\"width: 99.00pt;\" width=\"132\">128\u00d7128128\u00d7256<\/td>\n<td class=\"et3\" style=\"width: 99.00pt;\" width=\"132\">104\u00d7104104\u00d7208<\/td>\n<\/tr>\n<tr style=\"height: 17.25pt;\">\n<td class=\"et3\" style=\"height: 17.25pt; width: 117.75pt;\" width=\"157\" height=\"23\">Densidad f\u00edsica de p\u00edxeles<\/td>\n<td class=\"et3\" style=\"width: 99.00pt;\" width=\"132\">141744 piezas\/m\u00b2<\/td>\n<td class=\"et3\" style=\"width: 99.00pt;\" width=\"132\">12910 piezas\/m\u00b2<\/td>\n<td class=\"et3\" style=\"width: 99.00pt;\" width=\"132\">65410 unidades\/m\u00b2<\/td>\n<td class=\"et3\" style=\"width: 99.00pt;\" width=\"132\">43222 piezas\/m\u00b2<\/td>\n<\/tr>\n<tr style=\"height: 26.00pt;\">\n<td class=\"et3\" style=\"height: 26.00pt; width: 117.75pt;\" width=\"157\" height=\"34\">Tipo de paquete LED<\/td>\n<td class=\"et3\" style=\"width: 99.00pt;\" width=\"132\">SMD1515\/1415<\/td>\n<td class=\"et3\" style=\"width: 99.00pt;\" width=\"132\">SMD1515\/1415<\/td>\n<td class=\"et3\" style=\"width: 99.00pt;\" width=\"132\">SMD1515\/1415<\/td>\n<td class=\"et3\" style=\"width: 99.00pt;\" width=\"132\">SMD2020\/1921<\/td>\n<\/tr>\n<tr style=\"height: 17.25pt;\">\n<td class=\"et3\" style=\"height: 17.25pt; width: 117.75pt;\" width=\"157\" height=\"23\">Color LED<\/td>\n<td class=\"et3\" style=\"width: 99.00pt;\" width=\"132\">1R1G1B<\/td>\n<td class=\"et3\" style=\"width: 99.00pt;\" width=\"132\">1R1G1B<\/td>\n<td class=\"et3\" style=\"width: 99.00pt;\" width=\"132\">1R1G1B<\/td>\n<td class=\"et3\" style=\"width: 99.00pt;\" width=\"132\">1R1G1B<\/td>\n<\/tr>\n<tr style=\"height: 34.50pt;\">\n<td class=\"et3\" style=\"height: 34.50pt; width: 117.75pt;\" width=\"157\" height=\"46\">Consumo medio<\/td>\n<td class=\"et3\" style=\"width: 99.00pt;\" width=\"132\">400W\/m\u00b2<\/td>\n<td class=\"et3\" style=\"width: 99.00pt;\" width=\"132\">400W\/m\u00b2<\/td>\n<td class=\"et3\" style=\"width: 99.00pt;\" width=\"132\">400W\/m\u00b2<\/td>\n<td class=\"et3\" style=\"width: 99.00pt;\" width=\"132\">400W\/m\u00b2<\/td>\n<\/tr>\n<tr style=\"height: 34.50pt;\">\n<td class=\"et3\" style=\"height: 34.50pt; width: 117.75pt;\" width=\"157\" height=\"46\">Consumo m\u00e1ximo<\/td>\n<td class=\"et3\" style=\"width: 99.00pt;\" width=\"132\">800W\/m\u00b2<\/td>\n<td class=\"et3\" style=\"width: 99.00pt;\" width=\"132\">800W\/m\u00b2<\/td>\n<td class=\"et3\" style=\"width: 99.00pt;\" width=\"132\">800W\/m\u00b2<\/td>\n<td class=\"et3\" style=\"width: 99.00pt;\" width=\"132\">800W\/m\u00b2<\/td>\n<\/tr>\n<tr style=\"height: 34.50pt;\">\n<td class=\"et3\" style=\"height: 34.50pt; width: 117.75pt;\" width=\"157\" height=\"46\">Peso<\/td>\n<td class=\"et3\" style=\"width: 99.00pt;\" width=\"132\">\u2265140kg (Opcional)<\/td>\n<td class=\"et3\" style=\"width: 99.00pt;\" width=\"132\">\u2265140kg (Opcional)<\/td>\n<td class=\"et3\" style=\"width: 99.00pt;\" width=\"132\">\u2265140kg (Opcional)<\/td>\n<td class=\"et3\" style=\"width: 99.00pt;\" width=\"132\">\u2265140kg (Opcional)<\/td>\n<\/tr>\n<tr style=\"height: 30.00pt;\">\n<td class=\"et3\" style=\"height: 30.00pt; width: 117.75pt;\" width=\"157\" height=\"40\">Material del armario<\/td>\n<td class=\"et3\" style=\"width: 99.00pt;\" width=\"132\">Hierro<\/td>\n<td class=\"et3\" style=\"width: 99.00pt;\" width=\"132\">Hierro<\/td>\n<td class=\"et3\" style=\"width: 99.00pt;\" width=\"132\">Hierro<\/td>\n<td class=\"et3\" style=\"width: 99.00pt;\" width=\"132\">Hierro<\/td>\n<\/tr>\n<tr style=\"height: 34.50pt;\">\n<td class=\"et3\" style=\"height: 34.50pt; width: 117.75pt;\" width=\"157\" height=\"46\">Balance de blancos Brillo - Interior<\/td>\n<td class=\"et3\" style=\"width: 99.00pt;\" width=\"132\">2500cd\/m\u00b2<\/td>\n<td class=\"et3\" style=\"width: 99.00pt;\" width=\"132\">2500cd\/m\u00b2<\/td>\n<td class=\"et3\" style=\"width: 99.00pt;\" width=\"132\">2500cd\/m\u00b2<\/td>\n<td class=\"et3\" style=\"width: 99.00pt;\" width=\"132\">2500cd\/m\u00b2<\/td>\n<\/tr>\n<tr style=\"height: 34.50pt;\">\n<td class=\"et3\" style=\"height: 34.50pt; width: 117.75pt;\" width=\"157\" height=\"46\">Balance de blancos Brillo - Exterior<\/td>\n<td class=\"et3\" style=\"width: 99.00pt;\" width=\"132\">4000cd\/m\u00b2<\/td>\n<td class=\"et3\" style=\"width: 99.00pt;\" width=\"132\">4000cd\/m\u00b2<\/td>\n<td class=\"et3\" style=\"width: 99.00pt;\" width=\"132\">4000cd\/m\u00b2<\/td>\n<td class=\"et3\" style=\"width: 99.00pt;\" width=\"132\">4000cd\/m\u00b2<\/td>\n<\/tr>\n<tr style=\"height: 34.50pt;\">\n<td class=\"et3\" style=\"height: 34.50pt; width: 117.75pt;\" width=\"157\" height=\"46\">M\u00e9todo de conducci\u00f3n - Interior<\/td>\n<td class=\"et3\" style=\"width: 99.00pt;\" width=\"132\">1\/32 Escaneado<\/td>\n<td class=\"et3\" style=\"width: 99.00pt;\" width=\"132\">1\/28 Escaneo<\/td>\n<td class=\"et3\" style=\"width: 99.00pt;\" width=\"132\">1\/16 Escaneado<\/td>\n<td class=\"et3\" style=\"width: 99.00pt;\" width=\"132\">1\/13 Escaneo<\/td>\n<\/tr>\n<tr style=\"height: 34.50pt;\">\n<td class=\"et3\" style=\"height: 34.50pt; width: 117.75pt;\" width=\"157\" height=\"46\">M\u00e9todo de conducci\u00f3n - Exterior<\/td>\n<td class=\"et3\" style=\"width: 99.00pt;\" width=\"132\">1\/16 Escaneado<\/td>\n<td class=\"et3\" style=\"width: 99.00pt;\" width=\"132\">1\/21 Escaneo<\/td>\n<td class=\"et3\" style=\"width: 99.00pt;\" width=\"132\">1\/16 Escaneado<\/td>\n<td class=\"et3\" style=\"width: 99.00pt;\" width=\"132\">1\/13 Escaneo<\/td>\n<\/tr>\n<tr style=\"height: 17.25pt;\">\n<td class=\"et3\" style=\"height: 17.25pt; width: 117.75pt;\" width=\"157\" height=\"23\">Frecuencia de actualizaci\u00f3n<\/td>\n<td class=\"et3\" style=\"width: 99.00pt;\" width=\"132\">1920-3840 Hz<\/td>\n<td class=\"et3\" style=\"width: 99.00pt;\" width=\"132\">1920-3840 Hz<\/td>\n<td class=\"et3\" style=\"width: 99.00pt;\" width=\"132\">1920-3840 Hz<\/td>\n<td class=\"et3\" style=\"width: 99.00pt;\" width=\"132\">1920-3840 Hz<\/td>\n<\/tr>\n<tr style=\"height: 34.50pt;\">\n<td class=\"et3\" style=\"height: 34.50pt; width: 117.75pt;\" width=\"157\" height=\"46\">Frecuencia de conversi\u00f3n<\/td>\n<td class=\"et3\" style=\"width: 99.00pt;\" width=\"132\">\u226550\/60Hz<\/td>\n<td class=\"et3\" style=\"width: 99.00pt;\" width=\"132\">\u226550\/60Hz<\/td>\n<td class=\"et3\" style=\"width: 99.00pt;\" width=\"132\">\u226550\/60Hz<\/td>\n<td class=\"et3\" style=\"width: 99.00pt;\" width=\"132\">\u226550\/60Hz<\/td>\n<\/tr>\n<tr style=\"height: 34.50pt;\">\n<td class=\"et3\" style=\"height: 34.50pt; width: 117.75pt;\" width=\"157\" height=\"46\">M\u00e9todo de control<\/td>\n<td class=\"et3\" style=\"width: 99.00pt;\" width=\"132\">Control sincr\u00f3nico<\/td>\n<td class=\"et3\" style=\"width: 99.00pt;\" width=\"132\">Control sincr\u00f3nico<\/td>\n<td class=\"et3\" style=\"width: 99.00pt;\" width=\"132\">Control sincr\u00f3nico<\/td>\n<td class=\"et3\" style=\"width: 99.00pt;\" width=\"132\">Control sincr\u00f3nico<\/td>\n<\/tr>\n<tr style=\"height: 17.25pt;\">\n<td class=\"et3\" style=\"height: 17.25pt; width: 117.75pt;\" width=\"157\" height=\"23\">Tensi\u00f3n de trabajo<\/td>\n<td class=\"et3\" style=\"width: 99.00pt;\" width=\"132\">AC110\/220V<\/td>\n<td class=\"et3\" style=\"width: 99.00pt;\" width=\"132\">AC110\/220V<\/td>\n<td class=\"et3\" style=\"width: 99.00pt;\" width=\"132\">AC110\/220V<\/td>\n<td class=\"et3\" style=\"width: 99.00pt;\" width=\"132\">AC110\/220V<\/td>\n<\/tr>\n<\/tbody>\n<\/table>","protected":false},"excerpt":{"rendered":"<p>La serie Floor Tile Display est\u00e1 dise\u00f1ada para aplicaciones LED montadas en el suelo, con una gran capacidad de carga (2000-3000 kg\/\u33a1), impermeabilidad IP65 y montaje vers\u00e1til (vertical\/arco, montaje en pared\/techo). Equipada con detecci\u00f3n interactiva inteligente mediante sensores l\u00e1ser y chips MCU, permite una r\u00e1pida interacci\u00f3n sin contacto, ideal para filmaciones XR, exposiciones y espacios comerciales.<\/p>","protected":false},"featured_media":8814,"template":"","meta":[],"product_brand":[],"product_cat":[147,121],"product_tag":[],"class_list":{"0":"post-8809","1":"product","2":"type-product","3":"status-publish","4":"has-post-thumbnail","6":"product_cat-led-floor-screens","7":"product_cat-outdoor-led-screens","9":"first","10":"instock","11":"shipping-taxable","12":"product-type-simple"},"_links":{"self":[{"href":"https:\/\/arben-vision.com\/es\/wp-json\/wp\/v2\/product\/8809","targetHints":{"allow":["GET"]}}],"collection":[{"href":"https:\/\/arben-vision.com\/es\/wp-json\/wp\/v2\/product"}],"about":[{"href":"https:\/\/arben-vision.com\/es\/wp-json\/wp\/v2\/types\/product"}],"version-history":[{"count":1,"href":"https:\/\/arben-vision.com\/es\/wp-json\/wp\/v2\/product\/8809\/revisions"}],"predecessor-version":[{"id":8815,"href":"https:\/\/arben-vision.com\/es\/wp-json\/wp\/v2\/product\/8809\/revisions\/8815"}],"wp:featuredmedia":[{"embeddable":true,"href":"https:\/\/arben-vision.com\/es\/wp-json\/wp\/v2\/media\/8814"}],"wp:attachment":[{"href":"https:\/\/arben-vision.com\/es\/wp-json\/wp\/v2\/media?parent=8809"}],"wp:term":[{"taxonomy":"product_brand","embeddable":true,"href":"https:\/\/arben-vision.com\/es\/wp-json\/wp\/v2\/product_brand?post=8809"},{"taxonomy":"product_cat","embeddable":true,"href":"https:\/\/arben-vision.com\/es\/wp-json\/wp\/v2\/product_cat?post=8809"},{"taxonomy":"product_tag","embeddable":true,"href":"https:\/\/arben-vision.com\/es\/wp-json\/wp\/v2\/product_tag?post=8809"}],"curies":[{"name":"wp","href":"https:\/\/api.w.org\/{rel}","templated":true}]}}