{"id":8801,"date":"2025-08-01T10:48:50","date_gmt":"2025-08-01T10:48:50","guid":{"rendered":"https:\/\/arben-vision.com\/?post_type=product&#038;p=8801"},"modified":"2025-08-01T11:03:48","modified_gmt":"2025-08-01T11:03:48","slug":"cob-series-display","status":"publish","type":"product","link":"https:\/\/arben-vision.com\/es\/producto\/cob-series-display\/","title":{"rendered":"Pantalla serie COB"},"content":{"rendered":"<p><strong>Ventajas del producto<\/strong><\/p>\n<p>Calidad de imagen Ultra HD, alta resoluci\u00f3n<br \/>\nResoluci\u00f3n de alta definici\u00f3n, colores vivos, reproducci\u00f3n fiel del color, respuesta r\u00e1pida, sin parpadeos ni retardos<br \/>\nCosturas sin costuras, un espect\u00e1culo visual de alta definici\u00f3n<br \/>\nLa estructura de alta precisi\u00f3n de la unidad de visualizaci\u00f3n garantiza una distancia entre p\u00edxeles uniforme, un cosido sin costuras y un brillo y color uniformes.<br \/>\nGran \u00e1ngulo de visi\u00f3n, sin desenfoque<br \/>\nVisualizaci\u00f3n uniforme desde todos los \u00e1ngulos, n\u00edtida y natural, sin dominantes de color ni distorsiones, para ofrecer una experiencia visual extraordinaria.<\/p>\n<p><strong>Escenario de aplicaci\u00f3n<\/strong><\/p>\n<p><img fetchpriority=\"high\" decoding=\"async\" class=\"alignnone size-medium wp-image-8802\" src=\"https:\/\/arben-vision.com\/wp-content\/uploads\/2025\/08\/\u8d44\u6e90-49@4x-300x241.png\" alt=\"\" width=\"300\" height=\"241\" srcset=\"https:\/\/arben-vision.com\/wp-content\/uploads\/2025\/08\/\u8d44\u6e90-49@4x-300x241.png 300w, https:\/\/arben-vision.com\/wp-content\/uploads\/2025\/08\/\u8d44\u6e90-49@4x-15x12.png 15w, https:\/\/arben-vision.com\/wp-content\/uploads\/2025\/08\/\u8d44\u6e90-49@4x-370x297.png 370w, https:\/\/arben-vision.com\/wp-content\/uploads\/2025\/08\/\u8d44\u6e90-49@4x-410x329.png 410w, https:\/\/arben-vision.com\/wp-content\/uploads\/2025\/08\/\u8d44\u6e90-49@4x.png 481w\" sizes=\"(max-width: 300px) 100vw, 300px\" \/> <img decoding=\"async\" class=\"alignnone size-medium wp-image-8805\" src=\"https:\/\/arben-vision.com\/wp-content\/uploads\/2025\/08\/\u8d44\u6e90-52@4x-300x241.png\" alt=\"\" width=\"300\" height=\"241\" srcset=\"https:\/\/arben-vision.com\/wp-content\/uploads\/2025\/08\/\u8d44\u6e90-52@4x-300x241.png 300w, https:\/\/arben-vision.com\/wp-content\/uploads\/2025\/08\/\u8d44\u6e90-52@4x-15x12.png 15w, https:\/\/arben-vision.com\/wp-content\/uploads\/2025\/08\/\u8d44\u6e90-52@4x-370x298.png 370w, https:\/\/arben-vision.com\/wp-content\/uploads\/2025\/08\/\u8d44\u6e90-52@4x-410x330.png 410w, https:\/\/arben-vision.com\/wp-content\/uploads\/2025\/08\/\u8d44\u6e90-52@4x.png 480w\" sizes=\"(max-width: 300px) 100vw, 300px\" \/> <img decoding=\"async\" class=\"alignnone size-medium wp-image-8803\" src=\"https:\/\/arben-vision.com\/wp-content\/uploads\/2025\/08\/\u8d44\u6e90-50@4x-300x241.png\" alt=\"\" width=\"300\" height=\"241\" srcset=\"https:\/\/arben-vision.com\/wp-content\/uploads\/2025\/08\/\u8d44\u6e90-50@4x-300x241.png 300w, https:\/\/arben-vision.com\/wp-content\/uploads\/2025\/08\/\u8d44\u6e90-50@4x-15x12.png 15w, https:\/\/arben-vision.com\/wp-content\/uploads\/2025\/08\/\u8d44\u6e90-50@4x-370x298.png 370w, https:\/\/arben-vision.com\/wp-content\/uploads\/2025\/08\/\u8d44\u6e90-50@4x-410x330.png 410w, https:\/\/arben-vision.com\/wp-content\/uploads\/2025\/08\/\u8d44\u6e90-50@4x.png 480w\" sizes=\"(max-width: 300px) 100vw, 300px\" \/> <img loading=\"lazy\" decoding=\"async\" class=\"alignnone size-medium wp-image-8804\" src=\"https:\/\/arben-vision.com\/wp-content\/uploads\/2025\/08\/\u8d44\u6e90-51@4x-300x241.png\" alt=\"\" width=\"300\" height=\"241\" srcset=\"https:\/\/arben-vision.com\/wp-content\/uploads\/2025\/08\/\u8d44\u6e90-51@4x-300x241.png 300w, https:\/\/arben-vision.com\/wp-content\/uploads\/2025\/08\/\u8d44\u6e90-51@4x-15x12.png 15w, https:\/\/arben-vision.com\/wp-content\/uploads\/2025\/08\/\u8d44\u6e90-51@4x-370x297.png 370w, https:\/\/arben-vision.com\/wp-content\/uploads\/2025\/08\/\u8d44\u6e90-51@4x-410x329.png 410w, https:\/\/arben-vision.com\/wp-content\/uploads\/2025\/08\/\u8d44\u6e90-51@4x.png 481w\" sizes=\"(max-width: 300px) 100vw, 300px\" \/><\/p>\n<p><strong> Par\u00e1metros t\u00e9cnicos<\/strong><\/p>\n<table style=\"border-collapse: collapse; width: 558.77pt;\" border=\"0\" width=\"745\" cellspacing=\"0\" cellpadding=\"0\">\n<tbody>\n<tr style=\"height: 28.00pt;\">\n<td class=\"et2\" style=\"height: 28.00pt; width: 105.00pt;\" width=\"140\" height=\"37\">Modelo de producto<\/td>\n<td class=\"et2\" style=\"width: 86.25pt;\" width=\"115\">P0.62<\/td>\n<td class=\"et2\" style=\"width: 73.50pt;\" width=\"98\">P0.78<\/td>\n<td class=\"et2\" style=\"width: 73.50pt;\" width=\"98\">P0.93<\/td>\n<td class=\"et2\" style=\"width: 73.50pt;\" width=\"98\">P1.25<\/td>\n<td class=\"et2\" style=\"width: 73.50pt;\" width=\"98\">P1.56<\/td>\n<td class=\"et2\" style=\"width: 73.50pt;\" width=\"98\">P1.87<\/td>\n<\/tr>\n<tr style=\"height: 40.50pt;\">\n<td class=\"et2\" style=\"height: 40.50pt; width: 105.00pt;\" width=\"140\" height=\"54\">Resoluci\u00f3n del m\u00f3dulo (ancho \u00d7 alto, puntos)<\/td>\n<td class=\"et3\" style=\"width: 86.25pt;\" width=\"115\">483.5\u00d7540<\/td>\n<td class=\"et3\" style=\"width: 73.50pt;\" width=\"98\">384\u00d7432<\/td>\n<td class=\"et3\" style=\"width: 73.50pt;\" width=\"98\">320\u00d7360<\/td>\n<td class=\"et3\" style=\"width: 73.50pt;\" width=\"98\">240\u00d7270<\/td>\n<td class=\"et3\" style=\"width: 73.50pt;\" width=\"98\">192\u00d7216<\/td>\n<td class=\"et3\" style=\"width: 73.50pt;\" width=\"98\">160\u00d7180<\/td>\n<\/tr>\n<tr style=\"height: 27.00pt;\">\n<td class=\"et2\" style=\"height: 27.00pt; width: 105.00pt;\" width=\"140\" height=\"36\">Tama\u00f1o del m\u00f3dulo (mm)<\/td>\n<td class=\"et3\" style=\"width: 86.25pt;\" width=\"115\">300\u00d7337.5<\/td>\n<td class=\"et3\" style=\"width: 73.50pt;\" width=\"98\">300\u00d7337.5<\/td>\n<td class=\"et3\" style=\"width: 73.50pt;\" width=\"98\">300\u00d7337.5<\/td>\n<td class=\"et3\" style=\"width: 73.50pt;\" width=\"98\">300\u00d7337.5<\/td>\n<td class=\"et3\" style=\"width: 73.50pt;\" width=\"98\">300\u00d7337.5<\/td>\n<td class=\"et3\" style=\"width: 73.50pt;\" width=\"98\">300\u00d7337.5<\/td>\n<\/tr>\n<tr style=\"height: 40.50pt;\">\n<td class=\"et2\" style=\"height: 40.50pt; width: 105.00pt;\" width=\"140\" height=\"54\">Unidad Composici\u00f3n del m\u00f3dulo (An\u00d7Al)<\/td>\n<td class=\"et3\" style=\"width: 86.25pt;\" width=\"115\">2\u00d71<\/td>\n<td class=\"et3\" style=\"width: 73.50pt;\" width=\"98\">2\u00d71<\/td>\n<td class=\"et3\" style=\"width: 73.50pt;\" width=\"98\">2\u00d71<\/td>\n<td class=\"et3\" style=\"width: 73.50pt;\" width=\"98\">2\u00d71<\/td>\n<td class=\"et3\" style=\"width: 73.50pt;\" width=\"98\">2\u00d71<\/td>\n<td class=\"et3\" style=\"width: 73.50pt;\" width=\"98\">2\u00d71<\/td>\n<\/tr>\n<tr style=\"height: 27.00pt;\">\n<td class=\"et2\" style=\"height: 27.00pt; width: 105.00pt;\" width=\"140\" height=\"36\">Tama\u00f1o del armario (An\u00d7Al\u00d7F, mm)<\/td>\n<td class=\"et3\" style=\"width: 86.25pt;\" width=\"115\">600\u00d7337.5\u00d760<\/td>\n<td class=\"et3\" style=\"width: 73.50pt;\" width=\"98\">600\u00d7337.5\u00d760<\/td>\n<td class=\"et3\" style=\"width: 73.50pt;\" width=\"98\">600\u00d7337.5\u00d760<\/td>\n<td class=\"et3\" style=\"width: 73.50pt;\" width=\"98\">600\u00d7337.5\u00d760<\/td>\n<td class=\"et3\" style=\"width: 73.50pt;\" width=\"98\">600\u00d7337.5\u00d760<\/td>\n<td class=\"et3\" style=\"width: 73.50pt;\" width=\"98\">600\u00d7337.5\u00d760<\/td>\n<\/tr>\n<tr style=\"height: 27.00pt;\">\n<td class=\"et2\" style=\"height: 27.00pt; width: 105.00pt;\" width=\"140\" height=\"36\">Peso del armario (KG\/unidad)<\/td>\n<td class=\"et3\" style=\"width: 86.25pt;\" width=\"115\">6<\/td>\n<td class=\"et3\" style=\"width: 73.50pt;\" width=\"98\">6<\/td>\n<td class=\"et3\" style=\"width: 73.50pt;\" width=\"98\">6<\/td>\n<td class=\"et3\" style=\"width: 73.50pt;\" width=\"98\">6<\/td>\n<td class=\"et3\" style=\"width: 73.50pt;\" width=\"98\">6<\/td>\n<td class=\"et3\" style=\"width: 73.50pt;\" width=\"98\">6<\/td>\n<\/tr>\n<tr style=\"height: 40.50pt;\">\n<td class=\"et2\" style=\"height: 40.50pt; width: 105.00pt;\" width=\"140\" height=\"54\">Resoluci\u00f3n del armario (p\u00edxeles)<\/td>\n<td class=\"et3\" style=\"width: 86.25pt;\" width=\"115\">967\u00d7540<\/td>\n<td class=\"et3\" style=\"width: 73.50pt;\" width=\"98\">768\u00d7432<\/td>\n<td class=\"et3\" style=\"width: 73.50pt;\" width=\"98\">640\u00d7360<\/td>\n<td class=\"et3\" style=\"width: 73.50pt;\" width=\"98\">480\u00d7270<\/td>\n<td class=\"et3\" style=\"width: 73.50pt;\" width=\"98\">384\u00d7216<\/td>\n<td class=\"et3\" style=\"width: 73.50pt;\" width=\"98\">320\u00d7180<\/td>\n<\/tr>\n<tr style=\"height: 27.00pt;\">\n<td class=\"et2\" style=\"height: 27.00pt; width: 105.00pt;\" width=\"140\" height=\"36\">Densidad de p\u00edxeles (p\u00edxeles\/m\u00b2)<\/td>\n<td class=\"et4\" style=\"width: 86.25pt;\" width=\"115\">2,560,000<\/td>\n<td class=\"et4\" style=\"width: 73.50pt;\" width=\"98\">1,643,524<\/td>\n<td class=\"et4\" style=\"width: 73.50pt;\" width=\"98\">1,137,778<\/td>\n<td class=\"et4\" style=\"width: 73.50pt;\" width=\"98\">640,000<\/td>\n<td class=\"et4\" style=\"width: 73.50pt;\" width=\"98\">409,600<\/td>\n<td class=\"et4\" style=\"width: 73.50pt;\" width=\"98\">284,444<\/td>\n<\/tr>\n<tr style=\"height: 26.00pt;\">\n<td class=\"et2\" style=\"height: 26.00pt; width: 105.00pt;\" width=\"140\" height=\"34\">Escala de grises<\/td>\n<td class=\"et3\" style=\"width: 86.25pt;\" width=\"115\">16 bits<\/td>\n<td class=\"et3\" style=\"width: 73.50pt;\" width=\"98\">16 bits<\/td>\n<td class=\"et3\" style=\"width: 73.50pt;\" width=\"98\">16 bits<\/td>\n<td class=\"et3\" style=\"width: 73.50pt;\" width=\"98\">16 bits<\/td>\n<td class=\"et3\" style=\"width: 73.50pt;\" width=\"98\">16 bits<\/td>\n<td class=\"et3\" style=\"width: 73.50pt;\" width=\"98\">16 bits<\/td>\n<\/tr>\n<tr style=\"height: 27.00pt;\">\n<td class=\"et2\" style=\"height: 27.00pt; width: 105.00pt;\" width=\"140\" height=\"36\">Frecuencia de actualizaci\u00f3n (Hz)<\/td>\n<td class=\"et3\" style=\"width: 86.25pt;\" width=\"115\">3840 Hz<\/td>\n<td class=\"et3\" style=\"width: 73.50pt;\" width=\"98\">3840 Hz<\/td>\n<td class=\"et3\" style=\"width: 73.50pt;\" width=\"98\">3840 Hz<\/td>\n<td class=\"et3\" style=\"width: 73.50pt;\" width=\"98\">3840 Hz<\/td>\n<td class=\"et3\" style=\"width: 73.50pt;\" width=\"98\">3840 Hz<\/td>\n<td class=\"et3\" style=\"width: 73.50pt;\" width=\"98\">3840 Hz<\/td>\n<\/tr>\n<tr style=\"height: 40.50pt;\">\n<td class=\"et2\" style=\"height: 40.50pt; width: 105.00pt;\" width=\"140\" height=\"54\">Almacenamiento de datos de calibraci\u00f3n<\/td>\n<td class=\"et3\" style=\"width: 86.25pt;\" width=\"115\">Datos almacenados en el grupo de m\u00f3dulos<\/td>\n<td class=\"et3\" style=\"width: 73.50pt;\" width=\"98\">Mismo<\/td>\n<td class=\"et3\" style=\"width: 73.50pt;\" width=\"98\">Mismo<\/td>\n<td class=\"et3\" style=\"width: 73.50pt;\" width=\"98\">Mismo<\/td>\n<td class=\"et3\" style=\"width: 73.50pt;\" width=\"98\">Mismo<\/td>\n<td class=\"et3\" style=\"width: 73.50pt;\" width=\"98\">Mismo<\/td>\n<\/tr>\n<tr style=\"height: 40.50pt;\">\n<td class=\"et2\" style=\"height: 40.50pt; width: 105.00pt;\" width=\"140\" height=\"54\">Luminosidad<\/td>\n<td class=\"et3\" style=\"width: 86.25pt;\" width=\"115\">50-600cd\/m\u00b2 (ajuste continuo)<\/td>\n<td class=\"et3\" style=\"width: 73.50pt;\" width=\"98\">Mismo<\/td>\n<td class=\"et3\" style=\"width: 73.50pt;\" width=\"98\">Mismo<\/td>\n<td class=\"et3\" style=\"width: 73.50pt;\" width=\"98\">Mismo<\/td>\n<td class=\"et3\" style=\"width: 73.50pt;\" width=\"98\">Mismo<\/td>\n<td class=\"et3\" style=\"width: 73.50pt;\" width=\"98\">Mismo<\/td>\n<\/tr>\n<tr style=\"height: 27.00pt;\">\n<td class=\"et2\" style=\"height: 27.00pt; width: 105.00pt;\" width=\"140\" height=\"36\">Temperatura de color<\/td>\n<td class=\"et3\" style=\"width: 86.25pt;\" width=\"115\">3200-9300K (ajustable)<\/td>\n<td class=\"et3\" style=\"width: 73.50pt;\" width=\"98\">Mismo<\/td>\n<td class=\"et3\" style=\"width: 73.50pt;\" width=\"98\">Mismo<\/td>\n<td class=\"et3\" style=\"width: 73.50pt;\" width=\"98\">Mismo<\/td>\n<td class=\"et3\" style=\"width: 73.50pt;\" width=\"98\">Mismo<\/td>\n<td class=\"et3\" style=\"width: 73.50pt;\" width=\"98\">Mismo<\/td>\n<\/tr>\n<tr style=\"height: 27.00pt;\">\n<td class=\"et2\" style=\"height: 27.00pt; width: 105.00pt;\" width=\"140\" height=\"36\">Uniformidad de brillo<\/td>\n<td class=\"et3\" style=\"width: 86.25pt;\" width=\"115\">\u226598%<\/td>\n<td class=\"et3\" style=\"width: 73.50pt;\" width=\"98\">\u226598%<\/td>\n<td class=\"et3\" style=\"width: 73.50pt;\" width=\"98\">\u226598%<\/td>\n<td class=\"et3\" style=\"width: 73.50pt;\" width=\"98\">\u226598%<\/td>\n<td class=\"et3\" style=\"width: 73.50pt;\" width=\"98\">\u226598%<\/td>\n<td class=\"et3\" style=\"width: 73.50pt;\" width=\"98\">\u226598%<\/td>\n<\/tr>\n<tr style=\"height: 40.50pt;\">\n<td class=\"et2\" style=\"height: 40.50pt; width: 105.00pt;\" width=\"140\" height=\"54\">\u00c1ngulo de visi\u00f3n (horizontal\/vertical)<\/td>\n<td class=\"et3\" style=\"width: 86.25pt;\" width=\"115\">\u2265170\u00b0<\/td>\n<td class=\"et3\" style=\"width: 73.50pt;\" width=\"98\">\u2265170\u00b0<\/td>\n<td class=\"et3\" style=\"width: 73.50pt;\" width=\"98\">\u2265170\u00b0<\/td>\n<td class=\"et3\" style=\"width: 73.50pt;\" width=\"98\">\u2265170\u00b0<\/td>\n<td class=\"et3\" style=\"width: 73.50pt;\" width=\"98\">\u2265170\u00b0<\/td>\n<td class=\"et3\" style=\"width: 73.50pt;\" width=\"98\">\u2265170\u00b0<\/td>\n<\/tr>\n<tr style=\"height: 13.50pt;\">\n<td class=\"et2\" style=\"height: 13.50pt; width: 105.00pt;\" width=\"140\" height=\"18\">Relaci\u00f3n de contraste<\/td>\n<td class=\"et3\" style=\"width: 86.25pt;\" width=\"115\">\u22658500:1<\/td>\n<td class=\"et3\" style=\"width: 73.50pt;\" width=\"98\">Mismo<\/td>\n<td class=\"et3\" style=\"width: 73.50pt;\" width=\"98\">Mismo<\/td>\n<td class=\"et3\" style=\"width: 73.50pt;\" width=\"98\">Mismo<\/td>\n<td class=\"et3\" style=\"width: 73.50pt;\" width=\"98\">Mismo<\/td>\n<td class=\"et3\" style=\"width: 73.50pt;\" width=\"98\">Mismo<\/td>\n<\/tr>\n<tr style=\"height: 40.50pt;\">\n<td class=\"et2\" style=\"height: 40.50pt; width: 105.00pt;\" width=\"140\" height=\"54\">Pico de consumo (W\/m\u00b2)<\/td>\n<td class=\"et3\" style=\"width: 86.25pt;\" width=\"115\">\u2264650<\/td>\n<td class=\"et3\" style=\"width: 73.50pt;\" width=\"98\">\u2264650<\/td>\n<td class=\"et3\" style=\"width: 73.50pt;\" width=\"98\">\u2264650<\/td>\n<td class=\"et3\" style=\"width: 73.50pt;\" width=\"98\">\u2264650<\/td>\n<td class=\"et3\" style=\"width: 73.50pt;\" width=\"98\">\u2264650<\/td>\n<td class=\"et3\" style=\"width: 73.50pt;\" width=\"98\">\u2264650<\/td>\n<\/tr>\n<tr style=\"height: 40.50pt;\">\n<td class=\"et2\" style=\"height: 40.50pt; width: 105.00pt;\" width=\"140\" height=\"54\">Consumo medio (W\/m\u00b2)<\/td>\n<td class=\"et3\" style=\"width: 86.25pt;\" width=\"115\">\u2264260<\/td>\n<td class=\"et3\" style=\"width: 73.50pt;\" width=\"98\">\u2264260<\/td>\n<td class=\"et3\" style=\"width: 73.50pt;\" width=\"98\">\u2264260<\/td>\n<td class=\"et3\" style=\"width: 73.50pt;\" width=\"98\">\u2264260<\/td>\n<td class=\"et3\" style=\"width: 73.50pt;\" width=\"98\">\u2264260<\/td>\n<td class=\"et3\" style=\"width: 73.50pt;\" width=\"98\">\u2264260<\/td>\n<\/tr>\n<tr style=\"height: 27.00pt;\">\n<td class=\"et2\" style=\"height: 27.00pt; width: 105.00pt;\" width=\"140\" height=\"36\">Requisitos de alimentaci\u00f3n<\/td>\n<td class=\"et3\" style=\"width: 86.25pt;\" width=\"115\">AC100-240V (50-60Hz)<\/td>\n<td class=\"et3\" style=\"width: 73.50pt;\" width=\"98\">Mismo<\/td>\n<td class=\"et3\" style=\"width: 73.50pt;\" width=\"98\">Mismo<\/td>\n<td class=\"et3\" style=\"width: 73.50pt;\" width=\"98\">Mismo<\/td>\n<td class=\"et3\" style=\"width: 73.50pt;\" width=\"98\">Mismo<\/td>\n<td class=\"et3\" style=\"width: 73.50pt;\" width=\"98\">Mismo<\/td>\n<\/tr>\n<tr style=\"height: 27.00pt;\">\n<td class=\"et2\" style=\"height: 27.00pt; width: 105.00pt;\" width=\"140\" height=\"36\">Frecuencia de conversi\u00f3n (Hz)<\/td>\n<td class=\"et3\" style=\"width: 86.25pt;\" width=\"115\">50 &amp; 60<\/td>\n<td class=\"et3\" style=\"width: 73.50pt;\" width=\"98\">Mismo<\/td>\n<td class=\"et3\" style=\"width: 73.50pt;\" width=\"98\">Mismo<\/td>\n<td class=\"et3\" style=\"width: 73.50pt;\" width=\"98\">Mismo<\/td>\n<td class=\"et3\" style=\"width: 73.50pt;\" width=\"98\">Mismo<\/td>\n<td class=\"et3\" style=\"width: 73.50pt;\" width=\"98\">Mismo<\/td>\n<\/tr>\n<tr style=\"height: 13.50pt;\">\n<td class=\"et2\" style=\"height: 13.50pt; width: 105.00pt;\" width=\"140\" height=\"18\">Costura del m\u00f3dulo<\/td>\n<td class=\"et3\" style=\"width: 86.25pt;\" width=\"115\">\u22640,1 mm<\/td>\n<td class=\"et3\" style=\"width: 73.50pt;\" width=\"98\">\u22640,1 mm<\/td>\n<td class=\"et3\" style=\"width: 73.50pt;\" width=\"98\">\u22640,1 mm<\/td>\n<td class=\"et3\" style=\"width: 73.50pt;\" width=\"98\">\u22640,1 mm<\/td>\n<td class=\"et3\" style=\"width: 73.50pt;\" width=\"98\">\u22640,1 mm<\/td>\n<td class=\"et3\" style=\"width: 73.50pt;\" width=\"98\">\u22640,1 mm<\/td>\n<\/tr>\n<tr style=\"height: 27.00pt;\">\n<td class=\"et2\" style=\"height: 27.00pt; width: 105.00pt;\" width=\"140\" height=\"36\">Material del armario<\/td>\n<td class=\"et3\" style=\"width: 86.25pt;\" width=\"115\">Aluminio fundido a presi\u00f3n<\/td>\n<td class=\"et3\" style=\"width: 73.50pt;\" width=\"98\">Mismo<\/td>\n<td class=\"et3\" style=\"width: 73.50pt;\" width=\"98\">Mismo<\/td>\n<td class=\"et3\" style=\"width: 73.50pt;\" width=\"98\">Mismo<\/td>\n<td class=\"et3\" style=\"width: 73.50pt;\" width=\"98\">Mismo<\/td>\n<td class=\"et3\" style=\"width: 73.50pt;\" width=\"98\">Mismo<\/td>\n<\/tr>\n<tr style=\"height: 54.00pt;\">\n<td class=\"et2\" style=\"height: 54.00pt; width: 105.00pt;\" width=\"140\" height=\"72\">Temperatura y humedad de funcionamiento<\/td>\n<td class=\"et3\" style=\"width: 86.25pt;\" width=\"115\">-20-60\u00b0C \/ 10%-85% HR (sin condensaci\u00f3n)<\/td>\n<td class=\"et3\" style=\"width: 73.50pt;\" width=\"98\">Mismo<\/td>\n<td class=\"et3\" style=\"width: 73.50pt;\" width=\"98\">Mismo<\/td>\n<td class=\"et3\" style=\"width: 73.50pt;\" width=\"98\">Mismo<\/td>\n<td class=\"et3\" style=\"width: 73.50pt;\" width=\"98\">Mismo<\/td>\n<td class=\"et3\" style=\"width: 73.50pt;\" width=\"98\">Mismo<\/td>\n<\/tr>\n<\/tbody>\n<\/table>","protected":false},"excerpt":{"rendered":"<p>Las pantallas de la serie COB (Chip on Board) representan un avance de vanguardia en la tecnolog\u00eda LED y ofrecen un rendimiento visual, una durabilidad y una eficiencia energ\u00e9tica superiores. Estas pantallas integran chips de LED directamente en los sustratos, eliminando los m\u00e9todos de embalaje tradicionales para lograr im\u00e1genes de alta resoluci\u00f3n sin fisuras. A continuaci\u00f3n encontrar\u00e1 una descripci\u00f3n completa de las pantallas de la serie COB, incluidas sus caracter\u00edsticas, ventajas y aplicaciones.<\/p>","protected":false},"featured_media":8808,"template":"","meta":[],"product_brand":[],"product_cat":[148,150,124],"product_tag":[],"class_list":{"0":"post-8801","1":"product","2":"type-product","3":"status-publish","4":"has-post-thumbnail","6":"product_cat-cob-led-series","7":"product_cat-flexible-leds","8":"product_cat-indoor-fine-pitch-leds","10":"first","11":"instock","12":"shipping-taxable","13":"product-type-simple"},"_links":{"self":[{"href":"https:\/\/arben-vision.com\/es\/wp-json\/wp\/v2\/product\/8801","targetHints":{"allow":["GET"]}}],"collection":[{"href":"https:\/\/arben-vision.com\/es\/wp-json\/wp\/v2\/product"}],"about":[{"href":"https:\/\/arben-vision.com\/es\/wp-json\/wp\/v2\/types\/product"}],"version-history":[{"count":4,"href":"https:\/\/arben-vision.com\/es\/wp-json\/wp\/v2\/product\/8801\/revisions"}],"predecessor-version":[{"id":8818,"href":"https:\/\/arben-vision.com\/es\/wp-json\/wp\/v2\/product\/8801\/revisions\/8818"}],"wp:featuredmedia":[{"embeddable":true,"href":"https:\/\/arben-vision.com\/es\/wp-json\/wp\/v2\/media\/8808"}],"wp:attachment":[{"href":"https:\/\/arben-vision.com\/es\/wp-json\/wp\/v2\/media?parent=8801"}],"wp:term":[{"taxonomy":"product_brand","embeddable":true,"href":"https:\/\/arben-vision.com\/es\/wp-json\/wp\/v2\/product_brand?post=8801"},{"taxonomy":"product_cat","embeddable":true,"href":"https:\/\/arben-vision.com\/es\/wp-json\/wp\/v2\/product_cat?post=8801"},{"taxonomy":"product_tag","embeddable":true,"href":"https:\/\/arben-vision.com\/es\/wp-json\/wp\/v2\/product_tag?post=8801"}],"curies":[{"name":"wp","href":"https:\/\/api.w.org\/{rel}","templated":true}]}}