{"id":8781,"date":"2025-07-28T14:14:27","date_gmt":"2025-07-28T14:14:27","guid":{"rendered":"https:\/\/arben-vision.com\/?post_type=product&#038;p=8781"},"modified":"2025-07-28T14:37:59","modified_gmt":"2025-07-28T14:37:59","slug":"flexible-rental-display-screen","status":"publish","type":"product","link":"https:\/\/arben-vision.com\/es\/producto\/flexible-rental-display-screen\/","title":{"rendered":"Pantalla de alquiler flexible"},"content":{"rendered":"<p><strong>Ventajas del producto<\/strong><br \/>\n1.Altamente creativo, capaz de formar figuras como c\u00edrculos, arcos, \u00e1rboles y l\u00edneas verticales.<br \/>\n2.Puede dise\u00f1arse para girar, balancearse, rodar, etc. seg\u00fan las necesidades espec\u00edficas.<br \/>\n3.Adopta tecnolog\u00eda de escaneado distribuido y dise\u00f1o modular, por lo que presume de mayor fiabilidad y estabilidad.\"<br \/>\n4.Fuerte adsorci\u00f3n magn\u00e9tica, f\u00e1cil de instalar, c\u00f3modo de mantener\"<br \/>\n5.Utilizando materiales especiales y tecnolog\u00eda avanzada, es ultrafino y ultraligero, con un solo m\u00f3dulo que pesa s\u00f3lo 100 gramos\".<\/p>\n<p><strong> Escenario de aplicaci\u00f3n<\/strong><\/p>\n<p><img fetchpriority=\"high\" decoding=\"async\" class=\"alignnone size-medium wp-image-8782\" src=\"https:\/\/arben-vision.com\/wp-content\/uploads\/2025\/07\/\u8d44\u6e90-43@4x-300x241.png\" alt=\"\" width=\"300\" height=\"241\" srcset=\"https:\/\/arben-vision.com\/wp-content\/uploads\/2025\/07\/\u8d44\u6e90-43@4x-300x241.png 300w, https:\/\/arben-vision.com\/wp-content\/uploads\/2025\/07\/\u8d44\u6e90-43@4x-15x12.png 15w, https:\/\/arben-vision.com\/wp-content\/uploads\/2025\/07\/\u8d44\u6e90-43@4x-370x298.png 370w, https:\/\/arben-vision.com\/wp-content\/uploads\/2025\/07\/\u8d44\u6e90-43@4x-410x330.png 410w, https:\/\/arben-vision.com\/wp-content\/uploads\/2025\/07\/\u8d44\u6e90-43@4x.png 557w\" sizes=\"(max-width: 300px) 100vw, 300px\" \/> <img decoding=\"async\" class=\"alignnone size-medium wp-image-8783\" src=\"https:\/\/arben-vision.com\/wp-content\/uploads\/2025\/07\/\u8d44\u6e90-44@4x-300x241.png\" alt=\"\" width=\"300\" height=\"241\" srcset=\"https:\/\/arben-vision.com\/wp-content\/uploads\/2025\/07\/\u8d44\u6e90-44@4x-300x241.png 300w, https:\/\/arben-vision.com\/wp-content\/uploads\/2025\/07\/\u8d44\u6e90-44@4x-15x12.png 15w, https:\/\/arben-vision.com\/wp-content\/uploads\/2025\/07\/\u8d44\u6e90-44@4x-370x298.png 370w, https:\/\/arben-vision.com\/wp-content\/uploads\/2025\/07\/\u8d44\u6e90-44@4x-410x330.png 410w, https:\/\/arben-vision.com\/wp-content\/uploads\/2025\/07\/\u8d44\u6e90-44@4x.png 557w\" sizes=\"(max-width: 300px) 100vw, 300px\" \/> <img decoding=\"async\" class=\"alignnone size-medium wp-image-8784\" src=\"https:\/\/arben-vision.com\/wp-content\/uploads\/2025\/07\/\u8d44\u6e90-45@4x-300x241.png\" alt=\"\" width=\"300\" height=\"241\" srcset=\"https:\/\/arben-vision.com\/wp-content\/uploads\/2025\/07\/\u8d44\u6e90-45@4x-300x241.png 300w, https:\/\/arben-vision.com\/wp-content\/uploads\/2025\/07\/\u8d44\u6e90-45@4x-15x12.png 15w, https:\/\/arben-vision.com\/wp-content\/uploads\/2025\/07\/\u8d44\u6e90-45@4x-370x298.png 370w, https:\/\/arben-vision.com\/wp-content\/uploads\/2025\/07\/\u8d44\u6e90-45@4x-410x330.png 410w, https:\/\/arben-vision.com\/wp-content\/uploads\/2025\/07\/\u8d44\u6e90-45@4x.png 557w\" sizes=\"(max-width: 300px) 100vw, 300px\" \/><\/p>\n<p><strong>Par\u00e1metros t\u00e9cnicos<\/strong><\/p>\n<table style=\"height:auto;width:100%\">\n<thead data-sentry-component=\"CustomThead\" data-sentry-source-file=\"index.tsx\">\n<tr data-sentry-component=\"CustomTr\" data-sentry-source-file=\"index.tsx\">\n<th data-sentry-component=\"CustomTh\" data-sentry-source-file=\"index.tsx\"><strong data-sourcepos=\"1:3-1:20\">Modelo de producto<\/strong><\/th>\n<th data-sentry-component=\"CustomTh\" data-sentry-source-file=\"index.tsx\">P2.6<\/th>\n<th data-sentry-component=\"CustomTh\" data-sentry-source-file=\"index.tsx\">P2.976<\/th>\n<th data-sentry-component=\"CustomTh\" data-sentry-source-file=\"index.tsx\">P3.91<\/th>\n<th data-sentry-component=\"CustomTh\" data-sentry-source-file=\"index.tsx\">P4.81<\/th>\n<th data-sentry-component=\"CustomTh\" data-sentry-source-file=\"index.tsx\">P3.91<\/th>\n<th data-sentry-component=\"CustomTh\" data-sentry-source-file=\"index.tsx\">P4.81<\/th>\n<\/tr>\n<\/thead>\n<tbody data-sentry-component=\"CustomTbody\" data-sentry-source-file=\"index.tsx\">\n<tr data-sentry-component=\"CustomTr\" data-sentry-source-file=\"index.tsx\">\n<td data-sentry-component=\"CustomTd\" data-sentry-source-file=\"index.tsx\"><strong data-sourcepos=\"3:3-3:18\">Aplicaci\u00f3n<\/strong><\/td>\n<td data-sentry-component=\"CustomTd\" data-sentry-source-file=\"index.tsx\">Interior<\/td>\n<td data-sentry-component=\"CustomTd\" data-sentry-source-file=\"index.tsx\">Interior<\/td>\n<td data-sentry-component=\"CustomTd\" data-sentry-source-file=\"index.tsx\">Interior<\/td>\n<td data-sentry-component=\"CustomTd\" data-sentry-source-file=\"index.tsx\">Interior<\/td>\n<td data-sentry-component=\"CustomTd\" data-sentry-source-file=\"index.tsx\">En el exterior<\/td>\n<td data-sentry-component=\"CustomTd\" data-sentry-source-file=\"index.tsx\">En el exterior<\/td>\n<\/tr>\n<tr data-sentry-component=\"CustomTr\" data-sentry-source-file=\"index.tsx\">\n<td data-sentry-component=\"CustomTd\" data-sentry-source-file=\"index.tsx\"><strong data-sourcepos=\"4:3-4:23\">Tipo de paquete LED<\/strong><\/td>\n<td data-sentry-component=\"CustomTd\" data-sentry-source-file=\"index.tsx\">SMD 1515<\/td>\n<td data-sentry-component=\"CustomTd\" data-sentry-source-file=\"index.tsx\">SMD 1515<\/td>\n<td data-sentry-component=\"CustomTd\" data-sentry-source-file=\"index.tsx\">DMS 2020<\/td>\n<td data-sentry-component=\"CustomTd\" data-sentry-source-file=\"index.tsx\">DMS 2020<\/td>\n<td data-sentry-component=\"CustomTd\" data-sentry-source-file=\"index.tsx\">SMD 1921<\/td>\n<td data-sentry-component=\"CustomTd\" data-sentry-source-file=\"index.tsx\">SMD 1921<\/td>\n<\/tr>\n<tr data-sentry-component=\"CustomTr\" data-sentry-source-file=\"index.tsx\">\n<td data-sentry-component=\"CustomTd\" data-sentry-source-file=\"index.tsx\"><strong data-sourcepos=\"5:3-5:16\">Color LED<\/strong><\/td>\n<td data-sentry-component=\"CustomTd\" data-sentry-source-file=\"index.tsx\">IRIGIB<\/td>\n<td data-sentry-component=\"CustomTd\" data-sentry-source-file=\"index.tsx\">IRIGIB<\/td>\n<td data-sentry-component=\"CustomTd\" data-sentry-source-file=\"index.tsx\">IRIGIB<\/td>\n<td data-sentry-component=\"CustomTd\" data-sentry-source-file=\"index.tsx\">IRIGIB<\/td>\n<td data-sentry-component=\"CustomTd\" data-sentry-source-file=\"index.tsx\">IRIGIB<\/td>\n<td data-sentry-component=\"CustomTd\" data-sentry-source-file=\"index.tsx\">IRIGIB<\/td>\n<\/tr>\n<tr data-sentry-component=\"CustomTr\" data-sentry-source-file=\"index.tsx\">\n<td data-sentry-component=\"CustomTd\" data-sentry-source-file=\"index.tsx\"><strong data-sourcepos=\"6:3-6:23\">Paso de p\u00edxeles (mm)<\/strong><\/td>\n<td data-sentry-component=\"CustomTd\" data-sentry-source-file=\"index.tsx\">2.6<\/td>\n<td data-sentry-component=\"CustomTd\" data-sentry-source-file=\"index.tsx\">2.976<\/td>\n<td data-sentry-component=\"CustomTd\" data-sentry-source-file=\"index.tsx\">3.91<\/td>\n<td data-sentry-component=\"CustomTd\" data-sentry-source-file=\"index.tsx\">4.81<\/td>\n<td data-sentry-component=\"CustomTd\" data-sentry-source-file=\"index.tsx\">3.91<\/td>\n<td data-sentry-component=\"CustomTd\" data-sentry-source-file=\"index.tsx\">4.81<\/td>\n<\/tr>\n<tr data-sentry-component=\"CustomTr\" data-sentry-source-file=\"index.tsx\">\n<td data-sentry-component=\"CustomTd\" data-sentry-source-file=\"index.tsx\"><strong data-sourcepos=\"7:3-7:23\">Tama\u00f1o del m\u00f3dulo (mm)<\/strong><\/td>\n<td data-sentry-component=\"CustomTd\" data-sentry-source-file=\"index.tsx\">250\u00d7250<\/td>\n<td data-sentry-component=\"CustomTd\" data-sentry-source-file=\"index.tsx\">250\u00d7250<\/td>\n<td data-sentry-component=\"CustomTd\" data-sentry-source-file=\"index.tsx\">250\u00d7250<\/td>\n<td data-sentry-component=\"CustomTd\" data-sentry-source-file=\"index.tsx\">250\u00d7250<\/td>\n<td data-sentry-component=\"CustomTd\" data-sentry-source-file=\"index.tsx\">250\u00d7250<\/td>\n<td data-sentry-component=\"CustomTd\" data-sentry-source-file=\"index.tsx\">250\u00d7250<\/td>\n<\/tr>\n<tr data-sentry-component=\"CustomTr\" data-sentry-source-file=\"index.tsx\">\n<td data-sentry-component=\"CustomTd\" data-sentry-source-file=\"index.tsx\"><strong data-sourcepos=\"8:3-8:25\">Resoluci\u00f3n del Consejo de Ministros<\/strong><\/td>\n<td data-sentry-component=\"CustomTd\" data-sentry-source-file=\"index.tsx\">96\u00d796<\/td>\n<td data-sentry-component=\"CustomTd\" data-sentry-source-file=\"index.tsx\">84\u00d784<\/td>\n<td data-sentry-component=\"CustomTd\" data-sentry-source-file=\"index.tsx\">64\u00d764<\/td>\n<td data-sentry-component=\"CustomTd\" data-sentry-source-file=\"index.tsx\">52\u00d752<\/td>\n<td data-sentry-component=\"CustomTd\" data-sentry-source-file=\"index.tsx\">64\u00d764<\/td>\n<td data-sentry-component=\"CustomTd\" data-sentry-source-file=\"index.tsx\">52\u00d752<\/td>\n<\/tr>\n<tr data-sentry-component=\"CustomTr\" data-sentry-source-file=\"index.tsx\">\n<td data-sentry-component=\"CustomTd\" data-sentry-source-file=\"index.tsx\"><strong data-sourcepos=\"9:3-9:24\">Tama\u00f1o del armario (mm)<\/strong><\/td>\n<td data-sentry-component=\"CustomTd\" data-sentry-source-file=\"index.tsx\">500(W)\u00d71000(H)\/500(W)\u00d7500(H)<\/td>\n<td data-sentry-component=\"CustomTd\" data-sentry-source-file=\"index.tsx\">500(W)\u00d71000(H)\/500(W)\u00d7500(H)<\/td>\n<td data-sentry-component=\"CustomTd\" data-sentry-source-file=\"index.tsx\">500(W)\u00d71000(H)\/500(W)\u00d7500(H)<\/td>\n<td data-sentry-component=\"CustomTd\" data-sentry-source-file=\"index.tsx\">500(W)\u00d71000(H)\/500(W)\u00d7500(H)<\/td>\n<td data-sentry-component=\"CustomTd\" data-sentry-source-file=\"index.tsx\">500(W)\u00d71000(H)\/500(W)\u00d7500(H)<\/td>\n<td data-sentry-component=\"CustomTd\" data-sentry-source-file=\"index.tsx\">500(W)\u00d71000(H)\/500(W)\u00d7500(H)<\/td>\n<\/tr>\n<tr data-sentry-component=\"CustomTr\" data-sentry-source-file=\"index.tsx\">\n<td data-sentry-component=\"CustomTd\" data-sentry-source-file=\"index.tsx\"><strong data-sourcepos=\"10:3-10:29\">Peso del armario (kg\/m\u00b2)<\/strong><\/td>\n<td data-sentry-component=\"CustomTd\" data-sentry-source-file=\"index.tsx\">15<\/td>\n<td data-sentry-component=\"CustomTd\" data-sentry-source-file=\"index.tsx\">15<\/td>\n<td data-sentry-component=\"CustomTd\" data-sentry-source-file=\"index.tsx\">15<\/td>\n<td data-sentry-component=\"CustomTd\" data-sentry-source-file=\"index.tsx\">15<\/td>\n<td data-sentry-component=\"CustomTd\" data-sentry-source-file=\"index.tsx\">17<\/td>\n<td data-sentry-component=\"CustomTd\" data-sentry-source-file=\"index.tsx\">17<\/td>\n<\/tr>\n<tr data-sentry-component=\"CustomTr\" data-sentry-source-file=\"index.tsx\">\n<td data-sentry-component=\"CustomTd\" data-sentry-source-file=\"index.tsx\"><strong data-sourcepos=\"11:3-11:20\">Densidad de p\u00edxeles<\/strong><\/td>\n<td data-sentry-component=\"CustomTd\" data-sentry-source-file=\"index.tsx\">147456<\/td>\n<td data-sentry-component=\"CustomTd\" data-sentry-source-file=\"index.tsx\">112896<\/td>\n<td data-sentry-component=\"CustomTd\" data-sentry-source-file=\"index.tsx\">65536<\/td>\n<td data-sentry-component=\"CustomTd\" data-sentry-source-file=\"index.tsx\">43264<\/td>\n<td data-sentry-component=\"CustomTd\" data-sentry-source-file=\"index.tsx\">65536<\/td>\n<td data-sentry-component=\"CustomTd\" data-sentry-source-file=\"index.tsx\">43264<\/td>\n<\/tr>\n<tr data-sentry-component=\"CustomTr\" data-sentry-source-file=\"index.tsx\">\n<td data-sentry-component=\"CustomTd\" data-sentry-source-file=\"index.tsx\"><strong data-sourcepos=\"12:3-12:23\">Material del armario<\/strong><\/td>\n<td data-sentry-component=\"CustomTd\" data-sentry-source-file=\"index.tsx\">Aluminio fundido a presi\u00f3n<\/td>\n<td data-sentry-component=\"CustomTd\" data-sentry-source-file=\"index.tsx\">Aluminio fundido a presi\u00f3n<\/td>\n<td data-sentry-component=\"CustomTd\" data-sentry-source-file=\"index.tsx\">Aluminio fundido a presi\u00f3n<\/td>\n<td data-sentry-component=\"CustomTd\" data-sentry-source-file=\"index.tsx\">Aluminio fundido a presi\u00f3n<\/td>\n<td data-sentry-component=\"CustomTd\" data-sentry-source-file=\"index.tsx\">Aluminio fundido a presi\u00f3n<\/td>\n<td data-sentry-component=\"CustomTd\" data-sentry-source-file=\"index.tsx\">Aluminio fundido a presi\u00f3n<\/td>\n<\/tr>\n<tr data-sentry-component=\"CustomTr\" data-sentry-source-file=\"index.tsx\">\n<td data-sentry-component=\"CustomTd\" data-sentry-source-file=\"index.tsx\"><strong data-sourcepos=\"13:3-13:28\">Temperatura de funcionamiento<\/strong><\/td>\n<td data-sentry-component=\"CustomTd\" data-sentry-source-file=\"index.tsx\">-10\u00b0C~60\u00b0C<\/td>\n<td data-sentry-component=\"CustomTd\" data-sentry-source-file=\"index.tsx\">-10\u00b0C~60\u00b0C<\/td>\n<td data-sentry-component=\"CustomTd\" data-sentry-source-file=\"index.tsx\">-10\u00b0C~60\u00b0C<\/td>\n<td data-sentry-component=\"CustomTd\" data-sentry-source-file=\"index.tsx\">-10\u00b0C~60\u00b0C<\/td>\n<td data-sentry-component=\"CustomTd\" data-sentry-source-file=\"index.tsx\">-10\u00b0C~60\u00b0C<\/td>\n<td data-sentry-component=\"CustomTd\" data-sentry-source-file=\"index.tsx\">-10\u00b0C~60\u00b0C<\/td>\n<\/tr>\n<tr data-sentry-component=\"CustomTr\" data-sentry-source-file=\"index.tsx\">\n<td data-sentry-component=\"CustomTd\" data-sentry-source-file=\"index.tsx\"><strong data-sourcepos=\"14:3-14:25\">Humedad de funcionamiento<\/strong><\/td>\n<td data-sentry-component=\"CustomTd\" data-sentry-source-file=\"index.tsx\">10%~90%<\/td>\n<td data-sentry-component=\"CustomTd\" data-sentry-source-file=\"index.tsx\">10%~90%<\/td>\n<td data-sentry-component=\"CustomTd\" data-sentry-source-file=\"index.tsx\">10%~90%<\/td>\n<td data-sentry-component=\"CustomTd\" data-sentry-source-file=\"index.tsx\">10%~90%<\/td>\n<td data-sentry-component=\"CustomTd\" data-sentry-source-file=\"index.tsx\">10%~90%<\/td>\n<td data-sentry-component=\"CustomTd\" data-sentry-source-file=\"index.tsx\">10%~90%<\/td>\n<\/tr>\n<tr data-sentry-component=\"CustomTr\" data-sentry-source-file=\"index.tsx\">\n<td data-sentry-component=\"CustomTd\" data-sentry-source-file=\"index.tsx\"><strong data-sourcepos=\"15:3-15:19\">Frecuencia de actualizaci\u00f3n<\/strong><\/td>\n<td data-sentry-component=\"CustomTd\" data-sentry-source-file=\"index.tsx\">3840 Hz<\/td>\n<td data-sentry-component=\"CustomTd\" data-sentry-source-file=\"index.tsx\">3840 Hz<\/td>\n<td data-sentry-component=\"CustomTd\" data-sentry-source-file=\"index.tsx\">3840 Hz<\/td>\n<td data-sentry-component=\"CustomTd\" data-sentry-source-file=\"index.tsx\">3840 Hz<\/td>\n<td data-sentry-component=\"CustomTd\" data-sentry-source-file=\"index.tsx\">3840 Hz<\/td>\n<td data-sentry-component=\"CustomTd\" data-sentry-source-file=\"index.tsx\">3840 Hz<\/td>\n<\/tr>\n<tr data-sentry-component=\"CustomTr\" data-sentry-source-file=\"index.tsx\">\n<td data-sentry-component=\"CustomTd\" data-sentry-source-file=\"index.tsx\"><strong data-sourcepos=\"16:3-16:24\">Brillo (nits)<\/strong><\/td>\n<td data-sentry-component=\"CustomTd\" data-sentry-source-file=\"index.tsx\">\u2265800<\/td>\n<td data-sentry-component=\"CustomTd\" data-sentry-source-file=\"index.tsx\">\u2265800<\/td>\n<td data-sentry-component=\"CustomTd\" data-sentry-source-file=\"index.tsx\">\u22651000<\/td>\n<td data-sentry-component=\"CustomTd\" data-sentry-source-file=\"index.tsx\">\u22651000<\/td>\n<td data-sentry-component=\"CustomTd\" data-sentry-source-file=\"index.tsx\">\u22655500<\/td>\n<td data-sentry-component=\"CustomTd\" data-sentry-source-file=\"index.tsx\">\u22655500<\/td>\n<\/tr>\n<tr data-sentry-component=\"CustomTr\" data-sentry-source-file=\"index.tsx\">\n<td data-sentry-component=\"CustomTd\" data-sentry-source-file=\"index.tsx\"><strong data-sourcepos=\"17:3-17:26\">\u00c1ngulo de visi\u00f3n (H\/V)<\/strong><\/td>\n<td data-sentry-component=\"CustomTd\" data-sentry-source-file=\"index.tsx\">160\u00b0\/160\u00b0<\/td>\n<td data-sentry-component=\"CustomTd\" data-sentry-source-file=\"index.tsx\">160\u00b0\/160\u00b0<\/td>\n<td data-sentry-component=\"CustomTd\" data-sentry-source-file=\"index.tsx\">160\u00b0\/160\u00b0<\/td>\n<td data-sentry-component=\"CustomTd\" data-sentry-source-file=\"index.tsx\">160\u00b0\/160\u00b0<\/td>\n<td data-sentry-component=\"CustomTd\" data-sentry-source-file=\"index.tsx\">160\u00b0\/160\u00b0<\/td>\n<td data-sentry-component=\"CustomTd\" data-sentry-source-file=\"index.tsx\">160\u00b0\/160\u00b0<\/td>\n<\/tr>\n<tr data-sentry-component=\"CustomTr\" data-sentry-source-file=\"index.tsx\">\n<td data-sentry-component=\"CustomTd\" data-sentry-source-file=\"index.tsx\"><strong data-sourcepos=\"18:3-18:17\">Frecuencia de imagen<\/strong><\/td>\n<td data-sentry-component=\"CustomTd\" data-sentry-source-file=\"index.tsx\">\u226550\/60<\/td>\n<td data-sentry-component=\"CustomTd\" data-sentry-source-file=\"index.tsx\">\u226550\/60<\/td>\n<td data-sentry-component=\"CustomTd\" data-sentry-source-file=\"index.tsx\">\u226550\/60<\/td>\n<td data-sentry-component=\"CustomTd\" data-sentry-source-file=\"index.tsx\">\u226550\/60<\/td>\n<td data-sentry-component=\"CustomTd\" data-sentry-source-file=\"index.tsx\">\u226550\/60<\/td>\n<td data-sentry-component=\"CustomTd\" data-sentry-source-file=\"index.tsx\">\u226550\/60<\/td>\n<\/tr>\n<tr data-sentry-component=\"CustomTr\" data-sentry-source-file=\"index.tsx\">\n<td data-sentry-component=\"CustomTd\" data-sentry-source-file=\"index.tsx\"><strong data-sourcepos=\"19:3-19:19\">Modo de control<\/strong><\/td>\n<td data-sentry-component=\"CustomTd\" data-sentry-source-file=\"index.tsx\">Sincr\u00f3nico\/Asincr\u00f3nico<\/td>\n<td data-sentry-component=\"CustomTd\" data-sentry-source-file=\"index.tsx\">Sincr\u00f3nico\/Asincr\u00f3nico<\/td>\n<td data-sentry-component=\"CustomTd\" data-sentry-source-file=\"index.tsx\">Sincr\u00f3nico<\/td>\n<td data-sentry-component=\"CustomTd\" data-sentry-source-file=\"index.tsx\">Sincr\u00f3nico<\/td>\n<td data-sentry-component=\"CustomTd\" data-sentry-source-file=\"index.tsx\">Sincr\u00f3nico\/Asincr\u00f3nico<\/td>\n<td data-sentry-component=\"CustomTd\" data-sentry-source-file=\"index.tsx\">Sincr\u00f3nico<\/td>\n<\/tr>\n<tr data-sentry-component=\"CustomTr\" data-sentry-source-file=\"index.tsx\">\n<td data-sentry-component=\"CustomTd\" data-sentry-source-file=\"index.tsx\"><strong data-sourcepos=\"20:3-20:19\">Fuente de alimentaci\u00f3n<\/strong><\/td>\n<td data-sentry-component=\"CustomTd\" data-sentry-source-file=\"index.tsx\">AC110\/220V<\/td>\n<td data-sentry-component=\"CustomTd\" data-sentry-source-file=\"index.tsx\">AC110\/220V<\/td>\n<td data-sentry-component=\"CustomTd\" data-sentry-source-file=\"index.tsx\">AC110\/220V<\/td>\n<td data-sentry-component=\"CustomTd\" data-sentry-source-file=\"index.tsx\">AC110\/220V<\/td>\n<td data-sentry-component=\"CustomTd\" data-sentry-source-file=\"index.tsx\">AC110\/220V<\/td>\n<td data-sentry-component=\"CustomTd\" data-sentry-source-file=\"index.tsx\">AC110\/220V<\/td>\n<\/tr>\n<tr data-sentry-component=\"CustomTr\" data-sentry-source-file=\"index.tsx\">\n<td data-sentry-component=\"CustomTd\" data-sentry-source-file=\"index.tsx\"><strong data-sourcepos=\"21:3-21:23\">Potencia m\u00e1xima (W\/m\u00b2)<\/strong><\/td>\n<td data-sentry-component=\"CustomTd\" data-sentry-source-file=\"index.tsx\">&lt;800<\/td>\n<td data-sentry-component=\"CustomTd\" data-sentry-source-file=\"index.tsx\">&lt;800<\/td>\n<td data-sentry-component=\"CustomTd\" data-sentry-source-file=\"index.tsx\">&lt;800<\/td>\n<td data-sentry-component=\"CustomTd\" data-sentry-source-file=\"index.tsx\">&lt;800<\/td>\n<td data-sentry-component=\"CustomTd\" data-sentry-source-file=\"index.tsx\">&lt;800<\/td>\n<td data-sentry-component=\"CustomTd\" data-sentry-source-file=\"index.tsx\">&lt;800<\/td>\n<\/tr>\n<tr data-sentry-component=\"CustomTr\" data-sentry-source-file=\"index.tsx\">\n<td data-sentry-component=\"CustomTd\" data-sentry-source-file=\"index.tsx\"><strong data-sourcepos=\"22:3-22:27\">Potencia media (W\/m\u00b2)<\/strong><\/td>\n<td data-sentry-component=\"CustomTd\" data-sentry-source-file=\"index.tsx\">&lt;180<\/td>\n<td data-sentry-component=\"CustomTd\" data-sentry-source-file=\"index.tsx\">&lt;180<\/td>\n<td data-sentry-component=\"CustomTd\" data-sentry-source-file=\"index.tsx\">&lt;180<\/td>\n<td data-sentry-component=\"CustomTd\" data-sentry-source-file=\"index.tsx\">&lt;180<\/td>\n<td data-sentry-component=\"CustomTd\" data-sentry-source-file=\"index.tsx\">&lt;250<\/td>\n<td data-sentry-component=\"CustomTd\" data-sentry-source-file=\"index.tsx\">&lt;180<\/td>\n<\/tr>\n<tr data-sentry-component=\"CustomTr\" data-sentry-source-file=\"index.tsx\">\n<td data-sentry-component=\"CustomTd\" data-sentry-source-file=\"index.tsx\"><strong data-sourcepos=\"23:3-23:15\">Vida \u00fatil<\/strong><\/td>\n<td data-sentry-component=\"CustomTd\" data-sentry-source-file=\"index.tsx\">&gt;100000h<\/td>\n<td data-sentry-component=\"CustomTd\" data-sentry-source-file=\"index.tsx\">&gt;100000h<\/td>\n<td data-sentry-component=\"CustomTd\" data-sentry-source-file=\"index.tsx\">&gt;100000h<\/td>\n<td data-sentry-component=\"CustomTd\" data-sentry-source-file=\"index.tsx\">&gt;100000h<\/td>\n<td data-sentry-component=\"CustomTd\" data-sentry-source-file=\"index.tsx\">&gt;100000h<\/td>\n<td data-sentry-component=\"CustomTd\" data-sentry-source-file=\"index.tsx\">&gt;100000h<\/td>\n<\/tr>\n<\/tbody>\n<\/table>","protected":false},"excerpt":{"rendered":"<p>Las pantallas flexibles de alquiler ofrecen soluciones ligeras y flexibles para eventos. F\u00e1ciles de instalar y transportar, se adaptan a superficies curvas y ofrecen im\u00e1genes vibrantes. Reutilizables y duraderas, son ideales para conciertos, exposiciones y montajes temporales, ya que combinan flexibilidad y alto rendimiento.<\/p>","protected":false},"featured_media":8785,"template":"","meta":[],"product_brand":[],"product_cat":[150,124,121,122],"product_tag":[],"class_list":{"0":"post-8781","1":"product","2":"type-product","3":"status-publish","4":"has-post-thumbnail","6":"product_cat-flexible-leds","7":"product_cat-indoor-fine-pitch-leds","8":"product_cat-outdoor-led-screens","9":"product_cat-rental-leds","11":"first","12":"instock","13":"shipping-taxable","14":"product-type-simple"},"_links":{"self":[{"href":"https:\/\/arben-vision.com\/es\/wp-json\/wp\/v2\/product\/8781","targetHints":{"allow":["GET"]}}],"collection":[{"href":"https:\/\/arben-vision.com\/es\/wp-json\/wp\/v2\/product"}],"about":[{"href":"https:\/\/arben-vision.com\/es\/wp-json\/wp\/v2\/types\/product"}],"version-history":[{"count":5,"href":"https:\/\/arben-vision.com\/es\/wp-json\/wp\/v2\/product\/8781\/revisions"}],"predecessor-version":[{"id":8789,"href":"https:\/\/arben-vision.com\/es\/wp-json\/wp\/v2\/product\/8781\/revisions\/8789"}],"wp:featuredmedia":[{"embeddable":true,"href":"https:\/\/arben-vision.com\/es\/wp-json\/wp\/v2\/media\/8785"}],"wp:attachment":[{"href":"https:\/\/arben-vision.com\/es\/wp-json\/wp\/v2\/media?parent=8781"}],"wp:term":[{"taxonomy":"product_brand","embeddable":true,"href":"https:\/\/arben-vision.com\/es\/wp-json\/wp\/v2\/product_brand?post=8781"},{"taxonomy":"product_cat","embeddable":true,"href":"https:\/\/arben-vision.com\/es\/wp-json\/wp\/v2\/product_cat?post=8781"},{"taxonomy":"product_tag","embeddable":true,"href":"https:\/\/arben-vision.com\/es\/wp-json\/wp\/v2\/product_tag?post=8781"}],"curies":[{"name":"wp","href":"https:\/\/api.w.org\/{rel}","templated":true}]}}