{"id":8763,"date":"2025-07-28T13:29:53","date_gmt":"2025-07-28T13:29:53","guid":{"rendered":"https:\/\/arben-vision.com\/?post_type=product&#038;p=8763"},"modified":"2025-07-28T13:39:34","modified_gmt":"2025-07-28T13:39:34","slug":"direct-drive-transparent-screen-series-rental","status":"publish","type":"product","link":"https:\/\/arben-vision.com\/es\/producto\/direct-drive-transparent-screen-series-rental\/","title":{"rendered":"Serie de pantallas transparentes de accionamiento directo - alquiler"},"content":{"rendered":"<p><strong>Ventajas del producto<\/strong><br \/>\n1. La primera pantalla transparente hologr\u00e1fica con el mismo espaciado entre p\u00edxeles, que ofrece el doble de claridad que las pantallas transparentes cuadriculadas.<br \/>\n2. Exclusivo en la industria, chip de controlador hecho a medida espec\u00edficamente para pantallas transparentes hologr\u00e1ficas, con una fiabilidad extremadamente alta; con una tecnolog\u00eda de vanguardia de 7680 Hz, que cumple los requisitos de rodaje virtual de nivel XR.<br \/>\n3. \u00danica en el sector, cada caja integra un sistema de control de un solo chip, ejecuta el sistema operativo inteligente Linux y adopta una sustituci\u00f3n de bajo coste de la conexi\u00f3n por cable de red gigabit, lo que permite satisfacer elevados requisitos de personalizaci\u00f3n en diversos escenarios.<br \/>\n4. Equipado con un cierre r\u00e1pido curvo est\u00e1ndar de 15\u00b0 y cierres r\u00e1pidos superior e inferior tensados, que permiten empalmes en \u00e1ngulo recto de 90\u00b0; f\u00e1cil de montar y r\u00e1pido de instalar.<\/p>\n<p><strong>Par\u00e1metros t\u00e9cnicos<\/strong><\/p>\n<table width=\"731\">\n<tbody>\n<tr>\n<td width=\"72\">modelo<\/td>\n<td width=\"149\">Espaciado entre p\u00edxeles<\/td>\n<td width=\"72\">Tipo de l\u00e1mpara<\/td>\n<td width=\"112\">Tama\u00f1o de la caja (cm)<\/td>\n<td width=\"72\">P\u00edxeles<\/td>\n<td width=\"110\">Brillo (nits\/m)<\/td>\n<td width=\"72\">Transparencia<\/td>\n<td width=\"72\">N\u00famero de escaneado<\/td>\n<\/tr>\n<tr>\n<td>R2.6-W<\/td>\n<td>2.6<\/td>\n<td>1010<\/td>\n<td>100&#215;50<\/td>\n<td>384&#215;192<\/td>\n<td>4200<\/td>\n<td>36%<\/td>\n<td>24<\/td>\n<\/tr>\n<tr>\n<td>R3.91-W<\/td>\n<td>3.91<\/td>\n<td>1415<\/td>\n<td>100&#215;50<\/td>\n<td>256&#215;128<\/td>\n<td>4800<\/td>\n<td>50%<\/td>\n<td>16<\/td>\n<\/tr>\n<tr>\n<td>R4.81-W<\/td>\n<td>4.81<\/td>\n<td>1415<\/td>\n<td>100&#215;50<\/td>\n<td>208&#215;104<\/td>\n<td>4500<\/td>\n<td>50%<\/td>\n<td>13<\/td>\n<\/tr>\n<\/tbody>\n<\/table>","protected":false},"excerpt":{"rendered":"<p><strong data-sourcepos=\"3:1-3:35\">Ideal para eventos din\u00e1micos<\/strong>Las pantallas LED transparentes de accionamiento directo ofrecen <strong data-sourcepos=\"3:80-3:111\">alta transparencia (55%-80%)<\/strong> al tiempo que ofrece <strong data-sourcepos=\"3:129-3:171\">im\u00e1genes vibrantes \u22654.500 nits de brillo<\/strong>, garantizando una integraci\u00f3n perfecta con las estructuras de cristal y los elementos arquitect\u00f3nicos. Dise\u00f1adas para la eficiencia en el alquiler, estas mamparas cuentan con <strong data-sourcepos=\"3:307-3:337\">armarios ultraligeros<\/strong> (desde 8,5 kg\/m\u00b2) y sin herramientas <strong data-sourcepos=\"3:373-3:391\">cerraduras magn\u00e9ticas<\/strong> para una instalaci\u00f3n r\u00e1pida. Su <strong data-sourcepos=\"3:422-3:440\">dise\u00f1o modular<\/strong> admite configuraciones curvas (\u00b115\u00b0 de arco) o en \u00e1ngulo de 90\u00b0, lo que permite realizar presentaciones creativas en conciertos, exposiciones y espacios comerciales. Con <strong data-sourcepos=\"3:575-3:602\">Estanqueidad IP65\/IP66<\/strong>, <strong data-sourcepos=\"3:604-3:637\">acceso de mantenimiento delantero\/trasero<\/strong>y un funcionamiento energ\u00e9ticamente eficiente, combinan durabilidad con versatilidad plug-and-play para instalaciones temporales de gran impacto.<\/p>","protected":false},"featured_media":8764,"template":"","meta":[],"product_brand":[],"product_cat":[149],"product_tag":[],"class_list":{"0":"post-8763","1":"product","2":"type-product","3":"status-publish","4":"has-post-thumbnail","6":"product_cat-direct-drive-leds","8":"first","9":"instock","10":"shipping-taxable","11":"product-type-simple"},"_links":{"self":[{"href":"https:\/\/arben-vision.com\/es\/wp-json\/wp\/v2\/product\/8763","targetHints":{"allow":["GET"]}}],"collection":[{"href":"https:\/\/arben-vision.com\/es\/wp-json\/wp\/v2\/product"}],"about":[{"href":"https:\/\/arben-vision.com\/es\/wp-json\/wp\/v2\/types\/product"}],"version-history":[{"count":3,"href":"https:\/\/arben-vision.com\/es\/wp-json\/wp\/v2\/product\/8763\/revisions"}],"predecessor-version":[{"id":8833,"href":"https:\/\/arben-vision.com\/es\/wp-json\/wp\/v2\/product\/8763\/revisions\/8833"}],"wp:featuredmedia":[{"embeddable":true,"href":"https:\/\/arben-vision.com\/es\/wp-json\/wp\/v2\/media\/8764"}],"wp:attachment":[{"href":"https:\/\/arben-vision.com\/es\/wp-json\/wp\/v2\/media?parent=8763"}],"wp:term":[{"taxonomy":"product_brand","embeddable":true,"href":"https:\/\/arben-vision.com\/es\/wp-json\/wp\/v2\/product_brand?post=8763"},{"taxonomy":"product_cat","embeddable":true,"href":"https:\/\/arben-vision.com\/es\/wp-json\/wp\/v2\/product_cat?post=8763"},{"taxonomy":"product_tag","embeddable":true,"href":"https:\/\/arben-vision.com\/es\/wp-json\/wp\/v2\/product_tag?post=8763"}],"curies":[{"name":"wp","href":"https:\/\/api.w.org\/{rel}","templated":true}]}}