{"id":8755,"date":"2025-07-28T12:43:32","date_gmt":"2025-07-28T12:43:32","guid":{"rendered":"https:\/\/arben-vision.com\/?post_type=product&#038;p=8755"},"modified":"2025-07-28T13:38:49","modified_gmt":"2025-07-28T13:38:49","slug":"direct-drive-transparent-screen-series-fixed-installation","status":"publish","type":"product","link":"https:\/\/arben-vision.com\/es\/producto\/direct-drive-transparent-screen-series-fixed-installation\/","title":{"rendered":"Serie de pantallas transparentes de accionamiento directo-instalaci\u00f3n fija"},"content":{"rendered":"<p>Ventajas del producto<br \/>\n1. Caja de perfil reforzado, m\u00e1s resistente que la caja de fundici\u00f3n a presi\u00f3n, antidistorsi\u00f3n, soporta 750 kg de resistencia a la tracci\u00f3n.<br \/>\n2. Pantalla transparente hologr\u00e1fica con igual distancia entre p\u00edxeles, el doble de n\u00edtida que la pantalla transparente de rejilla.<br \/>\n3. Chip controlador personalizado para pantalla hologr\u00e1fica transparente, con brillo superior a 4500 y frecuencia de actualizaci\u00f3n superior a 5760Hz.<br \/>\n4. 4. R\u00e1pida instalaci\u00f3n, f\u00e1cil mantenimiento, alto rendimiento econ\u00f3mico.<\/p>\n<pre id=\"tw-target-text\" class=\"tw-data-text tw-text-large tw-ta\" dir=\"ltr\" data-placeholder=\"\u7ffb\u8bd1\" data-ved=\"2ahUKEwi_rIWUyN-OAxVQcfUHHV91D_0Q3ewLegQIDRAV\" aria-label=\"\u8bd1\u6587\uff1aModelo Espaciado entre p\u00edxeles Tipo de l\u00e1mpara Tama\u00f1o de la caja (cm) P\u00edxeles Brillo (nits\/m) Transparencia N\u00famero de escaneado Par\u00e1metros t\u00e9cnicos\"><strong><span class=\"Y2IQFc\" lang=\"en\">Par\u00e1metros t\u00e9cnicos<\/span><\/strong><\/pre>\n<table width=\"731\">\n<tbody>\n<tr>\n<td width=\"72\">modelo<\/td>\n<td width=\"149\">Espaciado entre p\u00edxeles<\/td>\n<td width=\"72\">Tipo de l\u00e1mpara<\/td>\n<td width=\"112\">Tama\u00f1o de la caja (cm)<\/td>\n<td width=\"72\">P\u00edxeles<\/td>\n<td width=\"110\">Brillo (nits\/m)<\/td>\n<td width=\"72\">Transparencia<\/td>\n<td width=\"72\">N\u00famero de escaneado<\/td>\n<\/tr>\n<tr>\n<td>G4.8IW<\/td>\n<td>4.81<\/td>\n<td>1921<\/td>\n<td>100X50<\/td>\n<td>208&#215;104<\/td>\n<td>4500<\/td>\n<td>40%<\/td>\n<td>13<\/td>\n<\/tr>\n<\/tbody>\n<\/table>","protected":false},"excerpt":{"rendered":"<p>En <strong data-start=\"71\" data-end=\"113\">Serie de pantallas transparentes de accionamiento directo<\/strong> es un producto avanzado que integra la innovadora tecnolog\u00eda de accionamiento directo con una soluci\u00f3n de pantalla de alta transparencia. Se utiliza principalmente en expositores comerciales, publicidad en escaparates, montajes de exposiciones y decoraci\u00f3n de escenarios. Esta serie abandona la disposici\u00f3n tradicional del circuito integrado del controlador y adopta un dise\u00f1o de accionamiento directo que reduce eficazmente las v\u00edas de transmisi\u00f3n, mejora la velocidad de respuesta y aumenta la estabilidad de la pantalla.<\/p>","protected":false},"featured_media":8756,"template":"","meta":[],"product_brand":[],"product_cat":[149],"product_tag":[],"class_list":{"0":"post-8755","1":"product","2":"type-product","3":"status-publish","4":"has-post-thumbnail","6":"product_cat-direct-drive-leds","8":"first","9":"instock","10":"shipping-taxable","11":"product-type-simple"},"_links":{"self":[{"href":"https:\/\/arben-vision.com\/es\/wp-json\/wp\/v2\/product\/8755","targetHints":{"allow":["GET"]}}],"collection":[{"href":"https:\/\/arben-vision.com\/es\/wp-json\/wp\/v2\/product"}],"about":[{"href":"https:\/\/arben-vision.com\/es\/wp-json\/wp\/v2\/types\/product"}],"version-history":[{"count":8,"href":"https:\/\/arben-vision.com\/es\/wp-json\/wp\/v2\/product\/8755\/revisions"}],"predecessor-version":[{"id":8758,"href":"https:\/\/arben-vision.com\/es\/wp-json\/wp\/v2\/product\/8755\/revisions\/8758"}],"wp:featuredmedia":[{"embeddable":true,"href":"https:\/\/arben-vision.com\/es\/wp-json\/wp\/v2\/media\/8756"}],"wp:attachment":[{"href":"https:\/\/arben-vision.com\/es\/wp-json\/wp\/v2\/media?parent=8755"}],"wp:term":[{"taxonomy":"product_brand","embeddable":true,"href":"https:\/\/arben-vision.com\/es\/wp-json\/wp\/v2\/product_brand?post=8755"},{"taxonomy":"product_cat","embeddable":true,"href":"https:\/\/arben-vision.com\/es\/wp-json\/wp\/v2\/product_cat?post=8755"},{"taxonomy":"product_tag","embeddable":true,"href":"https:\/\/arben-vision.com\/es\/wp-json\/wp\/v2\/product_tag?post=8755"}],"curies":[{"name":"wp","href":"https:\/\/api.w.org\/{rel}","templated":true}]}}