{"id":8684,"date":"2025-07-01T16:27:50","date_gmt":"2025-07-01T16:27:50","guid":{"rendered":"https:\/\/arben-vision.com\/?post_type=product&#038;p=8684"},"modified":"2025-07-01T16:32:54","modified_gmt":"2025-07-01T16:32:54","slug":"indoor-and-outdoor-rental-display","status":"publish","type":"product","link":"https:\/\/arben-vision.com\/es\/producto\/indoor-and-outdoor-rental-display\/","title":{"rendered":"Expositores de alquiler para interior y exterior"},"content":{"rendered":"<div data-elementor-type=\"product-post\" data-elementor-id=\"8684\" class=\"elementor elementor-8684\" data-elementor-settings=\"{&quot;element_pack_global_tooltip_width&quot;:{&quot;unit&quot;:&quot;px&quot;,&quot;size&quot;:&quot;&quot;,&quot;sizes&quot;:[]},&quot;element_pack_global_tooltip_width_tablet&quot;:{&quot;unit&quot;:&quot;px&quot;,&quot;size&quot;:&quot;&quot;,&quot;sizes&quot;:[]},&quot;element_pack_global_tooltip_width_mobile&quot;:{&quot;unit&quot;:&quot;px&quot;,&quot;size&quot;:&quot;&quot;,&quot;sizes&quot;:[]},&quot;element_pack_global_tooltip_padding&quot;:{&quot;unit&quot;:&quot;px&quot;,&quot;top&quot;:&quot;&quot;,&quot;right&quot;:&quot;&quot;,&quot;bottom&quot;:&quot;&quot;,&quot;left&quot;:&quot;&quot;,&quot;isLinked&quot;:true},&quot;element_pack_global_tooltip_padding_tablet&quot;:{&quot;unit&quot;:&quot;px&quot;,&quot;top&quot;:&quot;&quot;,&quot;right&quot;:&quot;&quot;,&quot;bottom&quot;:&quot;&quot;,&quot;left&quot;:&quot;&quot;,&quot;isLinked&quot;:true},&quot;element_pack_global_tooltip_padding_mobile&quot;:{&quot;unit&quot;:&quot;px&quot;,&quot;top&quot;:&quot;&quot;,&quot;right&quot;:&quot;&quot;,&quot;bottom&quot;:&quot;&quot;,&quot;left&quot;:&quot;&quot;,&quot;isLinked&quot;:true},&quot;element_pack_global_tooltip_border_radius&quot;:{&quot;unit&quot;:&quot;px&quot;,&quot;top&quot;:&quot;&quot;,&quot;right&quot;:&quot;&quot;,&quot;bottom&quot;:&quot;&quot;,&quot;left&quot;:&quot;&quot;,&quot;isLinked&quot;:true},&quot;element_pack_global_tooltip_border_radius_tablet&quot;:{&quot;unit&quot;:&quot;px&quot;,&quot;top&quot;:&quot;&quot;,&quot;right&quot;:&quot;&quot;,&quot;bottom&quot;:&quot;&quot;,&quot;left&quot;:&quot;&quot;,&quot;isLinked&quot;:true},&quot;element_pack_global_tooltip_border_radius_mobile&quot;:{&quot;unit&quot;:&quot;px&quot;,&quot;top&quot;:&quot;&quot;,&quot;right&quot;:&quot;&quot;,&quot;bottom&quot;:&quot;&quot;,&quot;left&quot;:&quot;&quot;,&quot;isLinked&quot;:true}}\" data-elementor-post-type=\"product\">\n\t\t\t\t\t\t<section class=\"elementor-section elementor-top-section elementor-element elementor-element-62c89c8 elementor-section-boxed elementor-section-height-default elementor-section-height-default sc_fly_static\" data-id=\"62c89c8\" data-element_type=\"section\">\n\t\t\t\t\t\t<div class=\"elementor-container elementor-column-gap-extended\">\n\t\t\t\t\t<div class=\"elementor-column elementor-col-100 elementor-top-column elementor-element elementor-element-ef28e7c sc_content_align_inherit sc_layouts_column_icons_position_left sc_fly_static\" data-id=\"ef28e7c\" data-element_type=\"column\">\n\t\t\t<div class=\"elementor-widget-wrap elementor-element-populated\">\n\t\t\t\t\t\t<div class=\"elementor-element elementor-element-65caa5d sc_fly_static elementor-widget elementor-widget-text-editor\" data-id=\"65caa5d\" data-element_type=\"widget\" data-widget_type=\"text-editor.default\">\n\t\t\t\t<div class=\"elementor-widget-container\">\n\t\t\t\t\t\t\t\t\tEscenario de aplicaci\u00f3n\t\t\t\t\t\t\t\t<\/div>\n\t\t\t\t<\/div>\n\t\t\t\t<div class=\"elementor-element elementor-element-c6ea909 elementor-widget-divider--view-line sc_fly_static elementor-widget elementor-widget-divider\" data-id=\"c6ea909\" data-element_type=\"widget\" data-widget_type=\"divider.default\">\n\t\t\t\t<div class=\"elementor-widget-container\">\n\t\t\t\t\t\t\t<div class=\"elementor-divider\">\n\t\t\t<span class=\"elementor-divider-separator\">\n\t\t\t\t\t\t<\/span>\n\t\t<\/div>\n\t\t\t\t\t\t<\/div>\n\t\t\t\t<\/div>\n\t\t\t\t<section class=\"elementor-section elementor-inner-section elementor-element elementor-element-2e41a60 elementor-section-boxed elementor-section-height-default elementor-section-height-default sc_fly_static\" data-id=\"2e41a60\" data-element_type=\"section\">\n\t\t\t\t\t\t<div class=\"elementor-container elementor-column-gap-extended\">\n\t\t\t\t\t<div class=\"elementor-column elementor-col-25 elementor-inner-column elementor-element elementor-element-45ed27c sc_content_align_inherit sc_layouts_column_icons_position_left sc_fly_static\" data-id=\"45ed27c\" data-element_type=\"column\">\n\t\t\t<div class=\"elementor-widget-wrap elementor-element-populated\">\n\t\t\t\t\t\t<div class=\"elementor-element elementor-element-ef94890 sc_fly_static elementor-widget elementor-widget-image\" data-id=\"ef94890\" data-element_type=\"widget\" data-widget_type=\"image.default\">\n\t\t\t\t<div class=\"elementor-widget-container\">\n\t\t\t\t\t\t\t\t\t\t\t\t\t\t\t<img fetchpriority=\"high\" decoding=\"async\" width=\"307\" height=\"205\" src=\"https:\/\/arben-vision.com\/wp-content\/uploads\/2025\/07\/2.png\" class=\"attachment-large size-large wp-image-8687\" alt=\"\" srcset=\"https:\/\/arben-vision.com\/wp-content\/uploads\/2025\/07\/2.png 307w, https:\/\/arben-vision.com\/wp-content\/uploads\/2025\/07\/2-300x200.png 300w, https:\/\/arben-vision.com\/wp-content\/uploads\/2025\/07\/2-18x12.png 18w\" sizes=\"(max-width: 600px) 100vw, 307px\" \/>\t\t\t\t\t\t\t\t\t\t\t\t\t\t\t<\/div>\n\t\t\t\t<\/div>\n\t\t\t\t<div class=\"elementor-element elementor-element-5c719a3 sc_fly_static elementor-widget elementor-widget-text-editor\" data-id=\"5c719a3\" data-element_type=\"widget\" data-widget_type=\"text-editor.default\">\n\t\t\t\t<div class=\"elementor-widget-container\">\n\t\t\t\t\t\t\t\t\tEventos esc\u00e9nicos\t\t\t\t\t\t\t\t<\/div>\n\t\t\t\t<\/div>\n\t\t\t\t\t<\/div>\n\t\t<\/div>\n\t\t\t\t<div class=\"elementor-column elementor-col-25 elementor-inner-column elementor-element elementor-element-d943f4c sc_content_align_inherit sc_layouts_column_icons_position_left sc_fly_static\" data-id=\"d943f4c\" data-element_type=\"column\">\n\t\t\t<div class=\"elementor-widget-wrap elementor-element-populated\">\n\t\t\t\t\t\t<div class=\"elementor-element elementor-element-acaca19 sc_fly_static elementor-widget elementor-widget-image\" data-id=\"acaca19\" data-element_type=\"widget\" data-widget_type=\"image.default\">\n\t\t\t\t<div class=\"elementor-widget-container\">\n\t\t\t\t\t\t\t\t\t\t\t\t\t\t\t<img decoding=\"async\" width=\"307\" height=\"205\" src=\"https:\/\/arben-vision.com\/wp-content\/uploads\/2025\/07\/3.png\" class=\"attachment-large size-large wp-image-8688\" alt=\"\" srcset=\"https:\/\/arben-vision.com\/wp-content\/uploads\/2025\/07\/3.png 307w, https:\/\/arben-vision.com\/wp-content\/uploads\/2025\/07\/3-300x200.png 300w, https:\/\/arben-vision.com\/wp-content\/uploads\/2025\/07\/3-18x12.png 18w\" sizes=\"(max-width: 600px) 100vw, 307px\" \/>\t\t\t\t\t\t\t\t\t\t\t\t\t\t\t<\/div>\n\t\t\t\t<\/div>\n\t\t\t\t<div class=\"elementor-element elementor-element-81c63e3 sc_fly_static elementor-widget elementor-widget-text-editor\" data-id=\"81c63e3\" data-element_type=\"widget\" data-widget_type=\"text-editor.default\">\n\t\t\t\t<div class=\"elementor-widget-container\">\n\t\t\t\t\t\t\t\t\t Ferias comerciales\t\t\t\t\t\t\t\t<\/div>\n\t\t\t\t<\/div>\n\t\t\t\t\t<\/div>\n\t\t<\/div>\n\t\t\t\t<div class=\"elementor-column elementor-col-25 elementor-inner-column elementor-element elementor-element-c823a44 sc_content_align_inherit sc_layouts_column_icons_position_left sc_fly_static\" data-id=\"c823a44\" data-element_type=\"column\">\n\t\t\t<div class=\"elementor-widget-wrap elementor-element-populated\">\n\t\t\t\t\t\t<div class=\"elementor-element elementor-element-d757278 sc_fly_static elementor-widget elementor-widget-image\" data-id=\"d757278\" data-element_type=\"widget\" data-widget_type=\"image.default\">\n\t\t\t\t<div class=\"elementor-widget-container\">\n\t\t\t\t\t\t\t\t\t\t\t\t\t\t\t<img decoding=\"async\" width=\"307\" height=\"205\" src=\"https:\/\/arben-vision.com\/wp-content\/uploads\/2025\/07\/4.png\" class=\"attachment-large size-large wp-image-8689\" alt=\"\" srcset=\"https:\/\/arben-vision.com\/wp-content\/uploads\/2025\/07\/4.png 307w, https:\/\/arben-vision.com\/wp-content\/uploads\/2025\/07\/4-300x200.png 300w, https:\/\/arben-vision.com\/wp-content\/uploads\/2025\/07\/4-18x12.png 18w\" sizes=\"(max-width: 600px) 100vw, 307px\" \/>\t\t\t\t\t\t\t\t\t\t\t\t\t\t\t<\/div>\n\t\t\t\t<\/div>\n\t\t\t\t<div class=\"elementor-element elementor-element-7c9d737 sc_fly_static elementor-widget elementor-widget-text-editor\" data-id=\"7c9d737\" data-element_type=\"widget\" data-widget_type=\"text-editor.default\">\n\t\t\t\t<div class=\"elementor-widget-container\">\n\t\t\t\t\t\t\t\t\tBodas y banquetes\t\t\t\t\t\t\t\t<\/div>\n\t\t\t\t<\/div>\n\t\t\t\t\t<\/div>\n\t\t<\/div>\n\t\t\t\t<div class=\"elementor-column elementor-col-25 elementor-inner-column elementor-element elementor-element-72b2242 sc_content_align_inherit sc_layouts_column_icons_position_left sc_fly_static\" data-id=\"72b2242\" data-element_type=\"column\">\n\t\t\t<div class=\"elementor-widget-wrap elementor-element-populated\">\n\t\t\t\t\t\t<div class=\"elementor-element elementor-element-79aedf8 sc_fly_static elementor-widget elementor-widget-image\" data-id=\"79aedf8\" data-element_type=\"widget\" data-widget_type=\"image.default\">\n\t\t\t\t<div class=\"elementor-widget-container\">\n\t\t\t\t\t\t\t\t\t\t\t\t\t\t\t<img loading=\"lazy\" decoding=\"async\" width=\"307\" height=\"205\" src=\"https:\/\/arben-vision.com\/wp-content\/uploads\/2025\/07\/5.png\" class=\"attachment-large size-large wp-image-8690\" alt=\"\" srcset=\"https:\/\/arben-vision.com\/wp-content\/uploads\/2025\/07\/5.png 307w, https:\/\/arben-vision.com\/wp-content\/uploads\/2025\/07\/5-300x200.png 300w, https:\/\/arben-vision.com\/wp-content\/uploads\/2025\/07\/5-18x12.png 18w\" sizes=\"(max-width: 600px) 100vw, 307px\" \/>\t\t\t\t\t\t\t\t\t\t\t\t\t\t\t<\/div>\n\t\t\t\t<\/div>\n\t\t\t\t<div class=\"elementor-element elementor-element-73dcf00 sc_fly_static elementor-widget elementor-widget-text-editor\" data-id=\"73dcf00\" data-element_type=\"widget\" data-widget_type=\"text-editor.default\">\n\t\t\t\t<div class=\"elementor-widget-container\">\n\t\t\t\t\t\t\t\t\tConciertos\t\t\t\t\t\t\t\t<\/div>\n\t\t\t\t<\/div>\n\t\t\t\t\t<\/div>\n\t\t<\/div>\n\t\t\t\t\t<\/div>\n\t\t<\/section>\n\t\t\t\t\t<\/div>\n\t\t<\/div>\n\t\t\t\t\t<\/div>\n\t\t<\/section>\n\t\t\t\t<section class=\"elementor-section elementor-top-section elementor-element elementor-element-4f4916c elementor-section-boxed elementor-section-height-default elementor-section-height-default sc_fly_static\" data-id=\"4f4916c\" data-element_type=\"section\">\n\t\t\t\t\t\t<div class=\"elementor-container elementor-column-gap-extended\">\n\t\t\t\t\t<div class=\"elementor-column elementor-col-100 elementor-top-column elementor-element elementor-element-6caaa84 sc_content_align_inherit sc_layouts_column_icons_position_left sc_fly_static\" data-id=\"6caaa84\" data-element_type=\"column\">\n\t\t\t<div class=\"elementor-widget-wrap elementor-element-populated\">\n\t\t\t\t\t\t<div class=\"elementor-element elementor-element-6bd18a9 sc_fly_static elementor-widget elementor-widget-text-editor\" data-id=\"6bd18a9\" data-element_type=\"widget\" data-widget_type=\"text-editor.default\">\n\t\t\t\t<div class=\"elementor-widget-container\">\n\t\t\t\t\t\t\t\t\tPar\u00e1metros t\u00e9cnicos\t\t\t\t\t\t\t\t<\/div>\n\t\t\t\t<\/div>\n\t\t\t\t<div class=\"elementor-element elementor-element-15ca582 elementor-widget-divider--view-line sc_fly_static elementor-widget elementor-widget-divider\" data-id=\"15ca582\" data-element_type=\"widget\" data-widget_type=\"divider.default\">\n\t\t\t\t<div class=\"elementor-widget-container\">\n\t\t\t\t\t\t\t<div class=\"elementor-divider\">\n\t\t\t<span class=\"elementor-divider-separator\">\n\t\t\t\t\t\t<\/span>\n\t\t<\/div>\n\t\t\t\t\t\t<\/div>\n\t\t\t\t<\/div>\n\t\t\t\t<div class=\"elementor-element elementor-element-c42fd57 sc_fly_static elementor-widget elementor-widget-text-editor\" data-id=\"c42fd57\" data-element_type=\"widget\" data-widget_type=\"text-editor.default\">\n\t\t\t\t<div class=\"elementor-widget-container\">\n\t\t\t\t\t\t\t\t\t<table>\n  <tr>\n    <th>Par\u00e1metro<\/th>\n    <th>P1.5625<\/th>\n    <th>P1.953<\/th>\n    <th>P2.5<\/th>\n    <th>P2.604<\/th>\n    <th>P2.976<\/th>\n    <th>P3.91<\/th>\n    <th>P4.81<\/th>\n  <\/tr>\n  <tr>\n    <td>Aplicaci\u00f3n<\/td>\n    <td>Interior<\/td>\n    <td>Interior<\/td>\n    <td>Interior<\/td>\n    <td>Interior\/exterior<\/td>\n    <td>Interior\/exterior<\/td>\n    <td>Interior\/exterior<\/td>\n    <td>Interior\/exterior<\/td>\n  <\/tr>\n  <tr>\n    <td>Tama\u00f1o del m\u00f3dulo (mm)<\/td>\n    <td>250\u00d7250<\/td>\n    <td>250\u00d7250<\/td>\n    <td>250\u00d7250<\/td>\n    <td>250\u00d7250<\/td>\n    <td>250\u00d7250<\/td>\n    <td>250\u00d7250<\/td>\n    <td>250\u00d7250<\/td>\n  <\/tr>\n  <tr>\n    <td>Resoluci\u00f3n del m\u00f3dulo<\/td>\n    <td>160\u00d7160<\/td>\n    <td>128\u00d7128<\/td>\n    <td>100\u00d7100<\/td>\n    <td>96\u00d796<\/td>\n    <td>84\u00d784<\/td>\n    <td>64\u00d764<\/td>\n    <td>52\u00d752<\/td>\n  <\/tr>\n  <tr>\n    <td>Tama\u00f1o del armario (mm)<\/td>\n    <td>500\u00d7500<br>500\u00d71000<\/td>\n    <td>500\u00d7500<br>500\u00d71000<\/td>\n    <td>500\u00d7500<br>500\u00d71000<\/td>\n    <td>500\u00d7500<br>500\u00d71000<\/td>\n    <td>500\u00d7500<br>500\u00d71000<\/td>\n    <td>500\u00d7500<br>500\u00d71000<\/td>\n    <td>500\u00d7500<br>500\u00d71000<\/td>\n  <\/tr>\n  <tr>\n    <td>Resoluci\u00f3n del Consejo de Ministros<\/td>\n    <td>320\u00d7320<br>320\u00d7640<\/td>\n    <td>256\u00d7256<br>256\u00d7512<\/td>\n    <td>200\u00d7200<br>200\u00d7400<\/td>\n    <td>192\u00d7192<br>192\u00d7384<\/td>\n    <td>168\u00d7168<br>168\u00d7336<\/td>\n    <td>128\u00d7128<br>128\u00d7256<\/td>\n    <td>104\u00d7104<br>104\u00d7208<\/td>\n  <\/tr>\n  <tr>\n    <td>Densidad f\u00edsica de p\u00edxeles (p\u00edxeles\/m\u00b2)<\/td>\n    <td>409,600<\/td>\n    <td>262,177<\/td>\n    <td>160,000<\/td>\n    <td>141,744<\/td>\n    <td>129,100*<\/td>\n    <td>65,410<\/td>\n    <td>43,222<\/td>\n  <\/tr>\n  <tr>\n    <td>Tipo de paquete LED<\/td>\n    <td>SMD1212<\/td>\n    <td>SMD1515<\/td>\n    <td>SMD2020<\/td>\n    <td>SMD1515\/1415<\/td>\n    <td>SMD2020\/1921<\/td>\n    <td>SMD2020\/1921<\/td>\n    <td>SMD2020\/1921<\/td>\n  <\/tr>\n  <tr>\n    <td>Color LED<\/td>\n    <td>1R1G1B<\/td>\n    <td>1R1G1B<\/td>\n    <td>1R1G1B<\/td>\n    <td>1R1G1B<\/td>\n    <td>1R1G1B<\/td>\n    <td>1R1G1B<\/td>\n    <td>1R1G1B<\/td>\n  <\/tr>\n  <tr>\n    <td>Consumo medio (W\/m\u00b2)<\/td>\n    <td>400<\/td>\n    <td>400<\/td>\n    <td>400<\/td>\n    <td>400<\/td>\n    <td>400<\/td>\n    <td>400<\/td>\n    <td>400<\/td>\n  <\/tr>\n  <tr>\n    <td>Consumo m\u00e1ximo (W\/m\u00b2)<\/td>\n    <td>800<\/td>\n    <td>800<\/td>\n    <td>800<\/td>\n    <td>800<\/td>\n    <td>800<\/td>\n    <td>800<\/td>\n    <td>800<\/td>\n  <\/tr>\n  <tr>\n    <td>\u00c1ngulo de visi\u00f3n (H\u00b0\/V\u00b0)<\/td>\n    <td>160\u00b0\/160\u00b0<\/td>\n    <td>160\u00b0\/160\u00b0<\/td>\n    <td>160\u00b0\/160\u00b0<\/td>\n    <td>160\u00b0\/160\u00b0<\/td>\n    <td>160\u00b0\/160\u00b0<\/td>\n    <td>160\u00b0\/160\u00b0<\/td>\n    <td>160\u00b0\/160\u00b0<\/td>\n  <\/tr>\n  <tr>\n    <td>Material del armario<\/td>\n    <td>Aluminio fundido a presi\u00f3n<\/td>\n    <td>Aluminio fundido a presi\u00f3n<\/td>\n    <td>Aluminio fundido a presi\u00f3n<\/td>\n    <td>Aluminio fundido a presi\u00f3n<\/td>\n    <td>Aluminio fundido a presi\u00f3n<\/td>\n    <td>Aluminio fundido a presi\u00f3n<\/td>\n    <td>Aluminio fundido a presi\u00f3n<\/td>\n  <\/tr>\n  <tr>\n    <td>Balance de blancos Brillo - Interior (cd\/m\u00b2)<\/td>\n    <td>800<\/td>\n    <td>800<\/td>\n    <td>800<\/td>\n    <td>800<\/td>\n    <td>1,000<\/td>\n    <td>1,000<\/td>\n    <td>1,000<\/td>\n  <\/tr>\n  <tr>\n    <td>Balance de blancos Brillo - Exterior (cd\/m\u00b2)<\/td>\n    <td>&#8211;<\/td>\n    <td>&#8211;<\/td>\n    <td>&#8211;<\/td>\n    <td>4,500-5,500<\/td>\n    <td>4,000-5,500<\/td>\n    <td>4,000-5,500<\/td>\n    <td>4,000-5,500<\/td>\n  <\/tr>\n  <tr>\n    <td>M\u00e9todo de conducci\u00f3n en interiores<\/td>\n    <td>1\/40<\/td>\n    <td>1\/32<\/td>\n    <td>1\/25<\/td>\n    <td>1\/32<\/td>\n    <td>1\/28<\/td>\n    <td>1\/16<\/td>\n    <td>1\/13<\/td>\n  <\/tr>\n  <tr>\n    <td>M\u00e9todo de conducci\u00f3n al aire libre<\/td>\n    <td>&#8211;<\/td>\n    <td>&#8211;<\/td>\n    <td>&#8211;<\/td>\n    <td>1\/24<\/td>\n    <td>1\/21<\/td>\n    <td>1\/16<\/td>\n    <td>1\/13<\/td>\n  <\/tr>\n  <tr>\n    <td>Frecuencia de actualizaci\u00f3n (Hz)<\/td>\n    <td>7,680<\/td>\n    <td>7,680<\/td>\n    <td>7,680<\/td>\n    <td>7,680<\/td>\n    <td>7,680<\/td>\n    <td>7,680<\/td>\n    <td>7,680<\/td>\n  <\/tr>\n  <tr>\n    <td>Frecuencia de imagen (Hz)<\/td>\n    <td>\u226550\/60<\/td>\n    <td>\u226550\/60<\/td>\n    <td>\u226550\/60<\/td>\n    <td>\u226550\/60<\/td>\n    <td>\u226550\/60<\/td>\n    <td>\u226550\/60<\/td>\n    <td>\u226550\/60<\/td>\n  <\/tr>\n  <tr>\n    <td>M\u00e9todo de control<\/td>\n    <td>Control sincr\u00f3nico<\/td>\n    <td>Control sincr\u00f3nico<\/td>\n    <td>Control sincr\u00f3nico<\/td>\n    <td>Control sincr\u00f3nico<\/td>\n    <td>Control sincr\u00f3nico<\/td>\n    <td>Control sincr\u00f3nico<\/td>\n    <td>Control sincr\u00f3nico<\/td>\n  <\/tr>\n  <tr>\n    <td>Tensi\u00f3n de funcionamiento<\/td>\n    <td>AC110\/220V<\/td>\n    <td>AC110\/220V<\/td>\n    <td>AC110\/220V<\/td>\n    <td>AC110\/220V<\/td>\n    <td>AC110\/220V<\/td>\n    <td>AC110\/220V<\/td>\n    <td>AC110\/220V<\/td>\n  <\/tr>\n<\/table>\n\t\t\t\t\t\t\t\t<\/div>\n\t\t\t\t<\/div>\n\t\t\t\t\t<\/div>\n\t\t<\/div>\n\t\t\t\t\t<\/div>\n\t\t<\/section>\n\t\t\t\t<\/div>","protected":false},"excerpt":{"rendered":"<p>Las pantallas LED de alquiler cuentan con una carcasa ligera y delgada de aluminio fundido a presi\u00f3n dise\u00f1ada para instalarse, desmontarse y transportarse con rapidez. Adecuadas para alquiler a gran escala e instalaciones fijas, utilizan un sistema de control s\u00edncrono compatible con entradas DVI, VGA, HDMI, S-V\u00eddeo, v\u00eddeo compuesto y YUV. Pueden reproducir v\u00eddeos y gr\u00e1ficos en tiempo real con colores vivos y gran adaptabilidad.<\/p>","protected":false},"featured_media":8685,"template":"","meta":[],"product_brand":[],"product_cat":[121],"product_tag":[],"class_list":{"0":"post-8684","1":"product","2":"type-product","3":"status-publish","4":"has-post-thumbnail","6":"product_cat-outdoor-led-screens","8":"first","9":"instock","10":"shipping-taxable","11":"product-type-simple"},"_links":{"self":[{"href":"https:\/\/arben-vision.com\/es\/wp-json\/wp\/v2\/product\/8684","targetHints":{"allow":["GET"]}}],"collection":[{"href":"https:\/\/arben-vision.com\/es\/wp-json\/wp\/v2\/product"}],"about":[{"href":"https:\/\/arben-vision.com\/es\/wp-json\/wp\/v2\/types\/product"}],"version-history":[{"count":4,"href":"https:\/\/arben-vision.com\/es\/wp-json\/wp\/v2\/product\/8684\/revisions"}],"predecessor-version":[{"id":8694,"href":"https:\/\/arben-vision.com\/es\/wp-json\/wp\/v2\/product\/8684\/revisions\/8694"}],"wp:featuredmedia":[{"embeddable":true,"href":"https:\/\/arben-vision.com\/es\/wp-json\/wp\/v2\/media\/8685"}],"wp:attachment":[{"href":"https:\/\/arben-vision.com\/es\/wp-json\/wp\/v2\/media?parent=8684"}],"wp:term":[{"taxonomy":"product_brand","embeddable":true,"href":"https:\/\/arben-vision.com\/es\/wp-json\/wp\/v2\/product_brand?post=8684"},{"taxonomy":"product_cat","embeddable":true,"href":"https:\/\/arben-vision.com\/es\/wp-json\/wp\/v2\/product_cat?post=8684"},{"taxonomy":"product_tag","embeddable":true,"href":"https:\/\/arben-vision.com\/es\/wp-json\/wp\/v2\/product_tag?post=8684"}],"curies":[{"name":"wp","href":"https:\/\/api.w.org\/{rel}","templated":true}]}}