{"id":8540,"date":"2025-06-18T02:34:51","date_gmt":"2025-06-18T02:34:51","guid":{"rendered":"https:\/\/arben-vision.com\/?post_type=product&#038;p=8540"},"modified":"2025-07-01T16:16:14","modified_gmt":"2025-07-01T16:16:14","slug":"indoor-fixed-fine-pitch-led-display-jade-series-3","status":"publish","type":"product","link":"https:\/\/arben-vision.com\/es\/producto\/indoor-fixed-fine-pitch-led-display-jade-series-3\/","title":{"rendered":"Serie de pantallas transparentes de accionamiento directo - Montaje suspendido"},"content":{"rendered":"<div data-elementor-type=\"product-post\" data-elementor-id=\"8540\" class=\"elementor elementor-8540\" data-elementor-settings=\"{&quot;element_pack_global_tooltip_width&quot;:{&quot;unit&quot;:&quot;px&quot;,&quot;size&quot;:&quot;&quot;,&quot;sizes&quot;:[]},&quot;element_pack_global_tooltip_width_tablet&quot;:{&quot;unit&quot;:&quot;px&quot;,&quot;size&quot;:&quot;&quot;,&quot;sizes&quot;:[]},&quot;element_pack_global_tooltip_width_mobile&quot;:{&quot;unit&quot;:&quot;px&quot;,&quot;size&quot;:&quot;&quot;,&quot;sizes&quot;:[]},&quot;element_pack_global_tooltip_padding&quot;:{&quot;unit&quot;:&quot;px&quot;,&quot;top&quot;:&quot;&quot;,&quot;right&quot;:&quot;&quot;,&quot;bottom&quot;:&quot;&quot;,&quot;left&quot;:&quot;&quot;,&quot;isLinked&quot;:true},&quot;element_pack_global_tooltip_padding_tablet&quot;:{&quot;unit&quot;:&quot;px&quot;,&quot;top&quot;:&quot;&quot;,&quot;right&quot;:&quot;&quot;,&quot;bottom&quot;:&quot;&quot;,&quot;left&quot;:&quot;&quot;,&quot;isLinked&quot;:true},&quot;element_pack_global_tooltip_padding_mobile&quot;:{&quot;unit&quot;:&quot;px&quot;,&quot;top&quot;:&quot;&quot;,&quot;right&quot;:&quot;&quot;,&quot;bottom&quot;:&quot;&quot;,&quot;left&quot;:&quot;&quot;,&quot;isLinked&quot;:true},&quot;element_pack_global_tooltip_border_radius&quot;:{&quot;unit&quot;:&quot;px&quot;,&quot;top&quot;:&quot;&quot;,&quot;right&quot;:&quot;&quot;,&quot;bottom&quot;:&quot;&quot;,&quot;left&quot;:&quot;&quot;,&quot;isLinked&quot;:true},&quot;element_pack_global_tooltip_border_radius_tablet&quot;:{&quot;unit&quot;:&quot;px&quot;,&quot;top&quot;:&quot;&quot;,&quot;right&quot;:&quot;&quot;,&quot;bottom&quot;:&quot;&quot;,&quot;left&quot;:&quot;&quot;,&quot;isLinked&quot;:true},&quot;element_pack_global_tooltip_border_radius_mobile&quot;:{&quot;unit&quot;:&quot;px&quot;,&quot;top&quot;:&quot;&quot;,&quot;right&quot;:&quot;&quot;,&quot;bottom&quot;:&quot;&quot;,&quot;left&quot;:&quot;&quot;,&quot;isLinked&quot;:true}}\" data-elementor-post-type=\"product\">\n\t\t\t\t\t\t<section class=\"elementor-section elementor-top-section elementor-element elementor-element-4f3b67e elementor-section-boxed elementor-section-height-default elementor-section-height-default sc_fly_static\" data-id=\"4f3b67e\" data-element_type=\"section\">\n\t\t\t\t\t\t<div class=\"elementor-container elementor-column-gap-extended\">\n\t\t\t\t\t<div class=\"elementor-column elementor-col-100 elementor-top-column elementor-element elementor-element-aceab58 sc_content_align_inherit sc_layouts_column_icons_position_left sc_fly_static\" data-id=\"aceab58\" data-element_type=\"column\">\n\t\t\t<div class=\"elementor-widget-wrap elementor-element-populated\">\n\t\t\t\t\t\t<div class=\"elementor-element elementor-element-41f3c34 sc_fly_static elementor-widget elementor-widget-text-editor\" data-id=\"41f3c34\" data-element_type=\"widget\" data-widget_type=\"text-editor.default\">\n\t\t\t\t<div class=\"elementor-widget-container\">\n\t\t\t\t\t\t\t\t\tPar\u00e1metros t\u00e9cnicos\t\t\t\t\t\t\t\t<\/div>\n\t\t\t\t<\/div>\n\t\t\t\t<div class=\"elementor-element elementor-element-ab6e808 elementor-widget-divider--view-line sc_fly_static elementor-widget elementor-widget-divider\" data-id=\"ab6e808\" data-element_type=\"widget\" data-widget_type=\"divider.default\">\n\t\t\t\t<div class=\"elementor-widget-container\">\n\t\t\t\t\t\t\t<div class=\"elementor-divider\">\n\t\t\t<span class=\"elementor-divider-separator\">\n\t\t\t\t\t\t<\/span>\n\t\t<\/div>\n\t\t\t\t\t\t<\/div>\n\t\t\t\t<\/div>\n\t\t\t\t<div class=\"elementor-element elementor-element-bc842d3 sc_fly_static elementor-widget elementor-widget-text-editor\" data-id=\"bc842d3\" data-element_type=\"widget\" data-widget_type=\"text-editor.default\">\n\t\t\t\t<div class=\"elementor-widget-container\">\n\t\t\t\t\t\t\t\t\t<table>\n  <tr>\n    <th>Modelo<\/th>\n    <th>H4.81-120B<\/th>\n    <th>H4.81-120W<\/th>\n    <th>H6.41-150B<\/th>\n    <th>H6.41-150W<\/th>\n  <\/tr>\n  <tr>\n    <td>Paso de p\u00edxeles<\/td>\n    <td>4.81<\/td>\n    <td>4.81<\/td>\n    <td>6.41<\/td>\n    <td>6.41<\/td>\n  <\/tr>\n  <tr>\n    <td>Tipo LED<\/td>\n    <td>2020 L\u00e1mpara de interior negra<\/td>\n    <td>1921 L\u00e1mpara de exterior blanca<\/td>\n    <td>2020 L\u00e1mpara de interior negra<\/td>\n    <td>1921 L\u00e1mpara de exterior blanca<\/td>\n  <\/tr>\n  <tr>\n    <td>Tama\u00f1o del m\u00f3dulo (cm)<\/td>\n    <td>Largo 120 x Ancho 25<\/td>\n    <td>Largo 120 x Ancho 25<\/td>\n    <td>Largo 120 x Ancho 25<\/td>\n    <td>Largo 120 x Ancho 25<\/td>\n  <\/tr>\n  <tr>\n    <td>Matriz de p\u00edxeles<\/td>\n    <td>52 x 240<\/td>\n    <td>52 x 240<\/td>\n    <td>39 x 232<\/td>\n    <td>39 x 232<\/td>\n  <\/tr>\n  <tr>\n    <td>Brillo (Nits\/\u33a1)<\/td>\n    <td>1000<\/td>\n    <td>4500<\/td>\n    <td>800<\/td>\n    <td>4200<\/td>\n  <\/tr>\n  <tr>\n    <td>Transparencia<\/td>\n    <td>33%<\/td>\n    <td>33%<\/td>\n    <td>55%<\/td>\n    <td>55%<\/td>\n  <\/tr>\n  <tr>\n    <td>N\u00famero de escaneado<\/td>\n    <td>13<\/td>\n    <td>13<\/td>\n    <td>13<\/td>\n    <td>13<\/td>\n  <\/tr>\n<\/table>\n\t\t\t\t\t\t\t\t<\/div>\n\t\t\t\t<\/div>\n\t\t\t\t\t<\/div>\n\t\t<\/div>\n\t\t\t\t\t<\/div>\n\t\t<\/section>\n\t\t\t\t<\/div>","protected":false},"excerpt":{"rendered":"<ul>\n<li>1. Utiliza un m\u00e9todo de conexi\u00f3n dura; la tarjeta receptora se monta directamente en el m\u00f3dulo sin necesidad de cables planos. Esto reduce los cables de se\u00f1al y el n\u00famero de conexiones de se\u00f1al en m\u00e1s de 10 veces en comparaci\u00f3n con productos similares del mercado, lo que garantiza una alta fiabilidad.<\/li>\n<li>2. Utiliza una placa de 6 capas con un dise\u00f1o de respaldo de 3 capas de gran corriente, fuente de alimentaci\u00f3n remota equilibrada, capa de aislamiento t\u00e9rmico independiente, buena compatibilidad electromagn\u00e9tica con baja radiaci\u00f3n, disipaci\u00f3n de calor equilibrada, brillo superior a 4500 nits, baja temperatura y sin distorsi\u00f3n del color.<\/li>\n<li>3. Hardware y software de tarjeta de sistema desarrollados de forma independiente, con capacidad inherente para Internet y capaces de cooperar estrechamente con proveedores de soluciones de terceros para desarrollar diversos dispositivos y funciones perif\u00e9ricos de apoyo.<\/li>\n<\/ul>","protected":false},"featured_media":8679,"template":"","meta":[],"product_brand":[],"product_cat":[123],"product_tag":[],"class_list":{"0":"post-8540","1":"product","2":"type-product","3":"status-publish","4":"has-post-thumbnail","6":"product_cat-transparent-leds","8":"first","9":"instock","10":"shipping-taxable","11":"product-type-simple"},"_links":{"self":[{"href":"https:\/\/arben-vision.com\/es\/wp-json\/wp\/v2\/product\/8540","targetHints":{"allow":["GET"]}}],"collection":[{"href":"https:\/\/arben-vision.com\/es\/wp-json\/wp\/v2\/product"}],"about":[{"href":"https:\/\/arben-vision.com\/es\/wp-json\/wp\/v2\/types\/product"}],"version-history":[{"count":6,"href":"https:\/\/arben-vision.com\/es\/wp-json\/wp\/v2\/product\/8540\/revisions"}],"predecessor-version":[{"id":8683,"href":"https:\/\/arben-vision.com\/es\/wp-json\/wp\/v2\/product\/8540\/revisions\/8683"}],"wp:featuredmedia":[{"embeddable":true,"href":"https:\/\/arben-vision.com\/es\/wp-json\/wp\/v2\/media\/8679"}],"wp:attachment":[{"href":"https:\/\/arben-vision.com\/es\/wp-json\/wp\/v2\/media?parent=8540"}],"wp:term":[{"taxonomy":"product_brand","embeddable":true,"href":"https:\/\/arben-vision.com\/es\/wp-json\/wp\/v2\/product_brand?post=8540"},{"taxonomy":"product_cat","embeddable":true,"href":"https:\/\/arben-vision.com\/es\/wp-json\/wp\/v2\/product_cat?post=8540"},{"taxonomy":"product_tag","embeddable":true,"href":"https:\/\/arben-vision.com\/es\/wp-json\/wp\/v2\/product_tag?post=8540"}],"curies":[{"name":"wp","href":"https:\/\/api.w.org\/{rel}","templated":true}]}}