{"id":8539,"date":"2025-06-18T02:34:50","date_gmt":"2025-06-18T02:34:50","guid":{"rendered":"https:\/\/arben-vision.com\/?post_type=product&#038;p=8539"},"modified":"2025-07-01T16:09:03","modified_gmt":"2025-07-01T16:09:03","slug":"direct-drive-transparent-led-display-series-surface-mounted","status":"publish","type":"product","link":"https:\/\/arben-vision.com\/es\/producto\/direct-drive-transparent-led-display-series-surface-mounted\/","title":{"rendered":"Serie de pantallas LED transparentes de accionamiento directo - Montaje en superficie"},"content":{"rendered":"<div data-elementor-type=\"product-post\" data-elementor-id=\"8539\" class=\"elementor elementor-8539\" data-elementor-settings=\"{&quot;element_pack_global_tooltip_width&quot;:{&quot;unit&quot;:&quot;px&quot;,&quot;size&quot;:&quot;&quot;,&quot;sizes&quot;:[]},&quot;element_pack_global_tooltip_width_tablet&quot;:{&quot;unit&quot;:&quot;px&quot;,&quot;size&quot;:&quot;&quot;,&quot;sizes&quot;:[]},&quot;element_pack_global_tooltip_width_mobile&quot;:{&quot;unit&quot;:&quot;px&quot;,&quot;size&quot;:&quot;&quot;,&quot;sizes&quot;:[]},&quot;element_pack_global_tooltip_padding&quot;:{&quot;unit&quot;:&quot;px&quot;,&quot;top&quot;:&quot;&quot;,&quot;right&quot;:&quot;&quot;,&quot;bottom&quot;:&quot;&quot;,&quot;left&quot;:&quot;&quot;,&quot;isLinked&quot;:true},&quot;element_pack_global_tooltip_padding_tablet&quot;:{&quot;unit&quot;:&quot;px&quot;,&quot;top&quot;:&quot;&quot;,&quot;right&quot;:&quot;&quot;,&quot;bottom&quot;:&quot;&quot;,&quot;left&quot;:&quot;&quot;,&quot;isLinked&quot;:true},&quot;element_pack_global_tooltip_padding_mobile&quot;:{&quot;unit&quot;:&quot;px&quot;,&quot;top&quot;:&quot;&quot;,&quot;right&quot;:&quot;&quot;,&quot;bottom&quot;:&quot;&quot;,&quot;left&quot;:&quot;&quot;,&quot;isLinked&quot;:true},&quot;element_pack_global_tooltip_border_radius&quot;:{&quot;unit&quot;:&quot;px&quot;,&quot;top&quot;:&quot;&quot;,&quot;right&quot;:&quot;&quot;,&quot;bottom&quot;:&quot;&quot;,&quot;left&quot;:&quot;&quot;,&quot;isLinked&quot;:true},&quot;element_pack_global_tooltip_border_radius_tablet&quot;:{&quot;unit&quot;:&quot;px&quot;,&quot;top&quot;:&quot;&quot;,&quot;right&quot;:&quot;&quot;,&quot;bottom&quot;:&quot;&quot;,&quot;left&quot;:&quot;&quot;,&quot;isLinked&quot;:true},&quot;element_pack_global_tooltip_border_radius_mobile&quot;:{&quot;unit&quot;:&quot;px&quot;,&quot;top&quot;:&quot;&quot;,&quot;right&quot;:&quot;&quot;,&quot;bottom&quot;:&quot;&quot;,&quot;left&quot;:&quot;&quot;,&quot;isLinked&quot;:true}}\" data-elementor-post-type=\"product\">\n\t\t\t\t\t\t<section class=\"elementor-section elementor-top-section elementor-element elementor-element-4f3b67e elementor-section-boxed elementor-section-height-default elementor-section-height-default sc_fly_static\" data-id=\"4f3b67e\" data-element_type=\"section\">\n\t\t\t\t\t\t<div class=\"elementor-container elementor-column-gap-extended\">\n\t\t\t\t\t<div class=\"elementor-column elementor-col-100 elementor-top-column elementor-element elementor-element-aceab58 sc_content_align_inherit sc_layouts_column_icons_position_left sc_fly_static\" data-id=\"aceab58\" data-element_type=\"column\">\n\t\t\t<div class=\"elementor-widget-wrap elementor-element-populated\">\n\t\t\t\t\t\t<div class=\"elementor-element elementor-element-41f3c34 sc_fly_static elementor-widget elementor-widget-text-editor\" data-id=\"41f3c34\" data-element_type=\"widget\" data-widget_type=\"text-editor.default\">\n\t\t\t\t<div class=\"elementor-widget-container\">\n\t\t\t\t\t\t\t\t\tPar\u00e1metros t\u00e9cnicos\t\t\t\t\t\t\t\t<\/div>\n\t\t\t\t<\/div>\n\t\t\t\t<div class=\"elementor-element elementor-element-ab6e808 elementor-widget-divider--view-line sc_fly_static elementor-widget elementor-widget-divider\" data-id=\"ab6e808\" data-element_type=\"widget\" data-widget_type=\"divider.default\">\n\t\t\t\t<div class=\"elementor-widget-container\">\n\t\t\t\t\t\t\t<div class=\"elementor-divider\">\n\t\t\t<span class=\"elementor-divider-separator\">\n\t\t\t\t\t\t<\/span>\n\t\t<\/div>\n\t\t\t\t\t\t<\/div>\n\t\t\t\t<\/div>\n\t\t\t\t<div class=\"elementor-element elementor-element-bc842d3 sc_fly_static elementor-widget elementor-widget-text-editor\" data-id=\"bc842d3\" data-element_type=\"widget\" data-widget_type=\"text-editor.default\">\n\t\t\t\t<div class=\"elementor-widget-container\">\n\t\t\t\t\t\t\t\t\t<table>\n  <tr>\n    <th>Modelo<\/th>\n    <th>T4.81-120B<\/th>\n    <th>T4.81-120W<\/th>\n    <th>T6.41-150B<\/th>\n    <th>T6.41-150W<\/th>\n  <\/tr>\n  <tr>\n    <td>Paso de p\u00edxeles<\/td>\n    <td>4.81<\/td>\n    <td>4.81<\/td>\n    <td>6.41<\/td>\n    <td>6.41<\/td>\n  <\/tr>\n  <tr>\n    <td>Tipo LED<\/td>\n    <td>2020 L\u00e1mpara de interior negra<\/td>\n    <td>1921 L\u00e1mpara de exterior blanca<\/td>\n    <td>2020 L\u00e1mpara de interior negra<\/td>\n    <td>1921 L\u00e1mpara de exterior blanca<\/td>\n  <\/tr>\n  <tr>\n    <td>Tama\u00f1o del m\u00f3dulo (cm)<\/td>\n    <td>Largo 120 x Ancho 25<\/td>\n    <td>Largo 120 x Ancho 25<\/td>\n    <td>Largo 150 x Ancho 25<\/td>\n    <td>Largo 150 x Ancho 25<\/td>\n  <\/tr>\n  <tr>\n    <td>Matriz de p\u00edxeles<\/td>\n    <td>52 x 240<\/td>\n    <td>52 x 240<\/td>\n    <td>39 x 232<\/td>\n    <td>39 x 232<\/td>\n  <\/tr>\n  <tr>\n    <td>Brillo (Nits\/\u33a1)<\/td>\n    <td>1000<\/td>\n    <td>4500<\/td>\n    <td>800<\/td>\n    <td>4200<\/td>\n  <\/tr>\n  <tr>\n    <td>Transparencia<\/td>\n    <td>33%<\/td>\n    <td>33%<\/td>\n    <td>55%<\/td>\n    <td>55%<\/td>\n  <\/tr>\n  <tr>\n    <td>N\u00famero de escaneado<\/td>\n    <td>13<\/td>\n    <td>13<\/td>\n    <td>13<\/td>\n    <td>13<\/td>\n  <\/tr>\n<\/table>\n\t\t\t\t\t\t\t\t<\/div>\n\t\t\t\t<\/div>\n\t\t\t\t\t<\/div>\n\t\t<\/div>\n\t\t\t\t\t<\/div>\n\t\t<\/section>\n\t\t\t\t<\/div>","protected":false},"excerpt":{"rendered":"<ul>\n<li>1. Un chip controlador dedicado dise\u00f1ado para pantallas transparentes, totalmente oculto tras las perlas de LED, que consigue una gran transparencia, sin puntos negros, y una alta frecuencia de actualizaci\u00f3n con una pantalla de alto brillo.<\/li>\n<li>2. 2. Separaci\u00f3n optimizada de la l\u00e1mpara y el controlador; el chip est\u00e1 colocado externamente con una distribuci\u00f3n uniforme, una buena disipaci\u00f3n del calor y una visualizaci\u00f3n precisa del color.<\/li>\n<li>3. Los m\u00f3dulos pueden cortarse arbitrariamente en la direcci\u00f3n de la longitud, y el corte en forma puede maximizarse en la direcci\u00f3n de la anchura.<\/li>\n<li>4. Mayor empuje en las perlas de LED para evitar que se caigan y se rompa el cable; resistente a los impactos, la electricidad est\u00e1tica y el amarilleamiento; f\u00e1cil para el servicio posventa.<\/li>\n<li>5. Puede montarse en la parte delantera o trasera del cristal, y tambi\u00e9n puede instalarse suspendido.<\/li>\n<\/ul>","protected":false},"featured_media":8674,"template":"","meta":[],"product_brand":[],"product_cat":[123],"product_tag":[],"class_list":{"0":"post-8539","1":"product","2":"type-product","3":"status-publish","4":"has-post-thumbnail","6":"product_cat-transparent-leds","8":"first","9":"instock","10":"shipping-taxable","11":"product-type-simple"},"_links":{"self":[{"href":"https:\/\/arben-vision.com\/es\/wp-json\/wp\/v2\/product\/8539","targetHints":{"allow":["GET"]}}],"collection":[{"href":"https:\/\/arben-vision.com\/es\/wp-json\/wp\/v2\/product"}],"about":[{"href":"https:\/\/arben-vision.com\/es\/wp-json\/wp\/v2\/types\/product"}],"version-history":[{"count":5,"href":"https:\/\/arben-vision.com\/es\/wp-json\/wp\/v2\/product\/8539\/revisions"}],"predecessor-version":[{"id":8678,"href":"https:\/\/arben-vision.com\/es\/wp-json\/wp\/v2\/product\/8539\/revisions\/8678"}],"wp:featuredmedia":[{"embeddable":true,"href":"https:\/\/arben-vision.com\/es\/wp-json\/wp\/v2\/media\/8674"}],"wp:attachment":[{"href":"https:\/\/arben-vision.com\/es\/wp-json\/wp\/v2\/media?parent=8539"}],"wp:term":[{"taxonomy":"product_brand","embeddable":true,"href":"https:\/\/arben-vision.com\/es\/wp-json\/wp\/v2\/product_brand?post=8539"},{"taxonomy":"product_cat","embeddable":true,"href":"https:\/\/arben-vision.com\/es\/wp-json\/wp\/v2\/product_cat?post=8539"},{"taxonomy":"product_tag","embeddable":true,"href":"https:\/\/arben-vision.com\/es\/wp-json\/wp\/v2\/product_tag?post=8539"}],"curies":[{"name":"wp","href":"https:\/\/api.w.org\/{rel}","templated":true}]}}