{"id":999,"date":"2022-09-08T19:30:15","date_gmt":"2022-09-08T19:30:15","guid":{"rendered":"http:\/\/arben-vision.com\/?page_id=999"},"modified":"2025-03-14T08:04:11","modified_gmt":"2025-03-14T08:04:11","slug":"privacy-policy","status":"publish","type":"page","link":"https:\/\/arben-vision.com\/es\/privacy-policy\/","title":{"rendered":"Pol\u00edtica de privacidad"},"content":{"rendered":"<div data-elementor-type=\"wp-page\" data-elementor-id=\"999\" class=\"elementor elementor-999\" data-elementor-settings=\"{&quot;element_pack_global_tooltip_width&quot;:{&quot;unit&quot;:&quot;px&quot;,&quot;size&quot;:&quot;&quot;,&quot;sizes&quot;:[]},&quot;element_pack_global_tooltip_width_tablet&quot;:{&quot;unit&quot;:&quot;px&quot;,&quot;size&quot;:&quot;&quot;,&quot;sizes&quot;:[]},&quot;element_pack_global_tooltip_width_mobile&quot;:{&quot;unit&quot;:&quot;px&quot;,&quot;size&quot;:&quot;&quot;,&quot;sizes&quot;:[]},&quot;element_pack_global_tooltip_padding&quot;:{&quot;unit&quot;:&quot;px&quot;,&quot;top&quot;:&quot;&quot;,&quot;right&quot;:&quot;&quot;,&quot;bottom&quot;:&quot;&quot;,&quot;left&quot;:&quot;&quot;,&quot;isLinked&quot;:true},&quot;element_pack_global_tooltip_padding_tablet&quot;:{&quot;unit&quot;:&quot;px&quot;,&quot;top&quot;:&quot;&quot;,&quot;right&quot;:&quot;&quot;,&quot;bottom&quot;:&quot;&quot;,&quot;left&quot;:&quot;&quot;,&quot;isLinked&quot;:true},&quot;element_pack_global_tooltip_padding_mobile&quot;:{&quot;unit&quot;:&quot;px&quot;,&quot;top&quot;:&quot;&quot;,&quot;right&quot;:&quot;&quot;,&quot;bottom&quot;:&quot;&quot;,&quot;left&quot;:&quot;&quot;,&quot;isLinked&quot;:true},&quot;element_pack_global_tooltip_border_radius&quot;:{&quot;unit&quot;:&quot;px&quot;,&quot;top&quot;:&quot;&quot;,&quot;right&quot;:&quot;&quot;,&quot;bottom&quot;:&quot;&quot;,&quot;left&quot;:&quot;&quot;,&quot;isLinked&quot;:true},&quot;element_pack_global_tooltip_border_radius_tablet&quot;:{&quot;unit&quot;:&quot;px&quot;,&quot;top&quot;:&quot;&quot;,&quot;right&quot;:&quot;&quot;,&quot;bottom&quot;:&quot;&quot;,&quot;left&quot;:&quot;&quot;,&quot;isLinked&quot;:true},&quot;element_pack_global_tooltip_border_radius_mobile&quot;:{&quot;unit&quot;:&quot;px&quot;,&quot;top&quot;:&quot;&quot;,&quot;right&quot;:&quot;&quot;,&quot;bottom&quot;:&quot;&quot;,&quot;left&quot;:&quot;&quot;,&quot;isLinked&quot;:true}}\" data-elementor-post-type=\"page\">\n\t\t\t\t\t\t<section class=\"elementor-section elementor-top-section elementor-element elementor-element-59b9c442 elementor-section-boxed elementor-section-height-default elementor-section-height-default sc_fly_static\" data-id=\"59b9c442\" data-element_type=\"section\" data-settings=\"{&quot;background_background&quot;:&quot;classic&quot;}\">\n\t\t\t\t\t\t<div class=\"elementor-container elementor-column-gap-extended\">\n\t\t\t\t\t<div class=\"elementor-column elementor-col-100 elementor-top-column elementor-element elementor-element-7e7d2714 sc_content_align_inherit sc_layouts_column_icons_position_left sc_fly_static\" data-id=\"7e7d2714\" data-element_type=\"column\">\n\t\t\t<div class=\"elementor-widget-wrap elementor-element-populated\">\n\t\t\t\t\t\t<div class=\"elementor-element elementor-element-7437a8de sc_fly_static elementor-widget elementor-widget-text-editor\" data-id=\"7437a8de\" data-element_type=\"widget\" data-widget_type=\"text-editor.default\">\n\t\t\t\t<div class=\"elementor-widget-container\">\n\t\t\t\t\t\t\t\t\t<section id=\"sectionIdtk5i9cm\" class=\"section-container-wrap-block\" data-section=\"section\" data-screen=\"screen-large\"><div class=\"layout\"><p>Esta Pol\u00edtica de privacidad describe c\u00f3mo se recopila, utiliza y comparte su informaci\u00f3n personal cuando visita o realiza una compra en http:\/\/arben-vision.com\/.<br \/>http:\/\/arben-vision.com\/ se compromete firmemente a proteger su privacidad y a proporcionar un entorno en l\u00ednea seguro para todos los usuarios. Con esta pol\u00edtica, nos gustar\u00eda informarle sobre c\u00f3mo se recogen, utilizan y comparten sus datos personales cuando visita o realiza una compra en http:\/\/arben-vision.com\/. Es nuestro deber y obligaci\u00f3n proteger la privacidad de todos los usuarios.<\/p><h1><b>1.\u00a0<\/b><strong><b>\u00bfQU\u00c9 DATOS PERSONALES RECOGEMOS?<\/b><\/strong><\/h1><p>Cuando visita el Sitio, recopilamos autom\u00e1ticamente cierta informaci\u00f3n sobre su dispositivo, incluida informaci\u00f3n sobre su navegador web, direcci\u00f3n IP, zona horaria y algunas de las cookies instaladas en su dispositivo. Adem\u00e1s, a medida que navega por el sitio, recopilamos informaci\u00f3n sobre las p\u00e1ginas web o productos que visita, qu\u00e9 sitios web o t\u00e9rminos de b\u00fasqueda le han remitido al sitio e informaci\u00f3n sobre c\u00f3mo interact\u00faa con el sitio. Nos referimos a esta informaci\u00f3n recopilada autom\u00e1ticamente como \"Informaci\u00f3n del dispositivo\".<br \/><br \/>Recopilamos informaci\u00f3n sobre dispositivos utilizando las siguientes tecnolog\u00edas:<br \/><br \/>- Las \"cookies\" son archivos de datos que se colocan en su dispositivo u ordenador y suelen incluir un identificador \u00fanico an\u00f3nimo. Para obtener m\u00e1s informaci\u00f3n sobre las cookies y c\u00f3mo desactivarlas, visite http:\/\/www.allaboutcookies.org.<br \/><br \/>- Los \"archivos de registro\" rastrean las acciones que se producen en el sitio y recopilan datos como su direcci\u00f3n IP, tipo de navegador, proveedor de servicios de Internet, p\u00e1ginas de referencia\/salida y sellos de fecha\/hora.<br \/><br \/>- Las \"balizas web\", \"etiquetas\" y \"p\u00edxeles\" son archivos electr\u00f3nicos que se utilizan para registrar informaci\u00f3n sobre c\u00f3mo navega por el Sitio.<br \/><br \/>Adem\u00e1s, cuando realiza una compra o intenta realizarla a trav\u00e9s del Sitio, recopilamos determinada informaci\u00f3n sobre usted, como su nombre, direcci\u00f3n de facturaci\u00f3n, direcci\u00f3n de env\u00edo, informaci\u00f3n de pago (incluidos los n\u00fameros de las tarjetas de cr\u00e9dito), direcci\u00f3n de correo electr\u00f3nico y n\u00famero de tel\u00e9fono. Nos referimos a esta informaci\u00f3n como \"Informaci\u00f3n del pedido\".<br \/><br \/>Cuando hablamos de \"Datos Personales\" en esta Pol\u00edtica de Privacidad, nos referimos tanto a los Datos del Dispositivo como a los Datos del Pedido.<\/p><h1><b>2.\u00a0<\/b><strong><b>\u00bfCOMPARTIMOS DATOS PERSONALES?<\/b><\/strong><\/h1><p>Utilizamos los Datos del pedido que recopilamos generalmente para tramitar cualquier pedido realizado a trav\u00e9s del Sitio (incluido el procesamiento de su informaci\u00f3n de pago, la organizaci\u00f3n del env\u00edo y el env\u00edo de facturas y\/o confirmaciones de pedido). Adem\u00e1s, utilizamos esta Informaci\u00f3n de pedido para:<br \/><br \/>- Comunicarnos con usted;<br \/><br \/>- Examinar nuestros pedidos para detectar posibles riesgos o fraudes;<br \/><br \/>- Cuando est\u00e9 en consonancia con las preferencias que haya compartido con nosotros, proporcionarle informaci\u00f3n o publicidad relacionada con nuestros productos o servicios.<br \/><br \/>Utilizamos la Informaci\u00f3n del dispositivo que recopilamos para ayudarnos a detectar posibles riesgos y fraudes (en particular, su direcci\u00f3n IP) y, de forma m\u00e1s general, para mejorar y optimizar nuestro Sitio (por ejemplo, generando an\u00e1lisis sobre c\u00f3mo nuestros clientes navegan e interact\u00faan con el Sitio, y para evaluar el \u00e9xito de nuestras campa\u00f1as de marketing y publicidad).<\/p><h1><b>3.\u00a0<\/b><strong><b>\u00bfCOMPARTIMOS DATOS PERSONALES?<\/b><\/strong><\/h1><p>No vendemos, cedemos, alquilamos ni revelamos de ning\u00fan otro modo sus datos personales a terceros.<\/p><h1><b>4.\u00a0<\/b><strong><b>CAMBIOS<\/b><\/strong><\/h1><p>Podemos actualizar esta pol\u00edtica de privacidad de vez en cuando para reflejar, por ejemplo, cambios en nuestras pr\u00e1cticas o por otras razones operativas, legales o reglamentarias.<\/p><h1><b>5.\u00a0<\/b><strong><b>CONTACTO<\/b><\/strong><\/h1><p>Para obtener m\u00e1s informaci\u00f3n sobre nuestras pr\u00e1cticas de privacidad, si tiene alguna pregunta o si desea presentar una queja, p\u00f3ngase en contacto con nosotros por correo electr\u00f3nico en lynn.zhang@ntprkj.com.<\/p><\/div><\/section>\t\t\t\t\t\t\t\t<\/div>\n\t\t\t\t<\/div>\n\t\t\t\t\t<\/div>\n\t\t<\/div>\n\t\t\t\t\t<\/div>\n\t\t<\/section>\n\t\t\t\t<\/div>","protected":false},"excerpt":{"rendered":"<p>Esta Pol\u00edtica de privacidad describe c\u00f3mo se recopila, utiliza y comparte su informaci\u00f3n personal cuando visita o realiza una compra en http:\/\/arben-vision.com\/.http:\/\/arben-vision.com\/. http:\/\/arben-vision.com\/.http:\/\/arben-vision.com\/ se compromete firmemente a proteger su privacidad y a proporcionarle...<\/p>","protected":false},"author":1,"featured_media":0,"parent":0,"menu_order":0,"comment_status":"closed","ping_status":"closed","template":"","meta":{"footnotes":""},"class_list":["post-999","page","type-page","status-publish","hentry"],"_links":{"self":[{"href":"https:\/\/arben-vision.com\/es\/wp-json\/wp\/v2\/pages\/999","targetHints":{"allow":["GET"]}}],"collection":[{"href":"https:\/\/arben-vision.com\/es\/wp-json\/wp\/v2\/pages"}],"about":[{"href":"https:\/\/arben-vision.com\/es\/wp-json\/wp\/v2\/types\/page"}],"author":[{"embeddable":true,"href":"https:\/\/arben-vision.com\/es\/wp-json\/wp\/v2\/users\/1"}],"replies":[{"embeddable":true,"href":"https:\/\/arben-vision.com\/es\/wp-json\/wp\/v2\/comments?post=999"}],"version-history":[{"count":3,"href":"https:\/\/arben-vision.com\/es\/wp-json\/wp\/v2\/pages\/999\/revisions"}],"predecessor-version":[{"id":7597,"href":"https:\/\/arben-vision.com\/es\/wp-json\/wp\/v2\/pages\/999\/revisions\/7597"}],"wp:attachment":[{"href":"https:\/\/arben-vision.com\/es\/wp-json\/wp\/v2\/media?parent=999"}],"curies":[{"name":"wp","href":"https:\/\/api.w.org\/{rel}","templated":true}]}}