{"id":7131,"date":"2025-02-22T02:14:04","date_gmt":"2025-02-22T02:14:04","guid":{"rendered":"http:\/\/arben-vision.com\/?page_id=7131"},"modified":"2025-06-18T03:36:49","modified_gmt":"2025-06-18T03:36:49","slug":"case","status":"publish","type":"page","link":"https:\/\/arben-vision.com\/es\/case\/","title":{"rendered":"Caso"},"content":{"rendered":"<div data-elementor-type=\"wp-page\" data-elementor-id=\"7131\" class=\"elementor elementor-7131\" data-elementor-settings=\"{&quot;element_pack_global_tooltip_width&quot;:{&quot;unit&quot;:&quot;px&quot;,&quot;size&quot;:&quot;&quot;,&quot;sizes&quot;:[]},&quot;element_pack_global_tooltip_width_tablet&quot;:{&quot;unit&quot;:&quot;px&quot;,&quot;size&quot;:&quot;&quot;,&quot;sizes&quot;:[]},&quot;element_pack_global_tooltip_width_mobile&quot;:{&quot;unit&quot;:&quot;px&quot;,&quot;size&quot;:&quot;&quot;,&quot;sizes&quot;:[]},&quot;element_pack_global_tooltip_padding&quot;:{&quot;unit&quot;:&quot;px&quot;,&quot;top&quot;:&quot;&quot;,&quot;right&quot;:&quot;&quot;,&quot;bottom&quot;:&quot;&quot;,&quot;left&quot;:&quot;&quot;,&quot;isLinked&quot;:true},&quot;element_pack_global_tooltip_padding_tablet&quot;:{&quot;unit&quot;:&quot;px&quot;,&quot;top&quot;:&quot;&quot;,&quot;right&quot;:&quot;&quot;,&quot;bottom&quot;:&quot;&quot;,&quot;left&quot;:&quot;&quot;,&quot;isLinked&quot;:true},&quot;element_pack_global_tooltip_padding_mobile&quot;:{&quot;unit&quot;:&quot;px&quot;,&quot;top&quot;:&quot;&quot;,&quot;right&quot;:&quot;&quot;,&quot;bottom&quot;:&quot;&quot;,&quot;left&quot;:&quot;&quot;,&quot;isLinked&quot;:true},&quot;element_pack_global_tooltip_border_radius&quot;:{&quot;unit&quot;:&quot;px&quot;,&quot;top&quot;:&quot;&quot;,&quot;right&quot;:&quot;&quot;,&quot;bottom&quot;:&quot;&quot;,&quot;left&quot;:&quot;&quot;,&quot;isLinked&quot;:true},&quot;element_pack_global_tooltip_border_radius_tablet&quot;:{&quot;unit&quot;:&quot;px&quot;,&quot;top&quot;:&quot;&quot;,&quot;right&quot;:&quot;&quot;,&quot;bottom&quot;:&quot;&quot;,&quot;left&quot;:&quot;&quot;,&quot;isLinked&quot;:true},&quot;element_pack_global_tooltip_border_radius_mobile&quot;:{&quot;unit&quot;:&quot;px&quot;,&quot;top&quot;:&quot;&quot;,&quot;right&quot;:&quot;&quot;,&quot;bottom&quot;:&quot;&quot;,&quot;left&quot;:&quot;&quot;,&quot;isLinked&quot;:true}}\" data-elementor-post-type=\"page\">\n\t\t\t\t\t\t<section class=\"elementor-section elementor-top-section elementor-element elementor-element-7345cf7 elementor-section-boxed elementor-section-height-default elementor-section-height-default sc_fly_static\" data-id=\"7345cf7\" data-element_type=\"section\">\n\t\t\t\t\t\t<div class=\"elementor-container elementor-column-gap-extended\">\n\t\t\t\t\t<div class=\"elementor-column elementor-col-100 elementor-top-column elementor-element elementor-element-bcd21b8 sc_content_align_inherit sc_layouts_column_icons_position_left sc_fly_static\" data-id=\"bcd21b8\" data-element_type=\"column\">\n\t\t\t<div class=\"elementor-widget-wrap elementor-element-populated\">\n\t\t\t\t\t\t<div class=\"elementor-element elementor-element-13e45ff sc_fly_static elementor-widget elementor-widget-heading\" data-id=\"13e45ff\" data-element_type=\"widget\" data-widget_type=\"heading.default\">\n\t\t\t\t<div class=\"elementor-widget-container\">\n\t\t\t\t\t<h2 class=\"elementor-heading-title elementor-size-default\">Ejemplos t\u00edpicos de proyectos de ingenier\u00eda\n<\/h2>\t\t\t\t<\/div>\n\t\t\t\t<\/div>\n\t\t\t\t\t<\/div>\n\t\t<\/div>\n\t\t\t\t\t<\/div>\n\t\t<\/section>\n\t\t\t\t<section class=\"elementor-section elementor-top-section elementor-element elementor-element-9e70d19 elementor-section-boxed elementor-section-height-default elementor-section-height-default sc_fly_static\" data-id=\"9e70d19\" data-element_type=\"section\">\n\t\t\t\t\t\t<div class=\"elementor-container elementor-column-gap-extended\">\n\t\t\t\t\t<div class=\"elementor-column elementor-col-100 elementor-top-column elementor-element elementor-element-568bbac sc_content_align_inherit sc_layouts_column_icons_position_left sc_fly_static\" data-id=\"568bbac\" data-element_type=\"column\">\n\t\t\t<div class=\"elementor-widget-wrap elementor-element-populated\">\n\t\t\t\t\t\t<div class=\"elementor-element elementor-element-c821d5d sc_fly_static elementor-widget elementor-widget-text-editor\" data-id=\"c821d5d\" data-element_type=\"widget\" data-widget_type=\"text-editor.default\">\n\t\t\t\t<div class=\"elementor-widget-container\">\n\t\t\t\t\t\t\t\t\t<div class=\"elementor-element elementor-element-793f7a6 e-flex e-con-boxed e-con e-parent e-lazyloaded\" data-id=\"793f7a6\" data-element_type=\"container\"><span data-mce-type=\"bookmark\" style=\"display: inline-block; width: 0px; overflow: hidden; line-height: 0;\" class=\"mce_SELRES_start\"><\/span>\n<div class=\"e-con-inner\">\n<div class=\"elementor-element elementor-element-a4e5651 elementor-widget elementor-widget-text-editor\" data-id=\"a4e5651\" data-element_type=\"widget\" data-widget_type=\"text-editor.default\">\n<div class=\"elementor-widget-container\">\n<div class=\"elementor-element elementor-element-793f7a6 e-flex e-con-boxed e-con e-parent e-lazyloaded\" data-id=\"793f7a6\" data-element_type=\"container\">\n<div class=\"e-con-inner\">\n<div class=\"elementor-element elementor-element-a4e5651 elementor-widget elementor-widget-text-editor\" data-id=\"a4e5651\" data-element_type=\"widget\" data-widget_type=\"text-editor.default\">\n<div class=\"elementor-widget-container\">\n\nEn Arben Vision LED Factory, somos conscientes de que cada proyecto tiene sus propios requisitos. Por eso nos centramos en ofrecer soluciones de pantallas LED totalmente personalizadas basadas en el entorno de instalaci\u00f3n espec\u00edfico, el escenario de uso y las expectativas visuales. Nuestro equipo de expertos colabora estrechamente con los clientes para garantizar que cada pantalla ofrezca un rendimiento, una estabilidad y un efecto visual excepcionales.\n\n\n\n<\/div>\n<\/div>\n<\/div>\n<\/div>\n<\/div>\n<\/div>\n<\/div>\n<\/div>\t\t\t\t\t\t\t\t<\/div>\n\t\t\t\t<\/div>\n\t\t\t\t\t<\/div>\n\t\t<\/div>\n\t\t\t\t\t<\/div>\n\t\t<\/section>\n\t\t\t\t<section class=\"elementor-section elementor-top-section elementor-element elementor-element-3a40f75 elementor-section-boxed elementor-section-height-default elementor-section-height-default sc_fly_static\" data-id=\"3a40f75\" data-element_type=\"section\">\n\t\t\t\t\t\t<div class=\"elementor-container elementor-column-gap-extended\">\n\t\t\t\t\t<div class=\"elementor-column elementor-col-100 elementor-top-column elementor-element elementor-element-f6a4f9e sc_content_align_inherit sc_layouts_column_icons_position_left sc_fly_static\" data-id=\"f6a4f9e\" data-element_type=\"column\">\n\t\t\t<div class=\"elementor-widget-wrap elementor-element-populated\">\n\t\t\t\t\t\t<div class=\"elementor-element elementor-element-b05948d sc_fly_static elementor-widget elementor-widget-trx_sc_portfolio\" data-id=\"b05948d\" data-element_type=\"widget\" data-widget_type=\"trx_sc_portfolio.default\">\n\t\t\t\t<div class=\"elementor-widget-container\">\n\t\t\t\t\t<div \t\tclass=\"sc_portfolio sc_portfolio_qw-simple\"><div class=\"sc_portfolio_columns_wrap sc_item_columns sc_item_posts_container trx_addons_columns_wrap columns_padding_bottom grid_wrap_6\"><div class=\"trx_addons_column-1_3 trx_addons_column-1_2-mobile\"><div data-post-id=\"8591\" class=\"sc_portfolio_item sc_item_container post_container\">\n\t<div class=\"post_featured with_thumb hover_link sc_portfolio_item_thumb post_featured_bg\"><span class=\"post_thumb post_thumb_bg bg_in fabrica_inline_1085818920\"><\/span>\t\t\t\t\t\t<div class=\"mask\"><\/div>\n\t\t\t\t\t\t\t\t\t<a href=\"https:\/\/arben-vision.com\/es\/portfolio\/shenzhen-science-and-technology-museum\/\"  aria-hidden=\"true\" class=\"link\"><\/a>\n\t\t\t<\/div><div class=\"sc_portfolio_item_content\">\n\t<h5 class=\"post_title\"><a href=\"https:\/\/arben-vision.com\/es\/portfolio\/shenzhen-science-and-technology-museum\/\">Museo de Ciencia y Tecnolog\u00eda de Shenzhen<\/a>\n\t\t\t<\/h5>\n<\/div>\n\t\n<\/div><\/div><div class=\"trx_addons_column-1_3 trx_addons_column-1_2-mobile\"><div data-post-id=\"8615\" class=\"sc_portfolio_item sc_item_container post_container\">\n\t<div class=\"post_featured with_thumb hover_link sc_portfolio_item_thumb post_featured_bg\"><span class=\"post_thumb post_thumb_bg bg_in fabrica_inline_973603147\"><\/span>\t\t\t\t\t\t<div class=\"mask\"><\/div>\n\t\t\t\t\t\t\t\t\t<a href=\"https:\/\/arben-vision.com\/es\/portfolio\/heze-yealink-dip10-energy-saving-full-color-screen\/\"  aria-hidden=\"true\" class=\"link\"><\/a>\n\t\t\t<\/div><div class=\"sc_portfolio_item_content\">\n\t<h5 class=\"post_title\"><a href=\"https:\/\/arben-vision.com\/es\/portfolio\/heze-yealink-dip10-energy-saving-full-color-screen\/\">Heze Yealink DIP10 pantalla a todo color de bajo consumo 248\u33a1 2 piezas<\/a>\n\t\t\t<\/h5>\n<\/div>\n\t\n<\/div><\/div><div class=\"trx_addons_column-1_3 trx_addons_column-1_2-mobile\"><div data-post-id=\"8620\" class=\"sc_portfolio_item sc_item_container post_container\">\n\t<div class=\"post_featured with_thumb hover_link sc_portfolio_item_thumb post_featured_bg\"><span class=\"post_thumb post_thumb_bg bg_in fabrica_inline_585986737\"><\/span>\t\t\t\t\t\t<div class=\"mask\"><\/div>\n\t\t\t\t\t\t\t\t\t<a href=\"https:\/\/arben-vision.com\/es\/portfolio\/shunchang-museum-p2-special-shaped-screen-38%e3%8e%a1\/\"  aria-hidden=\"true\" class=\"link\"><\/a>\n\t\t\t<\/div><div class=\"sc_portfolio_item_content\">\n\t<h5 class=\"post_title\"><a href=\"https:\/\/arben-vision.com\/es\/portfolio\/shunchang-museum-p2-special-shaped-screen-38%e3%8e%a1\/\">Pantalla con forma especial P2 del Museo Shunchang 38\u33a1<\/a>\n\t\t\t<\/h5>\n<\/div>\n\t\n<\/div><\/div><div class=\"trx_addons_column-1_3 trx_addons_column-1_2-mobile\"><div data-post-id=\"8623\" class=\"sc_portfolio_item sc_item_container post_container\">\n\t<div class=\"post_featured with_thumb hover_link sc_portfolio_item_thumb post_featured_bg\"><span class=\"post_thumb post_thumb_bg bg_in fabrica_inline_1887919748\"><\/span>\t\t\t\t\t\t<div class=\"mask\"><\/div>\n\t\t\t\t\t\t\t\t\t<a href=\"https:\/\/arben-vision.com\/es\/portfolio\/shandong-qingzhou-museum\/\"  aria-hidden=\"true\" class=\"link\"><\/a>\n\t\t\t<\/div><div class=\"sc_portfolio_item_content\">\n\t<h5 class=\"post_title\"><a href=\"https:\/\/arben-vision.com\/es\/portfolio\/shandong-qingzhou-museum\/\">Museo de Shandong Qingzhou<\/a>\n\t\t\t<\/h5>\n<\/div>\n\t\n<\/div><\/div><div class=\"trx_addons_column-1_3 trx_addons_column-1_2-mobile\"><div data-post-id=\"8627\" class=\"sc_portfolio_item sc_item_container post_container\">\n\t<div class=\"post_featured with_thumb hover_link sc_portfolio_item_thumb post_featured_bg\"><span class=\"post_thumb post_thumb_bg bg_in fabrica_inline_682521412\"><\/span>\t\t\t\t\t\t<div class=\"mask\"><\/div>\n\t\t\t\t\t\t\t\t\t<a href=\"https:\/\/arben-vision.com\/es\/portfolio\/langfang-360-holographic-projection-sand-table\/\"  aria-hidden=\"true\" class=\"link\"><\/a>\n\t\t\t<\/div><div class=\"sc_portfolio_item_content\">\n\t<h5 class=\"post_title\"><a href=\"https:\/\/arben-vision.com\/es\/portfolio\/langfang-360-holographic-projection-sand-table\/\">Mesa de arena de proyecci\u00f3n hologr\u00e1fica de 360\u00b0 Langfang<\/a>\n\t\t\t<\/h5>\n<\/div>\n\t\n<\/div><\/div><div class=\"trx_addons_column-1_3 trx_addons_column-1_2-mobile\"><div data-post-id=\"8630\" class=\"sc_portfolio_item sc_item_container post_container\">\n\t<div class=\"post_featured with_thumb hover_link sc_portfolio_item_thumb post_featured_bg\"><span class=\"post_thumb post_thumb_bg bg_in fabrica_inline_838202530\"><\/span>\t\t\t\t\t\t<div class=\"mask\"><\/div>\n\t\t\t\t\t\t\t\t\t<a href=\"https:\/\/arben-vision.com\/es\/portfolio\/guangzhou-news-press-school\/\"  aria-hidden=\"true\" class=\"link\"><\/a>\n\t\t\t<\/div><div class=\"sc_portfolio_item_content\">\n\t<h5 class=\"post_title\"><a href=\"https:\/\/arben-vision.com\/es\/portfolio\/guangzhou-news-press-school\/\">Escuela de Prensa de Guangzhou<\/a>\n\t\t\t<\/h5>\n<\/div>\n\t\n<\/div><\/div><\/div><nav class=\"sc_portfolio_pagination sc_item_pagination sc_item_pagination_prev_next nav-links-old  sc_align_none\"\n\t\t\tdata-params=\"{&quot;cat&quot;:&quot;100&quot;,&quot;columns&quot;:3,&quot;columns_widescreen&quot;:&quot;&quot;,&quot;columns_laptop&quot;:&quot;&quot;,&quot;columns_tablet_extra&quot;:{&quot;unit&quot;:&quot;px&quot;,&quot;size&quot;:&quot;&quot;,&quot;sizes&quot;:[]},&quot;columns_tablet&quot;:&quot;&quot;,&quot;columns_mobile_extra&quot;:{&quot;unit&quot;:&quot;px&quot;,&quot;size&quot;:2,&quot;sizes&quot;:[]},&quot;columns_mobile&quot;:2,&quot;count&quot;:6,&quot;offset&quot;:0,&quot;orderby&quot;:&quot;none&quot;,&quot;order&quot;:&quot;asc&quot;,&quot;ids&quot;:&quot;&quot;,&quot;slider&quot;:false,&quot;slider_effect&quot;:&quot;slide&quot;,&quot;slider_pagination&quot;:&quot;none&quot;,&quot;slider_pagination_type&quot;:&quot;bullets&quot;,&quot;slider_pagination_thumbs&quot;:0,&quot;slider_controls&quot;:&quot;none&quot;,&quot;slides_space&quot;:0,&quot;slides_centered&quot;:&quot;&quot;,&quot;slides_overflow&quot;:&quot;&quot;,&quot;slider_mouse_wheel&quot;:&quot;&quot;,&quot;slider_autoplay&quot;:&quot;1&quot;,&quot;slider_loop&quot;:&quot;1&quot;,&quot;slider_free_mode&quot;:&quot;&quot;,&quot;title&quot;:&quot;&quot;,&quot;title_align&quot;:&quot;none&quot;,&quot;title_style&quot;:&quot;default&quot;,&quot;title_tag&quot;:&quot;none&quot;,&quot;title_color&quot;:&quot;&quot;,&quot;title_color2&quot;:&quot;&quot;,&quot;gradient_fill&quot;:&quot;block&quot;,&quot;gradient_direction&quot;:&quot;0&quot;,&quot;title_border_color&quot;:&quot;&quot;,&quot;title_border_width&quot;:&quot;&quot;,&quot;title_bg_image&quot;:&quot;&quot;,&quot;title2&quot;:&quot;&quot;,&quot;title2_color&quot;:&quot;&quot;,&quot;title2_color2&quot;:&quot;&quot;,&quot;gradient_fill2&quot;:&quot;block&quot;,&quot;gradient_direction2&quot;:&quot;0&quot;,&quot;title2_border_color&quot;:&quot;&quot;,&quot;title2_border_width&quot;:&quot;&quot;,&quot;title2_bg_image&quot;:&quot;&quot;,&quot;subtitle&quot;:&quot;&quot;,&quot;subtitle_align&quot;:&quot;none&quot;,&quot;subtitle_position&quot;:&quot;above&quot;,&quot;subtitle_color&quot;:&quot;&quot;,&quot;description&quot;:&quot;&quot;,&quot;description_color&quot;:&quot;&quot;,&quot;link&quot;:&quot;&quot;,&quot;link_style&quot;:&quot;default&quot;,&quot;link_size&quot;:&quot;normal&quot;,&quot;link_image&quot;:&quot;&quot;,&quot;link_text&quot;:&quot;&quot;,&quot;new_window&quot;:0,&quot;typed&quot;:&quot;&quot;,&quot;typed_strings&quot;:&quot;&quot;,&quot;typed_loop&quot;:&quot;1&quot;,&quot;typed_cursor&quot;:&quot;1&quot;,&quot;typed_cursor_char&quot;:&quot;_&quot;,&quot;typed_color&quot;:&quot;&quot;,&quot;typed_speed&quot;:&quot;6&quot;,&quot;typed_delay&quot;:&quot;1&quot;,&quot;id&quot;:&quot;&quot;,&quot;class&quot;:&quot;&quot;,&quot;className&quot;:&quot;&quot;,&quot;css&quot;:&quot;&quot;,&quot;type&quot;:&quot;qw-simple&quot;,&quot;more_text&quot;:&quot;Read more&quot;,&quot;pagination&quot;:&quot;prev_next&quot;,&quot;no_margin&quot;:&quot;&quot;,&quot;page&quot;:1,&quot;posts_exclude&quot;:&quot;&quot;,&quot;use_masonry&quot;:&quot;&quot;,&quot;use_gallery&quot;:&quot;&quot;,&quot;count_extra&quot;:{&quot;unit&quot;:&quot;px&quot;,&quot;size&quot;:6,&quot;sizes&quot;:[]},&quot;columns_extra&quot;:{&quot;unit&quot;:&quot;px&quot;,&quot;size&quot;:3,&quot;sizes&quot;:[]},&quot;offset_extra&quot;:{&quot;unit&quot;:&quot;px&quot;,&quot;size&quot;:0,&quot;sizes&quot;:[]},&quot;slides_space_extra&quot;:{&quot;unit&quot;:&quot;px&quot;,&quot;size&quot;:0,&quot;sizes&quot;:[]},&quot;gradient_direction_extra&quot;:{&quot;unit&quot;:&quot;px&quot;,&quot;size&quot;:0,&quot;sizes&quot;:[]},&quot;typed_speed_extra&quot;:{&quot;unit&quot;:&quot;px&quot;,&quot;size&quot;:6,&quot;sizes&quot;:[]},&quot;typed_delay_extra&quot;:{&quot;unit&quot;:&quot;px&quot;,&quot;size&quot;:1,&quot;sizes&quot;:[]},&quot;gradient_direction2_extra&quot;:{&quot;unit&quot;:&quot;px&quot;,&quot;size&quot;:0,&quot;sizes&quot;:[]},&quot;link_extra&quot;:{&quot;url&quot;:&quot;&quot;,&quot;is_external&quot;:&quot;&quot;,&quot;nofollow&quot;:&quot;&quot;,&quot;custom_attributes&quot;:&quot;&quot;},&quot;link_image_extra&quot;:{&quot;url&quot;:&quot;&quot;,&quot;id&quot;:&quot;&quot;,&quot;size&quot;:&quot;&quot;},&quot;scheme&quot;:&quot;&quot;,&quot;color_style&quot;:&quot;default&quot;,&quot;mouse_helper_highlight&quot;:&quot;&quot;,&quot;item_number&quot;:6,&quot;sc&quot;:&quot;sc_portfolio&quot;}\"\n\t\t\trole=\"navigation\"\n\t\t><span class=\"nav-prev nav-disabled\"><a href=\"#\" data-page=\"0\"><span class=\"nav-prev-label\">Anterior<\/span><\/a><\/span><span class=\"nav-next\"><a href=\"#\" data-page=\"2\"><span class=\"nav-next-label\">Siguiente<\/span><\/a><\/span><\/nav><\/div>\t\t\t\t<\/div>\n\t\t\t\t<\/div>\n\t\t\t\t\t<\/div>\n\t\t<\/div>\n\t\t\t\t\t<\/div>\n\t\t<\/section>\n\t\t\t\t<\/div>","protected":false},"excerpt":{"rendered":"<p>Ejemplos t\u00edpicos de proyecto de ingenier\u00eda En Arben Vision LED Factory, entendemos que cada proyecto tiene sus propios requisitos \u00fanicos. Por eso nos centramos en ofrecer soluciones LED...<\/p>","protected":false},"author":1,"featured_media":0,"parent":0,"menu_order":0,"comment_status":"closed","ping_status":"closed","template":"","meta":{"footnotes":""},"class_list":["post-7131","page","type-page","status-publish","hentry"],"_links":{"self":[{"href":"https:\/\/arben-vision.com\/es\/wp-json\/wp\/v2\/pages\/7131","targetHints":{"allow":["GET"]}}],"collection":[{"href":"https:\/\/arben-vision.com\/es\/wp-json\/wp\/v2\/pages"}],"about":[{"href":"https:\/\/arben-vision.com\/es\/wp-json\/wp\/v2\/types\/page"}],"author":[{"embeddable":true,"href":"https:\/\/arben-vision.com\/es\/wp-json\/wp\/v2\/users\/1"}],"replies":[{"embeddable":true,"href":"https:\/\/arben-vision.com\/es\/wp-json\/wp\/v2\/comments?post=7131"}],"version-history":[{"count":16,"href":"https:\/\/arben-vision.com\/es\/wp-json\/wp\/v2\/pages\/7131\/revisions"}],"predecessor-version":[{"id":8564,"href":"https:\/\/arben-vision.com\/es\/wp-json\/wp\/v2\/pages\/7131\/revisions\/8564"}],"wp:attachment":[{"href":"https:\/\/arben-vision.com\/es\/wp-json\/wp\/v2\/media?parent=7131"}],"curies":[{"name":"wp","href":"https:\/\/api.w.org\/{rel}","templated":true}]}}