{"id":8835,"date":"2025-08-01T11:56:53","date_gmt":"2025-08-01T11:56:53","guid":{"rendered":"https:\/\/arben-vision.com\/?post_type=product&#038;p=8835"},"modified":"2025-08-01T11:56:53","modified_gmt":"2025-08-01T11:56:53","slug":"500x1000-v-indoor-cabinet-die-cast-aluminum","status":"publish","type":"product","link":"https:\/\/arben-vision.com\/de\/produkt\/500x1000-v-indoor-cabinet-die-cast-aluminum\/","title":{"rendered":"500X1000-V Innengeh\u00e4use Aluminium-Druckguss"},"content":{"rendered":"<p><img decoding=\"async\" class=\"alignnone size-medium wp-image-8837\" src=\"https:\/\/arben-vision.com\/wp-content\/uploads\/2025\/08\/wechat_2025-08-01_195249_205-300x164.png\" alt=\"\" width=\"300\" height=\"164\" srcset=\"https:\/\/arben-vision.com\/wp-content\/uploads\/2025\/08\/wechat_2025-08-01_195249_205-300x164.png 300w, https:\/\/arben-vision.com\/wp-content\/uploads\/2025\/08\/wechat_2025-08-01_195249_205-18x10.png 18w, https:\/\/arben-vision.com\/wp-content\/uploads\/2025\/08\/wechat_2025-08-01_195249_205.png 326w\" sizes=\"(max-width: 300px) 100vw, 300px\" \/><\/p>\n<p><strong>Technische Parameter<\/strong><\/p>\n<table style=\"border-collapse: collapse; width: 526.52pt;\" border=\"0\" width=\"702\" cellspacing=\"0\" cellpadding=\"0\">\n<tbody>\n<tr style=\"height: 38.00pt;\">\n<td class=\"et2\" style=\"height: 38.00pt; width: 175.50pt;\" width=\"234\" height=\"50\">Spezifikation<\/td>\n<td class=\"et2\" style=\"width: 175.50pt;\" width=\"234\">500X1000-V Aluminium-Druckguss-Geh\u00e4use<\/td>\n<td class=\"et2\" style=\"width: 175.50pt;\" width=\"234\">500X1000-V Innenraum-Schrank<\/td>\n<\/tr>\n<tr style=\"height: 34.50pt;\">\n<td class=\"et2\" style=\"height: 34.50pt; width: 175.50pt;\" width=\"234\" height=\"46\">Produktname<\/td>\n<td class=\"et2\" style=\"width: 175.50pt;\" width=\"234\">500X1000-V Aluminium-Druckguss-Geh\u00e4use<\/td>\n<td class=\"et2\" style=\"width: 175.50pt;\" width=\"234\">500X1000-V Innenraum-Schrank<\/td>\n<\/tr>\n<tr style=\"height: 51.75pt;\">\n<td class=\"et2\" style=\"height: 51.75pt; width: 175.50pt;\" width=\"234\" height=\"69\">Modul-Spezifikation<\/td>\n<td class=\"et2\" style=\"width: 175.50pt;\" width=\"234\">250mm\u00d7500mm P3.91\/P4.81\/P2.976\/P2.604\/P1.95<\/td>\n<td class=\"et2\" style=\"width: 175.50pt;\" width=\"234\">250mm\u00d7500mm P3.91\/P4.81\/P2.976\/P2.604\/P1.95<\/td>\n<\/tr>\n<tr style=\"height: 24.00pt;\">\n<td class=\"et2\" style=\"height: 24.00pt; width: 175.50pt;\" width=\"234\" height=\"32\">Kabinett Gr\u00f6\u00dfe<\/td>\n<td class=\"et2\" style=\"width: 175.50pt;\" width=\"234\">500mm\u00d71000mm\u00d749mm<\/td>\n<td class=\"et2\" style=\"width: 175.50pt;\" width=\"234\">500mm\u00d71000mm\u00d749mm<\/td>\n<\/tr>\n<tr style=\"height: 24.00pt;\">\n<td class=\"et2\" style=\"height: 24.00pt; width: 175.50pt;\" width=\"234\" height=\"32\">Gewicht<\/td>\n<td class=\"et2\" style=\"width: 175.50pt;\" width=\"234\">5.4KG<\/td>\n<td class=\"et2\" style=\"width: 175.50pt;\" width=\"234\">5.4KG<\/td>\n<\/tr>\n<tr style=\"height: 24.00pt;\">\n<td class=\"et2\" style=\"height: 24.00pt; width: 175.50pt;\" width=\"234\" height=\"32\">Einrichtung<\/td>\n<td class=\"et2\" style=\"width: 175.50pt;\" width=\"234\">Heben und feste Installation<\/td>\n<td class=\"et2\" style=\"width: 175.50pt;\" width=\"234\">Heben und feste Installation<\/td>\n<\/tr>\n<tr style=\"height: 24.00pt;\">\n<td class=\"et2\" style=\"height: 24.00pt; width: 175.50pt;\" width=\"234\" height=\"32\">Module pro Kabinett<\/td>\n<td class=\"et2\" style=\"width: 175.50pt;\" width=\"234\">Acht Module pro Kabinett<\/td>\n<td class=\"et2\" style=\"width: 175.50pt;\" width=\"234\">Acht Module pro Kabinett<\/td>\n<\/tr>\n<tr style=\"height: 24.00pt;\">\n<td class=\"et2\" style=\"height: 24.00pt; width: 175.50pt;\" width=\"234\" height=\"32\">Umwelt<\/td>\n<td class=\"et2\" style=\"width: 175.50pt;\" width=\"234\">Innen (IP30) \/ Au\u00dfen (IP65)<\/td>\n<td class=\"et2\" style=\"width: 175.50pt;\" width=\"234\">Innenbereich (IP30)\/Au\u00dfenbereich (IP65)<\/td>\n<\/tr>\n<tr style=\"height: 69.00pt;\">\n<td class=\"et2\" style=\"height: 69.00pt; width: 175.50pt;\" width=\"234\" height=\"92\">Standard-Zubeh\u00f6r<\/td>\n<td class=\"et2\" style=\"width: 175.50pt;\" width=\"234\">2PCS: Passstifte, 1PCS: T\u00fcrplatte, 1PCS: Steckdosenleiste, 3PCS: Schraubverschl\u00fcsse, 1PCS: Flachstecker<\/td>\n<td class=\"et2\" style=\"width: 175.50pt;\" width=\"234\">2PCS: Passstifte, 3PCS: T\u00fcrplatte, 1PCS: Steckdosenleiste, 3PCS: Schraubverschl\u00fcsse, 1PCS: Flachstecker<\/td>\n<\/tr>\n<\/tbody>\n<\/table>","protected":false},"excerpt":{"rendered":"<p>Das 500X1000-V-Geh\u00e4use aus Aluminiumdruckguss mit den Ma\u00dfen 500\u00d71000\u00d749 mm und einem Gewicht von 5,4 kg bietet Platz f\u00fcr 8\u00d7250mm\u00d7500mm gro\u00dfe Module (P1,95-P4,81). Er ist f\u00fcr den Innen- und Au\u00dfenbereich geeignet (IP30\/IP65) und unterst\u00fctzt die Hebe- und Festinstallation. Zum Standardzubeh\u00f6r geh\u00f6ren Fixierstifte, T\u00fcrplatten, Steckdosenleisten, Schraubensicherungen und Flachsteckverbinder, die eine sichere und vielseitige Montage f\u00fcr gro\u00dffl\u00e4chige Anzeigesysteme gew\u00e4hrleisten.<\/p>","protected":false},"featured_media":8836,"template":"","meta":[],"product_brand":[],"product_cat":[15],"product_tag":[],"class_list":{"0":"post-8835","1":"product","2":"type-product","3":"status-publish","4":"has-post-thumbnail","6":"product_cat-other","8":"first","9":"instock","10":"shipping-taxable","11":"product-type-simple"},"_links":{"self":[{"href":"https:\/\/arben-vision.com\/de\/wp-json\/wp\/v2\/product\/8835","targetHints":{"allow":["GET"]}}],"collection":[{"href":"https:\/\/arben-vision.com\/de\/wp-json\/wp\/v2\/product"}],"about":[{"href":"https:\/\/arben-vision.com\/de\/wp-json\/wp\/v2\/types\/product"}],"version-history":[{"count":1,"href":"https:\/\/arben-vision.com\/de\/wp-json\/wp\/v2\/product\/8835\/revisions"}],"predecessor-version":[{"id":8838,"href":"https:\/\/arben-vision.com\/de\/wp-json\/wp\/v2\/product\/8835\/revisions\/8838"}],"wp:featuredmedia":[{"embeddable":true,"href":"https:\/\/arben-vision.com\/de\/wp-json\/wp\/v2\/media\/8836"}],"wp:attachment":[{"href":"https:\/\/arben-vision.com\/de\/wp-json\/wp\/v2\/media?parent=8835"}],"wp:term":[{"taxonomy":"product_brand","embeddable":true,"href":"https:\/\/arben-vision.com\/de\/wp-json\/wp\/v2\/product_brand?post=8835"},{"taxonomy":"product_cat","embeddable":true,"href":"https:\/\/arben-vision.com\/de\/wp-json\/wp\/v2\/product_cat?post=8835"},{"taxonomy":"product_tag","embeddable":true,"href":"https:\/\/arben-vision.com\/de\/wp-json\/wp\/v2\/product_tag?post=8835"}],"curies":[{"name":"wp","href":"https:\/\/api.w.org\/{rel}","templated":true}]}}