{"id":8828,"date":"2025-08-01T11:32:46","date_gmt":"2025-08-01T11:32:46","guid":{"rendered":"https:\/\/arben-vision.com\/?post_type=product&#038;p=8828"},"modified":"2025-08-01T11:33:00","modified_gmt":"2025-08-01T11:33:00","slug":"500x500-n-die-cast-aluminum-cabinet-indoor-cabinet","status":"publish","type":"product","link":"https:\/\/arben-vision.com\/de\/produkt\/500x500-n-die-cast-aluminum-cabinet-indoor-cabinet\/","title":{"rendered":"500X500-N Aluminium-Druckguss-Schrank f\u00fcr den Innenbereich"},"content":{"rendered":"<p><img decoding=\"async\" class=\"alignnone size-full wp-image-8830\" src=\"https:\/\/arben-vision.com\/wp-content\/uploads\/2025\/08\/wechat_2025-08-01_192928_639.png\" alt=\"\" width=\"182\" height=\"206\" srcset=\"https:\/\/arben-vision.com\/wp-content\/uploads\/2025\/08\/wechat_2025-08-01_192928_639.png 182w, https:\/\/arben-vision.com\/wp-content\/uploads\/2025\/08\/wechat_2025-08-01_192928_639-11x12.png 11w\" sizes=\"(max-width: 182px) 100vw, 182px\" \/><\/p>\n<p><strong>Technische Parameter<\/strong><\/p>\n<table style=\"border-collapse: collapse; width: 778px; height: 780px;\" border=\"0\" width=\"654\" cellspacing=\"0\" cellpadding=\"0\">\n<tbody>\n<tr style=\"height: 34.50pt;\">\n<td class=\"et2\" style=\"height: 34.50pt; width: 163.50pt;\" width=\"218\" height=\"46\">Spezifikation<\/td>\n<td class=\"et3\" style=\"width: 163.50pt;\" width=\"218\">500X500-N Aluminium-Druckguss-Geh\u00e4use f\u00fcr den Innenbereich<\/td>\n<td class=\"et3\" style=\"width: 163.50pt;\" width=\"218\">500X500-N Innengeh\u00e4use \u00b130\u00b0<\/td>\n<\/tr>\n<tr style=\"height: 34.50pt;\">\n<td class=\"et4\" style=\"height: 34.50pt; width: 163.50pt;\" width=\"218\" height=\"46\">Produktname<\/td>\n<td class=\"et4\" style=\"width: 163.50pt;\" width=\"218\">500X500-N Aluminium-Druckguss-Geh\u00e4use f\u00fcr den Innenbereich<\/td>\n<td class=\"et4\" style=\"width: 163.50pt;\" width=\"218\">500X500-N Innengeh\u00e4use \u00b130\u00b0<\/td>\n<\/tr>\n<tr style=\"height: 34.50pt;\">\n<td class=\"et4\" style=\"height: 34.50pt; width: 163.50pt;\" width=\"218\" height=\"46\">Modul-Spezifikation<\/td>\n<td class=\"et4\" style=\"width: 163.50pt;\" width=\"218\">125mm\u00d7500mm P3.91\/P4.81\/P2.976\/P2.604<\/td>\n<td class=\"et4\" style=\"width: 163.50pt;\" width=\"218\">125mm\u00d7500mm P3.91\/P4.81\/P2.976\/P2.604<\/td>\n<\/tr>\n<tr style=\"height: 17.25pt;\">\n<td class=\"et4\" style=\"height: 17.25pt; width: 163.50pt;\" width=\"218\" height=\"23\">Kabinett Gr\u00f6\u00dfe<\/td>\n<td class=\"et4\" style=\"width: 163.50pt;\" width=\"218\">500mm\u00d7500mm\u00d771,5mm<\/td>\n<td class=\"et4\" style=\"width: 163.50pt;\" width=\"218\">500mm\u00d7500mm\u00d771,5mm<\/td>\n<\/tr>\n<tr style=\"height: 17.25pt;\">\n<td class=\"et4\" style=\"height: 17.25pt; width: 163.50pt;\" width=\"218\" height=\"23\">Gewicht<\/td>\n<td class=\"et4\" style=\"width: 163.50pt;\" width=\"218\">2.5KG<\/td>\n<td class=\"et4\" style=\"width: 163.50pt;\" width=\"218\">2.5KG<\/td>\n<\/tr>\n<tr style=\"height: 17.25pt;\">\n<td class=\"et4\" style=\"height: 17.25pt; width: 163.50pt;\" width=\"218\" height=\"23\">Einrichtung<\/td>\n<td class=\"et4\" style=\"width: 163.50pt;\" width=\"218\">Heben und feste Installation<\/td>\n<td class=\"et4\" style=\"width: 163.50pt;\" width=\"218\">Heben und feste Installation<\/td>\n<\/tr>\n<tr style=\"height: 17.25pt;\">\n<td class=\"et4\" style=\"height: 17.25pt; width: 163.50pt;\" width=\"218\" height=\"23\">Module pro Kabinett<\/td>\n<td class=\"et4\" style=\"width: 163.50pt;\" width=\"218\">Vier Module pro Kabinett<\/td>\n<td class=\"et4\" style=\"width: 163.50pt;\" width=\"218\">Vier Module pro Kabinett<\/td>\n<\/tr>\n<tr style=\"height: 17.25pt;\">\n<td class=\"et4\" style=\"height: 17.25pt; width: 163.50pt;\" width=\"218\" height=\"23\">Umwelt<\/td>\n<td class=\"et4\" style=\"width: 163.50pt;\" width=\"218\">Innenbereich (IP30)<\/td>\n<td class=\"et4\" style=\"width: 163.50pt;\" width=\"218\">Innenbereich (IP30)<\/td>\n<\/tr>\n<tr style=\"height: 103.50pt;\">\n<td class=\"et4\" style=\"height: 103.50pt; width: 163.50pt;\" width=\"218\" height=\"138\">Standard-Zubeh\u00f6r<\/td>\n<td class=\"et4\" style=\"width: 163.50pt;\" width=\"218\">2PCS: Passstifte, 1PCS: Griff, 1PCS: T\u00fcrschild, 2PCS: Griffe, 2PCS: Schnellverschl\u00fcsse, 4PCS: Kurvenschl\u00f6sser, 1PCS: Flachplattenverbinder<\/td>\n<td class=\"et4\" style=\"width: 163.50pt;\" width=\"218\">2PCS: Passstifte, 1PCS: Handgriff, 2PCS: Steckdosenleiste, 2PCS: Schnellverschl\u00fcsse, 4PCS: Kurvenverschl\u00fcsse, 1PCS: Flachstecker<\/td>\n<\/tr>\n<\/tbody>\n<\/table>","protected":false},"excerpt":{"rendered":"<p>Das 500X500-N Geh\u00e4use aus Aluminiumdruckguss f\u00fcr den Innenbereich mit den Abmessungen 500\u00d7500\u00d771,5 mm und einem Gewicht von 2,5 kg ist f\u00fcr 4\u00d7125 mm\u00d7500 mm gro\u00dfe Module (P2.604-P4.81) geeignet. Mit der Schutzart IP30 unterst\u00fctzt es die Hebe-\/Festinstallation. Zum Standardzubeh\u00f6r geh\u00f6ren Fixierstifte, Griffe, Schnellverschl\u00fcsse und Kurvenverschl\u00fcsse. Die \u00b130\u00b0-Variante erm\u00f6glicht flexible Winkelaufstellungen, ideal f\u00fcr Displaysysteme im Innenbereich, die eine sichere und einstellbare Montage erfordern.<\/p>","protected":false},"featured_media":8829,"template":"","meta":[],"product_brand":[],"product_cat":[15],"product_tag":[],"class_list":{"0":"post-8828","1":"product","2":"type-product","3":"status-publish","4":"has-post-thumbnail","6":"product_cat-other","8":"first","9":"instock","10":"shipping-taxable","11":"product-type-simple"},"_links":{"self":[{"href":"https:\/\/arben-vision.com\/de\/wp-json\/wp\/v2\/product\/8828","targetHints":{"allow":["GET"]}}],"collection":[{"href":"https:\/\/arben-vision.com\/de\/wp-json\/wp\/v2\/product"}],"about":[{"href":"https:\/\/arben-vision.com\/de\/wp-json\/wp\/v2\/types\/product"}],"version-history":[{"count":2,"href":"https:\/\/arben-vision.com\/de\/wp-json\/wp\/v2\/product\/8828\/revisions"}],"predecessor-version":[{"id":8832,"href":"https:\/\/arben-vision.com\/de\/wp-json\/wp\/v2\/product\/8828\/revisions\/8832"}],"wp:featuredmedia":[{"embeddable":true,"href":"https:\/\/arben-vision.com\/de\/wp-json\/wp\/v2\/media\/8829"}],"wp:attachment":[{"href":"https:\/\/arben-vision.com\/de\/wp-json\/wp\/v2\/media?parent=8828"}],"wp:term":[{"taxonomy":"product_brand","embeddable":true,"href":"https:\/\/arben-vision.com\/de\/wp-json\/wp\/v2\/product_brand?post=8828"},{"taxonomy":"product_cat","embeddable":true,"href":"https:\/\/arben-vision.com\/de\/wp-json\/wp\/v2\/product_cat?post=8828"},{"taxonomy":"product_tag","embeddable":true,"href":"https:\/\/arben-vision.com\/de\/wp-json\/wp\/v2\/product_tag?post=8828"}],"curies":[{"name":"wp","href":"https:\/\/api.w.org\/{rel}","templated":true}]}}