{"id":8824,"date":"2025-08-01T11:27:40","date_gmt":"2025-08-01T11:27:40","guid":{"rendered":"https:\/\/arben-vision.com\/?post_type=product&#038;p=8824"},"modified":"2025-08-01T11:27:40","modified_gmt":"2025-08-01T11:27:40","slug":"500x500-1-die-cast-aluminum-cabinet-indoor-and-outdoor-cabinet-flat-curved","status":"publish","type":"product","link":"https:\/\/arben-vision.com\/de\/produkt\/500x500-1-die-cast-aluminum-cabinet-indoor-and-outdoor-cabinet-flat-curved\/","title":{"rendered":"500\u00d7500-1 Aluminium-Druckguss-Schrank : Innen- und Au\u00dfenschrank (flach\/gekr\u00fcmmt)"},"content":{"rendered":"<p><img decoding=\"async\" class=\"alignnone size-full wp-image-8825\" src=\"https:\/\/arben-vision.com\/wp-content\/uploads\/2025\/08\/wechat_2025-08-01_192249_678.png\" alt=\"\" width=\"209\" height=\"201\" srcset=\"https:\/\/arben-vision.com\/wp-content\/uploads\/2025\/08\/wechat_2025-08-01_192249_678.png 209w, https:\/\/arben-vision.com\/wp-content\/uploads\/2025\/08\/wechat_2025-08-01_192249_678-12x12.png 12w\" sizes=\"(max-width: 209px) 100vw, 209px\" \/><\/p>\n<p><strong> Technische Parameter<\/strong><\/p>\n<table style=\"border-collapse: collapse; width: 648.02pt;\" border=\"0\" width=\"864\" cellspacing=\"0\" cellpadding=\"0\">\n<tbody>\n<tr style=\"height: 34.50pt;\">\n<td class=\"et2\" style=\"height: 34.50pt; width: 170.25pt;\" width=\"227\" height=\"46\">Spezifikation<\/td>\n<td class=\"et3\" style=\"width: 285.00pt;\" width=\"380\">500X500-D Innen- und Au\u00dfengeh\u00e4use aus Aluminiumdruckguss<\/td>\n<td class=\"et3\" style=\"width: 192.75pt;\" width=\"257\">500X500-D Innen- und Au\u00dfenschrank<\/td>\n<\/tr>\n<tr style=\"height: 34.50pt;\">\n<td class=\"et4\" style=\"height: 34.50pt; width: 170.25pt;\" width=\"227\" height=\"46\">Produktname<\/td>\n<td class=\"et4\" style=\"width: 285.00pt;\" width=\"380\">500X500-D Innen- und Au\u00dfengeh\u00e4use aus Aluminiumdruckguss<\/td>\n<td class=\"et4\" style=\"width: 192.75pt;\" width=\"257\">500X500-D Innen- und Au\u00dfenschrank<\/td>\n<\/tr>\n<tr style=\"height: 51.75pt;\">\n<td class=\"et4\" style=\"height: 51.75pt; width: 170.25pt;\" width=\"227\" height=\"69\">Modul-Spezifikation<\/td>\n<td class=\"et4\" style=\"width: 285.00pt;\" width=\"380\">250mm\u00d7250mm P3.91\/P4.81\/P2.976\/P2.604\/P2.5\/P2.0\/P1.95\/P1.5625<\/td>\n<td class=\"et4\" style=\"width: 192.75pt;\" width=\"257\">250mm\u00d7250mm P3.91\/P4.81\/P2.976\/P2.604\/P2.5\/P2.0\/P1.95\/P1.5625<\/td>\n<\/tr>\n<tr style=\"height: 17.25pt;\">\n<td class=\"et4\" style=\"height: 17.25pt; width: 170.25pt;\" width=\"227\" height=\"23\">Kabinett Gr\u00f6\u00dfe<\/td>\n<td class=\"et4\" style=\"width: 285.00pt;\" width=\"380\">500mm\u00d7500mm\u00d777,5mm<\/td>\n<td class=\"et4\" style=\"width: 192.75pt;\" width=\"257\">500mm\u00d7500mm\u00d777,5mm<\/td>\n<\/tr>\n<tr style=\"height: 17.25pt;\">\n<td class=\"et4\" style=\"height: 17.25pt; width: 170.25pt;\" width=\"227\" height=\"23\">Gewicht<\/td>\n<td class=\"et4\" style=\"width: 285.00pt;\" width=\"380\">3.92KG<\/td>\n<td class=\"et4\" style=\"width: 192.75pt;\" width=\"257\">3.92KG<\/td>\n<\/tr>\n<tr style=\"height: 17.25pt;\">\n<td class=\"et4\" style=\"height: 17.25pt; width: 170.25pt;\" width=\"227\" height=\"23\">Einrichtung<\/td>\n<td class=\"et4\" style=\"width: 285.00pt;\" width=\"380\">Heben und feste Installation<\/td>\n<td class=\"et4\" style=\"width: 192.75pt;\" width=\"257\">Heben und feste Installation<\/td>\n<\/tr>\n<tr style=\"height: 17.25pt;\">\n<td class=\"et4\" style=\"height: 17.25pt; width: 170.25pt;\" width=\"227\" height=\"23\">Module pro Kabinett<\/td>\n<td class=\"et4\" style=\"width: 285.00pt;\" width=\"380\">4 Module pro Kabinett<\/td>\n<td class=\"et4\" style=\"width: 192.75pt;\" width=\"257\">4 Module pro Kabinett<\/td>\n<\/tr>\n<tr style=\"height: 17.25pt;\">\n<td class=\"et4\" style=\"height: 17.25pt; width: 170.25pt;\" width=\"227\" height=\"23\">Umwelt<\/td>\n<td class=\"et4\" style=\"width: 285.00pt;\" width=\"380\">Innen (IP30) \/ Au\u00dfen (IP65)<\/td>\n<td class=\"et4\" style=\"width: 192.75pt;\" width=\"257\">Innen (IP30) \/ Au\u00dfen (IP65)<\/td>\n<\/tr>\n<tr style=\"height: 69.00pt;\">\n<td class=\"et4\" style=\"height: 69.00pt; width: 170.25pt;\" width=\"227\" height=\"92\">Standard-Zubeh\u00f6r<\/td>\n<td class=\"et4\" style=\"width: 285.00pt;\" width=\"380\">2PCS: Passstifte, 1PCS: Griff, 1PCS: T\u00fcrplatte, 1PCS: Steckdosenleiste, 2PCS: Dichtungen, 4PCS: Schnellverschl\u00fcsse, 1PCS: Flachplattenverbinder<\/td>\n<td class=\"et4\" style=\"width: 192.75pt;\" width=\"257\">2PCS: Passstifte, 1PCS: Griff, 1PCS: T\u00fcrplatte, 2PCS: Steckdosenleiste,4PCS: Schnellverschl\u00fcsse, 1PCS: Flachplattenverbinder<\/td>\n<\/tr>\n<\/tbody>\n<\/table>","protected":false},"excerpt":{"rendered":"<p>Das Geh\u00e4use 500X500-D aus Aluminiumdruckguss unterst\u00fctzt den Einsatz im Innen- und Au\u00dfenbereich (IP30\/IP65) mit 250mm\u00d7250mm gro\u00dfen Modulen (P1.5625-P4.81). Mit den Ma\u00dfen 500\u00d7500\u00d777,5 mm und einem Gewicht von 3,92 kg bietet er Platz f\u00fcr 4 Module pro Einheit. Das Standardzubeh\u00f6r f\u00fcr die Hebe-\/Festinstallation umfasst Fixierstifte, Schnellverschl\u00fcsse, Steckdosenleisten und Flachstecker und gew\u00e4hrleistet vielseitige und sichere Aufbauten f\u00fcr verschiedene Display-Anwendungen.<\/p>","protected":false},"featured_media":8826,"template":"","meta":[],"product_brand":[],"product_cat":[15],"product_tag":[],"class_list":{"0":"post-8824","1":"product","2":"type-product","3":"status-publish","4":"has-post-thumbnail","6":"product_cat-other","8":"first","9":"instock","10":"shipping-taxable","11":"product-type-simple"},"_links":{"self":[{"href":"https:\/\/arben-vision.com\/de\/wp-json\/wp\/v2\/product\/8824","targetHints":{"allow":["GET"]}}],"collection":[{"href":"https:\/\/arben-vision.com\/de\/wp-json\/wp\/v2\/product"}],"about":[{"href":"https:\/\/arben-vision.com\/de\/wp-json\/wp\/v2\/types\/product"}],"version-history":[{"count":1,"href":"https:\/\/arben-vision.com\/de\/wp-json\/wp\/v2\/product\/8824\/revisions"}],"predecessor-version":[{"id":8827,"href":"https:\/\/arben-vision.com\/de\/wp-json\/wp\/v2\/product\/8824\/revisions\/8827"}],"wp:featuredmedia":[{"embeddable":true,"href":"https:\/\/arben-vision.com\/de\/wp-json\/wp\/v2\/media\/8826"}],"wp:attachment":[{"href":"https:\/\/arben-vision.com\/de\/wp-json\/wp\/v2\/media?parent=8824"}],"wp:term":[{"taxonomy":"product_brand","embeddable":true,"href":"https:\/\/arben-vision.com\/de\/wp-json\/wp\/v2\/product_brand?post=8824"},{"taxonomy":"product_cat","embeddable":true,"href":"https:\/\/arben-vision.com\/de\/wp-json\/wp\/v2\/product_cat?post=8824"},{"taxonomy":"product_tag","embeddable":true,"href":"https:\/\/arben-vision.com\/de\/wp-json\/wp\/v2\/product_tag?post=8824"}],"curies":[{"name":"wp","href":"https:\/\/api.w.org\/{rel}","templated":true}]}}