{"id":8819,"date":"2025-08-01T11:21:47","date_gmt":"2025-08-01T11:21:47","guid":{"rendered":"https:\/\/arben-vision.com\/?post_type=product&#038;p=8819"},"modified":"2025-08-01T11:34:38","modified_gmt":"2025-08-01T11:34:38","slug":"500x500-d-die-cast-aluminum-cabinet-indoor-and-outdoor-use-flat-curved","status":"publish","type":"product","link":"https:\/\/arben-vision.com\/de\/produkt\/500x500-d-die-cast-aluminum-cabinet-indoor-and-outdoor-use-flat-curved\/","title":{"rendered":"500X500-D Geh\u00e4use aus Aluminiumdruckguss :Innen- und Au\u00dfeneinsatz, flach\/gekr\u00fcmmt"},"content":{"rendered":"<p><img fetchpriority=\"high\" decoding=\"async\" class=\"alignnone size-full wp-image-8821\" src=\"https:\/\/arben-vision.com\/wp-content\/uploads\/2025\/08\/2-1.png\" alt=\"\" width=\"277\" height=\"223\" srcset=\"https:\/\/arben-vision.com\/wp-content\/uploads\/2025\/08\/2-1.png 277w, https:\/\/arben-vision.com\/wp-content\/uploads\/2025\/08\/2-1-15x12.png 15w\" sizes=\"(max-width: 277px) 100vw, 277px\" \/><\/p>\n<pre class=\"Question_question_content_pre__Q3Q4I\"><strong>Technische Parameter<\/strong><\/pre>\n<table style=\"border-collapse: collapse; width: 641.27pt;\" border=\"0\" width=\"855\" cellspacing=\"0\" cellpadding=\"0\">\n<tbody>\n<tr style=\"height: 33.00pt;\">\n<td class=\"et2\" style=\"height: 33.00pt; width: 96.00pt;\" width=\"128\" height=\"44\">Spezifikation<\/td>\n<td class=\"et3\" style=\"width: 309.00pt;\" width=\"412\">500X500-D Innen- und Au\u00dfengeh\u00e4use aus Aluminiumdruckguss<\/td>\n<td class=\"et2\" style=\"width: 236.25pt;\" width=\"315\">500X500-D Innen- und Au\u00dfenschrank<\/td>\n<\/tr>\n<tr style=\"height: 34.50pt;\">\n<td class=\"et4\" style=\"height: 34.50pt; width: 96.00pt;\" width=\"128\" height=\"46\">Modul-Spezifikation<\/td>\n<td class=\"et4\" style=\"width: 309.00pt;\" width=\"412\">250mmx250mm P1.5625\/P1.95\/P2.5\/P2.604\/P2.976\/P3.91<\/td>\n<td class=\"et4\" style=\"width: 236.25pt;\" width=\"315\">250mmx250mm P1.5625\/P1.95\/P2.5\/P2.604\/P2.976\/P3.91<\/td>\n<\/tr>\n<tr style=\"height: 17.25pt;\">\n<td class=\"et4\" style=\"height: 17.25pt; width: 96.00pt;\" width=\"128\" height=\"23\">Kabinett Gr\u00f6\u00dfe<\/td>\n<td class=\"et4\" style=\"width: 309.00pt;\" width=\"412\">500mmx500mmx65mm<\/td>\n<td class=\"et4\" style=\"width: 236.25pt;\" width=\"315\">500mmx500mmx65mm<\/td>\n<\/tr>\n<tr style=\"height: 17.25pt;\">\n<td class=\"et4\" style=\"height: 17.25pt; width: 96.00pt;\" width=\"128\" height=\"23\">Gewicht<\/td>\n<td class=\"et4\" style=\"width: 309.00pt;\" width=\"412\">3.5KG<\/td>\n<td class=\"et4\" style=\"width: 236.25pt;\" width=\"315\">3.5KG<\/td>\n<\/tr>\n<tr style=\"height: 17.25pt;\">\n<td class=\"et4\" style=\"height: 17.25pt; width: 96.00pt;\" width=\"128\" height=\"23\">Einrichtung<\/td>\n<td class=\"et4\" style=\"width: 309.00pt;\" width=\"412\">Heben und feste Installation<\/td>\n<td class=\"et4\" style=\"width: 236.25pt;\" width=\"315\">Heben und feste Installation<\/td>\n<\/tr>\n<tr style=\"height: 34.50pt;\">\n<td class=\"et4\" style=\"height: 34.50pt; width: 96.00pt;\" width=\"128\" height=\"46\">Module pro Kabinett<\/td>\n<td class=\"et4\" style=\"width: 309.00pt;\" width=\"412\">4 Module pro Kabinett<\/td>\n<td class=\"et4\" style=\"width: 236.25pt;\" width=\"315\">4 Module pro Kabinett<\/td>\n<\/tr>\n<tr style=\"height: 17.25pt;\">\n<td class=\"et4\" style=\"height: 17.25pt; width: 96.00pt;\" width=\"128\" height=\"23\">Umwelt<\/td>\n<td class=\"et4\" style=\"width: 309.00pt;\" width=\"412\">Innen (IP30) \/ Au\u00dfen (IP65)<\/td>\n<td class=\"et4\" style=\"width: 236.25pt;\" width=\"315\">Innen (IP30) \/ Au\u00dfen (IP65)<\/td>\n<\/tr>\n<tr style=\"height: 51.75pt;\">\n<td class=\"et4\" style=\"height: 51.75pt; width: 96.00pt;\" width=\"128\" height=\"69\">Standard-Zubeh\u00f6r<\/td>\n<td class=\"et4\" style=\"width: 309.00pt;\" width=\"412\">2PCS: Power Strip, 1PCS: Modul-Pressleiste, 1PCS: Ablenkplatte, 2PCS: Aufnahmestift, 2PCS: Schnellverschluss, 2PCS: Kurvenschloss, 2PCS: Flachstecker<\/td>\n<td class=\"et4\" style=\"width: 236.25pt;\" width=\"315\">2PCS: Steckdosenleiste, 2PCS: Schnellverschluss, 2PCS: Kurvenschloss, 2PCS: Flachstecker<\/td>\n<\/tr>\n<\/tbody>\n<\/table>","protected":false},"excerpt":{"rendered":"<p>Das 500X500-D-Geh\u00e4use aus Aluminiumdruckguss unterst\u00fctzt den Einsatz im Innen- und Au\u00dfenbereich (IP30\/IP65), 250mm\u00d7250mm Module (P1.5625-P3.91) und 4 Module pro Einheit. Mit einem Gewicht von 3,5 kg erm\u00f6glicht er eine h\u00e4ngende\/feste Installation mit Schnellverschl\u00fcssen und Kurvenverschl\u00fcssen f\u00fcr vielseitige Aufstellungen.<\/p>","protected":false},"featured_media":8820,"template":"","meta":[],"product_brand":[],"product_cat":[15],"product_tag":[],"class_list":{"0":"post-8819","1":"product","2":"type-product","3":"status-publish","4":"has-post-thumbnail","6":"product_cat-other","8":"first","9":"instock","10":"shipping-taxable","11":"product-type-simple"},"_links":{"self":[{"href":"https:\/\/arben-vision.com\/de\/wp-json\/wp\/v2\/product\/8819","targetHints":{"allow":["GET"]}}],"collection":[{"href":"https:\/\/arben-vision.com\/de\/wp-json\/wp\/v2\/product"}],"about":[{"href":"https:\/\/arben-vision.com\/de\/wp-json\/wp\/v2\/types\/product"}],"version-history":[{"count":1,"href":"https:\/\/arben-vision.com\/de\/wp-json\/wp\/v2\/product\/8819\/revisions"}],"predecessor-version":[{"id":8823,"href":"https:\/\/arben-vision.com\/de\/wp-json\/wp\/v2\/product\/8819\/revisions\/8823"}],"wp:featuredmedia":[{"embeddable":true,"href":"https:\/\/arben-vision.com\/de\/wp-json\/wp\/v2\/media\/8820"}],"wp:attachment":[{"href":"https:\/\/arben-vision.com\/de\/wp-json\/wp\/v2\/media?parent=8819"}],"wp:term":[{"taxonomy":"product_brand","embeddable":true,"href":"https:\/\/arben-vision.com\/de\/wp-json\/wp\/v2\/product_brand?post=8819"},{"taxonomy":"product_cat","embeddable":true,"href":"https:\/\/arben-vision.com\/de\/wp-json\/wp\/v2\/product_cat?post=8819"},{"taxonomy":"product_tag","embeddable":true,"href":"https:\/\/arben-vision.com\/de\/wp-json\/wp\/v2\/product_tag?post=8819"}],"curies":[{"name":"wp","href":"https:\/\/api.w.org\/{rel}","templated":true}]}}