{"id":8809,"date":"2025-08-01T11:00:17","date_gmt":"2025-08-01T11:00:17","guid":{"rendered":"https:\/\/arben-vision.com\/?post_type=product&#038;p=8809"},"modified":"2025-08-01T11:00:17","modified_gmt":"2025-08-01T11:00:17","slug":"floor-tile-display-series","status":"publish","type":"product","link":"https:\/\/arben-vision.com\/de\/produkt\/floor-tile-display-series\/","title":{"rendered":"Bodenfliesen Display Serie"},"content":{"rendered":"<p><strong>Produktvorteil<\/strong><\/p>\n<p>Hohe Tragf\u00e4higkeit, hoher Schutz<br \/>\nDas Druckgussgeh\u00e4use verf\u00fcgt \u00fcber eine tragende Skelettkonstruktion und druckfeste Materialien mit einer Tragf\u00e4higkeit von 2000-3000 kg\/m2 und einer Wasserdichtigkeit von IP65.<br \/>\nMehrere Montageoptionen<br \/>\nSie kann vertikal oder bogenf\u00f6rmig montiert werden und l\u00e4sst sich auf einem Tisch oder an der Decke befestigen, um den Anforderungen von XR-Virtual-Reality-Drehszenarien gerecht zu werden.<br \/>\nIntelligente interaktive Sensorik<br \/>\nUnser firmeneigenes interaktives Erkennungssystem nutzt einen eingebauten Lasersensor und einen MCU-Steuerchip, der eine ber\u00fchrungslose Interaktion und schnellere Reaktionszeiten erm\u00f6glicht.<\/p>\n<p><strong>Anwendungsszenario<\/strong><\/p>\n<p><img fetchpriority=\"high\" decoding=\"async\" class=\"alignnone size-medium wp-image-8810\" src=\"https:\/\/arben-vision.com\/wp-content\/uploads\/2025\/08\/\u8d44\u6e90-53@4x-300x241.png\" alt=\"\" width=\"300\" height=\"241\" srcset=\"https:\/\/arben-vision.com\/wp-content\/uploads\/2025\/08\/\u8d44\u6e90-53@4x-300x241.png 300w, https:\/\/arben-vision.com\/wp-content\/uploads\/2025\/08\/\u8d44\u6e90-53@4x-15x12.png 15w, https:\/\/arben-vision.com\/wp-content\/uploads\/2025\/08\/\u8d44\u6e90-53@4x-370x297.png 370w, https:\/\/arben-vision.com\/wp-content\/uploads\/2025\/08\/\u8d44\u6e90-53@4x-410x329.png 410w, https:\/\/arben-vision.com\/wp-content\/uploads\/2025\/08\/\u8d44\u6e90-53@4x.png 481w\" sizes=\"(max-width: 300px) 100vw, 300px\" \/> <img decoding=\"async\" class=\"alignnone size-medium wp-image-8811\" src=\"https:\/\/arben-vision.com\/wp-content\/uploads\/2025\/08\/\u8d44\u6e90-54@4x-300x241.png\" alt=\"\" width=\"300\" height=\"241\" srcset=\"https:\/\/arben-vision.com\/wp-content\/uploads\/2025\/08\/\u8d44\u6e90-54@4x-300x241.png 300w, https:\/\/arben-vision.com\/wp-content\/uploads\/2025\/08\/\u8d44\u6e90-54@4x-15x12.png 15w, https:\/\/arben-vision.com\/wp-content\/uploads\/2025\/08\/\u8d44\u6e90-54@4x-370x298.png 370w, https:\/\/arben-vision.com\/wp-content\/uploads\/2025\/08\/\u8d44\u6e90-54@4x-410x330.png 410w, https:\/\/arben-vision.com\/wp-content\/uploads\/2025\/08\/\u8d44\u6e90-54@4x.png 480w\" sizes=\"(max-width: 300px) 100vw, 300px\" \/> <img decoding=\"async\" class=\"alignnone size-medium wp-image-8812\" src=\"https:\/\/arben-vision.com\/wp-content\/uploads\/2025\/08\/\u8d44\u6e90-55@4x-300x241.png\" alt=\"\" width=\"300\" height=\"241\" srcset=\"https:\/\/arben-vision.com\/wp-content\/uploads\/2025\/08\/\u8d44\u6e90-55@4x-300x241.png 300w, https:\/\/arben-vision.com\/wp-content\/uploads\/2025\/08\/\u8d44\u6e90-55@4x-15x12.png 15w, https:\/\/arben-vision.com\/wp-content\/uploads\/2025\/08\/\u8d44\u6e90-55@4x-370x297.png 370w, https:\/\/arben-vision.com\/wp-content\/uploads\/2025\/08\/\u8d44\u6e90-55@4x-410x329.png 410w, https:\/\/arben-vision.com\/wp-content\/uploads\/2025\/08\/\u8d44\u6e90-55@4x.png 481w\" sizes=\"(max-width: 300px) 100vw, 300px\" \/> <img loading=\"lazy\" decoding=\"async\" class=\"alignnone size-medium wp-image-8813\" src=\"https:\/\/arben-vision.com\/wp-content\/uploads\/2025\/08\/\u8d44\u6e90-56@4x-300x241.png\" alt=\"\" width=\"300\" height=\"241\" srcset=\"https:\/\/arben-vision.com\/wp-content\/uploads\/2025\/08\/\u8d44\u6e90-56@4x-300x241.png 300w, https:\/\/arben-vision.com\/wp-content\/uploads\/2025\/08\/\u8d44\u6e90-56@4x-15x12.png 15w, https:\/\/arben-vision.com\/wp-content\/uploads\/2025\/08\/\u8d44\u6e90-56@4x-370x298.png 370w, https:\/\/arben-vision.com\/wp-content\/uploads\/2025\/08\/\u8d44\u6e90-56@4x-410x330.png 410w, https:\/\/arben-vision.com\/wp-content\/uploads\/2025\/08\/\u8d44\u6e90-56@4x.png 480w\" sizes=\"(max-width: 300px) 100vw, 300px\" \/><\/p>\n<p><strong>Technische Parameter<\/strong><\/p>\n<table style=\"border-collapse: collapse; width: 741px; height: 1935px;\" border=\"0\" width=\"685\" cellspacing=\"0\" cellpadding=\"0\">\n<tbody>\n<tr style=\"height: 33.00pt;\">\n<td class=\"et2\" style=\"height: 33.00pt; width: 117.75pt;\" width=\"157\" height=\"44\">Produktmodell<\/td>\n<td class=\"et2\" style=\"width: 99.00pt;\" width=\"132\">P2.604<\/td>\n<td class=\"et2\" style=\"width: 99.00pt;\" width=\"132\">P2.976<\/td>\n<td class=\"et2\" style=\"width: 99.00pt;\" width=\"132\">P3.91<\/td>\n<td class=\"et2\" style=\"width: 99.00pt;\" width=\"132\">P4.81<\/td>\n<\/tr>\n<tr style=\"height: 26.00pt;\">\n<td class=\"et3\" style=\"height: 26.00pt; width: 117.75pt;\" width=\"157\" height=\"34\">Bewerbung\u573a\u6240<\/td>\n<td class=\"et3\" style=\"width: 99.00pt;\" width=\"132\">Innen\/Au\u00dfen<\/td>\n<td class=\"et3\" style=\"width: 99.00pt;\" width=\"132\">Innen\/Au\u00dfen<\/td>\n<td class=\"et3\" style=\"width: 99.00pt;\" width=\"132\">Innen\/Au\u00dfen<\/td>\n<td class=\"et3\" style=\"width: 99.00pt;\" width=\"132\">Innen\/Au\u00dfen<\/td>\n<\/tr>\n<tr style=\"height: 25.00pt;\">\n<td class=\"et3\" style=\"height: 25.00pt; width: 117.75pt;\" width=\"157\" height=\"33\">Modul Gr\u00f6\u00dfe<\/td>\n<td class=\"et3\" style=\"width: 99.00pt;\" width=\"132\">250\u00d7250 mm<\/td>\n<td class=\"et3\" style=\"width: 99.00pt;\" width=\"132\">250\u00d7250 mm<\/td>\n<td class=\"et3\" style=\"width: 99.00pt;\" width=\"132\">250\u00d7250 mm<\/td>\n<td class=\"et3\" style=\"width: 99.00pt;\" width=\"132\">250\u00d7250 mm<\/td>\n<\/tr>\n<tr style=\"height: 17.25pt;\">\n<td class=\"et3\" style=\"height: 17.25pt; width: 117.75pt;\" width=\"157\" height=\"23\">Modul Aufl\u00f6sung<\/td>\n<td class=\"et3\" style=\"width: 99.00pt;\" width=\"132\">96\u00d796<\/td>\n<td class=\"et3\" style=\"width: 99.00pt;\" width=\"132\">84\u00d784<\/td>\n<td class=\"et3\" style=\"width: 99.00pt;\" width=\"132\">64\u00d764<\/td>\n<td class=\"et3\" style=\"width: 99.00pt;\" width=\"132\">52\u00d752<\/td>\n<\/tr>\n<tr style=\"height: 60.00pt;\">\n<td class=\"et3\" style=\"height: 60.00pt; width: 117.75pt;\" width=\"157\" height=\"80\">Kabinett Gr\u00f6\u00dfe<\/td>\n<td class=\"et3\" style=\"width: 99.00pt;\" width=\"132\">500\u00d7500 mm500\u00d71000 mm<\/td>\n<td class=\"et3\" style=\"width: 99.00pt;\" width=\"132\">500\u00d7500 mm500\u00d71000 mm<\/td>\n<td class=\"et3\" style=\"width: 99.00pt;\" width=\"132\">500\u00d7500 mm500\u00d71000 mm<\/td>\n<td class=\"et3\" style=\"width: 99.00pt;\" width=\"132\">500\u00d7500 mm500\u00d71000 mm<\/td>\n<\/tr>\n<tr style=\"height: 34.50pt;\">\n<td class=\"et3\" style=\"height: 34.50pt; width: 117.75pt;\" width=\"157\" height=\"46\">Entschlie\u00dfung des Kabinetts<\/td>\n<td class=\"et3\" style=\"width: 99.00pt;\" width=\"132\">192\u00d7192192\u00d7384<\/td>\n<td class=\"et3\" style=\"width: 99.00pt;\" width=\"132\">168\u00d7168168\u00d7336<\/td>\n<td class=\"et3\" style=\"width: 99.00pt;\" width=\"132\">128\u00d7128128\u00d7256<\/td>\n<td class=\"et3\" style=\"width: 99.00pt;\" width=\"132\">104\u00d7104104\u00d7208<\/td>\n<\/tr>\n<tr style=\"height: 17.25pt;\">\n<td class=\"et3\" style=\"height: 17.25pt; width: 117.75pt;\" width=\"157\" height=\"23\">Physikalische Pixeldichte<\/td>\n<td class=\"et3\" style=\"width: 99.00pt;\" width=\"132\">141744 St\u00fcck\/m\u00b2<\/td>\n<td class=\"et3\" style=\"width: 99.00pt;\" width=\"132\">12910 St\u00fcck\/m\u00b2<\/td>\n<td class=\"et3\" style=\"width: 99.00pt;\" width=\"132\">65410 St\u00fcck\/m\u00b2<\/td>\n<td class=\"et3\" style=\"width: 99.00pt;\" width=\"132\">43222 St\u00fcck\/m\u00b2<\/td>\n<\/tr>\n<tr style=\"height: 26.00pt;\">\n<td class=\"et3\" style=\"height: 26.00pt; width: 117.75pt;\" width=\"157\" height=\"34\">LED-Geh\u00e4usetyp<\/td>\n<td class=\"et3\" style=\"width: 99.00pt;\" width=\"132\">SMD1515\/1415<\/td>\n<td class=\"et3\" style=\"width: 99.00pt;\" width=\"132\">SMD1515\/1415<\/td>\n<td class=\"et3\" style=\"width: 99.00pt;\" width=\"132\">SMD1515\/1415<\/td>\n<td class=\"et3\" style=\"width: 99.00pt;\" width=\"132\">SMD2020\/1921<\/td>\n<\/tr>\n<tr style=\"height: 17.25pt;\">\n<td class=\"et3\" style=\"height: 17.25pt; width: 117.75pt;\" width=\"157\" height=\"23\">LED-Farbe<\/td>\n<td class=\"et3\" style=\"width: 99.00pt;\" width=\"132\">1R1G1B<\/td>\n<td class=\"et3\" style=\"width: 99.00pt;\" width=\"132\">1R1G1B<\/td>\n<td class=\"et3\" style=\"width: 99.00pt;\" width=\"132\">1R1G1B<\/td>\n<td class=\"et3\" style=\"width: 99.00pt;\" width=\"132\">1R1G1B<\/td>\n<\/tr>\n<tr style=\"height: 34.50pt;\">\n<td class=\"et3\" style=\"height: 34.50pt; width: 117.75pt;\" width=\"157\" height=\"46\">Durchschnittlicher Stromverbrauch<\/td>\n<td class=\"et3\" style=\"width: 99.00pt;\" width=\"132\">400W\/m\u00b2<\/td>\n<td class=\"et3\" style=\"width: 99.00pt;\" width=\"132\">400W\/m\u00b2<\/td>\n<td class=\"et3\" style=\"width: 99.00pt;\" width=\"132\">400W\/m\u00b2<\/td>\n<td class=\"et3\" style=\"width: 99.00pt;\" width=\"132\">400W\/m\u00b2<\/td>\n<\/tr>\n<tr style=\"height: 34.50pt;\">\n<td class=\"et3\" style=\"height: 34.50pt; width: 117.75pt;\" width=\"157\" height=\"46\">Maximale Leistungsaufnahme<\/td>\n<td class=\"et3\" style=\"width: 99.00pt;\" width=\"132\">800W\/m\u00b2<\/td>\n<td class=\"et3\" style=\"width: 99.00pt;\" width=\"132\">800W\/m\u00b2<\/td>\n<td class=\"et3\" style=\"width: 99.00pt;\" width=\"132\">800W\/m\u00b2<\/td>\n<td class=\"et3\" style=\"width: 99.00pt;\" width=\"132\">800W\/m\u00b2<\/td>\n<\/tr>\n<tr style=\"height: 34.50pt;\">\n<td class=\"et3\" style=\"height: 34.50pt; width: 117.75pt;\" width=\"157\" height=\"46\">Gewicht<\/td>\n<td class=\"et3\" style=\"width: 99.00pt;\" width=\"132\">\u2265140kg (wahlweise)<\/td>\n<td class=\"et3\" style=\"width: 99.00pt;\" width=\"132\">\u2265140kg (wahlweise)<\/td>\n<td class=\"et3\" style=\"width: 99.00pt;\" width=\"132\">\u2265140kg (wahlweise)<\/td>\n<td class=\"et3\" style=\"width: 99.00pt;\" width=\"132\">\u2265140kg (wahlweise)<\/td>\n<\/tr>\n<tr style=\"height: 30.00pt;\">\n<td class=\"et3\" style=\"height: 30.00pt; width: 117.75pt;\" width=\"157\" height=\"40\">Material des Geh\u00e4uses<\/td>\n<td class=\"et3\" style=\"width: 99.00pt;\" width=\"132\">Eisen<\/td>\n<td class=\"et3\" style=\"width: 99.00pt;\" width=\"132\">Eisen<\/td>\n<td class=\"et3\" style=\"width: 99.00pt;\" width=\"132\">Eisen<\/td>\n<td class=\"et3\" style=\"width: 99.00pt;\" width=\"132\">Eisen<\/td>\n<\/tr>\n<tr style=\"height: 34.50pt;\">\n<td class=\"et3\" style=\"height: 34.50pt; width: 117.75pt;\" width=\"157\" height=\"46\">Wei\u00dfabgleich Helligkeit - Innen<\/td>\n<td class=\"et3\" style=\"width: 99.00pt;\" width=\"132\">2500cd\/m\u00b2<\/td>\n<td class=\"et3\" style=\"width: 99.00pt;\" width=\"132\">2500cd\/m\u00b2<\/td>\n<td class=\"et3\" style=\"width: 99.00pt;\" width=\"132\">2500cd\/m\u00b2<\/td>\n<td class=\"et3\" style=\"width: 99.00pt;\" width=\"132\">2500cd\/m\u00b2<\/td>\n<\/tr>\n<tr style=\"height: 34.50pt;\">\n<td class=\"et3\" style=\"height: 34.50pt; width: 117.75pt;\" width=\"157\" height=\"46\">Wei\u00dfabgleich Helligkeit - Au\u00dfen<\/td>\n<td class=\"et3\" style=\"width: 99.00pt;\" width=\"132\">4000cd\/m\u00b2<\/td>\n<td class=\"et3\" style=\"width: 99.00pt;\" width=\"132\">4000cd\/m\u00b2<\/td>\n<td class=\"et3\" style=\"width: 99.00pt;\" width=\"132\">4000cd\/m\u00b2<\/td>\n<td class=\"et3\" style=\"width: 99.00pt;\" width=\"132\">4000cd\/m\u00b2<\/td>\n<\/tr>\n<tr style=\"height: 34.50pt;\">\n<td class=\"et3\" style=\"height: 34.50pt; width: 117.75pt;\" width=\"157\" height=\"46\">Fahrweise - Indoor<\/td>\n<td class=\"et3\" style=\"width: 99.00pt;\" width=\"132\">1\/32 Scan<\/td>\n<td class=\"et3\" style=\"width: 99.00pt;\" width=\"132\">1\/28 Scan<\/td>\n<td class=\"et3\" style=\"width: 99.00pt;\" width=\"132\">1\/16 Scan<\/td>\n<td class=\"et3\" style=\"width: 99.00pt;\" width=\"132\">1\/13 Scan<\/td>\n<\/tr>\n<tr style=\"height: 34.50pt;\">\n<td class=\"et3\" style=\"height: 34.50pt; width: 117.75pt;\" width=\"157\" height=\"46\">Fahrweise - Outdoor<\/td>\n<td class=\"et3\" style=\"width: 99.00pt;\" width=\"132\">1\/16 Scan<\/td>\n<td class=\"et3\" style=\"width: 99.00pt;\" width=\"132\">1\/21 Scan<\/td>\n<td class=\"et3\" style=\"width: 99.00pt;\" width=\"132\">1\/16 Scan<\/td>\n<td class=\"et3\" style=\"width: 99.00pt;\" width=\"132\">1\/13 Scan<\/td>\n<\/tr>\n<tr style=\"height: 17.25pt;\">\n<td class=\"et3\" style=\"height: 17.25pt; width: 117.75pt;\" width=\"157\" height=\"23\">Aktualisierungsrate<\/td>\n<td class=\"et3\" style=\"width: 99.00pt;\" width=\"132\">1920-3840Hz<\/td>\n<td class=\"et3\" style=\"width: 99.00pt;\" width=\"132\">1920-3840Hz<\/td>\n<td class=\"et3\" style=\"width: 99.00pt;\" width=\"132\">1920-3840Hz<\/td>\n<td class=\"et3\" style=\"width: 99.00pt;\" width=\"132\">1920-3840Hz<\/td>\n<\/tr>\n<tr style=\"height: 34.50pt;\">\n<td class=\"et3\" style=\"height: 34.50pt; width: 117.75pt;\" width=\"157\" height=\"46\">Umrechnung Frequenz<\/td>\n<td class=\"et3\" style=\"width: 99.00pt;\" width=\"132\">\u226550\/60Hz<\/td>\n<td class=\"et3\" style=\"width: 99.00pt;\" width=\"132\">\u226550\/60Hz<\/td>\n<td class=\"et3\" style=\"width: 99.00pt;\" width=\"132\">\u226550\/60Hz<\/td>\n<td class=\"et3\" style=\"width: 99.00pt;\" width=\"132\">\u226550\/60Hz<\/td>\n<\/tr>\n<tr style=\"height: 34.50pt;\">\n<td class=\"et3\" style=\"height: 34.50pt; width: 117.75pt;\" width=\"157\" height=\"46\">Kontrollmethode<\/td>\n<td class=\"et3\" style=\"width: 99.00pt;\" width=\"132\">Synchrone Steuerung<\/td>\n<td class=\"et3\" style=\"width: 99.00pt;\" width=\"132\">Synchrone Steuerung<\/td>\n<td class=\"et3\" style=\"width: 99.00pt;\" width=\"132\">Synchrone Steuerung<\/td>\n<td class=\"et3\" style=\"width: 99.00pt;\" width=\"132\">Synchrone Steuerung<\/td>\n<\/tr>\n<tr style=\"height: 17.25pt;\">\n<td class=\"et3\" style=\"height: 17.25pt; width: 117.75pt;\" width=\"157\" height=\"23\">Arbeitsspannung<\/td>\n<td class=\"et3\" style=\"width: 99.00pt;\" width=\"132\">AC110\/220V<\/td>\n<td class=\"et3\" style=\"width: 99.00pt;\" width=\"132\">AC110\/220V<\/td>\n<td class=\"et3\" style=\"width: 99.00pt;\" width=\"132\">AC110\/220V<\/td>\n<td class=\"et3\" style=\"width: 99.00pt;\" width=\"132\">AC110\/220V<\/td>\n<\/tr>\n<\/tbody>\n<\/table>","protected":false},"excerpt":{"rendered":"<p>Die Floor Tile Display-Serie wurde f\u00fcr bodenmontierte LED-Anwendungen entwickelt und zeichnet sich durch eine hohe Tragf\u00e4higkeit (2000-3000kg\/\u33a1), Wasserdichtigkeit nach IP65 und eine vielseitige Montage (vertikal\/bogenf\u00f6rmig, Wand-\/Deckenmontage) aus. Ausgestattet mit intelligenter interaktiver Abtastung \u00fcber Lasersensoren und MCU-Chips, erm\u00f6glicht sie schnelle ber\u00fchrungslose Interaktion, ideal f\u00fcr XR-Filme, Ausstellungen und kommerzielle R\u00e4ume.<\/p>","protected":false},"featured_media":8814,"template":"","meta":[],"product_brand":[],"product_cat":[147,121],"product_tag":[],"class_list":{"0":"post-8809","1":"product","2":"type-product","3":"status-publish","4":"has-post-thumbnail","6":"product_cat-led-floor-screens","7":"product_cat-outdoor-led-screens","9":"first","10":"instock","11":"shipping-taxable","12":"product-type-simple"},"_links":{"self":[{"href":"https:\/\/arben-vision.com\/de\/wp-json\/wp\/v2\/product\/8809","targetHints":{"allow":["GET"]}}],"collection":[{"href":"https:\/\/arben-vision.com\/de\/wp-json\/wp\/v2\/product"}],"about":[{"href":"https:\/\/arben-vision.com\/de\/wp-json\/wp\/v2\/types\/product"}],"version-history":[{"count":1,"href":"https:\/\/arben-vision.com\/de\/wp-json\/wp\/v2\/product\/8809\/revisions"}],"predecessor-version":[{"id":8815,"href":"https:\/\/arben-vision.com\/de\/wp-json\/wp\/v2\/product\/8809\/revisions\/8815"}],"wp:featuredmedia":[{"embeddable":true,"href":"https:\/\/arben-vision.com\/de\/wp-json\/wp\/v2\/media\/8814"}],"wp:attachment":[{"href":"https:\/\/arben-vision.com\/de\/wp-json\/wp\/v2\/media?parent=8809"}],"wp:term":[{"taxonomy":"product_brand","embeddable":true,"href":"https:\/\/arben-vision.com\/de\/wp-json\/wp\/v2\/product_brand?post=8809"},{"taxonomy":"product_cat","embeddable":true,"href":"https:\/\/arben-vision.com\/de\/wp-json\/wp\/v2\/product_cat?post=8809"},{"taxonomy":"product_tag","embeddable":true,"href":"https:\/\/arben-vision.com\/de\/wp-json\/wp\/v2\/product_tag?post=8809"}],"curies":[{"name":"wp","href":"https:\/\/api.w.org\/{rel}","templated":true}]}}