{"id":8801,"date":"2025-08-01T10:48:50","date_gmt":"2025-08-01T10:48:50","guid":{"rendered":"https:\/\/arben-vision.com\/?post_type=product&#038;p=8801"},"modified":"2025-08-01T11:03:48","modified_gmt":"2025-08-01T11:03:48","slug":"cob-series-display","status":"publish","type":"product","link":"https:\/\/arben-vision.com\/de\/produkt\/cob-series-display\/","title":{"rendered":"Anzeige der COB-Serie"},"content":{"rendered":"<p><strong>Produktvorteil<\/strong><\/p>\n<p>Ultra-HD-Bildqualit\u00e4t, hohe Aufl\u00f6sung<br \/>\nHigh-Definition-Aufl\u00f6sung, lebendige Farben, echte Farbwiedergabe, schnelle Reaktion, kein Flimmern, keine Verz\u00f6gerung<br \/>\nNahtlose N\u00e4hte, ein visuelles Vergn\u00fcgen in hoher Aufl\u00f6sung<br \/>\nDie hochpr\u00e4zise Struktur der Anzeigeeinheit gew\u00e4hrleistet einen gleichm\u00e4\u00dfigen Pixelabstand, nahtloses Stitching sowie gleichm\u00e4\u00dfige Helligkeit und Farbe<br \/>\nGro\u00dfer Betrachtungswinkel, keine Unsch\u00e4rfe<br \/>\nGleichm\u00e4\u00dfige Anzeige aus allen Blickwinkeln, klar und nat\u00fcrlich, ohne Farbstich oder Verzerrung, f\u00fcr ein au\u00dfergew\u00f6hnliches Seherlebnis<\/p>\n<p><strong>Anwendungsszenario<\/strong><\/p>\n<p><img fetchpriority=\"high\" decoding=\"async\" class=\"alignnone size-medium wp-image-8802\" src=\"https:\/\/arben-vision.com\/wp-content\/uploads\/2025\/08\/\u8d44\u6e90-49@4x-300x241.png\" alt=\"\" width=\"300\" height=\"241\" srcset=\"https:\/\/arben-vision.com\/wp-content\/uploads\/2025\/08\/\u8d44\u6e90-49@4x-300x241.png 300w, https:\/\/arben-vision.com\/wp-content\/uploads\/2025\/08\/\u8d44\u6e90-49@4x-15x12.png 15w, https:\/\/arben-vision.com\/wp-content\/uploads\/2025\/08\/\u8d44\u6e90-49@4x-370x297.png 370w, https:\/\/arben-vision.com\/wp-content\/uploads\/2025\/08\/\u8d44\u6e90-49@4x-410x329.png 410w, https:\/\/arben-vision.com\/wp-content\/uploads\/2025\/08\/\u8d44\u6e90-49@4x.png 481w\" sizes=\"(max-width: 300px) 100vw, 300px\" \/> <img decoding=\"async\" class=\"alignnone size-medium wp-image-8805\" src=\"https:\/\/arben-vision.com\/wp-content\/uploads\/2025\/08\/\u8d44\u6e90-52@4x-300x241.png\" alt=\"\" width=\"300\" height=\"241\" srcset=\"https:\/\/arben-vision.com\/wp-content\/uploads\/2025\/08\/\u8d44\u6e90-52@4x-300x241.png 300w, https:\/\/arben-vision.com\/wp-content\/uploads\/2025\/08\/\u8d44\u6e90-52@4x-15x12.png 15w, https:\/\/arben-vision.com\/wp-content\/uploads\/2025\/08\/\u8d44\u6e90-52@4x-370x298.png 370w, https:\/\/arben-vision.com\/wp-content\/uploads\/2025\/08\/\u8d44\u6e90-52@4x-410x330.png 410w, https:\/\/arben-vision.com\/wp-content\/uploads\/2025\/08\/\u8d44\u6e90-52@4x.png 480w\" sizes=\"(max-width: 300px) 100vw, 300px\" \/> <img decoding=\"async\" class=\"alignnone size-medium wp-image-8803\" src=\"https:\/\/arben-vision.com\/wp-content\/uploads\/2025\/08\/\u8d44\u6e90-50@4x-300x241.png\" alt=\"\" width=\"300\" height=\"241\" srcset=\"https:\/\/arben-vision.com\/wp-content\/uploads\/2025\/08\/\u8d44\u6e90-50@4x-300x241.png 300w, https:\/\/arben-vision.com\/wp-content\/uploads\/2025\/08\/\u8d44\u6e90-50@4x-15x12.png 15w, https:\/\/arben-vision.com\/wp-content\/uploads\/2025\/08\/\u8d44\u6e90-50@4x-370x298.png 370w, https:\/\/arben-vision.com\/wp-content\/uploads\/2025\/08\/\u8d44\u6e90-50@4x-410x330.png 410w, https:\/\/arben-vision.com\/wp-content\/uploads\/2025\/08\/\u8d44\u6e90-50@4x.png 480w\" sizes=\"(max-width: 300px) 100vw, 300px\" \/> <img loading=\"lazy\" decoding=\"async\" class=\"alignnone size-medium wp-image-8804\" src=\"https:\/\/arben-vision.com\/wp-content\/uploads\/2025\/08\/\u8d44\u6e90-51@4x-300x241.png\" alt=\"\" width=\"300\" height=\"241\" srcset=\"https:\/\/arben-vision.com\/wp-content\/uploads\/2025\/08\/\u8d44\u6e90-51@4x-300x241.png 300w, https:\/\/arben-vision.com\/wp-content\/uploads\/2025\/08\/\u8d44\u6e90-51@4x-15x12.png 15w, https:\/\/arben-vision.com\/wp-content\/uploads\/2025\/08\/\u8d44\u6e90-51@4x-370x297.png 370w, https:\/\/arben-vision.com\/wp-content\/uploads\/2025\/08\/\u8d44\u6e90-51@4x-410x329.png 410w, https:\/\/arben-vision.com\/wp-content\/uploads\/2025\/08\/\u8d44\u6e90-51@4x.png 481w\" sizes=\"(max-width: 300px) 100vw, 300px\" \/><\/p>\n<p><strong> Technische Parameter<\/strong><\/p>\n<table style=\"border-collapse: collapse; width: 558.77pt;\" border=\"0\" width=\"745\" cellspacing=\"0\" cellpadding=\"0\">\n<tbody>\n<tr style=\"height: 28.00pt;\">\n<td class=\"et2\" style=\"height: 28.00pt; width: 105.00pt;\" width=\"140\" height=\"37\">Produktmodell<\/td>\n<td class=\"et2\" style=\"width: 86.25pt;\" width=\"115\">P0.62<\/td>\n<td class=\"et2\" style=\"width: 73.50pt;\" width=\"98\">P0.78<\/td>\n<td class=\"et2\" style=\"width: 73.50pt;\" width=\"98\">P0.93<\/td>\n<td class=\"et2\" style=\"width: 73.50pt;\" width=\"98\">P1.25<\/td>\n<td class=\"et2\" style=\"width: 73.50pt;\" width=\"98\">P1.56<\/td>\n<td class=\"et2\" style=\"width: 73.50pt;\" width=\"98\">P1.87<\/td>\n<\/tr>\n<tr style=\"height: 40.50pt;\">\n<td class=\"et2\" style=\"height: 40.50pt; width: 105.00pt;\" width=\"140\" height=\"54\">Modul Aufl\u00f6sung (B\u00d7H, Punkte)<\/td>\n<td class=\"et3\" style=\"width: 86.25pt;\" width=\"115\">483.5\u00d7540<\/td>\n<td class=\"et3\" style=\"width: 73.50pt;\" width=\"98\">384\u00d7432<\/td>\n<td class=\"et3\" style=\"width: 73.50pt;\" width=\"98\">320\u00d7360<\/td>\n<td class=\"et3\" style=\"width: 73.50pt;\" width=\"98\">240\u00d7270<\/td>\n<td class=\"et3\" style=\"width: 73.50pt;\" width=\"98\">192\u00d7216<\/td>\n<td class=\"et3\" style=\"width: 73.50pt;\" width=\"98\">160\u00d7180<\/td>\n<\/tr>\n<tr style=\"height: 27.00pt;\">\n<td class=\"et2\" style=\"height: 27.00pt; width: 105.00pt;\" width=\"140\" height=\"36\">Modulgr\u00f6\u00dfe (mm)<\/td>\n<td class=\"et3\" style=\"width: 86.25pt;\" width=\"115\">300\u00d7337.5<\/td>\n<td class=\"et3\" style=\"width: 73.50pt;\" width=\"98\">300\u00d7337.5<\/td>\n<td class=\"et3\" style=\"width: 73.50pt;\" width=\"98\">300\u00d7337.5<\/td>\n<td class=\"et3\" style=\"width: 73.50pt;\" width=\"98\">300\u00d7337.5<\/td>\n<td class=\"et3\" style=\"width: 73.50pt;\" width=\"98\">300\u00d7337.5<\/td>\n<td class=\"et3\" style=\"width: 73.50pt;\" width=\"98\">300\u00d7337.5<\/td>\n<\/tr>\n<tr style=\"height: 40.50pt;\">\n<td class=\"et2\" style=\"height: 40.50pt; width: 105.00pt;\" width=\"140\" height=\"54\">Einheit Modulzusammensetzung (B\u00d7H)<\/td>\n<td class=\"et3\" style=\"width: 86.25pt;\" width=\"115\">2\u00d71<\/td>\n<td class=\"et3\" style=\"width: 73.50pt;\" width=\"98\">2\u00d71<\/td>\n<td class=\"et3\" style=\"width: 73.50pt;\" width=\"98\">2\u00d71<\/td>\n<td class=\"et3\" style=\"width: 73.50pt;\" width=\"98\">2\u00d71<\/td>\n<td class=\"et3\" style=\"width: 73.50pt;\" width=\"98\">2\u00d71<\/td>\n<td class=\"et3\" style=\"width: 73.50pt;\" width=\"98\">2\u00d71<\/td>\n<\/tr>\n<tr style=\"height: 27.00pt;\">\n<td class=\"et2\" style=\"height: 27.00pt; width: 105.00pt;\" width=\"140\" height=\"36\">Gr\u00f6\u00dfe des Schranks (B\u00d7H\u00d7T, mm)<\/td>\n<td class=\"et3\" style=\"width: 86.25pt;\" width=\"115\">600\u00d7337.5\u00d760<\/td>\n<td class=\"et3\" style=\"width: 73.50pt;\" width=\"98\">600\u00d7337.5\u00d760<\/td>\n<td class=\"et3\" style=\"width: 73.50pt;\" width=\"98\">600\u00d7337.5\u00d760<\/td>\n<td class=\"et3\" style=\"width: 73.50pt;\" width=\"98\">600\u00d7337.5\u00d760<\/td>\n<td class=\"et3\" style=\"width: 73.50pt;\" width=\"98\">600\u00d7337.5\u00d760<\/td>\n<td class=\"et3\" style=\"width: 73.50pt;\" width=\"98\">600\u00d7337.5\u00d760<\/td>\n<\/tr>\n<tr style=\"height: 27.00pt;\">\n<td class=\"et2\" style=\"height: 27.00pt; width: 105.00pt;\" width=\"140\" height=\"36\">Gewicht des Geh\u00e4uses (KG\/Einheit)<\/td>\n<td class=\"et3\" style=\"width: 86.25pt;\" width=\"115\">6<\/td>\n<td class=\"et3\" style=\"width: 73.50pt;\" width=\"98\">6<\/td>\n<td class=\"et3\" style=\"width: 73.50pt;\" width=\"98\">6<\/td>\n<td class=\"et3\" style=\"width: 73.50pt;\" width=\"98\">6<\/td>\n<td class=\"et3\" style=\"width: 73.50pt;\" width=\"98\">6<\/td>\n<td class=\"et3\" style=\"width: 73.50pt;\" width=\"98\">6<\/td>\n<\/tr>\n<tr style=\"height: 40.50pt;\">\n<td class=\"et2\" style=\"height: 40.50pt; width: 105.00pt;\" width=\"140\" height=\"54\">Kabinett Aufl\u00f6sung (Pixels)<\/td>\n<td class=\"et3\" style=\"width: 86.25pt;\" width=\"115\">967\u00d7540<\/td>\n<td class=\"et3\" style=\"width: 73.50pt;\" width=\"98\">768\u00d7432<\/td>\n<td class=\"et3\" style=\"width: 73.50pt;\" width=\"98\">640\u00d7360<\/td>\n<td class=\"et3\" style=\"width: 73.50pt;\" width=\"98\">480\u00d7270<\/td>\n<td class=\"et3\" style=\"width: 73.50pt;\" width=\"98\">384\u00d7216<\/td>\n<td class=\"et3\" style=\"width: 73.50pt;\" width=\"98\">320\u00d7180<\/td>\n<\/tr>\n<tr style=\"height: 27.00pt;\">\n<td class=\"et2\" style=\"height: 27.00pt; width: 105.00pt;\" width=\"140\" height=\"36\">Pixel-Dichte (Pixel\/m\u00b2)<\/td>\n<td class=\"et4\" style=\"width: 86.25pt;\" width=\"115\">2,560,000<\/td>\n<td class=\"et4\" style=\"width: 73.50pt;\" width=\"98\">1,643,524<\/td>\n<td class=\"et4\" style=\"width: 73.50pt;\" width=\"98\">1,137,778<\/td>\n<td class=\"et4\" style=\"width: 73.50pt;\" width=\"98\">640,000<\/td>\n<td class=\"et4\" style=\"width: 73.50pt;\" width=\"98\">409,600<\/td>\n<td class=\"et4\" style=\"width: 73.50pt;\" width=\"98\">284,444<\/td>\n<\/tr>\n<tr style=\"height: 26.00pt;\">\n<td class=\"et2\" style=\"height: 26.00pt; width: 105.00pt;\" width=\"140\" height=\"34\">Graustufen<\/td>\n<td class=\"et3\" style=\"width: 86.25pt;\" width=\"115\">16bit<\/td>\n<td class=\"et3\" style=\"width: 73.50pt;\" width=\"98\">16bit<\/td>\n<td class=\"et3\" style=\"width: 73.50pt;\" width=\"98\">16bit<\/td>\n<td class=\"et3\" style=\"width: 73.50pt;\" width=\"98\">16bit<\/td>\n<td class=\"et3\" style=\"width: 73.50pt;\" width=\"98\">16bit<\/td>\n<td class=\"et3\" style=\"width: 73.50pt;\" width=\"98\">16bit<\/td>\n<\/tr>\n<tr style=\"height: 27.00pt;\">\n<td class=\"et2\" style=\"height: 27.00pt; width: 105.00pt;\" width=\"140\" height=\"36\">Bildwiederholfrequenz (Hz)<\/td>\n<td class=\"et3\" style=\"width: 86.25pt;\" width=\"115\">3840Hz<\/td>\n<td class=\"et3\" style=\"width: 73.50pt;\" width=\"98\">3840Hz<\/td>\n<td class=\"et3\" style=\"width: 73.50pt;\" width=\"98\">3840Hz<\/td>\n<td class=\"et3\" style=\"width: 73.50pt;\" width=\"98\">3840Hz<\/td>\n<td class=\"et3\" style=\"width: 73.50pt;\" width=\"98\">3840Hz<\/td>\n<td class=\"et3\" style=\"width: 73.50pt;\" width=\"98\">3840Hz<\/td>\n<\/tr>\n<tr style=\"height: 40.50pt;\">\n<td class=\"et2\" style=\"height: 40.50pt; width: 105.00pt;\" width=\"140\" height=\"54\">Speicherung von Kalibrierungsdaten<\/td>\n<td class=\"et3\" style=\"width: 86.25pt;\" width=\"115\">In der Modulgruppe gespeicherte Daten<\/td>\n<td class=\"et3\" style=\"width: 73.50pt;\" width=\"98\">Gleiche<\/td>\n<td class=\"et3\" style=\"width: 73.50pt;\" width=\"98\">Gleiche<\/td>\n<td class=\"et3\" style=\"width: 73.50pt;\" width=\"98\">Gleiche<\/td>\n<td class=\"et3\" style=\"width: 73.50pt;\" width=\"98\">Gleiche<\/td>\n<td class=\"et3\" style=\"width: 73.50pt;\" width=\"98\">Gleiche<\/td>\n<\/tr>\n<tr style=\"height: 40.50pt;\">\n<td class=\"et2\" style=\"height: 40.50pt; width: 105.00pt;\" width=\"140\" height=\"54\">Helligkeit<\/td>\n<td class=\"et3\" style=\"width: 86.25pt;\" width=\"115\">50-600cd\/m\u00b2 (stufenlose Einstellung)<\/td>\n<td class=\"et3\" style=\"width: 73.50pt;\" width=\"98\">Gleiche<\/td>\n<td class=\"et3\" style=\"width: 73.50pt;\" width=\"98\">Gleiche<\/td>\n<td class=\"et3\" style=\"width: 73.50pt;\" width=\"98\">Gleiche<\/td>\n<td class=\"et3\" style=\"width: 73.50pt;\" width=\"98\">Gleiche<\/td>\n<td class=\"et3\" style=\"width: 73.50pt;\" width=\"98\">Gleiche<\/td>\n<\/tr>\n<tr style=\"height: 27.00pt;\">\n<td class=\"et2\" style=\"height: 27.00pt; width: 105.00pt;\" width=\"140\" height=\"36\">Farbtemperatur<\/td>\n<td class=\"et3\" style=\"width: 86.25pt;\" width=\"115\">3200-9300K (einstellbar)<\/td>\n<td class=\"et3\" style=\"width: 73.50pt;\" width=\"98\">Gleiche<\/td>\n<td class=\"et3\" style=\"width: 73.50pt;\" width=\"98\">Gleiche<\/td>\n<td class=\"et3\" style=\"width: 73.50pt;\" width=\"98\">Gleiche<\/td>\n<td class=\"et3\" style=\"width: 73.50pt;\" width=\"98\">Gleiche<\/td>\n<td class=\"et3\" style=\"width: 73.50pt;\" width=\"98\">Gleiche<\/td>\n<\/tr>\n<tr style=\"height: 27.00pt;\">\n<td class=\"et2\" style=\"height: 27.00pt; width: 105.00pt;\" width=\"140\" height=\"36\">Helligkeit Gleichm\u00e4\u00dfigkeit<\/td>\n<td class=\"et3\" style=\"width: 86.25pt;\" width=\"115\">\u226598%<\/td>\n<td class=\"et3\" style=\"width: 73.50pt;\" width=\"98\">\u226598%<\/td>\n<td class=\"et3\" style=\"width: 73.50pt;\" width=\"98\">\u226598%<\/td>\n<td class=\"et3\" style=\"width: 73.50pt;\" width=\"98\">\u226598%<\/td>\n<td class=\"et3\" style=\"width: 73.50pt;\" width=\"98\">\u226598%<\/td>\n<td class=\"et3\" style=\"width: 73.50pt;\" width=\"98\">\u226598%<\/td>\n<\/tr>\n<tr style=\"height: 40.50pt;\">\n<td class=\"et2\" style=\"height: 40.50pt; width: 105.00pt;\" width=\"140\" height=\"54\">Betrachtungswinkel (Horizontal\/Vertikal)<\/td>\n<td class=\"et3\" style=\"width: 86.25pt;\" width=\"115\">\u2265170\u00b0<\/td>\n<td class=\"et3\" style=\"width: 73.50pt;\" width=\"98\">\u2265170\u00b0<\/td>\n<td class=\"et3\" style=\"width: 73.50pt;\" width=\"98\">\u2265170\u00b0<\/td>\n<td class=\"et3\" style=\"width: 73.50pt;\" width=\"98\">\u2265170\u00b0<\/td>\n<td class=\"et3\" style=\"width: 73.50pt;\" width=\"98\">\u2265170\u00b0<\/td>\n<td class=\"et3\" style=\"width: 73.50pt;\" width=\"98\">\u2265170\u00b0<\/td>\n<\/tr>\n<tr style=\"height: 13.50pt;\">\n<td class=\"et2\" style=\"height: 13.50pt; width: 105.00pt;\" width=\"140\" height=\"18\">Kontrastverh\u00e4ltnis<\/td>\n<td class=\"et3\" style=\"width: 86.25pt;\" width=\"115\">\u22658500:1<\/td>\n<td class=\"et3\" style=\"width: 73.50pt;\" width=\"98\">Gleiche<\/td>\n<td class=\"et3\" style=\"width: 73.50pt;\" width=\"98\">Gleiche<\/td>\n<td class=\"et3\" style=\"width: 73.50pt;\" width=\"98\">Gleiche<\/td>\n<td class=\"et3\" style=\"width: 73.50pt;\" width=\"98\">Gleiche<\/td>\n<td class=\"et3\" style=\"width: 73.50pt;\" width=\"98\">Gleiche<\/td>\n<\/tr>\n<tr style=\"height: 40.50pt;\">\n<td class=\"et2\" style=\"height: 40.50pt; width: 105.00pt;\" width=\"140\" height=\"54\">Spitzenleistungsaufnahme (W\/m\u00b2)<\/td>\n<td class=\"et3\" style=\"width: 86.25pt;\" width=\"115\">\u2264650<\/td>\n<td class=\"et3\" style=\"width: 73.50pt;\" width=\"98\">\u2264650<\/td>\n<td class=\"et3\" style=\"width: 73.50pt;\" width=\"98\">\u2264650<\/td>\n<td class=\"et3\" style=\"width: 73.50pt;\" width=\"98\">\u2264650<\/td>\n<td class=\"et3\" style=\"width: 73.50pt;\" width=\"98\">\u2264650<\/td>\n<td class=\"et3\" style=\"width: 73.50pt;\" width=\"98\">\u2264650<\/td>\n<\/tr>\n<tr style=\"height: 40.50pt;\">\n<td class=\"et2\" style=\"height: 40.50pt; width: 105.00pt;\" width=\"140\" height=\"54\">Durchschnittliche Leistungsaufnahme (W\/m\u00b2)<\/td>\n<td class=\"et3\" style=\"width: 86.25pt;\" width=\"115\">\u2264260<\/td>\n<td class=\"et3\" style=\"width: 73.50pt;\" width=\"98\">\u2264260<\/td>\n<td class=\"et3\" style=\"width: 73.50pt;\" width=\"98\">\u2264260<\/td>\n<td class=\"et3\" style=\"width: 73.50pt;\" width=\"98\">\u2264260<\/td>\n<td class=\"et3\" style=\"width: 73.50pt;\" width=\"98\">\u2264260<\/td>\n<td class=\"et3\" style=\"width: 73.50pt;\" width=\"98\">\u2264260<\/td>\n<\/tr>\n<tr style=\"height: 27.00pt;\">\n<td class=\"et2\" style=\"height: 27.00pt; width: 105.00pt;\" width=\"140\" height=\"36\">Anforderungen an die Stromversorgung<\/td>\n<td class=\"et3\" style=\"width: 86.25pt;\" width=\"115\">AC100-240V (50-60Hz)<\/td>\n<td class=\"et3\" style=\"width: 73.50pt;\" width=\"98\">Gleiche<\/td>\n<td class=\"et3\" style=\"width: 73.50pt;\" width=\"98\">Gleiche<\/td>\n<td class=\"et3\" style=\"width: 73.50pt;\" width=\"98\">Gleiche<\/td>\n<td class=\"et3\" style=\"width: 73.50pt;\" width=\"98\">Gleiche<\/td>\n<td class=\"et3\" style=\"width: 73.50pt;\" width=\"98\">Gleiche<\/td>\n<\/tr>\n<tr style=\"height: 27.00pt;\">\n<td class=\"et2\" style=\"height: 27.00pt; width: 105.00pt;\" width=\"140\" height=\"36\">Umrechnung Frequenz (Hz)<\/td>\n<td class=\"et3\" style=\"width: 86.25pt;\" width=\"115\">50 &amp; 60<\/td>\n<td class=\"et3\" style=\"width: 73.50pt;\" width=\"98\">Gleiche<\/td>\n<td class=\"et3\" style=\"width: 73.50pt;\" width=\"98\">Gleiche<\/td>\n<td class=\"et3\" style=\"width: 73.50pt;\" width=\"98\">Gleiche<\/td>\n<td class=\"et3\" style=\"width: 73.50pt;\" width=\"98\">Gleiche<\/td>\n<td class=\"et3\" style=\"width: 73.50pt;\" width=\"98\">Gleiche<\/td>\n<\/tr>\n<tr style=\"height: 13.50pt;\">\n<td class=\"et2\" style=\"height: 13.50pt; width: 105.00pt;\" width=\"140\" height=\"18\">Modul-Naht<\/td>\n<td class=\"et3\" style=\"width: 86.25pt;\" width=\"115\">\u22640,1mm<\/td>\n<td class=\"et3\" style=\"width: 73.50pt;\" width=\"98\">\u22640,1mm<\/td>\n<td class=\"et3\" style=\"width: 73.50pt;\" width=\"98\">\u22640,1mm<\/td>\n<td class=\"et3\" style=\"width: 73.50pt;\" width=\"98\">\u22640,1mm<\/td>\n<td class=\"et3\" style=\"width: 73.50pt;\" width=\"98\">\u22640,1mm<\/td>\n<td class=\"et3\" style=\"width: 73.50pt;\" width=\"98\">\u22640,1mm<\/td>\n<\/tr>\n<tr style=\"height: 27.00pt;\">\n<td class=\"et2\" style=\"height: 27.00pt; width: 105.00pt;\" width=\"140\" height=\"36\">Material des Geh\u00e4uses<\/td>\n<td class=\"et3\" style=\"width: 86.25pt;\" width=\"115\">Aluminium-Druckguss<\/td>\n<td class=\"et3\" style=\"width: 73.50pt;\" width=\"98\">Gleiche<\/td>\n<td class=\"et3\" style=\"width: 73.50pt;\" width=\"98\">Gleiche<\/td>\n<td class=\"et3\" style=\"width: 73.50pt;\" width=\"98\">Gleiche<\/td>\n<td class=\"et3\" style=\"width: 73.50pt;\" width=\"98\">Gleiche<\/td>\n<td class=\"et3\" style=\"width: 73.50pt;\" width=\"98\">Gleiche<\/td>\n<\/tr>\n<tr style=\"height: 54.00pt;\">\n<td class=\"et2\" style=\"height: 54.00pt; width: 105.00pt;\" width=\"140\" height=\"72\">Betriebstemperatur\/Luftfeuchtigkeit<\/td>\n<td class=\"et3\" style=\"width: 86.25pt;\" width=\"115\">-20-60\u00b0C \/ 10%-85% RH (nicht kondensierend)<\/td>\n<td class=\"et3\" style=\"width: 73.50pt;\" width=\"98\">Gleiche<\/td>\n<td class=\"et3\" style=\"width: 73.50pt;\" width=\"98\">Gleiche<\/td>\n<td class=\"et3\" style=\"width: 73.50pt;\" width=\"98\">Gleiche<\/td>\n<td class=\"et3\" style=\"width: 73.50pt;\" width=\"98\">Gleiche<\/td>\n<td class=\"et3\" style=\"width: 73.50pt;\" width=\"98\">Gleiche<\/td>\n<\/tr>\n<\/tbody>\n<\/table>","protected":false},"excerpt":{"rendered":"<p>Die Displays der COB-Serie (Chip on Board) stellen einen bahnbrechenden Fortschritt in der LED-Technologie dar und bieten eine hervorragende visuelle Leistung, Haltbarkeit und Energieeffizienz. Bei diesen Displays werden die LED-Chips direkt auf das Tr\u00e4germaterial integriert, wodurch herk\u00f6mmliche Verpackungsmethoden \u00fcberfl\u00fcssig werden und eine nahtlose, hochaufl\u00f6sende Darstellung erreicht wird. Im Folgenden finden Sie einen umfassenden \u00dcberblick \u00fcber die Displays der COB-Serie, einschlie\u00dflich ihrer Merkmale, Vorteile und Anwendungen.<\/p>","protected":false},"featured_media":8808,"template":"","meta":[],"product_brand":[],"product_cat":[148,150,124],"product_tag":[],"class_list":{"0":"post-8801","1":"product","2":"type-product","3":"status-publish","4":"has-post-thumbnail","6":"product_cat-cob-led-series","7":"product_cat-flexible-leds","8":"product_cat-indoor-fine-pitch-leds","10":"first","11":"instock","12":"shipping-taxable","13":"product-type-simple"},"_links":{"self":[{"href":"https:\/\/arben-vision.com\/de\/wp-json\/wp\/v2\/product\/8801","targetHints":{"allow":["GET"]}}],"collection":[{"href":"https:\/\/arben-vision.com\/de\/wp-json\/wp\/v2\/product"}],"about":[{"href":"https:\/\/arben-vision.com\/de\/wp-json\/wp\/v2\/types\/product"}],"version-history":[{"count":4,"href":"https:\/\/arben-vision.com\/de\/wp-json\/wp\/v2\/product\/8801\/revisions"}],"predecessor-version":[{"id":8818,"href":"https:\/\/arben-vision.com\/de\/wp-json\/wp\/v2\/product\/8801\/revisions\/8818"}],"wp:featuredmedia":[{"embeddable":true,"href":"https:\/\/arben-vision.com\/de\/wp-json\/wp\/v2\/media\/8808"}],"wp:attachment":[{"href":"https:\/\/arben-vision.com\/de\/wp-json\/wp\/v2\/media?parent=8801"}],"wp:term":[{"taxonomy":"product_brand","embeddable":true,"href":"https:\/\/arben-vision.com\/de\/wp-json\/wp\/v2\/product_brand?post=8801"},{"taxonomy":"product_cat","embeddable":true,"href":"https:\/\/arben-vision.com\/de\/wp-json\/wp\/v2\/product_cat?post=8801"},{"taxonomy":"product_tag","embeddable":true,"href":"https:\/\/arben-vision.com\/de\/wp-json\/wp\/v2\/product_tag?post=8801"}],"curies":[{"name":"wp","href":"https:\/\/api.w.org\/{rel}","templated":true}]}}