{"id":8793,"date":"2025-07-28T14:49:13","date_gmt":"2025-07-28T14:49:13","guid":{"rendered":"https:\/\/arben-vision.com\/?post_type=product&#038;p=8793"},"modified":"2025-07-28T14:50:37","modified_gmt":"2025-07-28T14:50:37","slug":"outdoor-fixed-display-screen","status":"publish","type":"product","link":"https:\/\/arben-vision.com\/de\/produkt\/outdoor-fixed-display-screen\/","title":{"rendered":"Fester Bildschirm f\u00fcr den Au\u00dfenbereich"},"content":{"rendered":"<p><strong>Produktvorteil<\/strong><\/p>\n<p>1. der Box-Typ: Standard\/Einfach<br \/>\n2. flexibler und praktischer Werbebildschirm, der die Kreativit\u00e4t zur Geltung bringt<br \/>\n3. stabil und zuverl\u00e4ssig, mit ausgezeichnetem Anzeigeeffekt<br \/>\n4. professionelles wasserdichtes Design, Schutzart IP65, furchtlos in extremen Wetterbedingungen.<\/p>\n<p><strong>Anwendungsszenario<\/strong><\/p>\n<p><img fetchpriority=\"high\" decoding=\"async\" class=\"alignnone size-medium wp-image-8795\" src=\"https:\/\/arben-vision.com\/wp-content\/uploads\/2025\/07\/\u8d44\u6e90-46@4x-300x241.png\" alt=\"\" width=\"300\" height=\"241\" srcset=\"https:\/\/arben-vision.com\/wp-content\/uploads\/2025\/07\/\u8d44\u6e90-46@4x-300x241.png 300w, https:\/\/arben-vision.com\/wp-content\/uploads\/2025\/07\/\u8d44\u6e90-46@4x-15x12.png 15w, https:\/\/arben-vision.com\/wp-content\/uploads\/2025\/07\/\u8d44\u6e90-46@4x-370x298.png 370w, https:\/\/arben-vision.com\/wp-content\/uploads\/2025\/07\/\u8d44\u6e90-46@4x-410x330.png 410w, https:\/\/arben-vision.com\/wp-content\/uploads\/2025\/07\/\u8d44\u6e90-46@4x-600x483.png 600w, https:\/\/arben-vision.com\/wp-content\/uploads\/2025\/07\/\u8d44\u6e90-46@4x.png 603w\" sizes=\"(max-width: 300px) 100vw, 300px\" \/> <img decoding=\"async\" class=\"alignnone size-medium wp-image-8796\" src=\"https:\/\/arben-vision.com\/wp-content\/uploads\/2025\/07\/\u8d44\u6e90-47@4x-300x241.png\" alt=\"\" width=\"300\" height=\"241\" srcset=\"https:\/\/arben-vision.com\/wp-content\/uploads\/2025\/07\/\u8d44\u6e90-47@4x-300x241.png 300w, https:\/\/arben-vision.com\/wp-content\/uploads\/2025\/07\/\u8d44\u6e90-47@4x-15x12.png 15w, https:\/\/arben-vision.com\/wp-content\/uploads\/2025\/07\/\u8d44\u6e90-47@4x-370x297.png 370w, https:\/\/arben-vision.com\/wp-content\/uploads\/2025\/07\/\u8d44\u6e90-47@4x-410x329.png 410w, https:\/\/arben-vision.com\/wp-content\/uploads\/2025\/07\/\u8d44\u6e90-47@4x-600x482.png 600w, https:\/\/arben-vision.com\/wp-content\/uploads\/2025\/07\/\u8d44\u6e90-47@4x.png 604w\" sizes=\"(max-width: 300px) 100vw, 300px\" \/> <img decoding=\"async\" class=\"alignnone size-medium wp-image-8797\" src=\"https:\/\/arben-vision.com\/wp-content\/uploads\/2025\/07\/\u8d44\u6e90-48@4x-300x241.png\" alt=\"\" width=\"300\" height=\"241\" srcset=\"https:\/\/arben-vision.com\/wp-content\/uploads\/2025\/07\/\u8d44\u6e90-48@4x-300x241.png 300w, https:\/\/arben-vision.com\/wp-content\/uploads\/2025\/07\/\u8d44\u6e90-48@4x-15x12.png 15w, https:\/\/arben-vision.com\/wp-content\/uploads\/2025\/07\/\u8d44\u6e90-48@4x-370x297.png 370w, https:\/\/arben-vision.com\/wp-content\/uploads\/2025\/07\/\u8d44\u6e90-48@4x-410x329.png 410w, https:\/\/arben-vision.com\/wp-content\/uploads\/2025\/07\/\u8d44\u6e90-48@4x-600x482.png 600w, https:\/\/arben-vision.com\/wp-content\/uploads\/2025\/07\/\u8d44\u6e90-48@4x.png 604w\" sizes=\"(max-width: 300px) 100vw, 300px\" \/><\/p>\n<p><strong>Technische Parameter<\/strong><\/p>\n<table>\n<thead data-sentry-component=\"CustomThead\" data-sentry-source-file=\"index.tsx\">\n<tr data-sentry-component=\"CustomTr\" data-sentry-source-file=\"index.tsx\">\n<th data-sentry-component=\"CustomTh\" data-sentry-source-file=\"index.tsx\"><strong data-sourcepos=\"1:3-1:20\">Produktmodell<\/strong><\/th>\n<th data-sentry-component=\"CustomTh\" data-sentry-source-file=\"index.tsx\">P2.5<\/th>\n<th data-sentry-component=\"CustomTh\" data-sentry-source-file=\"index.tsx\">P3<\/th>\n<th data-sentry-component=\"CustomTh\" data-sentry-source-file=\"index.tsx\">P3.076<\/th>\n<th data-sentry-component=\"CustomTh\" data-sentry-source-file=\"index.tsx\">P4<\/th>\n<th data-sentry-component=\"CustomTh\" data-sentry-source-file=\"index.tsx\">P5<\/th>\n<th data-sentry-component=\"CustomTh\" data-sentry-source-file=\"index.tsx\">P6<\/th>\n<th data-sentry-component=\"CustomTh\" data-sentry-source-file=\"index.tsx\">P6.67<\/th>\n<th data-sentry-component=\"CustomTh\" data-sentry-source-file=\"index.tsx\">P8<\/th>\n<th data-sentry-component=\"CustomTh\" data-sentry-source-file=\"index.tsx\">P10<\/th>\n<\/tr>\n<\/thead>\n<tbody data-sentry-component=\"CustomTbody\" data-sentry-source-file=\"index.tsx\">\n<tr data-sentry-component=\"CustomTr\" data-sentry-source-file=\"index.tsx\">\n<td data-sentry-component=\"CustomTd\" data-sentry-source-file=\"index.tsx\"><strong data-sourcepos=\"3:3-3:23\">Modulgr\u00f6\u00dfe (mm)<\/strong><\/td>\n<td data-sentry-component=\"CustomTd\" data-sentry-source-file=\"index.tsx\">320\u00d7160<\/td>\n<td data-sentry-component=\"CustomTd\" data-sentry-source-file=\"index.tsx\">192\u00d7192<\/td>\n<td data-sentry-component=\"CustomTd\" data-sentry-source-file=\"index.tsx\">320\u00d7160<\/td>\n<td data-sentry-component=\"CustomTd\" data-sentry-source-file=\"index.tsx\">320\u00d7160\/256\u00d7128<\/td>\n<td data-sentry-component=\"CustomTd\" data-sentry-source-file=\"index.tsx\">320\u00d7160<\/td>\n<td data-sentry-component=\"CustomTd\" data-sentry-source-file=\"index.tsx\">192\u00d7192<\/td>\n<td data-sentry-component=\"CustomTd\" data-sentry-source-file=\"index.tsx\">320\u00d7160<\/td>\n<td data-sentry-component=\"CustomTd\" data-sentry-source-file=\"index.tsx\">320\u00d7160\/256\u00d7128<\/td>\n<td data-sentry-component=\"CustomTd\" data-sentry-source-file=\"index.tsx\">320\u00d7160<\/td>\n<\/tr>\n<tr data-sentry-component=\"CustomTr\" data-sentry-source-file=\"index.tsx\">\n<td data-sentry-component=\"CustomTd\" data-sentry-source-file=\"index.tsx\"><strong data-sourcepos=\"4:3-4:24\">Modul Aufl\u00f6sung<\/strong><\/td>\n<td data-sentry-component=\"CustomTd\" data-sentry-source-file=\"index.tsx\">128\u00d764<\/td>\n<td data-sentry-component=\"CustomTd\" data-sentry-source-file=\"index.tsx\">64\u00d764<\/td>\n<td data-sentry-component=\"CustomTd\" data-sentry-source-file=\"index.tsx\">104\u00d752<\/td>\n<td data-sentry-component=\"CustomTd\" data-sentry-source-file=\"index.tsx\">80\u00d740\/64\u00d732<\/td>\n<td data-sentry-component=\"CustomTd\" data-sentry-source-file=\"index.tsx\">64\u00d732<\/td>\n<td data-sentry-component=\"CustomTd\" data-sentry-source-file=\"index.tsx\">32\u00d732<\/td>\n<td data-sentry-component=\"CustomTd\" data-sentry-source-file=\"index.tsx\">48\u00d724<\/td>\n<td data-sentry-component=\"CustomTd\" data-sentry-source-file=\"index.tsx\">40\u00d720\/32\u00d716<\/td>\n<td data-sentry-component=\"CustomTd\" data-sentry-source-file=\"index.tsx\">32\u00d716<\/td>\n<\/tr>\n<tr data-sentry-component=\"CustomTr\" data-sentry-source-file=\"index.tsx\">\n<td data-sentry-component=\"CustomTd\" data-sentry-source-file=\"index.tsx\"><strong data-sourcepos=\"5:3-5:24\">Gr\u00f6\u00dfe des Geh\u00e4uses (mm)<\/strong><\/td>\n<td data-sentry-component=\"CustomTd\" data-sentry-source-file=\"index.tsx\">960\u00d7960<\/td>\n<td data-sentry-component=\"CustomTd\" data-sentry-source-file=\"index.tsx\">960\u00d7960<\/td>\n<td data-sentry-component=\"CustomTd\" data-sentry-source-file=\"index.tsx\">960\u00d7960<\/td>\n<td data-sentry-component=\"CustomTd\" data-sentry-source-file=\"index.tsx\">960\u00d7960<\/td>\n<td data-sentry-component=\"CustomTd\" data-sentry-source-file=\"index.tsx\">960\u00d7960<\/td>\n<td data-sentry-component=\"CustomTd\" data-sentry-source-file=\"index.tsx\">960\u00d7960<\/td>\n<td data-sentry-component=\"CustomTd\" data-sentry-source-file=\"index.tsx\">960\u00d7960<\/td>\n<td data-sentry-component=\"CustomTd\" data-sentry-source-file=\"index.tsx\">960\u00d7960<\/td>\n<td data-sentry-component=\"CustomTd\" data-sentry-source-file=\"index.tsx\">960\u00d7960<\/td>\n<\/tr>\n<tr data-sentry-component=\"CustomTr\" data-sentry-source-file=\"index.tsx\">\n<td data-sentry-component=\"CustomTd\" data-sentry-source-file=\"index.tsx\"><strong data-sourcepos=\"6:3-6:25\">Entschlie\u00dfung des Kabinetts<\/strong><\/td>\n<td data-sentry-component=\"CustomTd\" data-sentry-source-file=\"index.tsx\">384\u00d7384<\/td>\n<td data-sentry-component=\"CustomTd\" data-sentry-source-file=\"index.tsx\">320\u00d7320<\/td>\n<td data-sentry-component=\"CustomTd\" data-sentry-source-file=\"index.tsx\">312\u00d7312<\/td>\n<td data-sentry-component=\"CustomTd\" data-sentry-source-file=\"index.tsx\">240\u00d7240<\/td>\n<td data-sentry-component=\"CustomTd\" data-sentry-source-file=\"index.tsx\">192\u00d7192<\/td>\n<td data-sentry-component=\"CustomTd\" data-sentry-source-file=\"index.tsx\">160\u00d7160<\/td>\n<td data-sentry-component=\"CustomTd\" data-sentry-source-file=\"index.tsx\">144\u00d7144<\/td>\n<td data-sentry-component=\"CustomTd\" data-sentry-source-file=\"index.tsx\">120\u00d7120<\/td>\n<td data-sentry-component=\"CustomTd\" data-sentry-source-file=\"index.tsx\">96\u00d796<\/td>\n<\/tr>\n<tr data-sentry-component=\"CustomTr\" data-sentry-source-file=\"index.tsx\">\n<td data-sentry-component=\"CustomTd\" data-sentry-source-file=\"index.tsx\"><strong data-sourcepos=\"7:3-7:29\">Physikalische Pixeldichte<\/strong><\/td>\n<td data-sentry-component=\"CustomTd\" data-sentry-source-file=\"index.tsx\">160000<\/td>\n<td data-sentry-component=\"CustomTd\" data-sentry-source-file=\"index.tsx\">111111<\/td>\n<td data-sentry-component=\"CustomTd\" data-sentry-source-file=\"index.tsx\">105688<\/td>\n<td data-sentry-component=\"CustomTd\" data-sentry-source-file=\"index.tsx\">62500<\/td>\n<td data-sentry-component=\"CustomTd\" data-sentry-source-file=\"index.tsx\">40000<\/td>\n<td data-sentry-component=\"CustomTd\" data-sentry-source-file=\"index.tsx\">27777<\/td>\n<td data-sentry-component=\"CustomTd\" data-sentry-source-file=\"index.tsx\">22500<\/td>\n<td data-sentry-component=\"CustomTd\" data-sentry-source-file=\"index.tsx\">15625<\/td>\n<td data-sentry-component=\"CustomTd\" data-sentry-source-file=\"index.tsx\">10000<\/td>\n<\/tr>\n<tr data-sentry-component=\"CustomTr\" data-sentry-source-file=\"index.tsx\">\n<td data-sentry-component=\"CustomTd\" data-sentry-source-file=\"index.tsx\"><strong data-sourcepos=\"8:3-8:23\">LED-Geh\u00e4usetyp<\/strong><\/td>\n<td data-sentry-component=\"CustomTd\" data-sentry-source-file=\"index.tsx\">SMD1415<\/td>\n<td data-sentry-component=\"CustomTd\" data-sentry-source-file=\"index.tsx\">SMD1415<\/td>\n<td data-sentry-component=\"CustomTd\" data-sentry-source-file=\"index.tsx\">SMD1415<\/td>\n<td data-sentry-component=\"CustomTd\" data-sentry-source-file=\"index.tsx\">SMD1921<\/td>\n<td data-sentry-component=\"CustomTd\" data-sentry-source-file=\"index.tsx\">SMD1921\/2727<\/td>\n<td data-sentry-component=\"CustomTd\" data-sentry-source-file=\"index.tsx\">SMD2727\/3535<\/td>\n<td data-sentry-component=\"CustomTd\" data-sentry-source-file=\"index.tsx\">SMD3535<\/td>\n<td data-sentry-component=\"CustomTd\" data-sentry-source-file=\"index.tsx\">SMD3535<\/td>\n<td data-sentry-component=\"CustomTd\" data-sentry-source-file=\"index.tsx\">SMD3535<\/td>\n<\/tr>\n<tr data-sentry-component=\"CustomTr\" data-sentry-source-file=\"index.tsx\">\n<td data-sentry-component=\"CustomTd\" data-sentry-source-file=\"index.tsx\"><strong data-sourcepos=\"9:3-9:27\">Durchschnittliche Leistung (W\/m\u00b2)<\/strong><\/td>\n<td data-sentry-component=\"CustomTd\" data-sentry-source-file=\"index.tsx\">600<\/td>\n<td data-sentry-component=\"CustomTd\" data-sentry-source-file=\"index.tsx\">500<\/td>\n<td data-sentry-component=\"CustomTd\" data-sentry-source-file=\"index.tsx\">700<\/td>\n<td data-sentry-component=\"CustomTd\" data-sentry-source-file=\"index.tsx\">700<\/td>\n<td data-sentry-component=\"CustomTd\" data-sentry-source-file=\"index.tsx\">700<\/td>\n<td data-sentry-component=\"CustomTd\" data-sentry-source-file=\"index.tsx\">500<\/td>\n<td data-sentry-component=\"CustomTd\" data-sentry-source-file=\"index.tsx\">500<\/td>\n<td data-sentry-component=\"CustomTd\" data-sentry-source-file=\"index.tsx\">400<\/td>\n<td data-sentry-component=\"CustomTd\" data-sentry-source-file=\"index.tsx\">400<\/td>\n<\/tr>\n<tr data-sentry-component=\"CustomTr\" data-sentry-source-file=\"index.tsx\">\n<td data-sentry-component=\"CustomTd\" data-sentry-source-file=\"index.tsx\"><strong data-sourcepos=\"10:3-10:23\">Maximale Leistung (W\/m\u00b2)<\/strong><\/td>\n<td data-sentry-component=\"CustomTd\" data-sentry-source-file=\"index.tsx\">1200<\/td>\n<td data-sentry-component=\"CustomTd\" data-sentry-source-file=\"index.tsx\">800<\/td>\n<td data-sentry-component=\"CustomTd\" data-sentry-source-file=\"index.tsx\">1400<\/td>\n<td data-sentry-component=\"CustomTd\" data-sentry-source-file=\"index.tsx\">1400<\/td>\n<td data-sentry-component=\"CustomTd\" data-sentry-source-file=\"index.tsx\">1400<\/td>\n<td data-sentry-component=\"CustomTd\" data-sentry-source-file=\"index.tsx\">900<\/td>\n<td data-sentry-component=\"CustomTd\" data-sentry-source-file=\"index.tsx\">900<\/td>\n<td data-sentry-component=\"CustomTd\" data-sentry-source-file=\"index.tsx\">800<\/td>\n<td data-sentry-component=\"CustomTd\" data-sentry-source-file=\"index.tsx\">800<\/td>\n<\/tr>\n<tr data-sentry-component=\"CustomTr\" data-sentry-source-file=\"index.tsx\">\n<td data-sentry-component=\"CustomTd\" data-sentry-source-file=\"index.tsx\"><strong data-sourcepos=\"11:3-11:17\">Fahrmodus<\/strong><\/td>\n<td data-sentry-component=\"CustomTd\" data-sentry-source-file=\"index.tsx\">1\/16<\/td>\n<td data-sentry-component=\"CustomTd\" data-sentry-source-file=\"index.tsx\">1\/16<\/td>\n<td data-sentry-component=\"CustomTd\" data-sentry-source-file=\"index.tsx\">1\/13<\/td>\n<td data-sentry-component=\"CustomTd\" data-sentry-source-file=\"index.tsx\">1\/10 1\/8<\/td>\n<td data-sentry-component=\"CustomTd\" data-sentry-source-file=\"index.tsx\">1\/8<\/td>\n<td data-sentry-component=\"CustomTd\" data-sentry-source-file=\"index.tsx\">1\/8<\/td>\n<td data-sentry-component=\"CustomTd\" data-sentry-source-file=\"index.tsx\">1\/6<\/td>\n<td data-sentry-component=\"CustomTd\" data-sentry-source-file=\"index.tsx\">1\/5 1\/4<\/td>\n<td data-sentry-component=\"CustomTd\" data-sentry-source-file=\"index.tsx\">1\/4<\/td>\n<\/tr>\n<tr data-sentry-component=\"CustomTr\" data-sentry-source-file=\"index.tsx\">\n<td data-sentry-component=\"CustomTd\" data-sentry-source-file=\"index.tsx\"><strong data-sourcepos=\"12:3-12:39\">Wei\u00dfabgleich Helligkeit (cd\/m\u00b2)<\/strong><\/td>\n<td data-sentry-component=\"CustomTd\" data-sentry-source-file=\"index.tsx\">4000-5500<\/td>\n<td data-sentry-component=\"CustomTd\" data-sentry-source-file=\"index.tsx\">4000-5500<\/td>\n<td data-sentry-component=\"CustomTd\" data-sentry-source-file=\"index.tsx\">4000-5500<\/td>\n<td data-sentry-component=\"CustomTd\" data-sentry-source-file=\"index.tsx\">4000-5500<\/td>\n<td data-sentry-component=\"CustomTd\" data-sentry-source-file=\"index.tsx\">4000-5500<\/td>\n<td data-sentry-component=\"CustomTd\" data-sentry-source-file=\"index.tsx\">4000-5500<\/td>\n<td data-sentry-component=\"CustomTd\" data-sentry-source-file=\"index.tsx\">4000-5500<\/td>\n<td data-sentry-component=\"CustomTd\" data-sentry-source-file=\"index.tsx\">4000-5500<\/td>\n<td data-sentry-component=\"CustomTd\" data-sentry-source-file=\"index.tsx\">4000-5500<\/td>\n<\/tr>\n<tr data-sentry-component=\"CustomTr\" data-sentry-source-file=\"index.tsx\">\n<td data-sentry-component=\"CustomTd\" data-sentry-source-file=\"index.tsx\"><strong data-sourcepos=\"13:3-13:19\">Aktualisierungsrate<\/strong><\/td>\n<td data-sentry-component=\"CustomTd\" data-sentry-source-file=\"index.tsx\">1920-3840Hz<\/td>\n<td data-sentry-component=\"CustomTd\" data-sentry-source-file=\"index.tsx\">1920-3840Hz<\/td>\n<td data-sentry-component=\"CustomTd\" data-sentry-source-file=\"index.tsx\">1920-3840Hz<\/td>\n<td data-sentry-component=\"CustomTd\" data-sentry-source-file=\"index.tsx\">1920-3840Hz<\/td>\n<td data-sentry-component=\"CustomTd\" data-sentry-source-file=\"index.tsx\">1920-3840Hz<\/td>\n<td data-sentry-component=\"CustomTd\" data-sentry-source-file=\"index.tsx\">1920-3840Hz<\/td>\n<td data-sentry-component=\"CustomTd\" data-sentry-source-file=\"index.tsx\">1920-3840Hz<\/td>\n<td data-sentry-component=\"CustomTd\" data-sentry-source-file=\"index.tsx\">1920-3840Hz<\/td>\n<td data-sentry-component=\"CustomTd\" data-sentry-source-file=\"index.tsx\">1920-3840Hz<\/td>\n<\/tr>\n<tr data-sentry-component=\"CustomTr\" data-sentry-source-file=\"index.tsx\">\n<td data-sentry-component=\"CustomTd\" data-sentry-source-file=\"index.tsx\"><strong data-sourcepos=\"14:3-14:17\">Bildfrequenz<\/strong><\/td>\n<td data-sentry-component=\"CustomTd\" data-sentry-source-file=\"index.tsx\">\u226550\/60<\/td>\n<td data-sentry-component=\"CustomTd\" data-sentry-source-file=\"index.tsx\">\u226550\/60<\/td>\n<td data-sentry-component=\"CustomTd\" data-sentry-source-file=\"index.tsx\">\u226550\/60<\/td>\n<td data-sentry-component=\"CustomTd\" data-sentry-source-file=\"index.tsx\">\u226550\/60<\/td>\n<td data-sentry-component=\"CustomTd\" data-sentry-source-file=\"index.tsx\">\u226550\/60<\/td>\n<td data-sentry-component=\"CustomTd\" data-sentry-source-file=\"index.tsx\">\u226550\/60<\/td>\n<td data-sentry-component=\"CustomTd\" data-sentry-source-file=\"index.tsx\">\u226550\/60<\/td>\n<td data-sentry-component=\"CustomTd\" data-sentry-source-file=\"index.tsx\">\u226550\/60<\/td>\n<td data-sentry-component=\"CustomTd\" data-sentry-source-file=\"index.tsx\">\u226550\/60<\/td>\n<\/tr>\n<tr data-sentry-component=\"CustomTr\" data-sentry-source-file=\"index.tsx\">\n<td data-sentry-component=\"CustomTd\" data-sentry-source-file=\"index.tsx\"><strong data-sourcepos=\"15:3-15:19\">Kontrollmodus<\/strong><\/td>\n<td data-sentry-component=\"CustomTd\" data-sentry-source-file=\"index.tsx\">Synchron\/Asynchron<\/td>\n<td data-sentry-component=\"CustomTd\" data-sentry-source-file=\"index.tsx\">Synchron\/Asynchron<\/td>\n<td data-sentry-component=\"CustomTd\" data-sentry-source-file=\"index.tsx\">Synchron<\/td>\n<td data-sentry-component=\"CustomTd\" data-sentry-source-file=\"index.tsx\">Synchron<\/td>\n<td data-sentry-component=\"CustomTd\" data-sentry-source-file=\"index.tsx\">Synchron<\/td>\n<td data-sentry-component=\"CustomTd\" data-sentry-source-file=\"index.tsx\">Synchron\/Asynchron<\/td>\n<td data-sentry-component=\"CustomTd\" data-sentry-source-file=\"index.tsx\">Synchron<\/td>\n<td data-sentry-component=\"CustomTd\" data-sentry-source-file=\"index.tsx\">Synchron\/Asynchron<\/td>\n<td data-sentry-component=\"CustomTd\" data-sentry-source-file=\"index.tsx\">Synchron\/Asynchron<\/td>\n<\/tr>\n<tr data-sentry-component=\"CustomTr\" data-sentry-source-file=\"index.tsx\">\n<td data-sentry-component=\"CustomTd\" data-sentry-source-file=\"index.tsx\"><strong data-sourcepos=\"16:3-16:19\">Stromversorgung<\/strong><\/td>\n<td data-sentry-component=\"CustomTd\" data-sentry-source-file=\"index.tsx\">AC110\/220V<\/td>\n<td data-sentry-component=\"CustomTd\" data-sentry-source-file=\"index.tsx\">AC110\/220V<\/td>\n<td data-sentry-component=\"CustomTd\" data-sentry-source-file=\"index.tsx\">AC110\/220V<\/td>\n<td data-sentry-component=\"CustomTd\" data-sentry-source-file=\"index.tsx\">AC110\/220V<\/td>\n<td data-sentry-component=\"CustomTd\" data-sentry-source-file=\"index.tsx\">AC110\/220V<\/td>\n<td data-sentry-component=\"CustomTd\" data-sentry-source-file=\"index.tsx\">AC110\/220V<\/td>\n<td data-sentry-component=\"CustomTd\" data-sentry-source-file=\"index.tsx\">AC110\/220V<\/td>\n<td data-sentry-component=\"CustomTd\" data-sentry-source-file=\"index.tsx\">AC110\/220V<\/td>\n<td data-sentry-component=\"CustomTd\" data-sentry-source-file=\"index.tsx\">AC110\/220V<\/td>\n<\/tr>\n<\/tbody>\n<\/table>\n<p>&nbsp;<\/p>","protected":false},"excerpt":{"rendered":"<p>Feste Bildschirme f\u00fcr den Au\u00dfenbereich zeichnen sich durch hohe Helligkeit (bis zu 5000+ nits) f\u00fcr klare Sicht bei Sonnenlicht aus. Sie sind nach IP65\/66 wasser- und staubdicht und widerstehen auch rauen Wetterbedingungen. Hoher Kontrast und gro\u00dfe Betrachtungswinkel sorgen f\u00fcr lebendige Bilder. Sie sind energieeffizient, langlebig und wartungsfreundlich und eignen sich ideal f\u00fcr Werbung, Infodisplays und \u00f6ffentliche Bereiche und bieten rund um die Uhr zuverl\u00e4ssige Leistung.<\/p>","protected":false},"featured_media":8794,"template":"","meta":[],"product_brand":[],"product_cat":[149,121,123],"product_tag":[],"class_list":{"0":"post-8793","1":"product","2":"type-product","3":"status-publish","4":"has-post-thumbnail","6":"product_cat-direct-drive-leds","7":"product_cat-outdoor-led-screens","8":"product_cat-transparent-leds","10":"first","11":"instock","12":"shipping-taxable","13":"product-type-simple"},"_links":{"self":[{"href":"https:\/\/arben-vision.com\/de\/wp-json\/wp\/v2\/product\/8793","targetHints":{"allow":["GET"]}}],"collection":[{"href":"https:\/\/arben-vision.com\/de\/wp-json\/wp\/v2\/product"}],"about":[{"href":"https:\/\/arben-vision.com\/de\/wp-json\/wp\/v2\/types\/product"}],"version-history":[{"count":2,"href":"https:\/\/arben-vision.com\/de\/wp-json\/wp\/v2\/product\/8793\/revisions"}],"predecessor-version":[{"id":8799,"href":"https:\/\/arben-vision.com\/de\/wp-json\/wp\/v2\/product\/8793\/revisions\/8799"}],"wp:featuredmedia":[{"embeddable":true,"href":"https:\/\/arben-vision.com\/de\/wp-json\/wp\/v2\/media\/8794"}],"wp:attachment":[{"href":"https:\/\/arben-vision.com\/de\/wp-json\/wp\/v2\/media?parent=8793"}],"wp:term":[{"taxonomy":"product_brand","embeddable":true,"href":"https:\/\/arben-vision.com\/de\/wp-json\/wp\/v2\/product_brand?post=8793"},{"taxonomy":"product_cat","embeddable":true,"href":"https:\/\/arben-vision.com\/de\/wp-json\/wp\/v2\/product_cat?post=8793"},{"taxonomy":"product_tag","embeddable":true,"href":"https:\/\/arben-vision.com\/de\/wp-json\/wp\/v2\/product_tag?post=8793"}],"curies":[{"name":"wp","href":"https:\/\/api.w.org\/{rel}","templated":true}]}}