{"id":8770,"date":"2025-07-28T14:05:51","date_gmt":"2025-07-28T14:05:51","guid":{"rendered":"https:\/\/arben-vision.com\/?post_type=product&#038;p=8770"},"modified":"2025-07-28T14:05:51","modified_gmt":"2025-07-28T14:05:51","slug":"indoor-and-outdoor-rental-display-screens","status":"publish","type":"product","link":"https:\/\/arben-vision.com\/de\/produkt\/indoor-and-outdoor-rental-display-screens\/","title":{"rendered":"Mietbildschirme f\u00fcr innen und au\u00dfen"},"content":{"rendered":"<p><strong>Anwendungsszenarien<\/strong><\/p>\n<p><img fetchpriority=\"high\" decoding=\"async\" class=\"size-medium wp-image-8775\" src=\"https:\/\/arben-vision.com\/wp-content\/uploads\/2025\/07\/\u8d44\u6e90-42@4x-300x241.png\" alt=\"Application scenarios\" width=\"300\" height=\"241\" srcset=\"https:\/\/arben-vision.com\/wp-content\/uploads\/2025\/07\/\u8d44\u6e90-42@4x-300x241.png 300w, https:\/\/arben-vision.com\/wp-content\/uploads\/2025\/07\/\u8d44\u6e90-42@4x-15x12.png 15w, https:\/\/arben-vision.com\/wp-content\/uploads\/2025\/07\/\u8d44\u6e90-42@4x-370x298.png 370w, https:\/\/arben-vision.com\/wp-content\/uploads\/2025\/07\/\u8d44\u6e90-42@4x-410x330.png 410w, https:\/\/arben-vision.com\/wp-content\/uploads\/2025\/07\/\u8d44\u6e90-42@4x.png 485w\" sizes=\"(max-width: 300px) 100vw, 300px\" \/><img decoding=\"async\" class=\"size-medium wp-image-8776\" src=\"https:\/\/arben-vision.com\/wp-content\/uploads\/2025\/07\/\u8d44\u6e90-41@4x-300x241.png\" alt=\"Application scenarios\" width=\"300\" height=\"241\" srcset=\"https:\/\/arben-vision.com\/wp-content\/uploads\/2025\/07\/\u8d44\u6e90-41@4x-300x241.png 300w, https:\/\/arben-vision.com\/wp-content\/uploads\/2025\/07\/\u8d44\u6e90-41@4x-15x12.png 15w, https:\/\/arben-vision.com\/wp-content\/uploads\/2025\/07\/\u8d44\u6e90-41@4x-370x298.png 370w, https:\/\/arben-vision.com\/wp-content\/uploads\/2025\/07\/\u8d44\u6e90-41@4x-410x330.png 410w, https:\/\/arben-vision.com\/wp-content\/uploads\/2025\/07\/\u8d44\u6e90-41@4x.png 485w\" sizes=\"(max-width: 300px) 100vw, 300px\" \/><img decoding=\"async\" class=\"alignnone size-medium wp-image-8777\" src=\"https:\/\/arben-vision.com\/wp-content\/uploads\/2025\/07\/\u8d44\u6e90-39@4x-300x241.png\" alt=\"\" width=\"300\" height=\"241\" srcset=\"https:\/\/arben-vision.com\/wp-content\/uploads\/2025\/07\/\u8d44\u6e90-39@4x-300x241.png 300w, https:\/\/arben-vision.com\/wp-content\/uploads\/2025\/07\/\u8d44\u6e90-39@4x-15x12.png 15w, https:\/\/arben-vision.com\/wp-content\/uploads\/2025\/07\/\u8d44\u6e90-39@4x-370x298.png 370w, https:\/\/arben-vision.com\/wp-content\/uploads\/2025\/07\/\u8d44\u6e90-39@4x-410x330.png 410w, https:\/\/arben-vision.com\/wp-content\/uploads\/2025\/07\/\u8d44\u6e90-39@4x.png 485w\" sizes=\"(max-width: 300px) 100vw, 300px\" \/> <img loading=\"lazy\" decoding=\"async\" class=\"alignnone size-medium wp-image-8778\" src=\"https:\/\/arben-vision.com\/wp-content\/uploads\/2025\/07\/\u8d44\u6e90-40@4x-300x241.png\" alt=\"\" width=\"300\" height=\"241\" srcset=\"https:\/\/arben-vision.com\/wp-content\/uploads\/2025\/07\/\u8d44\u6e90-40@4x-300x241.png 300w, https:\/\/arben-vision.com\/wp-content\/uploads\/2025\/07\/\u8d44\u6e90-40@4x-15x12.png 15w, https:\/\/arben-vision.com\/wp-content\/uploads\/2025\/07\/\u8d44\u6e90-40@4x-370x298.png 370w, https:\/\/arben-vision.com\/wp-content\/uploads\/2025\/07\/\u8d44\u6e90-40@4x-410x330.png 410w, https:\/\/arben-vision.com\/wp-content\/uploads\/2025\/07\/\u8d44\u6e90-40@4x.png 485w\" sizes=\"(max-width: 300px) 100vw, 300px\" \/><\/p>\n<p><strong>Technische Parameter<\/strong><\/p>\n<table style=\"height: 1539px;\" width=\"1297\">\n<thead data-sentry-component=\"CustomThead\" data-sentry-source-file=\"index.tsx\">\n<tr data-sentry-component=\"CustomTr\" data-sentry-source-file=\"index.tsx\">\n<th data-sentry-component=\"CustomTh\" data-sentry-source-file=\"index.tsx\"><strong data-sourcepos=\"4:3-4:29\">Produktspezifikationen<\/strong><\/th>\n<th data-sentry-component=\"CustomTh\" data-sentry-source-file=\"index.tsx\"><strong data-sourcepos=\"4:38-4:49\">P1.5625<\/strong><\/th>\n<th data-sentry-component=\"CustomTh\" data-sentry-source-file=\"index.tsx\"><strong data-sourcepos=\"4:58-4:68\">P1.953<\/strong><\/th>\n<th data-sentry-component=\"CustomTh\" data-sentry-source-file=\"index.tsx\"><strong data-sourcepos=\"4:78-4:86\">P2.5<\/strong><\/th>\n<th data-sentry-component=\"CustomTh\" data-sentry-source-file=\"index.tsx\"><strong data-sourcepos=\"4:99-4:109\">P2.604<\/strong><\/th>\n<th data-sentry-component=\"CustomTh\" data-sentry-source-file=\"index.tsx\"><strong data-sourcepos=\"4:120-4:130\">P2.976<\/strong><\/th>\n<th data-sentry-component=\"CustomTh\" data-sentry-source-file=\"index.tsx\"><strong data-sourcepos=\"4:141-4:150\">P3.91<\/strong><\/th>\n<th data-sentry-component=\"CustomTh\" data-sentry-source-file=\"index.tsx\"><strong data-sourcepos=\"4:162-4:171\">P4.81<\/strong><\/th>\n<\/tr>\n<\/thead>\n<tbody data-sentry-component=\"CustomTbody\" data-sentry-source-file=\"index.tsx\">\n<tr data-sentry-component=\"CustomTr\" data-sentry-source-file=\"index.tsx\">\n<td data-sentry-component=\"CustomTd\" data-sentry-source-file=\"index.tsx\"><strong data-sourcepos=\"6:3-6:18\">Anmeldung<\/strong><\/td>\n<td data-sentry-component=\"CustomTd\" data-sentry-source-file=\"index.tsx\">Innenbereich<\/td>\n<td data-sentry-component=\"CustomTd\" data-sentry-source-file=\"index.tsx\">Innenbereich<\/td>\n<td data-sentry-component=\"CustomTd\" data-sentry-source-file=\"index.tsx\">Innenbereich<\/td>\n<td data-sentry-component=\"CustomTd\" data-sentry-source-file=\"index.tsx\">Innen\/Au\u00dfen<\/td>\n<td data-sentry-component=\"CustomTd\" data-sentry-source-file=\"index.tsx\">Innen\/Au\u00dfen<\/td>\n<td data-sentry-component=\"CustomTd\" data-sentry-source-file=\"index.tsx\">Innen\/Au\u00dfen<\/td>\n<td data-sentry-component=\"CustomTd\" data-sentry-source-file=\"index.tsx\">Innen\/Au\u00dfen<\/td>\n<\/tr>\n<tr data-sentry-component=\"CustomTr\" data-sentry-source-file=\"index.tsx\">\n<td data-sentry-component=\"CustomTd\" data-sentry-source-file=\"index.tsx\"><strong data-sourcepos=\"7:3-7:23\">Modulgr\u00f6\u00dfe (mm)<\/strong><\/td>\n<td data-sentry-component=\"CustomTd\" data-sentry-source-file=\"index.tsx\">250\u00d7250<\/td>\n<td data-sentry-component=\"CustomTd\" data-sentry-source-file=\"index.tsx\">250\u00d7250<\/td>\n<td data-sentry-component=\"CustomTd\" data-sentry-source-file=\"index.tsx\">250\u00d7250<\/td>\n<td data-sentry-component=\"CustomTd\" data-sentry-source-file=\"index.tsx\">250\u00d7250<\/td>\n<td data-sentry-component=\"CustomTd\" data-sentry-source-file=\"index.tsx\">250\u00d7250<\/td>\n<td data-sentry-component=\"CustomTd\" data-sentry-source-file=\"index.tsx\">250\u00d7250<\/td>\n<td data-sentry-component=\"CustomTd\" data-sentry-source-file=\"index.tsx\">250\u00d7250<\/td>\n<\/tr>\n<tr data-sentry-component=\"CustomTr\" data-sentry-source-file=\"index.tsx\">\n<td data-sentry-component=\"CustomTd\" data-sentry-source-file=\"index.tsx\"><strong data-sourcepos=\"8:3-8:24\">Modul Aufl\u00f6sung<\/strong><\/td>\n<td data-sentry-component=\"CustomTd\" data-sentry-source-file=\"index.tsx\">160\u00d7160<\/td>\n<td data-sentry-component=\"CustomTd\" data-sentry-source-file=\"index.tsx\">128\u00d7128<\/td>\n<td data-sentry-component=\"CustomTd\" data-sentry-source-file=\"index.tsx\">100\u00d7100<\/td>\n<td data-sentry-component=\"CustomTd\" data-sentry-source-file=\"index.tsx\">96\u00d796<\/td>\n<td data-sentry-component=\"CustomTd\" data-sentry-source-file=\"index.tsx\">84\u00d784<\/td>\n<td data-sentry-component=\"CustomTd\" data-sentry-source-file=\"index.tsx\">64\u00d764<\/td>\n<td data-sentry-component=\"CustomTd\" data-sentry-source-file=\"index.tsx\">52\u00d752<\/td>\n<\/tr>\n<tr data-sentry-component=\"CustomTr\" data-sentry-source-file=\"index.tsx\">\n<td data-sentry-component=\"CustomTd\" data-sentry-source-file=\"index.tsx\"><strong data-sourcepos=\"9:3-9:25\">Entschlie\u00dfung des Kabinetts<\/strong><\/td>\n<td data-sentry-component=\"CustomTd\" data-sentry-source-file=\"index.tsx\">500\u00d7500@S20\/S40<\/td>\n<td data-sentry-component=\"CustomTd\" data-sentry-source-file=\"index.tsx\">500\u00d7500@S20\/S40<\/td>\n<td data-sentry-component=\"CustomTd\" data-sentry-source-file=\"index.tsx\">500\u00d7500@S20\/S40<\/td>\n<td data-sentry-component=\"CustomTd\" data-sentry-source-file=\"index.tsx\">500\u00d7500@S20\/S40<\/td>\n<td data-sentry-component=\"CustomTd\" data-sentry-source-file=\"index.tsx\">500\u00d7500@S20\/S40<\/td>\n<td data-sentry-component=\"CustomTd\" data-sentry-source-file=\"index.tsx\">500\u00d7500@S20\/S40<\/td>\n<td data-sentry-component=\"CustomTd\" data-sentry-source-file=\"index.tsx\">500\u00d7500@S20\/S40<\/td>\n<\/tr>\n<tr data-sentry-component=\"CustomTr\" data-sentry-source-file=\"index.tsx\">\n<td data-sentry-component=\"CustomTd\" data-sentry-source-file=\"index.tsx\"><strong data-sourcepos=\"10:3-10:24\">Gr\u00f6\u00dfe des Geh\u00e4uses (mm)<\/strong><\/td>\n<td data-sentry-component=\"CustomTd\" data-sentry-source-file=\"index.tsx\">500\u00d7500\u00d790<\/td>\n<td data-sentry-component=\"CustomTd\" data-sentry-source-file=\"index.tsx\">500\u00d7500\u00d790<\/td>\n<td data-sentry-component=\"CustomTd\" data-sentry-source-file=\"index.tsx\">500\u00d7500\u00d790<\/td>\n<td data-sentry-component=\"CustomTd\" data-sentry-source-file=\"index.tsx\">500\u00d7500\u00d790<\/td>\n<td data-sentry-component=\"CustomTd\" data-sentry-source-file=\"index.tsx\">500\u00d7500\u00d790<\/td>\n<td data-sentry-component=\"CustomTd\" data-sentry-source-file=\"index.tsx\">500\u00d7500\u00d790<\/td>\n<td data-sentry-component=\"CustomTd\" data-sentry-source-file=\"index.tsx\">500\u00d7500\u00d790<\/td>\n<\/tr>\n<tr data-sentry-component=\"CustomTr\" data-sentry-source-file=\"index.tsx\">\n<td data-sentry-component=\"CustomTd\" data-sentry-source-file=\"index.tsx\"><strong data-sourcepos=\"11:3-11:39\">Physikalische Pixeldichte (dots\/m\u00b2)<\/strong><\/td>\n<td data-sentry-component=\"CustomTd\" data-sentry-source-file=\"index.tsx\">409600<\/td>\n<td data-sentry-component=\"CustomTd\" data-sentry-source-file=\"index.tsx\">262144<\/td>\n<td data-sentry-component=\"CustomTd\" data-sentry-source-file=\"index.tsx\">160000<\/td>\n<td data-sentry-component=\"CustomTd\" data-sentry-source-file=\"index.tsx\">147456<\/td>\n<td data-sentry-component=\"CustomTd\" data-sentry-source-file=\"index.tsx\">129024<\/td>\n<td data-sentry-component=\"CustomTd\" data-sentry-source-file=\"index.tsx\">65536<\/td>\n<td data-sentry-component=\"CustomTd\" data-sentry-source-file=\"index.tsx\">43264<\/td>\n<\/tr>\n<tr data-sentry-component=\"CustomTr\" data-sentry-source-file=\"index.tsx\">\n<td data-sentry-component=\"CustomTd\" data-sentry-source-file=\"index.tsx\"><strong data-sourcepos=\"12:3-12:18\">LED-Paket<\/strong><\/td>\n<td data-sentry-component=\"CustomTd\" data-sentry-source-file=\"index.tsx\">SMD1212<\/td>\n<td data-sentry-component=\"CustomTd\" data-sentry-source-file=\"index.tsx\">SMD1515<\/td>\n<td data-sentry-component=\"CustomTd\" data-sentry-source-file=\"index.tsx\">SMD2020<\/td>\n<td data-sentry-component=\"CustomTd\" data-sentry-source-file=\"index.tsx\">D1515\/D14<\/td>\n<td data-sentry-component=\"CustomTd\" data-sentry-source-file=\"index.tsx\">SMD2020\/D1921<\/td>\n<td data-sentry-component=\"CustomTd\" data-sentry-source-file=\"index.tsx\">D1920\/D1919<\/td>\n<td data-sentry-component=\"CustomTd\" data-sentry-source-file=\"index.tsx\">D1920\/D1919<\/td>\n<\/tr>\n<tr data-sentry-component=\"CustomTr\" data-sentry-source-file=\"index.tsx\">\n<td data-sentry-component=\"CustomTd\" data-sentry-source-file=\"index.tsx\"><strong data-sourcepos=\"13:3-13:21\">Emittierende Farbe<\/strong><\/td>\n<td data-sentry-component=\"CustomTd\" data-sentry-source-file=\"index.tsx\">RGB<\/td>\n<td data-sentry-component=\"CustomTd\" data-sentry-source-file=\"index.tsx\">RGB<\/td>\n<td data-sentry-component=\"CustomTd\" data-sentry-source-file=\"index.tsx\">RGB<\/td>\n<td data-sentry-component=\"CustomTd\" data-sentry-source-file=\"index.tsx\">RGB<\/td>\n<td data-sentry-component=\"CustomTd\" data-sentry-source-file=\"index.tsx\">RGB<\/td>\n<td data-sentry-component=\"CustomTd\" data-sentry-source-file=\"index.tsx\">RGB<\/td>\n<td data-sentry-component=\"CustomTd\" data-sentry-source-file=\"index.tsx\">RGB<\/td>\n<\/tr>\n<tr data-sentry-component=\"CustomTr\" data-sentry-source-file=\"index.tsx\">\n<td data-sentry-component=\"CustomTd\" data-sentry-source-file=\"index.tsx\"><strong data-sourcepos=\"14:3-14:32\">Durchschnittlicher Stromverbrauch<\/strong><\/td>\n<td data-sentry-component=\"CustomTd\" data-sentry-source-file=\"index.tsx\">400W\/m\u00b2<\/td>\n<td data-sentry-component=\"CustomTd\" data-sentry-source-file=\"index.tsx\">400W\/m\u00b2<\/td>\n<td data-sentry-component=\"CustomTd\" data-sentry-source-file=\"index.tsx\">400W\/m\u00b2<\/td>\n<td data-sentry-component=\"CustomTd\" data-sentry-source-file=\"index.tsx\">400W\/m\u00b2<\/td>\n<td data-sentry-component=\"CustomTd\" data-sentry-source-file=\"index.tsx\">400W\/m\u00b2<\/td>\n<td data-sentry-component=\"CustomTd\" data-sentry-source-file=\"index.tsx\">400W\/m\u00b2<\/td>\n<td data-sentry-component=\"CustomTd\" data-sentry-source-file=\"index.tsx\">400W\/m\u00b2<\/td>\n<\/tr>\n<tr data-sentry-component=\"CustomTr\" data-sentry-source-file=\"index.tsx\">\n<td data-sentry-component=\"CustomTd\" data-sentry-source-file=\"index.tsx\"><strong data-sourcepos=\"15:3-15:28\">Maximale Leistungsaufnahme<\/strong><\/td>\n<td data-sentry-component=\"CustomTd\" data-sentry-source-file=\"index.tsx\">800W\/m\u00b2<\/td>\n<td data-sentry-component=\"CustomTd\" data-sentry-source-file=\"index.tsx\">800W\/m\u00b2<\/td>\n<td data-sentry-component=\"CustomTd\" data-sentry-source-file=\"index.tsx\">800W\/m\u00b2<\/td>\n<td data-sentry-component=\"CustomTd\" data-sentry-source-file=\"index.tsx\">800W\/m\u00b2<\/td>\n<td data-sentry-component=\"CustomTd\" data-sentry-source-file=\"index.tsx\">800W\/m\u00b2<\/td>\n<td data-sentry-component=\"CustomTd\" data-sentry-source-file=\"index.tsx\">800W\/m\u00b2<\/td>\n<td data-sentry-component=\"CustomTd\" data-sentry-source-file=\"index.tsx\">800W\/m\u00b2<\/td>\n<\/tr>\n<tr data-sentry-component=\"CustomTr\" data-sentry-source-file=\"index.tsx\">\n<td data-sentry-component=\"CustomTd\" data-sentry-source-file=\"index.tsx\"><strong data-sourcepos=\"16:3-16:25\">Helligkeit (cd\/m\u00b2)<\/strong><\/td>\n<td data-sentry-component=\"CustomTd\" data-sentry-source-file=\"index.tsx\">\u22651600 (Innenbereich)<\/td>\n<td data-sentry-component=\"CustomTd\" data-sentry-source-file=\"index.tsx\">\u22651600 (Innenbereich)<\/td>\n<td data-sentry-component=\"CustomTd\" data-sentry-source-file=\"index.tsx\">\u22651600 (Innenbereich)<\/td>\n<td data-sentry-component=\"CustomTd\" data-sentry-source-file=\"index.tsx\">4000-5500 (im Freien)<\/td>\n<td data-sentry-component=\"CustomTd\" data-sentry-source-file=\"index.tsx\">4000-5500 (im Freien)<\/td>\n<td data-sentry-component=\"CustomTd\" data-sentry-source-file=\"index.tsx\">10000-15000 (im Freien)<\/td>\n<td data-sentry-component=\"CustomTd\" data-sentry-source-file=\"index.tsx\">10000-15000 (im Freien)<\/td>\n<\/tr>\n<tr data-sentry-component=\"CustomTr\" data-sentry-source-file=\"index.tsx\">\n<td data-sentry-component=\"CustomTd\" data-sentry-source-file=\"index.tsx\"><strong data-sourcepos=\"17:3-17:35\">Helligkeit ausgleichen (im Freien)<\/strong><\/td>\n<td data-sentry-component=\"CustomTd\" data-sentry-source-file=\"index.tsx\">8000cd\/m\u00b2<\/td>\n<td data-sentry-component=\"CustomTd\" data-sentry-source-file=\"index.tsx\">8000cd\/m\u00b2<\/td>\n<td data-sentry-component=\"CustomTd\" data-sentry-source-file=\"index.tsx\">8000cd\/m\u00b2<\/td>\n<td data-sentry-component=\"CustomTd\" data-sentry-source-file=\"index.tsx\">\u22655000cd\/m\u00b2<\/td>\n<td data-sentry-component=\"CustomTd\" data-sentry-source-file=\"index.tsx\">\u22655000cd\/m\u00b2<\/td>\n<td data-sentry-component=\"CustomTd\" data-sentry-source-file=\"index.tsx\">\u226510000cd\/m\u00b2<\/td>\n<td data-sentry-component=\"CustomTd\" data-sentry-source-file=\"index.tsx\">\u226510000cd\/m\u00b2<\/td>\n<\/tr>\n<tr data-sentry-component=\"CustomTr\" data-sentry-source-file=\"index.tsx\">\n<td data-sentry-component=\"CustomTd\" data-sentry-source-file=\"index.tsx\"><strong data-sourcepos=\"18:3-18:24\">Internes Laufwerk IC<\/strong><\/td>\n<td data-sentry-component=\"CustomTd\" data-sentry-source-file=\"index.tsx\">1\/40<\/td>\n<td data-sentry-component=\"CustomTd\" data-sentry-source-file=\"index.tsx\">1\/32<\/td>\n<td data-sentry-component=\"CustomTd\" data-sentry-source-file=\"index.tsx\">45682<\/td>\n<td data-sentry-component=\"CustomTd\" data-sentry-source-file=\"index.tsx\">1\/32<\/td>\n<td data-sentry-component=\"CustomTd\" data-sentry-source-file=\"index.tsx\">45685<\/td>\n<td data-sentry-component=\"CustomTd\" data-sentry-source-file=\"index.tsx\">45673<\/td>\n<td data-sentry-component=\"CustomTd\" data-sentry-source-file=\"index.tsx\">45670<\/td>\n<\/tr>\n<tr data-sentry-component=\"CustomTr\" data-sentry-source-file=\"index.tsx\">\n<td data-sentry-component=\"CustomTd\" data-sentry-source-file=\"index.tsx\"><strong data-sourcepos=\"19:3-19:26\">Externer Antriebsmodus<\/strong><\/td>\n<td data-sentry-component=\"CustomTd\" data-sentry-source-file=\"index.tsx\">PWM<\/td>\n<td data-sentry-component=\"CustomTd\" data-sentry-source-file=\"index.tsx\">PWM<\/td>\n<td data-sentry-component=\"CustomTd\" data-sentry-source-file=\"index.tsx\">PWM<\/td>\n<td data-sentry-component=\"CustomTd\" data-sentry-source-file=\"index.tsx\">PWM<\/td>\n<td data-sentry-component=\"CustomTd\" data-sentry-source-file=\"index.tsx\">PWM<\/td>\n<td data-sentry-component=\"CustomTd\" data-sentry-source-file=\"index.tsx\">PWM<\/td>\n<td data-sentry-component=\"CustomTd\" data-sentry-source-file=\"index.tsx\">PWM<\/td>\n<\/tr>\n<tr data-sentry-component=\"CustomTr\" data-sentry-source-file=\"index.tsx\">\n<td data-sentry-component=\"CustomTd\" data-sentry-source-file=\"index.tsx\"><strong data-sourcepos=\"20:3-20:19\">Aktualisierungsrate<\/strong><\/td>\n<td data-sentry-component=\"CustomTd\" data-sentry-source-file=\"index.tsx\">\u22657680Hz<\/td>\n<td data-sentry-component=\"CustomTd\" data-sentry-source-file=\"index.tsx\">\u22657680Hz<\/td>\n<td data-sentry-component=\"CustomTd\" data-sentry-source-file=\"index.tsx\">\u22657680Hz<\/td>\n<td data-sentry-component=\"CustomTd\" data-sentry-source-file=\"index.tsx\">\u22657680Hz<\/td>\n<td data-sentry-component=\"CustomTd\" data-sentry-source-file=\"index.tsx\">\u22657680Hz<\/td>\n<td data-sentry-component=\"CustomTd\" data-sentry-source-file=\"index.tsx\">\u22657680Hz<\/td>\n<td data-sentry-component=\"CustomTd\" data-sentry-source-file=\"index.tsx\">\u22657680Hz<\/td>\n<\/tr>\n<tr data-sentry-component=\"CustomTr\" data-sentry-source-file=\"index.tsx\">\n<td data-sentry-component=\"CustomTd\" data-sentry-source-file=\"index.tsx\"><strong data-sourcepos=\"21:3-21:17\">Bildfrequenz<\/strong><\/td>\n<td data-sentry-component=\"CustomTd\" data-sentry-source-file=\"index.tsx\">\u226550\/60Hz<\/td>\n<td data-sentry-component=\"CustomTd\" data-sentry-source-file=\"index.tsx\">\u226550\/60Hz<\/td>\n<td data-sentry-component=\"CustomTd\" data-sentry-source-file=\"index.tsx\">\u226550\/60Hz<\/td>\n<td data-sentry-component=\"CustomTd\" data-sentry-source-file=\"index.tsx\">\u226550\/60Hz<\/td>\n<td data-sentry-component=\"CustomTd\" data-sentry-source-file=\"index.tsx\">\u226550\/60Hz<\/td>\n<td data-sentry-component=\"CustomTd\" data-sentry-source-file=\"index.tsx\">\u226550\/60Hz<\/td>\n<td data-sentry-component=\"CustomTd\" data-sentry-source-file=\"index.tsx\">\u226550\/60Hz<\/td>\n<\/tr>\n<tr data-sentry-component=\"CustomTr\" data-sentry-source-file=\"index.tsx\">\n<td data-sentry-component=\"CustomTd\" data-sentry-source-file=\"index.tsx\"><strong data-sourcepos=\"22:3-22:21\">Kontrollsystem<\/strong><\/td>\n<td data-sentry-component=\"CustomTd\" data-sentry-source-file=\"index.tsx\">Synchron<\/td>\n<td data-sentry-component=\"CustomTd\" data-sentry-source-file=\"index.tsx\">Synchron<\/td>\n<td data-sentry-component=\"CustomTd\" data-sentry-source-file=\"index.tsx\">Synchron<\/td>\n<td data-sentry-component=\"CustomTd\" data-sentry-source-file=\"index.tsx\">Synchron<\/td>\n<td data-sentry-component=\"CustomTd\" data-sentry-source-file=\"index.tsx\">Synchron<\/td>\n<td data-sentry-component=\"CustomTd\" data-sentry-source-file=\"index.tsx\">Synchron<\/td>\n<td data-sentry-component=\"CustomTd\" data-sentry-source-file=\"index.tsx\">Synchron<\/td>\n<\/tr>\n<tr data-sentry-component=\"CustomTr\" data-sentry-source-file=\"index.tsx\">\n<td data-sentry-component=\"CustomTd\" data-sentry-source-file=\"index.tsx\"><strong data-sourcepos=\"23:3-23:19\">Stromversorgung<\/strong><\/td>\n<td data-sentry-component=\"CustomTd\" data-sentry-source-file=\"index.tsx\">AC110\/220V<\/td>\n<td data-sentry-component=\"CustomTd\" data-sentry-source-file=\"index.tsx\">AC110\/220V<\/td>\n<td data-sentry-component=\"CustomTd\" data-sentry-source-file=\"index.tsx\">AC110\/220V<\/td>\n<td data-sentry-component=\"CustomTd\" data-sentry-source-file=\"index.tsx\">AC110\/220V<\/td>\n<td data-sentry-component=\"CustomTd\" data-sentry-source-file=\"index.tsx\">AC110\/220V<\/td>\n<td data-sentry-component=\"CustomTd\" data-sentry-source-file=\"index.tsx\">AC110\/220V<\/td>\n<td data-sentry-component=\"CustomTd\" data-sentry-source-file=\"index.tsx\">AC110\/220V<\/td>\n<\/tr>\n<\/tbody>\n<\/table>","protected":false},"excerpt":{"rendered":"<p>Das LED-Mietdisplay mit seinem ma\u00dfgeschneiderten Geh\u00e4use aus Aluminiumdruckguss zeichnet sich durch sein geringes Gewicht, seine geringe Dicke und seine schnelle Installation aus. Die Tragbarkeit des Geh\u00e4uses, die schnelle Installation, Demontage und der Transport machen es ideal f\u00fcr gro\u00df angelegte Miet- und Festinstallationsanwendungen. Ausgestattet mit einem synchronen Steuersystem, kann es verschiedene Videoeingangssignale wie DV, VGA, HDMI, Composite, YUV und andere akzeptieren, was die flexible Wiedergabe von Videos, Grafiken und anderen Inhalten erm\u00f6glicht. Er bietet eine synchronisierte und klare Informations\u00fcbertragung in Echtzeit. Die Farben sind lebendig und die Anpassungsf\u00e4higkeit ist stark.<\/p>","protected":false},"featured_media":8771,"template":"","meta":[],"product_brand":[],"product_cat":[122],"product_tag":[],"class_list":{"0":"post-8770","1":"product","2":"type-product","3":"status-publish","4":"has-post-thumbnail","6":"product_cat-rental-leds","8":"first","9":"instock","10":"shipping-taxable","11":"product-type-simple"},"_links":{"self":[{"href":"https:\/\/arben-vision.com\/de\/wp-json\/wp\/v2\/product\/8770","targetHints":{"allow":["GET"]}}],"collection":[{"href":"https:\/\/arben-vision.com\/de\/wp-json\/wp\/v2\/product"}],"about":[{"href":"https:\/\/arben-vision.com\/de\/wp-json\/wp\/v2\/types\/product"}],"version-history":[{"count":2,"href":"https:\/\/arben-vision.com\/de\/wp-json\/wp\/v2\/product\/8770\/revisions"}],"predecessor-version":[{"id":8834,"href":"https:\/\/arben-vision.com\/de\/wp-json\/wp\/v2\/product\/8770\/revisions\/8834"}],"wp:featuredmedia":[{"embeddable":true,"href":"https:\/\/arben-vision.com\/de\/wp-json\/wp\/v2\/media\/8771"}],"wp:attachment":[{"href":"https:\/\/arben-vision.com\/de\/wp-json\/wp\/v2\/media?parent=8770"}],"wp:term":[{"taxonomy":"product_brand","embeddable":true,"href":"https:\/\/arben-vision.com\/de\/wp-json\/wp\/v2\/product_brand?post=8770"},{"taxonomy":"product_cat","embeddable":true,"href":"https:\/\/arben-vision.com\/de\/wp-json\/wp\/v2\/product_cat?post=8770"},{"taxonomy":"product_tag","embeddable":true,"href":"https:\/\/arben-vision.com\/de\/wp-json\/wp\/v2\/product_tag?post=8770"}],"curies":[{"name":"wp","href":"https:\/\/api.w.org\/{rel}","templated":true}]}}