{"id":8763,"date":"2025-07-28T13:29:53","date_gmt":"2025-07-28T13:29:53","guid":{"rendered":"https:\/\/arben-vision.com\/?post_type=product&#038;p=8763"},"modified":"2025-07-28T13:39:34","modified_gmt":"2025-07-28T13:39:34","slug":"direct-drive-transparent-screen-series-rental","status":"publish","type":"product","link":"https:\/\/arben-vision.com\/de\/produkt\/direct-drive-transparent-screen-series-rental\/","title":{"rendered":"Transparentes Sieb mit Direktantrieb - Vermietung"},"content":{"rendered":"<p><strong>Produktvorteil<\/strong><br \/>\n1. Branchenweit erstes holografisches transparentes Display mit gleichem Pixelabstand, das im Vergleich zu transparenten Rasterbildschirmen eine doppelt so hohe Klarheit bietet.<br \/>\n2. Branchenexklusiver, ma\u00dfgeschneiderter Treiberchip speziell f\u00fcr holografische, transparente Bildschirme mit extrem hoher Zuverl\u00e4ssigkeit; mit modernster 7680Hz-Technologie, die die Anforderungen f\u00fcr virtuelle Aufnahmen auf XR-Niveau erf\u00fcllt.<br \/>\n3. Einzigartig in der Branche, integriert jede Box ein Single-Chip-Steuersystem, l\u00e4uft das intelligente Betriebssystem Linux, und nimmt einen kosteng\u00fcnstigen Ersatz f\u00fcr Gigabit-Netzwerkkabel-Verbindung, hohe Anpassungsanforderungen in verschiedenen Szenarien zu erf\u00fcllen.<br \/>\n4. Ausgestattet mit einem standardm\u00e4\u00dfigen 15\u00b0 gebogenen Schnellverschluss und zugfesten oberen und unteren Schnellverschl\u00fcssen, die eine 90\u00b0 rechtwinklige Splei\u00dfung erm\u00f6glichen; einfach zu montieren und schnell zu installieren.<\/p>\n<p><strong>Technische Parameter<\/strong><\/p>\n<table width=\"731\">\n<tbody>\n<tr>\n<td width=\"72\">Modell<\/td>\n<td width=\"149\">Pixel-Abstand<\/td>\n<td width=\"72\">Typ der Lampe<\/td>\n<td width=\"112\">Gr\u00f6\u00dfe der Schachtel (cm)<\/td>\n<td width=\"72\">Bildpunkte<\/td>\n<td width=\"110\">Helligkeit (nits\/m)<\/td>\n<td width=\"72\">Transparenz<\/td>\n<td width=\"72\">Scan-Nummer<\/td>\n<\/tr>\n<tr>\n<td>R2.6-W<\/td>\n<td>2.6<\/td>\n<td>1010<\/td>\n<td>100&#215;50<\/td>\n<td>384&#215;192<\/td>\n<td>4200<\/td>\n<td>36%<\/td>\n<td>24<\/td>\n<\/tr>\n<tr>\n<td>R3.91-W<\/td>\n<td>3.91<\/td>\n<td>1415<\/td>\n<td>100&#215;50<\/td>\n<td>256&#215;128<\/td>\n<td>4800<\/td>\n<td>50%<\/td>\n<td>16<\/td>\n<\/tr>\n<tr>\n<td>R4.81-W<\/td>\n<td>4.81<\/td>\n<td>1415<\/td>\n<td>100&#215;50<\/td>\n<td>208&#215;104<\/td>\n<td>4500<\/td>\n<td>50%<\/td>\n<td>13<\/td>\n<\/tr>\n<\/tbody>\n<\/table>","protected":false},"excerpt":{"rendered":"<p><strong data-sourcepos=\"3:1-3:35\">Ideal f\u00fcr dynamische Veranstaltungsabl\u00e4ufe<\/strong>Transparente LED-Bildschirme mit Direktantrieb bieten <strong data-sourcepos=\"3:80-3:111\">hohe Transparenz (55%-80%)<\/strong> w\u00e4hrend der Lieferung <strong data-sourcepos=\"3:129-3:171\">lebendiges Bild \u22654.500 nits Helligkeit<\/strong>und sorgen f\u00fcr eine nahtlose Integration mit Glasstrukturen und architektonischen Elementen. Diese f\u00fcr die Mieteffizienz konzipierten Bildschirme bieten <strong data-sourcepos=\"3:307-3:337\">ultraleichte Schr\u00e4nke<\/strong> (bis zu 8,5 kg\/m\u00b2) und werkzeuglos <strong data-sourcepos=\"3:373-3:391\">Magnetschl\u00f6sser<\/strong> f\u00fcr eine schnelle Installation. Ihr <strong data-sourcepos=\"3:422-3:440\">modulare Konstruktion<\/strong> unterst\u00fctzt gebogene (\u00b115\u00b0 Bogen) oder 90\u00b0 abgewinkelte Konfigurationen und erm\u00f6glicht so kreative Displays bei Konzerten, Ausstellungen und im Einzelhandel. Mit <strong data-sourcepos=\"3:575-3:602\">Wasserdichtigkeit IP65\/IP66<\/strong>, <strong data-sourcepos=\"3:604-3:637\">Wartungszugang vorne\/hinten<\/strong>und energieeffizientem Betrieb kombinieren sie Langlebigkeit mit Plug-and-Play-Vielseitigkeit f\u00fcr tempor\u00e4re Installationen mit hohem Wirkungsgrad.<\/p>","protected":false},"featured_media":8764,"template":"","meta":[],"product_brand":[],"product_cat":[149],"product_tag":[],"class_list":{"0":"post-8763","1":"product","2":"type-product","3":"status-publish","4":"has-post-thumbnail","6":"product_cat-direct-drive-leds","8":"first","9":"instock","10":"shipping-taxable","11":"product-type-simple"},"_links":{"self":[{"href":"https:\/\/arben-vision.com\/de\/wp-json\/wp\/v2\/product\/8763","targetHints":{"allow":["GET"]}}],"collection":[{"href":"https:\/\/arben-vision.com\/de\/wp-json\/wp\/v2\/product"}],"about":[{"href":"https:\/\/arben-vision.com\/de\/wp-json\/wp\/v2\/types\/product"}],"version-history":[{"count":3,"href":"https:\/\/arben-vision.com\/de\/wp-json\/wp\/v2\/product\/8763\/revisions"}],"predecessor-version":[{"id":8833,"href":"https:\/\/arben-vision.com\/de\/wp-json\/wp\/v2\/product\/8763\/revisions\/8833"}],"wp:featuredmedia":[{"embeddable":true,"href":"https:\/\/arben-vision.com\/de\/wp-json\/wp\/v2\/media\/8764"}],"wp:attachment":[{"href":"https:\/\/arben-vision.com\/de\/wp-json\/wp\/v2\/media?parent=8763"}],"wp:term":[{"taxonomy":"product_brand","embeddable":true,"href":"https:\/\/arben-vision.com\/de\/wp-json\/wp\/v2\/product_brand?post=8763"},{"taxonomy":"product_cat","embeddable":true,"href":"https:\/\/arben-vision.com\/de\/wp-json\/wp\/v2\/product_cat?post=8763"},{"taxonomy":"product_tag","embeddable":true,"href":"https:\/\/arben-vision.com\/de\/wp-json\/wp\/v2\/product_tag?post=8763"}],"curies":[{"name":"wp","href":"https:\/\/api.w.org\/{rel}","templated":true}]}}