{"id":8755,"date":"2025-07-28T12:43:32","date_gmt":"2025-07-28T12:43:32","guid":{"rendered":"https:\/\/arben-vision.com\/?post_type=product&#038;p=8755"},"modified":"2025-07-28T13:38:49","modified_gmt":"2025-07-28T13:38:49","slug":"direct-drive-transparent-screen-series-fixed-installation","status":"publish","type":"product","link":"https:\/\/arben-vision.com\/de\/produkt\/direct-drive-transparent-screen-series-fixed-installation\/","title":{"rendered":"Direktantrieb f\u00fcr transparente Bildschirme - Serie mit festem Einbau"},"content":{"rendered":"<p>Produktvorteile<br \/>\n1. Verst\u00e4rkte Profil-Box, st\u00e4rker als Druckguss-Box, Anti-Verzerrung, Lager 750 kg Zugfestigkeit.<br \/>\n2. Holografisches transparentes Display mit gleichem Pixelabstand, doppelt so klar wie ein transparenter Bildschirm mit Gitter.<br \/>\n3. Kundenspezifischer Treiber-Chip f\u00fcr holografischen transparenten Bildschirm, mit Helligkeit gr\u00f6\u00dfer als 4500 und Bildwiederholfrequenz gr\u00f6\u00dfer als 5760Hz.<br \/>\n4. Schnelle Installation, einfache Wartung, hohe Kosten Leistung.<\/p>\n<pre id=\"tw-target-text\" class=\"tw-data-text tw-text-large tw-ta\" dir=\"ltr\" data-placeholder=\"\u7ffb\u8bd1\" data-ved=\"2ahUKEwi_rIWUyN-OAxVQcfUHHV91D_0Q3ewLegQIDRAV\" aria-label=\"\u8bd1\u6587\uff1aModell Pixelabstand Lampentyp Kastengr\u00f6\u00dfe (cm) Pixel Helligkeit (nits\/m) Transparenz Scan-Nummer Technische Parameter\"><strong><span class=\"Y2IQFc\" lang=\"en\">Technische Parameter<\/span><\/strong><\/pre>\n<table width=\"731\">\n<tbody>\n<tr>\n<td width=\"72\">Modell<\/td>\n<td width=\"149\">Pixel-Abstand<\/td>\n<td width=\"72\">Typ der Lampe<\/td>\n<td width=\"112\">Gr\u00f6\u00dfe der Schachtel (cm)<\/td>\n<td width=\"72\">Bildpunkte<\/td>\n<td width=\"110\">Helligkeit (nits\/m)<\/td>\n<td width=\"72\">Transparenz<\/td>\n<td width=\"72\">Scan-Nummer<\/td>\n<\/tr>\n<tr>\n<td>G4.8IW<\/td>\n<td>4.81<\/td>\n<td>1921<\/td>\n<td>100X50<\/td>\n<td>208&#215;104<\/td>\n<td>4500<\/td>\n<td>40%<\/td>\n<td>13<\/td>\n<\/tr>\n<\/tbody>\n<\/table>","protected":false},"excerpt":{"rendered":"<p>Die <strong data-start=\"71\" data-end=\"113\">Direct Drive Transparent Screen Serie<\/strong> ist ein fortschrittliches Produkt, das die innovative Direktantriebstechnologie mit einer hochtransparenten Display-L\u00f6sung verbindet. Es wird haupts\u00e4chlich f\u00fcr kommerzielle Displays, Schaufensterwerbung, Ausstellungsaufbauten und B\u00fchnendekoration verwendet. Diese Serie verzichtet auf das traditionelle Treiber-IC-Layout und verwendet ein Direktantriebsdesign, das die \u00dcbertragungswege effektiv reduziert, die Reaktionsgeschwindigkeit verbessert und die Stabilit\u00e4t des Displays erh\u00f6ht.<\/p>","protected":false},"featured_media":8756,"template":"","meta":[],"product_brand":[],"product_cat":[149],"product_tag":[],"class_list":{"0":"post-8755","1":"product","2":"type-product","3":"status-publish","4":"has-post-thumbnail","6":"product_cat-direct-drive-leds","8":"first","9":"instock","10":"shipping-taxable","11":"product-type-simple"},"_links":{"self":[{"href":"https:\/\/arben-vision.com\/de\/wp-json\/wp\/v2\/product\/8755","targetHints":{"allow":["GET"]}}],"collection":[{"href":"https:\/\/arben-vision.com\/de\/wp-json\/wp\/v2\/product"}],"about":[{"href":"https:\/\/arben-vision.com\/de\/wp-json\/wp\/v2\/types\/product"}],"version-history":[{"count":8,"href":"https:\/\/arben-vision.com\/de\/wp-json\/wp\/v2\/product\/8755\/revisions"}],"predecessor-version":[{"id":8758,"href":"https:\/\/arben-vision.com\/de\/wp-json\/wp\/v2\/product\/8755\/revisions\/8758"}],"wp:featuredmedia":[{"embeddable":true,"href":"https:\/\/arben-vision.com\/de\/wp-json\/wp\/v2\/media\/8756"}],"wp:attachment":[{"href":"https:\/\/arben-vision.com\/de\/wp-json\/wp\/v2\/media?parent=8755"}],"wp:term":[{"taxonomy":"product_brand","embeddable":true,"href":"https:\/\/arben-vision.com\/de\/wp-json\/wp\/v2\/product_brand?post=8755"},{"taxonomy":"product_cat","embeddable":true,"href":"https:\/\/arben-vision.com\/de\/wp-json\/wp\/v2\/product_cat?post=8755"},{"taxonomy":"product_tag","embeddable":true,"href":"https:\/\/arben-vision.com\/de\/wp-json\/wp\/v2\/product_tag?post=8755"}],"curies":[{"name":"wp","href":"https:\/\/api.w.org\/{rel}","templated":true}]}}