{"id":8537,"date":"2025-06-18T02:34:34","date_gmt":"2025-06-18T02:34:34","guid":{"rendered":"https:\/\/arben-vision.com\/?post_type=product&#038;p=8537"},"modified":"2025-07-28T12:25:55","modified_gmt":"2025-07-28T12:25:55","slug":"indoor-creative-led-display-black-diamond-series","status":"publish","type":"product","link":"https:\/\/arben-vision.com\/de\/produkt\/indoor-creative-led-display-black-diamond-series\/","title":{"rendered":"Kreative LED-Anzeige f\u00fcr den Innenbereich \/ Black Diamond Series"},"content":{"rendered":"<div data-elementor-type=\"product-post\" data-elementor-id=\"8537\" class=\"elementor elementor-8537\" data-elementor-settings=\"{&quot;element_pack_global_tooltip_width&quot;:{&quot;unit&quot;:&quot;px&quot;,&quot;size&quot;:&quot;&quot;,&quot;sizes&quot;:[]},&quot;element_pack_global_tooltip_width_tablet&quot;:{&quot;unit&quot;:&quot;px&quot;,&quot;size&quot;:&quot;&quot;,&quot;sizes&quot;:[]},&quot;element_pack_global_tooltip_width_mobile&quot;:{&quot;unit&quot;:&quot;px&quot;,&quot;size&quot;:&quot;&quot;,&quot;sizes&quot;:[]},&quot;element_pack_global_tooltip_padding&quot;:{&quot;unit&quot;:&quot;px&quot;,&quot;top&quot;:&quot;&quot;,&quot;right&quot;:&quot;&quot;,&quot;bottom&quot;:&quot;&quot;,&quot;left&quot;:&quot;&quot;,&quot;isLinked&quot;:true},&quot;element_pack_global_tooltip_padding_tablet&quot;:{&quot;unit&quot;:&quot;px&quot;,&quot;top&quot;:&quot;&quot;,&quot;right&quot;:&quot;&quot;,&quot;bottom&quot;:&quot;&quot;,&quot;left&quot;:&quot;&quot;,&quot;isLinked&quot;:true},&quot;element_pack_global_tooltip_padding_mobile&quot;:{&quot;unit&quot;:&quot;px&quot;,&quot;top&quot;:&quot;&quot;,&quot;right&quot;:&quot;&quot;,&quot;bottom&quot;:&quot;&quot;,&quot;left&quot;:&quot;&quot;,&quot;isLinked&quot;:true},&quot;element_pack_global_tooltip_border_radius&quot;:{&quot;unit&quot;:&quot;px&quot;,&quot;top&quot;:&quot;&quot;,&quot;right&quot;:&quot;&quot;,&quot;bottom&quot;:&quot;&quot;,&quot;left&quot;:&quot;&quot;,&quot;isLinked&quot;:true},&quot;element_pack_global_tooltip_border_radius_tablet&quot;:{&quot;unit&quot;:&quot;px&quot;,&quot;top&quot;:&quot;&quot;,&quot;right&quot;:&quot;&quot;,&quot;bottom&quot;:&quot;&quot;,&quot;left&quot;:&quot;&quot;,&quot;isLinked&quot;:true},&quot;element_pack_global_tooltip_border_radius_mobile&quot;:{&quot;unit&quot;:&quot;px&quot;,&quot;top&quot;:&quot;&quot;,&quot;right&quot;:&quot;&quot;,&quot;bottom&quot;:&quot;&quot;,&quot;left&quot;:&quot;&quot;,&quot;isLinked&quot;:true}}\" data-elementor-post-type=\"product\">\n\t\t\t\t\t\t<section class=\"elementor-section elementor-top-section elementor-element elementor-element-689cf8b4 elementor-section-boxed elementor-section-height-default elementor-section-height-default sc_fly_static\" data-id=\"689cf8b4\" data-element_type=\"section\">\n\t\t\t\t\t\t<div class=\"elementor-container elementor-column-gap-extended\">\n\t\t\t\t\t<div class=\"elementor-column elementor-col-100 elementor-top-column elementor-element elementor-element-3ad0909c sc_content_align_inherit sc_layouts_column_icons_position_left sc_fly_static\" data-id=\"3ad0909c\" data-element_type=\"column\">\n\t\t\t<div class=\"elementor-widget-wrap elementor-element-populated\">\n\t\t\t\t\t\t<div class=\"elementor-element elementor-element-174c875 sc_fly_static elementor-widget elementor-widget-text-editor\" data-id=\"174c875\" data-element_type=\"widget\" data-widget_type=\"text-editor.default\">\n\t\t\t\t<div class=\"elementor-widget-container\">\n\t\t\t\t\t\t\t\t\t<p>Produktvorteil<\/p>\t\t\t\t\t\t\t\t<\/div>\n\t\t\t\t<\/div>\n\t\t\t\t<div class=\"elementor-element elementor-element-b4edabb elementor-widget-divider--view-line sc_fly_static elementor-widget elementor-widget-divider\" data-id=\"b4edabb\" data-element_type=\"widget\" data-widget_type=\"divider.default\">\n\t\t\t\t<div class=\"elementor-widget-container\">\n\t\t\t\t\t\t\t<div class=\"elementor-divider\">\n\t\t\t<span class=\"elementor-divider-separator\">\n\t\t\t\t\t\t<\/span>\n\t\t<\/div>\n\t\t\t\t\t\t<\/div>\n\t\t\t\t<\/div>\n\t\t\t\t<section class=\"elementor-section elementor-inner-section elementor-element elementor-element-4433ee6 elementor-section-boxed elementor-section-height-default elementor-section-height-default sc_fly_static\" data-id=\"4433ee6\" data-element_type=\"section\">\n\t\t\t\t\t\t<div class=\"elementor-container elementor-column-gap-narrow\">\n\t\t\t\t\t<div class=\"elementor-column elementor-col-50 elementor-inner-column elementor-element elementor-element-5321879 sc_content_align_inherit sc_layouts_column_icons_position_left sc_fly_static\" data-id=\"5321879\" data-element_type=\"column\">\n\t\t\t<div class=\"elementor-widget-wrap elementor-element-populated\">\n\t\t\t\t\t\t<div class=\"elementor-element elementor-element-12148f9 sc_fly_static elementor-widget elementor-widget-image\" data-id=\"12148f9\" data-element_type=\"widget\" data-widget_type=\"image.default\">\n\t\t\t\t<div class=\"elementor-widget-container\">\n\t\t\t\t\t\t\t\t\t\t\t\t\t\t\t<img fetchpriority=\"high\" decoding=\"async\" width=\"1024\" height=\"509\" src=\"https:\/\/arben-vision.com\/wp-content\/uploads\/2025\/06\/2-1024x509.jpg\" class=\"attachment-large size-large wp-image-8664\" alt=\"\" srcset=\"https:\/\/arben-vision.com\/wp-content\/uploads\/2025\/06\/2-1024x509.jpg 1024w, https:\/\/arben-vision.com\/wp-content\/uploads\/2025\/06\/2-300x149.jpg 300w, https:\/\/arben-vision.com\/wp-content\/uploads\/2025\/06\/2-768x382.jpg 768w, https:\/\/arben-vision.com\/wp-content\/uploads\/2025\/06\/2-1536x764.jpg 1536w, https:\/\/arben-vision.com\/wp-content\/uploads\/2025\/06\/2-18x9.jpg 18w, https:\/\/arben-vision.com\/wp-content\/uploads\/2025\/06\/2-370x184.jpg 370w, https:\/\/arben-vision.com\/wp-content\/uploads\/2025\/06\/2-840x418.jpg 840w, https:\/\/arben-vision.com\/wp-content\/uploads\/2025\/06\/2-410x204.jpg 410w, https:\/\/arben-vision.com\/wp-content\/uploads\/2025\/06\/2-600x298.jpg 600w, https:\/\/arben-vision.com\/wp-content\/uploads\/2025\/06\/2.jpg 1738w\" sizes=\"(max-width: 1024px) 100vw, 1024px\" \/>\t\t\t\t\t\t\t\t\t\t\t\t\t\t\t<\/div>\n\t\t\t\t<\/div>\n\t\t\t\t<div class=\"elementor-element elementor-element-02a50b4 sc_fly_static elementor-widget elementor-widget-text-editor\" data-id=\"02a50b4\" data-element_type=\"widget\" data-widget_type=\"text-editor.default\">\n\t\t\t\t<div class=\"elementor-widget-container\">\n\t\t\t\t\t\t\t\t\tUltra-schlankes Geh\u00e4use: 4,8 kg Gewicht, 40 mm Dicke.\t\t\t\t\t\t\t\t<\/div>\n\t\t\t\t<\/div>\n\t\t\t\t\t<\/div>\n\t\t<\/div>\n\t\t\t\t<div class=\"elementor-column elementor-col-50 elementor-inner-column elementor-element elementor-element-4dc6ff6 sc_content_align_inherit sc_layouts_column_icons_position_left sc_fly_static\" data-id=\"4dc6ff6\" data-element_type=\"column\">\n\t\t\t<div class=\"elementor-widget-wrap elementor-element-populated\">\n\t\t\t\t\t\t<div class=\"elementor-element elementor-element-3ae707b sc_fly_static elementor-widget elementor-widget-image\" data-id=\"3ae707b\" data-element_type=\"widget\" data-widget_type=\"image.default\">\n\t\t\t\t<div class=\"elementor-widget-container\">\n\t\t\t\t\t\t\t\t\t\t\t\t\t\t\t<img decoding=\"async\" width=\"1681\" height=\"864\" src=\"https:\/\/arben-vision.com\/wp-content\/uploads\/2025\/06\/3.jpg\" class=\"attachment-2048x2048 size-2048x2048 wp-image-8665\" alt=\"\" srcset=\"https:\/\/arben-vision.com\/wp-content\/uploads\/2025\/06\/3.jpg 1681w, https:\/\/arben-vision.com\/wp-content\/uploads\/2025\/06\/3-300x154.jpg 300w, https:\/\/arben-vision.com\/wp-content\/uploads\/2025\/06\/3-1024x526.jpg 1024w, https:\/\/arben-vision.com\/wp-content\/uploads\/2025\/06\/3-768x395.jpg 768w, https:\/\/arben-vision.com\/wp-content\/uploads\/2025\/06\/3-1536x789.jpg 1536w, https:\/\/arben-vision.com\/wp-content\/uploads\/2025\/06\/3-18x9.jpg 18w, https:\/\/arben-vision.com\/wp-content\/uploads\/2025\/06\/3-370x190.jpg 370w, https:\/\/arben-vision.com\/wp-content\/uploads\/2025\/06\/3-840x432.jpg 840w, https:\/\/arben-vision.com\/wp-content\/uploads\/2025\/06\/3-410x211.jpg 410w, https:\/\/arben-vision.com\/wp-content\/uploads\/2025\/06\/3-600x308.jpg 600w\" sizes=\"(max-width: 1681px) 100vw, 1681px\" \/>\t\t\t\t\t\t\t\t\t\t\t\t\t\t\t<\/div>\n\t\t\t\t<\/div>\n\t\t\t\t<div class=\"elementor-element elementor-element-75a5e0a sc_fly_static elementor-widget elementor-widget-text-editor\" data-id=\"75a5e0a\" data-element_type=\"widget\" data-widget_type=\"text-editor.default\">\n\t\t\t\t<div class=\"elementor-widget-container\">\n\t\t\t\t\t\t\t\t\t45\u00b0 abgeschr\u00e4gte Kanten f\u00fcr nahtloses rechtwinkliges Splei\u00dfen.\n\n\t\t\t\t\t\t\t\t<\/div>\n\t\t\t\t<\/div>\n\t\t\t\t\t<\/div>\n\t\t<\/div>\n\t\t\t\t\t<\/div>\n\t\t<\/section>\n\t\t\t\t<section class=\"elementor-section elementor-inner-section elementor-element elementor-element-70e4b8e elementor-section-boxed elementor-section-height-default elementor-section-height-default sc_fly_static\" data-id=\"70e4b8e\" data-element_type=\"section\">\n\t\t\t\t\t\t<div class=\"elementor-container elementor-column-gap-extended\">\n\t\t\t\t\t<div class=\"elementor-column elementor-col-50 elementor-inner-column elementor-element elementor-element-38a8db0 sc_content_align_inherit sc_layouts_column_icons_position_left sc_fly_static\" data-id=\"38a8db0\" data-element_type=\"column\">\n\t\t\t<div class=\"elementor-widget-wrap elementor-element-populated\">\n\t\t\t\t\t\t<div class=\"elementor-element elementor-element-6db1b04 sc_fly_static elementor-widget elementor-widget-image\" data-id=\"6db1b04\" data-element_type=\"widget\" data-widget_type=\"image.default\">\n\t\t\t\t<div class=\"elementor-widget-container\">\n\t\t\t\t\t\t\t\t\t\t\t\t\t\t\t<img decoding=\"async\" width=\"1024\" height=\"510\" src=\"https:\/\/arben-vision.com\/wp-content\/uploads\/2025\/06\/4-1024x510.jpg\" class=\"attachment-large size-large wp-image-8666\" alt=\"\" srcset=\"https:\/\/arben-vision.com\/wp-content\/uploads\/2025\/06\/4-1024x510.jpg 1024w, https:\/\/arben-vision.com\/wp-content\/uploads\/2025\/06\/4-300x149.jpg 300w, https:\/\/arben-vision.com\/wp-content\/uploads\/2025\/06\/4-768x382.jpg 768w, https:\/\/arben-vision.com\/wp-content\/uploads\/2025\/06\/4-1536x764.jpg 1536w, https:\/\/arben-vision.com\/wp-content\/uploads\/2025\/06\/4-18x9.jpg 18w, https:\/\/arben-vision.com\/wp-content\/uploads\/2025\/06\/4-370x184.jpg 370w, https:\/\/arben-vision.com\/wp-content\/uploads\/2025\/06\/4-840x418.jpg 840w, https:\/\/arben-vision.com\/wp-content\/uploads\/2025\/06\/4-410x204.jpg 410w, https:\/\/arben-vision.com\/wp-content\/uploads\/2025\/06\/4-600x299.jpg 600w, https:\/\/arben-vision.com\/wp-content\/uploads\/2025\/06\/4.jpg 1738w\" sizes=\"(max-width: 1024px) 100vw, 1024px\" \/>\t\t\t\t\t\t\t\t\t\t\t\t\t\t\t<\/div>\n\t\t\t\t<\/div>\n\t\t\t\t<div class=\"elementor-element elementor-element-e1c7831 sc_fly_static elementor-widget elementor-widget-text-editor\" data-id=\"e1c7831\" data-element_type=\"widget\" data-widget_type=\"text-editor.default\">\n\t\t\t\t<div class=\"elementor-widget-container\">\n\t\t\t\t\t\t\t\t\tDruckguss + stranggepresstes Aluminium, flexible Gr\u00f6\u00dfen.\n\n\t\t\t\t\t\t\t\t<\/div>\n\t\t\t\t<\/div>\n\t\t\t\t\t<\/div>\n\t\t<\/div>\n\t\t\t\t<div class=\"elementor-column elementor-col-50 elementor-inner-column elementor-element elementor-element-46fdda2 sc_content_align_inherit sc_layouts_column_icons_position_left sc_fly_static\" data-id=\"46fdda2\" data-element_type=\"column\">\n\t\t\t<div class=\"elementor-widget-wrap elementor-element-populated\">\n\t\t\t\t\t\t<div class=\"elementor-element elementor-element-2a829e0 sc_fly_static elementor-widget elementor-widget-image\" data-id=\"2a829e0\" data-element_type=\"widget\" data-widget_type=\"image.default\">\n\t\t\t\t<div class=\"elementor-widget-container\">\n\t\t\t\t\t\t\t\t\t\t\t\t\t\t\t<img loading=\"lazy\" decoding=\"async\" width=\"1024\" height=\"526\" src=\"https:\/\/arben-vision.com\/wp-content\/uploads\/2025\/06\/5-1024x526.jpg\" class=\"attachment-large size-large wp-image-8667\" alt=\"\" srcset=\"https:\/\/arben-vision.com\/wp-content\/uploads\/2025\/06\/5-1024x526.jpg 1024w, https:\/\/arben-vision.com\/wp-content\/uploads\/2025\/06\/5-300x154.jpg 300w, https:\/\/arben-vision.com\/wp-content\/uploads\/2025\/06\/5-768x395.jpg 768w, https:\/\/arben-vision.com\/wp-content\/uploads\/2025\/06\/5-1536x789.jpg 1536w, https:\/\/arben-vision.com\/wp-content\/uploads\/2025\/06\/5-18x9.jpg 18w, https:\/\/arben-vision.com\/wp-content\/uploads\/2025\/06\/5-370x190.jpg 370w, https:\/\/arben-vision.com\/wp-content\/uploads\/2025\/06\/5-840x432.jpg 840w, https:\/\/arben-vision.com\/wp-content\/uploads\/2025\/06\/5-410x211.jpg 410w, https:\/\/arben-vision.com\/wp-content\/uploads\/2025\/06\/5-600x308.jpg 600w, https:\/\/arben-vision.com\/wp-content\/uploads\/2025\/06\/5.jpg 1683w\" sizes=\"(max-width: 1024px) 100vw, 1024px\" \/>\t\t\t\t\t\t\t\t\t\t\t\t\t\t\t<\/div>\n\t\t\t\t<\/div>\n\t\t\t\t<div class=\"elementor-element elementor-element-55bb77e sc_fly_static elementor-widget elementor-widget-text-editor\" data-id=\"55bb77e\" data-element_type=\"widget\" data-widget_type=\"text-editor.default\">\n\t\t\t\t<div class=\"elementor-widget-container\">\n\t\t\t\t\t\t\t\t\tEinfach zu installieren und zu warten.\n\n\t\t\t\t\t\t\t\t<\/div>\n\t\t\t\t<\/div>\n\t\t\t\t\t<\/div>\n\t\t<\/div>\n\t\t\t\t\t<\/div>\n\t\t<\/section>\n\t\t\t\t\t<\/div>\n\t\t<\/div>\n\t\t\t\t\t<\/div>\n\t\t<\/section>\n\t\t\t\t<section class=\"elementor-section elementor-top-section elementor-element elementor-element-f9fc263 elementor-section-boxed elementor-section-height-default elementor-section-height-default sc_fly_static\" data-id=\"f9fc263\" data-element_type=\"section\">\n\t\t\t\t\t\t<div class=\"elementor-container elementor-column-gap-extended\">\n\t\t\t\t\t<div class=\"elementor-column elementor-col-100 elementor-top-column elementor-element elementor-element-33d9e21 sc_content_align_inherit sc_layouts_column_icons_position_left sc_fly_static\" data-id=\"33d9e21\" data-element_type=\"column\">\n\t\t\t<div class=\"elementor-widget-wrap elementor-element-populated\">\n\t\t\t\t\t\t<div class=\"elementor-element elementor-element-10d299b sc_fly_static elementor-widget elementor-widget-text-editor\" data-id=\"10d299b\" data-element_type=\"widget\" data-widget_type=\"text-editor.default\">\n\t\t\t\t<div class=\"elementor-widget-container\">\n\t\t\t\t\t\t\t\t\t<p>Anwendungsszenario<\/p>\t\t\t\t\t\t\t\t<\/div>\n\t\t\t\t<\/div>\n\t\t\t\t<div class=\"elementor-element elementor-element-15c33f7 elementor-widget-divider--view-line sc_fly_static elementor-widget elementor-widget-divider\" data-id=\"15c33f7\" data-element_type=\"widget\" data-widget_type=\"divider.default\">\n\t\t\t\t<div class=\"elementor-widget-container\">\n\t\t\t\t\t\t\t<div class=\"elementor-divider\">\n\t\t\t<span class=\"elementor-divider-separator\">\n\t\t\t\t\t\t<\/span>\n\t\t<\/div>\n\t\t\t\t\t\t<\/div>\n\t\t\t\t<\/div>\n\t\t\t\t<section class=\"elementor-section elementor-inner-section elementor-element elementor-element-05690a4 elementor-section-boxed elementor-section-height-default elementor-section-height-default sc_fly_static\" data-id=\"05690a4\" data-element_type=\"section\">\n\t\t\t\t\t\t<div class=\"elementor-container elementor-column-gap-narrow\">\n\t\t\t\t\t<div class=\"elementor-column elementor-col-50 elementor-inner-column elementor-element elementor-element-e68fa9e sc_content_align_inherit sc_layouts_column_icons_position_left sc_fly_static\" data-id=\"e68fa9e\" data-element_type=\"column\">\n\t\t\t<div class=\"elementor-widget-wrap elementor-element-populated\">\n\t\t\t\t\t\t<div class=\"elementor-element elementor-element-16fdefe sc_fly_static elementor-widget elementor-widget-image\" data-id=\"16fdefe\" data-element_type=\"widget\" data-widget_type=\"image.default\">\n\t\t\t\t<div class=\"elementor-widget-container\">\n\t\t\t\t\t\t\t\t\t\t\t\t\t\t\t<img loading=\"lazy\" decoding=\"async\" width=\"1024\" height=\"612\" src=\"https:\/\/arben-vision.com\/wp-content\/uploads\/2025\/06\/6-1024x612.jpg\" class=\"attachment-large size-large wp-image-8668\" alt=\"\" srcset=\"https:\/\/arben-vision.com\/wp-content\/uploads\/2025\/06\/6-1024x612.jpg 1024w, https:\/\/arben-vision.com\/wp-content\/uploads\/2025\/06\/6-300x179.jpg 300w, https:\/\/arben-vision.com\/wp-content\/uploads\/2025\/06\/6-768x459.jpg 768w, https:\/\/arben-vision.com\/wp-content\/uploads\/2025\/06\/6-18x12.jpg 18w, https:\/\/arben-vision.com\/wp-content\/uploads\/2025\/06\/6-370x221.jpg 370w, https:\/\/arben-vision.com\/wp-content\/uploads\/2025\/06\/6-840x502.jpg 840w, https:\/\/arben-vision.com\/wp-content\/uploads\/2025\/06\/6-410x245.jpg 410w, https:\/\/arben-vision.com\/wp-content\/uploads\/2025\/06\/6-600x359.jpg 600w, https:\/\/arben-vision.com\/wp-content\/uploads\/2025\/06\/6.jpg 1422w\" sizes=\"(max-width: 1024px) 100vw, 1024px\" \/>\t\t\t\t\t\t\t\t\t\t\t\t\t\t\t<\/div>\n\t\t\t\t<\/div>\n\t\t\t\t\t<\/div>\n\t\t<\/div>\n\t\t\t\t<div class=\"elementor-column elementor-col-50 elementor-inner-column elementor-element elementor-element-ca27ace sc_content_align_inherit sc_layouts_column_icons_position_left sc_fly_static\" data-id=\"ca27ace\" data-element_type=\"column\">\n\t\t\t<div class=\"elementor-widget-wrap elementor-element-populated\">\n\t\t\t\t\t\t<div class=\"elementor-element elementor-element-158aa2e sc_fly_static elementor-widget elementor-widget-image\" data-id=\"158aa2e\" data-element_type=\"widget\" data-widget_type=\"image.default\">\n\t\t\t\t<div class=\"elementor-widget-container\">\n\t\t\t\t\t\t\t\t\t\t\t\t\t\t\t<img loading=\"lazy\" decoding=\"async\" width=\"1425\" height=\"852\" src=\"https:\/\/arben-vision.com\/wp-content\/uploads\/2025\/06\/7.jpg\" class=\"attachment-2048x2048 size-2048x2048 wp-image-8669\" alt=\"\" srcset=\"https:\/\/arben-vision.com\/wp-content\/uploads\/2025\/06\/7.jpg 1425w, https:\/\/arben-vision.com\/wp-content\/uploads\/2025\/06\/7-300x179.jpg 300w, https:\/\/arben-vision.com\/wp-content\/uploads\/2025\/06\/7-1024x612.jpg 1024w, https:\/\/arben-vision.com\/wp-content\/uploads\/2025\/06\/7-768x459.jpg 768w, https:\/\/arben-vision.com\/wp-content\/uploads\/2025\/06\/7-18x12.jpg 18w, https:\/\/arben-vision.com\/wp-content\/uploads\/2025\/06\/7-370x221.jpg 370w, https:\/\/arben-vision.com\/wp-content\/uploads\/2025\/06\/7-840x502.jpg 840w, https:\/\/arben-vision.com\/wp-content\/uploads\/2025\/06\/7-410x245.jpg 410w, https:\/\/arben-vision.com\/wp-content\/uploads\/2025\/06\/7-600x359.jpg 600w\" sizes=\"(max-width: 1425px) 100vw, 1425px\" \/>\t\t\t\t\t\t\t\t\t\t\t\t\t\t\t<\/div>\n\t\t\t\t<\/div>\n\t\t\t\t\t<\/div>\n\t\t<\/div>\n\t\t\t\t\t<\/div>\n\t\t<\/section>\n\t\t\t\t\t<\/div>\n\t\t<\/div>\n\t\t\t\t\t<\/div>\n\t\t<\/section>\n\t\t\t\t<section class=\"elementor-section elementor-top-section elementor-element elementor-element-4f3b67e elementor-section-boxed elementor-section-height-default elementor-section-height-default sc_fly_static\" data-id=\"4f3b67e\" data-element_type=\"section\">\n\t\t\t\t\t\t<div class=\"elementor-container elementor-column-gap-extended\">\n\t\t\t\t\t<div class=\"elementor-column elementor-col-100 elementor-top-column elementor-element elementor-element-aceab58 sc_content_align_inherit sc_layouts_column_icons_position_left sc_fly_static\" data-id=\"aceab58\" data-element_type=\"column\">\n\t\t\t<div class=\"elementor-widget-wrap elementor-element-populated\">\n\t\t\t\t\t\t<div class=\"elementor-element elementor-element-41f3c34 sc_fly_static elementor-widget elementor-widget-text-editor\" data-id=\"41f3c34\" data-element_type=\"widget\" data-widget_type=\"text-editor.default\">\n\t\t\t\t<div class=\"elementor-widget-container\">\n\t\t\t\t\t\t\t\t\tTechnische Parameter\t\t\t\t\t\t\t\t<\/div>\n\t\t\t\t<\/div>\n\t\t\t\t<div class=\"elementor-element elementor-element-ab6e808 elementor-widget-divider--view-line sc_fly_static elementor-widget elementor-widget-divider\" data-id=\"ab6e808\" data-element_type=\"widget\" data-widget_type=\"divider.default\">\n\t\t\t\t<div class=\"elementor-widget-container\">\n\t\t\t\t\t\t\t<div class=\"elementor-divider\">\n\t\t\t<span class=\"elementor-divider-separator\">\n\t\t\t\t\t\t<\/span>\n\t\t<\/div>\n\t\t\t\t\t\t<\/div>\n\t\t\t\t<\/div>\n\t\t\t\t<div class=\"elementor-element elementor-element-bc842d3 sc_fly_static elementor-widget elementor-widget-text-editor\" data-id=\"bc842d3\" data-element_type=\"widget\" data-widget_type=\"text-editor.default\">\n\t\t\t\t<div class=\"elementor-widget-container\">\n\t\t\t\t\t\t\t\t\t<table><tbody><tr><th>Spezifikation<\/th><th>P1.953<\/th><th>P2.5<\/th><\/tr><tr><td>LED-Konfiguration<\/td><td>3 in 1<\/td><td>3 in 1<\/td><\/tr><tr><td>LED-Typ<\/td><td>SMD 1515<\/td><td>SMD 1515<\/td><\/tr><tr><td>Helligkeit<\/td><td>\u2265800 nit<\/td><td>\u22651000 nit<\/td><\/tr><tr><td>Graustufen<\/td><td>14-16 Bit<\/td><td>14-16 Bit<\/td><\/tr><tr><td>Aktualisierungsrate<\/td><td>3840 Hz<\/td><td>3840 Hz<\/td><\/tr><tr><td>Pixel-Dichte (Punkte\/m\u00b2)<\/td><td>262,144<\/td><td>160,000<\/td><\/tr><tr><td>Kontrastverh\u00e4ltnis<\/td><td>5000:1<\/td><td>5000:1<\/td><\/tr><tr><td>Gr\u00f6\u00dfe des Geh\u00e4uses (mm)<\/td><td>1000\/750\/500 \u00d7 250<\/td><td>1000\/750\/500 \u00d7 250<\/td><\/tr><tr><td>Modulgr\u00f6\u00dfe (mm)<\/td><td>250 \u00d7 250<\/td><td>250 \u00d7 250<\/td><\/tr><tr><td>Gewicht pro Kabinett (kg)<\/td><td>4.8<\/td><td>4.8<\/td><\/tr><tr><td>Ebenheitstoleranz (mm)<\/td><td>&lt;0.1<\/td><td>&lt;0.1<\/td><\/tr><tr><td>Lebenserwartung (Stunden)<\/td><td>\u2265100,000<\/td><td>\u2265100,000<\/td><\/tr><tr><td>Betrachtungswinkel (H\u00b0\/V\u00b0)<\/td><td>160 \/ 160<\/td><td>160 \/ 160<\/td><\/tr><tr><td>Leistungsaufnahme in der Spitze<\/td><td>550 W\/m\u00b2<\/td><td>478 W\/m\u00b2<\/td><\/tr><tr><td>Durchschnittlicher Stromverbrauch<\/td><td>182 W\/m\u00b2<\/td><td>158 W\/m\u00b2<\/td><\/tr><tr><td>\u00a0<\/td><\/tr><\/tbody><\/table>\t\t\t\t\t\t\t\t<\/div>\n\t\t\t\t<\/div>\n\t\t\t\t\t<\/div>\n\t\t<\/div>\n\t\t\t\t\t<\/div>\n\t\t<\/section>\n\t\t\t\t<\/div>","protected":false},"excerpt":{"rendered":"<p>Die Black Diamond-Serie ist eine kreative High-End-LED-Display-L\u00f6sung f\u00fcr den Innenbereich, die auf flexible Installationsszenarien, \u00fcberragende Bildqualit\u00e4t und eine leichte Bauweise zugeschnitten ist. Diese Serie eignet sich ideal f\u00fcr kommerzielle Displays, Ausstellungsr\u00e4ume und immersive visuelle Umgebungen und kombiniert elegante \u00c4sthetik mit robuster Leistung.<\/p>","protected":false},"featured_media":8662,"template":"","meta":[],"product_brand":[],"product_cat":[124],"product_tag":[],"class_list":{"0":"post-8537","1":"product","2":"type-product","3":"status-publish","4":"has-post-thumbnail","6":"product_cat-indoor-fine-pitch-leds","8":"first","9":"instock","10":"shipping-taxable","11":"product-type-simple"},"_links":{"self":[{"href":"https:\/\/arben-vision.com\/de\/wp-json\/wp\/v2\/product\/8537","targetHints":{"allow":["GET"]}}],"collection":[{"href":"https:\/\/arben-vision.com\/de\/wp-json\/wp\/v2\/product"}],"about":[{"href":"https:\/\/arben-vision.com\/de\/wp-json\/wp\/v2\/types\/product"}],"version-history":[{"count":10,"href":"https:\/\/arben-vision.com\/de\/wp-json\/wp\/v2\/product\/8537\/revisions"}],"predecessor-version":[{"id":8752,"href":"https:\/\/arben-vision.com\/de\/wp-json\/wp\/v2\/product\/8537\/revisions\/8752"}],"wp:featuredmedia":[{"embeddable":true,"href":"https:\/\/arben-vision.com\/de\/wp-json\/wp\/v2\/media\/8662"}],"wp:attachment":[{"href":"https:\/\/arben-vision.com\/de\/wp-json\/wp\/v2\/media?parent=8537"}],"wp:term":[{"taxonomy":"product_brand","embeddable":true,"href":"https:\/\/arben-vision.com\/de\/wp-json\/wp\/v2\/product_brand?post=8537"},{"taxonomy":"product_cat","embeddable":true,"href":"https:\/\/arben-vision.com\/de\/wp-json\/wp\/v2\/product_cat?post=8537"},{"taxonomy":"product_tag","embeddable":true,"href":"https:\/\/arben-vision.com\/de\/wp-json\/wp\/v2\/product_tag?post=8537"}],"curies":[{"name":"wp","href":"https:\/\/api.w.org\/{rel}","templated":true}]}}