{"id":999,"date":"2022-09-08T19:30:15","date_gmt":"2022-09-08T19:30:15","guid":{"rendered":"http:\/\/arben-vision.com\/?page_id=999"},"modified":"2025-03-14T08:04:11","modified_gmt":"2025-03-14T08:04:11","slug":"privacy-policy","status":"publish","type":"page","link":"https:\/\/arben-vision.com\/de\/privacy-policy\/","title":{"rendered":"Datenschutzbestimmungen"},"content":{"rendered":"<div data-elementor-type=\"wp-page\" data-elementor-id=\"999\" class=\"elementor elementor-999\" data-elementor-settings=\"{&quot;element_pack_global_tooltip_width&quot;:{&quot;unit&quot;:&quot;px&quot;,&quot;size&quot;:&quot;&quot;,&quot;sizes&quot;:[]},&quot;element_pack_global_tooltip_width_tablet&quot;:{&quot;unit&quot;:&quot;px&quot;,&quot;size&quot;:&quot;&quot;,&quot;sizes&quot;:[]},&quot;element_pack_global_tooltip_width_mobile&quot;:{&quot;unit&quot;:&quot;px&quot;,&quot;size&quot;:&quot;&quot;,&quot;sizes&quot;:[]},&quot;element_pack_global_tooltip_padding&quot;:{&quot;unit&quot;:&quot;px&quot;,&quot;top&quot;:&quot;&quot;,&quot;right&quot;:&quot;&quot;,&quot;bottom&quot;:&quot;&quot;,&quot;left&quot;:&quot;&quot;,&quot;isLinked&quot;:true},&quot;element_pack_global_tooltip_padding_tablet&quot;:{&quot;unit&quot;:&quot;px&quot;,&quot;top&quot;:&quot;&quot;,&quot;right&quot;:&quot;&quot;,&quot;bottom&quot;:&quot;&quot;,&quot;left&quot;:&quot;&quot;,&quot;isLinked&quot;:true},&quot;element_pack_global_tooltip_padding_mobile&quot;:{&quot;unit&quot;:&quot;px&quot;,&quot;top&quot;:&quot;&quot;,&quot;right&quot;:&quot;&quot;,&quot;bottom&quot;:&quot;&quot;,&quot;left&quot;:&quot;&quot;,&quot;isLinked&quot;:true},&quot;element_pack_global_tooltip_border_radius&quot;:{&quot;unit&quot;:&quot;px&quot;,&quot;top&quot;:&quot;&quot;,&quot;right&quot;:&quot;&quot;,&quot;bottom&quot;:&quot;&quot;,&quot;left&quot;:&quot;&quot;,&quot;isLinked&quot;:true},&quot;element_pack_global_tooltip_border_radius_tablet&quot;:{&quot;unit&quot;:&quot;px&quot;,&quot;top&quot;:&quot;&quot;,&quot;right&quot;:&quot;&quot;,&quot;bottom&quot;:&quot;&quot;,&quot;left&quot;:&quot;&quot;,&quot;isLinked&quot;:true},&quot;element_pack_global_tooltip_border_radius_mobile&quot;:{&quot;unit&quot;:&quot;px&quot;,&quot;top&quot;:&quot;&quot;,&quot;right&quot;:&quot;&quot;,&quot;bottom&quot;:&quot;&quot;,&quot;left&quot;:&quot;&quot;,&quot;isLinked&quot;:true}}\" data-elementor-post-type=\"page\">\n\t\t\t\t\t\t<section class=\"elementor-section elementor-top-section elementor-element elementor-element-59b9c442 elementor-section-boxed elementor-section-height-default elementor-section-height-default sc_fly_static\" data-id=\"59b9c442\" data-element_type=\"section\" data-settings=\"{&quot;background_background&quot;:&quot;classic&quot;}\">\n\t\t\t\t\t\t<div class=\"elementor-container elementor-column-gap-extended\">\n\t\t\t\t\t<div class=\"elementor-column elementor-col-100 elementor-top-column elementor-element elementor-element-7e7d2714 sc_content_align_inherit sc_layouts_column_icons_position_left sc_fly_static\" data-id=\"7e7d2714\" data-element_type=\"column\">\n\t\t\t<div class=\"elementor-widget-wrap elementor-element-populated\">\n\t\t\t\t\t\t<div class=\"elementor-element elementor-element-7437a8de sc_fly_static elementor-widget elementor-widget-text-editor\" data-id=\"7437a8de\" data-element_type=\"widget\" data-widget_type=\"text-editor.default\">\n\t\t\t\t<div class=\"elementor-widget-container\">\n\t\t\t\t\t\t\t\t\t<section id=\"sectionIdtk5i9cm\" class=\"section-container-wrap-block\" data-section=\"section\" data-screen=\"screen-large\"><div class=\"layout\"><p>Diese Datenschutzrichtlinie beschreibt, wie Ihre pers\u00f6nlichen Daten gesammelt, verwendet und weitergegeben werden, wenn Sie http:\/\/arben-vision.com\/ besuchen oder dort einkaufen.<br \/>http:\/\/arben-vision.com\/ verpflichtet sich, Ihre Privatsph\u00e4re zu sch\u00fctzen und eine sichere Online-Umgebung f\u00fcr alle Benutzer zu schaffen. Mit dieser Richtlinie m\u00f6chten wir Sie dar\u00fcber informieren, wie Ihre pers\u00f6nlichen Daten gesammelt, verwendet und weitergegeben werden, wenn Sie http:\/\/arben-vision.com\/ besuchen oder dort einkaufen. Es ist unsere Aufgabe und Verpflichtung, die Privatsph\u00e4re aller Nutzer zu sch\u00fctzen.<\/p><h1><b>1.\u00a0<\/b><strong><b>WELCHE PERSONENBEZOGENEN DATEN SAMMELN WIR?<\/b><\/strong><\/h1><p>Wenn Sie die Website besuchen, erfassen wir automatisch bestimmte Informationen \u00fcber Ihr Ger\u00e4t, einschlie\u00dflich Informationen \u00fcber Ihren Webbrowser, Ihre IP-Adresse, Ihre Zeitzone und einige der Cookies, die auf Ihrem Ger\u00e4t installiert sind. Wenn Sie auf der Website surfen, erfassen wir au\u00dferdem Informationen \u00fcber die einzelnen Webseiten oder Produkte, die Sie sich ansehen, welche Websites oder Suchbegriffe Sie auf die Website verwiesen haben, und Informationen dar\u00fcber, wie Sie mit der Website interagieren. Wir bezeichnen diese automatisch gesammelten Informationen als \"Ger\u00e4teinformationen\".<br \/><br \/>Wir erfassen Ger\u00e4teinformationen mithilfe der folgenden Technologien:<br \/><br \/>- Cookies\" sind Datendateien, die auf Ihrem Ger\u00e4t oder Computer abgelegt werden und oft eine anonyme eindeutige Kennung enthalten. Weitere Informationen \u00fcber Cookies und wie Sie Cookies deaktivieren k\u00f6nnen, finden Sie unter http:\/\/www.allaboutcookies.org.<br \/><br \/>- Logdateien\" verfolgen die Aktionen auf der Website und erfassen Daten wie Ihre IP-Adresse, den Browsertyp, den Internetdienstanbieter, die Verweis- und Ausgangsseiten sowie Datums- und Zeitstempel.<br \/><br \/>- \"Web Beacons\", \"Tags\" und \"Pixel\" sind elektronische Dateien, die dazu dienen, Informationen dar\u00fcber aufzuzeichnen, wie Sie auf der Website surfen.<br \/><br \/>Wenn Sie einen Kauf t\u00e4tigen oder versuchen, einen Kauf \u00fcber die Website zu t\u00e4tigen, erfassen wir au\u00dferdem bestimmte Informationen von Ihnen, einschlie\u00dflich Ihres Namens, Ihrer Rechnungsadresse, Ihrer Lieferadresse, Ihrer Zahlungsinformationen (einschlie\u00dflich Kreditkartennummern), Ihrer E-Mail-Adresse und Ihrer Telefonnummer. Wir bezeichnen diese Informationen als \"Bestellinformationen\".<br \/><br \/>Wenn wir in dieser Datenschutzrichtlinie von \"pers\u00f6nlichen Daten\" sprechen, meinen wir damit sowohl Ger\u00e4te- als auch Bestelldaten.<\/p><h1><b>2.\u00a0<\/b><strong><b>GEBEN WIR PERSONENBEZOGENE DATEN WEITER?<\/b><\/strong><\/h1><p>Wir verwenden die von uns gesammelten Bestellinformationen im Allgemeinen, um die \u00fcber die Website aufgegebenen Bestellungen auszuf\u00fchren (einschlie\u00dflich der Verarbeitung Ihrer Zahlungsinformationen, der Organisation des Versands und der Zusendung von Rechnungen und\/oder Auftragsbest\u00e4tigungen). Au\u00dferdem verwenden wir diese Bestellinformationen, um:<br \/><br \/>- Mit Ihnen kommunizieren;<br \/><br \/>- \u00dcberpr\u00fcfung unserer Bestellungen auf potenzielle Risiken oder Betrug;<br \/><br \/>- Wenn es den Pr\u00e4ferenzen entspricht, die Sie uns mitgeteilt haben, k\u00f6nnen wir Ihnen Informationen oder Werbung zu unseren Produkten oder Dienstleistungen zukommen lassen.<br \/><br \/>Wir verwenden die gesammelten Ger\u00e4tedaten, um uns dabei zu helfen, potenzielle Risiken und Betrug zu erkennen (insbesondere Ihre IP-Adresse), und ganz allgemein, um unsere Website zu verbessern und zu optimieren (z. B. durch die Erstellung von Analysen dar\u00fcber, wie unsere Kunden auf der Website surfen und mit ihr interagieren, und um den Erfolg unserer Marketing- und Werbekampagnen zu bewerten).<\/p><h1><b>3.\u00a0<\/b><strong><b>GEBEN WIR PERSONENBEZOGENE DATEN WEITER?<\/b><\/strong><\/h1><p>Wir verkaufen, vermieten, verpachten oder geben Ihre pers\u00f6nlichen Daten nicht an Dritte weiter.<\/p><h1><b>4.\u00a0<\/b><strong><b>\u00c4NDERUNGEN<\/b><\/strong><\/h1><p>Wir behalten uns vor, diese Datenschutzrichtlinie von Zeit zu Zeit zu aktualisieren, um z. B. \u00c4nderungen unserer Praktiken oder anderen betrieblichen, rechtlichen oder regulatorischen Gr\u00fcnden Rechnung zu tragen.<\/p><h1><b>5.\u00a0<\/b><strong><b>KONTAKT US<\/b><\/strong><\/h1><p>Wenn Sie weitere Informationen \u00fcber unsere Datenschutzpraktiken w\u00fcnschen, Fragen haben oder eine Beschwerde einreichen m\u00f6chten, kontaktieren Sie uns bitte per E-Mail unter lynn.zhang@ntprkj.com.<\/p><\/div><\/section>\t\t\t\t\t\t\t\t<\/div>\n\t\t\t\t<\/div>\n\t\t\t\t\t<\/div>\n\t\t<\/div>\n\t\t\t\t\t<\/div>\n\t\t<\/section>\n\t\t\t\t<\/div>","protected":false},"excerpt":{"rendered":"<p>Diese Datenschutzrichtlinie beschreibt, wie Ihre pers\u00f6nlichen Daten gesammelt, verwendet und weitergegeben werden, wenn Sie http:\/\/arben-vision.com\/.http:\/\/arben-vision.com\/ besuchen oder dort einkaufen...<\/p>","protected":false},"author":1,"featured_media":0,"parent":0,"menu_order":0,"comment_status":"closed","ping_status":"closed","template":"","meta":{"footnotes":""},"class_list":["post-999","page","type-page","status-publish","hentry"],"_links":{"self":[{"href":"https:\/\/arben-vision.com\/de\/wp-json\/wp\/v2\/pages\/999","targetHints":{"allow":["GET"]}}],"collection":[{"href":"https:\/\/arben-vision.com\/de\/wp-json\/wp\/v2\/pages"}],"about":[{"href":"https:\/\/arben-vision.com\/de\/wp-json\/wp\/v2\/types\/page"}],"author":[{"embeddable":true,"href":"https:\/\/arben-vision.com\/de\/wp-json\/wp\/v2\/users\/1"}],"replies":[{"embeddable":true,"href":"https:\/\/arben-vision.com\/de\/wp-json\/wp\/v2\/comments?post=999"}],"version-history":[{"count":3,"href":"https:\/\/arben-vision.com\/de\/wp-json\/wp\/v2\/pages\/999\/revisions"}],"predecessor-version":[{"id":7597,"href":"https:\/\/arben-vision.com\/de\/wp-json\/wp\/v2\/pages\/999\/revisions\/7597"}],"wp:attachment":[{"href":"https:\/\/arben-vision.com\/de\/wp-json\/wp\/v2\/media?parent=999"}],"curies":[{"name":"wp","href":"https:\/\/api.w.org\/{rel}","templated":true}]}}